{"id":2268,"date":"2024-06-17T12:00:26","date_gmt":"2024-06-17T11:00:26","guid":{"rendered":"https:\/\/dermaaestheticslondon.com\/wordpress\/endolift-london\/"},"modified":"2025-01-30T12:57:17","modified_gmt":"2025-01-30T12:57:17","slug":"endolift-london","status":"publish","type":"page","link":"https:\/\/dermaaestheticslondon.com\/pt\/endolift-london\/","title":{"rendered":"Endolift Londres"},"content":{"rendered":"<p>Com&nbsp;<strong>Endolift Londres<\/strong>, voc\u00ea pode ver todos os benef\u00edcios de um lifting cir\u00fargico sem o tempo de inatividade. Fale com os especialistas da Derma Aesthetics London sobre como esse tratamento pode ajudar voc\u00ea a ver resultados imediatos e de longo prazo.&nbsp;<\/p>\n\n\n\n<p>O&nbsp;<a href=\"\/pt\/treatments\/endolift\/\" data-type=\"treatment\" data-id=\"2202\">Endolift<\/a>&nbsp;procedimento \u00e9 um tratamento n\u00e3o cir\u00fargico relativamente novo que atua como um tratamento de lifting e endurecimento da pele. Ele tamb\u00e9m funciona para derreter gordura teimosa sob o queixo e em outras \u00e1reas do corpo, tornando-o um \u00f3timo tratamento de redu\u00e7\u00e3o de gordura tamb\u00e9m.&nbsp;<\/p>\n\n\n\n<p>Com um curso de tratamento Endolift, podemos ajudar a contornar e rejuvenescer \u00e1reas onde o processo natural de envelhecimento deixou pele fl\u00e1cida e bolsas de gordura excessiva. Como resultado, voc\u00ea ver\u00e1 uma apar\u00eancia mais jovem e radiante.&nbsp;<\/p>\n\n\n\n<p>Na Derma Aesthetics London, voc\u00ea estar\u00e1 nas m\u00e3os seguras de profissionais m\u00e9dicos que podem ajudar voc\u00ea a atingir a apar\u00eancia desejada de forma segura e eficaz. Quer voc\u00ea queira reduzir o excesso de gordura, combater linhas e rugas ou esticar o excesso de pele, podemos ajudar voc\u00ea a chegar l\u00e1 com o tratamento Endolift.&nbsp;<\/p>\n\n\n\n<p><a href=\"https:\/\/dermaaestheticslondon.com\/pt\/contact\/\">AGENDAR UMA CONSULTA<\/a><\/p>\n\n\n\n<figure class=\"wp-block-image size-full\"><img decoding=\"async\" width=\"602\" height=\"602\" src=\"https:\/\/dermaaestheticslondon.com\/wordpress\/wp-content\/uploads\/2024\/04\/endolift-london-before-after.webp\" alt=\"endolift london before after\" class=\"wp-image-2205\" srcset=\"https:\/\/dermaaestheticslondon.com\/wordpress\/wp-content\/uploads\/2024\/04\/endolift-london-before-after.webp 602w, https:\/\/dermaaestheticslondon.com\/wordpress\/wp-content\/uploads\/2024\/04\/endolift-london-before-after-300x300.webp 300w, https:\/\/dermaaestheticslondon.com\/wordpress\/wp-content\/uploads\/2024\/04\/endolift-london-before-after-150x150.webp 150w\" sizes=\"(max-width: 602px) 100vw, 602px\" \/><figcaption class=\"wp-element-caption\">Endolift London \u2013 antes \/ depois<\/figcaption><\/figure>\n\n\n\n<h2 class=\"wp-block-heading\" id=\"what-is-endolift-treatment\">O que \u00e9 o tratamento Endolift?<\/h2>\n\n\n\n<p>\u00c0s vezes, mesmo que voc\u00ea tenha um estilo de vida ativo e siga uma dieta saud\u00e1vel, ainda poder\u00e1 ver \u00e1reas de excesso de gordura que n\u00e3o desaparecem.<\/p>\n\n\n\n<p>Embora outros tratamentos de escultura corporal possam ajudar com isso, eles n\u00e3o podem ajudar com outros problemas de pele. Esses s\u00e3o problemas que podem surgir com o processo de envelhecimento, como flacidez moderada da pele, flacidez da pele e textura irregular da pele. \u00c9 aqui que os procedimentos Endolift podem ajudar.&nbsp;<\/p>\n\n\n\n<p>O tratamento Endolift \u00e9 um procedimento a laser minimamente invasivo. A energia do laser \u00e9 projetada para atingir e reduzir o excesso de c\u00e9lulas de gordura e flacidez da pele em \u00e1reas espec\u00edficas do rosto e pesco\u00e7o.&nbsp;<\/p>\n\n\n\n<p>Comparado com liftings cir\u00fargicos, o tratamento Endolift fornece resultados de endurecimento e rejuvenescimento da pele sem a necessidade de incis\u00f5es ou tempo de inatividade. Ele tamb\u00e9m tem como alvo as camadas superficiais da pele e as camadas profundas da pele. Isso ajuda a estimular a produ\u00e7\u00e3o de col\u00e1geno, o que ajuda a reduzir rugas, linhas finas e flacidez da pele.&nbsp;<\/p>\n\n\n\n<h2 class=\"wp-block-heading\" id=\"the-benefits-of-endolift-london\">Os benef\u00edcios do Endolift London<\/h2>\n\n\n\n<ul class=\"wp-block-list\">\n<li>\u00c9 um&nbsp;<strong>tratamento a laser inovador<\/strong>&nbsp;que atua como uma alternativa aos liftings cir\u00fargicos ou lipoaspira\u00e7\u00e3o. Ajuda a remodelar as camadas profundas e superficiais da pele<\/li>\n\n\n\n<li><strong>Aumenta a produ\u00e7\u00e3o de col\u00e1geno<\/strong>&nbsp;\u2013 usando calor seletivo induzido por laser para atingir as camadas mais profundas da pele. Isso estimula novo col\u00e1geno na pele, que por sua vez aperta e firma a pele<\/li>\n\n\n\n<li><strong>Endurecimento do tecido cut\u00e2neo<\/strong>&nbsp;\u2013 o calor da energia do laser tamb\u00e9m faz com que as fibras de col\u00e1geno existentes se contraiam. O resultado \u2013 voc\u00ea ver\u00e1 um endurecimento imediato da pele criado.<\/li>\n\n\n\n<li><strong>Redu\u00e7\u00e3o de gordura<\/strong>&nbsp;\u2013 atinge e derrete a gordura persistente de \u00e1reas onde \u00e9 dif\u00edcil perder gordura, como queixo duplo e papada.<\/li>\n\n\n\n<li><strong>Melhora a textura da sua pele<\/strong>&nbsp;\u2013 ajuda a suavizar a textura da pele, reduzindo linhas, rugas e outros sinais vis\u00edveis de envelhecimento.<\/li>\n<\/ul>\n\n\n\n<h3 class=\"wp-block-heading\" id=\"where-can-i-have-the-endolift-skin-tightening-treatment\">Onde posso fazer o tratamento de endurecimento da pele Endolift?<\/h3>\n\n\n\n<p>Endolift \u00e9 um tratamento vers\u00e1til que usamos para ajudar a tratar diferentes \u00e1reas do rosto e do corpo. \u00c9 mais ben\u00e9fico para \u00e1reas que est\u00e3o passando por flacidez de pele baixa a m\u00e9dia e bolsas de gordura teimosas. Elas incluem:<\/p>\n\n\n\n<ul class=\"wp-block-list\">\n<li>Face m\u00e9dia e inferior<\/li>\n\n\n\n<li>Abaixo do queixo e da linha do maxilar<\/li>\n\n\n\n<li>Regi\u00e3o da testa e sobrancelhas<\/li>\n\n\n\n<li>Pesco\u00e7o<\/li>\n\n\n\n<li>Abd\u00f4men<\/li>\n\n\n\n<li>Parte interna das coxas<\/li>\n\n\n\n<li>Bra\u00e7os superiores<\/li>\n\n\n\n<li>Joelhos<\/li>\n\n\n\n<li>Tornozelos<\/li>\n<\/ul>\n\n\n\n<p>Voc\u00ea ver\u00e1 que os resultados do Endolift parecem mais naturais do que outros tratamentos mais invasivos. Por que n\u00e3o dar uma olhada em nosso\u00a0<a href=\"https:\/\/dermaaestheticslondon.com\/pt\/treatments\/endolift\/\" data-type=\"treatment\" data-id=\"2202\">p\u00e1gina de tratamento<\/a>\u00a0para algumas fotos impressionantes de antes e depois do Endolift?\u00a0<\/p>\n\n\n\n<p>\u00c9 importante notar que o Endolift n\u00e3o foi projetado para remover grandes quantidades de excesso de gordura do corpo humano. Ele tamb\u00e9m n\u00e3o est\u00e1 aqui para substituir uma boa alimenta\u00e7\u00e3o e exerc\u00edcios. Se essa \u00e9 sua preocupa\u00e7\u00e3o, fale com seu GP local.<\/p>\n\n\n\n<h2 class=\"wp-block-heading\" id=\"how-does-the-endolift-procedure-work\">Como funciona o procedimento Endolift?<\/h2>\n\n\n\n<p>Voc\u00ea far\u00e1 seu tratamento Endolift em nossa cl\u00ednica em Londres com um de nossos m\u00e9dicos. O tratamento usa um dispositivo port\u00e1til que tem uma fibra de laser, que \u00e9 t\u00e3o fina quanto um cabelo, que inserimos sob a pele.&nbsp;<\/p>\n\n\n\n<p>Em seguida, o calor seletivo induzido pelo laser derrete a gordura, que sai dos orif\u00edcios de entrada microsc\u00f3picos na \u00e1rea tratada. Isso leva \u00e0 retra\u00e7\u00e3o imediata da pele, o que reduz a flacidez da pele. O endurecimento da pele criado por esse tratamento est\u00e1 ligado \u00e0 seletividade da energia do laser que usamos no tratamento.<\/p>\n\n\n\n<p>A dura\u00e7\u00e3o do tratamento depender\u00e1 de quantas \u00e1reas de tratamento voc\u00ea est\u00e1 recebendo. Pode ser t\u00e3o r\u00e1pido quanto 10 minutos para uma \u00e1rea do rosto ou at\u00e9 uma hora para o rosto inteiro. A boa not\u00edcia \u00e9 que h\u00e1 um tempo de inatividade m\u00ednimo, ent\u00e3o voc\u00ea pode retornar \u00e0s atividades normais em algumas horas.<\/p>\n\n\n\n<h2 class=\"wp-block-heading\" id=\"what-results-can-i-expect\">Que resultados posso esperar?<\/h2>\n\n\n\n<p>A maioria dos pacientes v\u00ea resultados vis\u00edveis do seu tratamento Endolift imediatamente. Eles continuar\u00e3o a melhorar ao longo de v\u00e1rios meses, pois o novo col\u00e1geno continuar\u00e1 a crescer nas camadas mais profundas da pele. O resultado final geralmente \u00e9 seis meses ap\u00f3s o seu tratamento.&nbsp;<\/p>\n\n\n\n<p>Alguns pacientes requerem apenas um tratamento; no entanto, outros podem precisar de um curso de tratamento para ver os melhores resultados de redu\u00e7\u00e3o de gordura e endurecimento da pele. Seu m\u00e9dico discutir\u00e1 isso durante sua consulta e desenvolver\u00e1 um plano de tratamento personalizado que funcionar\u00e1 para voc\u00ea.&nbsp;<\/p>\n\n\n\n<p>Seus resultados podem durar de 1 a 2 anos, ou at\u00e9 mais. No entanto, isso depender\u00e1 de v\u00e1rios fatores. Isso inclui sua idade, estilo de vida, condi\u00e7\u00e3o da pele e quanta exposi\u00e7\u00e3o ao sol voc\u00ea tem. Embora o tratamento produza novo col\u00e1geno na pele, ele n\u00e3o interromper\u00e1 o processo de envelhecimento, o que ao longo do tempo pode impactar seus resultados.<\/p>\n\n\n\n<h2 class=\"wp-block-heading\" id=\"choose-the-experts-in-skin-tightening-and-skin-rejuvenation-in-london\">Escolha os especialistas em Rejuvenescimento e firmeza da pele em Londres<\/h2>\n\n\n\n<p>Para os melhores tratamentos n\u00e3o cir\u00fargicos em Londres, n\u00e3o procure mais do que os especialistas da Derma Aesthetics London. Nossa equipe de profissionais cosm\u00e9ticos tem anos de experi\u00eancia em ajudar pacientes a obter resultados ideais. Podemos ajudar voc\u00ea a ver uma pele que parece mais firme, mais jovem e mais radiante do que antes.&nbsp;<\/p>\n\n\n\n<p>Temos uma abordagem pessoal \u00e0 maneira como tratamos cada paciente. Isso come\u00e7a com uma consulta aprofundada, onde podemos avaliar sua pele, seu hist\u00f3rico m\u00e9dico e conversar com voc\u00ea sobre o que voc\u00ea espera alcan\u00e7ar.&nbsp;<\/p>\n\n\n\n<p>A maioria dos pacientes \u00e9 adequada para o tratamento Endolift. No entanto, se voc\u00ea estiver gr\u00e1vida, amamentando, tiver uma infec\u00e7\u00e3o de pele ou estiver tomando antibi\u00f3ticos, recomendaremos um curso alternativo de tratamento. Se voc\u00ea estiver pronto para dar os pr\u00f3ximos passos, entre em contato com nossa equipe em Londres hoje mesmo.&nbsp;<\/p>\n\n\n\n<p><a href=\"https:\/\/dermaaestheticslondon.com\/pt\/contact\/\">ENTRE EM CONTATO<\/a><\/p>\n\n\n\n<h2 class=\"wp-block-heading\" id=\"how-to-find-our-clinic-in-central-london\">Como encontrar nossa cl\u00ednica no centro de Londres<\/h2>\n\n\n\n<p>A cl\u00ednica Derma Aesthetics London fica na Harley Street, que \u00e9 o lar de v\u00e1rios especialistas em sa\u00fade privada e medicina est\u00e9tica. Tamb\u00e9m estamos a uma curta caminhada da Oxford Street, ent\u00e3o voc\u00ea pode se deliciar com algumas compras ap\u00f3s o tratamento.&nbsp;<\/p>\n\n\n\n<p>Estamos a dez minutos de caminhada da Esta\u00e7\u00e3o de Metr\u00f4 Oxford Circus. Se voc\u00ea estiver viajando de carro, h\u00e1 amplo estacionamento com parqu\u00edmetro dispon\u00edvel na Harley Street.&nbsp;<\/p>\n\n\n\n<h3 class=\"wp-block-heading\" id=\"address\">Endere\u00e7o<\/h3>\n\n\n\n<p>39 Harley St, Londres, W1G 8QH<\/p>\n\n\n<style><\/style><style><\/style>\n<iframe src=\"https:\/\/www.google.com\/maps\/embed?pb=!1m14!1m8!1m3!1d9930.899153256332!2d-0.1468513!3d51.5182649!3m2!1i1024!2i768!4f13.1!3m3!1m2!1s0x487611e416322439%3A0xb84cf932b11cbe62!2sDerma%20Aesthetics%20London!5e0!3m2!1sen!2suk!4v1699790340707!5m2!1sen!2suk\" width=\"600\" height=\"450\" style=\"border:0;\" allowfullscreen=\"\" loading=\"lazy\" referrerpolicy=\"no-referrer-when-downgrade\"><\/iframe>","protected":false},"excerpt":{"rendered":"<p>Endolift London \u00e9 um novo tipo de tratamento a laser. Ele funciona para apertar e firmar a pele, enquanto tamb\u00e9m reduz \u00e1reas de gordura. Entre em contato com nossa cl\u00ednica hoje mesmo.<\/p>","protected":false},"author":2,"featured_media":2205,"parent":0,"menu_order":70,"comment_status":"closed","ping_status":"closed","template":"","meta":{"_gspb_post_css":"","pgc_sgb_lightbox_settings":"","footnotes":""},"class_list":["post-2268","page","type-page","status-publish","has-post-thumbnail","hentry"],"blocksy_meta":{"page_structure_type":"type-1","styles_descriptor":{"styles":{"desktop":"","tablet":"","mobile":""},"google_fonts":[],"version":6}},"_links":{"self":[{"href":"https:\/\/dermaaestheticslondon.com\/pt\/wp-json\/wp\/v2\/pages\/2268","targetHints":{"allow":["GET"]}}],"collection":[{"href":"https:\/\/dermaaestheticslondon.com\/pt\/wp-json\/wp\/v2\/pages"}],"about":[{"href":"https:\/\/dermaaestheticslondon.com\/pt\/wp-json\/wp\/v2\/types\/page"}],"author":[{"embeddable":true,"href":"https:\/\/dermaaestheticslondon.com\/pt\/wp-json\/wp\/v2\/users\/2"}],"replies":[{"embeddable":true,"href":"https:\/\/dermaaestheticslondon.com\/pt\/wp-json\/wp\/v2\/comments?post=2268"}],"version-history":[{"count":7,"href":"https:\/\/dermaaestheticslondon.com\/pt\/wp-json\/wp\/v2\/pages\/2268\/revisions"}],"predecessor-version":[{"id":2469,"href":"https:\/\/dermaaestheticslondon.com\/pt\/wp-json\/wp\/v2\/pages\/2268\/revisions\/2469"}],"wp:featuredmedia":[{"embeddable":true,"href":"https:\/\/dermaaestheticslondon.com\/pt\/wp-json\/wp\/v2\/media\/2205"}],"wp:attachment":[{"href":"https:\/\/dermaaestheticslondon.com\/pt\/wp-json\/wp\/v2\/media?parent=2268"}],"curies":[{"name":"wp","href":"https:\/\/api.w.org\/{rel}","templated":true}]}}