{"id":2272,"date":"2024-01-31T12:40:27","date_gmt":"2024-01-31T12:40:27","guid":{"rendered":"https:\/\/dermaaestheticslondon.com\/wordpress\/non-surgical-rhinoplasty-london\/"},"modified":"2025-01-30T13:07:36","modified_gmt":"2025-01-30T13:07:36","slug":"non-surgical-rhinoplasty-london","status":"publish","type":"page","link":"https:\/\/dermaaestheticslondon.com\/pt\/non-surgical-rhinoplasty-london\/","title":{"rendered":"Rinoplastia n\u00e3o cir\u00fargica Londres"},"content":{"rendered":"<p>Voc\u00ea gostaria de mudar o formato do seu nariz, mas n\u00e3o quer fazer uma cirurgia para isso? Na Derma Aesthetics London, temos a solu\u00e7\u00e3o. Tenha o nariz que voc\u00ea sempre sonhou com&nbsp;<strong>rinoplastia n\u00e3o cir\u00fargica em Londres<\/strong>.<\/p>\n\n\n\n<p>Uma rinoplastia n\u00e3o cir\u00fargica, tamb\u00e9m conhecida como rinoplastia l\u00edquida, usa preenchimento d\u00e9rmico para ajudar a reduzir uma protuber\u00e2ncia na sua ponte nasal ou remodelar uma ponta nasal. Com preenchimentos nasais, voc\u00ea pode obter resultados de apar\u00eancia natural sem a longa cirurgia ou a necessidade de tempo de inatividade.&nbsp;<\/p>\n\n\n\n<p>Escolha os especialistas em&nbsp;<a href=\"\/pt\/treatments\/non-surgical-rhinoplasty\/\" data-type=\"treatment\" data-id=\"1340\">rinoplastia n\u00e3o cir\u00fargica<\/a>. Na Derma Aesthetics London, voc\u00ea estar\u00e1 nas m\u00e3os de dois profissionais treinados \u2013 Dr. Raja e Cleo Medeiros. Ambos t\u00eam anos de experi\u00eancia em fornecer tratamentos de preenchimento d\u00e9rmico. N\u00e3o importa o que voc\u00ea queira alcan\u00e7ar com uma rinoplastia n\u00e3o cir\u00fargica, n\u00f3s podemos ajudar.&nbsp;<\/p>\n\n\n\n<p>Voc\u00ea est\u00e1 pronto para saber mais sobre nosso tratamento de rinoplastia n\u00e3o cir\u00fargica? Comece entrando em contato com nossa cl\u00ednica em Londres hoje mesmo.<\/p>\n\n\n\n<div class=\"wp-block-buttons is-layout-flex wp-block-buttons-is-layout-flex\">\n<div class=\"wp-block-button\"><a class=\"wp-block-button__link wp-element-button\" href=\"https:\/\/dermaaestheticslondon.com\/pt\/contact\/\">AGENDAR UMA CONSULTA<\/a><\/div>\n<\/div>\n\n\n\n<figure class=\"wp-block-image size-full\"><img decoding=\"async\" width=\"1024\" height=\"1024\" src=\"https:\/\/dermaaestheticslondon.com\/wordpress\/wp-content\/uploads\/2024\/01\/before-and-after-non-surgical-rhinoplasty.webp\" alt=\"before and after non surgical rhinoplasty\" class=\"wp-image-1682\" title=\"Rinoplastia n\u00e3o cir\u00fargica Londres\" srcset=\"https:\/\/dermaaestheticslondon.com\/wordpress\/wp-content\/uploads\/2024\/01\/before-and-after-non-surgical-rhinoplasty.webp 1024w, https:\/\/dermaaestheticslondon.com\/wordpress\/wp-content\/uploads\/2024\/01\/before-and-after-non-surgical-rhinoplasty-300x300.webp 300w, https:\/\/dermaaestheticslondon.com\/wordpress\/wp-content\/uploads\/2024\/01\/before-and-after-non-surgical-rhinoplasty-150x150.webp 150w, https:\/\/dermaaestheticslondon.com\/wordpress\/wp-content\/uploads\/2024\/01\/before-and-after-non-surgical-rhinoplasty-768x768.webp 768w, https:\/\/dermaaestheticslondon.com\/wordpress\/wp-content\/uploads\/2024\/01\/before-and-after-non-surgical-rhinoplasty-12x12.webp 12w\" sizes=\"(max-width: 1024px) 100vw, 1024px\" \/><figcaption class=\"wp-element-caption\">Antes e depois da rinoplastia n\u00e3o cir\u00fargica<\/figcaption><\/figure>\n\n\n\n<h2 class=\"wp-block-heading\" id=\"surgical-rhinoplasty-vs-non-surgical-rhinoplasty\">Rinoplastia cir\u00fargica vs rinoplastia n\u00e3o cir\u00fargica<\/h2>\n\n\n\n<p>Ent\u00e3o, voc\u00ea est\u00e1 pensando em fazer uma rinoplastia? Voc\u00ea ainda pode estar pensando se deve fazer uma rinoplastia cir\u00fargica ou uma rinoplastia n\u00e3o cir\u00fargica.&nbsp;<\/p>\n\n\n\n<p>Se voc\u00ea n\u00e3o tem certeza sobre o que cada um envolve, abaixo est\u00e3o as principais diferen\u00e7as entre&nbsp;<\/p>\n\n\n\n<p>rinoplastia cir\u00fargica e rinoplastia n\u00e3o cir\u00fargica:<\/p>\n\n\n\n<h3 class=\"wp-block-heading\" id=\"rhinoplasty-surgery\">Cirurgia de rinoplastia<\/h3>\n\n\n\n<p>&nbsp;Como voc\u00ea pode esperar, uma rinoplastia cir\u00fargica envolve passar pela faca. \u00c9 um procedimento cosm\u00e9tico comum para ajudar a alterar a estrutura ou mudar o formato do nariz.&nbsp;<\/p>\n\n\n\n<p>\u00c9 muito mais complexo do que um tratamento com preenchimento d\u00e9rmico e traz muito mais riscos e tempo de recupera\u00e7\u00e3o.&nbsp;<\/p>\n\n\n\n<p>A rinoplastia cir\u00fargica assume uma de duas formas:<\/p>\n\n\n\n<p><strong>Cirurgia aberta para rinoplastia<\/strong>&nbsp;\u2013 envolve a abertura das narinas para corrigir o osso e\/ou tecido dentro do nariz.&nbsp;<\/p>\n\n\n\n<p><strong>Cirurgia de nariz fechada<\/strong>&nbsp;\u2013 \u00e9 onde um cirurgi\u00e3o far\u00e1 pequenas incis\u00f5es dentro das narinas para mudar o formato e o tamanho do nariz.&nbsp;<\/p>\n\n\n\n<p>A rinoplastia cir\u00fargica \u00e9 mais cara do que preenchimentos nasais. Tamb\u00e9m leva mais tempo para realizar o procedimento. Geralmente, leva de 90 minutos a algumas horas. O per\u00edodo de recupera\u00e7\u00e3o \u00e9 muito mais longo e voc\u00ea precisar\u00e1 usar gesso por uma semana.<\/p>\n\n\n\n<p>Os resultados da rinoplastia cir\u00fargica n\u00e3o s\u00e3o instant\u00e2neos. Seu nariz continuar\u00e1 a curar por at\u00e9 um ano, conforme o nariz se acomoda e o incha\u00e7o diminui.<\/p>\n\n\n\n<h3 class=\"wp-block-heading\" id=\"non-surgical-rhinoplasty\">Rinoplastia n\u00e3o cir\u00fargica<\/h3>\n\n\n\n<p>Uma rinoplastia n\u00e3o cir\u00fargica ou remodela\u00e7\u00e3o n\u00e3o cir\u00fargica do nariz est\u00e1 rapidamente se tornando um dos tratamentos mais populares para qualquer pessoa que queira mudar o formato do nariz. \u00c9 uma maneira r\u00e1pida, segura e eficaz de adicionar defini\u00e7\u00e3o ao seu nariz sem a necessidade de cirurgia.&nbsp;<\/p>\n\n\n\n<p>Ao usar preenchimentos d\u00e9rmicos, podemos construir um nariz achatado, reduzir pequenas protuber\u00e2ncias dorsais e dar mais forma a um nariz fino.&nbsp;<\/p>\n\n\n\n<p>Os resultados do preenchimento nasal n\u00e3o s\u00e3o permanentes. No entanto, voc\u00ea pode esperar os resultados da rinoplastia n\u00e3o cir\u00fargica por at\u00e9 12 meses. Os resultados tamb\u00e9m s\u00e3o instant\u00e2neos, ent\u00e3o voc\u00ea pode ver como seu nariz fica imediatamente. Pode levar algumas semanas para o preenchimento nasal se acomodar e os resultados finais aparecerem.&nbsp;<\/p>\n\n\n\n<p>O uso de preenchimentos d\u00e9rmicos tamb\u00e9m significa que voc\u00ea pode ter seus resultados de rinoplastia n\u00e3o cir\u00fargica alterados de volta. Isso porque voc\u00ea pode dissolver preenchimentos d\u00e9rmicos se mudar de ideia. Com a rinoplastia cir\u00fargica, voc\u00ea n\u00e3o pode reverter os resultados, pois ter\u00e1 mudado completamente a estrutura do seu nariz.<\/p>\n\n\n\n<p>Tamb\u00e9m h\u00e1 um tempo de inatividade m\u00ednimo com uma rinoplastia n\u00e3o cir\u00fargica. Voc\u00ea pode sentir um leve incha\u00e7o ou hematomas, mas isso vai diminuir em 24-48 horas.&nbsp;&nbsp;<\/p>\n\n\n\n<p>Se voc\u00ea gostaria de mais informa\u00e7\u00f5es sobre rinoplastia n\u00e3o cir\u00fargica, por favor&nbsp;<a href=\"https:\/\/dermaaestheticslondon.com\/pt\/contact\/\">contato<\/a>&nbsp;nossa cl\u00ednica em Londres.<\/p>\n\n\n\n<h2 class=\"wp-block-heading\" id=\"what-happens-during-a-non-surgical-rhinoplasty-procedure\">O que acontece durante um procedimento de rinoplastia n\u00e3o cir\u00fargica?<\/h2>\n\n\n\n<p>O tratamento de preenchimento nasal usa preenchimentos d\u00e9rmicos \u00e0 base de \u00e1cido hialur\u00f4nico. Eles s\u00e3o uma subst\u00e2ncia semelhante a gel que ajuda a hidratar sua pele e adicionar volume. Os preenchimentos nasais tamb\u00e9m podem adicionar mais estrutura e defini\u00e7\u00e3o ao seu nariz.&nbsp;<\/p>\n\n\n\n<p>Antes do tratamento n\u00e3o cir\u00fargico do nariz come\u00e7ar, limparemos a \u00e1rea do nariz e aplicaremos um creme anest\u00e9sico nos locais da inje\u00e7\u00e3o. Isso garantir\u00e1 que voc\u00ea se sinta confort\u00e1vel durante todo o tratamento.&nbsp;<\/p>\n\n\n\n<p>Durante uma rinoplastia n\u00e3o cir\u00fargica, o m\u00e9dico injetar\u00e1 os preenchimentos d\u00e9rmicos em \u00e1reas espec\u00edficas do nariz. Na Derma Aesthetics London, usamos uma c\u00e2nula para fazer rinoplastias n\u00e3o cir\u00fargicas. Esta \u00e9 uma agulha de ponta romba que ajuda a reduzir o risco de incha\u00e7o e hematomas.<\/p>\n\n\n\n<p>Podemos personalizar o tratamento de preenchimento nasal para atender \u00e0s suas necessidades individuais. Podemos us\u00e1-lo para ajudar a endireitar um nariz em forma de gancho, remodelar sua ponta nasal ou suavizar uma protuber\u00e2ncia nasal.&nbsp;<\/p>\n\n\n\n<p>Alguns pacientes podem optar por ter preenchimentos d\u00e9rmicos em outras \u00e1reas do rosto para criar harmoniza\u00e7\u00e3o facial. Isso inclui\u00a0<a href=\"https:\/\/dermaaestheticslondon.com\/pt\/treatments\/cheek-filler\/\" data-type=\"treatment\" data-id=\"1318\">preenchimento de bochecha<\/a>,\u00a0<a href=\"https:\/\/dermaaestheticslondon.com\/pt\/treatments\/chin-filler\/\" data-type=\"treatment\" data-id=\"1035\">preenchimento de queixo<\/a>\u00a0e\u00a0<a href=\"https:\/\/dermaaestheticslondon.com\/pt\/treatments\/jawline-filler\/\" data-type=\"treatment\" data-id=\"1095\">preenchimento de mand\u00edbula<\/a>.\u00a0<\/p>\n\n\n\n<p>Seu tratamento deve levar de 20 a 40 minutos para ser conclu\u00eddo. Antes de voc\u00ea sair, o m\u00e9dico falar\u00e1 com voc\u00ea sobre seus conselhos de cuidados posteriores para que voc\u00ea possa aproveitar ao m\u00e1ximo seus resultados.<\/p>\n\n\n\n<h2 class=\"wp-block-heading\" id=\"choose-the-non-surgical-nose-job-experts-in-london\">Escolha os especialistas em rinoplastia n\u00e3o cir\u00fargica em Londres<\/h2>\n\n\n\n<p>Quando se trata de selecionar a cl\u00ednica certa para fazer seus preenchimentos nasais, conhecimento e experi\u00eancia s\u00e3o importantes.&nbsp;<\/p>\n\n\n\n<p>Os preenchimentos d\u00e9rmicos devem ser fornecidos por especialistas treinados. Podem ser m\u00e9dicos ou profissionais cosm\u00e9ticos experientes. Na Derma Aesthetics London, seu tratamento ser\u00e1 com o Dr. Raja ou Cleo Medeiros. Eles s\u00e3o especialistas em tratamentos n\u00e3o cir\u00fargicos e sempre colocam as necessidades dos pacientes em primeiro lugar.<\/p>\n\n\n\n<p>Na sua consulta, conheceremos mais sobre voc\u00ea e os resultados que voc\u00ea est\u00e1 procurando com preenchimentos nasais. N\u00f3s o guiaremos pelas suas op\u00e7\u00f5es de tratamento dispon\u00edveis e como elas funcionar\u00e3o. Quando estiver satisfeito com as informa\u00e7\u00f5es, podemos desenvolver um plano de tratamento personalizado que atender\u00e1 \u00e0s suas necessidades individuais.<\/p>\n\n\n\n<div class=\"wp-block-buttons is-layout-flex wp-block-buttons-is-layout-flex\">\n<div class=\"wp-block-button\"><a class=\"wp-block-button__link wp-element-button\" href=\"https:\/\/dermaaestheticslondon.com\/pt\/contact\/\">CONTATE-NOS<\/a><\/div>\n<\/div>\n\n\n\n<h2 class=\"wp-block-heading\" id=\"finding-our-london-clinic\">Encontrando nossa cl\u00ednica em Londres<\/h2>\n\n\n\n<p>Voc\u00ea pode encontrar a cl\u00ednica Derma Aesthetics London na Harley Street, que fica no cora\u00e7\u00e3o da cidade e a poucos minutos da Oxford Street.&nbsp;<\/p>\n\n\n\n<p>Estamos a dez minutos de caminhada da Esta\u00e7\u00e3o de Metr\u00f4 Oxford Circus. Se voc\u00ea estiver viajando de carro, h\u00e1 amplo estacionamento com parqu\u00edmetro dispon\u00edvel na Harley Street.<\/p>\n\n\n\n<h3 class=\"wp-block-heading\" id=\"address\">Endere\u00e7o<\/h3>\n\n\n\n<p>39 Harley St, Londres, W1G 8QH<\/p>\n\n\n<style><\/style><style><\/style>\n<iframe src=\"https:\/\/www.google.com\/maps\/embed?pb=!1m14!1m8!1m3!1d9930.899153256332!2d-0.1468513!3d51.5182649!3m2!1i1024!2i768!4f13.1!3m3!1m2!1s0x487611e416322439%3A0xb84cf932b11cbe62!2sDerma%20Aesthetics%20London!5e0!3m2!1sen!2suk!4v1699790340707!5m2!1sen!2suk\" width=\"600\" height=\"450\" style=\"border:0;\" allowfullscreen=\"\" loading=\"lazy\" referrerpolicy=\"no-referrer-when-downgrade\"><\/iframe>","protected":false},"excerpt":{"rendered":"<p>Escolha a rinoplastia n\u00e3o cir\u00fargica em Londres como uma maneira de mudar o formato do seu nariz sem cirurgia. Entre em contato com os especialistas para marcar uma consulta.<\/p>","protected":false},"author":2,"featured_media":1682,"parent":0,"menu_order":110,"comment_status":"closed","ping_status":"closed","template":"","meta":{"_gspb_post_css":"","pgc_sgb_lightbox_settings":"","footnotes":""},"class_list":["post-2272","page","type-page","status-publish","has-post-thumbnail","hentry"],"blocksy_meta":{"page_structure_type":"type-1","styles_descriptor":{"styles":{"desktop":"","tablet":"","mobile":""},"google_fonts":[],"version":6}},"_links":{"self":[{"href":"https:\/\/dermaaestheticslondon.com\/pt\/wp-json\/wp\/v2\/pages\/2272","targetHints":{"allow":["GET"]}}],"collection":[{"href":"https:\/\/dermaaestheticslondon.com\/pt\/wp-json\/wp\/v2\/pages"}],"about":[{"href":"https:\/\/dermaaestheticslondon.com\/pt\/wp-json\/wp\/v2\/types\/page"}],"author":[{"embeddable":true,"href":"https:\/\/dermaaestheticslondon.com\/pt\/wp-json\/wp\/v2\/users\/2"}],"replies":[{"embeddable":true,"href":"https:\/\/dermaaestheticslondon.com\/pt\/wp-json\/wp\/v2\/comments?post=2272"}],"version-history":[{"count":7,"href":"https:\/\/dermaaestheticslondon.com\/pt\/wp-json\/wp\/v2\/pages\/2272\/revisions"}],"predecessor-version":[{"id":2472,"href":"https:\/\/dermaaestheticslondon.com\/pt\/wp-json\/wp\/v2\/pages\/2272\/revisions\/2472"}],"wp:featuredmedia":[{"embeddable":true,"href":"https:\/\/dermaaestheticslondon.com\/pt\/wp-json\/wp\/v2\/media\/1682"}],"wp:attachment":[{"href":"https:\/\/dermaaestheticslondon.com\/pt\/wp-json\/wp\/v2\/media?parent=2272"}],"curies":[{"name":"wp","href":"https:\/\/api.w.org\/{rel}","templated":true}]}}