{"id":2273,"date":"2024-06-04T13:28:28","date_gmt":"2024-06-04T12:28:28","guid":{"rendered":"https:\/\/dermaaestheticslondon.com\/wordpress\/prp-hair-london\/"},"modified":"2025-01-30T12:57:43","modified_gmt":"2025-01-30T12:57:43","slug":"prp-hair-london","status":"publish","type":"page","link":"https:\/\/dermaaestheticslondon.com\/pt\/prp-hair-london\/","title":{"rendered":"PRP Cabelo Londres"},"content":{"rendered":"<p>Se voc\u00ea sofre de queda de cabelo ou queda de cabelo e est\u00e1 procurando uma maneira eficaz de obter uma cabe\u00e7a mais cheia de cabelo, experimente&nbsp;<strong>PRP Hair em Londres<\/strong>&nbsp;com a Derma Aesthetics London.<\/p>\n\n\n\n<p>A maioria das pessoas pensa que a melhor maneira de tratar o afinamento capilar e estimular o crescimento capilar \u00e9 com um transplante capilar. Mas voc\u00ea sabia que tamb\u00e9m pode tratar a queda de cabelo com tratamentos n\u00e3o cir\u00fargicos? Bem, voc\u00ea pode com&nbsp;<a href=\"\/pt\/treatments\/prp-hair-treatment\/\" data-type=\"treatment\" data-id=\"1974\">Tratamento capilar com PRP<\/a>.&nbsp;<\/p>\n\n\n\n<p>Em nossa cl\u00ednica liderada por m\u00e9dicos em Londres, usamos tratamento capilar Plasma Rico em Plaquetas (PRP) para todos os tipos de cabelo, incluindo queda de cabelo, afinamento e quebra. \u00c9 um tratamento avan\u00e7ado que usa as propriedades de cura naturais do seu corpo para estimular o crescimento de novos cabelos saud\u00e1veis.&nbsp;<\/p>\n\n\n\n<p>Na Derma Aesthetics London, entendemos que a perda de cabelo afeta cada pessoa de forma diferente. Tamb\u00e9m sabemos que voc\u00ea pode ter tentado v\u00e1rios tratamentos para perda de cabelo, mas n\u00e3o viu nenhum resultado. \u00c9 por isso que nossos especialistas trabalham com voc\u00ea para avaliar sua condi\u00e7\u00e3o e desenvolver um plano de tratamento que seja adaptado \u00e0s suas necessidades.&nbsp;<\/p>\n\n\n\n<p>Tudo come\u00e7a com a marca\u00e7\u00e3o de uma consulta na nossa cl\u00ednica, onde poder\u00e1 saber mais sobre o nosso tratamento de queda de cabelo com PRP.&nbsp;<\/p>\n\n\n\n<p><a href=\"https:\/\/the-oneclinic.co.uk\/contact\/\" rel=\"nofollow noopener\" target=\"_blank\">AGENDAR UMA CONSULTA<\/a><\/p>\n\n\n\n<figure class=\"wp-block-image size-full\"><img decoding=\"async\" width=\"1024\" height=\"683\" src=\"https:\/\/dermaaestheticslondon.com\/wordpress\/wp-content\/uploads\/2024\/01\/exosomes-hair-treatment.webp\" alt=\"exosomes hair treatment\" class=\"wp-image-1590\" srcset=\"https:\/\/dermaaestheticslondon.com\/wordpress\/wp-content\/uploads\/2024\/01\/exosomes-hair-treatment.webp 1024w, https:\/\/dermaaestheticslondon.com\/wordpress\/wp-content\/uploads\/2024\/01\/exosomes-hair-treatment-300x200.webp 300w, https:\/\/dermaaestheticslondon.com\/wordpress\/wp-content\/uploads\/2024\/01\/exosomes-hair-treatment-768x512.webp 768w, https:\/\/dermaaestheticslondon.com\/wordpress\/wp-content\/uploads\/2024\/01\/exosomes-hair-treatment-18x12.webp 18w\" sizes=\"(max-width: 1024px) 100vw, 1024px\" \/><\/figure>\n\n\n\n<h2 class=\"wp-block-heading\" id=\"what-is-platelet-rich-plasma-prp-treatment-for-hair-growth\">O que \u00e9 o tratamento com Plasma Rico em Plaquetas (PRP) para crescimento capilar?<\/h2>\n\n\n\n<p>O tratamento com plasma rico em plaquetas ou PRP para perda de cabelo \u00e9 um dos tratamentos de crescimento mais r\u00e1pido dispon\u00edveis para qualquer pessoa que queira atingir o recrescimento capilar. Esta \u00e9 uma \u00f3tima alternativa aos transplantes capilares, que s\u00e3o um processo muito mais longo e exigem muito mais tempo de inatividade.&nbsp;<\/p>\n\n\n\n<p>O tratamento com PRP \u00e9 um tratamento natural que aumenta a circula\u00e7\u00e3o sangu\u00ednea no couro cabeludo. \u00c9 um procedimento n\u00e3o cir\u00fargico que envolve o uso de uma subst\u00e2ncia natural no seu pr\u00f3prio sangue para estimular o crescimento de novas c\u00e9lulas. Isso ajuda a reparar os fol\u00edculos capilares existentes, liberando mais oxig\u00eanio e fatores de crescimento.&nbsp;&nbsp;<\/p>\n\n\n\n<p>A inje\u00e7\u00e3o de c\u00e9lulas plasm\u00e1ticas ricas em plaquetas no seu couro cabeludo estimula os fol\u00edculos capilares inativos para empurr\u00e1-los para a fase de crescimento do ciclo de crescimento capilar. As prote\u00ednas e os fatores de crescimento tamb\u00e9m podem ajudar a aumentar a densidade capilar e a espessura do seu cabelo existente, ao mesmo tempo em que trabalham para promover o crescimento capilar.<\/p>\n\n\n\n<p>O tratamento leva menos de uma hora para ser realizado e n\u00e3o h\u00e1 tempo de inatividade. Isso significa que voc\u00ea pode encaixar o tratamento de perda capilar PRP em sua rotina normal sem precisar tirar uma folga do trabalho.<\/p>\n\n\n\n<h2 class=\"wp-block-heading\" id=\"what-happens-during-prp-hair-treatment-london\">O que acontece durante o tratamento capilar com PRP em Londres?<\/h2>\n\n\n\n<p>O tratamento para queda de cabelo com PRP \u00e9 um procedimento de tr\u00eas etapas que inclui:<\/p>\n\n\n\n<ol class=\"wp-block-list\">\n<li>&nbsp; &nbsp; Come\u00e7amos tirando um pouco do seu pr\u00f3prio sangue&nbsp;<\/li>\n\n\n\n<li>&nbsp; &nbsp; Colocamos esse sangue em uma centr\u00edfuga, que centrifuga o sangue para separar as plaquetas das outras c\u00e9lulas sangu\u00edneas.<\/li>\n\n\n\n<li>&nbsp; &nbsp; O m\u00e9dico injeta as plaquetas separadas de volta na \u00e1rea do seu couro cabeludo nos pontos onde seu cabelo est\u00e1 mais ralo ou onde voc\u00ea tem perda de cabelo. Esta \u00e9 a a\u00e7\u00e3o que visa estimular os fol\u00edculos capilares para o crescimento de novos cabelos.&nbsp;<\/li>\n<\/ol>\n\n\n\n<p>Embora alguns pacientes achem as inje\u00e7\u00f5es dolorosas, se voc\u00ea preferir, podemos discutir o uso de um anest\u00e9sico t\u00f3pico primeiro para anestesiar a \u00e1rea. Isso tornar\u00e1 o tratamento mais confort\u00e1vel para voc\u00ea.&nbsp;<\/p>\n\n\n\n<p>Para resultados ideais, aconselhamos nossos pacientes a fazer um tratamento com tr\u00eas tratamentos de PRP, com intervalo de 3 a 4 semanas.&nbsp;<\/p>\n\n\n\n<h3 class=\"wp-block-heading\" id=\"what-can-i-expect-after-prp-hair-treatment\">O que posso esperar ap\u00f3s o tratamento capilar com PRP?<\/h3>\n\n\n\n<p>Ap\u00f3s o tratamento com PRP, \u00e9 completamente normal ver uma leve vermelhid\u00e3o na \u00e1rea do couro cabeludo. Voc\u00ea tamb\u00e9m pode ver alguma inflama\u00e7\u00e3o nos locais da inje\u00e7\u00e3o e seu couro cabeludo pode ficar com coceira por alguns dias ap\u00f3s o tratamento.&nbsp;<\/p>\n\n\n\n<p>Seu m\u00e9dico lhe dar\u00e1 alguns conselhos de cuidados posteriores sobre como proteger o couro cabeludo e promover a cura. Isso incluir\u00e1:<\/p>\n\n\n\n<ul class=\"wp-block-list\">\n<li>&nbsp; &nbsp; &nbsp; Usando uma compressa fria para aliviar qualquer incha\u00e7o ou dor<\/li>\n\n\n\n<li>&nbsp; &nbsp; &nbsp; Evite lavar o cabelo ou usar produtos capilares por 24 horas<\/li>\n\n\n\n<li>&nbsp; &nbsp; &nbsp; Evite exerc\u00edcios extenuantes por 48 horas<\/li>\n\n\n\n<li>&nbsp; &nbsp; &nbsp; Evite expor o couro cabeludo ao calor excessivo, como chuveiros quentes e sauna, por 48 horas<\/li>\n<\/ul>\n\n\n\n<h2 class=\"wp-block-heading\" id=\"how-long-does-it-take-to-see-hair-regrowth-from-prp-hair-treatments\">Quanto tempo demora para ver o cabelo crescer novamente com tratamentos capilares com PRP?<\/h2>\n\n\n\n<p>Voc\u00ea precisar\u00e1 concluir um curso de tratamento PRP para ver os melhores resultados. Voc\u00ea pode come\u00e7ar a ver melhorias na espessura ou densidade do seu cabelo ap\u00f3s o primeiro ou segundo tratamento.&nbsp;<\/p>\n\n\n\n<p>Voc\u00ea deve come\u00e7ar a ver um novo crescimento capilar surgindo ap\u00f3s 3-4 meses. Isso deve continuar a melhorar ao longo do pr\u00f3ximo ano. Nem todo mundo ter\u00e1 os mesmos resultados. Fatores como sua idade, gen\u00e9tica e sa\u00fade geral podem impactar o qu\u00e3o bem voc\u00ea responde a este tratamento.&nbsp;<\/p>\n\n\n\n<p>\u00c0 medida que seu cabelo passa por novos ciclos de crescimento, os resultados deste tratamento podem n\u00e3o ser permanentes. \u00c9 por isso que recomendamos tratamentos de PRP de refor\u00e7o para manter seus resultados a cada 12-18 meses.<\/p>\n\n\n\n<h2 class=\"wp-block-heading\" id=\"why-choose-derma-aesthetics-london-for-thinning-hair-treatments\">Por que escolher a Derma Aesthetics London para tratamentos de queda de cabelo?<\/h2>\n\n\n\n<p>Para uma cl\u00ednica confi\u00e1vel especializada em tratamentos de queda de cabelo com PRP, n\u00e3o procure mais do que a Derma Aesthetics London. Ajudamos homens e mulheres que come\u00e7aram a ver o cabelo ralo ou est\u00e3o sofrendo com a queda de cabelo. Nossa equipe de profissionais pode apoi\u00e1-lo em cada etapa da sua jornada para ajud\u00e1-lo a atingir suas metas de crescimento capilar.&nbsp;<\/p>\n\n\n\n<p>Seu cuidado e bem-estar s\u00e3o nossa prioridade n\u00famero um. Voc\u00ea se encontrar\u00e1 com nosso m\u00e9dico, que lhe dar\u00e1 conselhos claros e honestos sobre o tratamento capilar com PRP. Ele avaliar\u00e1 onde seu cabelo est\u00e1 ficando mais fino e quanta perda voc\u00ea teve. A partir disso, ele recomendar\u00e1 o curso certo de tratamento para voc\u00ea.&nbsp;<\/p>\n\n\n\n<p><a href=\"https:\/\/dermaaestheticslondon.com\/pt\/contact\/\">ENTRE EM CONTATO<\/a><\/p>\n\n\n\n<h2 class=\"wp-block-heading\" id=\"how-to-find-our-central-london-clinic\">Como encontrar nossa cl\u00ednica no centro de Londres<\/h2>\n\n\n\n<p>Voc\u00ea pode encontrar a cl\u00ednica Derma Aesthetics London na Harley Street, que abriga v\u00e1rios especialistas em sa\u00fade privada e medicina est\u00e9tica. Tamb\u00e9m estamos a uma curta caminhada da Oxford Street, ent\u00e3o voc\u00ea pode se deliciar com algumas compras ap\u00f3s seu tratamento.&nbsp;<\/p>\n\n\n\n<p>Estamos a dez minutos de caminhada da Esta\u00e7\u00e3o de Metr\u00f4 Oxford Circus. Se voc\u00ea estiver viajando de carro, h\u00e1 amplo estacionamento com parqu\u00edmetro dispon\u00edvel na Harley Street.&nbsp;<\/p>\n\n\n\n<h2 class=\"wp-block-heading\" id=\"address\">Endere\u00e7o<\/h2>\n\n\n\n<p>39 Harley St, Londres, W1G 8QH<\/p>\n\n\n<style><\/style><style><\/style>\n<iframe src=\"https:\/\/www.google.com\/maps\/embed?pb=!1m14!1m8!1m3!1d9930.899153256332!2d-0.1468513!3d51.5182649!3m2!1i1024!2i768!4f13.1!3m3!1m2!1s0x487611e416322439%3A0xb84cf932b11cbe62!2sDerma%20Aesthetics%20London!5e0!3m2!1sen!2suk!4v1699790340707!5m2!1sen!2suk\" width=\"600\" height=\"450\" style=\"border:0;\" allowfullscreen=\"\" loading=\"lazy\" referrerpolicy=\"no-referrer-when-downgrade\"><\/iframe>","protected":false},"excerpt":{"rendered":"<p>PRP Hair em Londres \u00e9 um dos principais tratamentos para homens e mulheres com queda de cabelo ou queda de cabelo. Entre em contato com nossa equipe para agendar uma consulta.<\/p>","protected":false},"author":2,"featured_media":1975,"parent":0,"menu_order":120,"comment_status":"closed","ping_status":"closed","template":"","meta":{"_gspb_post_css":"","pgc_sgb_lightbox_settings":"","footnotes":""},"class_list":["post-2273","page","type-page","status-publish","has-post-thumbnail","hentry"],"blocksy_meta":{"page_structure_type":"type-1","styles_descriptor":{"styles":{"desktop":"","tablet":"","mobile":""},"google_fonts":[],"version":6}},"_links":{"self":[{"href":"https:\/\/dermaaestheticslondon.com\/pt\/wp-json\/wp\/v2\/pages\/2273","targetHints":{"allow":["GET"]}}],"collection":[{"href":"https:\/\/dermaaestheticslondon.com\/pt\/wp-json\/wp\/v2\/pages"}],"about":[{"href":"https:\/\/dermaaestheticslondon.com\/pt\/wp-json\/wp\/v2\/types\/page"}],"author":[{"embeddable":true,"href":"https:\/\/dermaaestheticslondon.com\/pt\/wp-json\/wp\/v2\/users\/2"}],"replies":[{"embeddable":true,"href":"https:\/\/dermaaestheticslondon.com\/pt\/wp-json\/wp\/v2\/comments?post=2273"}],"version-history":[{"count":5,"href":"https:\/\/dermaaestheticslondon.com\/pt\/wp-json\/wp\/v2\/pages\/2273\/revisions"}],"predecessor-version":[{"id":2464,"href":"https:\/\/dermaaestheticslondon.com\/pt\/wp-json\/wp\/v2\/pages\/2273\/revisions\/2464"}],"wp:featuredmedia":[{"embeddable":true,"href":"https:\/\/dermaaestheticslondon.com\/pt\/wp-json\/wp\/v2\/media\/1975"}],"wp:attachment":[{"href":"https:\/\/dermaaestheticslondon.com\/pt\/wp-json\/wp\/v2\/media?parent=2273"}],"curies":[{"name":"wp","href":"https:\/\/api.w.org\/{rel}","templated":true}]}}