{"id":2578,"date":"2024-07-17T13:40:27","date_gmt":"2024-07-17T12:40:27","guid":{"rendered":"https:\/\/dermaaestheticslondon.com\/?p=2578"},"modified":"2025-01-30T12:54:36","modified_gmt":"2025-01-30T12:54:36","slug":"under-eye-filler-london","status":"publish","type":"page","link":"https:\/\/dermaaestheticslondon.com\/pt\/under-eye-filler-london\/","title":{"rendered":"Preenchimento sob os olhos em Londres"},"content":{"rendered":"<p>Voc\u00ea sofre de bolsas nos olhos, olheiras ou olhos cansados? Na Derma Aesthetics London, temos a solu\u00e7\u00e3o para uma \u00e1rea sob os olhos mais jovem e brilhante \u2013 <strong>preenchimento sob os olhos em Londres<\/strong>.&nbsp;<\/p>\n\n\n\n<p>Preenchimento sob os olhos, tamb\u00e9m conhecido como <a href=\"https:\/\/dermaaestheticslondon.com\/pt\/treatments\/tear-trough\/\">preenchimentos de sulcos lacrimais<\/a> ajudam a aumentar a hidrata\u00e7\u00e3o e a preencher a pele na \u00e1rea do sulco lacrimal (abaixo dos olhos). Eles s\u00e3o uma forma de tratamento de preenchimento d\u00e9rmico que \u00e9 projetado especificamente para a delicada \u00e1rea do c\u00edrculo dos olhos para dar a voc\u00ea uma apar\u00eancia mais renovada.\u00a0<\/p>\n\n\n\n<p>Na Derma Aesthetics London, somos especialistas em tratamento de preenchimento de sulcos lacrimais. Voc\u00ea estar\u00e1 nas m\u00e3os seguras de m\u00e9dicos cosm\u00e9ticos altamente experientes que entendem como injetar preenchimentos de sulcos lacrimais com seguran\u00e7a. Podemos fornecer resultados de apar\u00eancia natural para que ningu\u00e9m saiba que voc\u00ea fez algum trabalho.&nbsp;<\/p>\n\n\n\n<p>Se quiser saber mais sobre como o tratamento para sulcos lacrimais pode funcionar para voc\u00ea, entre em contato com nossa cl\u00ednica em Londres para agendar uma consulta inicial.&nbsp;&nbsp;<\/p>\n\n\n\n<p><a href=\"https:\/\/dermaaestheticslondon.com\/pt\/contact\/\">CONTATE-NOS<\/a><\/p>\n\n\n\n<figure class=\"wp-block-image size-full\"><img decoding=\"async\" width=\"1899\" height=\"1899\" src=\"https:\/\/dermaaestheticslondon.com\/wordpress\/wp-content\/uploads\/2024\/01\/before-and-after-under-eye-filler.jpg\" alt=\"before and after under eye filler\" class=\"wp-image-1710\" srcset=\"https:\/\/dermaaestheticslondon.com\/wordpress\/wp-content\/uploads\/2024\/01\/before-and-after-under-eye-filler.jpg 1899w, https:\/\/dermaaestheticslondon.com\/wordpress\/wp-content\/uploads\/2024\/01\/before-and-after-under-eye-filler-300x300.jpg 300w, https:\/\/dermaaestheticslondon.com\/wordpress\/wp-content\/uploads\/2024\/01\/before-and-after-under-eye-filler-1024x1024.jpg 1024w, https:\/\/dermaaestheticslondon.com\/wordpress\/wp-content\/uploads\/2024\/01\/before-and-after-under-eye-filler-150x150.jpg 150w, https:\/\/dermaaestheticslondon.com\/wordpress\/wp-content\/uploads\/2024\/01\/before-and-after-under-eye-filler-768x768.jpg 768w, https:\/\/dermaaestheticslondon.com\/wordpress\/wp-content\/uploads\/2024\/01\/before-and-after-under-eye-filler-1536x1536.jpg 1536w, https:\/\/dermaaestheticslondon.com\/wordpress\/wp-content\/uploads\/2024\/01\/before-and-after-under-eye-filler-12x12.jpg 12w\" sizes=\"(max-width: 1899px) 100vw, 1899px\" \/><\/figure>\n\n\n\n<h2 class=\"wp-block-heading\" id=\"what-is-jawline-filler-treatment\">O que \u00e9 o tratamento de preenchimento de sulcos lacrimais?<\/h2>\n\n\n\n<p>Preenchimento de olheiras ou tratamento de olheiras \u00e9 um tratamento r\u00e1pido e n\u00e3o cir\u00fargico que ajuda a rejuvenescer a pele sob os olhos.<\/p>\n\n\n\n<p>O tratamento de preenchimento sob os olhos usa preenchimentos d\u00e9rmicos, que s\u00e3o um gel injet\u00e1vel macio que cont\u00e9m \u00e1cido hialur\u00f4nico como ingrediente principal. As inje\u00e7\u00f5es de preenchimento d\u00e9rmico hidratam instantaneamente a pele sob os olhos, o que pode reduzir as olheiras e fazer com que sua pele pare\u00e7a mais desperta e saud\u00e1vel.&nbsp;<\/p>\n\n\n\n<p>Os preenchimentos d\u00e9rmicos de sulcos lacrimais tamb\u00e9m podem adicionar volume \u00e0 pele, o que minimiza a apar\u00eancia de olhos fundos e pode fazer voc\u00ea parecer menos cansado. Ao preencher a \u00e1rea do sulco lacrimal, o preenchimento d\u00e9rmico pode suavizar linhas e rugas que resultam do envelhecimento sob os olhos e ao redor dos olhos.&nbsp;<\/p>\n\n\n\n<p>Mas os preenchimentos d\u00e9rmicos n\u00e3o s\u00e3o apenas para a \u00e1rea do sulco lacrimal. Tamb\u00e9m oferecemos outros tratamentos de preenchimento d\u00e9rmico para melhorar sua estrutura facial. Isso inclui preenchimentos de queixo e mand\u00edbula, preenchimentos de nariz, preenchimentos de l\u00e1bios e preenchimentos de bochechas. D\u00ea uma olhada em nossos outros <a href=\"https:\/\/dermaaestheticslondon.com\/pt\/treatments\/#derma-fillers\">tratamento de preenchimento d\u00e9rmico<\/a> op\u00e7\u00f5es.&nbsp;<\/p>\n\n\n\n<h3 class=\"wp-block-heading\" id=\"what-is-hyaluronic-acid-filler-designed-for\">Para que serve o preenchimento com \u00e1cido hialur\u00f4nico?<\/h3>\n\n\n\n<p>A maioria dos tratamentos de preenchimento d\u00e9rmico usar\u00e1 preenchimentos d\u00e9rmicos \u00e0 base de \u00e1cido hialur\u00f4nico. Isso ocorre porque eles promovem o rejuvenescimento e a hidrata\u00e7\u00e3o da pele. Eles tamb\u00e9m ajudam a preencher e adicionar volume \u00e0s olheiras afundadas, o que faz com que suas olheiras pare\u00e7am mais jovens.<\/p>\n\n\n\n<p>O \u00e1cido hialur\u00f4nico \u00e9 uma subst\u00e2ncia natural do corpo que ajuda a manter a pele flex\u00edvel e com apar\u00eancia saud\u00e1vel. O processo de envelhecimento faz com que nossa pele perca n\u00edveis de \u00e1cido hialur\u00f4nico e col\u00e1geno. Esta \u00e9 a raz\u00e3o pela qual a pele come\u00e7a a ficar opaca, fina e mais fr\u00e1gil.&nbsp;<\/p>\n\n\n\n<p>Nosso tratamento de preenchimento d\u00e9rmico de sulcos lacrimais usa um gel de \u00e1cido hialur\u00f4nico para aumentar os n\u00edveis naturais na pele. Isso ajuda a aumentar a elasticidade da pele e reidratar a pele sob os olhos. Isso significa que voc\u00ea pode dizer adeus \u00e0s olheiras e ol\u00e1 \u00e0 pele fresca e mais radiante.&nbsp;<\/p>\n\n\n\n<p>Como b\u00f4nus adicional, os preenchimentos d\u00e9rmicos continuam a trabalhar na pele estimulando a produ\u00e7\u00e3o de col\u00e1geno. Como resultado, sua \u00e1rea de sulco lacrimal ficar\u00e1 mais firme e as linhas e rugas suavizar\u00e3o.&nbsp;<\/p>\n\n\n\n<h2 class=\"wp-block-heading\" id=\"what-happens-during-the-tear-trough-procedure\">O que acontece durante o procedimento do sulco lacrimal?<\/h2>\n\n\n\n<p>Seu tratamento de sulco lacrimal ser\u00e1 feito com o Dr. Raja, que \u00e9 qualificado em medicina est\u00e9tica e tratamentos injet\u00e1veis. Ele entende como injetar preenchimentos d\u00e9rmicos nos pontos certos do rosto para que voc\u00ea alcance resultados de apar\u00eancia natural.&nbsp;<\/p>\n\n\n\n<p>No in\u00edcio, o Dr. Raja explicar\u00e1 o que acontecer\u00e1 durante os tratamentos de sulcos lacrimais, incluindo a quantidade de preenchimento d\u00e9rmico que ele usar\u00e1, onde ser\u00e3o os pontos de inje\u00e7\u00e3o e o que voc\u00ea pode esperar ap\u00f3s o tratamento.&nbsp;&nbsp;<\/p>\n\n\n\n<p>Limparemos a \u00e1rea do sulco lacrimal para garantir que esteja limpa e livre de qualquer bact\u00e9ria que possa causar infec\u00e7\u00e3o. Embora a maioria dos pacientes ache os tratamentos de preenchimento do sulco lacrimal bastante confort\u00e1veis, se voc\u00ea preferir, podemos aplicar um creme anest\u00e9sico t\u00f3pico na \u00e1rea primeiro.&nbsp;<\/p>\n\n\n\n<p>Usamos uma c\u00e2nula ou agulha muito fina para injetar seu preenchimento de sulco lacrimal. Isso ajuda a reduzir o risco de incha\u00e7o e hematomas ap\u00f3s o tratamento. Isso tamb\u00e9m significa que podemos ser mais precisos na coloca\u00e7\u00e3o dos preenchimentos d\u00e9rmicos.&nbsp;<\/p>\n\n\n\n<p>No total, seu tratamento de sulco lacrimal n\u00e3o deve levar mais do que 30 minutos. Isso o torna ideal para qualquer pessoa com uma agenda ocupada.&nbsp;<\/p>\n\n\n\n<h2 class=\"wp-block-heading\" id=\"when-do-you-see-the-results-of-tear-trough-filler-treatment\">Quando voc\u00ea v\u00ea os resultados do tratamento de preenchimento de sulcos lacrimais?<\/h2>\n\n\n\n<p>A grande vantagem dos preenchimentos d\u00e9rmicos \u00e9 que voc\u00ea ver\u00e1 resultados vis\u00edveis imediatamente. No entanto, voc\u00ea precisar\u00e1 dar aos preenchimentos duas semanas para se acomodarem completamente. \u00c9 quando voc\u00ea ver\u00e1 seus resultados finais.&nbsp;<\/p>\n\n\n\n<p>Suas olheiras ou olhos fundos ficar\u00e3o brilhantes e frescos por at\u00e9 18 meses. A dura\u00e7\u00e3o dos seus preenchimentos depender\u00e1 de fatores como sua idade, metabolismo e como seu corpo responde ao tratamento de preenchimento de sulcos lacrimais.&nbsp;<\/p>\n\n\n\n<p>Geralmente aconselhamos nossos pacientes a retornarem \u00e0 cl\u00ednica na marca de 12 meses para um tratamento de refor\u00e7o. Isso ajudar\u00e1 a manter seus olhos com apar\u00eancia menos cansada e a manter seus resultados atuais.&nbsp;<\/p>\n\n\n\n<h2 class=\"wp-block-heading\" id=\"are-tear-trough-fillers-safe\">Os preenchimentos de sulcos lacrimais s\u00e3o seguros?<\/h2>\n\n\n\n<p>Qualquer tratamento injet\u00e1vel pode vir com riscos. \u00c9 por isso que \u00e9 importante passar pelo tratamento de sulco lacrimal com um profissional treinado. O Dr. Raja tem anos de experi\u00eancia em tratamentos de preenchimento d\u00e9rmico. Ele entende a anatomia facial e onde injetar com seguran\u00e7a para que voc\u00ea veja \u00f3timos resultados.&nbsp;<\/p>\n\n\n\n<p>Tamb\u00e9m usamos preenchimento d\u00e9rmico de alta qualidade de algumas das marcas mais confi\u00e1veis do setor. Isso mostra nosso comprometimento com sua seguran\u00e7a e bem-estar, al\u00e9m de fornecer resultados ideais para todos os nossos pacientes.&nbsp;<\/p>\n\n\n\n<h2 class=\"wp-block-heading\" id=\"how-much-does-tear-trough-filler-cost\">Quanto custa o preenchimento de sulcos lacrimais?<\/h2>\n\n\n\n<p>O tratamento de preenchimento de sulcos lacrimais n\u00e3o \u00e9 um tratamento \u00fanico. \u00c9 por isso que damos a cada paciente uma consulta aprofundada para que possamos avaliar suas preocupa\u00e7\u00f5es com a pele, analisar seu hist\u00f3rico m\u00e9dico e falar sobre seu estilo de vida. Essas informa\u00e7\u00f5es ajudar\u00e3o nosso m\u00e9dico a criar um pacote de tratamento personalizado para voc\u00ea.&nbsp;&nbsp;<\/p>\n\n\n\n<p>Sempre informaremos o custo do seu tratamento na consulta para garantir que ele seja acess\u00edvel para voc\u00ea.&nbsp;<\/p>\n\n\n\n<h2 class=\"wp-block-heading\" id=\"book-a-consultation-with-experts-in-tear-trough-filler-london\">Agende uma consulta com especialistas em preenchimento de sulcos lacrimais em Londres&nbsp;<\/h2>\n\n\n\n<p>Ao escolher fazer seu tratamento de preenchimento de sulco lacrimal com a Derma Aesthetics London, voc\u00ea est\u00e1 escolhendo uma cl\u00ednica que tem treinamento extensivo em medicina est\u00e9tica. Nosso especialista m\u00e9dico \u00e9 totalmente treinado em tratamentos de preenchimento d\u00e9rmico. Ele pode garantir que voc\u00ea se sinta confort\u00e1vel durante todo o tratamento e obtenha os resultados que procura.&nbsp;<\/p>\n\n\n\n<p>Seu plano de tratamento personalizado corresponder\u00e1 ao seu tipo de pele e \u00e0s suas necessidades. N\u00f3s o apoiaremos durante sua jornada de tratamento. Desde sua primeira consulta at\u00e9 o tratamento e cuidados posteriores. Com nosso cuidado e orienta\u00e7\u00e3o, podemos ajud\u00e1-lo a se sentir a melhor vers\u00e3o de si mesmo.<\/p>\n\n\n\n<p><a href=\"https:\/\/partner.pabau.com\/online-bookings\/derma-aesthetics-london\" rel=\"nofollow noopener\" target=\"_blank\">MARQUE UMA CONSULTA<\/a><\/p>\n\n\n\n<h2 class=\"wp-block-heading\" id=\"how-to-find-us\">Como nos encontrar&nbsp;<\/h2>\n\n\n\n<p>A cl\u00ednica Derma Aesthetics London fica na Harley Street, que abriga diversos especialistas em sa\u00fade privada e medicina est\u00e9tica.&nbsp;<\/p>\n\n\n\n<p>Estamos a uma curta caminhada da Oxford Street, uma das ruas comerciais mais movimentadas da Europa.&nbsp;<\/p>\n\n\n\n<p>Tamb\u00e9m estamos a dez minutos a p\u00e9 da Esta\u00e7\u00e3o de Metr\u00f4 Oxford Circus. Se voc\u00ea estiver viajando de<\/p>\n\n\n\n<p>carro, h\u00e1 amplo estacionamento com parqu\u00edmetro dispon\u00edvel na Harley Street.&nbsp;&nbsp;<\/p>\n\n\n\n<h3 class=\"wp-block-heading\" id=\"address\">Endere\u00e7o<\/h3>\n\n\n\n<p>Rua Harley, 39<br>Londres&nbsp;<br>W1G 8QH<\/p>\n\n\n<style><\/style><style><\/style>\n<iframe src=\"https:\/\/www.google.com\/maps\/embed?pb=!1m14!1m8!1m3!1d9930.899153256332!2d-0.1468513!3d51.5182649!3m2!1i1024!2i768!4f13.1!3m3!1m2!1s0x487611e416322439%3A0xb84cf932b11cbe62!2sDerma%20Aesthetics%20London!5e0!3m2!1sen!2suk!4v1699790340707!5m2!1sen!2suk\" width=\"600\" height=\"450\" style=\"border:0;\" allowfullscreen=\"\" loading=\"lazy\" referrerpolicy=\"no-referrer-when-downgrade\"><\/iframe>","protected":false},"excerpt":{"rendered":"<p>O preenchimento sob os olhos em Londres \u00e9 um tratamento r\u00e1pido que pode ajudar a reduzir olheiras e bolsas nos olhos. Marque uma consulta com nosso m\u00e9dico. <\/p>","protected":false},"author":4,"featured_media":2419,"parent":0,"menu_order":80,"comment_status":"closed","ping_status":"closed","template":"","meta":{"_gspb_post_css":"","pgc_sgb_lightbox_settings":"","footnotes":""},"class_list":["post-2578","page","type-page","status-publish","has-post-thumbnail","hentry"],"blocksy_meta":{"page_structure_type":"type-1","styles_descriptor":{"styles":{"desktop":"","tablet":"","mobile":""},"google_fonts":[],"version":6}},"_links":{"self":[{"href":"https:\/\/dermaaestheticslondon.com\/pt\/wp-json\/wp\/v2\/pages\/2578","targetHints":{"allow":["GET"]}}],"collection":[{"href":"https:\/\/dermaaestheticslondon.com\/pt\/wp-json\/wp\/v2\/pages"}],"about":[{"href":"https:\/\/dermaaestheticslondon.com\/pt\/wp-json\/wp\/v2\/types\/page"}],"author":[{"embeddable":true,"href":"https:\/\/dermaaestheticslondon.com\/pt\/wp-json\/wp\/v2\/users\/4"}],"replies":[{"embeddable":true,"href":"https:\/\/dermaaestheticslondon.com\/pt\/wp-json\/wp\/v2\/comments?post=2578"}],"version-history":[{"count":3,"href":"https:\/\/dermaaestheticslondon.com\/pt\/wp-json\/wp\/v2\/pages\/2578\/revisions"}],"predecessor-version":[{"id":2622,"href":"https:\/\/dermaaestheticslondon.com\/pt\/wp-json\/wp\/v2\/pages\/2578\/revisions\/2622"}],"wp:featuredmedia":[{"embeddable":true,"href":"https:\/\/dermaaestheticslondon.com\/pt\/wp-json\/wp\/v2\/media\/2419"}],"wp:attachment":[{"href":"https:\/\/dermaaestheticslondon.com\/pt\/wp-json\/wp\/v2\/media?parent=2578"}],"curies":[{"name":"wp","href":"https:\/\/api.w.org\/{rel}","templated":true}]}}