{"id":2739,"date":"2024-09-11T11:54:45","date_gmt":"2024-09-11T10:54:45","guid":{"rendered":"https:\/\/dermaaestheticslondon.com\/?p=2739"},"modified":"2025-01-29T14:53:36","modified_gmt":"2025-01-29T14:53:36","slug":"jawline-slimming-london","status":"publish","type":"page","link":"https:\/\/dermaaestheticslondon.com\/pt\/jawline-slimming-london\/","title":{"rendered":"Emagrecimento de mand\u00edbula em Londres"},"content":{"rendered":"<p>Se voc\u00ea deseja mudar um maxilar quadrado e masculino para um formato de rosto mais estreito e oval, <strong>emagrecimento do maxilar em Londres <\/strong>pode ser a solu\u00e7\u00e3o. Fale com os especialistas em afinamento de mand\u00edbula da Derma Aesthetics London sobre como podemos transformar seu visual.<\/p>\n\n\n\n<p>Em nossa cl\u00ednica em Londres, na Harley Street, oferecemos <a href=\"https:\/\/dermaaestheticslondon.com\/pt\/treatments\/face-slimming\/\">tratamento de emagrecimento do maxilar<\/a> para pacientes que sentem que t\u00eam uma mand\u00edbula larga e querem uma linha de mand\u00edbula mais fina. Ele usa tratamentos antirrugas ou inje\u00e7\u00f5es para atingir o m\u00fasculo da mand\u00edbula, tamb\u00e9m conhecido como m\u00fasculo masseter, congelando em curto prazo para suavizar a parte inferior do rosto.<\/p>\n\n\n\n<p>Na Derma Aesthetics London, somos especialistas em tratamento de Botox masseter. Voc\u00ea ter\u00e1 tratamento com nosso m\u00e9dico est\u00e9tico \u2013 <a href=\"https:\/\/dermaaestheticslondon.com\/pt\/about\/\">Dr. Raja<\/a>, que tem anos de experi\u00eancia em ajudar pacientes a equilibrar suas caracter\u00edsticas faciais e atingir uma apar\u00eancia natural. Com sua experi\u00eancia, ele pode ajudar voc\u00ea a atingir excelentes resultados de emagrecimento facial.&nbsp;&nbsp;&nbsp;<\/p>\n\n\n\n<p>Agende uma consulta hoje para falar sobre Botox masseter em nossa cl\u00ednica em Londres. \u00c9 seu primeiro passo para descobrir como as inje\u00e7\u00f5es de emagrecimento facial podem dar a voc\u00ea o formato de rosto que voc\u00ea sempre quis.&nbsp;&nbsp;&nbsp;<\/p>\n\n\n\n<p><a href=\"https:\/\/dermaaestheticslondon.com\/pt\/contact\/\">AGENDAR UMA CONSULTA<\/a><\/p>\n\n\n\n<figure class=\"wp-block-image size-full is-resized\"><img decoding=\"async\" width=\"1024\" height=\"1024\" src=\"https:\/\/dermaaestheticslondon.com\/wordpress\/wp-content\/uploads\/2024\/01\/before-and-after-face-slimming.webp\" alt=\"Jawline Slimming London\" class=\"wp-image-1669\" style=\"width:636px;height:auto\" srcset=\"https:\/\/dermaaestheticslondon.com\/wordpress\/wp-content\/uploads\/2024\/01\/before-and-after-face-slimming.webp 1024w, https:\/\/dermaaestheticslondon.com\/wordpress\/wp-content\/uploads\/2024\/01\/before-and-after-face-slimming-300x300.webp 300w, https:\/\/dermaaestheticslondon.com\/wordpress\/wp-content\/uploads\/2024\/01\/before-and-after-face-slimming-150x150.webp 150w, https:\/\/dermaaestheticslondon.com\/wordpress\/wp-content\/uploads\/2024\/01\/before-and-after-face-slimming-768x768.webp 768w, https:\/\/dermaaestheticslondon.com\/wordpress\/wp-content\/uploads\/2024\/01\/before-and-after-face-slimming-12x12.webp 12w\" sizes=\"(max-width: 1024px) 100vw, 1024px\" \/><\/figure>\n\n\n\n<h2 class=\"wp-block-heading\" id=\"what-is-jawline-filler-treatment\">Qual \u00e9 a fun\u00e7\u00e3o do m\u00fasculo masseter?<\/h2>\n\n\n\n<p>Voc\u00ea encontrar\u00e1 o m\u00fasculo masseter em cada lado do seu rosto. \u00c9 um m\u00fasculo que conecta a mand\u00edbula inferior \u00e0 parte externa da bochecha inferior.&nbsp;<\/p>\n\n\n\n<p>A principal fun\u00e7\u00e3o dos m\u00fasculos masseteres \u00e9 ajudar voc\u00ea a mastigar, movendo sua mand\u00edbula para cima e para baixo. Eles trabalham junto com outros m\u00fasculos do seu rosto para dar suporte \u00e0 a\u00e7\u00e3o de morder e cerrar da sua mand\u00edbula.&nbsp;<\/p>\n\n\n\n<p>Os m\u00fasculos masseteres tamb\u00e9m ajudam a dar forma e contorno \u00e0 parte inferior do seu rosto, principalmente ao redor da \u00e1rea da mand\u00edbula. Se voc\u00ea tem um m\u00fasculo masseter proeminente ou aumentado, voc\u00ea pode ver uma mand\u00edbula mais quadrada ou uma mand\u00edbula mais gordinha.&nbsp;<\/p>\n\n\n\n<p>Seu m\u00fasculo masseter pode mudar de forma ou aumentar de tamanho com ranger excessivo de dentes e cerrar a mand\u00edbula. Isso acontece mais com ranger de dentes habitual que trabalha no m\u00fasculo por um longo per\u00edodo de tempo.&nbsp;<\/p>\n\n\n\n<p><strong>As raz\u00f5es mais comuns para o aumento do tamanho dos m\u00fasculos masseteres s\u00e3o:<\/strong><\/p>\n\n\n\n<p>\u00b7 Sua gen\u00e9tica<\/p>\n\n\n\n<p>\u00b7 Etnia \u2013 pessoas da \u00c1sia tendem a ter m\u00fasculos masseteres maiores<\/p>\n\n\n\n<p>\u00b7 Apertar a mand\u00edbula \u00e0 noite<\/p>\n\n\n\n<p>\u00b7 Ranger de dentes inconsciente \u00e0 noite<\/p>\n\n\n\n<p>\u00b7 Mastiga\u00e7\u00e3o excessiva<\/p>\n\n\n\n<p>\u00b7 Mastigar de um lado da boca<\/p>\n\n\n\n<h2 class=\"wp-block-heading\" id=\"masseter-muscle-botox-treatment-for-jawline-reduction\">Tratamento com Botox para redu\u00e7\u00e3o do m\u00fasculo masseter para redu\u00e7\u00e3o da linha do maxilar<\/h2>\n\n\n\n<p>O tratamento com Botox Masseter ou inje\u00e7\u00f5es de Botox s\u00e3o um tratamento n\u00e3o cir\u00fargico popular. N\u00f3s os injetamos nos m\u00fasculos da mand\u00edbula para ajudar a relaxar um m\u00fasculo masseter hiperativo. Isso ajuda voc\u00ea a obter uma face inferior mais definida e mais fina ao longo do tempo, reduzindo o tamanho dos m\u00fasculos masseter.&nbsp;<\/p>\n\n\n\n<p>Este tratamento de emagrecimento do maxilar usa toxina botul\u00ednica, que \u00e9 uma prote\u00edna natural que existe dentro do m\u00fasculo masseter. Quando injetamos isso no m\u00fasculo, ele interrompe os sinais para os m\u00fasculos por um curto per\u00edodo de tempo.&nbsp;&nbsp;<\/p>\n\n\n\n<p>As inje\u00e7\u00f5es de Botox Masseter tamb\u00e9m podem fazer muito mais do que dar a voc\u00ea uma linha de mand\u00edbula mais estruturada ou mais fina. Elas podem ajudar a aliviar a dor facial causada pela tens\u00e3o e aperto da mand\u00edbula. O tratamento em si oferecer\u00e1 al\u00edvio tempor\u00e1rio, mas geralmente duradouro.&nbsp;<\/p>\n\n\n\n<p>Se voc\u00ea deseja melhorar a simetria geral do seu rosto e obter um maxilar mais estruturado ou suave, <a href=\"https:\/\/dermaaestheticslondon.com\/pt\/contact\/\">entre em contato com nossa cl\u00ednica hoje<\/a> para falar com o Dr. Raja.<\/p>\n\n\n\n<h2 class=\"wp-block-heading\" id=\"what-can-i-expect-during-jawline-slimming-treatment-in-london\">O que posso esperar durante o tratamento de emagrecimento do maxilar em Londres?<\/h2>\n\n\n\n<p>Seu procedimento de emagrecimento do maxilar come\u00e7a com uma consulta inicial em nossa cl\u00ednica na Harley Street, em Londres. \u00c9 aqui que nosso m\u00e9dico pode avaliar sua \u00e1rea do maxilar e perguntar mais sobre suas preocupa\u00e7\u00f5es e problemas.&nbsp;<\/p>\n\n\n\n<p>Ele tamb\u00e9m explicar\u00e1 o que s\u00e3o as inje\u00e7\u00f5es de toxina botul\u00ednica e como elas funcionam. A partir disso, criaremos um plano de tratamento de emagrecimento facial personalizado que ser\u00e1 projetado para dar a voc\u00ea uma linha de mand\u00edbula mais feminina ou uma mand\u00edbula mais masculina e quadrada.<\/p>\n\n\n\n<p>O tratamento de Botox masseter envolve o uso de uma s\u00e9rie de pequenas inje\u00e7\u00f5es no m\u00fasculo masseter. Realizaremos as inje\u00e7\u00f5es em 1-2 sess\u00f5es para ajudar a reduzir o tamanho do m\u00fasculo masseter. Se estivermos tratando atividade muscular excessiva, voc\u00ea pode precisar de 3-4 tratamentos para ver o resultado desejado.&nbsp;<\/p>\n\n\n\n<p>A maioria dos pacientes acha o tratamento bastante confort\u00e1vel. No entanto, podemos discutir o uso de um creme anest\u00e9sico t\u00f3pico em torno de cada local da inje\u00e7\u00e3o. Isso depender\u00e1 de como o paciente se sente sobre receber inje\u00e7\u00f5es e qu\u00e3o sens\u00edvel \u00e9 sua pele.&nbsp;<\/p>\n\n\n\n<p>No total, sua sess\u00e3o de tratamento n\u00e3o levar\u00e1 mais do que 30 minutos para ser conclu\u00edda. N\u00e3o h\u00e1 tempo de inatividade com o Botox masseter, ent\u00e3o voc\u00ea pode voltar ao trabalho e \u00e0s suas atividades normais imediatamente.&nbsp;<\/p>\n\n\n\n<h2 class=\"wp-block-heading\" id=\"how-long-do-the-results-of-jawline-slimming-treatment-last\">Quanto tempo duram os resultados do tratamento de emagrecimento do maxilar?<\/h2>\n\n\n\n<p>Voc\u00ea pode esperar que seus resultados durem de 3 a 4 meses. Neste ponto, voc\u00ea precisar\u00e1 retornar \u00e0 cl\u00ednica para fazer um tratamento de refor\u00e7o. Isso garantir\u00e1 que voc\u00ea mantenha as mudan\u00e7as na atividade muscular e retenha o formato do seu contorno facial mais fino.&nbsp;<\/p>\n\n\n\n<h2 class=\"wp-block-heading\" id=\"talk-to-the-specialists-in-masseter-botox-treatment-in-london\">Fale com os especialistas em tratamento de Botox masseter em Londres<\/h2>\n\n\n\n<p>Na Derma Aesthetics London, voc\u00ea estar\u00e1 nas m\u00e3os de verdadeiros profissionais. Oferecemos uma ampla gama de tratamentos est\u00e9ticos e faciais, incluindo tratamentos de emagrecimento facial e preenchimento d\u00e9rmico. Trabalhamos com nossos pacientes para desenvolver op\u00e7\u00f5es de tratamento personalizadas que correspondam \u00e0s suas necessidades espec\u00edficas e preocupa\u00e7\u00f5es com a pele.&nbsp;<\/p>\n\n\n\n<p>N\u00f3s sempre garantimos que sua seguran\u00e7a e bem-estar sejam nossa maior prioridade. \u00c9 por isso que fornecemos conselhos claros e honestos sobre nossos tratamentos e quais lhe dar\u00e3o mais benef\u00edcios. Temos uma forte reputa\u00e7\u00e3o com nossos pacientes, muitos dos quais voltam a n\u00f3s repetidamente. D\u00ea uma olhada no que nossos <a href=\"https:\/\/www.google.com\/search?q=derma+aecthics+london&amp;oq=derma+aecthics+london&amp;gs_lcrp=EgZjaHJvbWUyBggAEEUYOTIPCAEQLhgNGK8BGMcBGIAEMgkIAhAAGA0YgAQyCAgDEAAYFhgeMggIBBAAGBYYHjINCAUQABiGAxiABBiKBTINCAYQABiGAxiABBiKBTINCAcQABiGAxiABBiKBTINCAgQABiGAxiABBiKBdIBCDU2NjFqMGo3qAIAsAIA&amp;sourceid=chrome&amp;ie=UTF-8#lrd=0x487611e416322439:0xb84cf932b11cbe62,1,,,,\" rel=\"nofollow noopener\" target=\"_blank\">os clientes est\u00e3o dizendo<\/a> sobre sua experi\u00eancia de tratamento.&nbsp;<\/p>\n\n\n\n<p>Se voc\u00ea quiser agendar uma consulta com nosso m\u00e9dico, entre em contato conosco atrav\u00e9s do link abaixo.&nbsp;<\/p>\n\n\n\n<p><a href=\"https:\/\/dermaaestheticslondon.com\/pt\/contact\/\">ENTRE EM CONTATO<\/a><\/p>\n\n\n\n<h2 class=\"wp-block-heading\" id=\"how-to-find-our-skin-clinic-in-london\">Como encontrar nossa cl\u00ednica de pele em Londres<\/h2>\n\n\n\n<p>A cl\u00ednica Derma Aesthetics London fica na Harley Street, que \u00e9 o lar de v\u00e1rios especialistas em sa\u00fade privada e medicina est\u00e9tica. Tamb\u00e9m estamos a uma curta caminhada da Oxford Street, ent\u00e3o voc\u00ea pode se deliciar com algumas compras ap\u00f3s o tratamento.&nbsp;<\/p>\n\n\n\n<p>Estamos a dez minutos de caminhada da Esta\u00e7\u00e3o de Metr\u00f4 Oxford Circus. Se voc\u00ea estiver viajando de carro, h\u00e1 amplo estacionamento com parqu\u00edmetro dispon\u00edvel na Harley Street.&nbsp;&nbsp;<\/p>\n\n\n\n<h2 class=\"wp-block-heading\" id=\"how-to-find-our-skin-clinic-in-london\">Endere\u00e7o<\/h2>\n\n\n\n<p>Rua Harley, 39<br>Londres\u00a0<br>W1G 8QH<br><\/p>\n\n\n<style><\/style><style><\/style>\n<iframe src=\"https:\/\/www.google.com\/maps\/embed?pb=!1m14!1m8!1m3!1d9930.899153256332!2d-0.1468513!3d51.5182649!3m2!1i1024!2i768!4f13.1!3m3!1m2!1s0x487611e416322439%3A0xb84cf932b11cbe62!2sDerma%20Aesthetics%20London!5e0!3m2!1sen!2suk!4v1699790340707!5m2!1sen!2suk\" width=\"600\" height=\"450\" style=\"border:0;\" allowfullscreen=\"\" loading=\"lazy\" referrerpolicy=\"no-referrer-when-downgrade\"><\/iframe>","protected":false},"excerpt":{"rendered":"<p>O emagrecimento do maxilar em Londres usa Botox para relaxar o m\u00fasculo do maxilar e dar a voc\u00ea um maxilar fino e contornado. Marque uma consulta com nossa equipe.<\/p>","protected":false},"author":4,"featured_media":1403,"parent":0,"menu_order":80,"comment_status":"closed","ping_status":"closed","template":"","meta":{"_gspb_post_css":"","pgc_sgb_lightbox_settings":"","footnotes":""},"class_list":["post-2739","page","type-page","status-publish","has-post-thumbnail","hentry"],"blocksy_meta":{"page_structure_type":"type-1","styles_descriptor":{"styles":{"desktop":"","tablet":"","mobile":""},"google_fonts":[],"version":6}},"_links":{"self":[{"href":"https:\/\/dermaaestheticslondon.com\/pt\/wp-json\/wp\/v2\/pages\/2739","targetHints":{"allow":["GET"]}}],"collection":[{"href":"https:\/\/dermaaestheticslondon.com\/pt\/wp-json\/wp\/v2\/pages"}],"about":[{"href":"https:\/\/dermaaestheticslondon.com\/pt\/wp-json\/wp\/v2\/types\/page"}],"author":[{"embeddable":true,"href":"https:\/\/dermaaestheticslondon.com\/pt\/wp-json\/wp\/v2\/users\/4"}],"replies":[{"embeddable":true,"href":"https:\/\/dermaaestheticslondon.com\/pt\/wp-json\/wp\/v2\/comments?post=2739"}],"version-history":[{"count":2,"href":"https:\/\/dermaaestheticslondon.com\/pt\/wp-json\/wp\/v2\/pages\/2739\/revisions"}],"predecessor-version":[{"id":2745,"href":"https:\/\/dermaaestheticslondon.com\/pt\/wp-json\/wp\/v2\/pages\/2739\/revisions\/2745"}],"wp:featuredmedia":[{"embeddable":true,"href":"https:\/\/dermaaestheticslondon.com\/pt\/wp-json\/wp\/v2\/media\/1403"}],"wp:attachment":[{"href":"https:\/\/dermaaestheticslondon.com\/pt\/wp-json\/wp\/v2\/media?parent=2739"}],"curies":[{"name":"wp","href":"https:\/\/api.w.org\/{rel}","templated":true}]}}