{"id":2741,"date":"2024-09-11T12:00:17","date_gmt":"2024-09-11T11:00:17","guid":{"rendered":"https:\/\/dermaaestheticslondon.com\/?p=2741"},"modified":"2025-01-30T12:47:26","modified_gmt":"2025-01-30T12:47:26","slug":"jawline-contouring-london","status":"publish","type":"page","link":"https:\/\/dermaaestheticslondon.com\/pt\/jawline-contouring-london\/","title":{"rendered":"Contorno do maxilar em Londres"},"content":{"rendered":"<p>Os especialistas em pele da Derma Aesthetics London podem ajud\u00e1-lo a obter um maxilar mais esculpido e definido com <strong>contorno do maxilar em Londres<\/strong>.<\/p>\n\n\n\n<p>Quer voc\u00ea tenha uma mand\u00edbula larga ou fraca ou a pele fl\u00e1cida esteja fazendo voc\u00ea parecer mais velho do que \u00e9, nosso <a href=\"https:\/\/dermaaestheticslondon.com\/pt\/treatments\/jawline-filler\/\">preenchimento de mand\u00edbula<\/a> O tratamento pode adicionar mais forma e contorno \u00e0 parte inferior do seu rosto.&nbsp;<\/p>\n\n\n\n<p>Tanto homens quanto mulheres podem se beneficiar de tratamentos de preenchimento d\u00e9rmico no queixo e na linha do maxilar. Eles n\u00e3o apenas adicionam volume e estrutura ao rosto, mas tamb\u00e9m podem servir como um tratamento de endurecimento da pele.&nbsp;<\/p>\n\n\n\n<p>Na Derma Aesthetics London, voc\u00ea estar\u00e1 nas m\u00e3os de um dos m\u00e9dicos est\u00e9ticos mais experientes de Londres. O Dr. Raja tem anos de experi\u00eancia em fornecer tratamento de preenchimento d\u00e9rmico para diferentes \u00e1reas do rosto, incluindo a linha do maxilar. Ele entende como injetar preenchimento na linha do maxilar na profundidade certa para garantir que voc\u00ea veja resultados de apar\u00eancia natural.&nbsp;<\/p>\n\n\n\n<p>Se voc\u00ea estiver pronto para descobrir como o tratamento de preenchimento do maxilar pode lhe dar uma apar\u00eancia mais jovem, entre em contato conosco atrav\u00e9s do link abaixo para agendar uma consulta.&nbsp;<\/p>\n\n\n\n<p><a href=\"https:\/\/dermaaestheticslondon.com\/pt\/contact\/\">AGENDAR UMA CONSULTA<\/a><\/p>\n\n\n\n<figure class=\"wp-block-image size-full is-resized\"><img decoding=\"async\" width=\"1024\" height=\"1024\" src=\"https:\/\/dermaaestheticslondon.com\/wordpress\/wp-content\/uploads\/2024\/01\/facial-harmonisation-london-gallery-07.webp\" alt=\"Jawline Contouring London\" class=\"wp-image-2713\" style=\"width:636px;height:auto\" srcset=\"https:\/\/dermaaestheticslondon.com\/wordpress\/wp-content\/uploads\/2024\/01\/facial-harmonisation-london-gallery-07.webp 1024w, https:\/\/dermaaestheticslondon.com\/wordpress\/wp-content\/uploads\/2024\/01\/facial-harmonisation-london-gallery-07-300x300.webp 300w, https:\/\/dermaaestheticslondon.com\/wordpress\/wp-content\/uploads\/2024\/01\/facial-harmonisation-london-gallery-07-150x150.webp 150w, https:\/\/dermaaestheticslondon.com\/wordpress\/wp-content\/uploads\/2024\/01\/facial-harmonisation-london-gallery-07-768x768.webp 768w\" sizes=\"(max-width: 1024px) 100vw, 1024px\" \/><\/figure>\n\n\n\n<h2 class=\"wp-block-heading\" id=\"what-is-jawline-filler-treatment\">O que \u00e9 o tratamento de contorno com preenchimento do maxilar?<\/h2>\n\n\n\n<p>Preenchimentos de mand\u00edbula, tamb\u00e9m conhecidos como preenchimentos d\u00e9rmicos, s\u00e3o um dos tratamentos est\u00e9ticos mais populares hoje em dia. Sem a necessidade de cirurgia, voc\u00ea pode levantar uma mand\u00edbula fl\u00e1cida e adicionar mais defini\u00e7\u00e3o \u00e0 parte inferior do rosto.&nbsp;<\/p>\n\n\n\n<p>Os tratamentos de preenchimento da mand\u00edbula geralmente funcionam junto <a href=\"https:\/\/dermaaestheticslondon.com\/pt\/treatments\/chin-filler\/\">preenchimento de queixo<\/a> para dar mais forma a um queixo fraco ou reduzir um queixo duplo. Como parte dos seus tratamentos de preenchimento da linha do maxilar, podemos sugerir preenchimentos de queixo e preenchimentos da linha do maxilar para melhorar sua estrutura facial e contorno facial.<\/p>\n\n\n\n<h2 class=\"wp-block-heading\" id=\"more-about-dermal-fillers\">Mais sobre preenchimentos d\u00e9rmicos<\/h2>\n\n\n\n<p>Preenchimentos d\u00e9rmicos, incluindo preenchimentos de mand\u00edbula, s\u00e3o subst\u00e2ncias macias, semelhantes a gel, que incluem \u00e1cido hialur\u00f4nico como seu ingrediente principal. \u00c0 medida que envelhecemos, come\u00e7amos a perder n\u00edveis de \u00e1cido hialur\u00f4nico em nossa pele, e \u00e9 por isso que ela come\u00e7a a parecer fina e opaca e come\u00e7a a ceder.&nbsp;<\/p>\n\n\n\n<p>Usamos preenchimentos de \u00e1cido hialur\u00f4nico para dar \u00e0 linha do maxilar um impulso de hidrata\u00e7\u00e3o. O preenchimento da linha do maxilar n\u00e3o s\u00f3 adiciona volume e estrutura \u00e0 \u00e1rea do queixo e da linha do maxilar, mas tamb\u00e9m pode levantar e firmar a pele. Isso lhe proporciona um brilho mais jovem.&nbsp;<\/p>\n\n\n\n<p>As inje\u00e7\u00f5es de preenchimento d\u00e9rmico tamb\u00e9m podem suavizar linhas e rugas profundas no rosto. Isso inclui usar preenchimento de queixo para reduzir covinhas no queixo e preenchimento de linha do maxilar para preencher rugas ao redor do maxilar.&nbsp;<\/p>\n\n\n\n<h2 class=\"wp-block-heading\" id=\"a-summary-of-jawline-filler-benefits\">Um resumo dos benef\u00edcios do preenchimento do maxilar&nbsp;<\/h2>\n\n\n\n<p>Preenchimentos de \u00e1cido hialur\u00f4nico para o queixo e mand\u00edbula ajudam com:<\/p>\n\n\n\n<p>\u00b7 Adicionando defini\u00e7\u00e3o e forma \u00e0 mand\u00edbula<\/p>\n\n\n\n<p>\u00b7 Minimizar o queixo duplo e as covinhas no queixo<\/p>\n\n\n\n<p>\u00b7 Aperto das papadas e pele solta na linha do maxilar<\/p>\n\n\n\n<p>\u00b7 Corrigir assimetria da parte inferior da face<\/p>\n\n\n\n<p>\u00b7 Restaurar o volume perdido no rosto ap\u00f3s perda de peso ou devido ao envelhecimento<\/p>\n\n\n\n<h2 class=\"wp-block-heading\" id=\"what-happens-during-jawline-filler-in-london\">O que acontece durante o preenchimento do maxilar em Londres?<\/h2>\n\n\n\n<p>Seu primeiro passo \u00e9 ter uma consulta inicial com nosso m\u00e9dico est\u00e9tico. \u00c9 aqui que ele far\u00e1 uma verifica\u00e7\u00e3o do seu hist\u00f3rico m\u00e9dico, avaliar\u00e1 sua mand\u00edbula e \u00e1rea do queixo e decidir\u00e1 se o tratamento de preenchimento de mand\u00edbula \u00e9 adequado para voc\u00ea.&nbsp;<\/p>\n\n\n\n<p>Se voc\u00ea for eleg\u00edvel para o tratamento, ele criar\u00e1 um plano de tratamento personalizado que incluir\u00e1 quantos tratamentos de preenchimento d\u00e9rmico voc\u00ea precisar\u00e1 e quanto preenchimento de mand\u00edbula ele usar\u00e1 para obter os resultados desejados.&nbsp;<\/p>\n\n\n\n<p>Seu tratamento de preenchimento do maxilar deve levar de 30 a 60 minutos para ser conclu\u00eddo. No in\u00edcio do tratamento, o m\u00e9dico limpar\u00e1 e preparar\u00e1 o maxilar para suas inje\u00e7\u00f5es de preenchimento d\u00e9rmico. O tratamento em si \u00e9 relativamente confort\u00e1vel, mas se voc\u00ea preferir, podemos discutir a aplica\u00e7\u00e3o de um creme anest\u00e9sico t\u00f3pico na \u00e1rea primeiro.&nbsp;<\/p>\n\n\n\n<p>Injetaremos os preenchimentos da linha do maxilar usando uma agulha muito fina. Isso garante que eles alcancem a profundidade correta e que o preenchimento do maxilar fique nas \u00e1reas corretas. Usar essa abordagem tamb\u00e9m ajuda a reduzir o risco de hematomas ou incha\u00e7os graves ap\u00f3s o tratamento.<\/p>\n\n\n\n<h2 class=\"wp-block-heading\" id=\"how-long-does-jawline-filler-last\">Quanto tempo dura o preenchimento do maxilar?<\/h2>\n\n\n\n<p>Voc\u00ea ver\u00e1 os resultados vis\u00edveis dos seus preenchimentos de mand\u00edbula imediatamente. No entanto, voc\u00ea precisar\u00e1 dar ao preenchimento duas semanas para assentar e para que os resultados finais apare\u00e7am.&nbsp;<\/p>\n\n\n\n<p>Os resultados do seu tratamento de preenchimento do maxilar podem durar de 12 a 18 meses. Isso depender\u00e1 da sua idade e da rapidez com que seu corpo decomp\u00f5e os preenchimentos d\u00e9rmicos.&nbsp;<\/p>\n\n\n\n<p>D\u00ea uma olhada em nosso <a href=\"https:\/\/dermaaestheticslondon.com\/pt\/gallery\/\">galeria de pacientes<\/a> para ver quais resultados ajudamos nossos pacientes a alcan\u00e7ar com preenchimentos d\u00e9rmicos.&nbsp;<\/p>\n\n\n\n<h2 class=\"wp-block-heading\" id=\"are-there-side-effects-from-jawline-fillers\">Existem efeitos colaterais nos preenchimentos do maxilar?<\/h2>\n\n\n\n<p>Os preenchimentos da linha do maxilar s\u00e3o uma maneira segura de melhorar o formato e a estrutura do seu maxilar quando feitos nas m\u00e3os de um profissional treinado.&nbsp;<\/p>\n\n\n\n<p>Na Derma Aesthetics London, voc\u00ea ter\u00e1 seu tratamento com o Dr. Raja, que tem amplo treinamento m\u00e9dico. Ele administrar\u00e1 com seguran\u00e7a os preenchimentos d\u00e9rmicos para que voc\u00ea se sinta confort\u00e1vel e veja resultados de apar\u00eancia natural que se adaptam ao formato do seu rosto.&nbsp;<\/p>\n\n\n\n<p>Ap\u00f3s o tratamento de preenchimento do maxilar, \u00e9 normal ver alguns hematomas leves, vermelhid\u00e3o e incha\u00e7o ao redor dos locais da inje\u00e7\u00e3o. Isso diminuir\u00e1 em 48 horas e o Dr. Raja fornecer\u00e1 a voc\u00ea um conjunto claro de instru\u00e7\u00f5es de cuidados posteriores para garantir que voc\u00ea cuide da sua pele.<\/p>\n\n\n\n<p>Quanto custa o preenchimento do maxilar?<\/p>\n\n\n\n<p>O custo do seu tratamento de preenchimento do maxilar depender\u00e1 do tamanho da \u00e1rea e de quanto preenchimento d\u00e9rmico precisaremos usar para obter o resultado desejado. Isso varia de pessoa para pessoa. O Dr. Raja desenvolver\u00e1 um plano de tratamento personalizado na sua consulta, onde tamb\u00e9m discutir\u00e1 o custo final com voc\u00ea.&nbsp;<\/p>\n\n\n\n<h2 class=\"wp-block-heading\" id=\"book-a-consultation-for-jawline-filler-in-london\">Agende uma consulta para preenchimento de maxilar em Londres<\/h2>\n\n\n\n<p>Se voc\u00ea quer um cuidado personalizado que seja adaptado \u00e0 sua pele e ao que voc\u00ea precisa, ent\u00e3o os especialistas da Derma Aesthetics London s\u00e3o a escolha certa para voc\u00ea. Priorizamos sua seguran\u00e7a e bem-estar desde sua primeira consulta at\u00e9 o p\u00f3s-tratamento.&nbsp;<\/p>\n\n\n\n<p>Nosso objetivo \u00e9 garantir que voc\u00ea tenha a melhor experi\u00eancia de tratamento para que voc\u00ea saia de n\u00f3s parecendo e se sentindo a melhor vers\u00e3o de si mesmo. Usamos apenas preenchimentos d\u00e9rmicos de alta qualidade de marcas confi\u00e1veis, para que voc\u00ea veja os melhores resultados.&nbsp;<\/p>\n\n\n\n<p>Comece sua jornada para um maxilar mais esculpido e definido agendando sua consulta inicial.<\/p>\n\n\n\n<p><a href=\"https:\/\/dermaaestheticslondon.com\/pt\/contact\/\">CONTATE-NOS<\/a><\/p>\n\n\n\n<h2 class=\"wp-block-heading\" id=\"visiting-our-clinic-in-central-london\">Visitando nossa cl\u00ednica no centro de Londres<\/h2>\n\n\n\n<p>Voc\u00ea pode encontrar a cl\u00ednica Derma Aesthetics London na Harley Street, que fica no cora\u00e7\u00e3o da cidade e a poucos minutos da Oxford Street.<\/p>\n\n\n\n<p>Estamos a dez minutos de caminhada da Esta\u00e7\u00e3o de Metr\u00f4 Oxford Circus. Se voc\u00ea estiver viajando de carro, h\u00e1 amplo estacionamento com parqu\u00edmetro dispon\u00edvel na Harley Street.&nbsp;&nbsp;<\/p>\n\n\n\n<h3 class=\"wp-block-heading\" id=\"address\">Endere\u00e7o<\/h3>\n\n\n\n<p>Rua Harley, 39<br>Londres&nbsp;<br>W1G 8QH<br><\/p>\n\n\n<style><\/style><style><\/style>\n<iframe src=\"https:\/\/www.google.com\/maps\/embed?pb=!1m14!1m8!1m3!1d9930.899153256332!2d-0.1468513!3d51.5182649!3m2!1i1024!2i768!4f13.1!3m3!1m2!1s0x487611e416322439%3A0xb84cf932b11cbe62!2sDerma%20Aesthetics%20London!5e0!3m2!1sen!2suk!4v1699790340707!5m2!1sen!2suk\" width=\"600\" height=\"450\" style=\"border:0;\" allowfullscreen=\"\" loading=\"lazy\" referrerpolicy=\"no-referrer-when-downgrade\"><\/iframe>\n\n\n\n\n<p><\/p>","protected":false},"excerpt":{"rendered":"<p>O contorno do maxilar em Londres \u00e9 uma maneira r\u00e1pida e eficaz de adicionar forma, estrutura e defini\u00e7\u00e3o a um maxilar fraco. Marque sua consulta. <\/p>","protected":false},"author":4,"featured_media":2713,"parent":0,"menu_order":80,"comment_status":"closed","ping_status":"closed","template":"","meta":{"_gspb_post_css":"","pgc_sgb_lightbox_settings":"","footnotes":""},"class_list":["post-2741","page","type-page","status-publish","has-post-thumbnail","hentry"],"blocksy_meta":{"page_structure_type":"type-1","styles_descriptor":{"styles":{"desktop":"","tablet":"","mobile":""},"google_fonts":[],"version":6}},"_links":{"self":[{"href":"https:\/\/dermaaestheticslondon.com\/pt\/wp-json\/wp\/v2\/pages\/2741","targetHints":{"allow":["GET"]}}],"collection":[{"href":"https:\/\/dermaaestheticslondon.com\/pt\/wp-json\/wp\/v2\/pages"}],"about":[{"href":"https:\/\/dermaaestheticslondon.com\/pt\/wp-json\/wp\/v2\/types\/page"}],"author":[{"embeddable":true,"href":"https:\/\/dermaaestheticslondon.com\/pt\/wp-json\/wp\/v2\/users\/4"}],"replies":[{"embeddable":true,"href":"https:\/\/dermaaestheticslondon.com\/pt\/wp-json\/wp\/v2\/comments?post=2741"}],"version-history":[{"count":2,"href":"https:\/\/dermaaestheticslondon.com\/pt\/wp-json\/wp\/v2\/pages\/2741\/revisions"}],"predecessor-version":[{"id":2743,"href":"https:\/\/dermaaestheticslondon.com\/pt\/wp-json\/wp\/v2\/pages\/2741\/revisions\/2743"}],"wp:featuredmedia":[{"embeddable":true,"href":"https:\/\/dermaaestheticslondon.com\/pt\/wp-json\/wp\/v2\/media\/2713"}],"wp:attachment":[{"href":"https:\/\/dermaaestheticslondon.com\/pt\/wp-json\/wp\/v2\/media?parent=2741"}],"curies":[{"name":"wp","href":"https:\/\/api.w.org\/{rel}","templated":true}]}}