{"id":3069,"date":"2024-11-14T10:16:07","date_gmt":"2024-11-14T10:16:07","guid":{"rendered":"https:\/\/dermaaestheticslondon.com\/?p=3069"},"modified":"2025-01-30T12:46:36","modified_gmt":"2025-01-30T12:46:36","slug":"best-cheek-filler-london","status":"publish","type":"page","link":"https:\/\/dermaaestheticslondon.com\/pt\/best-cheek-filler-london\/","title":{"rendered":"Melhor Preenchimento de Bochechas de Londres"},"content":{"rendered":"<p>Para o <strong>melhor preenchimento de bochechas em Londres<\/strong>, n\u00e3o procure mais que os especialistas m\u00e9dicos da Derma Aesthetics London.&nbsp;<\/p>\n\n\n\n<p>Nossa equipe liderada por m\u00e9dicos \u00e9 especializada em tratamentos de preenchimento d\u00e9rmico de bochechas. Usamos produtos de alta qualidade <a href=\"https:\/\/dermaaestheticslondon.com\/pt\/treatments\/cheek-filler\/\">preenchimento de bochechas<\/a> para restaurar o volume perdido em suas bochechas e real\u00e7ar sua beleza natural. Preenchimentos d\u00e9rmicos tamb\u00e9m podem ajudar a hidratar e suavizar a pele, o que significa que voc\u00ea ver\u00e1 um rejuvenescimento facial completo com seu tratamento.&nbsp;<\/p>\n\n\n\n<p>Na Derma Aesthetics London, voc\u00ea estar\u00e1 nas m\u00e3os de <a href=\"https:\/\/dermaaestheticslondon.com\/pt\/about\/\">Dr. Raja<\/a>. Ele \u00e9 um m\u00e9dico cosm\u00e9tico qualificado que tem anos de experi\u00eancia em fornecer inje\u00e7\u00f5es de preenchimento d\u00e9rmico, incluindo preenchimentos de bochecha. Ele trabalhar\u00e1 com voc\u00ea para personalizar seu tratamento de preenchimento de bochecha para se adequar ao formato do seu rosto e melhorar a estrutura natural das ma\u00e7\u00e3s do rosto.&nbsp;<\/p>\n\n\n\n<p>Se voc\u00ea est\u00e1 pronto para descobrir como o aumento das bochechas com preenchimentos d\u00e9rmicos pode dar ao seu rosto mais estrutura e contornos mais jovens, entre em contato com nossa cl\u00ednica em Londres hoje mesmo.&nbsp;<\/p>\n\n\n\n<p><a href=\"https:\/\/dermaaestheticslondon.com\/pt\/contact\/\">MARQUE UMA CONSULTA<\/a><\/p>\n\n\n\n<figure class=\"wp-block-image size-full is-resized\"><img decoding=\"async\" width=\"1024\" height=\"1024\" src=\"https:\/\/dermaaestheticslondon.com\/wordpress\/wp-content\/uploads\/2024\/01\/before-and-after-cheek-filler.webp\" alt=\"Best Cheek Filler London\" class=\"wp-image-1554\" style=\"width:636px;height:auto\" srcset=\"https:\/\/dermaaestheticslondon.com\/wordpress\/wp-content\/uploads\/2024\/01\/before-and-after-cheek-filler.webp 1024w, https:\/\/dermaaestheticslondon.com\/wordpress\/wp-content\/uploads\/2024\/01\/before-and-after-cheek-filler-300x300.webp 300w, https:\/\/dermaaestheticslondon.com\/wordpress\/wp-content\/uploads\/2024\/01\/before-and-after-cheek-filler-150x150.webp 150w, https:\/\/dermaaestheticslondon.com\/wordpress\/wp-content\/uploads\/2024\/01\/before-and-after-cheek-filler-768x768.webp 768w, https:\/\/dermaaestheticslondon.com\/wordpress\/wp-content\/uploads\/2024\/01\/before-and-after-cheek-filler-12x12.webp 12w\" sizes=\"(max-width: 1024px) 100vw, 1024px\" \/><\/figure>\n\n\n\n<h2 class=\"wp-block-heading\" id=\"what-is-jawline-filler-treatment\">O que \u00e9 o tratamento de preenchimento de bochechas?<\/h2>\n\n\n\n<p>Alguns anos atr\u00e1s, um aumento de bochecha significava que voc\u00ea precisaria fazer uma cirurgia para ter implantes de bochecha inseridos. Hoje, isso n\u00e3o \u00e9 mais o caso, e mais pessoas est\u00e3o optando por preenchimentos de bochecha como uma alternativa n\u00e3o cir\u00fargica.&nbsp;<\/p>\n\n\n\n<p>O preenchimento de bochechas \u00e9 um tratamento injet\u00e1vel que pode ajudar a adicionar volume, forma e defini\u00e7\u00e3o \u00e0s suas bochechas. Como os preenchimentos de bochechas adicionam volume \u00e0 \u00e1rea das bochechas, eles s\u00e3o uma \u00f3tima solu\u00e7\u00e3o para qualquer pessoa que queira restaurar o volume facial perdido devido ao envelhecimento ou perda de peso.&nbsp;<\/p>\n\n\n\n<p>O tratamento de preenchimento d\u00e9rmico tamb\u00e9m ajuda a reduzir a apar\u00eancia de linhas e rugas profundas. Isso inclui linhas da boca, linhas do sorriso e linhas do pesco\u00e7o que resultam da flacidez da pele.<\/p>\n\n\n\n<h3 class=\"wp-block-heading\" id=\"hyaluronic-acid-cheek-dermal-fillers\">Preenchimentos d\u00e9rmicos de bochecha com \u00e1cido hialur\u00f4nico<\/h3>\n\n\n\n<p>Nossos tratamentos de preenchimento de bochechas usam preenchimentos d\u00e9rmicos \u2013 subst\u00e2ncias semelhantes a gel que cont\u00eam \u00e1cido hialur\u00f4nico como ingrediente principal. Esta \u00e9 uma subst\u00e2ncia natural do corpo que ajuda a dar for\u00e7a, forma e flexibilidade \u00e0 nossa pele.&nbsp;<\/p>\n\n\n\n<p>\u00c0 medida que envelhecemos, come\u00e7amos a perder n\u00edveis de \u00e1cido hialur\u00f4nico na pele. \u00c9 por isso que vemos mais linhas finas e rugas se formando, e nossa pele come\u00e7a a ficar fina e fl\u00e1cida.&nbsp;<\/p>\n\n\n\n<p>Os preenchimentos de \u00e1cido hialur\u00f4nico ajudam a aumentar os n\u00edveis na sua pele. Isso d\u00e1 \u00e0 pele um impulso instant\u00e2neo de hidrata\u00e7\u00e3o para torn\u00e1-la mais saud\u00e1vel e radiante. Eles tamb\u00e9m ajudam a adicionar volume e preencher a \u00e1rea das bochechas, para que voc\u00ea obtenha mais simetria e estrutura ao seu rosto.&nbsp;<\/p>\n\n\n\n<p>Na Derma Aesthetics London, usamos preenchimentos de bochecha premium das marcas mais confi\u00e1veis do mercado. Isso n\u00e3o s\u00f3 nos ajuda a fornecer a voc\u00ea um tratamento mais personalizado que proporcionar\u00e1 resultados de apar\u00eancia natural, mas tamb\u00e9m garante que seu tratamento seja seguro.<\/p>\n\n\n\n<h2 class=\"wp-block-heading\" id=\"what-can-you-expect-during-dermal-cheek-filler-treatments\">O que voc\u00ea pode esperar durante os tratamentos de preenchimento d\u00e9rmico nas bochechas?<\/h2>\n\n\n\n<h3 class=\"wp-block-heading\" id=\"your-cheek-filler-consultation\">Sua consulta de preenchimento de bochecha<\/h3>\n\n\n\n<p>Esta \u00e9 sua consulta inicial com o Dr. Raja antes de voc\u00ea fazer o tratamento. Durante esta consulta, ele avaliar\u00e1 suas preocupa\u00e7\u00f5es com a pele, analisar\u00e1 seu hist\u00f3rico m\u00e9dico e falar\u00e1 com voc\u00ea sobre o que voc\u00ea quer alcan\u00e7ar com o tratamento de preenchimento de bochecha.&nbsp;<\/p>\n\n\n\n<p>Tamb\u00e9m \u00e9 sua oportunidade de fazer qualquer pergunta que voc\u00ea possa ter, para que voc\u00ea tenha todas as informa\u00e7\u00f5es necess\u00e1rias para tomar a decis\u00e3o certa.&nbsp;<\/p>\n\n\n\n<p>O Dr. Raja tamb\u00e9m criar\u00e1 um plano de tratamento de preenchimento de bochecha personalizado. Ele ser\u00e1 projetado para se adequar ao formato do seu rosto e fornecer resultados de apar\u00eancia natural. Seu plano incluir\u00e1 quanto preenchimento usaremos e quanto custar\u00e1 seu tratamento.&nbsp;<\/p>\n\n\n\n<h3 class=\"wp-block-heading\" id=\"during-your-cheek-fillers-treatment\">Durante o tratamento de preenchimento de bochechas<\/h3>\n\n\n\n<p>Ao chegar \u00e0 nossa cl\u00ednica em Londres, voc\u00ea se encontrar\u00e1 com o Dr. Raja, que lhe explicar\u00e1 o procedimento de preenchimento de bochecha. Isso incluir\u00e1 onde as inje\u00e7\u00f5es de preenchimento d\u00e9rmico ser\u00e3o aplicadas e quanto preenchimento de bochecha ele usar\u00e1 para atingir a apar\u00eancia desejada.&nbsp;<\/p>\n\n\n\n<p>Para injetar o preenchimento da bochecha, usaremos uma agulha ou c\u00e2nula muito fina. As inje\u00e7\u00f5es ser\u00e3o acima da sua ma\u00e7\u00e3 do rosto e ao redor dela. Novamente, isso depender\u00e1 das suas preocupa\u00e7\u00f5es com a pele e da apar\u00eancia que voc\u00ea deseja alcan\u00e7ar.&nbsp;<\/p>\n\n\n\n<p>Ap\u00f3s suas inje\u00e7\u00f5es de preenchimento de bochecha, o Dr. Raja massagear\u00e1 a \u00e1rea de tratamento para garantir que o preenchimento seja distribu\u00eddo uniformemente e se acomode nos lugares certos. Seu tratamento de preenchimento de bochecha n\u00e3o deve levar mais do que 30 minutos. Depois disso, voc\u00ea poder\u00e1 voltar ao trabalho e \u00e0s suas atividades normais.&nbsp;<\/p>\n\n\n\n<h3 class=\"wp-block-heading\" id=\"do-cheek-fillers-hurt\">Preenchimento de bochechas d\u00f3i?<\/h3>\n\n\n\n<p>Para a maioria das pessoas, preenchimentos de bochecha s\u00e3o um tratamento relativamente confort\u00e1vel. Voc\u00ea sentir\u00e1 uma leve picada ou arranh\u00e3o da agulha, mas isso \u00e9 m\u00ednimo.&nbsp;<\/p>\n\n\n\n<p>Se voc\u00ea \u00e9 sens\u00edvel a agulhas ou quer se sentir mais confort\u00e1vel durante o tratamento, podemos discutir a op\u00e7\u00e3o de usar um creme anest\u00e9sico primeiro.&nbsp;<\/p>\n\n\n\n<h3 class=\"wp-block-heading\" id=\"what-to-expect-after-cheek-fillers\">O que esperar ap\u00f3s preenchimentos de bochecha<\/h3>\n\n\n\n<p>Ap\u00f3s o tratamento de preenchimento de bochecha, voc\u00ea pode ver alguma vermelhid\u00e3o leve, hematomas e incha\u00e7o na \u00e1rea da bochecha. Isso \u00e9 normal e diminuir\u00e1 em 24-48 horas.<\/p>\n\n\n\n<p>Voc\u00ea ver\u00e1 os resultados vis\u00edveis dos seus preenchimentos de bochecha imediatamente, no entanto, pode levar at\u00e9 duas semanas para que os preenchimentos se acomodem completamente. Neste ponto, voc\u00ea ver\u00e1 os resultados finais do seu tratamento.&nbsp;<\/p>\n\n\n\n<h2 class=\"wp-block-heading\" id=\"how-long-will-the-results-of-cheek-filler-treatments-last\">Quanto tempo duram os resultados dos tratamentos de preenchimento de bochechas?<\/h2>\n\n\n\n<p>Seus resultados durar\u00e3o por volta de 8 a 12 meses. Isso pode variar para cada pessoa, pois depender\u00e1 de como seu corpo responde aos preenchimentos d\u00e9rmicos e da rapidez com que seu corpo os decomp\u00f5e.<br><br>Aconselhamos nossos pacientes a retornarem \u00e0 cl\u00ednica um pouco antes da marca de 12 meses para que possam ter uma consulta de refor\u00e7o. Isso garante que voc\u00ea continue a aproveitar e manter seus resultados incr\u00edveis.&nbsp;<\/p>\n\n\n\n<h2 class=\"wp-block-heading\" id=\"choose-the-experts-for-cheek-fillers-in-london\">Escolha os especialistas em preenchimento de bochechas em Londres&nbsp;<\/h2>\n\n\n\n<p>Se voc\u00ea deseja melhorar suas bochechas com um tratamento de preenchimento, voc\u00ea deve confiar nas m\u00e3os de especialistas.&nbsp;<\/p>\n\n\n\n<p>Na Derma Aesthetics London, voc\u00ea ter\u00e1 seu tratamento com o Dr. Raja. Ele tem treinamento extensivo em tratamentos injet\u00e1veis, incluindo preenchimentos de bochecha. Ele tem um profundo conhecimento da anatomia facial, o que garante que voc\u00ea tenha uma experi\u00eancia de tratamento precisa e segura.&nbsp;<\/p>\n\n\n\n<p>Seu tratamento de preenchimento de bochecha tamb\u00e9m ser\u00e1 adaptado \u00e0s suas necessidades espec\u00edficas. Isso significa que voc\u00ea sempre obter\u00e1 resultados que parecem naturais e criam um formato de rosto mais equilibrado. Tamb\u00e9m forneceremos instru\u00e7\u00f5es detalhadas de cuidados posteriores para que possamos ajud\u00e1-lo a aproveitar ao m\u00e1ximo seu tratamento.&nbsp;&nbsp;<\/p>\n\n\n\n<p>Entre em contato com nossa cl\u00ednica em Londres hoje mesmo para agendar sua consulta inicial conosco.&nbsp;<\/p>\n\n\n\n<p><a href=\"https:\/\/dermaaestheticslondon.com\/pt\/contact\/\">ENTRE EM CONTATO<\/a><\/p>\n\n\n\n<h2 class=\"wp-block-heading\" id=\"visiting-our-central-london-clinic\">Visitando nossa cl\u00ednica no centro de Londres<\/h2>\n\n\n\n<p>&nbsp;Voc\u00ea pode encontrar a cl\u00ednica Derma Aesthetics London na Harley Street, lar dos melhores m\u00e9dicos est\u00e9ticos do condado.&nbsp;<\/p>\n\n\n\n<p>Estamos a dez minutos a p\u00e9 da esta\u00e7\u00e3o de metr\u00f4 Oxford Circus. Se voc\u00ea estiver viajando de<\/p>\n\n\n\n<p>carro, h\u00e1 amplo estacionamento com parqu\u00edmetro dispon\u00edvel na Harley Street.&nbsp;&nbsp;<\/p>\n\n\n\n<h3 class=\"wp-block-heading\" id=\"address\">Endere\u00e7o<\/h3>\n\n\n\n<p>Rua Harley, 39<\/p>\n\n\n\n<p>Londres&nbsp;<\/p>\n\n\n\n<p>W1G 8QH<\/p>\n\n\n<p><iframe style=\"border: 0;\" src=\"https:\/\/www.google.com\/maps\/embed?pb=!1m14!1m8!1m3!1d9930.899153256332!2d-0.1468513!3d51.5182649!3m2!1i1024!2i768!4f13.1!3m3!1m2!1s0x487611e416322439%3A0xb84cf932b11cbe62!2sDerma%20Aesthetics%20London!5e0!3m2!1sen!2suk!4v1699790340707!5m2!1sen!2suk\" width=\"600\" height=\"450\" allowfullscreen=\"allowfullscreen\"><\/iframe><\/p>","protected":false},"excerpt":{"rendered":"<p>Nosso m\u00e9dico est\u00e9tico \u00e9 especialista no melhor preenchimento de bochechas em Londres. Podemos ajudar voc\u00ea a ver resultados de apar\u00eancia natural. Entre em contato conosco hoje mesmo. <\/p>","protected":false},"author":4,"featured_media":1554,"parent":0,"menu_order":80,"comment_status":"closed","ping_status":"closed","template":"","meta":{"_gspb_post_css":"","pgc_sgb_lightbox_settings":"","footnotes":""},"class_list":["post-3069","page","type-page","status-publish","has-post-thumbnail","hentry"],"blocksy_meta":{"page_structure_type":"type-1","styles_descriptor":{"styles":{"desktop":"","tablet":"","mobile":""},"google_fonts":[],"version":6}},"_links":{"self":[{"href":"https:\/\/dermaaestheticslondon.com\/pt\/wp-json\/wp\/v2\/pages\/3069","targetHints":{"allow":["GET"]}}],"collection":[{"href":"https:\/\/dermaaestheticslondon.com\/pt\/wp-json\/wp\/v2\/pages"}],"about":[{"href":"https:\/\/dermaaestheticslondon.com\/pt\/wp-json\/wp\/v2\/types\/page"}],"author":[{"embeddable":true,"href":"https:\/\/dermaaestheticslondon.com\/pt\/wp-json\/wp\/v2\/users\/4"}],"replies":[{"embeddable":true,"href":"https:\/\/dermaaestheticslondon.com\/pt\/wp-json\/wp\/v2\/comments?post=3069"}],"version-history":[{"count":2,"href":"https:\/\/dermaaestheticslondon.com\/pt\/wp-json\/wp\/v2\/pages\/3069\/revisions"}],"predecessor-version":[{"id":3072,"href":"https:\/\/dermaaestheticslondon.com\/pt\/wp-json\/wp\/v2\/pages\/3069\/revisions\/3072"}],"wp:featuredmedia":[{"embeddable":true,"href":"https:\/\/dermaaestheticslondon.com\/pt\/wp-json\/wp\/v2\/media\/1554"}],"wp:attachment":[{"href":"https:\/\/dermaaestheticslondon.com\/pt\/wp-json\/wp\/v2\/media?parent=3069"}],"curies":[{"name":"wp","href":"https:\/\/api.w.org\/{rel}","templated":true}]}}