{"id":3071,"date":"2024-11-14T10:21:05","date_gmt":"2024-11-14T10:21:05","guid":{"rendered":"https:\/\/dermaaestheticslondon.com\/?p=3071"},"modified":"2025-01-30T12:46:22","modified_gmt":"2025-01-30T12:46:22","slug":"best-tear-trough-filler-london","status":"publish","type":"page","link":"https:\/\/dermaaestheticslondon.com\/pt\/best-tear-trough-filler-london\/","title":{"rendered":"Melhor Preenchimento de Olheiras em Londres"},"content":{"rendered":"<p>A Derma Aesthetics London oferece o <strong>melhor preenchimento de sulcos lacrimais em Londres<\/strong> para ajudar a reduzir olheiras e bolsas nos olhos.&nbsp;<\/p>\n\n\n\n<p>A \u00e1rea abaixo dos olhos, tamb\u00e9m conhecida como sulcos lacrimais, \u00e9 um dos primeiros lugares a mostrar os sinais de envelhecimento. De volume perdido a sombras escuras, se voc\u00ea est\u00e1 procurando um brilho mais jovem, <a href=\"https:\/\/dermaaestheticslondon.com\/pt\/treatments\/tear-trough\/\">preenchimento de sulcos lacrimais<\/a> em nossa cl\u00ednica em Londres \u00e9 uma \u00f3tima solu\u00e7\u00e3o.&nbsp;<\/p>\n\n\n\n<p>Nosso tratamento de preenchimento de sulcos lacrimais usa inje\u00e7\u00f5es de preenchimento d\u00e9rmico para instantaneamente preencher e hidratar sua \u00e1rea de sulcos lacrimais. Isso ajuda voc\u00ea a parecer mais revigorado e menos cansado do que antes.&nbsp;<\/p>\n\n\n\n<p>Na Derma Aesthetics London, voc\u00ea estar\u00e1 nas m\u00e3os experientes do Dr. Raja. Ele \u00e9 um especialista em preenchimento de sulcos lacrimais que entende como injetar preenchimentos d\u00e9rmicos com seguran\u00e7a nos pontos certos e na profundidade certa para que voc\u00ea veja resultados de apar\u00eancia natural.&nbsp;<\/p>\n\n\n\n<p>Se voc\u00ea quiser falar conosco sobre o tratamento para sulcos lacrimais, comece entrando em contato com nossa cl\u00ednica em Londres para marcar uma consulta.&nbsp;<\/p>\n\n\n\n<p><a href=\"https:\/\/dermaaestheticslondon.com\/pt\/contact\/\">AGENDAR UMA CONSULTA<\/a><\/p>\n\n\n\n<figure class=\"wp-block-image size-full is-resized\"><img decoding=\"async\" width=\"1024\" height=\"1024\" src=\"https:\/\/dermaaestheticslondon.com\/wordpress\/wp-content\/uploads\/2024\/06\/before-and-after-tear-trough-filler-2.webp\" alt=\"Best Tear Trough Filler London\" class=\"wp-image-2410\" style=\"width:636px;height:auto\" srcset=\"https:\/\/dermaaestheticslondon.com\/wordpress\/wp-content\/uploads\/2024\/06\/before-and-after-tear-trough-filler-2.webp 1024w, https:\/\/dermaaestheticslondon.com\/wordpress\/wp-content\/uploads\/2024\/06\/before-and-after-tear-trough-filler-2-300x300.webp 300w, https:\/\/dermaaestheticslondon.com\/wordpress\/wp-content\/uploads\/2024\/06\/before-and-after-tear-trough-filler-2-150x150.webp 150w, https:\/\/dermaaestheticslondon.com\/wordpress\/wp-content\/uploads\/2024\/06\/before-and-after-tear-trough-filler-2-768x768.webp 768w\" sizes=\"(max-width: 1024px) 100vw, 1024px\" \/><\/figure>\n\n\n\n<h2 class=\"wp-block-heading\" id=\"what-is-jawline-filler-treatment\">O que s\u00e3o preenchimentos de sulcos lacrimais?<\/h2>\n\n\n\n<p>O tratamento de preenchimento de sulcos lacrimais \u00e9 um procedimento n\u00e3o cir\u00fargico popular que ajuda a tratar os problemas comuns de pele que vemos sob os olhos. O tratamento de sulcos lacrimais usa um tipo espec\u00edfico de preenchimento d\u00e9rmico para minimizar olheiras, preencher um sulco lacrimal oco e suavizar linhas e rugas.&nbsp;<\/p>\n\n\n\n<p>As inje\u00e7\u00f5es de preenchimento de sulcos lacrimais funcionam colocando preenchimento de \u00e1cido hialur\u00f4nico no sulco lacrimal. Esta \u00e9 a \u00e1rea entre a p\u00e1lpebra inferior e a bochecha superior. O \u00e1cido hialur\u00f4nico \u00e9 uma subst\u00e2ncia natural j\u00e1 presente na pele, que ajuda a hidratar e manter a pele firme e saud\u00e1vel.&nbsp;<\/p>\n\n\n\n<p>Ao usar preenchimentos d\u00e9rmicos de \u00e1cido hialur\u00f4nico nas olheiras, estamos ajudando a criar uma \u00e1rea mais lisa e cheia sob os olhos. Em apenas 30 minutos, voc\u00ea parecer\u00e1 mais acordado, radiante e jovem.&nbsp;<\/p>\n\n\n\n<h2 class=\"wp-block-heading\" id=\"what-are-the-benefits-of-tear-trough-treatment\">Quais s\u00e3o os benef\u00edcios do tratamento das olheiras?<\/h2>\n\n\n\n<p>H\u00e1 muitas raz\u00f5es pelas quais recomendamos tratamentos de preenchimento de sulcos lacrimais na Derma Aesthetics London. Aqui est\u00e3o alguns dos principais benef\u00edcios dos preenchimentos d\u00e9rmicos para seus sulcos lacrimais:<\/p>\n\n\n\n<h3 class=\"wp-block-heading\" id=\"reduce-dark-circles\">Reduzir olheiras<\/h3>\n\n\n\n<p>Os preenchimentos de sulcos lacrimais ajudam a combater as olheiras usando preenchimentos d\u00e9rmicos para preencher sulcos lacrimais ocos que est\u00e3o causando um efeito de sombra sob os olhos. O preenchimento de sulcos lacrimais adiciona volume e hidrata instantaneamente para revelar uma \u00e1rea sob os olhos mais rejuvenescida.&nbsp;<\/p>\n\n\n\n<h3 class=\"wp-block-heading\" id=\"restore-lost-volume\">Restaurar volume perdido&nbsp;<\/h3>\n\n\n\n<p>\u00c0 medida que envelhecemos, come\u00e7amos a perder gordura e col\u00e1geno na pele, o que inclui a \u00e1rea do sulco lacrimal. \u00c9 por isso que nossas olheiras come\u00e7am a parecer afundadas e mais cansadas. Os preenchimentos do sulco lacrimal ajudam a restaurar a perda de volume e d\u00e3o \u00e0 \u00e1rea dos olhos uma apar\u00eancia mais cheia e jovem.&nbsp;<\/p>\n\n\n\n<h3 class=\"wp-block-heading\" id=\"target-lines-and-wrinkles\">Linhas e rugas alvo<\/h3>\n\n\n\n<p>O tratamento de sulcos lacrimais n\u00e3o \u00e9 apenas \u00f3timo para tratar olheiras e olheiras, mas tamb\u00e9m reduz a apar\u00eancia de linhas e rugas. Os preenchimentos de sulcos lacrimais suavizam linhas e rugas profundas sob e ao redor da \u00e1rea dos olhos para fornecer uma apar\u00eancia mais renovada.&nbsp;<\/p>\n\n\n\n<h3 class=\"wp-block-heading\" id=\"a-quick-and-minimally-invasive-treatment\">Um tratamento r\u00e1pido e minimamente invasivo&nbsp;<\/h3>\n\n\n\n<p>Os tratamentos para sulcos lacrimais n\u00e3o s\u00e3o cir\u00fargicos, o que significa que n\u00e3o h\u00e1 incis\u00f5es nem longos per\u00edodos de recupera\u00e7\u00e3o. Sob os cuidados do Dr. Raja, voc\u00ea ter\u00e1 seu tratamento em cerca de 30 minutos e poder\u00e1 voltar ao trabalho imediatamente.&nbsp;<\/p>\n\n\n\n<h3 class=\"wp-block-heading\" id=\"long-lasting-results\">Resultados duradouros<\/h3>\n\n\n\n<p>Todos os nossos tratamentos de preenchimento d\u00e9rmico usam preenchimentos d\u00e9rmicos de \u00e1cido hialur\u00f4nico. Este tipo de preenchimento d\u00e9rmico comprovadamente adiciona volume, hidrata e preenche a regi\u00e3o do sulco lacrimal, mantendo sua apar\u00eancia natural. Os resultados dos preenchimentos d\u00e9rmicos do sulco lacrimal devem durar cerca de 12 a 18 meses.&nbsp;<\/p>\n\n\n\n<p>Voc\u00ea pode escolher um tratamento de preenchimento d\u00e9rmico complementar para ajudar a manter seus excelentes resultados ap\u00f3s 12 meses.&nbsp;&nbsp;<\/p>\n\n\n\n<h2 class=\"wp-block-heading\" id=\"are-tear-trough-fillers-safe\">Os preenchimentos de sulcos lacrimais s\u00e3o seguros?<\/h2>\n\n\n\n<p>Nas m\u00e3os de nosso m\u00e9dico est\u00e9tico treinado, seu procedimento de sulco lacrimal ser\u00e1 completamente seguro. Isso porque o Dr. Raja tem ampla experi\u00eancia em fornecer tratamentos de preenchimento de sulco lacrimal. Ele sabe como injetar a quantidade certa, na profundidade certa, para que voc\u00ea veja um \u00f3timo resultado.&nbsp;<\/p>\n\n\n\n<p>Na Derma Aesthetics London, oferecemos a todos os nossos pacientes uma consulta aprofundada. Isso permite que o Dr. Raja o conhe\u00e7a, avalie suas preocupa\u00e7\u00f5es com a pele e desenvolva um plano de tratamento de preenchimento de sulco lacrimal personalizado que atender\u00e1 \u00e0s suas necessidades espec\u00edficas.&nbsp;<\/p>\n\n\n\n<h2 class=\"wp-block-heading\" id=\"tear-trough-fillers-london-what-to-expect\">Preenchimento de sulcos lacrimais em Londres \u2013 o que esperar&nbsp;<\/h2>\n\n\n\n<p>Quando voc\u00ea passa por um tratamento de sulco lacrimal, o Dr. Raja come\u00e7ar\u00e1 falando com voc\u00ea sobre o tratamento, onde os pontos de inje\u00e7\u00e3o ser\u00e3o e o que esperar depois. Ele tamb\u00e9m limpar\u00e1 a \u00e1rea para garantir que ela esteja limpa e pronta para as inje\u00e7\u00f5es.&nbsp;<\/p>\n\n\n\n<p>A regi\u00e3o do sulco lacrimal pode ser bastante sens\u00edvel, ent\u00e3o aplicaremos um creme anest\u00e9sico t\u00f3pico para ajudar a tornar seu tratamento mais confort\u00e1vel. A maioria dos pacientes pergunta: o preenchimento do sulco lacrimal d\u00f3i? Para a maioria dos pacientes, n\u00e3o d\u00f3i, mas sem o creme anest\u00e9sico, voc\u00ea sentir\u00e1 mais um arranh\u00e3o pela agulha entrando.&nbsp;<\/p>\n\n\n\n<p>O Dr. Raja usar\u00e1 uma c\u00e2nula para injetar seus preenchimentos de sulcos lacrimais. Esta \u00e9 uma agulha muito fina que ajuda a reduzir o risco de incha\u00e7o e hematomas na \u00e1rea de tratamento. Voc\u00ea ainda pode ver um leve incha\u00e7o ap\u00f3s o tratamento, mas ele ser\u00e1 m\u00ednimo e diminuir\u00e1 em 24-24 horas.&nbsp;<\/p>\n\n\n\n<h2 class=\"wp-block-heading\" id=\"am-i-suitable-for-under-eye-filler\">Sou indicada para preenchimento nas olheiras?<\/h2>\n\n\n\n<p>Voc\u00ea \u00e9 um bom candidato para preenchimentos de sulcos lacrimais se tiver olheiras e perda de volume resultante do envelhecimento ou perda de peso. No entanto, nem todo mundo ser\u00e1 adequado para tratamento de preenchimento d\u00e9rmico. Se sua pele for muito fina ou se voc\u00ea tiver uma infec\u00e7\u00e3o de pele ou condi\u00e7\u00e3o m\u00e9dica, n\u00e3o recomendaremos este tratamento.&nbsp;<\/p>\n\n\n\n<p>Se voc\u00ea n\u00e3o tem certeza se \u00e9 adequado para o tratamento de preenchimento de sulcos lacrimais, por favor <a href=\"https:\/\/dermaaestheticslondon.com\/pt\/contact\/\">contato<\/a> nossa cl\u00ednica para marcar uma consulta com nosso m\u00e9dico.&nbsp;<\/p>\n\n\n\n<h2 class=\"wp-block-heading\" id=\"talk-to-the-experts-in-tear-trough-filler-treatment-london\">Fale com os especialistas em tratamento de preenchimento de sulcos lacrimais em Londres<\/h2>\n\n\n\n<p>Se voc\u00ea quer reduzir as olheiras e ver uma \u00e1rea mais jovem sob os olhos, os especialistas da Derma Aesthetics London podem ajudar com o tratamento de sulcos lacrimais. Usamos t\u00e9cnicas avan\u00e7adas e preenchimentos d\u00e9rmicos de alta qualidade para garantir que voc\u00ea tenha a melhor experi\u00eancia de tratamento e alcance resultados que realcem sua beleza natural.&nbsp;<\/p>\n\n\n\n<p>Sua seguran\u00e7a e bem-estar s\u00e3o nossa maior prioridade. Voc\u00ea n\u00e3o s\u00f3 ter\u00e1 uma consulta detalhada para ter todas as informa\u00e7\u00f5es para tomar a decis\u00e3o certa para voc\u00ea, mas tamb\u00e9m oferecemos cuidados posteriores abrangentes. Isso garante que voc\u00ea se recupere e cure completamente do seu tratamento para que possa desfrutar de resultados duradouros.&nbsp;<\/p>\n\n\n\n<p>D\u00ea os primeiros passos para ter olheiras mais claras agendando uma consulta.&nbsp;<\/p>\n\n\n\n<p><a href=\"https:\/\/dermaaestheticslondon.com\/pt\/contact\/\">ENTRE EM CONTATO<\/a><\/p>\n\n\n\n<h2 class=\"wp-block-heading\" id=\"finding-our-london-clinic\">Encontrando nossa cl\u00ednica em Londres&nbsp;<\/h2>\n\n\n\n<p>A cl\u00ednica Derma Aesthetics London fica na Harley Street. Tamb\u00e9m estamos a uma curta caminhada da Oxford Street, ent\u00e3o voc\u00ea pode aproveitar para fazer compras depois do seu tratamento.&nbsp;<\/p>\n\n\n\n<p>Estamos a dez minutos a p\u00e9 da esta\u00e7\u00e3o de metr\u00f4 Oxford Circus. Se voc\u00ea estiver viajando de<\/p>\n\n\n\n<p>carro, h\u00e1 amplo estacionamento com parqu\u00edmetro dispon\u00edvel na Harley Street.&nbsp;&nbsp;<\/p>\n\n\n\n<h3 class=\"wp-block-heading\" id=\"address\">Endere\u00e7o<\/h3>\n\n\n\n<p>Rua Harley, 39<\/p>\n\n\n\n<p>Londres&nbsp;<\/p>\n\n\n\n<p>W1G 8QH<\/p>\n\n\n<p><iframe style=\"border: 0;\" src=\"https:\/\/www.google.com\/maps\/embed?pb=!1m14!1m8!1m3!1d9930.899153256332!2d-0.1468513!3d51.5182649!3m2!1i1024!2i768!4f13.1!3m3!1m2!1s0x487611e416322439%3A0xb84cf932b11cbe62!2sDerma%20Aesthetics%20London!5e0!3m2!1sen!2suk!4v1699790340707!5m2!1sen!2suk\" width=\"600\" height=\"450\" allowfullscreen=\"allowfullscreen\"><\/iframe><\/p>","protected":false},"excerpt":{"rendered":"<p>Obtenha resultados instant\u00e2neos e de apar\u00eancia natural com o melhor preenchimento de sulcos lacrimais em Londres com os especialistas da Derma Aesthetics London. Agende uma consulta.<\/p>","protected":false},"author":4,"featured_media":2410,"parent":0,"menu_order":80,"comment_status":"closed","ping_status":"closed","template":"","meta":{"_gspb_post_css":"","pgc_sgb_lightbox_settings":"","footnotes":""},"class_list":["post-3071","page","type-page","status-publish","has-post-thumbnail","hentry"],"blocksy_meta":{"page_structure_type":"type-1","styles_descriptor":{"styles":{"desktop":"","tablet":"","mobile":""},"google_fonts":[],"version":6}},"_links":{"self":[{"href":"https:\/\/dermaaestheticslondon.com\/pt\/wp-json\/wp\/v2\/pages\/3071","targetHints":{"allow":["GET"]}}],"collection":[{"href":"https:\/\/dermaaestheticslondon.com\/pt\/wp-json\/wp\/v2\/pages"}],"about":[{"href":"https:\/\/dermaaestheticslondon.com\/pt\/wp-json\/wp\/v2\/types\/page"}],"author":[{"embeddable":true,"href":"https:\/\/dermaaestheticslondon.com\/pt\/wp-json\/wp\/v2\/users\/4"}],"replies":[{"embeddable":true,"href":"https:\/\/dermaaestheticslondon.com\/pt\/wp-json\/wp\/v2\/comments?post=3071"}],"version-history":[{"count":1,"href":"https:\/\/dermaaestheticslondon.com\/pt\/wp-json\/wp\/v2\/pages\/3071\/revisions"}],"predecessor-version":[{"id":3073,"href":"https:\/\/dermaaestheticslondon.com\/pt\/wp-json\/wp\/v2\/pages\/3071\/revisions\/3073"}],"wp:featuredmedia":[{"embeddable":true,"href":"https:\/\/dermaaestheticslondon.com\/pt\/wp-json\/wp\/v2\/media\/2410"}],"wp:attachment":[{"href":"https:\/\/dermaaestheticslondon.com\/pt\/wp-json\/wp\/v2\/media?parent=3071"}],"curies":[{"name":"wp","href":"https:\/\/api.w.org\/{rel}","templated":true}]}}