{"id":4012,"date":"2025-08-25T10:19:38","date_gmt":"2025-08-25T09:19:38","guid":{"rendered":"https:\/\/dermaaestheticslondon.com\/?page_id=4012"},"modified":"2025-08-26T11:15:03","modified_gmt":"2025-08-26T10:15:03","slug":"tear-trough-filler-hampstead","status":"publish","type":"page","link":"https:\/\/dermaaestheticslondon.com\/pt\/tear-trough-filler-hampstead\/","title":{"rendered":"Preenchimento de sulcos lacrimais em Hampstead"},"content":{"rendered":"<p>Voc\u00ea parece cansado mesmo estando bem descansado? <strong>Preenchimento de sulcos lacrimais em Hampstead<\/strong> pode ser a solu\u00e7\u00e3o. Converse com os especialistas em pele da Derma Aesthetics sobre como podemos ajudar voc\u00ea a recuperar uma apar\u00eancia mais jovem.<\/p>\n\n\n\n<p>Na Derma Aesthetics London, oferecemos <a href=\"https:\/\/dermaaestheticslondon.com\/pt\/treatments\/tear-trough\/\">preenchimento de sulcos lacrimais<\/a> Tratamento para ajudar a restaurar o volume perdido na \u00e1rea dos olhos. Este procedimento minimamente invasivo tamb\u00e9m reduz olheiras e bolsas sob os olhos. Para voc\u00ea, isso significa uma apar\u00eancia renovada com resultados naturais.&nbsp;<\/p>\n\n\n\n<p>Em nossa cl\u00ednica dermatol\u00f3gica perto de West Hampstead, voc\u00ea far\u00e1 o tratamento da olheira com um membro da nossa equipe m\u00e9dica treinada. Oferecemos tratamentos de preenchimento d\u00e9rmico personalizados que se adaptam \u00e0 sua estrutura facial e real\u00e7am sua beleza natural.&nbsp;<\/p>\n\n\n\n<p>Comece sua jornada para uma \u00e1rea dos olhos mais jovem agendando uma consulta para preenchimento de olheiras perto de Hampstead.&nbsp;&nbsp;<\/p>\n\n\n\n<p><a href=\"https:\/\/dermaaestheticslondon.com\/pt\/contact\/\">AGENDAR UMA CONSULTA<\/a><\/p>\n\n\n\n<figure class=\"wp-block-image size-full\"><img decoding=\"async\" width=\"654\" height=\"654\" src=\"https:\/\/dermaaestheticslondon.com\/wordpress\/wp-content\/uploads\/2024\/01\/light-eyes.webp\" alt=\"Tear Trough Filler Hampstead\" class=\"wp-image-1382\" srcset=\"https:\/\/dermaaestheticslondon.com\/wordpress\/wp-content\/uploads\/2024\/01\/light-eyes.webp 654w, https:\/\/dermaaestheticslondon.com\/wordpress\/wp-content\/uploads\/2024\/01\/light-eyes-300x300.webp 300w, https:\/\/dermaaestheticslondon.com\/wordpress\/wp-content\/uploads\/2024\/01\/light-eyes-150x150.webp 150w\" sizes=\"(max-width: 654px) 100vw, 654px\" \/><\/figure>\n\n\n\n<h2 class=\"wp-block-heading\" id=\"what-is-tear-trough-filler-treatment\">O que \u00e9 o tratamento de preenchimento de sulcos lacrimais?<\/h2>\n\n\n\n<p>O preenchimento de olheiras \u00e9 um tipo de tratamento de preenchimento d\u00e9rmico feito especificamente para a \u00e1rea abaixo dos olhos (olheiras).&nbsp;<\/p>\n\n\n\n<p>\u00c0 medida que envelhecemos ou por causa da exposi\u00e7\u00e3o ao sol e do estilo de vida moderno, come\u00e7amos a ver olheiras e buracos ao redor dos olhos.&nbsp;<\/p>\n\n\n\n<p>Preenchimentos ou tratamentos para olheiras ajudam a tratar a depress\u00e3o e a perda de volume sob os olhos. Como resultado, a \u00e1rea parece mais preenchida e jovem.&nbsp;<\/p>\n\n\n\n<p>Como os preenchimentos d\u00e9rmicos tamb\u00e9m incluem \u00e1cido hialur\u00f4nico como ingrediente principal, eles tamb\u00e9m ajudam a minimizar olheiras e sombras ao hidratar a \u00e1rea inferior dos olhos.&nbsp;<\/p>\n\n\n\n<p>Ao injetar pequenas quantidades de preenchimento de sulcos lacrimais, podemos restaurar o volume perdido e dar sustenta\u00e7\u00e3o \u00e0 parte superior da bochecha e \u00e0 p\u00e1lpebra inferior. Isso resulta em olheiras mais iluminadas e rejuvenescimento facial geral.<\/p>\n\n\n\n<h2 class=\"wp-block-heading\" id=\"how-do-tear-trough-fillers-work\">Como funcionam os preenchimentos de sulcos lacrimais?<\/h2>\n\n\n\n<p>O primeiro passo na sua jornada com preenchimento de sulcos lacrimais \u00e9 uma consulta em nossa cl\u00ednica perto de Hampstead. Isso permite que nosso m\u00e9dico avalie a condi\u00e7\u00e3o da sua pele, a estrutura e as caracter\u00edsticas faciais. A partir disso, podemos desenvolver um plano de tratamento personalizado para preenchimento de sulcos lacrimais.<\/p>\n\n\n\n<p>Durante a sua consulta de preenchimento de sulcos lacrimais, aplicaremos primeiro um creme anest\u00e9sico na \u00e1rea dos sulcos lacrimais. Isso ajudar\u00e1 a minimizar o desconforto das inje\u00e7\u00f5es.&nbsp;<\/p>\n\n\n\n<p>O m\u00e9dico usar\u00e1 uma agulha fina ou c\u00e2nula para injetar os preenchimentos d\u00e9rmicos na regi\u00e3o inferior dos olhos. Os preenchimentos das olheiras atuam levantando e preenchendo suavemente a pele delicada sob os olhos.&nbsp;<\/p>\n\n\n\n<p>O \u00e1cido hialur\u00f4nico presente nos preenchimentos d\u00e9rmicos tamb\u00e9m atrai \u00e1gua para hidratar a pele e pode estimular a produ\u00e7\u00e3o de col\u00e1geno. Como resultado, voc\u00ea ver\u00e1 uma melhora na elasticidade da pele e um preenchimento natural na \u00e1rea afundada sob os olhos.&nbsp;<\/p>\n\n\n\n<p>O tratamento n\u00e3o deve durar mais de 30 minutos e o tempo de recupera\u00e7\u00e3o \u00e9 m\u00ednimo. Voc\u00ea pode sentir um leve incha\u00e7o ou vermelhid\u00e3o, que desaparecer\u00e3o em algumas horas.&nbsp;<\/p>\n\n\n\n<h2 class=\"wp-block-heading\" id=\"tear-trough-filler-results\">Resultados do preenchimento de sulcos lacrimais&nbsp;<\/h2>\n\n\n\n<p>Voc\u00ea deve notar uma melhora imediata no volume dos sulcos lacrimais e no brilho da pele. No entanto, pode levar at\u00e9 duas semanas para que os preenchimentos se acomodem e os resultados finais apare\u00e7am.<\/p>\n\n\n\n<p>Na Derma Aesthetics London, tamb\u00e9m fornecemos instru\u00e7\u00f5es detalhadas de cuidados posteriores para ajudar voc\u00ea a ter uma recupera\u00e7\u00e3o tranquila e aproveitar ao m\u00e1ximo seu tratamento para sulcos lacrimais.<\/p>\n\n\n\n<p>A maioria dos nossos pacientes observa os resultados do preenchimento de sulcos lacrimais durarem de 12 a 16 meses. Isso depender\u00e1 de como seu corpo responde aos preenchimentos d\u00e9rmicos e da rapidez com que eles s\u00e3o decompostos.<\/p>\n\n\n\n<p>Para manter seus resultados, recomendamos retornar \u00e0 cl\u00ednica ap\u00f3s 12 meses para fazer um tratamento de refor\u00e7o.&nbsp;<\/p>\n\n\n\n<h2 class=\"wp-block-heading\" id=\"what-other-areas-can-i-have-dermal-fillers-in\">Em quais outras \u00e1reas posso aplicar preenchimentos d\u00e9rmicos?<\/h2>\n\n\n\n<p>Em nossa cl\u00ednica perto de Hampstead, n\u00e3o oferecemos apenas preenchimentos d\u00e9rmicos nas olheiras, mas tamb\u00e9m uma variedade de tratamentos de preenchimento para real\u00e7ar suas caracter\u00edsticas faciais e trazer equil\u00edbrio ao seu rosto.<\/p>\n\n\n\n<p>Outros tratamentos de preenchimento d\u00e9rmico incluem:<\/p>\n\n\n\n<ul class=\"wp-block-list\">\n<li><strong>Sulcos nasolabiais<\/strong> \u2013 suavizar as linhas e rugas do nariz aos cantos da boca<\/li>\n\n\n\n<li><strong>Linhas de marionete<\/strong> \u2013 reduzir as linhas da boca ao queixo<\/li>\n\n\n\n<li><strong>Bochecha superior<\/strong> \u2013 adicionar volume e levantar a pele fl\u00e1cida<\/li>\n\n\n\n<li><strong>Mand\u00edbula e queixo<\/strong> \u2013 definir e contornar o queixo e reduzir a apar\u00eancia de queixo duplo<\/li>\n\n\n\n<li><strong>L\u00e1bios<\/strong> \u2013 modelar, dar volume e adicionar defini\u00e7\u00e3o \u00e0 \u00e1rea da boca<\/li>\n<\/ul>\n\n\n\n<p><a href=\"https:\/\/dermaaestheticslondon.com\/pt\/treatment-category\/dermal-fillers\/\">LISTA COMPLETA DE TRATAMENTOS DE PREENCHIMENTO D\u00c9RMICO<\/a><\/p>\n\n\n\n<h2 class=\"wp-block-heading\" id=\"combine-tear-trough-fillers-with-other-facial-rejuvenation-treatments\">Combine preenchimentos de sulcos lacrimais com outros tratamentos de rejuvenescimento facial<\/h2>\n\n\n\n<p>Para ajudar voc\u00ea a ter uma apar\u00eancia e se sentir melhor, podemos combinar preenchimentos de sulcos lacrimais com alguns de nossos outros tratamentos n\u00e3o cir\u00fargicos:<\/p>\n\n\n\n<p>\u00b7 &nbsp; &nbsp; &nbsp; <strong>HidraFacial <\/strong>\u2013 um curso de <a href=\"https:\/\/dermaaestheticslondon.com\/pt\/treatments\/hydrafacial\/\">Tratamentos HydraFacial<\/a> pode ajudar a melhorar a textura e o tom da sua pele, deixando-a brilhante.<\/p>\n\n\n\n<p>\u00b7 &nbsp; &nbsp; &nbsp; <strong>Tratamento antirrugas <\/strong>- esses <a href=\"https:\/\/dermaaestheticslondon.com\/pt\/treatments\/anti-wrinkle-treatment\/\">inje\u00e7\u00f5es<\/a> ajuda a reduzir linhas finas e rugas.<\/p>\n\n\n\n<p>\u00b7 &nbsp; &nbsp; &nbsp; <strong>Microagulhamento <\/strong>\u2013 n\u00f3s usamos <a href=\"https:\/\/dermaaestheticslondon.com\/pt\/treatments\/microneedling\/\">microagulhamento<\/a> para aumentar a produ\u00e7\u00e3o de col\u00e1geno e firmar a pele.<\/p>\n\n\n\n<p>Discutiremos quais tipos de tratamentos funcionar\u00e3o melhor para sua pele e daremos resultados completos de rejuvenescimento da pele durante sua consulta.&nbsp;<\/p>\n\n\n\n<p><a href=\"https:\/\/dermaaestheticslondon.com\/pt\/contact\/\">CONTATE-NOS<\/a><\/p>\n\n\n\n<p>Por que escolher a Derma Aesthetics London perto de Hampstead?<\/p>\n\n\n\n<p>A Derma Aesthetics London est\u00e1 convenientemente localizada no centro de Londres, perto de West Hampstead. Somos uma cl\u00ednica de est\u00e9tica confi\u00e1vel que oferece tratamentos de preenchimento d\u00e9rmico seguros e eficazes.<\/p>\n\n\n\n<p>Nossos clientes nos escolhem porque:<\/p>\n\n\n\n<p>\u00b7 Utilizamos produtos de grau m\u00e9dico e t\u00e9cnicas avan\u00e7adas de inje\u00e7\u00e3o<\/p>\n\n\n\n<p>\u00b7 Voc\u00ea recebe um plano de tratamento personalizado com base na sua estrutura facial<\/p>\n\n\n\n<p>\u00b7 Nossa equipe \u00e9 formada por m\u00e9dicos especialistas com forma\u00e7\u00e3o profissional&nbsp;<\/p>\n\n\n\n<p>\u00b7 Voc\u00ea recebe atendimento especializado, incluindo suporte p\u00f3s-tratamento<\/p>\n\n\n\n<p>\u00b7 Nossos tratamentos s\u00e3o projetados para ajudar voc\u00ea a obter resultados de apar\u00eancia natural<\/p>\n\n\n\n<p>N\u00e3o importa se voc\u00ea \u00e9 novo em nossa cl\u00ednica ou um cliente antigo, n\u00f3s o apoiaremos em cada etapa de sua jornada.&nbsp;<\/p>\n\n\n\n<h2 class=\"wp-block-heading\" id=\"book-your-tear-trough-filler-consultation\">Agende sua consulta para preenchimento de sulcos lacrimais&nbsp;<\/h2>\n\n\n\n<p>Os preenchimentos d\u00e9rmicos oferecem a capacidade de reduzir bolsas oculares, clarear olheiras e restaurar o volume sob os olhos. Se quiser saber mais sobre como os preenchimentos d\u00e9rmicos podem ajudar voc\u00ea a obter resultados sutis, por\u00e9m poderosos, entre em contato com nossa equipe abaixo.&nbsp;<\/p>\n\n\n\n<p><a href=\"https:\/\/dermaaestheticslondon.com\/pt\/contact\/\">ENTRE EM CONTATO<\/a><\/p>\n\n\n\n<h2 class=\"wp-block-heading\" id=\"how-to-find-our-clinic-near-hampstead\">Como encontrar nossa cl\u00ednica perto de Hampstead<\/h2>\n\n\n\n<p>A cl\u00ednica Derma Aesthetics London fica na Harley Street, que \u00e9 o lar de v\u00e1rios especialistas em sa\u00fade privada e medicina est\u00e9tica. Tamb\u00e9m estamos a uma curta caminhada da Oxford Street, ent\u00e3o voc\u00ea pode se deliciar com algumas compras ap\u00f3s o tratamento.&nbsp;<\/p>\n\n\n\n<p>Voc\u00ea pode pegar a Linha Norte do metr\u00f4 de Hampstead at\u00e9 Warren Street em 12 minutos e estamos a cerca de 20 minutos de caminhada da esta\u00e7\u00e3o Warren Street.&nbsp;<\/p>\n\n\n\n<p>Se voc\u00ea estiver viajando de carro, estamos a apenas 20 minutos de Hampstead, e h\u00e1 amplo estacionamento com parqu\u00edmetro dispon\u00edvel na Harley Street.&nbsp;&nbsp;<\/p>\n\n\n\n<h3 class=\"wp-block-heading\" id=\"address\">Endere\u00e7o<\/h3>\n\n\n\n<p>39 Harley St, Londres&nbsp;<br>W1G 8QH<\/p>\n\n\n<p><iframe style=\"border: 0;\" src=\"https:\/\/www.google.com\/maps\/embed?pb=!1m14!1m8!1m3!1d9930.899153256332!2d-0.1468513!3d51.5182649!3m2!1i1024!2i768!4f13.1!3m3!1m2!1s0x487611e416322439%3A0xb84cf932b11cbe62!2sDerma%20Aesthetics%20London!5e0!3m2!1sen!2suk!4v1699790340707!5m2!1sen!2suk\" width=\"100%\" height=\"450\" allowfullscreen=\"allowfullscreen\"><\/iframe><\/p>\n<h2><span style=\"font-weight: 400;\">Sobre Hampstead\u00a0<\/span><\/h2>\n<p><span style=\"font-weight: 400;\">Hampstead \u00e9 uma das \u00e1reas mais desejadas para se viver no noroeste de Londres. Ela oferece uma \u00f3tima mistura de charme hist\u00f3rico e uma vibrante vida cultural.<\/span><\/p>\n<p><span style=\"font-weight: 400;\">A regi\u00e3o de Hampstead tem uma atmosfera t\u00edpica de vilarejo no cora\u00e7\u00e3o de Londres. Um de seus pontos tur\u00edsticos mais famosos \u00e9 Hampstead Heath, um espa\u00e7o verde incr\u00edvel com vista para a Colina do Parlamento.\u00a0<\/span><\/p>\n<p><span style=\"font-weight: 400;\">Hampstead tamb\u00e9m conta com excelentes conex\u00f5es de transporte atrav\u00e9s da Esta\u00e7\u00e3o de Metr\u00f4 Hampstead e do West Hampstead Overground. Isso significa que voc\u00ea pode acessar mais \u00e1reas de Londres com facilidade. <\/span><\/p>","protected":false},"excerpt":{"rendered":"<p>Voc\u00ea parece cansado mesmo estando bem descansado? O preenchimento de sulcos lacrimais em Hampstead pode ser a solu\u00e7\u00e3o. Converse com os especialistas em pele da Derma Aesthetics sobre como podemos ajudar voc\u00ea a recuperar uma apar\u00eancia mais jovem.<\/p>","protected":false},"author":4,"featured_media":1382,"parent":0,"menu_order":70,"comment_status":"closed","ping_status":"closed","template":"","meta":{"_gspb_post_css":"","pgc_sgb_lightbox_settings":"","footnotes":""},"class_list":["post-4012","page","type-page","status-publish","has-post-thumbnail","hentry"],"blocksy_meta":{"page_structure_type":"type-1","styles_descriptor":{"styles":{"desktop":"","tablet":"","mobile":""},"google_fonts":[],"version":6}},"_links":{"self":[{"href":"https:\/\/dermaaestheticslondon.com\/pt\/wp-json\/wp\/v2\/pages\/4012","targetHints":{"allow":["GET"]}}],"collection":[{"href":"https:\/\/dermaaestheticslondon.com\/pt\/wp-json\/wp\/v2\/pages"}],"about":[{"href":"https:\/\/dermaaestheticslondon.com\/pt\/wp-json\/wp\/v2\/types\/page"}],"author":[{"embeddable":true,"href":"https:\/\/dermaaestheticslondon.com\/pt\/wp-json\/wp\/v2\/users\/4"}],"replies":[{"embeddable":true,"href":"https:\/\/dermaaestheticslondon.com\/pt\/wp-json\/wp\/v2\/comments?post=4012"}],"version-history":[{"count":4,"href":"https:\/\/dermaaestheticslondon.com\/pt\/wp-json\/wp\/v2\/pages\/4012\/revisions"}],"predecessor-version":[{"id":4021,"href":"https:\/\/dermaaestheticslondon.com\/pt\/wp-json\/wp\/v2\/pages\/4012\/revisions\/4021"}],"wp:featuredmedia":[{"embeddable":true,"href":"https:\/\/dermaaestheticslondon.com\/pt\/wp-json\/wp\/v2\/media\/1382"}],"wp:attachment":[{"href":"https:\/\/dermaaestheticslondon.com\/pt\/wp-json\/wp\/v2\/media?parent=4012"}],"curies":[{"name":"wp","href":"https:\/\/api.w.org\/{rel}","templated":true}]}}