{"id":4131,"date":"2025-09-18T13:07:42","date_gmt":"2025-09-18T12:07:42","guid":{"rendered":"https:\/\/dermaaestheticslondon.com\/?page_id=4131"},"modified":"2025-09-18T13:07:43","modified_gmt":"2025-09-18T12:07:43","slug":"endolift-marylebone","status":"publish","type":"page","link":"https:\/\/dermaaestheticslondon.com\/pt\/endolift-marylebone\/","title":{"rendered":"Endolift Marylebone"},"content":{"rendered":"<p>Firme a pele fl\u00e1cida e esculpa os contornos do seu rosto com o Endolift em Marylebone na Derma Aesthetics London.&nbsp;<\/p>\n\n\n\n<p>Em nossa cl\u00ednica de pele no centro de Londres, oferecemos <a href=\"https:\/\/dermaaestheticslondon.com\/pt\/treatments\/endolift\/\">Tratamento Endolift<\/a>, um tratamento de ponta para redu\u00e7\u00e3o de gordura e endurecimento da pele.&nbsp;<\/p>\n\n\n\n<p>Utiliza energia laser para atingir o excesso de c\u00e9lulas de gordura e a flacidez da pele, al\u00e9m de aumentar a produ\u00e7\u00e3o de col\u00e1geno. Isso ajuda a melhorar a flacidez e a textura da pele, proporcionando uma pele mais firme e vi\u00e7osa.&nbsp;<\/p>\n\n\n\n<p>A Derma Aesthetics London \u00e9 uma cl\u00ednica est\u00e9tica l\u00edder perto de Marylebone. Somos uma cl\u00ednica de pele liderada por m\u00e9dicos, especializada nos tratamentos n\u00e3o cir\u00fargicos mais modernos. Trabalhamos com nossos pacientes para criar planos de tratamento Endolift personalizados que se adaptam ao seu tipo de pele e proporcionam resultados naturais.&nbsp;<\/p>\n\n\n\n<p>Agende sua consulta de Endolift hoje mesmo e d\u00ea o primeiro passo para uma pele mais firme e com apar\u00eancia mais jovem.&nbsp;<\/p>\n\n\n\n<p><a href=\"https:\/\/dermaaestheticslondon.com\/pt\/contact\/\">AGENDAR UMA CONSULTA<\/a><\/p>\n\n\n\n<figure class=\"wp-block-image size-full\"><img decoding=\"async\" width=\"602\" height=\"602\" src=\"https:\/\/dermaaestheticslondon.com\/wordpress\/wp-content\/uploads\/2024\/04\/endolift-london-before-after.webp\" alt=\"Endolift Marylebone\" class=\"wp-image-2205\" srcset=\"https:\/\/dermaaestheticslondon.com\/wordpress\/wp-content\/uploads\/2024\/04\/endolift-london-before-after.webp 602w, https:\/\/dermaaestheticslondon.com\/wordpress\/wp-content\/uploads\/2024\/04\/endolift-london-before-after-300x300.webp 300w, https:\/\/dermaaestheticslondon.com\/wordpress\/wp-content\/uploads\/2024\/04\/endolift-london-before-after-150x150.webp 150w\" sizes=\"(max-width: 602px) 100vw, 602px\" \/><\/figure>\n\n\n\n<h2 class=\"wp-block-heading\" id=\"what-is-endolift-treatment\">O que \u00e9 o tratamento Endolift?<\/h2>\n\n\n\n<p>O envelhecimento \u00e9 uma parte positiva da vida, mas \u00e0s vezes os efeitos vis\u00edveis do envelhecimento, como flacidez da pele, excesso de pele e linhas e rugas, come\u00e7am a aparecer mais cedo do que gostar\u00edamos.&nbsp;<\/p>\n\n\n\n<p>Embora os cuidados di\u00e1rios com a pele possam ajudar, se voc\u00ea deseja uma maneira mais eficaz de combater e reduzir os sinais de envelhecimento na pele, o tratamento Endolift em Londres \u00e9 uma \u00f3tima op\u00e7\u00e3o.<\/p>\n\n\n\n<p>Endolift \u00e9 um tratamento n\u00e3o cir\u00fargico avan\u00e7ado, especialmente desenvolvido para atuar nas camadas superficiais e profundas da pele. Utiliza energia laser para esticar e firmar a pele instantaneamente. Essa a\u00e7\u00e3o tamb\u00e9m estimula a produ\u00e7\u00e3o de col\u00e1geno novo na pele, o que, com o tempo, melhora a flacidez cut\u00e2nea e aumenta a hidrata\u00e7\u00e3o.&nbsp;<\/p>\n\n\n\n<p>Como b\u00f4nus extra, o tratamento Endolift tamb\u00e9m ajuda a lidar com a flacidez da pele na parte inferior do rosto, bochechas e pesco\u00e7o. Essas s\u00e3o as \u00e1reas onde vemos o excesso de c\u00e9lulas de gordura se acumular, mesmo quando seguimos uma dieta e um estilo de vida saud\u00e1veis.&nbsp;<\/p>\n\n\n\n<p>Ele funciona quebrando c\u00e9lulas de gordura indesejadas, o que permite que seu corpo as elimine naturalmente pelo sistema linf\u00e1tico.&nbsp;<\/p>\n\n\n\n<p>O Endolift proporciona um tempo de recupera\u00e7\u00e3o m\u00ednimo e voc\u00ea observa retra\u00e7\u00e3o imediata da pele ap\u00f3s o tratamento. Voc\u00ea continuar\u00e1 a ver os resultados melhorarem nas pr\u00f3ximas semanas e meses, \u00e0 medida que o corpo remove o excesso de gordura e o col\u00e1geno adicional \u00e9 formado.&nbsp;<\/p>\n\n\n\n<h2 class=\"wp-block-heading\" id=\"how-does-endolift-treatment-in-london-work\">Como funciona o tratamento Endolift em Londres?<\/h2>\n\n\n\n<p>O tratamento Endolift utiliza uma microfibra que inserimos sob a pele para aplicar a energia do laser. Essa fibra \u00e9 t\u00e3o fina quanto um fio de cabelo, o que garante que a energia do laser atinja as \u00e1reas espec\u00edficas do tratamento.&nbsp;<\/p>\n\n\n\n<p>A energia do laser atinge a hipoderme superficial. Isso ajuda a aquecer as camadas profundas e superficiais da pele. Tamb\u00e9m desencadeia a queima de gordura e causa retra\u00e7\u00e3o imediata da pele.&nbsp;<\/p>\n\n\n\n<p>Por fim, a energia do laser tamb\u00e9m promove a produ\u00e7\u00e3o de col\u00e1geno, o que proporciona rejuvenescimento e firmeza da pele a longo prazo.&nbsp;<\/p>\n\n\n\n<p>O Endolift \u00e9 um tratamento minimamente invasivo, o que significa que h\u00e1 menos trauma na pele e um tempo de recupera\u00e7\u00e3o mais curto do que se voc\u00ea passar por uma cirurgia.&nbsp;<\/p>\n\n\n\n<p>Os resultados variam de paciente para paciente, dependendo de como ele responde \u00e0 energia do laser, da idade, da condi\u00e7\u00e3o da pele e dos h\u00e1bitos de vida.&nbsp;<\/p>\n\n\n\n<p>O Endolift proporciona resultados excepcionais e duradouros. Para ajudar a manter seus resultados, recomendamos uma boa rotina de cuidados antienvelhecimento e poss\u00edveis tratamentos complementares.<\/p>\n\n\n\n<h2 class=\"wp-block-heading\" id=\"what-areas-can-i-have-endolift-treatment-on\">Em quais \u00e1reas posso fazer o tratamento Endolift?<\/h2>\n\n\n\n<p>O Endolift \u00e9 um tratamento vers\u00e1til que funciona bem para proporcionar contorno facial. As principais \u00e1reas em que usamos o Endolift para esticar e firmar a pele incluem:<\/p>\n\n\n\n<p>\u00b7 Parte inferior do rosto, incluindo a linha do maxilar e a \u00e1rea do queixo<\/p>\n\n\n\n<p>\u00b7 Regi\u00e3o da testa e sobrancelhas<\/p>\n\n\n\n<p>\u00b7 Sulcos nasolabiais&nbsp;<\/p>\n\n\n\n<p>\u00b7 Bochechas<\/p>\n\n\n\n<p>\u00b7 \u00c1rea sob os olhos (canais lacrimais)<\/p>\n\n\n\n<p>Tamb\u00e9m podemos usar o Endolift para tratar o excesso de gordura e flacidez de pele em diferentes \u00e1reas do corpo, incluindo:<\/p>\n\n\n\n<p>\u00b7    Pesco\u00e7o<\/p>\n\n\n\n<p>\u00b7 Decote<\/p>\n\n\n\n<p>\u00b7 Joelhos<\/p>\n\n\n\n<p>\u00b7 Tornozelos<\/p>\n\n\n\n<p>\u00b7    Est\u00f4mago<\/p>\n\n\n\n<p>\u00b7 Parte interna das coxas<\/p>\n\n\n\n<p>\u00b7 N\u00e1degas<\/p>\n\n\n\n<h2 class=\"wp-block-heading\" id=\"key-benefits-of-endolift\">Principais benef\u00edcios do Endolift<\/h2>\n\n\n\n<p>H\u00e1 muitos benef\u00edcios em escolher o Endolift perto de Marylebone com a Derma Aesthetics London, incluindo:<\/p>\n\n\n\n<p>\u00b7 Firmeza imediata da pele criada ap\u00f3s apenas uma sess\u00e3o<\/p>\n\n\n\n<p>\u00b7 Contornos faciais mais esculpidos e firmes<\/p>\n\n\n\n<p>\u00b7 Derretimento do excesso de gordura e redu\u00e7\u00e3o da flacidez da pele<\/p>\n\n\n\n<p>\u00b7 Produ\u00e7\u00e3o de col\u00e1geno para melhorias duradouras na sua pele<\/p>\n\n\n\n<p>\u00b7 Melhor tom e textura da pele<\/p>\n\n\n\n<p>\u00b7 Tempo de inatividade m\u00ednimo e recupera\u00e7\u00e3o r\u00e1pida<\/p>\n\n\n\n<p>\u00b7 \u00c9 adequado para combinar com outros tratamentos de pele, como preenchimentos d\u00e9rmicos e intensificadores de pele com exossomos<\/p>\n\n\n\n<p>Na Derma Aesthetics London, podemos adaptar seu tratamento Endolift \u00e0s suas necessidades espec\u00edficas.&nbsp;<\/p>\n\n\n\n<p>Avaliaremos sua condi\u00e7\u00e3o de pele e suas preocupa\u00e7\u00f5es durante sua consulta inicial e criaremos um plano de tratamento personalizado que pode incluir o tratamento Endolift sozinho ou combinado com outros tratamentos de pele.&nbsp;<\/p>\n\n\n\n<p><a href=\"https:\/\/dermaaestheticslondon.com\/pt\/contact\/\">CONTATE-NOS<\/a><\/p>\n\n\n\n<h2 class=\"wp-block-heading\" id=\"endolift-treatment-results\">Resultados do tratamento Endolift&nbsp;<\/h2>\n\n\n\n<p>A maioria dos pacientes observa melhorias imediatas na pele logo ap\u00f3s o tratamento Endolift. Isso inclui uma pele mais firme e com apar\u00eancia mais firme.<\/p>\n\n\n\n<p>Voc\u00ea ver\u00e1 um leve incha\u00e7o e vermelhid\u00e3o na \u00e1rea tratada, o que \u00e9 normal e deve diminuir em algumas horas ou no m\u00e1ximo em alguns dias.&nbsp;<\/p>\n\n\n\n<p>Voc\u00ea tamb\u00e9m pode retomar suas atividades normais algumas horas ap\u00f3s o procedimento, incluindo retornar ao trabalho.&nbsp;<\/p>\n\n\n\n<p>Seus resultados continuar\u00e3o melhorando ao longo de v\u00e1rios meses (3 a 6 meses), \u00e0 medida que novo col\u00e1geno se forma nas camadas profundas da pele.&nbsp;&nbsp;<\/p>\n\n\n\n<p>Na sua consulta, nosso m\u00e9dico discutir\u00e1 se voc\u00ea deve fazer um \u00fanico tratamento de Endolift ou uma s\u00e9rie de tratamentos. Isso depender\u00e1 das suas preocupa\u00e7\u00f5es com a pele e de quantas \u00e1reas voc\u00ea deseja tratar.&nbsp;<\/p>\n\n\n\n<h2 class=\"wp-block-heading\" id=\"book-your-appointment-for-endolift-marylebone\">Agende sua consulta para Endolift Marylebone<\/h2>\n\n\n\n<p>Na Derma Aesthetics London, voc\u00ea estar\u00e1 nas m\u00e3os de m\u00e9dicos e profissionais de est\u00e9tica experientes. Garantimos que todos os tratamentos que realizamos s\u00e3o seguros e realizados em ambiente cl\u00ednico.&nbsp;<\/p>\n\n\n\n<p>Nossa equipe utiliza as mais recentes tecnologias e t\u00e9cnicas para proporcionar a voc\u00ea a melhor experi\u00eancia de tratamento Endolift. Isso tamb\u00e9m garante que ajudamos voc\u00ea a alcan\u00e7ar resultados ideais, deixando sua pele firme e radiante.&nbsp;<\/p>\n\n\n\n<p>Se voc\u00ea deseja um queixo e uma linha do maxilar mais definidos, levantar as bochechas ou reduzir a gordura da barriga e das coxas, podemos ajudar voc\u00ea a conseguir isso com tratamentos Endolift personalizados.&nbsp;<\/p>\n\n\n\n<p>Comece agendando sua consulta de Endolift perto de Marylebone abaixo.<\/p>\n\n\n\n<p><a href=\"https:\/\/dermaaestheticslondon.com\/pt\/contact\/\">CONTATE-NOS<\/a><\/p>\n\n\n\n<h2 class=\"wp-block-heading\" id=\"how-to-find-our-london-clinic\">Como encontrar nossa cl\u00ednica em Londres&nbsp;<\/h2>\n\n\n\n<p>A cl\u00ednica Derma Aesthetics London fica na Harley Street, que abriga v\u00e1rios consult\u00f3rios particulares<\/p>\n\n\n\n<p>Especialistas em sa\u00fade e medicina est\u00e9tica. Tamb\u00e9m estamos a uma curta caminhada de Oxford<\/p>\n\n\n\n<p>Street, uma das ruas comerciais mais movimentadas da Europa.&nbsp;<\/p>\n\n\n\n<p>Estamos a apenas 5 minutos a p\u00e9 do centro de Marylebone. Se voc\u00ea estiver viajando de carro,<\/p>\n\n\n\n<p>H\u00e1 bastante estacionamento com parqu\u00edmetro dispon\u00edvel na Harley Street.&nbsp;&nbsp;<\/p>\n\n\n\n<h3 class=\"wp-block-heading\" id=\"address\">Endere\u00e7o<\/h3>\n\n\n\n<p>Rua Harley, 39<br>Londres&nbsp;<br>W1G 8QH<\/p>\n\n\n<p><iframe src=\"https:\/\/www.google.com\/maps\/embed?pb=!1m14!1m8!1m3!1d9930.899153256332!2d-0.1468513!3d51.5182649!3m2!1i1024!2i768!4f13.1!3m3!1m2!1s0x487611e416322439%3A0xb84cf932b11cbe62!2sDerma%20Aesthetics%20London!5e0!3m2!1sen!2suk!4v1699790340707!5m2!1sen!2suk\" width=\"100%\" height=\"450\" style=\"border:0;\" allowfullscreen=\"\" loading=\"lazy\" referrerpolicy=\"no-referrer-when-downgrade\"><\/iframe><\/p>\n\n\n<h2 class=\"wp-block-heading\" id=\"about-marylebone\">Sobre Marylebone<\/h2>\n\n\n\n<p>Marylebone \u00e9 um bairro estiloso localizado no cora\u00e7\u00e3o de Londres. \u00c9 repleto de arquitetura georgiana, lojas independentes e uma vibrante cultura de caf\u00e9s.&nbsp;<\/p>\n\n\n\n<p>Embora pare\u00e7a uma \u00e1rea independente, Marylebone fica a poucos minutos dos movimentados bairros comerciais de Oxford Street e Regent&#039;s Park. Essa mistura de charme e conveni\u00eancia a torna um lugar desej\u00e1vel para se viver e visitar em Londres.&nbsp;<\/p>\n\n\n\n<p>Al\u00e9m da famosa Marylebone High Street, a cidade tamb\u00e9m conta com v\u00e1rios pontos tur\u00edsticos famosos, incluindo a Cole\u00e7\u00e3o Wallace, o Museu Sherlock Holmes e o Madame Tussauds.<\/p>\n\n\n\n<p><\/p>","protected":false},"excerpt":{"rendered":"<p>Endolift \u00e9 um tratamento n\u00e3o cir\u00fargico avan\u00e7ado, especialmente desenvolvido para atuar nas camadas superficiais e profundas da pele. Ele utiliza energia laser para esticar e firmar a pele instantaneamente. <\/p>","protected":false},"author":4,"featured_media":2205,"parent":0,"menu_order":70,"comment_status":"closed","ping_status":"closed","template":"","meta":{"_gspb_post_css":"","pgc_sgb_lightbox_settings":"","footnotes":""},"class_list":["post-4131","page","type-page","status-publish","has-post-thumbnail","hentry"],"blocksy_meta":{"page_structure_type":"type-1","styles_descriptor":{"styles":{"desktop":"","tablet":"","mobile":""},"google_fonts":[],"version":6}},"_links":{"self":[{"href":"https:\/\/dermaaestheticslondon.com\/pt\/wp-json\/wp\/v2\/pages\/4131","targetHints":{"allow":["GET"]}}],"collection":[{"href":"https:\/\/dermaaestheticslondon.com\/pt\/wp-json\/wp\/v2\/pages"}],"about":[{"href":"https:\/\/dermaaestheticslondon.com\/pt\/wp-json\/wp\/v2\/types\/page"}],"author":[{"embeddable":true,"href":"https:\/\/dermaaestheticslondon.com\/pt\/wp-json\/wp\/v2\/users\/4"}],"replies":[{"embeddable":true,"href":"https:\/\/dermaaestheticslondon.com\/pt\/wp-json\/wp\/v2\/comments?post=4131"}],"version-history":[{"count":1,"href":"https:\/\/dermaaestheticslondon.com\/pt\/wp-json\/wp\/v2\/pages\/4131\/revisions"}],"predecessor-version":[{"id":4132,"href":"https:\/\/dermaaestheticslondon.com\/pt\/wp-json\/wp\/v2\/pages\/4131\/revisions\/4132"}],"wp:featuredmedia":[{"embeddable":true,"href":"https:\/\/dermaaestheticslondon.com\/pt\/wp-json\/wp\/v2\/media\/2205"}],"wp:attachment":[{"href":"https:\/\/dermaaestheticslondon.com\/pt\/wp-json\/wp\/v2\/media?parent=4131"}],"curies":[{"name":"wp","href":"https:\/\/api.w.org\/{rel}","templated":true}]}}