{"id":4744,"date":"2026-03-16T13:37:35","date_gmt":"2026-03-16T13:37:35","guid":{"rendered":"https:\/\/dermaaestheticslondon.com\/?page_id=4744"},"modified":"2026-03-16T13:41:58","modified_gmt":"2026-03-16T13:41:58","slug":"endolift-mayfair","status":"publish","type":"page","link":"https:\/\/dermaaestheticslondon.com\/pt\/endolift-mayfair\/","title":{"rendered":"Endolift Mayfair"},"content":{"rendered":"<p>Para um tratamento a laser avan\u00e7ado que ajuda a firmar a pele fl\u00e1cida e definir os contornos faciais sem cirurgia, <strong>Endolift em Mayfair<\/strong> \u00e9 uma solu\u00e7\u00e3o ideal.&nbsp;<\/p>\n\n\n\n<p>A maioria dos pacientes come\u00e7a a considerar <a href=\"https:\/\/dermaaestheticslondon.com\/pt\/treatments\/endolift\/\">Endolift<\/a> Quando come\u00e7am a aparecer os sinais vis\u00edveis de envelhecimento, como flacidez da pele, perda de t\u00f4nus e queda da pele ao redor da mand\u00edbula e do queixo.&nbsp;<\/p>\n\n\n\n<p>O tratamento Endolift utiliza energia laser para proporcionar firmeza imediata \u00e0 pele, com melhora cont\u00ednua ao longo das semanas e meses seguintes.<\/p>\n\n\n\n<p>Este tratamento n\u00e3o cir\u00fargico tamb\u00e9m pode ajudar a atingir e reduzir dep\u00f3sitos de gordura teimosos que s\u00e3o dif\u00edceis de eliminar apenas com dieta e exerc\u00edcios.&nbsp;<\/p>\n\n\n\n<p>O resultado geral \u00e9 uma apar\u00eancia mais fresca, firme e jovem.&nbsp;<\/p>\n\n\n\n<p>Na Derma Aesthetics London, nossa equipe liderada por m\u00e9dicos possui anos de experi\u00eancia em est\u00e9tica facial e tratamentos corporais.&nbsp;<\/p>\n\n\n\n<p>Na nossa cl\u00ednica perto de Mayfair, oferecemos planos de tratamento personalizados, adaptados ao seu tipo de pele, condi\u00e7\u00e3o cut\u00e2nea e objetivos est\u00e9ticos. O nosso objetivo \u00e9 ajud\u00e1-lo(a) a alcan\u00e7ar resultados naturais que o(a) fa\u00e7am sentir-se e parecer-se no seu melhor.&nbsp;<\/p>\n\n\n\n<p>Se voc\u00ea est\u00e1 pronto para dar os primeiros passos rumo a uma pele mais firme e jovem, entre em contato com nossa equipe para agendar sua consulta inicial.&nbsp;<\/p>\n\n\n\n<p><a href=\"https:\/\/dermaaestheticslondon.com\/pt\/contact\/\">AGENDAR UMA CONSULTA<\/a><\/p>\n\n\n\n<figure class=\"wp-block-image size-full\"><img decoding=\"async\" width=\"602\" height=\"602\" src=\"https:\/\/dermaaestheticslondon.com\/wordpress\/wp-content\/uploads\/2024\/04\/endolift-london-before-after.webp\" alt=\"Endolift Mayfair\" class=\"wp-image-2205\" srcset=\"https:\/\/dermaaestheticslondon.com\/wordpress\/wp-content\/uploads\/2024\/04\/endolift-london-before-after.webp 602w, https:\/\/dermaaestheticslondon.com\/wordpress\/wp-content\/uploads\/2024\/04\/endolift-london-before-after-300x300.webp 300w, https:\/\/dermaaestheticslondon.com\/wordpress\/wp-content\/uploads\/2024\/04\/endolift-london-before-after-150x150.webp 150w\" sizes=\"(max-width: 602px) 100vw, 602px\" \/><\/figure>\n\n\n\n<h2 class=\"wp-block-heading\" id=\"what-is-co2-laser-resurfacing-treatment\">O que \u00e9 o tratamento Endolift?<\/h2>\n\n\n\n<p>Encontrar um tratamento preciso que atinja e trate o excesso de c\u00e9lulas de gordura, a flacidez da pele e a tonalidade irregular da pele pode ser um desafio. Mas \u00e9 a\u00ed que o Endolift entra em a\u00e7\u00e3o.<\/p>\n\n\n\n<p>O Endolift \u00e9 um tratamento minimamente invasivo que ajuda a firmar a pele fl\u00e1cida, melhorar o t\u00f4nus e a textura da pele e reduzir dep\u00f3sitos de gordura persistentes sob a superf\u00edcie da pele.&nbsp;<\/p>\n\n\n\n<p>Este tratamento n\u00e3o cir\u00fargico utiliza uma fibra laser fina que envia energia laser controlada para as camadas mais profundas da pele. Essa a\u00e7\u00e3o aquece o tecido cut\u00e2neo, derrete os dep\u00f3sitos de gordura e estimula a produ\u00e7\u00e3o de col\u00e1geno.&nbsp;<\/p>\n\n\n\n<p>Normalmente, utilizamos este tratamento de firmeza da pele e redu\u00e7\u00e3o de gordura em \u00e1reas como a parte inferior do rosto, a linha da mand\u00edbula e a parte superior do pesco\u00e7o. Tamb\u00e9m podemos tratar certas \u00e1reas do corpo, incluindo bra\u00e7os, abd\u00f4men e coxas.&nbsp;<\/p>\n\n\n\n<p>Nos pr\u00f3ximos meses, \u00e0 medida que o novo col\u00e1geno se forma, voc\u00ea notar\u00e1 contornos faciais mais definidos e esculpidos, al\u00e9m de uma melhora na qualidade geral da pele.&nbsp;<\/p>\n\n\n\n<h2 class=\"wp-block-heading\" id=\"the-benefits-of-endolift-treatment\">Os benef\u00edcios do tratamento Endolift<\/h2>\n\n\n\n<p id=\"endolift-is-one-of-the-most-versatile-treatments-that-uses-the-advanced-laser-technology-to\">O Endolift \u00e9 um dos tratamentos mais vers\u00e1teis que utiliza tecnologia laser avan\u00e7ada para:<\/p>\n\n\n\n<p id=\"provide-immediate-tightening-effects\">\u2022 Proporciona efeitos de firmeza imediatos<\/p>\n\n\n\n<p id=\"promotes-collagen-production-and-elastin-production\">\u2022 Promove a produ\u00e7\u00e3o de col\u00e1geno e elastina<\/p>\n\n\n\n<p id=\"improve-skin-elasticity-and-tighten-loose-skin\">\u2022 Melhora a elasticidade da pele e firma a pele fl\u00e1cida.<\/p>\n\n\n\n<p id=\"reduce-fat-including-a-double-chin-or-sagging-jowls\">\u2022 Reduzir a gordura, incluindo papada e flacidez nas bochechas<\/p>\n\n\n\n<p>\u2022 Melhora o tom, a textura e a qualidade geral da pele.<\/p>\n\n\n\n<p id=\"we-also-recommend-endolift-because-it\">Recomendamos tamb\u00e9m o Endolift porque:<\/p>\n\n\n\n<p id=\"comes-with-minimal-risk-and-is-generally-well-tolerated\">\u2022 Acompanha <strong>risco m\u00ednimo<\/strong> e geralmente \u00e9 bem tolerado<\/p>\n\n\n\n<p id=\"minimal-downtime-most-patients-go-back-to-their-normal-activities-soon-after-treatment\">\u00b7 &nbsp; &nbsp; &nbsp; <strong>Tempo de inatividade m\u00ednimo<\/strong> \u2013 A maioria dos pacientes retorna \u00e0s suas atividades normais logo ap\u00f3s o tratamento.&nbsp;<\/p>\n\n\n\n<p id=\"a-great-overall-skin-rejuvenation-treatment-that-is-suitable-for-different-skin-types\">\u2022 Uma \u00f3tima experi\u00eancia geral.<strong> rejuvenescimento da pele <\/strong>Tratamento adequado para diferentes tipos de pele<\/p>\n\n\n\n<p id=\"you-see-natural-results-that-continue-to-get-better-over-the-next-few-weeks\">\u00b7    Voc\u00ea v\u00ea <strong>resultados naturais<\/strong> que continuar\u00e3o a melhorar nas pr\u00f3ximas semanas<\/p>\n\n\n\n<p id=\"offers-a-non-surgical-alternative-to-more-invasive-procedures\">\u2022 Oferece um <strong>alternativa n\u00e3o cir\u00fargica<\/strong> para procedimentos mais invasivos&nbsp;<\/p>\n\n\n\n<h2 class=\"wp-block-heading\" id=\"what-to-expect-during-an-endolift-procedure-in-mayfair\">O que esperar durante um procedimento Endolift em Mayfair<\/h2>\n\n\n\n<h3 class=\"wp-block-heading\" id=\"the-consultation\">A consulta<\/h3>\n\n\n\n<p>O primeiro passo \u00e9 realizar uma consulta detalhada em nossa cl\u00ednica em Mayfair.&nbsp;<\/p>\n\n\n\n<p>Durante esta consulta, voc\u00ea se encontrar\u00e1 com um de nossos especialistas m\u00e9dicos, que avaliar\u00e1 a condi\u00e7\u00e3o da sua pele, suas preocupa\u00e7\u00f5es com a pele e conversar\u00e1 sobre os resultados desejados.&nbsp;<\/p>\n\n\n\n<p>A partir disso, desenvolveremos um plano de tratamento personalizado que abordar\u00e1 os sinais vis\u00edveis de envelhecimento na \u00e1rea tratada, proporcionando uma apar\u00eancia mais jovem.<\/p>\n\n\n\n<h3 class=\"wp-block-heading\" id=\"endolift-treatment\">Tratamento Endolift<\/h3>\n\n\n\n<p>O procedimento Endolift come\u00e7ar\u00e1 com a aplica\u00e7\u00e3o de um anest\u00e9sico t\u00f3pico para anestesiar a \u00e1rea e garantir o m\u00ednimo de desconforto poss\u00edvel.&nbsp;<\/p>\n\n\n\n<p>Vamos inserir uma fibra laser t\u00e3o fina quanto um fio de cabelo abaixo da superf\u00edcie da pele. Essa fibra libera energia laser controlada no tecido cut\u00e2neo, aquecendo-o, derretendo dep\u00f3sitos de gordura localizados e estimulando a produ\u00e7\u00e3o de col\u00e1geno.&nbsp;<\/p>\n\n\n\n<p>Esse processo tamb\u00e9m aumenta o fluxo sangu\u00edneo para a \u00e1rea tratada, o que auxilia a resposta de cura do seu corpo e melhora o t\u00f4nus e a textura da pele.&nbsp;<\/p>\n\n\n\n<p>A gordura derretida ser\u00e1 processada naturalmente pelo seu corpo e eliminada atrav\u00e9s do sistema linf\u00e1tico.&nbsp;<\/p>\n\n\n\n<h3 class=\"wp-block-heading\" id=\"after-your-endolift-procedure\">Ap\u00f3s o procedimento Endolift<\/h3>\n\n\n\n<p>O tempo de recupera\u00e7\u00e3o ap\u00f3s o tratamento com Endolift costuma ser m\u00ednimo. Voc\u00ea pode apresentar alguma vermelhid\u00e3o e incha\u00e7o leves na \u00e1rea tratada. Isso \u00e9 normal e desaparecer\u00e1 em poucos dias.<\/p>\n\n\n\n<p>A maioria dos pacientes retorna \u00e0s suas atividades normais logo ap\u00f3s a sess\u00e3o de tratamento.&nbsp;<\/p>\n\n\n\n<p>Durante as primeiras 24 a 48 horas, recomendamos que evite exerc\u00edcios f\u00edsicos intensos, calor excessivo (banhos quentes e saunas) e minimize a exposi\u00e7\u00e3o direta ao sol.&nbsp;<\/p>\n\n\n\n<h2 class=\"wp-block-heading\" id=\"endolift-results\">Resultados do Endolift<\/h2>\n\n\n\n<p>Os resultados do Endolift podem variar de pessoa para pessoa. Os fatores que podem influenciar seus resultados incluem:<\/p>\n\n\n\n<p>\u00b7 \u00c1rea de tratamento<\/p>\n\n\n\n<p>\u2022 Condi\u00e7\u00e3o e idade da pele<\/p>\n\n\n\n<p>\u2022 Grau de flacidez da pele<\/p>\n\n\n\n<p>Muitos pacientes observam firmeza imediata da pele em apenas uma sess\u00e3o de tratamento.&nbsp;<\/p>\n\n\n\n<p>Os resultados continuam a melhorar ao longo das semanas e meses seguintes, \u00e0 medida que a produ\u00e7\u00e3o de col\u00e1geno na pele aumenta. Isso ajuda a firmar ainda mais a pele, aumentar sua suavidade e proporcionar uma apar\u00eancia mais rejuvenescida.<\/p>\n\n\n\n<p>Novo col\u00e1geno e elastina tamb\u00e9m significam melhor t\u00f4nus e qualidade da pele.&nbsp;<\/p>\n\n\n\n<p>Se voc\u00ea tiver problemas de flacidez ou elasticidade da pele mais moderados, poder\u00e1 precisar de uma segunda sess\u00e3o ap\u00f3s seis meses para melhorar os resultados.&nbsp;&nbsp;<\/p>\n\n\n\n<p>Para ajudar a prolongar os resultados, tamb\u00e9m recomendaremos uma rotina de cuidados antienvelhecimento personalizada para o seu tipo de pele.&nbsp;<\/p>\n\n\n\n<h2 class=\"wp-block-heading\" id=\"what-other-treatments-can-you-have-with-endolift\">Que outros tratamentos podem ser feitos com o Endolift?<\/h2>\n\n\n\n<p id=\"at-derma-aesthetics-london-we-can-combine-endolift-treatment-with-some-of-the-following-facial-aesthetic-treatments-to-boost-your-results\">Na Derma Aesthetics London, podemos combinar o tratamento Endolift com alguns dos seguintes tratamentos est\u00e9ticos faciais para potencializar seus resultados:<\/p>\n\n\n\n<h3 class=\"wp-block-heading\" id=\"dermal-fillers\">Preenchimentos d\u00e9rmicos<\/h3>\n\n\n\n<p><a href=\"https:\/\/dermaaestheticslondon.com\/pt\/treatment-category\/dermal-fillers\/\">Preenchimentos d\u00e9rmicos<\/a> S\u00e3o tratamentos injet\u00e1veis que utilizam uma subst\u00e2ncia em gel para restaurar ou adicionar volume \u00e0 pele, criar mais equil\u00edbrio entre as estruturas faciais e reduzir linhas de express\u00e3o e rugas.&nbsp;<\/p>\n\n\n\n<h3 class=\"wp-block-heading\" id=\"anti-wrinkle-injections\">Inje\u00e7\u00f5es antirrugas<\/h3>\n\n\n\n<p><a href=\"https:\/\/dermaaestheticslondon.com\/pt\/treatments\/anti-wrinkle-treatment\/\">Inje\u00e7\u00f5es antirrugas<\/a> Impedir temporariamente a contra\u00e7\u00e3o de certos m\u00fasculos faciais. Esses s\u00e3o os m\u00fasculos que causam o aparecimento de linhas finas quando voc\u00ea sorri, ri ou franze a testa.&nbsp;<\/p>\n\n\n\n<p>Em conjunto com o Endolift, este tratamento pode proporcionar uma apar\u00eancia mais suave e jovial.<\/p>\n\n\n\n<h3 class=\"wp-block-heading\" id=\"microneedling\">Microagulhamento<\/h3>\n\n\n\n<p><a href=\"https:\/\/dermaaestheticslondon.com\/pt\/treatments\/microneedling\/\">Tratamento de microagulhamento<\/a> Funciona utilizando um dispositivo semelhante a uma caneta com agulhas min\u00fasculas para criar microles\u00f5es na pele.&nbsp;<\/p>\n\n\n\n<p>Esse processo desencadeia a resposta natural de cura do seu corpo, que inclui um aumento na produ\u00e7\u00e3o de col\u00e1geno para suavizar a textura da pele e proporcionar um brilho mais radiante.&nbsp;<\/p>\n\n\n\n<p>Tanto o Endolift quanto o microagulhamento atuam abaixo da superf\u00edcie da pele para melhorar o t\u00f4nus e a textura geral.&nbsp;<\/p>\n\n\n\n<p>N\u00e3o \u00e9 poss\u00edvel realizar os dois tratamentos na mesma sess\u00e3o. Normalmente, o microagulhamento \u00e9 feito de 4 a 6 semanas ap\u00f3s o tratamento com Endolift.&nbsp;<\/p>\n\n\n\n<h2 class=\"wp-block-heading\" id=\"why-choose-derma-aesthetics-london-for-endolift-mayfair\">Por que escolher a Derma Aesthetics London para o tratamento Endolift em Mayfair?<\/h2>\n\n\n\n<p>A Derma Aesthetics London \u00e9 uma das cl\u00ednicas de est\u00e9tica facial mais confi\u00e1veis e respeitadas perto de Mayfair.&nbsp;<\/p>\n\n\n\n<p>Utilizamos apenas produtos e tecnologia de grau m\u00e9dico em nossos tratamentos de pele, para que voc\u00ea tamb\u00e9m obtenha resultados \u00f3timos.&nbsp;<\/p>\n\n\n\n<p>Com o Endolift, oferecemos a melhor solu\u00e7\u00e3o n\u00e3o cir\u00fargica para o envelhecimento e a flacidez da pele no centro de Londres.&nbsp;<\/p>\n\n\n\n<p>Nossa equipe tamb\u00e9m oferece acompanhamento e suporte especializado ap\u00f3s o tratamento, para que voc\u00ea se sinta confort\u00e1vel e confiante de que sua sa\u00fade e bem-estar s\u00e3o nossa principal prioridade, mesmo depois que o tratamento terminar.&nbsp;&nbsp;<\/p>\n\n\n\n<p>Para descobrir se o Endolift \u00e9 o tratamento ideal para voc\u00ea, entre em contato com nossa equipe hoje mesmo. Ajudaremos voc\u00ea a encontrar o plano de tratamento perfeito para a sua pele e seus objetivos est\u00e9ticos.<\/p>\n\n\n\n<p><a href=\"https:\/\/dermaaestheticslondon.com\/pt\/contact\/\">CONTATE-NOS<\/a><\/p>\n\n\n\n<h2 class=\"wp-block-heading\" id=\"how-to-find-our-clinic-near-mayfair\">Como encontrar nossa cl\u00ednica perto de Mayfair<\/h2>\n\n\n\n<p>A cl\u00ednica Derma Aesthetics London est\u00e1 localizada na Harley Street, um dos melhores lugares para cuidados de sa\u00fade privados e medicina est\u00e9tica.&nbsp;<\/p>\n\n\n\n<p>Estamos a uma curta caminhada da Bond Street, em Mayfair. Tamb\u00e9m estamos a uma curta caminhada de Oxford.<\/p>\n\n\n\n<p>A esta\u00e7\u00e3o de metr\u00f4 Circus \u00e9 servida pelas linhas Bakerloo, Victoria e Central.&nbsp;<\/p>\n\n\n\n<p>Se voc\u00ea estiver viajando de carro, h\u00e1 amplo estacionamento pago dispon\u00edvel na Harley Street.&nbsp;<\/p>\n\n\n\n<h3 class=\"wp-block-heading\" id=\"address\">Endere\u00e7o<\/h3>\n\n\n\n<p>Rua Harley, 39<br>Londres&nbsp;<br>W1G 8QH<\/p>\n\n\n<p><iframe src=\"https:\/\/www.google.com\/maps\/embed?pb=!1m14!1m8!1m3!1d9930.899153256332!2d-0.1468513!3d51.5182649!3m2!1i1024!2i768!4f13.1!3m3!1m2!1s0x487611e416322439%3A0xb84cf932b11cbe62!2sDerma%20Aesthetics%20London!5e0!3m2!1sen!2suk!4v1699790340707!5m2!1sen!2suk\" width=\"100%\" height=\"450\" style=\"border:0;\" allowfullscreen=\"\" loading=\"lazy\" referrerpolicy=\"no-referrer-when-downgrade\"><\/iframe><\/p>\n\n\n<h2 class=\"wp-block-heading\" id=\"about-mayfair-in-london\">Sobre Mayfair em Londres<\/h2>\n\n\n\n<p>Mayfair \u00e9 um bairro prestigioso localizado no cora\u00e7\u00e3o do centro de Londres. Faz fronteira com o Hyde Park, o Green Park e o Soho.&nbsp;&nbsp;<\/p>\n\n\n\n<p>\u00c9 facilmente acess\u00edvel a partir de outras \u00e1reas de Londres atrav\u00e9s das esta\u00e7\u00f5es de metr\u00f4 Bond Street, Green Park e Oxford Circus.&nbsp;<\/p>\n\n\n\n<p>Muitas pessoas visitam Mayfair por suas boutiques de luxo e pontos tur\u00edsticos ic\u00f4nicos, incluindo Berkeley Square, Mount Street e Grosvenor Square.<\/p>","protected":false},"excerpt":{"rendered":"<p>Escolha o Endolift em Mayfair para uma pele mais firme, melhor qualidade da pele e redu\u00e7\u00e3o de gordura. Agende sua consulta para este tratamento a laser avan\u00e7ado. <\/p>","protected":false},"author":4,"featured_media":2205,"parent":0,"menu_order":70,"comment_status":"closed","ping_status":"closed","template":"","meta":{"_gspb_post_css":"","pgc_sgb_lightbox_settings":"","footnotes":""},"class_list":["post-4744","page","type-page","status-publish","has-post-thumbnail","hentry"],"blocksy_meta":{"page_structure_type":"type-1","styles_descriptor":{"styles":{"desktop":"","tablet":"","mobile":""},"google_fonts":[],"version":6}},"_links":{"self":[{"href":"https:\/\/dermaaestheticslondon.com\/pt\/wp-json\/wp\/v2\/pages\/4744","targetHints":{"allow":["GET"]}}],"collection":[{"href":"https:\/\/dermaaestheticslondon.com\/pt\/wp-json\/wp\/v2\/pages"}],"about":[{"href":"https:\/\/dermaaestheticslondon.com\/pt\/wp-json\/wp\/v2\/types\/page"}],"author":[{"embeddable":true,"href":"https:\/\/dermaaestheticslondon.com\/pt\/wp-json\/wp\/v2\/users\/4"}],"replies":[{"embeddable":true,"href":"https:\/\/dermaaestheticslondon.com\/pt\/wp-json\/wp\/v2\/comments?post=4744"}],"version-history":[{"count":1,"href":"https:\/\/dermaaestheticslondon.com\/pt\/wp-json\/wp\/v2\/pages\/4744\/revisions"}],"predecessor-version":[{"id":4745,"href":"https:\/\/dermaaestheticslondon.com\/pt\/wp-json\/wp\/v2\/pages\/4744\/revisions\/4745"}],"wp:featuredmedia":[{"embeddable":true,"href":"https:\/\/dermaaestheticslondon.com\/pt\/wp-json\/wp\/v2\/media\/2205"}],"wp:attachment":[{"href":"https:\/\/dermaaestheticslondon.com\/pt\/wp-json\/wp\/v2\/media?parent=4744"}],"curies":[{"name":"wp","href":"https:\/\/api.w.org\/{rel}","templated":true}]}}