{"id":4746,"date":"2026-03-16T13:41:05","date_gmt":"2026-03-16T13:41:05","guid":{"rendered":"https:\/\/dermaaestheticslondon.com\/?page_id=4746"},"modified":"2026-03-16T13:41:06","modified_gmt":"2026-03-16T13:41:06","slug":"anti-wrinkle-treatment-mayfair","status":"publish","type":"page","link":"https:\/\/dermaaestheticslondon.com\/pt\/anti-wrinkle-treatment-mayfair\/","title":{"rendered":"Tratamento antirrugas Mayfair"},"content":{"rendered":"<p><strong>Tratamento antirrugas em Mayfair<\/strong> \u00c9 um tratamento n\u00e3o cir\u00fargico ideal para pessoas que desejam reduzir linhas finas e rugas, mantendo suas express\u00f5es naturais.<\/p>\n\n\n\n<p>Com o passar dos anos, a exposi\u00e7\u00e3o solar, o estresse e os movimentos faciais repetidos podem resultar no aparecimento de linhas de express\u00e3o na testa, rugas na glabela e p\u00e9s de galinha.&nbsp;<\/p>\n\n\n\n<p><a href=\"https:\/\/dermaaestheticslondon.com\/pt\/treatments\/anti-wrinkle-treatment\/\">Tratamento antirrugas<\/a> Ajuda a suavizar e reduzir essas linhas finas, proporcionando uma apar\u00eancia mais jovem.<\/p>\n\n\n\n<p>Na Derma Aesthetics London, voc\u00ea estar\u00e1 nas m\u00e3os de nossa equipe de especialistas, incluindo m\u00e9dicos est\u00e9ticos e profissionais qualificados.&nbsp;<\/p>\n\n\n\n<p>Criamos um tratamento antirrugas personalizado para voc\u00ea, de acordo com seus objetivos individuais, para que voc\u00ea alcance resultados naturais que realcem sua beleza natural.&nbsp;<\/p>\n\n\n\n<p>Se voc\u00ea deseja saber mais sobre como os tratamentos antirrugas podem ajud\u00e1-la a se sentir mais confiante com a sua pele, entre em contato com a nossa cl\u00ednica perto de Mayfair.&nbsp;<\/p>\n\n\n\n<p><a href=\"https:\/\/dermaaestheticslondon.com\/pt\/contact\/\">AGENDAR UMA CONSULTA<\/a><\/p>\n\n\n\n<figure class=\"wp-block-image size-full\"><img decoding=\"async\" width=\"640\" height=\"640\" src=\"https:\/\/dermaaestheticslondon.com\/wordpress\/wp-content\/uploads\/2024\/01\/Vampire-Facial.jpeg\" alt=\"Anti-Wrinkle Treatment Mayfair\" class=\"wp-image-3721\" srcset=\"https:\/\/dermaaestheticslondon.com\/wordpress\/wp-content\/uploads\/2024\/01\/Vampire-Facial.jpeg 640w, https:\/\/dermaaestheticslondon.com\/wordpress\/wp-content\/uploads\/2024\/01\/Vampire-Facial-300x300.jpeg 300w, https:\/\/dermaaestheticslondon.com\/wordpress\/wp-content\/uploads\/2024\/01\/Vampire-Facial-150x150.jpeg 150w, https:\/\/dermaaestheticslondon.com\/wordpress\/wp-content\/uploads\/2024\/01\/Vampire-Facial-12x12.jpeg 12w\" sizes=\"(max-width: 640px) 100vw, 640px\" \/><\/figure>\n\n\n\n<h2 class=\"wp-block-heading\" id=\"about-chelsea\">O que s\u00e3o tratamentos antirrugas?<\/h2>\n\n\n\n<p>Envelhecer \u00e9 uma parte positiva da vida, mas \u00e0s vezes os sinais vis\u00edveis da idade, como linhas de express\u00e3o e rugas, aparecem em nosso rosto muito mais cedo do que gostar\u00edamos.&nbsp;<\/p>\n\n\n\n<p>Se esse for o seu caso, o tratamento antirrugas ou as inje\u00e7\u00f5es antirrugas podem ser uma maneira eficaz de reduzir a apar\u00eancia de linhas finas em v\u00e1rias \u00e1reas do rosto.&nbsp;<\/p>\n\n\n\n<p>As inje\u00e7\u00f5es antirrugas s\u00e3o um dos tratamentos est\u00e9ticos avan\u00e7ados mais populares para homens e mulheres.&nbsp;<\/p>\n\n\n\n<p>Eles utilizam uma subst\u00e2ncia conhecida como toxina botul\u00ednica, raz\u00e3o pela qual frequentemente nos referimos a esse tratamento como Botox.&nbsp;<\/p>\n\n\n\n<p>Ajuda a atingir e relaxar temporariamente a contra\u00e7\u00e3o de m\u00fasculos faciais espec\u00edficos que causam o aparecimento de linhas de express\u00e3o.&nbsp;<\/p>\n\n\n\n<p>Se injetadas corretamente, elas n\u00e3o congelam o rosto. Em vez disso, suavizam linhas de express\u00e3o e rugas, proporcionando uma pele lisa e resultados com apar\u00eancia natural.&nbsp;<\/p>\n\n\n\n<h2 class=\"wp-block-heading\" id=\"how-do-anti-wrinkle-injections-work\">Como funcionam as inje\u00e7\u00f5es antirrugas?<\/h2>\n\n\n\n<h3 class=\"wp-block-heading\" id=\"initial-consultation\">Consulta inicial<\/h3>\n\n\n\n<p>Antes do seu tratamento antirrugas, voc\u00ea ter\u00e1 uma consulta detalhada com nosso m\u00e9dico est\u00e9tico em nossa cl\u00ednica de pele perto de Mayfair.&nbsp;<\/p>\n\n\n\n<p>Eles avaliar\u00e3o seu tipo de pele, condi\u00e7\u00e3o da pele e analisar\u00e3o seu hist\u00f3rico m\u00e9dico para verificar se voc\u00ea possui alguma condi\u00e7\u00e3o m\u00e9dica que o torne um candidato inadequado para este tratamento.<\/p>\n\n\n\n<p>Se voc\u00ea for um(a) candidato(a) adequado(a) para o tratamento, desenvolveremos um plano personalizado que abordar\u00e1 suas preocupa\u00e7\u00f5es espec\u00edficas com a pele e lhe proporcionar\u00e1 resultados naturais.&nbsp;<\/p>\n\n\n\n<h3 class=\"wp-block-heading\" id=\"your-anti-winkle-injections\">Suas inje\u00e7\u00f5es antirrugas<\/h3>\n\n\n\n<p>Usaremos uma agulha muito fina para injetar a toxina botul\u00ednica em \u00e1reas espec\u00edficas onde voc\u00ea apresenta linhas finas.<\/p>\n\n\n\n<p>A maioria dos pacientes afirma que o tratamento antirrugas \u00e9 bastante confort\u00e1vel. Voc\u00ea pode sentir uma leve picada e press\u00e3o quando a agulha penetra na pele. Isso \u00e9 normal e dura apenas alguns segundos.<\/p>\n\n\n\n<p>Se voc\u00ea tem sensibilidade a agulhas, podemos conversar sobre o uso de um creme anest\u00e9sico t\u00f3pico na \u00e1rea a ser tratada. Isso ajudar\u00e1 a garantir que voc\u00ea sinta o m\u00ednimo de desconforto poss\u00edvel.&nbsp;<\/p>\n\n\n\n<h3 class=\"wp-block-heading\" id=\"after-your-anti-wrinkle-treatment\">Ap\u00f3s o seu tratamento antirrugas&nbsp;<\/h3>\n\n\n\n<p>A sess\u00e3o de tratamento deve durar cerca de 30 minutos. O tempo de recupera\u00e7\u00e3o \u00e9 m\u00ednimo e a maioria dos clientes retorna ao trabalho no centro de Londres logo ap\u00f3s o tratamento.&nbsp;<\/p>\n\n\n\n<p>Os locais da inje\u00e7\u00e3o podem ficar ligeiramente vermelhos ou inchados durante as pr\u00f3ximas horas. Isso \u00e9 completamente normal e desaparecer\u00e1 por si s\u00f3.&nbsp;<\/p>\n\n\n\n<p>Voc\u00ea tamb\u00e9m poder\u00e1 desenvolver alguns hematomas leves na \u00e1rea tratada nas pr\u00f3ximas 24 horas, mas seu m\u00e9dico lhe fornecer\u00e1 orienta\u00e7\u00f5es sobre os cuidados p\u00f3s-tratamento para garantir que sejam m\u00ednimos.&nbsp;<\/p>\n\n\n\n<h2 class=\"wp-block-heading\" id=\"what-areas-can-you-have-anti-wrinkle-treatment-in\">Em que \u00e1reas do corpo \u00e9 poss\u00edvel realizar tratamento antirrugas?<\/h2>\n\n\n\n<p>Na nossa cl\u00ednica perto de Mayfair, as \u00e1reas do rosto onde mais frequentemente aplicamos inje\u00e7\u00f5es antirrugas incluem:<\/p>\n\n\n\n<p>\u00b7 Linhas da testa<\/p>\n\n\n\n<p>\u2022 Rugas de express\u00e3o (entre as sobrancelhas)<\/p>\n\n\n\n<p>\u2022 P\u00e9s de galinha (ao redor dos olhos)<\/p>\n\n\n\n<p>\u2022 Linhas de coelho (pr\u00f3ximas ao nariz)<\/p>\n\n\n\n<p>\u2022 Linhas de marionete<\/p>\n\n\n\n<p>Tamb\u00e9m podemos usar tratamentos antirrugas para reduzir a apar\u00eancia de rugas. <a href=\"https:\/\/dermaaestheticslondon.com\/pt\/gummy-smile\/\">sorriso gengival<\/a>, <a href=\"https:\/\/dermaaestheticslondon.com\/pt\/eyebrow-lift\/\">levante as sobrancelhas<\/a>, afinar o rosto e tratar <a href=\"https:\/\/dermaaestheticslondon.com\/pt\/excessive-sweating\/\">suor excessivo<\/a> debaixo dos bra\u00e7os.<\/p>\n\n\n\n<p>Para um rejuvenescimento geral da pele e benef\u00edcios antienvelhecimento, nossos m\u00e9dicos podem recomendar a combina\u00e7\u00e3o de Botox com outros tratamentos, como preenchimentos d\u00e9rmicos.&nbsp;<\/p>\n\n\n\n<p>Discutiremos isso com voc\u00ea durante a sua consulta.&nbsp;<\/p>\n\n\n\n<h2 class=\"wp-block-heading\" id=\"anti-wrinkle-injection-results\">Resultados de inje\u00e7\u00f5es antirrugas<\/h2>\n\n\n\n<p>Os resultados das inje\u00e7\u00f5es antirrugas podem levar at\u00e9 duas semanas para ficarem totalmente vis\u00edveis.&nbsp;<\/p>\n\n\n\n<p>Isso ocorre porque a toxina leva tempo para relaxar os m\u00fasculos faciais afetados e suavizar as linhas finas e rugas.&nbsp;<\/p>\n\n\n\n<p>Ap\u00f3s duas semanas, sua pele estar\u00e1 mais lisa, revigorada e com apar\u00eancia mais jovem.&nbsp;<\/p>\n\n\n\n<p>Nossos m\u00e9dicos e profissionais possuem treinamento avan\u00e7ado em tratamentos injet\u00e1veis. Eles utilizam t\u00e9cnicas precisas para garantir que seus resultados complementem os contornos do seu rosto e tenham uma apar\u00eancia natural.<\/p>\n\n\n\n<p>Os resultados devem durar de 3 a 4 meses. Para algumas pessoas, podem durar at\u00e9 seis meses. No entanto, isso depender\u00e1 da condi\u00e7\u00e3o da sua pele, da sua for\u00e7a muscular e do seu estilo de vida.<\/p>\n\n\n\n<h2 class=\"wp-block-heading\" id=\"how-are-anti-wrinkle-injections-different-from-dermal-fillers\">Qual a diferen\u00e7a entre inje\u00e7\u00f5es antirrugas e preenchimentos d\u00e9rmicos?<\/h2>\n\n\n\n<p>As inje\u00e7\u00f5es antirrugas e os preenchimentos d\u00e9rmicos s\u00e3o \u00f3timos tratamentos para a pele com benef\u00edcios antienvelhecimento. No entanto, ambos atuam de maneiras diferentes e alcan\u00e7am resultados distintos.&nbsp;<\/p>\n\n\n\n<h3 class=\"wp-block-heading\" id=\"dermal-fillers-vs-anti-wrinkle-injections\">Preenchimento d\u00e9rmico versus inje\u00e7\u00f5es antirrugas<\/h3>\n\n\n\n<p><a href=\"https:\/\/dermaaestheticslondon.com\/pt\/treatment-category\/dermal-fillers\/\">Preenchimentos d\u00e9rmicos<\/a> Utiliza-se uma subst\u00e2ncia em gel que cont\u00e9m \u00e1cido hialur\u00f4nico para adicionar ou restaurar o volume da pele.&nbsp;<\/p>\n\n\n\n<p>Elas tamb\u00e9m podem ajudar a definir os tra\u00e7os faciais, real\u00e7ar os contornos e suavizar linhas de express\u00e3o e rugas profundas.&nbsp;<\/p>\n\n\n\n<p>Os tipos mais comuns de preenchimento s\u00e3o o preenchimento labial, o preenchimento das bochechas, o preenchimento do queixo e o preenchimento da linha da mand\u00edbula.<\/p>\n\n\n\n<p>O tratamento antirrugas tem como foco o relaxamento dos m\u00fasculos faciais respons\u00e1veis pelas linhas de express\u00e3o que aparecem ao rir, sorrir ou franzir a testa. Ele n\u00e3o adiciona volume nem combate rugas profundas, mas sim suaviza as linhas finas.&nbsp;<\/p>\n\n\n\n<p>Ambos os procedimentos avan\u00e7ados s\u00e3o adequados para uma ampla gama de tipos de pele. Eles tamb\u00e9m podem funcionar bem em conjunto com outros tratamentos.&nbsp;<\/p>\n\n\n\n<p>Durante a sua consulta na Derma Aesthetics London, a nossa equipa de especialistas ir\u00e1 recomendar o tratamento mais adequado para si, de forma a ajud\u00e1-lo(a) a alcan\u00e7ar os resultados desejados.&nbsp;<\/p>\n\n\n\n<h2 class=\"wp-block-heading\" id=\"why-choose-derma-aesthetics-london-for-anti-wrinkle-treatment-mayfair\">Por que escolher a Derma Aesthetics London para tratamento antirrugas em Mayfair?<\/h2>\n\n\n\n<p>A Derma Aesthetics London \u00e9 uma cl\u00ednica de est\u00e9tica dirigida por m\u00e9dicos, localizada perto de Mayfair.&nbsp;<\/p>\n\n\n\n<p>Nosso objetivo \u00e9 fornecer atendimento personalizado e os mais altos padr\u00f5es de tratamento e seguran\u00e7a para garantir que voc\u00ea obtenha os melhores resultados.&nbsp;<\/p>\n\n\n\n<p>Nossos pacientes confiam em n\u00f3s porque utilizamos t\u00e9cnicas avan\u00e7adas para oferecer tratamentos antirrugas que garantem a preserva\u00e7\u00e3o de suas express\u00f5es naturais e uma apar\u00eancia jovial.&nbsp;<\/p>\n\n\n\n<p>Nossa equipe trata todos os tipos de pele e problemas dermatol\u00f3gicos. Oferecemos uma ampla gama de tratamentos para a pele, incluindo:<\/p>\n\n\n\n<p>\u00b7 &nbsp; &nbsp; &nbsp; <strong>Tratamento a laser<\/strong> \u2013 incluindo <a href=\"https:\/\/dermaaestheticslondon.com\/pt\/treatments\/co2-laser-treatment\/\">laser de CO2<\/a><\/p>\n\n\n\n<p>\u00b7 &nbsp; &nbsp; &nbsp; <strong>Microagulhamento <\/strong>\u2013 incluindo <a href=\"https:\/\/dermaaestheticslondon.com\/pt\/treatments\/microneedling\/\">microagulhamento tradicional<\/a> e <a href=\"https:\/\/dermaaestheticslondon.com\/pt\/treatments\/vivace-radio-frequency-with-microneedling\/\">microagulhamento por radiofrequ\u00eancia<\/a><\/p>\n\n\n\n<p>\u00b7 &nbsp; &nbsp; &nbsp; <a href=\"https:\/\/dermaaestheticslondon.com\/pt\/treatment-category\/hair-treatments\/\"><strong>tratamentos capilares<\/strong><\/a> \u2013 para estimular o crescimento capilar e combater a queda de cabelo.&nbsp;<\/p>\n\n\n\n<p>\u00b7 &nbsp; &nbsp; &nbsp; <strong>Tratamentos de modelagem corporal e facial<\/strong> - como <a href=\"https:\/\/dermaaestheticslondon.com\/pt\/treatment-category\/endolift\/\">Endolift<\/a><\/p>\n\n\n\n<p>Agende sua consulta hoje mesmo e saiba mais sobre o tratamento antirrugas especializado em Mayfair.&nbsp;<\/p>\n\n\n\n<p><a href=\"https:\/\/dermaaestheticslondon.com\/pt\/contact\/\">ENTRE EM CONTATO<\/a><\/p>\n\n\n\n<h2 class=\"wp-block-heading\" id=\"how-to-find-our-aesthetic-clinic-near-mayfair\">Como encontrar nossa cl\u00ednica de est\u00e9tica perto de Mayfair<\/h2>\n\n\n\n<p>A cl\u00ednica Derma Aesthetics London est\u00e1 localizada na Harley Street, um dos melhores lugares para cuidados de sa\u00fade privados e medicina est\u00e9tica.&nbsp;<\/p>\n\n\n\n<p>Nossa cl\u00ednica no centro de Londres fica a uma curta caminhada da Bond Street, em Mayfair. Tamb\u00e9m estamos perto da esta\u00e7\u00e3o de metr\u00f4 Oxford Circus, servida pelas linhas Bakerloo, Victoria e Central.&nbsp;<\/p>\n\n\n\n<p>Se voc\u00ea estiver viajando de carro, h\u00e1 amplo estacionamento pago dispon\u00edvel na Harley Street.&nbsp;<\/p>\n\n\n\n<h3 class=\"wp-block-heading\" id=\"address\">Endere\u00e7o<\/h3>\n\n\n\n<p>Rua Harley, 39<br>Londres&nbsp;<br>W1G 8QH<\/p>\n\n\n<p><iframe src=\"https:\/\/www.google.com\/maps\/embed?pb=!1m14!1m8!1m3!1d9930.899153256332!2d-0.1468513!3d51.5182649!3m2!1i1024!2i768!4f13.1!3m3!1m2!1s0x487611e416322439%3A0xb84cf932b11cbe62!2sDerma%20Aesthetics%20London!5e0!3m2!1sen!2suk!4v1699790340707!5m2!1sen!2suk\" width=\"100%\" height=\"450\" style=\"border:0;\" allowfullscreen=\"\" loading=\"lazy\" referrerpolicy=\"no-referrer-when-downgrade\"><\/iframe><\/p>\n\n\n<h2 class=\"wp-block-heading\" id=\"about-mayfair-in-london\">Sobre Mayfair em Londres<\/h2>\n\n\n\n<p>Mayfair \u00e9 um dos lugares mais exclusivos de Londres. Fica perto do Hyde Park, do Green Park e da Grosvenor Square.&nbsp;<\/p>\n\n\n\n<p>A regi\u00e3o tamb\u00e9m abriga a famosa Bond Street, conhecida por suas boutiques de moda sofisticadas e lojas de artigos de luxo.&nbsp;<\/p>\n\n\n\n<p>Mayfair tamb\u00e9m possui diversos pontos de refer\u00eancia culturais, incluindo a Royal Academy of Arts e a hist\u00f3rica Berkeley Square.<\/p>\n\n\n\n<p><\/p>","protected":false},"excerpt":{"rendered":"<p>O tratamento antirrugas em Mayfair pode ajudar a reduzir linhas finas, com resultados de apar\u00eancia natural. Agende sua consulta na Derma Aesthetics London hoje mesmo.<\/p>","protected":false},"author":4,"featured_media":3721,"parent":0,"menu_order":70,"comment_status":"closed","ping_status":"closed","template":"","meta":{"_gspb_post_css":"","pgc_sgb_lightbox_settings":"","footnotes":""},"class_list":["post-4746","page","type-page","status-publish","has-post-thumbnail","hentry"],"blocksy_meta":{"page_structure_type":"type-1","styles_descriptor":{"styles":{"desktop":"","tablet":"","mobile":""},"google_fonts":[],"version":6}},"_links":{"self":[{"href":"https:\/\/dermaaestheticslondon.com\/pt\/wp-json\/wp\/v2\/pages\/4746","targetHints":{"allow":["GET"]}}],"collection":[{"href":"https:\/\/dermaaestheticslondon.com\/pt\/wp-json\/wp\/v2\/pages"}],"about":[{"href":"https:\/\/dermaaestheticslondon.com\/pt\/wp-json\/wp\/v2\/types\/page"}],"author":[{"embeddable":true,"href":"https:\/\/dermaaestheticslondon.com\/pt\/wp-json\/wp\/v2\/users\/4"}],"replies":[{"embeddable":true,"href":"https:\/\/dermaaestheticslondon.com\/pt\/wp-json\/wp\/v2\/comments?post=4746"}],"version-history":[{"count":1,"href":"https:\/\/dermaaestheticslondon.com\/pt\/wp-json\/wp\/v2\/pages\/4746\/revisions"}],"predecessor-version":[{"id":4747,"href":"https:\/\/dermaaestheticslondon.com\/pt\/wp-json\/wp\/v2\/pages\/4746\/revisions\/4747"}],"wp:featuredmedia":[{"embeddable":true,"href":"https:\/\/dermaaestheticslondon.com\/pt\/wp-json\/wp\/v2\/media\/3721"}],"wp:attachment":[{"href":"https:\/\/dermaaestheticslondon.com\/pt\/wp-json\/wp\/v2\/media?parent=4746"}],"curies":[{"name":"wp","href":"https:\/\/api.w.org\/{rel}","templated":true}]}}