{"id":4876,"date":"2026-04-22T09:14:53","date_gmt":"2026-04-22T08:14:53","guid":{"rendered":"https:\/\/dermaaestheticslondon.com\/?page_id=4876"},"modified":"2026-04-22T09:14:54","modified_gmt":"2026-04-22T08:14:54","slug":"biofiller-london","status":"publish","type":"page","link":"https:\/\/dermaaestheticslondon.com\/pt\/biofiller-london\/","title":{"rendered":"BioFiller Londres"},"content":{"rendered":"<p>Deseja restaurar o volume facial perdido e rejuvenescer a pele naturalmente? Converse com os especialistas em pele da Derma Aesthetics London sobre isso. <strong>BioFiller em Londres<\/strong>.<\/p>\n\n\n\n<p>Ao contr\u00e1rio dos preenchimentos d\u00e9rmicos tradicionais,<a href=\"https:\/\/dermaaestheticslondon.com\/pt\/treatments\/biofiller\/\"> Tratamento BioFiller<\/a> Utiliza o seu pr\u00f3prio plasma sangu\u00edneo para melhorar a qualidade e a textura da pele.<\/p>\n\n\n\n<p>Proporciona uma alternativa natural para modelar os contornos faciais, suavizar linhas finas e obter um volume mais jovem.<\/p>\n\n\n\n<p>Seu pr\u00f3prio sangue ajuda a criar um preenchedor natural rico em plasma rico em plaquetas e fatores de crescimento. Isso estimula a produ\u00e7\u00e3o de col\u00e1geno ao longo do tempo, o que aumenta a elasticidade da pele e resulta em uma pele mais firme e radiante.<\/p>\n\n\n\n<p>Na Derma Aesthetics London, nossa equipe de m\u00e9dicos e profissionais experientes oferece tratamentos com biofiller personalizados para atender \u00e0s suas necessidades e preocupa\u00e7\u00f5es espec\u00edficas com a pele.<\/p>\n\n\n\n<p>Nossa cl\u00ednica em Londres \u00e9 especializada em tratamentos avan\u00e7ados de rejuvenescimento facial. Nosso foco \u00e9 oferecer tratamentos de pele seguros e eficazes que exigem o m\u00ednimo de tempo de recupera\u00e7\u00e3o e ajudam voc\u00ea a alcan\u00e7ar resultados com apar\u00eancia natural.&nbsp;<\/p>\n\n\n\n<p>Comece hoje mesmo sua jornada rumo a uma pele com melhor qualidade geral, agendando uma consulta personalizada.&nbsp;<\/p>\n\n\n\n<p>Nossos especialistas ir\u00e3o orient\u00e1-lo(a) na escolha do tratamento mais adequado para voc\u00ea e seus objetivos est\u00e9ticos.<\/p>\n\n\n\n<p><a href=\"https:\/\/dermaaestheticslondon.com\/pt\/contact\/\">AGENDAR UMA CONSULTA<\/a><\/p>\n\n\n\n<figure class=\"wp-block-image size-full\"><img decoding=\"async\" width=\"667\" height=\"667\" src=\"https:\/\/dermaaestheticslondon.com\/wordpress\/wp-content\/uploads\/2024\/01\/hifu-skin-tightening.webp\" alt=\"Non-Surgical Facelift Mayfair\" class=\"wp-image-1399\" srcset=\"https:\/\/dermaaestheticslondon.com\/wordpress\/wp-content\/uploads\/2024\/01\/hifu-skin-tightening.webp 667w, https:\/\/dermaaestheticslondon.com\/wordpress\/wp-content\/uploads\/2024\/01\/hifu-skin-tightening-300x300.webp 300w, https:\/\/dermaaestheticslondon.com\/wordpress\/wp-content\/uploads\/2024\/01\/hifu-skin-tightening-150x150.webp 150w\" sizes=\"(max-width: 667px) 100vw, 667px\" \/><\/figure>\n\n\n\n<h2 class=\"wp-block-heading\" id=\"about-mayfair-in-london\">O que \u00e9 BioFiller?<\/h2>\n\n\n\n<p>Voc\u00ea provavelmente j\u00e1 ouviu falar muito sobre preenchimentos tradicionais, como preenchimento labial, preenchimento de queixo e preenchimento de bochechas, mas sabe-se menos sobre o tratamento com biopreenchimento.<\/p>\n\n\n\n<p>O BioFiller, tamb\u00e9m conhecido como gel de plasma, \u00e9 um dos tratamentos de regenera\u00e7\u00e3o da pele que mais cresce.<\/p>\n\n\n\n<p>O procedimento funciona utilizando uma pequena amostra do seu pr\u00f3prio sangue para criar um preenchedor natural, que usamos para restaurar o volume facial e melhorar a qualidade da pele.<\/p>\n\n\n\n<p>Ao contr\u00e1rio dos preenchimentos d\u00e9rmicos sint\u00e9ticos, o Bio Filler \u00e9 um tratamento mais natural. Processamos o seu sangue para extrair o plasma rico em plaquetas e os fatores de crescimento, que aquecemos suavemente para criar um gel de preenchimento natural.<\/p>\n\n\n\n<p>Por utilizar o seu pr\u00f3prio plasma sangu\u00edneo, apresenta um risco muito menor de rea\u00e7\u00f5es al\u00e9rgicas ou efeitos colaterais adversos.<\/p>\n\n\n\n<p>O tratamento com BioFiller ajuda a restaurar o volume, aumentar a elasticidade da pele e promover a repara\u00e7\u00e3o dos tecidos e a produ\u00e7\u00e3o de col\u00e1geno. Como resultado, voc\u00ea observa um rejuvenescimento da pele a longo prazo.<\/p>\n\n\n\n<h2 class=\"wp-block-heading\" id=\"what-does-biofiller-treat\">O que o BioFiller trata?<\/h2>\n\n\n\n<p>O tratamento com BioFiller pode tratar diversas preocupa\u00e7\u00f5es relacionadas ao envelhecimento da pele, incluindo:<\/p>\n\n\n\n<p>Bochechas fundas e sulcos nasogenianos (linhas do nariz \u00e0 boca)<\/p>\n\n\n\n<p>\u2022 Olheiras (sulcos lacrimais)<\/p>\n\n\n\n<p>\u2022 Perda de volume nas bochechas, t\u00eamporas e linha do maxilar<\/p>\n\n\n\n<p>\u2022 Reduz linhas finas e rugas<\/p>\n\n\n\n<p>\u2022 Estimula a produ\u00e7\u00e3o de col\u00e1geno para aumentar a firmeza da pele e melhorar sua textura.<\/p>\n\n\n\n<p>\u2022 Rejuvenesce a pele fina e envelhecida das m\u00e3os, pesco\u00e7o e colo.<\/p>\n\n\n\n<p>\u2022 Hidrata e proporciona um brilho natural \u00e0 pele.<\/p>\n\n\n\n<p>\u2022 Pode melhorar o tom da pele, incluindo o tratamento de manchas escuras causadas por danos solares.<\/p>\n\n\n\n<p>Recomendamos o Bio Filler para pacientes que desejam uma pele lisa e rejuvenescida sem o uso de preenchimentos sint\u00e9ticos.<\/p>\n\n\n\n<h2 class=\"wp-block-heading\" id=\"is-biofiller-an-alternative-to-dermal-fillers\">O BioFiller \u00e9 uma alternativa aos preenchimentos d\u00e9rmicos?<\/h2>\n\n\n\n<p>Sim, o Bio Filler \u00e9 uma alternativa natural aos preenchimentos d\u00e9rmicos. \u00c9 mais indicado para pacientes que preferem uma abordagem mais natural para seus tratamentos de pele.<\/p>\n\n\n\n<p>Tradicional<a href=\"https:\/\/dermaaestheticslondon.com\/pt\/treatment-category\/dermal-fillers\/\"> preenchimentos d\u00e9rmicos<\/a> geralmente s\u00e3o compostos de \u00e1cido hialur\u00f4nico ou outra subst\u00e2ncia que ajuda a hidratar e restaurar instantaneamente o volume da pele.<\/p>\n\n\n\n<p>Os preenchimentos d\u00e9rmicos oferecem um efeito sutil de volume e lifting da pele, mas se voc\u00ea deseja usar uma subst\u00e2ncia natural que atue como preenchedor, os Bio Fillers utilizam o seu pr\u00f3prio sangue para suavizar a pele e promover uma regenera\u00e7\u00e3o tecidual mais profunda. Os preenchimentos sint\u00e9ticos n\u00e3o oferecem esse benef\u00edcio.<\/p>\n\n\n\n<p>O tratamento com BioFiller tamb\u00e9m apresenta risco m\u00ednimo de rea\u00e7\u00f5es al\u00e9rgicas e rejei\u00e7\u00e3o pelo organismo, o que significa que \u00e9 adequado at\u00e9 mesmo para pessoas com pele sens\u00edvel.<\/p>\n\n\n\n<p>Se voc\u00ea deseja um tratamento de rejuvenescimento que restaure o volume, estimule a produ\u00e7\u00e3o de col\u00e1geno e regenere a pele ao longo do tempo, o Bio Filler \u00e9 para voc\u00ea.<\/p>\n\n\n\n<h2 class=\"wp-block-heading\" id=\"the-benefits-of-biofiller-treatment\">Os benef\u00edcios do tratamento com BioFiller<\/h2>\n\n\n\n<p>Os principais benef\u00edcios do tratamento com BioFiller s\u00e3o:<\/p>\n\n\n\n<p>\u2022 Preenchimento natural utilizando uma pequena amostra de sangue e plasma aut\u00f3logo.<\/p>\n\n\n\n<p>\u2022 Risco m\u00ednimo de rea\u00e7\u00f5es al\u00e9rgicas<\/p>\n\n\n\n<p>\u2022 Proporciona estimula\u00e7\u00e3o de col\u00e1geno nas camadas mais profundas da pele.<\/p>\n\n\n\n<p>\u2022 Melhora a elasticidade da pele e adiciona volume jovial<\/p>\n\n\n\n<p>\u2022 Melhora a qualidade e a textura da pele<\/p>\n\n\n\n<p>\u2022 Favorece a regenera\u00e7\u00e3o da pele a longo prazo<\/p>\n\n\n\n<p>\u2022 Tempo de recupera\u00e7\u00e3o m\u00ednimo (pode ocorrer incha\u00e7o e vermelhid\u00e3o leves)<\/p>\n\n\n\n<p>Muitos pacientes observam alguns resultados vis\u00edveis imediatamente. Isso inclui aumento de volume e defini\u00e7\u00e3o do contorno facial.<\/p>\n\n\n\n<p>Ao longo das pr\u00f3ximas semanas e meses, \u00e0 medida que a produ\u00e7\u00e3o inicial de col\u00e1geno se inicia, os pacientes notar\u00e3o uma pele mais firme, lisa e radiante.<\/p>\n\n\n\n<h2 class=\"wp-block-heading\" id=\"how-does-biofiller-treatment-work\">Como funciona o tratamento com BioFiller?<\/h2>\n\n\n\n<p>Seu tratamento com BioFiller come\u00e7ar\u00e1 com uma consulta inicial em nossa cl\u00ednica em Londres.<\/p>\n\n\n\n<p>Durante esta consulta, voc\u00ea se encontrar\u00e1 com o Dr. Raja, que avaliar\u00e1 seu tipo de pele, condi\u00e7\u00e3o e problemas cut\u00e2neos. A partir disso, ele desenvolver\u00e1 um plano de tratamento personalizado para garantir que voc\u00ea obtenha os melhores resultados.<\/p>\n\n\n\n<p>Seu procedimento com BioFiller incluir\u00e1:<\/p>\n\n\n\n<p>1. Coletamos uma pequena amostra de sangue do seu bra\u00e7o.<\/p>\n\n\n\n<p>2. Sua amostra de sangue ser\u00e1 colocada em uma centr\u00edfuga para isolar o plasma rico em plaquetas e os fatores de crescimento.<\/p>\n\n\n\n<p>3. Seu pr\u00f3prio plasma \u00e9 aquecido e resfriado suavemente para formar um gel preenchedor natural.<\/p>\n\n\n\n<p>4. O Dr. Raja aplicar\u00e1 um creme anest\u00e9sico t\u00f3pico nos locais da inje\u00e7\u00e3o para garantir que voc\u00ea sinta o m\u00ednimo de desconforto poss\u00edvel.<\/p>\n\n\n\n<p>5. Usaremos uma agulha muito fina para injetar o Bio Filler.<\/p>\n\n\n\n<p>6. Massagearemos suavemente a \u00e1rea tratada para garantir uma distribui\u00e7\u00e3o uniforme.<\/p>\n\n\n\n<h3 class=\"wp-block-heading\" id=\"after-your-biofiller-treatment\">Ap\u00f3s o seu tratamento com BioFiller<\/h3>\n\n\n\n<p>\u00c9 poss\u00edvel que voc\u00ea note um leve incha\u00e7o e vermelhid\u00e3o ao redor dos locais da inje\u00e7\u00e3o. Isso \u00e9 completamente normal e desaparecer\u00e1 em 24 a 48 horas.<\/p>\n\n\n\n<p>Para obter os melhores resultados, recomendamos que voc\u00ea:<\/p>\n\n\n\n<p>\u2022 N\u00e3o massageie nem toque na \u00e1rea tratada por 24 horas.<\/p>\n\n\n\n<p>\u2022 N\u00e3o consuma \u00e1lcool por 24 a 48 horas.<\/p>\n\n\n\n<p>\u2022 Evite a exposi\u00e7\u00e3o solar e o calor direto (saunas e banhos de vapor) por 48 horas.<\/p>\n\n\n\n<p>\u2022 N\u00e3o pratique exerc\u00edcios f\u00edsicos intensos por 24 a 48 horas.<\/p>\n\n\n\n<h2 class=\"wp-block-heading\" id=\"how-many-sessions-of-biofiller-do-i-need\">Quantas sess\u00f5es de BioFilter eu preciso?<\/h2>\n\n\n\n<p>O n\u00famero de sess\u00f5es necess\u00e1rias depender\u00e1 da quantidade de volume perdido e de seus objetivos est\u00e9ticos.<\/p>\n\n\n\n<p>A maioria dos pacientes come\u00e7a a notar melhorias vis\u00edveis na pele ap\u00f3s uma \u00fanica sess\u00e3o de tratamento.<\/p>\n\n\n\n<p>No entanto, para obter os melhores resultados, o Dr. Raja pode recomendar um ciclo de 2 a 3 sess\u00f5es de tratamento, com intervalos de 4 a 6 semanas entre elas. Isso d\u00e1 tempo para a pele se recuperar e para a forma\u00e7\u00e3o de novo col\u00e1geno.<\/p>\n\n\n\n<p>Alguns pacientes podem se beneficiar de tratamentos de manuten\u00e7\u00e3o a cada 6 a 12 meses para garantir que sua pele permane\u00e7a radiante e saud\u00e1vel por mais tempo.<\/p>\n\n\n\n<h2 class=\"wp-block-heading\" id=\"biofiller-results\">Resultados do BioFiller<\/h2>\n\n\n\n<p>Voc\u00ea notar\u00e1 volume e defini\u00e7\u00e3o instant\u00e2neos nos contornos faciais imediatamente ap\u00f3s o tratamento.<\/p>\n\n\n\n<p>Nas pr\u00f3ximas semanas, os fatores de crescimento presentes no seu pr\u00f3prio plasma estimular\u00e3o a produ\u00e7\u00e3o de col\u00e1geno e a repara\u00e7\u00e3o dos tecidos. Isso come\u00e7ar\u00e1 a melhorar a textura e a qualidade geral da sua pele.<\/p>\n\n\n\n<p>Voc\u00ea pode esperar que os resultados do seu tratamento com BioFiller durem de 6 a 12 meses. Isso depender\u00e1 da \u00e1rea tratada e da velocidade com que seu corpo metaboliza o preenchimento.<\/p>\n\n\n\n<h2 class=\"wp-block-heading\" id=\"book-your-consultation-for-biofiller-london-with-derma-aesthetics-london\">Agende sua consulta para BioFiller em Londres com a Derma Aesthetics London.<\/h2>\n\n\n\n<p>Se voc\u00ea busca uma abordagem mais natural para o rejuvenescimento da pele, o tratamento BioFiller em Londres com a Derma Aesthetics London \u00e9 uma \u00f3tima op\u00e7\u00e3o.<\/p>\n\n\n\n<p>O Dr. Raja \u00e9 um m\u00e9dico est\u00e9tico experiente com amplo conhecimento da anatomia e estrutura facial, o que garante a aplica\u00e7\u00e3o do BioFiller nos pontos e profundidades corretos para ajudar voc\u00ea a alcan\u00e7ar resultados com apar\u00eancia natural.<\/p>\n\n\n\n<p>Ele trabalhar\u00e1 com voc\u00ea para criar um plano de tratamento personalizado que restaurar\u00e1 o volume perdido em \u00e1reas espec\u00edficas e melhorar\u00e1 a textura e o tom da sua pele.<\/p>\n\n\n\n<p>Nosso objetivo \u00e9 ajud\u00e1-lo(a) a conquistar uma apar\u00eancia mais renovada, para que voc\u00ea se sinta e tenha a melhor apar\u00eancia poss\u00edvel.<\/p>\n\n\n\n<p><a href=\"https:\/\/dermaaestheticslondon.com\/pt\/contact\/\">ENTRE EM CONTATO<\/a><\/p>\n\n\n\n<h2 class=\"wp-block-heading\" id=\"how-to-find-our-london-clinic\">Como encontrar nossa cl\u00ednica em Londres<\/h2>\n\n\n\n<p>A cl\u00ednica Derma Aesthetics London est\u00e1 localizada na Harley Street, um dos melhores lugares para cuidados de sa\u00fade privados e medicina est\u00e9tica.&nbsp;<\/p>\n\n\n\n<p>Nossa cl\u00ednica no centro de Londres fica a uma curta caminhada da Bond Street, em Mayfair. Tamb\u00e9m estamos perto da esta\u00e7\u00e3o de metr\u00f4 Oxford Circus, servida pelas linhas Bakerloo, Victoria e Central.&nbsp;<\/p>\n\n\n\n<p>Se voc\u00ea estiver viajando de carro, h\u00e1 amplo estacionamento pago dispon\u00edvel na Harley Street.&nbsp;<\/p>\n\n\n\n<h3 class=\"wp-block-heading\" id=\"address\">Endere\u00e7o<\/h3>\n\n\n\n<p>Rua Harley, 39<br>Londres&nbsp;<br>W1G 8QH<\/p>\n\n\n<p><iframe src=\"https:\/\/www.google.com\/maps\/embed?pb=!1m14!1m8!1m3!1d9930.899153256332!2d-0.1468513!3d51.5182649!3m2!1i1024!2i768!4f13.1!3m3!1m2!1s0x487611e416322439%3A0xb84cf932b11cbe62!2sDerma%20Aesthetics%20London!5e0!3m2!1sen!2suk!4v1699790340707!5m2!1sen!2suk\" width=\"100%\" height=\"450\" style=\"border:0;\" allowfullscreen=\"\" loading=\"lazy\" referrerpolicy=\"no-referrer-when-downgrade\"><\/iframe><\/p>","protected":false},"excerpt":{"rendered":"<p>Deseja restaurar o volume facial perdido e rejuvenescer a pele naturalmente? Converse com os especialistas em pele da Derma Aesthetics London sobre o BioFiller em Londres.<\/p>","protected":false},"author":4,"featured_media":1399,"parent":0,"menu_order":70,"comment_status":"closed","ping_status":"closed","template":"","meta":{"_gspb_post_css":"","pgc_sgb_lightbox_settings":"","footnotes":""},"class_list":["post-4876","page","type-page","status-publish","has-post-thumbnail","hentry"],"blocksy_meta":{"page_structure_type":"type-1","styles_descriptor":{"styles":{"desktop":"","tablet":"","mobile":""},"google_fonts":[],"version":6}},"_links":{"self":[{"href":"https:\/\/dermaaestheticslondon.com\/pt\/wp-json\/wp\/v2\/pages\/4876","targetHints":{"allow":["GET"]}}],"collection":[{"href":"https:\/\/dermaaestheticslondon.com\/pt\/wp-json\/wp\/v2\/pages"}],"about":[{"href":"https:\/\/dermaaestheticslondon.com\/pt\/wp-json\/wp\/v2\/types\/page"}],"author":[{"embeddable":true,"href":"https:\/\/dermaaestheticslondon.com\/pt\/wp-json\/wp\/v2\/users\/4"}],"replies":[{"embeddable":true,"href":"https:\/\/dermaaestheticslondon.com\/pt\/wp-json\/wp\/v2\/comments?post=4876"}],"version-history":[{"count":1,"href":"https:\/\/dermaaestheticslondon.com\/pt\/wp-json\/wp\/v2\/pages\/4876\/revisions"}],"predecessor-version":[{"id":4877,"href":"https:\/\/dermaaestheticslondon.com\/pt\/wp-json\/wp\/v2\/pages\/4876\/revisions\/4877"}],"wp:featuredmedia":[{"embeddable":true,"href":"https:\/\/dermaaestheticslondon.com\/pt\/wp-json\/wp\/v2\/media\/1399"}],"wp:attachment":[{"href":"https:\/\/dermaaestheticslondon.com\/pt\/wp-json\/wp\/v2\/media?parent=4876"}],"curies":[{"name":"wp","href":"https:\/\/api.w.org\/{rel}","templated":true}]}}