{"id":1797,"date":"2024-01-23T15:57:36","date_gmt":"2024-01-23T15:57:36","guid":{"rendered":"https:\/\/dermaaestheticslondon.com\/wordpress\/?page_id=1797"},"modified":"2024-08-14T13:12:11","modified_gmt":"2024-08-14T12:12:11","slug":"free-online-consultation","status":"publish","type":"page","link":"https:\/\/dermaaestheticslondon.com\/tr\/free-online-consultation\/","title":{"rendered":"\u00dccretsiz \u00c7evrimi\u00e7i Dan\u0131\u015fmanl\u0131k"},"content":{"rendered":"\n<div class=\"wp-block-greenshift-blocks-container gspb_container gspb_container-gsbp-33f7646b-c7ed\" id=\"gspb_container-id-gsbp-33f7646b-c7ed\">\n<h1 id=\"gspb_heading-id-gsbp-fda9d865-c320\" class=\"gspb_heading gspb_heading-id-gsbp-fda9d865-c320 \">Free Online Consultation<\/h1>\n<\/div>\n\n\n\n<p id=\"gspb_text-id-gsbp-1e5c294\" class=\"gspb_text gspb_text-id-gsbp-1e5c294 \">We offer a FREE online consultation so the doctor can offer more advice and information.<br>Let us know which area or treatment you are enquiring about in our message section. Our doctors will review and assess your photos and email you with personalised medical feedback of suitable treatments, procedure details and cost as well as before and after images of similar treatments previously performed in our clinic.\u00a0<\/p>\n\n\n\n<section class=\"wp-block-greenshift-blocks-row alignfull gspb_row gspb_row-id-gsbp-d5264c80-d0e9\" id=\"gspb_row-id-gsbp-d5264c80-d0e9\"><div class=\"gspb_row__content\"> \n<div class=\"wp-block-greenshift-blocks-row-column gspb_row__col--12 gspb_col-id-gsbp-332c6b01-234f\" id=\"gspb_col-id-gsbp-332c6b01-234f\">\n<div class=\"wp-block-greenshift-blocks-row gspb_row gspb_row-id-gsbp-03d3bafc-94fb gspb_row--gutter-custom-0\" id=\"gspb_row-id-gsbp-03d3bafc-94fb\"><div class=\"gspb_row__content\"> \n<div class=\"wp-block-greenshift-blocks-row-column gspb_row__col--6 gspb_row__col--md-12 gspb_col-id-gsbp-b4020bc8-be7a\" id=\"gspb_col-id-gsbp-b4020bc8-be7a\">\n<p>Please add your details below and attach full facial (front and side) profile photos.&nbsp;By submitting this form you consent to being contacted via email or phone.<\/p>\n\n\n\n<div id=\"gspb_text-id-gsbp-49392628-f1d3\" class=\"gspb_text gspb_text-id-gsbp-49392628-f1d3 \"><strong>CONTACT<\/strong><br>English : <a href=\"tel:07901316597\">07901 316597<\/a><br><br><strong>OUR LOCATION<\/strong><br>39 Harley Street Marylebone, London, W1G 8QH<br><br><strong>OPENING HOURS<\/strong><br>Tuesday-Sat: 10am-6pm<br><br><strong>CARE<\/strong><br>Aftercare: <a href=\"tel:07901316597\">07901 316597<\/a><\/div>\n\n\n<div class=\"ct-block-wrapper\">\n\n<h3 class=\"wp-block-heading\" id=\"follow-us\" style=\"font-size:clamp(14px, 0.875rem + ((1vw - 3.2px) * 0.313), 18px);\">Follow us<\/h3>\n\n\n<div class=\"ct-socials-block\" style=\"--theme-icon-color:var(--wp--preset--color--palette-color-8);--theme-icon-hover-color:var(--wp--preset--color--palette-color-8);--background-color:var(--wp--preset--color--palette-color-1);--background-hover-color:var(--wp--preset--color--palette-color-2);\">\n\t\t<div class=\"ct-social-box\" data-color=\"default\" data-icons-type=\"rounded:solid\" >\n\t\t\t\n\t\t\t\n\t\t\t\t\t\t\t\n\t\t\t\t<a href=\"https:\/\/www.facebook.com\/dermadestheticslondon\/\" data-network=\"facebook\" aria-label=\"Facebook\" rel=\"nofollow noopener\" target=\"_blank\">\n\t\t\t\t\t<span class=\"ct-icon-container\">\n\t\t\t\t\t<svg\n\t\t\t\t\twidth=\"20px\"\n\t\t\t\t\theight=\"20px\"\n\t\t\t\t\tviewBox=\"0 0 20 20\"\n\t\t\t\t\taria-hidden=\"true\">\n\t\t\t\t\t\t<path d=\"M20,10.1c0-5.5-4.5-10-10-10S0,4.5,0,10.1c0,5,3.7,9.1,8.4,9.9v-7H5.9v-2.9h2.5V7.9C8.4,5.4,9.9,4,12.2,4c1.1,0,2.2,0.2,2.2,0.2v2.5h-1.3c-1.2,0-1.6,0.8-1.6,1.6v1.9h2.8L13.9,13h-2.3v7C16.3,19.2,20,15.1,20,10.1z\"\/>\n\t\t\t\t\t<\/svg>\n\t\t\t\t<\/span>\t\t\t\t<\/a>\n\t\t\t\t\t\t\t\n\t\t\t\t<a href=\"https:\/\/www.instagram.com\/derma_aesthetics_london\" data-network=\"instagram\" aria-label=\"Instagram\" rel=\"nofollow noopener\" target=\"_blank\">\n\t\t\t\t\t<span class=\"ct-icon-container\">\n\t\t\t\t\t<svg\n\t\t\t\t\twidth=\"20\"\n\t\t\t\t\theight=\"20\"\n\t\t\t\t\tviewBox=\"0 0 20 20\"\n\t\t\t\t\taria-hidden=\"true\">\n\t\t\t\t\t\t<circle cx=\"10\" cy=\"10\" r=\"3.3\"\/>\n\t\t\t\t\t\t<path d=\"M14.2,0H5.8C2.6,0,0,2.6,0,5.8v8.3C0,17.4,2.6,20,5.8,20h8.3c3.2,0,5.8-2.6,5.8-5.8V5.8C20,2.6,17.4,0,14.2,0zM10,15c-2.8,0-5-2.2-5-5s2.2-5,5-5s5,2.2,5,5S12.8,15,10,15z M15.8,5C15.4,5,15,4.6,15,4.2s0.4-0.8,0.8-0.8s0.8,0.4,0.8,0.8S16.3,5,15.8,5z\"\/>\n\t\t\t\t\t<\/svg>\n\t\t\t\t<\/span>\t\t\t\t<\/a>\n\t\t\t\t\t\t\t\n\t\t\t\t<a href=\"https:\/\/www.tiktok.com\/@dermaaestheticslondon\" data-network=\"tiktok\" aria-label=\"TikTok\" rel=\"nofollow noopener\" target=\"_blank\">\n\t\t\t\t\t<span class=\"ct-icon-container\">\n\t\t\t\t\t<svg\n\t\t\t\t\twidth=\"20px\"\n\t\t\t\t\theight=\"20px\"\n\t\t\t\t\tviewBox=\"0 0 20 20\"\n\t\t\t\t\taria-hidden=\"true\">\n\t\t\t\t\t\t<path d=\"M18.2 4.5c-2.3-.2-4.1-1.9-4.4-4.2V0h-3.4v13.8c0 1.4-1.2 2.6-2.8 2.6-1.4 0-2.6-1.1-2.6-2.6s1.1-2.6 2.6-2.6h.2l.5.1V7.5h-.7c-3.4 0-6.2 2.8-6.2 6.2S4.2 20 7.7 20s6.2-2.8 6.2-6.2v-7c1.1 1.1 2.4 1.6 3.9 1.6h.8V4.6l-.4-.1z\"\/>\n\t\t\t\t\t<\/svg>\n\t\t\t\t<\/span>\t\t\t\t<\/a>\n\t\t\t\t\t\t\t\n\t\t\t\t<a href=\"https:\/\/api.whatsapp.com\/send?phone=447901316597\" data-network=\"whatsapp\" aria-label=\"WhatsApp\" rel=\"nofollow noopener\" target=\"_blank\">\n\t\t\t\t\t<span class=\"ct-icon-container\">\n\t\t\t\t\t<svg\n\t\t\t\t\twidth=\"20px\"\n\t\t\t\t\theight=\"20px\"\n\t\t\t\t\tviewBox=\"0 0 20 20\"\n\t\t\t\t\taria-hidden=\"true\">\n\t\t\t\t\t\t<path d=\"M10,0C4.5,0,0,4.5,0,10c0,1.9,0.5,3.6,1.4,5.1L0.1,20l5-1.3C6.5,19.5,8.2,20,10,20c5.5,0,10-4.5,10-10S15.5,0,10,0zM6.6,5.3c0.2,0,0.3,0,0.5,0c0.2,0,0.4,0,0.6,0.4c0.2,0.5,0.7,1.7,0.8,1.8c0.1,0.1,0.1,0.3,0,0.4C8.3,8.2,8.3,8.3,8.1,8.5C8,8.6,7.9,8.8,7.8,8.9C7.7,9,7.5,9.1,7.7,9.4c0.1,0.2,0.6,1.1,1.4,1.7c0.9,0.8,1.7,1.1,2,1.2c0.2,0.1,0.4,0.1,0.5-0.1c0.1-0.2,0.6-0.7,0.8-1c0.2-0.2,0.3-0.2,0.6-0.1c0.2,0.1,1.4,0.7,1.7,0.8s0.4,0.2,0.5,0.3c0.1,0.1,0.1,0.6-0.1,1.2c-0.2,0.6-1.2,1.1-1.7,1.2c-0.5,0-0.9,0.2-3-0.6c-2.5-1-4.1-3.6-4.2-3.7c-0.1-0.2-1-1.3-1-2.6c0-1.2,0.6-1.8,0.9-2.1C6.1,5.4,6.4,5.3,6.6,5.3z\"\/>\n\t\t\t\t\t<\/svg>\n\t\t\t\t<\/span>\t\t\t\t<\/a>\n\t\t\t\n\t\t\t\n\t\t\t\t\t<\/div>\n\n\t<\/div>\n<\/div><\/div>\n\n\n\n<div class=\"wp-block-greenshift-blocks-row-column gspb_row__col--6 gspb_row__col--md-12 gspb_col-id-gsbp-4361e1d1-6cb1\" id=\"gspb_col-id-gsbp-4361e1d1-6cb1\"><link rel='stylesheet' id='formidable-css' href='https:\/\/dermaaestheticslondon.com\/wordpress\/wp-content\/plugins\/formidable\/css\/formidableforms.css' media='all' \/>\n<div class=\"frm_forms  with_frm_style frm_style_formidable-style\" id=\"frm_form_1_container\" data-token=\"ac214d45db2aaef5ebd02f23771fc785\">\n<form enctype=\"multipart\/form-data\" method=\"post\" class=\"frm-show-form  frm_js_validate  frm_pro_form \" id=\"form_contact-form\" data-token=\"ac214d45db2aaef5ebd02f23771fc785\">\n<div class=\"frm_form_fields \">\n<fieldset>\n<legend class=\"frm_screen_reader\">Free Online Consultation<\/legend>\r\n\r\n<div class=\"frm_fields_container\">\n<input type=\"hidden\" name=\"frm_action\" value=\"create\" \/>\n<input type=\"hidden\" name=\"form_id\" value=\"1\" \/>\n<input type=\"hidden\" name=\"frm_hide_fields_1\" id=\"frm_hide_fields_1\" value=\"\" \/>\n<input type=\"hidden\" name=\"form_key\" value=\"contact-form\" \/>\n<input type=\"hidden\" name=\"item_meta[0]\" value=\"\" \/>\n<input type=\"hidden\" id=\"frm_submit_entry_1\" name=\"frm_submit_entry_1\" value=\"f989854a0d\" \/><input type=\"hidden\" name=\"_wp_http_referer\" value=\"\/tr\/wp-json\/wp\/v2\/pages\/1797\" \/><div id=\"frm_field_1_container\" class=\"frm_form_field form-field  frm_required_field frm_none_container frm12\">\r\n    <label for=\"field_qh4icy\" id=\"field_qh4icy_label\" class=\"frm_primary_label\">Name\r\n        <span class=\"frm_required\" aria-hidden=\"true\">*<\/span>\r\n    <\/label>\r\n    <input  type=\"text\" id=\"field_qh4icy\" name=\"item_meta[1]\" value=\"\"  placeholder=\"Name *\" data-reqmsg=\"Name cannot be blank.\" aria-required=\"true\" data-invmsg=\"Name is invalid\" aria-invalid=\"false\"   \/>\r\n    \r\n    \r\n<\/div>\n<div id=\"frm_field_3_container\" class=\"frm_form_field form-field  frm_required_field frm_none_container frm_full\">\r\n    <label for=\"field_29yf4d\" id=\"field_29yf4d_label\" class=\"frm_primary_label\">Email\r\n        <span class=\"frm_required\" aria-hidden=\"true\">*<\/span>\r\n    <\/label>\r\n    <input type=\"email\" id=\"field_29yf4d\" name=\"item_meta[3]\" value=\"\"  placeholder=\"Email *\" data-reqmsg=\"Email cannot be blank.\" aria-required=\"true\" data-invmsg=\"Please enter a valid email address\" aria-invalid=\"false\"  \/>\r\n    \r\n    \r\n<\/div>\n<div id=\"frm_field_4_container\" class=\"frm_form_field form-field  frm_required_field frm_none_container frm_full\">\r\n    <label for=\"field_e6lis6\" id=\"field_e6lis6_label\" class=\"frm_primary_label\">Phone\r\n        <span class=\"frm_required\" aria-hidden=\"true\">*<\/span>\r\n    <\/label>\r\n    <input  type=\"text\" id=\"field_e6lis6\" name=\"item_meta[4]\" value=\"\"  placeholder=\"Phone *\" data-reqmsg=\"Phone cannot be blank.\" aria-required=\"true\" data-invmsg=\"Subject is invalid\" aria-invalid=\"false\"   \/>\r\n    \r\n    \r\n<\/div>\n<div id=\"frm_field_5_container\" class=\"frm_form_field form-field  frm_required_field frm_none_container frm_full\">\r\n    <label for=\"field_9jv0r1\" id=\"field_9jv0r1_label\" class=\"frm_primary_label\">Let us know what your concerns are or what treatments you are considering.\r\n        <span class=\"frm_required\" aria-hidden=\"true\">*<\/span>\r\n    <\/label>\r\n    <textarea name=\"item_meta[5]\" id=\"field_9jv0r1\" rows=\"5\"  placeholder=\"Let us know what your concerns are or what treatments you are considering.\" data-reqmsg=\"Let us know what your concerns are or what treatments you are considering. cannot be blank.\" aria-required=\"true\" data-invmsg=\"Message is invalid\" aria-invalid=\"false\"  ><\/textarea>\r\n    \r\n    \r\n<\/div>\n<div id=\"frm_field_6_container\" class=\"frm_form_field form-field  frm_top_container\">\r\n    <label for=\"field_j5fwg\" id=\"field_j5fwg_label\" class=\"frm_primary_label\">Upload full facial (front and side) profile photos (maximum of 5 photos)\r\n        <span class=\"frm_required\" aria-hidden=\"true\"><\/span>\r\n    <\/label>\r\n    <input type=\"hidden\"  data-invmsg=\"File Upload is invalid\" class=\"auto_width\" aria-invalid=\"false\"   name=\"item_meta[6][]\"  value=\"\" data-frmfile=\"6\" \/>\n\n<div class=\"frm_dropzone frm_multi_upload frm_clearfix\" id=\"file6_dropzone\" role=\"group\" >\n\t<div class=\"fallback\">\n\t\t<input type=\"file\" name=\"file6[]\" id=\"field_j5fwg\"\n\t\t\t data-frmfile=\"6\" multiple=\"multiple\"  data-invmsg=\"File Upload is invalid\" class=\"auto_width\" aria-invalid=\"false\"  \t\t\t\/>\n\t\t\t\t<div class=\"frm_clearfix \"><\/div>\n\t<\/div>\n\t<div class=\"dz-message needsclick\">\n\t\t\t\t<svg  viewBox=\"0 0 18 18\" class=\"frmsvg frm-svg-icon\">\n\t<path viewBox=\"0 0 18 18\" fill-rule=\"evenodd\" clip-rule=\"evenodd\" d=\"M8.2 4v8a.8.8 0 001.5 0V4l2.1 2.2A.7.7 0 1013 5L9.5 1.7a.7.7 0 00-1.1 0L5.1 5.2a.8.8 0 001 1l2.1-2zm7.6 4.3c.4 0 .7.3.7.7v6.8c0 .4-.3.7-.8.7H2.3a.8.8 0 01-.8-.8V9A.8.8 0 013 9v6h12V9c0-.4.3-.8.8-.8z\"><\/path>\n<\/svg>\t\t<span class=\"frm_upload_text\"><button type=\"button\" aria-label=\"Upload full facial (front and side) profile photos (maximum of 5 photos). Drop a file here or click to upload. Maximum file size: 10MB\">Drop a file here or click to upload<\/button><\/span>\n\t\t<span class=\"frm_compact_text\"><button type=\"button\" aria-label=\"Upload full facial (front and side) profile photos (maximum of 5 photos). Choose File. Maximum file size: 10MB\">Choose File<\/button><\/span>\n\t\t<div class=\"frm_small_text\">\n\t\t\t<p>Maximum file size: 10MB<\/p>\n\t\t<\/div>\n\t<\/div>\n<\/div>\n\t\r\n    \r\n    \r\n<\/div>\n<div id=\"frm_field_7_container\" class=\"frm_form_field form-field  frm_none_container\">\r\n    <label for=\"g-recaptcha-response\" id=\"field_monuf_label\" class=\"frm_primary_label\">Captcha\r\n        <span class=\"frm_required\" aria-hidden=\"true\"><\/span>\r\n    <\/label>\r\n    <div  id=\"field_monuf\" class=\"frm-g-recaptcha\" data-sitekey=\"6LfTVQAqAAAAAKOGwRwVc1AThPBESK534sPJX6wG\" data-size=\"invisible\" data-theme=\"light\"><\/div>\r\n    \r\n    \r\n<\/div>\n<div id=\"frm_field_14_container\" class=\"frm_form_field form-field \">\r\n\t<div class=\"frm_submit\">\r\n\r\n<button class=\"frm_button_submit frm_final_submit\" type=\"submit\"   formnovalidate=\"formnovalidate\">Submit<\/button>\r\n\r\n\r\n<\/div>\r\n<\/div>\n\t<input type=\"hidden\" name=\"item_key\" value=\"\" \/>\n\t\t\t<div id=\"frm_field_25_container\">\n\t\t\t<label for=\"field_jq0jd\" >\n\t\t\t\tIf you are human, leave this field blank.\t\t\t<\/label>\n\t\t\t<input  id=\"field_jq0jd\" type=\"text\" class=\"frm_form_field form-field frm_verify\" name=\"item_meta[25]\" value=\"\"  \/>\n\t\t<\/div>\n\t\t<input name=\"frm_state\" type=\"hidden\" value=\"2fGJpcodjtX5giWNphIv6A2L3LqrOkuMOPBphANXa2IL9T9+suXgnU8yRlusXo6t\" \/><\/div>\n<\/fieldset>\n<\/div>\n\n<\/form>\n<\/div>\n\n\n\n<p>* Please check your junk \/ spam folders if you haven\u2019t heard from us in 48 hours<\/p>\n\n\n\n<p>** Please note any and all photos emailed to us will be treated as confidential and are only viewed by our doctors. All photos are safely deleted following online consultation. All our treatment photos sent to clients via email have been granted consent for use by clients who have signed a paper consent form in our clinics post procedures.<\/p>\n\n\n\n<p>** The minimum age for these procedures is 18 years old.<\/p>\n<\/div>\n <\/div><\/div>\n<\/div>\n <\/div><\/section>\n","protected":false},"excerpt":{"rendered":"<p>Derma Estetik Londra ile \u00dcCRETS\u0130Z \u00e7evrimi\u00e7i kons\u00fcltasyon randevusu al\u0131n, b\u00f6ylece doktor size daha fazla tavsiye ve bilgi sunabilir.<\/p>","protected":false},"author":1,"featured_media":0,"parent":0,"menu_order":0,"comment_status":"closed","ping_status":"closed","template":"","meta":{"_gspb_post_css":".gspb_container-id-gsbp-33f7646b-c7ed{flex-direction:column;box-sizing:border-box}#gspb_container-id-gsbp-33f7646b-c7ed.gspb_container>p:last-of-type{margin-bottom:0}.gspb_container{position:relative}#gspb_container-id-gsbp-33f7646b-c7ed.gspb_container{display:flex;flex-direction:column;align-items:center;margin-bottom:30px}#gspb_heading-id-gsbp-fda9d865-c320{font-size:clamp(30px,5vw,50px);line-height:1.5;text-align:center!important;margin-top:0;margin-bottom:10px;max-width:750px}#gspb_heading-id-gsbp-fda9d865-c320 .gsap-g-line,.gspb_text-id-gsbp-1e5c294,.gspb_text-id-gsbp-1e5c294 .gsap-g-line{text-align:center!important}#gspb_row-id-gsbp-d5264c80-d0e9{justify-content:space-between;margin-top:0;margin-bottom:0;display:flex;flex-wrap:wrap;padding-top:80px;padding-bottom:80px;overflow:hidden}#gspb_row-id-gsbp-d5264c80-d0e9>.gspb_row__content{display:flex;justify-content:space-between;margin:0 auto;width:100%;flex-wrap:wrap}.gspb_row{position:relative}div[id^=gspb_col-id]{box-sizing:border-box;position:relative;padding:15px min(3vw,20px)}@media (max-width:991.98px){#gspb_row-id-gsbp-d5264c80-d0e9{margin-bottom:60px;padding-top:60px;padding-bottom:60px}}#gspb_row-id-gsbp-d5264c80-d0e9{background-color:var(--wp--preset--color--palette-color-6, var(--theme-palette-color-6, #F5F2EE))}#gspb_col-id-gsbp-332c6b01-234f.gspb_row__col--12{width:100%}@media (max-width:575.98px){#gspb_col-id-gsbp-332c6b01-234f.gspb_row__col--12{width:100%}}.gspb_row #gspb_col-id-gsbp-332c6b01-234f.gspb_row__col--12,.gspb_row #gspb_col-id-gsbp-b4020bc8-be7a.gspb_row__col--6{padding:0}#gspb_row-id-gsbp-03d3bafc-94fb{justify-content:space-between;margin-top:0;margin-bottom:0;display:flex;flex-wrap:wrap;align-content:flex-start}#gspb_row-id-gsbp-03d3bafc-94fb>.gspb_row__content{display:flex;justify-content:space-between;margin:0 auto;width:100%;flex-wrap:wrap}@media (max-width:991.98px){#gspb_row-id-gsbp-03d3bafc-94fb>.gspb_row__content{row-gap:50px}}#gspb_row-id-gsbp-03d3bafc-94fb>.gspb_row__content{align-items:flex-start}body.gspb-bodyfront #gspb_row-id-gsbp-03d3bafc-94fb>.gspb_row__content,body.gspb-bodyfront #gspb_row-id-gsbp-d5264c80-d0e9>.gspb_row__content{width:var(--theme-container-width, 1200px);max-width:var(--theme-normal-container-max-width, 1200px)}body.gspb-bodyfront #gspb_row-id-gsbp-03d3bafc-94fb{z-index:1}#gspb_col-id-gsbp-b4020bc8-be7a.gspb_row__col--6{width:calc(50% - 50px)}@media (max-width:991.98px){#gspb_col-id-gsbp-b4020bc8-be7a.gspb_row__col--6{width:100%}}@media (max-width:767.98px){#gspb_col-id-gsbp-b4020bc8-be7a.gspb_row__col--6{width:calc(100% - 0px)}}@media (max-width:575.98px){#gspb_col-id-gsbp-b4020bc8-be7a.gspb_row__col--6{width:100%}}@media (min-width:992px){body.gspb-bodyfront #gspb_col-id-gsbp-b4020bc8-be7a.gspb_row__col--6{width:calc(42% - 0px - 50px)}}@media (max-width:991.98px){#gspb_col-id-gsbp-b4020bc8-be7a.gspb_row__col--6{order:-1}}@media (max-width:575.98px){#gspb_col-id-gsbp-b4020bc8-be7a.gspb_row__col--6,#gspb_col-id-gsbp-b4020bc8-be7a.gspb_row__col--6 .gsap-g-line{text-align:center!important}}body #gspb_col-id-gsbp-b4020bc8-be7a.gspb_row__col--6{display:flex;flex-direction:column}@media (max-width:575.98px){body #gspb_col-id-gsbp-b4020bc8-be7a.gspb_row__col--6{flex-direction:column;align-items:center}}.gspb_text-id-gsbp-49392628-f1d3{margin-bottom:60px!important}#gspb_col-id-gsbp-4361e1d1-6cb1.gspb_row__col--6{width:calc(50% - 50px)}@media (max-width:991.98px){#gspb_col-id-gsbp-4361e1d1-6cb1.gspb_row__col--6{width:100%}}@media (max-width:767.98px){#gspb_col-id-gsbp-4361e1d1-6cb1.gspb_row__col--6{width:calc(100% - 0px)}}@media (max-width:575.98px){#gspb_col-id-gsbp-4361e1d1-6cb1.gspb_row__col--6{width:100%}}@media (min-width:992px){body.gspb-bodyfront #gspb_col-id-gsbp-4361e1d1-6cb1.gspb_row__col--6{width:calc(58% - 0px - 50px)}}.gspb_row #gspb_col-id-gsbp-4361e1d1-6cb1.gspb_row__col--6{padding:60px}@media (max-width:991.98px){.gspb_row #gspb_col-id-gsbp-4361e1d1-6cb1.gspb_row__col--6{padding:50px}}@media (max-width:575.98px){.gspb_row #gspb_col-id-gsbp-4361e1d1-6cb1.gspb_row__col--6{padding:35px}}#gspb_col-id-gsbp-4361e1d1-6cb1.gspb_row__col--6{background-color:var(--wp--preset--color--palette-color-8, var(--theme-palette-color-8, #ffffff))}","pgc_sgb_lightbox_settings":"","footnotes":""},"class_list":["post-1797","page","type-page","status-publish","hentry"],"blocksy_meta":{"has_hero_section":"disabled","styles_descriptor":{"styles":{"desktop":"","tablet":"","mobile":""},"google_fonts":[],"version":6},"hero_section":"type-2"},"_links":{"self":[{"href":"https:\/\/dermaaestheticslondon.com\/tr\/wp-json\/wp\/v2\/pages\/1797","targetHints":{"allow":["GET"]}}],"collection":[{"href":"https:\/\/dermaaestheticslondon.com\/tr\/wp-json\/wp\/v2\/pages"}],"about":[{"href":"https:\/\/dermaaestheticslondon.com\/tr\/wp-json\/wp\/v2\/types\/page"}],"author":[{"embeddable":true,"href":"https:\/\/dermaaestheticslondon.com\/tr\/wp-json\/wp\/v2\/users\/1"}],"replies":[{"embeddable":true,"href":"https:\/\/dermaaestheticslondon.com\/tr\/wp-json\/wp\/v2\/comments?post=1797"}],"version-history":[{"count":7,"href":"https:\/\/dermaaestheticslondon.com\/tr\/wp-json\/wp\/v2\/pages\/1797\/revisions"}],"predecessor-version":[{"id":2634,"href":"https:\/\/dermaaestheticslondon.com\/tr\/wp-json\/wp\/v2\/pages\/1797\/revisions\/2634"}],"wp:attachment":[{"href":"https:\/\/dermaaestheticslondon.com\/tr\/wp-json\/wp\/v2\/media?parent=1797"}],"curies":[{"name":"wp","href":"https:\/\/api.w.org\/{rel}","templated":true}]}}