{"id":2111,"date":"2024-03-01T12:59:30","date_gmt":"2024-03-01T12:59:30","guid":{"rendered":"https:\/\/dermaaestheticslondon.com\/wordpress\/?page_id=2111"},"modified":"2025-01-30T13:12:08","modified_gmt":"2025-01-30T13:12:08","slug":"cheek-filler-london","status":"publish","type":"page","link":"https:\/\/dermaaestheticslondon.com\/tr\/cheek-filler-london\/","title":{"rendered":"Yanak Dolgusu Londra"},"content":{"rendered":"<div class=\"wp-block-greenshift-blocks-row alignfull gspb_row gspb_row-id-gsbp-4c5d06a\" id=\"gspb_row-id-gsbp-4c5d06a\"><div class=\"gspb_row__content\"> \n<div class=\"wp-block-greenshift-blocks-row-column gspb_row__col--8 gspb_col-id-gsbp-7f8bacc\" id=\"gspb_col-id-gsbp-7f8bacc\">\n<p>\u00c7ukur yanaklar\u0131n\u0131za daha fazla hacim veya \u015fekil eklemek istiyorsan\u0131z, Derma Aesthetics London ile g\u00f6r\u00fc\u015f\u00fcn&nbsp;<strong>Londra&#039;da yanak dolgusu<\/strong>.<\/p>\n\n\n\n<p>Derma Aesthetics London&#039;da \u015fu konularda uzmanla\u015f\u0131yoruz:\u00a0<a href=\"https:\/\/dermaaestheticslondon.com\/tr\/treatments\/cheek-filler\/\" data-type=\"treatment\" data-id=\"1318\">yanak dolgusu<\/a>\u00a0y\u00fcz \u015feklinize g\u00f6re uyarlad\u0131\u011f\u0131m\u0131z ve do\u011fal g\u00fczelli\u011finizi art\u0131rman\u0131za yard\u0131mc\u0131 olan bir tedavi. Doktor liderli\u011findeki ekibimiz, do\u011fal g\u00f6r\u00fcn\u00fcml\u00fc sonu\u00e7lar elde etmek ve y\u00fcz\u00fcn\u00fcz\u00fcn konturlar\u0131na denge getirmek i\u00e7in y\u00fcksek kaliteli dermal dolgular kullan\u0131r.<\/p>\n\n\n\n<p>Estetik sekt\u00f6r\u00fcnde y\u0131llar\u0131n deneyimine sahip ekibimiz, yanak dolgular\u0131 da dahil olmak \u00fczere dermal dolgu tedavilerinin nas\u0131l g\u00fcvenli bir \u015fekilde ger\u00e7ekle\u015ftirilece\u011fini biliyor. \u0130htiya\u00e7lar\u0131n\u0131z\u0131 kar\u015f\u0131lamak i\u00e7in yanak dolgusu tedavinizi ki\u015fiselle\u015ftirebilmemiz i\u00e7in, \u00f6zel cilt endi\u015felerinizi ve hedeflerinizi dinlemek i\u00e7in zaman ay\u0131r\u0131yoruz.<\/p>\n\n\n\n<p>Elmac\u0131k kemiklerinize ince bir kontur vermek veya yanaklar\u0131n\u0131z\u0131 kald\u0131r\u0131p \u00e7izgileri ve k\u0131r\u0131\u015f\u0131kl\u0131klar\u0131 azaltmak istiyorsan\u0131z, yanak dermal dolgular\u0131yla size yard\u0131mc\u0131 olabiliriz. Londra klini\u011fimizde bir kons\u00fcltasyon randevusu alarak daha gen\u00e7 bir g\u00f6r\u00fcn\u00fcme giden yolculu\u011funuza ba\u015flay\u0131n.<\/p>\n\n\n\n<div class=\"wp-block-buttons is-layout-flex wp-block-buttons-is-layout-flex\">\n<div class=\"wp-block-button\"><a class=\"wp-block-button__link wp-element-button\" href=\"https:\/\/dermaaestheticslondon.com\/tr\/contact\/\">RANDEVU ALIN<\/a><\/div>\n<\/div>\n<\/div>\n\n\n\n<div class=\"wp-block-greenshift-blocks-row-column gspb_row__col--4 gspb_col-id-gsbp-8c54ad0\" id=\"gspb_col-id-gsbp-8c54ad0\">\n<div class=\"wp-block-greenshift-blocks-image gspb_image gspb_image-id-gsbp-5dcafb2\" id=\"gspb_image-id-gsbp-5dcafb2\"><img decoding=\"async\" src=\"https:\/\/dermaaestheticslondon.com\/wordpress\/wp-content\/uploads\/2024\/03\/cheek-filler-london.webp\" data-src=\"\" alt=\"cheek filler london\" loading=\"lazy\" width=\"788\" height=\"788\"\/><\/div>\n<\/div>\n <\/div><\/div>\n\n\n\n<section class=\"wp-block-greenshift-blocks-row alignfull gspb_row gspb_row-id-gsbp-37bfaf4\" id=\"gspb_row-id-gsbp-37bfaf4\"><div class=\"gspb_row__content\"> \n<div class=\"wp-block-greenshift-blocks-row-column gspb_row__col--12 gspb_col-id-gsbp-d9f1f8e\" id=\"gspb_col-id-gsbp-d9f1f8e\">\n<h2 class=\"wp-block-heading\" id=\"what-are-cheek-fillers\">Yanak dolgusu nedir?<\/h2>\n\n\n\n<p>Yanaklar\u0131n\u0131zda kaybolan hacmi geri kazand\u0131rmak veya daha \u015fekilli, gen\u00e7 bir g\u00f6r\u00fcn\u00fcme kavu\u015fmak istiyorsan\u0131z yanak dolgusu tedavisi tam size g\u00f6re.&nbsp;<\/p>\n\n\n\n<p>Yanak dolgular\u0131, yanak geli\u015ftirme olarak da bilinir, ameliyata gerek kalmadan yanak b\u00f6lgenize hacim ve tan\u0131m ekleyen bir kozmetik tedavidir. Ayr\u0131ca derin \u00e7izgileri ve k\u0131r\u0131\u015f\u0131kl\u0131klar\u0131 yumu\u015fatmaya ve azaltmaya yard\u0131mc\u0131 olurlar.<\/p>\n\n\n\n<p>Yanak dolgusu tedavisi, yanaklarda \u015fekil ve yap\u0131 olu\u015fturmaya yard\u0131mc\u0131 olmak i\u00e7in dermal dolgular kullan\u0131r. Bunlar, hyaluronik asit i\u00e7eren yumu\u015fak jel benzeri bir maddeden olu\u015fan enjekte edilebilir bir tedavidir.<\/p>\n\n\n\n<p>Derma Aesthetics London&#039;da, istedi\u011finiz g\u00f6r\u00fcn\u00fcme kavu\u015fman\u0131za yard\u0131mc\u0131 olmak i\u00e7in y\u00fcz\u00fcn farkl\u0131 noktalar\u0131nda hyaluronik asit dolgular\u0131 kullan\u0131yoruz. Y\u00fcz\u00fcn\u00fcze daha fazla simetri ve yap\u0131 kazand\u0131racak ki\u015fiye \u00f6zel bir tedavi plan\u0131 olu\u015fturaca\u011f\u0131z.<\/p>\n\n\n\n<h3 class=\"wp-block-heading\" id=\"why-is-hyaluronic-acid-so-important-for-dermal-filler-treatment\">Dermal dolgu tedavisinde hyaluronik asit neden bu kadar \u00f6nemlidir?<\/h3>\n\n\n\n<p>Ya\u015fland\u0131k\u00e7a cildimizde hacim ve g\u00fc\u00e7 kayb\u0131 ba\u015flar. Bu y\u00fczden sarkmaya ba\u015flar ve \u00e7izgiler ve k\u0131r\u0131\u015f\u0131kl\u0131klar ortaya \u00e7\u0131kar. Bunun \u00e7o\u011fu, v\u00fccudumuzdaki kolajen ve hyaluronik asit gibi do\u011fal maddelerin t\u00fckenmeye ba\u015flamas\u0131ndan kaynaklan\u0131r.<\/p>\n\n\n\n<p>Hyaluronik asit (HA), cildimizi nemlendirmeye ve dolgunla\u015ft\u0131rmaya yard\u0131mc\u0131 olan v\u00fccutta do\u011fal olarak bulunan bir maddedir. Bu maddenin seviyeleri azald\u0131\u011f\u0131nda, cildinizin daha kuru ve k\u0131r\u0131lgan hale geldi\u011fini fark edeceksiniz.<\/p>\n\n\n\n<p>Dermal dolgular\u0131m\u0131z\u0131n temel bile\u015feni hyaluronik asit oldu\u011fundan, cildinizdeki nemi art\u0131rmaya yard\u0131mc\u0131 olurlar. Bu, yaln\u0131zca yanaklar\u0131n\u0131z\u0131 dolgunla\u015ft\u0131rmaya ve hacim kazand\u0131rmaya yard\u0131mc\u0131 olmakla kalmayacak, ayn\u0131 zamanda daha sa\u011fl\u0131kl\u0131 g\u00f6r\u00fcnmelerini de sa\u011flayacakt\u0131r.<\/p>\n\n\n\n<h2 class=\"wp-block-heading\" id=\"the-benefits-of-cheek-fillers-in-london\">Londra&#039;da yanak dolgusunun faydalar\u0131<\/h2>\n\n\n\n<p>Yanak dolgusu tedavisi, size daha gen\u00e7 bir g\u00f6r\u00fcn\u00fcm kazand\u0131rman\u0131n g\u00fcvenli ve etkili bir yoludur. Yanak dolgusu i\u00e7in bize gelen \u00e7ok say\u0131da hastam\u0131z var:<\/p>\n\n\n\n<ul class=\"wp-block-list\">\n<li>Yanak b\u00f6lgesine daha fazla \u015fekil ve tan\u0131m ekleyin<\/li>\n\n\n\n<li>A\u011f\u0131z \u00e7izgilerini (kukla \u00e7izgileri) d\u00fczeltin<\/li>\n\n\n\n<li>Burun ve a\u011f\u0131z aras\u0131ndaki derin k\u0131r\u0131\u015f\u0131kl\u0131klar\u0131 (nazolabial k\u0131vr\u0131mlar) azalt\u0131n<\/li>\n\n\n\n<li>Y\u00fcz hatlar\u0131na daha fazla simetri ve denge kazand\u0131rmak i\u00e7in<\/li>\n\n\n\n<li>Y\u00fcz gen\u00e7le\u015ftirme konusunda yard\u0131m<\/li>\n<\/ul>\n\n\n\n<p>Dermal yanak dolgusu tedavimizle ilgili tavsiyeler i\u00e7in l\u00fctfen&nbsp;<a href=\"https:\/\/dermaaestheticslondon.com\/tr\/contact\/\" target=\"_blank\" rel=\"noreferrer noopener\">temas etmek<\/a>&nbsp;Klini\u011fimiz.<\/p>\n\n\n\n<h2 class=\"wp-block-heading\" id=\"what-to-expect-during-cheek-filler-treatments\">Yanak dolgusu tedavileri s\u0131ras\u0131nda neler beklenir?<\/h2>\n\n\n\n<p>Her hasta Dr. Raja ile derinlemesine bir kons\u00fcltasyona girerek ba\u015flar. Bu randevuda cildinizi ve t\u0131bbi ge\u00e7mi\u015finizi de\u011ferlendirecek ve ayn\u0131 zamanda sizinle cilt hedefleriniz hakk\u0131nda konu\u015facakt\u0131r.<\/p>\n\n\n\n<p>Ayr\u0131ca yanak dolgusunun ne i\u00e7erdi\u011fini, dermal dolgular\u0131 nas\u0131l enjekte etti\u011fimizi ve hastalar\u0131m\u0131z\u0131n baz\u0131lar\u0131n\u0131n tedavilerinden ne gibi sonu\u00e7lar elde etti\u011fini de anlatacak.<\/p>\n\n\n\n<h3 class=\"wp-block-heading\" id=\"what-happens-during-cheek-fillers\">Yanak dolgusu s\u0131ras\u0131nda neler olur?<\/h3>\n\n\n\n<p>Dolgu randevunuz i\u00e7in Dr. Raja ile g\u00f6r\u00fc\u015ft\u00fc\u011f\u00fcn\u00fczde, ne beklemeniz gerekti\u011fini tam olarak anlad\u0131\u011f\u0131n\u0131zdan emin olmak i\u00e7in prosed\u00fcr\u00fc tekrar g\u00f6zden ge\u00e7irecektir. Bu, y\u00fczdeki hangi noktalara dermal dolgu enjeksiyonlar\u0131 uygulayaca\u011f\u0131m\u0131z\u0131 ve do\u011fal bir g\u00f6r\u00fcn\u00fcm elde etmek i\u00e7in ne kadar yanak dolgusu kullanaca\u011f\u0131m\u0131z\u0131 i\u00e7erecektir.&nbsp;<\/p>\n\n\n\n<p>Tedavinizden \u00f6nce, topikal bir uyu\u015fturucu krem uygulayaca\u011f\u0131z. Bu, dermal dolgu tedaviniz boyunca rahat olman\u0131z\u0131 sa\u011flayacakt\u0131r.&nbsp;<\/p>\n\n\n\n<p>\u0130\u015flem, Dr. Raja&#039;n\u0131n \u00e7ok ince bir i\u011fne kullanarak dermal dolgu maddesini elmac\u0131k kemi\u011fi b\u00f6lgenize enjekte etmesini i\u00e7erecektir. Tedavi seans\u0131n\u0131z\u0131n yakla\u015f\u0131k 30 dakika s\u00fcrmesini bekleyebilirsiniz, bu da yo\u011fun bir programa uymas\u0131n\u0131 kolayla\u015ft\u0131r\u0131r.&nbsp;<\/p>\n\n\n\n<p>Enjeksiyonlar\u0131n\u0131z tamamland\u0131ktan sonra Dr. Raja, dermal dolgunun e\u015fit \u015fekilde da\u011f\u0131lmas\u0131n\u0131 sa\u011flamak i\u00e7in yanak b\u00f6lgesine mesaj g\u00f6nderecektir. Bu, sonu\u00e7lar\u0131n\u0131z\u0131 ilk kez g\u00f6rece\u011finiz zamand\u0131r.&nbsp;<\/p>\n\n\n\n<p>Yanak dolgular\u0131n\u0131zdan sonra, enjeksiyon noktalar\u0131n\u0131n etraf\u0131nda 1-2 g\u00fcn boyunca k\u0131zar\u0131kl\u0131k, morarma veya \u015fi\u015flik g\u00f6rebilirsiniz. Bu tamamen normaldir ve cildiniz bundan sonra normale d\u00f6necektir. Cildinize bakabilmeniz ve sonu\u00e7lar\u0131n\u0131zdan en iyi \u015fekilde yararlanabilmeniz i\u00e7in size bak\u0131m sonras\u0131 tavsiyelerde bulunaca\u011f\u0131z.&nbsp;<\/p>\n\n\n\n<h2 class=\"wp-block-heading\" id=\"how-long-do-cheek-fillers-last-for\">Yanak dolgusu ne kadar s\u00fcre kal\u0131c\u0131d\u0131r?<\/h2>\n\n\n\n<p>Yanak dolgusu tedavinizin sonu\u00e7lar\u0131 8-12 aya kadar kal\u0131c\u0131 olmal\u0131d\u0131r. Bu noktada, bir yenileme randevusu i\u00e7in geri d\u00f6nmeniz gerekecektir. Sonu\u00e7lar\u0131n\u0131z\u0131n ne kadar s\u00fcre kal\u0131c\u0131 olaca\u011f\u0131, v\u00fccudunuzun dermal dolguya nas\u0131l tepki verdi\u011fine ve v\u00fccudunuzun bunlar\u0131 ne kadar \u00e7abuk emdi\u011fine ba\u011fl\u0131 olacakt\u0131r.<\/p>\n\n\n\n<h2 class=\"wp-block-heading\" id=\"choose-the-cheek-filler-treatment-specialists-in-london\">Londra&#039;daki yanak dolgusu tedavisi uzmanlar\u0131n\u0131 se\u00e7in<\/h2>\n\n\n\n<p>Yanak dolgular\u0131n\u0131z i\u00e7in g\u00fcvenebilece\u011finiz bir estetik klini\u011fi se\u00e7meniz \u00f6nemlidir. Derma Aesthetics London ile y\u00fcz\u00fcn\u00fcze m\u00fcmk\u00fcn olan en iyi sonu\u00e7lar\u0131 elde etmek i\u00e7in dermal dolgular\u0131 g\u00fcvenli bir \u015fekilde nas\u0131l enjekte edece\u011fini bilen e\u011fitimli profesyonellerin elinde olacaks\u0131n\u0131z. &nbsp;<\/p>\n\n\n\n<p>Ayr\u0131ca rahat ve dinlendirici bir tedavi deneyimi ya\u015faman\u0131z\u0131 istiyoruz. Bu nedenle t\u00fcm hastalar\u0131m\u0131z i\u00e7in s\u0131cak ve davetkar bir ortam yaratmaya \u00e7al\u0131\u015f\u0131yoruz. Ayr\u0131ca her zaman net ve d\u00fcr\u00fcst tavsiyelerde bulunmaya inan\u0131yoruz. Bir tedavi sizin i\u00e7in uygun de\u011filse bunu size s\u00f6yleyece\u011fiz, ancak ayn\u0131 zamanda cilt hedeflerinize ula\u015fman\u0131za yard\u0131mc\u0131 olacak uygun bir tedavi bulman\u0131za da yard\u0131mc\u0131 olaca\u011f\u0131z.<\/p>\n\n\n\n<p>Yanak dolgusu yolculu\u011funuza ba\u015flamaya haz\u0131r m\u0131s\u0131n\u0131z? \u0130lk kons\u00fcltasyonunuzu bizimle ayarlamak i\u00e7in bug\u00fcn Londra klini\u011fimizle ileti\u015fime ge\u00e7in.&nbsp;<\/p>\n\n\n\n<p><a href=\"https:\/\/dermaaestheticslondon.com\/tr\/contact\/\" target=\"_blank\" rel=\"noreferrer noopener\">B\u0130ZE ULA\u015eIN<\/a><\/p>\n<\/div>\n <\/div><\/section>\n\n\n\n<div class=\"wp-block-greenshift-blocks-row gspb_row gspb_row-id-gsbp-bd35d47\" id=\"gspb_row-id-gsbp-bd35d47\"><div class=\"gspb_row__content\"> \n<div class=\"wp-block-greenshift-blocks-row-column gspb_row__col--6 gspb_col-id-gsbp-5ce5685\" id=\"gspb_col-id-gsbp-5ce5685\">\n<h2 class=\"wp-block-heading\" id=\"how-to-find-our-clinic-in-central-london\">Merkezi Londra&#039;daki klini\u011fimizi nas\u0131l bulabilirsiniz?&nbsp;<\/h2>\n\n\n\n<p>Derma Aesthetics London klini\u011fini \u015fehrin kalbinde, Oxford Street&#039;e sadece birka\u00e7 dakika uzakl\u0131ktaki Harley Street&#039;te bulabilirsiniz.<\/p>\n\n\n\n<p>Oxford Circus Metro \u0130stasyonu&#039;na on dakikal\u0131k y\u00fcr\u00fcme mesafesindeyiz. Arabayla seyahat ediyorsan\u0131z, Harley Street&#039;te bol miktarda \u00fccretli ve g\u00f6r\u00fcnt\u00fcl\u00fc park yeri mevcuttur.&nbsp;<\/p>\n\n\n\n<p>39 Harley St, Londra, W1G 8QH<\/p>\n<\/div>\n\n\n\n<div class=\"wp-block-greenshift-blocks-row-column gspb_row__col--6 gspb_col-id-gsbp-7201283\" id=\"gspb_col-id-gsbp-7201283\">\n<iframe style=\"border: 0;\" src=\"https:\/\/www.google.com\/maps\/embed?pb=!1m14!1m8!1m3!1d9930.899153256332!2d-0.1468513!3d51.5182649!3m2!1i1024!2i768!4f13.1!3m3!1m2!1s0x487611e416322439%3A0xb84cf932b11cbe62!2sDerma%20Aesthetics%20London!5e0!3m2!1sen!2suk!4v1699790340707!5m2!1sen!2suk\" width=\"600\" height=\"450\" allowfullscreen=\"allowfullscreen\"><\/iframe>\n<\/div>\n <\/div><\/div>","protected":false},"excerpt":{"rendered":"<p>Yanaklar\u0131n\u0131za \u015fekil ve tan\u0131m eklemek mi istiyorsunuz? Londra&#039;da yanak dolgusu ile istedi\u011finiz g\u00f6r\u00fcn\u00fcme kavu\u015fun. Bug\u00fcn bir kons\u00fcltasyon randevusu al\u0131n.\t<\/p>","protected":false},"author":1,"featured_media":2112,"parent":0,"menu_order":0,"comment_status":"closed","ping_status":"closed","template":"","meta":{"_gspb_post_css":"#gspb_row-id-gsbp-4c5d06a{background-color:var(--wp--preset--color--palette-color-6, var(--theme-palette-color-6, #F5F2EE))}#gspb_row-id-gsbp-4c5d06a>.gspb_row__content{display:flex;justify-content:space-between;margin:0 auto;width:100%;flex-wrap:wrap}.gspb_row{position:relative}div[id^=gspb_col-id]{box-sizing:border-box;position:relative;padding:15px min(3vw,20px)}body.gspb-bodyfront #gspb_row-id-gsbp-4c5d06a>.gspb_row__content{width:var(--theme-container-width, 1200px);max-width:var(--theme-normal-container-max-width, 1200px)}#gspb_col-id-gsbp-7f8bacc.gspb_row__col--8{width:66.66666666666667%}@media (max-width:575.98px){#gspb_col-id-gsbp-7f8bacc.gspb_row__col--8{width:100%}}.gspb_row #gspb_col-id-gsbp-7f8bacc.gspb_row__col--8{padding-left:0}#gspb_col-id-gsbp-8c54ad0.gspb_row__col--4{width:33.333333333333336%}@media (max-width:575.98px){#gspb_col-id-gsbp-8c54ad0.gspb_row__col--4{width:100%}}#gspb_image-id-gsbp-5dcafb2 img{vertical-align:top;display:inline-block;box-sizing:border-box;max-width:100%;height:auto}#gspb_row-id-gsbp-37bfaf4,#gspb_row-id-gsbp-4c5d06a,#gspb_row-id-gsbp-bd35d47{justify-content:space-between;margin-top:0;margin-bottom:0;display:flex;flex-wrap:wrap}#gspb_row-id-gsbp-37bfaf4>.gspb_row__content{display:flex;justify-content:space-between;margin:0 auto;width:100%;flex-wrap:wrap}#gspb_col-id-gsbp-d9f1f8e.gspb_row__col--12{width:100%}@media (max-width:575.98px){#gspb_col-id-gsbp-d9f1f8e.gspb_row__col--12{width:100%}}#gspb_row-id-gsbp-bd35d47>.gspb_row__content{display:flex;justify-content:space-between;margin:0 auto;width:100%;flex-wrap:wrap}body.gspb-bodyfront #gspb_row-id-gsbp-37bfaf4>.gspb_row__content,body.gspb-bodyfront #gspb_row-id-gsbp-bd35d47>.gspb_row__content{width:var(--theme-container-width, 1200px);max-width:var(--theme-normal-container-max-width, 1200px)}#gspb_col-id-gsbp-5ce5685.gspb_row__col--6{width:50%}@media (max-width:575.98px){#gspb_col-id-gsbp-5ce5685.gspb_row__col--6{width:100%}}#gspb_col-id-gsbp-7201283.gspb_row__col--6{width:50%}@media (max-width:575.98px){#gspb_col-id-gsbp-7201283.gspb_row__col--6{width:100%}}","pgc_sgb_lightbox_settings":"","footnotes":""},"class_list":["post-2111","page","type-page","status-publish","has-post-thumbnail","hentry"],"blocksy_meta":{"page_structure_type":"type-1","styles_descriptor":{"styles":{"desktop":"","tablet":"","mobile":""},"google_fonts":[],"version":6}},"_links":{"self":[{"href":"https:\/\/dermaaestheticslondon.com\/tr\/wp-json\/wp\/v2\/pages\/2111","targetHints":{"allow":["GET"]}}],"collection":[{"href":"https:\/\/dermaaestheticslondon.com\/tr\/wp-json\/wp\/v2\/pages"}],"about":[{"href":"https:\/\/dermaaestheticslondon.com\/tr\/wp-json\/wp\/v2\/types\/page"}],"author":[{"embeddable":true,"href":"https:\/\/dermaaestheticslondon.com\/tr\/wp-json\/wp\/v2\/users\/1"}],"replies":[{"embeddable":true,"href":"https:\/\/dermaaestheticslondon.com\/tr\/wp-json\/wp\/v2\/comments?post=2111"}],"version-history":[{"count":2,"href":"https:\/\/dermaaestheticslondon.com\/tr\/wp-json\/wp\/v2\/pages\/2111\/revisions"}],"predecessor-version":[{"id":2473,"href":"https:\/\/dermaaestheticslondon.com\/tr\/wp-json\/wp\/v2\/pages\/2111\/revisions\/2473"}],"wp:featuredmedia":[{"embeddable":true,"href":"https:\/\/dermaaestheticslondon.com\/tr\/wp-json\/wp\/v2\/media\/2112"}],"wp:attachment":[{"href":"https:\/\/dermaaestheticslondon.com\/tr\/wp-json\/wp\/v2\/media?parent=2111"}],"curies":[{"name":"wp","href":"https:\/\/api.w.org\/{rel}","templated":true}]}}