{"id":2118,"date":"2024-03-01T13:06:42","date_gmt":"2024-03-01T13:06:42","guid":{"rendered":"https:\/\/dermaaestheticslondon.com\/wordpress\/?page_id=2118"},"modified":"2025-01-30T13:11:54","modified_gmt":"2025-01-30T13:11:54","slug":"jawline-filler-london","status":"publish","type":"page","link":"https:\/\/dermaaestheticslondon.com\/tr\/jawline-filler-london\/","title":{"rendered":"\u00c7ene Dolgusu Londra"},"content":{"rendered":"<div class=\"wp-block-greenshift-blocks-row alignfull gspb_row gspb_row-id-gsbp-4c5d06a\" id=\"gspb_row-id-gsbp-4c5d06a\"><div class=\"gspb_row__content\"> \n<div class=\"wp-block-greenshift-blocks-row-column gspb_row__col--8 gspb_col-id-gsbp-7f8bacc\" id=\"gspb_col-id-gsbp-7f8bacc\">\n<p>Her zaman arzulad\u0131\u011f\u0131n\u0131z \u00e7ene hatt\u0131na kavu\u015fman\u0131z\u0131 sa\u011flayacak bir tedavi ar\u0131yorsan\u0131z,&nbsp;<strong>Londra&#039;da \u00e7ene dolgusu<\/strong>&nbsp;harika bir se\u00e7enektir.&nbsp;<\/p>\n\n\n\n<p>Derma Aesthetics London&#039;da profesyonel ekibimiz \u015fu konularda uzmand\u0131r:&nbsp;<a href=\"https:\/\/dermaaestheticslondon.com\/tr\/treatments\/jawline-filler\/\" data-type=\"treatment\" data-id=\"1095\">\u00e7ene dolgusu<\/a>&nbsp;tedaviler. Alt y\u00fcz\u00fcn\u00fczde ve genel y\u00fcz oranlar\u0131n\u0131zda daha fazla dengeye sahip olman\u0131z i\u00e7in \u00e7enenizin ve \u00e7ene hatt\u0131n\u0131z\u0131n g\u00f6r\u00fcn\u00fcm\u00fcn\u00fc d\u00f6n\u00fc\u015ft\u00fcrmenize yard\u0131mc\u0131 olabiliriz.<\/p>\n\n\n\n<p>\u00c7ene dolgusu tedavimizi sizin \u00f6zel hedeflerinize g\u00f6re uyarlamak i\u00e7in erkek ve kad\u0131n hastalarla \u00e7al\u0131\u015f\u0131yoruz. Yani, \u00e7enenizin ve \u00e7ene b\u00f6lgenizin konturlar\u0131n\u0131 geli\u015ftirmek veya y\u00fcz asimetrisini d\u00fczeltmek istiyorsan\u0131z, istedi\u011finiz g\u00f6r\u00fcn\u00fcme ula\u015fman\u0131za yard\u0131mc\u0131 olabiliriz.<\/p>\n\n\n\n<p>Uzman estetik uygulay\u0131c\u0131lar\u0131m\u0131zdan olu\u015fan ekibimizin becerilerine g\u00fcvenin. Londra&#039;daki klini\u011fimizde, hastalar\u0131m\u0131za en iyi \u015fekilde g\u00f6r\u00fcnmelerine yard\u0131mc\u0131 olacak g\u00fcvenli ve etkili tedaviler sunmak i\u00e7in y\u00fcksek kaliteli dermal dolgu \u00fcr\u00fcnleri kullan\u0131yoruz.&nbsp;<\/p>\n\n\n\n<div class=\"wp-block-buttons is-layout-flex wp-block-buttons-is-layout-flex\">\n<div class=\"wp-block-button\"><a class=\"wp-block-button__link wp-element-button\" href=\"https:\/\/dermaaestheticslondon.com\/tr\/contact\/\">RANDEVU ALIN<\/a><\/div>\n<\/div>\n<\/div>\n\n\n\n<div class=\"wp-block-greenshift-blocks-row-column gspb_row__col--4 gspb_col-id-gsbp-8c54ad0\" id=\"gspb_col-id-gsbp-8c54ad0\">\n<div class=\"wp-block-greenshift-blocks-image gspb_image gspb_image-id-gsbp-5dcafb2\" id=\"gspb_image-id-gsbp-5dcafb2\"><img decoding=\"async\" src=\"https:\/\/dermaaestheticslondon.com\/wordpress\/wp-content\/uploads\/2024\/03\/cheek-filler-london.webp\" data-src=\"\" alt=\"cheek filler london\" loading=\"lazy\" width=\"788\" height=\"788\"\/><\/div>\n<\/div>\n <\/div><\/div>\n\n\n\n<section class=\"wp-block-greenshift-blocks-row alignfull gspb_row gspb_row-id-gsbp-37bfaf4\" id=\"gspb_row-id-gsbp-37bfaf4\"><div class=\"gspb_row__content\"> \n<div class=\"wp-block-greenshift-blocks-row-column gspb_row__col--12 gspb_col-id-gsbp-d9f1f8e\" id=\"gspb_col-id-gsbp-d9f1f8e\">\n<h2 class=\"wp-block-heading\" id=\"what-are-jawline-fillers\">\u00c7ene dolgusu nedir?<\/h2>\n\n\n\n<p><a href=\"https:\/\/dermaaestheticslondon.com\/tr\/treatments\/jawline-filler\/\" data-type=\"treatment\" data-id=\"1095\">\u00c7ene dolgusu<\/a>&nbsp;Dermal dolgu tedavisi olarak da bilinen bu tedavi, daha belirgin bir \u00e7ene hatt\u0131na kavu\u015fman\u0131za yard\u0131mc\u0131 olabilecek pop\u00fcler bir kozmetik tedavidir. Alt y\u00fcz\u00fcn\u00fcze daha fazla yap\u0131 ekleyerek, size daha gen\u00e7 bir g\u00f6r\u00fcn\u00fcm de kazand\u0131rabilir.&nbsp;<\/p>\n\n\n\n<p>Ayr\u0131ca zay\u0131f bir \u00e7eneyi dolgunla\u015ft\u0131rmak ve \u015fekillendirmek i\u00e7in dermal dolgular kullan\u0131r\u0131z. Bu, genel y\u00fcz yap\u0131n\u0131z\u0131 iyile\u015ftirmeye yard\u0131mc\u0131 olur. Bu nedenle, hastalar\u0131m\u0131z\u0131n \u00e7o\u011fu \u00e7ene dolgusu ve \u00e7ene dolgusunu tek bir tedavide tercih eder.&nbsp;<\/p>\n\n\n\n<p>Zay\u0131f bir \u00e7ene hatt\u0131n\u0131 d\u00fczeltmenin \u00f6tesinde, dermal dolgu tedavileri cildinizi s\u0131k\u0131la\u015ft\u0131rmaya da yard\u0131mc\u0131 olabilir. Bunun nedeni, cildinize g\u00fcc\u00fcn\u00fc ve esnekli\u011fini veren v\u00fccutta do\u011fal olarak bulunan bir madde olan hyaluronik asitten olu\u015fmalar\u0131d\u0131r.&nbsp;&nbsp;<\/p>\n\n\n\n<p>Hyaluronik asit cildinize hacim katarak \u00e7al\u0131\u015f\u0131r, bu da sark\u0131k \u00e7ene hatt\u0131 veya yanak gibi sark\u0131k cildi kald\u0131r\u0131r. Bunun \u00fcst\u00fcne, dermal dolgular cildinizi dolgunla\u015ft\u0131r\u0131r ve nemlendirir, bu da \u00e7izgileri ve k\u0131r\u0131\u015f\u0131kl\u0131klar\u0131 yumu\u015fat\u0131r.<\/p>\n\n\n\n<h2 class=\"wp-block-heading\" id=\"what-are-the-main-benefits-of-jawline-filler-treatment\">\u00c7ene dolgusu tedavisinin ba\u015fl\u0131ca faydalar\u0131 nelerdir?<\/h2>\n\n\n\n<p>\u00c7ene ve \u00e7ene implant\u0131 ameliyat\u0131 yerine \u00e7ene hatt\u0131 dolgu tedavisini tercih eden hasta say\u0131s\u0131 giderek art\u0131yor. Bunun nedeni, alt y\u00fcz\u00fcn\u00fcz\u00fc \u00e7er\u00e7evelemek i\u00e7in istedi\u011finiz \u015fekil ve yap\u0131ya ula\u015fman\u0131za yard\u0131mc\u0131 olmak i\u00e7in \u00e7ene dolgular\u0131n\u0131 ki\u015fiselle\u015ftirebilmemizdir.&nbsp;&nbsp;<\/p>\n\n\n\n<p>\u00c7ene dolgusu tedavisi ayr\u0131ca size minimum iyile\u015fme s\u00fcresiyle an\u0131nda sonu\u00e7lar sa\u011flar. Sonu\u00e7 olarak, i\u015fe geri d\u00f6nebilir ve normal rutininizin \u00e7o\u011funa hemen devam edebilirsiniz.&nbsp;<\/p>\n\n\n\n<p>\u0130lk kons\u00fcltasyonunuzda \u00e7ene yap\u0131n\u0131z\u0131 de\u011ferlendirip, arad\u0131\u011f\u0131n\u0131z sonu\u00e7lar\u0131 elde etmenizi sa\u011flayacak ki\u015fiye \u00f6zel bir tedavi plan\u0131 geli\u015ftirece\u011fiz.<\/p>\n\n\n\n<h3 class=\"wp-block-heading\" id=\"what-is-jawline-filler-treatment-good-for\">\u00c7ene dolgusu tedavisi ne i\u015fe yarar?<\/h3>\n\n\n\n<ul class=\"wp-block-list\">\n<li>\u00c7ene hatt\u0131n\u0131z\u0131n tan\u0131m\u0131n\u0131 iyile\u015ftirmek i\u00e7in<\/li>\n\n\n\n<li>\u00c7ift \u00e7ene ve kukla \u00e7izgilerini azaltmak ve alt y\u00fcz\u00fcn simetrisini iyile\u015ftirmek i\u00e7in \u00e7ene dolgusu tedavisiyle birlikte kullan\u0131labilir<\/li>\n\n\n\n<li>Y\u00fcze gen\u00e7 bir a\u011f\u0131z g\u00f6r\u00fcn\u00fcm\u00fc kazand\u0131rmak i\u00e7in<\/li>\n\n\n\n<li>\u00c7ene ve \u00e7ene alt\u0131 b\u00f6lgesindeki gev\u015fek deriyi s\u0131k\u0131la\u015ft\u0131rmak i\u00e7in<\/li>\n\n\n\n<li>Kilo kayb\u0131 veya ya\u015flanma sonucu kaybedilen hacmi geri kazand\u0131rmak i\u00e7in<\/li>\n<\/ul>\n\n\n\n<h2 class=\"wp-block-heading\" id=\"how-does-jawline-filler-work-in-london\">Londra&#039;da \u00e7ene dolgusu nas\u0131l yap\u0131l\u0131r?<\/h2>\n\n\n\n<h3 class=\"wp-block-heading\" id=\"the-consultation\">Dan\u0131\u015fma<\/h3>\n\n\n\n<p>\u00c7ene dolgusu tedavisi yapt\u0131rmadan \u00f6nceki ilk ad\u0131m, buna uygun olup olmad\u0131\u011f\u0131n\u0131z\u0131 anlamakt\u0131r. Bu nedenle her hastaya doktorumuz veya estetik uygulay\u0131c\u0131m\u0131zla derinlemesine bir kons\u00fcltasyon sa\u011fl\u0131yoruz.&nbsp;<\/p>\n\n\n\n<p>Bu randevu s\u0131ras\u0131nda \u00e7ene hatt\u0131n\u0131za ve t\u0131bbi ge\u00e7mi\u015finize bakaca\u011f\u0131z ve \u00e7ene dolgular\u0131ndan ne elde etmeyi umdu\u011funuz hakk\u0131nda sizinle konu\u015faca\u011f\u0131z. Ayr\u0131ca tedavi hakk\u0131nda akl\u0131n\u0131za tak\u0131lan sorular\u0131 sorma \u015fans\u0131n\u0131z da olacak.&nbsp;<\/p>\n\n\n\n<h3 class=\"wp-block-heading\" id=\"your-jawline-filler-treatment\">\u00c7ene dolgusu tedaviniz&nbsp;<\/h3>\n\n\n\n<p>\u00c7ene dolgusu tedaviniz i\u00e7in gelmeden \u00f6nce, klini\u011fe temiz bir y\u00fczle (makyajs\u0131z) gelmenizi rica ediyoruz. Randevuda, doktor tedavi s\u00fcrecini, dolguyu nas\u0131l enjekte edeceklerini ve ne kadar \u00e7ene dolgusu kullanacaklar\u0131n\u0131 konu\u015facakt\u0131r.&nbsp;<\/p>\n\n\n\n<p>\u00c7ene dolgusu tedaviniz yakla\u015f\u0131k 30-60 dakika s\u00fcrecektir. Dermal dolgu enjeksiyonlar\u0131n\u0131z i\u00e7in k\u00fc\u00e7\u00fck bir i\u011fne kullanaca\u011f\u0131z. Dermal dolgular\u0131 \u00e7ene ve \u00e7ene hatt\u0131 boyunca belirli noktalara enjekte edece\u011fiz. Bu, arad\u0131\u011f\u0131n\u0131z \u015fekle ve g\u00f6r\u00fcn\u00fcme ba\u011fl\u0131 olacakt\u0131r.&nbsp;<\/p>\n\n\n\n<p>\u00c7ene dolgusu tedavinizi olabildi\u011fince konforlu hale getirmek i\u00e7in \u00e7ene b\u00f6lgesine topikal bir uyu\u015fturma kremi uygulayaca\u011f\u0131z.&nbsp;<\/p>\n\n\n\n<p>Tedavinizden hemen sonra sonu\u00e7lar\u0131 g\u00f6rmeye ba\u015flayacaks\u0131n\u0131z. Ancak nihai sonu\u00e7lar\u0131n ortaya \u00e7\u0131kmas\u0131 ve dermal dolgular\u0131n yerle\u015fmesi 1-2 hafta s\u00fcrebilir.<\/p>\n\n\n\n<h2 class=\"wp-block-heading\" id=\"how-long-do-the-results-of-jawline-filler-treatments-last\">\u00c7ene dolgusu tedavisinin sonu\u00e7lar\u0131 ne kadar kal\u0131c\u0131d\u0131r?<\/h2>\n\n\n\n<p>\u00c7ene dolgular\u0131n\u0131z\u0131n sonu\u00e7lar\u0131n\u0131n 18-24 ay aras\u0131nda s\u00fcrmesini bekleyebilirsiniz. Bu, v\u00fccudunuzun dermal dolgulara nas\u0131l tepki verdi\u011fine ve bunlar\u0131 ne kadar kolay emdi\u011fine ba\u011fl\u0131 olacakt\u0131r.<\/p>\n\n\n\n<p>Sonu\u00e7lar\u0131n\u0131z\u0131n kal\u0131c\u0131l\u0131\u011f\u0131n\u0131 sa\u011flamak i\u00e7in, yakla\u015f\u0131k 18 ayl\u0131kken klini\u011fimize tekrar gelip takviye tedavisi yapt\u0131rman\u0131z\u0131 \u00f6neririz.<\/p>\n\n\n\n<h2 class=\"wp-block-heading\" id=\"how-safe-are-jawline-fillers\">\u00c7ene dolgular\u0131 ne kadar g\u00fcvenlidir?<\/h2>\n\n\n\n<p>Dermal dolgular, daha belirgin bir \u00e7ene hatt\u0131 ve \u00e7ene b\u00f6lgesi elde etmeye yard\u0131mc\u0131 olan g\u00fcvenli ve etkili bir tedavidir. Tedavi g\u00fcvenli olsa da, \u00e7ene hatt\u0131 dolgular\u0131 yapt\u0131rmadan \u00f6nce her zaman kalifiye bir doktora dan\u0131\u015fmal\u0131s\u0131n\u0131z.&nbsp;<\/p>\n\n\n\n<p>Dermal dolgu tedavilerinde k\u0131zar\u0131kl\u0131k, morarma ve \u015fi\u015flik gibi baz\u0131 olas\u0131 yan etkiler vard\u0131r. Bunlar tamamen normaldir ve genellikle tedavinizi yapt\u0131rd\u0131ktan sonraki 48 saat i\u00e7inde azal\u0131r.&nbsp;<\/p>\n\n\n\n<p>Derma Aesthetics London&#039;da, estetik tedaviler konusunda uzman olan Dr. Raja ile tedavi g\u00f6receksiniz. Size do\u011fal bir g\u00f6r\u00fcn\u00fcm kazand\u0131rmak i\u00e7in y\u00fcz\u00fcn farkl\u0131 noktalar\u0131na dermal dolgu maddelerini g\u00fcvenli bir \u015fekilde nas\u0131l enjekte edece\u011fini biliyor.<\/p>\n\n\n\n<h2 class=\"wp-block-heading\" id=\"choose-the-experts-for-jawline-fillers-london\">\u00c7ene dolgusu Londra i\u00e7in uzmanlar\u0131 se\u00e7in<\/h2>\n\n\n\n<p>Estetik tedaviler s\u00f6z konusu oldu\u011funda, hassasiyet ve beceri en b\u00fcy\u00fck \u00f6neme sahiptir. Bu nedenle Derma Aesthetic London, Londra&#039;daki \u00e7ene dolgular\u0131 i\u00e7in en iyi tercihtir. Son derece e\u011fitimli profesyonellerden olu\u015fan ekibimiz, y\u00fcz anatomisi konusunda derin bir anlay\u0131\u015fa sahiptir. Bu, dermal dolgu tedavilerini g\u00fcvenli bir \u015fekilde nas\u0131l ger\u00e7ekle\u015ftirece\u011fimizi ve yine de harika sonu\u00e7lar elde edece\u011fimizi bildi\u011fimiz anlam\u0131na gelir.<\/p>\n\n\n\n<p>Doktor liderli\u011findeki bir ekip olarak, herkese uyan tek bir tedavi plan\u0131 sunmuyoruz. Bunun yerine, cildinize uygun ve arad\u0131\u011f\u0131n\u0131z sonu\u00e7lar\u0131 elde etmenize yard\u0131mc\u0131 olacak \u00f6zel bir tedavi program\u0131 geli\u015ftirmek i\u00e7in sizinle birlikte \u00e7al\u0131\u015f\u0131yoruz.&nbsp;<\/p>\n\n\n\n<p>Tedavinizden sonra bile size destek olmak i\u00e7in buraday\u0131z. Bu, takip sonras\u0131 bak\u0131m\u0131 ve \u00e7ene dolgusu tedavinizden en iyi \u015fekilde nas\u0131l yararlanaca\u011f\u0131n\u0131za dair tavsiyeleri i\u00e7erecektir.&nbsp;&nbsp;<\/p>\n\n\n\n<p><a href=\"https:\/\/dermaaestheticslondon.com\/tr\/contact\/\">B\u0130ZE ULA\u015eIN<\/a><\/p>\n<\/div>\n <\/div><\/section>\n\n\n\n<div class=\"wp-block-greenshift-blocks-row alignfull gspb_row gspb_row-id-gsbp-bd35d47\" id=\"gspb_row-id-gsbp-bd35d47\"><div class=\"gspb_row__content\"> \n<div class=\"wp-block-greenshift-blocks-row-column gspb_row__col--6 gspb_col-id-gsbp-5ce5685\" id=\"gspb_col-id-gsbp-5ce5685\">\n<h2 class=\"wp-block-heading\" id=\"finding-our-clinic-in-central-london\">Londra&#039;n\u0131n merkezindeki klini\u011fimizi bulma<\/h2>\n\n\n\n<p>Derma Aesthetics London klini\u011fini \u015fehrin kalbinde, Oxford Street&#039;e sadece birka\u00e7 dakika uzakl\u0131ktaki Harley Street&#039;te bulabilirsiniz.<\/p>\n\n\n\n<p>Oxford Circus Metro \u0130stasyonu&#039;na on dakikal\u0131k y\u00fcr\u00fcme mesafesindeyiz. Arabayla seyahat ediyorsan\u0131z, Harley Street&#039;te bol miktarda \u00fccretli ve g\u00f6r\u00fcnt\u00fcl\u00fc park yeri mevcuttur.&nbsp;<\/p>\n\n\n\n<p>39 Harley St, Londra, W1G 8QH<\/p>\n<\/div>\n\n\n\n<div class=\"wp-block-greenshift-blocks-row-column gspb_row__col--6 gspb_col-id-gsbp-7201283\" id=\"gspb_col-id-gsbp-7201283\">\n<iframe style=\"border: 0;\" src=\"https:\/\/www.google.com\/maps\/embed?pb=!1m14!1m8!1m3!1d9930.899153256332!2d-0.1468513!3d51.5182649!3m2!1i1024!2i768!4f13.1!3m3!1m2!1s0x487611e416322439%3A0xb84cf932b11cbe62!2sDerma%20Aesthetics%20London!5e0!3m2!1sen!2suk!4v1699790340707!5m2!1sen!2suk\" width=\"600\" height=\"450\" allowfullscreen=\"allowfullscreen\"><\/iframe>\n<\/div>\n <\/div><\/div>","protected":false},"excerpt":{"rendered":"<p>Londra&#039;daki \u00e7ene dolgusu, daha belirgin ve simetrik bir g\u00f6r\u00fcn\u00fcm i\u00e7in zay\u0131f bir \u00e7eneyi g\u00fc\u00e7lendirmeye yard\u0131mc\u0131 olmak amac\u0131yla dermal dolgular kullan\u0131r. Bug\u00fcn randevu al\u0131n.<\/p>","protected":false},"author":1,"featured_media":2112,"parent":0,"menu_order":0,"comment_status":"closed","ping_status":"closed","template":"","meta":{"_gspb_post_css":"#gspb_row-id-gsbp-37bfaf4,#gspb_row-id-gsbp-4c5d06a,#gspb_row-id-gsbp-bd35d47{justify-content:space-between;margin-top:0;margin-bottom:0;display:flex;flex-wrap:wrap}#gspb_row-id-gsbp-4c5d06a>.gspb_row__content{display:flex;justify-content:space-between;margin:0 auto;width:100%;flex-wrap:wrap}.gspb_row{position:relative}div[id^=gspb_col-id]{box-sizing:border-box;position:relative;padding:15px min(3vw,20px)}body.gspb-bodyfront #gspb_row-id-gsbp-4c5d06a>.gspb_row__content{width:var(--theme-container-width, 1200px);max-width:var(--theme-normal-container-max-width, 1200px)}#gspb_col-id-gsbp-7f8bacc.gspb_row__col--8{width:66.66666666666667%}@media (max-width:575.98px){#gspb_col-id-gsbp-7f8bacc.gspb_row__col--8{width:100%}}#gspb_col-id-gsbp-8c54ad0.gspb_row__col--4{width:33.333333333333336%}@media (max-width:575.98px){#gspb_col-id-gsbp-8c54ad0.gspb_row__col--4{width:100%}}#gspb_image-id-gsbp-5dcafb2 img{vertical-align:top;display:inline-block;box-sizing:border-box;max-width:100%;height:auto}#gspb_row-id-gsbp-37bfaf4>.gspb_row__content{display:flex;justify-content:space-between;margin:0 auto;width:100%;flex-wrap:wrap}#gspb_col-id-gsbp-d9f1f8e.gspb_row__col--12{width:100%}@media (max-width:575.98px){#gspb_col-id-gsbp-d9f1f8e.gspb_row__col--12{width:100%}}#gspb_row-id-gsbp-bd35d47>.gspb_row__content{display:flex;justify-content:space-between;margin:0 auto;width:100%;flex-wrap:wrap}body.gspb-bodyfront #gspb_row-id-gsbp-37bfaf4>.gspb_row__content,body.gspb-bodyfront #gspb_row-id-gsbp-bd35d47>.gspb_row__content{width:var(--theme-container-width, 1200px);max-width:var(--theme-normal-container-max-width, 1200px)}#gspb_col-id-gsbp-5ce5685.gspb_row__col--6{width:50%}@media (max-width:575.98px){#gspb_col-id-gsbp-5ce5685.gspb_row__col--6{width:100%}}#gspb_col-id-gsbp-7201283.gspb_row__col--6{width:50%}@media (max-width:575.98px){#gspb_col-id-gsbp-7201283.gspb_row__col--6{width:100%}}","pgc_sgb_lightbox_settings":"","footnotes":""},"class_list":["post-2118","page","type-page","status-publish","has-post-thumbnail","hentry"],"blocksy_meta":[],"_links":{"self":[{"href":"https:\/\/dermaaestheticslondon.com\/tr\/wp-json\/wp\/v2\/pages\/2118","targetHints":{"allow":["GET"]}}],"collection":[{"href":"https:\/\/dermaaestheticslondon.com\/tr\/wp-json\/wp\/v2\/pages"}],"about":[{"href":"https:\/\/dermaaestheticslondon.com\/tr\/wp-json\/wp\/v2\/types\/page"}],"author":[{"embeddable":true,"href":"https:\/\/dermaaestheticslondon.com\/tr\/wp-json\/wp\/v2\/users\/1"}],"replies":[{"embeddable":true,"href":"https:\/\/dermaaestheticslondon.com\/tr\/wp-json\/wp\/v2\/comments?post=2118"}],"version-history":[{"count":6,"href":"https:\/\/dermaaestheticslondon.com\/tr\/wp-json\/wp\/v2\/pages\/2118\/revisions"}],"predecessor-version":[{"id":2509,"href":"https:\/\/dermaaestheticslondon.com\/tr\/wp-json\/wp\/v2\/pages\/2118\/revisions\/2509"}],"wp:featuredmedia":[{"embeddable":true,"href":"https:\/\/dermaaestheticslondon.com\/tr\/wp-json\/wp\/v2\/media\/2112"}],"wp:attachment":[{"href":"https:\/\/dermaaestheticslondon.com\/tr\/wp-json\/wp\/v2\/media?parent=2118"}],"curies":[{"name":"wp","href":"https:\/\/api.w.org\/{rel}","templated":true}]}}