{"id":2130,"date":"2024-03-01T14:11:16","date_gmt":"2024-03-01T14:11:16","guid":{"rendered":"https:\/\/dermaaestheticslondon.com\/wordpress\/?page_id=2130"},"modified":"2025-01-30T13:11:43","modified_gmt":"2025-01-30T13:11:43","slug":"chin-filler-london","status":"publish","type":"page","link":"https:\/\/dermaaestheticslondon.com\/tr\/chin-filler-london\/","title":{"rendered":"\u00c7ene Dolgusu Londra"},"content":{"rendered":"<div class=\"wp-block-greenshift-blocks-row alignfull gspb_row gspb_row-id-gsbp-4c5d06a\" id=\"gspb_row-id-gsbp-4c5d06a\"><div class=\"gspb_row__content\"> \n<div class=\"wp-block-greenshift-blocks-row-column gspb_row__col--8 gspb_col-id-gsbp-7f8bacc\" id=\"gspb_col-id-gsbp-7f8bacc\">\n<p>Zay\u0131f bir \u00e7eneyi daha bi\u00e7imli ve orant\u0131l\u0131 bir \u00e7eneye d\u00f6n\u00fc\u015ft\u00fcrmek ister misiniz? \u015eimdi bunu yapabilirsiniz&nbsp;<strong>Londra&#039;da \u00e7ene dolgusu<\/strong>.<\/p>\n\n\n\n<p>\u00c7ene b\u00fcy\u00fctme art\u0131k \u00e7ene implant\u0131 takmak i\u00e7in ameliyat olmak anlam\u0131na gelmiyor. G\u00fcn\u00fcm\u00fczde dermal dolgular\u0131n yard\u0131m\u0131yla benzer sonu\u00e7lar elde edebilirsiniz. Dahas\u0131, \u00e7ok az iyile\u015fme s\u00fcresiyle an\u0131nda sonu\u00e7lar g\u00f6r\u00fcrs\u00fcn\u00fcz.&nbsp;<\/p>\n\n\n\n<p>Derma Aesthetics London&#039;da, \u015fu konularda uzmanla\u015f\u0131yoruz:\u00a0<a href=\"https:\/\/dermaaestheticslondon.com\/tr\/treatments\/chin-filler\/\" data-type=\"treatment\" data-id=\"1035\">\u00e7ene dolgusu<\/a>\u00a0do\u011fal g\u00fczelli\u011finizi art\u0131rabilecek tedaviler. Dr. Raja&#039;n\u0131n uzmanl\u0131\u011f\u0131yla, her zaman istedi\u011finiz \u00e7ene \u015fekline kavu\u015fabilirsiniz.\u00a0<\/p>\n\n\n\n<p>Dr. Raja estetik t\u0131p alan\u0131nda y\u0131llar\u0131n deneyimine sahip oldu\u011fundan dermal dolgu enjeksiyonlar\u0131n\u0131z i\u00e7in g\u00fcvenli ellerdesiniz. Harika g\u00f6r\u00fcnmenizi ve hissetmenizi sa\u011flayacak do\u011fal g\u00f6r\u00fcn\u00fcml\u00fc sonu\u00e7lar g\u00f6rmenizi sa\u011flamak istiyoruz.&nbsp;&nbsp;<\/p>\n\n\n\n<p>\u00c7ene dolgusunun y\u00fcz hatlar\u0131n\u0131za nas\u0131l denge kazand\u0131rabilece\u011fini \u00f6\u011frenmek i\u00e7in Londra klini\u011fimizde bir kons\u00fcltasyon randevusu al\u0131n.<\/p>\n\n\n\n<div class=\"wp-block-buttons is-layout-flex wp-block-buttons-is-layout-flex\">\n<div class=\"wp-block-button\"><a class=\"wp-block-button__link wp-element-button\" href=\"https:\/\/dermaaestheticslondon.com\/tr\/contact\/\">Dan\u0131\u015fmanl\u0131k Randevusu Al\u0131n<\/a><\/div>\n<\/div>\n<\/div>\n\n\n\n<div class=\"wp-block-greenshift-blocks-row-column gspb_row__col--4 gspb_col-id-gsbp-8c54ad0\" id=\"gspb_col-id-gsbp-8c54ad0\">\n<div class=\"wp-block-greenshift-blocks-image gspb_image gspb_image-id-gsbp-5dcafb2\" id=\"gspb_image-id-gsbp-5dcafb2\"><img decoding=\"async\" src=\"https:\/\/dermaaestheticslondon.com\/wordpress\/wp-content\/uploads\/2024\/03\/chin-filler-london.webp\" data-src=\"\" alt=\"chin filler london\" loading=\"lazy\" width=\"785\" height=\"785\"\/><\/div>\n<\/div>\n <\/div><\/div>\n\n\n\n<section class=\"wp-block-greenshift-blocks-row alignfull gspb_row gspb_row-id-gsbp-37bfaf4\" id=\"gspb_row-id-gsbp-37bfaf4\"><div class=\"gspb_row__content\"> \n<div class=\"wp-block-greenshift-blocks-row-column gspb_row__col--12 gspb_col-id-gsbp-d9f1f8e\" id=\"gspb_col-id-gsbp-d9f1f8e\">\n<h2 class=\"wp-block-heading\" id=\"what-is-chin-filler-treatment\">\u00c7ene dolgusu tedavisi nedir?<\/h2>\n\n\n\n<p>\u00c7ene dolgular\u0131, \u00e7ene b\u00f6lgesini hacimlendirmek veya yeniden \u015fekillendirmek i\u00e7in dermal dolgunun kullan\u0131m\u0131n\u0131 i\u00e7eren bir kozmetik prosed\u00fcrd\u00fcr. Ayr\u0131ca cerrahi olmayan \u00e7ene b\u00fcy\u00fctme olarak da bilinirler \u00e7\u00fcnk\u00fc \u00e7ene implantlar\u0131na veya b\u0131\u00e7ak alt\u0131na yatmaya gerek yoktur.<\/p>\n\n\n\n<p>Dermal dolgu tedavisi, zay\u0131f veya i\u00e7e \u00e7\u00f6k\u00fck bir \u00e7eneyi d\u00fczeltmenin ve daha belirgin bir \u00e7ene hatt\u0131 olu\u015fturman\u0131n etkili bir yoludur. \u00c7enenin belirli b\u00f6lgelerine hyaluronik asit bazl\u0131 dermal dolgular enjekte edilerek \u00e7al\u0131\u015f\u0131rlar. Bunu yaparak, \u00e7enenizin \u015feklini konturlayabilir ve y\u00fcz simetrinizi iyile\u015ftirebiliriz.<\/p>\n\n\n\n<p>\u00c7ene dolgusu i\u015flemi h\u0131zl\u0131d\u0131r, tamamlanmas\u0131 bir saatten az s\u00fcrer. Bu tedavide ayr\u0131ca \u00e7ok az a\u011fr\u0131 hissedilir ve hemen i\u015fe d\u00f6nebilirsiniz.<\/p>\n\n\n\n<h3 class=\"wp-block-heading\" id=\"more-about-dermal-fillers\">Dermal dolgular hakk\u0131nda daha fazla bilgi<\/h3>\n\n\n\n<p>Yani, muhtemelen dermal dolgular\u0131n ger\u00e7ekte ne oldu\u011funu bilmek istiyorsunuz. Bunlar, esas olarak hyaluronik asitten olu\u015fan jel benzeri bir maddedir. Bu, cildimizi nemlendirmeye, g\u00fc\u00e7l\u00fc tutmaya ve sa\u011fl\u0131kl\u0131 g\u00f6r\u00fcnmeye yard\u0131mc\u0131 olan do\u011fal olarak olu\u015fan bir maddedir.<\/p>\n\n\n\n<p>\u00c7ene dermal dolgu tedavileri, \u00e7ene b\u00f6lgenizi dolgunla\u015ft\u0131rmak, hacim kazand\u0131rmak ve \u015fekillendirmek i\u00e7in hyaluronik asit dolgular\u0131 kullan\u0131r. Daha yumu\u015fak bir \u00e7ene ve \u00e7ene hatt\u0131 olu\u015fturmaya veya daha g\u00fc\u00e7l\u00fc bir alt y\u00fcz yap\u0131s\u0131 sa\u011flamaya yard\u0131mc\u0131 olabilirler.<\/p>\n\n\n\n<p>Ya\u015fland\u0131k\u00e7a cildimizdeki hyaluronik asit seviyelerini kaybederiz. Bu y\u00fczden k\u0131r\u0131\u015f\u0131kl\u0131klar olu\u015fmaya ba\u015flar ve cildimiz sarkmaya ba\u015flar. \u00c7ene dolgusu cildinizdeki bu maddeyi art\u0131rarak cildinizin esnek, g\u00fc\u00e7l\u00fc ve daha dolgun g\u00f6r\u00fcnmesini sa\u011flamaya yard\u0131mc\u0131 olur.<\/p>\n\n\n\n<h2 class=\"wp-block-heading\" id=\"who-are-chin-fillers-good-for\">\u00c7ene dolgusu kimlere uygundur?<\/h2>\n\n\n\n<p>Hastalar\u0131 cerrahi olmayan \u00e7ene dolgusu b\u00fcy\u00fctme ile tedavi etmemizin birka\u00e7 nedeni vard\u0131r. Sadece \u00e7o\u011fu insan i\u00e7in uygun olmakla kalmaz, ayn\u0131 zamanda \u00e7e\u015fitli \u00e7ene endi\u015felerini gidermeye de yard\u0131mc\u0131 olurlar.<\/p>\n\n\n\n<h3 class=\"wp-block-heading\" id=\"top-reasons-why-you-should-consider-chin-filler-treatments\">\u00c7ene dolgusu tedavilerini neden d\u00fc\u015f\u00fcnmeniz gerekti\u011fine dair en \u00f6nemli nedenler<\/h3>\n\n\n\n<h4 class=\"wp-block-heading\" id=\"to-help-with-chin-projection\">\u00c7ene \u00e7\u0131k\u0131nt\u0131s\u0131na yard\u0131mc\u0131 olmak i\u00e7in<\/h4>\n\n\n\n<p>\u00c7ene dolgusu, geri \u00e7ekilmi\u015f bir \u00e7eneye daha fazla yap\u0131 ve \u015fekil kazand\u0131rmaya yard\u0131mc\u0131 olabilir. Bunu, \u00e7ene b\u00f6lgesini daha fazla tan\u0131m kazand\u0131rmak i\u00e7in dolgunla\u015ft\u0131rarak yaparlar.&nbsp;<\/p>\n\n\n\n<h4 class=\"wp-block-heading\" id=\"to-change-the-width-of-your-chin\">\u00c7enenizin geni\u015fli\u011fini de\u011fi\u015ftirmek i\u00e7in<\/h4>\n\n\n\n<p>Baz\u0131 insanlar\u0131n \u00e7enesi daha geni\u015fken, baz\u0131lar\u0131n\u0131n \u00e7enesi incedir. Herkes istedi\u011fi \u00e7ene \u015fekliyle do\u011fmaz, i\u015fte bu noktada dermal dolgular yard\u0131mc\u0131 olabilir.&nbsp;<\/p>\n\n\n\n<p>Erkeklere alt y\u00fczlerinde daha g\u00fc\u00e7l\u00fc y\u00fcz oranlar\u0131 verebilirler. Kad\u0131nlar i\u00e7in dermal dolgular daha yumu\u015fak ve daha narin bir \u00e7ene yaratabilir.&nbsp;&nbsp;<\/p>\n\n\n\n<h4 class=\"wp-block-heading\" id=\"to-reduce-a-double-chin\">\u00c7ift \u00e7eneyi azaltmak i\u00e7in<\/h4>\n\n\n\n<p>\u00c7ift \u00e7ene, kilo al\u0131m\u0131n\u0131n veya do\u011fal ya\u015flanma s\u00fcrecinin sonucu olabilir. \u00c7ene dolgular\u0131, kolajen kayb\u0131ndan kaynaklanan bo\u015fluklar\u0131 doldurmaya yard\u0131mc\u0131 olurken, ayn\u0131 zamanda \u00e7ene alt\u0131ndaki cildi s\u0131k\u0131la\u015ft\u0131rmaya da \u00e7al\u0131\u015f\u0131r.&nbsp;<\/p>\n\n\n\n<p>Tedavinizin ard\u0131ndan cildiniz daha fazla kolajen \u00fcretmeye ba\u015flad\u0131k\u00e7a sark\u0131k cildinizin s\u0131k\u0131la\u015ft\u0131\u011f\u0131n\u0131 g\u00f6receksiniz.&nbsp;<\/p>\n\n\n\n<h4 class=\"wp-block-heading\" id=\"to-help-with-face-slimming\">Y\u00fcz incelmesine yard\u0131mc\u0131 olmak i\u00e7in<\/h4>\n\n\n\n<p>\u00c7eneyi \u015fekillendirmek ve ona \u00e7ok daha ince bir g\u00f6r\u00fcn\u00fcm kazand\u0131rmak i\u00e7in dermal dolgu enjeksiyonlar\u0131 kullanabiliriz. Bu, \u00e7ene hatt\u0131n\u0131n farkl\u0131 noktalar\u0131na dolgu enjekte etmek i\u00e7in de ge\u00e7erli olabilir. Bunu yaparak, \u00e7eneyi uzatabilir veya daha dar hale getirebiliriz. Bu, size daha s\u0131k\u0131 ve aerodinamik bir alt y\u00fcz kazand\u0131racakt\u0131r.&nbsp;<\/p>\n\n\n\n<h4 class=\"wp-block-heading\" id=\"to-smooth-chin-dimples-and-creases\">\u00c7ene \u00e7ukurlar\u0131n\u0131 ve k\u0131r\u0131\u015f\u0131kl\u0131klar\u0131 d\u00fczeltmek i\u00e7in&nbsp;<\/h4>\n\n\n\n<p>Yine, ya\u015flanma \u00e7eneniz de dahil olmak \u00fczere y\u00fcz\u00fcn\u00fczdeki cildin k\u0131r\u0131\u015fmaya ve \u00e7ukurla\u015fmaya ba\u015flamas\u0131na neden olabilir. Bunlar zamanla daha belirgin hale gelebilir ve ger\u00e7ekte oldu\u011funuzdan daha ya\u015fl\u0131 g\u00f6r\u00fcnmenize neden olabilir.&nbsp;<\/p>\n\n\n\n<p>\u00c7ene dolgusu, \u00e7izgileri ve k\u0131r\u0131\u015f\u0131kl\u0131klar\u0131 azaltarak, \u00e7ukurlar\u0131 yumu\u015fatarak etki g\u00f6sterir.&nbsp;<\/p>\n\n\n\n<p><a href=\"https:\/\/dermaaestheticslondon.com\/tr\/contact\/\">B\u0130ZE ULA\u015eIN<\/a><\/p>\n\n\n\n<h2 class=\"wp-block-heading\" id=\"what-can-i-expect-during-chin-filler-treatment-in-london\">Londra&#039;da \u00e7ene dolgusu tedavisi s\u0131ras\u0131nda neler bekleyebilirim?<\/h2>\n\n\n\n<p>Derma Aesthetics London olarak estetik tedavi d\u00fc\u015f\u00fcnen t\u00fcm hastalar\u0131m\u0131za kapsaml\u0131 bir kons\u00fcltasyon ger\u00e7ekle\u015ftiriyoruz.<\/p>\n\n\n\n<p>Tedavi s\u00fcreci hakk\u0131nda size bilgi verecek olan doktorumuzla g\u00f6r\u00fc\u015feceksiniz. Ayr\u0131ca, di\u011fer hastalar\u0131m\u0131z\u0131n \u00e7ene dolgusu tedavisiyle elde ettikleri sonu\u00e7lar ve tedavinizden ne beklemeniz gerekti\u011fi hakk\u0131nda da bilgi verilecektir.&nbsp;<\/p>\n\n\n\n<p>Ayr\u0131ca cildinizi de\u011ferlendirip t\u0131bbi ge\u00e7mi\u015finize bakarak dermal dolgulara uygun olup olmad\u0131\u011f\u0131n\u0131z\u0131 kontrol edece\u011fiz.&nbsp;<\/p>\n\n\n\n<p>\u00c7ene dolgusu tedaviniz, elde etmeyi umdu\u011funuz \u015feye ba\u011fl\u0131 olarak 30-60 dakika s\u00fcrecektir. Doktor, tedaviniz boyunca rahat oldu\u011funuzdan emin olmak i\u00e7in \u00e7enenize topikal bir uyu\u015fturucu krem uygulayabilir. Bu iste\u011fe ba\u011fl\u0131d\u0131r ve her hastayla tart\u0131\u015ft\u0131\u011f\u0131m\u0131z bir \u015feydir.&nbsp;<\/p>\n\n\n\n<p>\u00c7enenizdeki farkl\u0131 noktalara daha fazla \u015fekil vermek ve tan\u0131m eklemek i\u00e7in dermal dolguyu enjekte edece\u011fiz. Doktorumuz, daha az enjeksiyon noktas\u0131yla daha fazla kapsama alan\u0131 sa\u011flayan dermal dolgular\u0131 enjekte etmek i\u00e7in bir kan\u00fcl kullan\u0131r. Ayr\u0131ca \u015fi\u015fme ve morarma riskini de azalt\u0131r.&nbsp;<\/p>\n\n\n\n<p>Sonu\u00e7lar\u0131 hemen g\u00f6receksiniz, ancak dolgunun yerle\u015fmesi ve nihai sonu\u00e7lar\u0131n ortaya \u00e7\u0131kmas\u0131 birka\u00e7 hafta s\u00fcrebilir.&nbsp;<\/p>\n\n\n\n<p>Doktorunuz ayr\u0131ca \u00e7ene dolgusu sonu\u00e7lar\u0131n\u0131zdan en iyi \u015fekilde yararlanman\u0131za yard\u0131mc\u0131 olmak i\u00e7in tedavi sonras\u0131 tavsiyelerde bulunacakt\u0131r. Buna, yorucu egzersiz yapmamak, a\u015f\u0131r\u0131 s\u0131ca\u011fa maruz kalmamak ve 24-48 saat boyunca b\u00f6lgeye dokunmamak dahildir.<\/p>\n\n\n\n<h2 class=\"wp-block-heading\" id=\"non-surgical-chin-augmentation-cost-in-london\">Londra&#039;da cerrahi olmayan \u00e7ene b\u00fcy\u00fctme maliyeti<\/h2>\n\n\n\n<p>\u00c7ene dolgusunun maliyeti, tedaviden ne elde etmek istedi\u011finize ba\u011fl\u0131 olacakt\u0131r. Bu, hangi t\u00fcr dermal dolguyu kullanaca\u011f\u0131m\u0131z\u0131 ve ne kadar kullanmam\u0131z gerekti\u011fini belirleyecektir.&nbsp;<\/p>\n\n\n\n<p>Londra estetik klini\u011fimizde \u00e7ene dolgusu tedavisi 250 \u00a3&#039;dan ba\u015fl\u0131yor. Dudak dolgusu ve \u00e7ene hatt\u0131 dolgusu gibi di\u011fer dolgu tedavisi t\u00fcrlerini de sunuyoruz.<\/p>\n\n\n\n<p>L\u00fctfen&nbsp;<a href=\"https:\/\/dermaaestheticslondon.com\/tr\/contact\/\">bize Ula\u015f\u0131n<\/a>&nbsp;Ameliyats\u0131z tedaviniz i\u00e7in randevunuzu almak i\u00e7in.<\/p>\n\n\n\n<h2 class=\"wp-block-heading\" id=\"experience-premium-care-during-your-london-chin-filler-treatment\">Londra \u00e7ene dolgusu tedaviniz s\u0131ras\u0131nda birinci s\u0131n\u0131f bak\u0131m\u0131 deneyimleyin<\/h2>\n\n\n\n<p>Derma Aesthetics London, konforlu ve samimi bir ortamda y\u00fcksek kaliteli estetik tedaviler sa\u011flamas\u0131yla bilinir. \u00c7ene dolgusu tedavilerimizi sa\u011flamak i\u00e7in en g\u00fcvenilir dermal dolgu markalar\u0131n\u0131 kullan\u0131r\u0131z. Bu, harika, do\u011fal g\u00f6r\u00fcn\u00fcml\u00fc sonu\u00e7lar g\u00f6rmenizi ve iyi g\u00f6r\u00fcnmenizi ve kendinizi iyi hissetmenizi sa\u011flar.<\/p>\n\n\n\n<p>Sizin iyili\u011finiz bizim en b\u00fcy\u00fck \u00f6nceli\u011fimizdir. Bu nedenle, son derece e\u011fitimli profesyonellerimiz sizin i\u00e7in do\u011fru tedaviye karar verebilmeniz i\u00e7in net ve d\u00fcr\u00fcst tavsiyelerde bulunur. Bug\u00fcn randevunuzu al\u0131n ve hayallerinizdeki \u00e7eneye kavu\u015fman\u0131za nas\u0131l yard\u0131mc\u0131 olabilece\u011fimizi \u00f6\u011frenin.<\/p>\n<\/div>\n <\/div><\/section>\n\n\n\n<div class=\"wp-block-greenshift-blocks-row gspb_row gspb_row-id-gsbp-bd35d47\" id=\"gspb_row-id-gsbp-bd35d47\"><div class=\"gspb_row__content\"> \n<div class=\"wp-block-greenshift-blocks-row-column gspb_row__col--6 gspb_col-id-gsbp-5ce5685\" id=\"gspb_col-id-gsbp-5ce5685\">\n<h2 class=\"wp-block-heading\" id=\"how-to-find-our-clinic\">Klini\u011fimizi nas\u0131l bulabilirsiniz?<\/h2>\n\n\n\n<p>Derma Aesthetics London klini\u011fini, \u00e7ok say\u0131da \u00f6zel sa\u011fl\u0131k ve estetik t\u0131p uzman\u0131n\u0131n bulundu\u011fu Harley Street&#039;te bulabilirsiniz. Ayr\u0131ca Oxford Street&#039;e k\u0131sa bir y\u00fcr\u00fcy\u00fc\u015f mesafesindeyiz, bu sayede tedavinizden sonra al\u0131\u015fveri\u015fin tad\u0131n\u0131 \u00e7\u0131karabilirsiniz.&nbsp;<\/p>\n\n\n\n<p>Oxford Circus Metro \u0130stasyonu&#039;na on dakikal\u0131k y\u00fcr\u00fcme mesafesindeyiz. Arabayla seyahat ediyorsan\u0131z, Harley Street&#039;te bol miktarda \u00fccretli ve g\u00f6r\u00fcnt\u00fcl\u00fc park yeri mevcuttur.<\/p>\n\n\n\n<p>39 Harley St, Londra, W1G 8QH<\/p>\n<\/div>\n\n\n\n<div class=\"wp-block-greenshift-blocks-row-column gspb_row__col--6 gspb_col-id-gsbp-7201283\" id=\"gspb_col-id-gsbp-7201283\">\n<iframe style=\"border: 0;\" src=\"https:\/\/www.google.com\/maps\/embed?pb=!1m14!1m8!1m3!1d9930.899153256332!2d-0.1468513!3d51.5182649!3m2!1i1024!2i768!4f13.1!3m3!1m2!1s0x487611e416322439%3A0xb84cf932b11cbe62!2sDerma%20Aesthetics%20London!5e0!3m2!1sen!2suk!4v1699790340707!5m2!1sen!2suk\" width=\"600\" height=\"450\" allowfullscreen=\"allowfullscreen\"><\/iframe>\n<\/div>\n <\/div><\/div>","protected":false},"excerpt":{"rendered":"<p>\u00c7enenize ameliyats\u0131z \u015fekil ve belirginlik kazand\u0131rmak istiyorsan\u0131z, bug\u00fcn Londra&#039;da \u00e7ene dolgusu i\u00e7in randevu al\u0131n.<\/p>","protected":false},"author":1,"featured_media":2131,"parent":0,"menu_order":0,"comment_status":"closed","ping_status":"closed","template":"","meta":{"_gspb_post_css":"#gspb_row-id-gsbp-4c5d06a{background-color:var(--wp--preset--color--palette-color-6, var(--theme-palette-color-6, #F5F2EE))}#gspb_row-id-gsbp-4c5d06a>.gspb_row__content{display:flex;justify-content:space-between;margin:0 auto;width:100%;flex-wrap:wrap}.gspb_row{position:relative}div[id^=gspb_col-id]{box-sizing:border-box;position:relative;padding:15px min(3vw,20px)}body.gspb-bodyfront #gspb_row-id-gsbp-4c5d06a>.gspb_row__content{width:var(--theme-container-width, 1200px);max-width:var(--theme-normal-container-max-width, 1200px)}#gspb_col-id-gsbp-7f8bacc.gspb_row__col--8{width:66.66666666666667%}@media (max-width:575.98px){#gspb_col-id-gsbp-7f8bacc.gspb_row__col--8{width:100%}}.gspb_row #gspb_col-id-gsbp-7f8bacc.gspb_row__col--8{padding-left:0}#gspb_col-id-gsbp-8c54ad0.gspb_row__col--4{width:33.333333333333336%}@media (max-width:575.98px){#gspb_col-id-gsbp-8c54ad0.gspb_row__col--4{width:100%}}#gspb_image-id-gsbp-5dcafb2 img{vertical-align:top;display:inline-block;box-sizing:border-box;max-width:100%;height:auto}#gspb_row-id-gsbp-37bfaf4,#gspb_row-id-gsbp-4c5d06a,#gspb_row-id-gsbp-bd35d47{justify-content:space-between;margin-top:0;margin-bottom:0;display:flex;flex-wrap:wrap}#gspb_row-id-gsbp-37bfaf4>.gspb_row__content{display:flex;justify-content:space-between;margin:0 auto;width:100%;flex-wrap:wrap}#gspb_col-id-gsbp-d9f1f8e.gspb_row__col--12{width:100%}@media (max-width:575.98px){#gspb_col-id-gsbp-d9f1f8e.gspb_row__col--12{width:100%}}#gspb_row-id-gsbp-bd35d47>.gspb_row__content{display:flex;justify-content:space-between;margin:0 auto;width:100%;flex-wrap:wrap}body.gspb-bodyfront #gspb_row-id-gsbp-37bfaf4>.gspb_row__content,body.gspb-bodyfront #gspb_row-id-gsbp-bd35d47>.gspb_row__content{width:var(--theme-container-width, 1200px);max-width:var(--theme-normal-container-max-width, 1200px)}#gspb_col-id-gsbp-5ce5685.gspb_row__col--6{width:50%}@media (max-width:575.98px){#gspb_col-id-gsbp-5ce5685.gspb_row__col--6{width:100%}}#gspb_col-id-gsbp-7201283.gspb_row__col--6{width:50%}@media (max-width:575.98px){#gspb_col-id-gsbp-7201283.gspb_row__col--6{width:100%}}","pgc_sgb_lightbox_settings":"","footnotes":""},"class_list":["post-2130","page","type-page","status-publish","has-post-thumbnail","hentry"],"blocksy_meta":{"page_structure_type":"type-1","styles_descriptor":{"styles":{"desktop":"","tablet":"","mobile":""},"google_fonts":[],"version":6}},"_links":{"self":[{"href":"https:\/\/dermaaestheticslondon.com\/tr\/wp-json\/wp\/v2\/pages\/2130","targetHints":{"allow":["GET"]}}],"collection":[{"href":"https:\/\/dermaaestheticslondon.com\/tr\/wp-json\/wp\/v2\/pages"}],"about":[{"href":"https:\/\/dermaaestheticslondon.com\/tr\/wp-json\/wp\/v2\/types\/page"}],"author":[{"embeddable":true,"href":"https:\/\/dermaaestheticslondon.com\/tr\/wp-json\/wp\/v2\/users\/1"}],"replies":[{"embeddable":true,"href":"https:\/\/dermaaestheticslondon.com\/tr\/wp-json\/wp\/v2\/comments?post=2130"}],"version-history":[{"count":2,"href":"https:\/\/dermaaestheticslondon.com\/tr\/wp-json\/wp\/v2\/pages\/2130\/revisions"}],"predecessor-version":[{"id":2505,"href":"https:\/\/dermaaestheticslondon.com\/tr\/wp-json\/wp\/v2\/pages\/2130\/revisions\/2505"}],"wp:featuredmedia":[{"embeddable":true,"href":"https:\/\/dermaaestheticslondon.com\/tr\/wp-json\/wp\/v2\/media\/2131"}],"wp:attachment":[{"href":"https:\/\/dermaaestheticslondon.com\/tr\/wp-json\/wp\/v2\/media?parent=2130"}],"curies":[{"name":"wp","href":"https:\/\/api.w.org\/{rel}","templated":true}]}}