{"id":2262,"date":"2024-04-16T11:02:23","date_gmt":"2024-04-16T10:02:23","guid":{"rendered":"https:\/\/dermaaestheticslondon.com\/wordpress\/anti-wrinkle-treatment-london\/"},"modified":"2025-01-30T13:06:08","modified_gmt":"2025-01-30T13:06:08","slug":"anti-wrinkle-treatment-london","status":"publish","type":"page","link":"https:\/\/dermaaestheticslondon.com\/tr\/anti-wrinkle-treatment-london\/","title":{"rendered":"K\u0131r\u0131\u015f\u0131kl\u0131k Kar\u015f\u0131t\u0131 Tedavi Londra"},"content":{"rendered":"<p>Y\u00fcz\u00fcn\u00fczdeki \u00e7izgileri ve k\u0131r\u0131\u015f\u0131kl\u0131klar\u0131 azaltmak m\u0131 istiyorsunuz? Derma Aesthetics London&#039;\u0131n yard\u0131m\u0131yla daha gen\u00e7 bir g\u00f6r\u00fcn\u00fcme kavu\u015fabilirsiniz.&nbsp;<strong>Londra&#039;da k\u0131r\u0131\u015f\u0131kl\u0131k kar\u015f\u0131t\u0131 tedavi<\/strong>.<\/p>\n\n\n\n<p>Ya\u015fland\u0131k\u00e7a cildimizdeki kolajen ve elastin \u00fcretimi azalmaya ba\u015flar, bu da cildin kuru, ince ve daha k\u0131r\u0131lgan hale gelmesine yol a\u00e7ar. Sonu\u00e7 olarak y\u00fcz\u00fcm\u00fczde ince \u00e7izgiler ve k\u0131r\u0131\u015f\u0131kl\u0131klar g\u00f6rmeye ba\u015flar\u0131z. \u0130\u015fte tam da bu noktada&nbsp;<a href=\"\/tr\/treatments\/anti-wrinkle-treatment\/\" data-type=\"treatment\" data-id=\"1315\">k\u0131r\u0131\u015f\u0131kl\u0131k kar\u015f\u0131t\u0131 tedavi<\/a>&nbsp;ka\u015f aras\u0131 \u00e7izgilerini, al\u0131n \u00e7izgilerini ve kaz ayaklar\u0131n\u0131 yumu\u015fatmaya yard\u0131mc\u0131 olabilir.<\/p>\n\n\n\n<p>Derma Aesthetics London&#039;da, e\u011fitimli profesyonellerden olu\u015fan ekibimiz, k\u0131r\u0131\u015f\u0131kl\u0131k kar\u015f\u0131t\u0131 enjeksiyonlarla istedi\u011finiz g\u00f6r\u00fcn\u00fcme kavu\u015fman\u0131za yard\u0131mc\u0131 olabilir. Sizinle birlikte \u00e7al\u0131\u015farak, belirli cilt endi\u015felerinizi hedefleyecek ve size do\u011fal g\u00f6r\u00fcn\u00fcml\u00fc sonu\u00e7lar verecek \u00f6zel bir tedavi plan\u0131 olu\u015fturaca\u011f\u0131z.<\/p>\n\n\n\n<p>K\u0131r\u0131\u015f\u0131kl\u0131k kar\u015f\u0131t\u0131 enjekte edilebilir tedavilerin sizin i\u00e7in nas\u0131l i\u015fe yarayabilece\u011fi hakk\u0131nda daha fazla bilgi edinmeye haz\u0131r m\u0131s\u0131n\u0131z? Bir kons\u00fcltasyon ayarlamak i\u00e7in Londra klini\u011fimizle ileti\u015fime ge\u00e7in.<\/p>\n\n\n\n<div class=\"wp-block-buttons is-layout-flex wp-block-buttons-is-layout-flex\">\n<div class=\"wp-block-button\"><a class=\"wp-block-button__link wp-element-button\" href=\"https:\/\/dermaaestheticslondon.com\/tr\/contact\/\">DANI\u015eMA RANDEVUSU ALIN<\/a><\/div>\n<\/div>\n\n\n\n<figure class=\"wp-block-image size-full\"><img decoding=\"async\" width=\"1024\" height=\"1024\" src=\"https:\/\/dermaaestheticslondon.com\/wordpress\/wp-content\/uploads\/2024\/01\/before-and-after-anti-wrinkle-injections-2.webp\" alt=\"before and after anti wrinkle injections 2\" class=\"wp-image-1544\" srcset=\"https:\/\/dermaaestheticslondon.com\/wordpress\/wp-content\/uploads\/2024\/01\/before-and-after-anti-wrinkle-injections-2.webp 1024w, https:\/\/dermaaestheticslondon.com\/wordpress\/wp-content\/uploads\/2024\/01\/before-and-after-anti-wrinkle-injections-2-300x300.webp 300w, https:\/\/dermaaestheticslondon.com\/wordpress\/wp-content\/uploads\/2024\/01\/before-and-after-anti-wrinkle-injections-2-150x150.webp 150w, https:\/\/dermaaestheticslondon.com\/wordpress\/wp-content\/uploads\/2024\/01\/before-and-after-anti-wrinkle-injections-2-768x768.webp 768w, https:\/\/dermaaestheticslondon.com\/wordpress\/wp-content\/uploads\/2024\/01\/before-and-after-anti-wrinkle-injections-2-12x12.webp 12w\" sizes=\"(max-width: 1024px) 100vw, 1024px\" \/><figcaption class=\"wp-element-caption\">k\u0131r\u0131\u015f\u0131kl\u0131k kar\u015f\u0131t\u0131 enjeksiyonlardan \u00f6nce ve sonra 2<\/figcaption><\/figure>\n\n\n\n<h2 class=\"wp-block-heading\" id=\"what-are-anti-wrinkle-treatments\">K\u0131r\u0131\u015f\u0131kl\u0131k kar\u015f\u0131t\u0131 tedaviler nelerdir?<\/h2>\n\n\n\n<p>G\u00fcl\u00fcmsedi\u011finizde, kahkaha att\u0131\u011f\u0131n\u0131zda veya ka\u015flar\u0131n\u0131z\u0131 \u00e7att\u0131\u011f\u0131n\u0131zda, y\u00fcz kaslar\u0131n\u0131z s\u00fcrekli olarak kullan\u0131l\u0131r. Zamanla, bu kaslar\u0131n tekrarlayan kullan\u0131m\u0131 ince \u00e7izgilerin ve k\u0131r\u0131\u015f\u0131kl\u0131klar\u0131n ortaya \u00e7\u0131kmas\u0131na neden olur.<\/p>\n\n\n\n<p>Dinamik k\u0131r\u0131\u015f\u0131kl\u0131klar olarak da bilinen bu tip k\u0131r\u0131\u015f\u0131kl\u0131klar, yaln\u0131zca mimiklerinizi kulland\u0131\u011f\u0131n\u0131zda y\u00fcz\u00fcn\u00fczde belirir.&nbsp;<\/p>\n\n\n\n<p>K\u0131r\u0131\u015f\u0131kl\u0131k kar\u015f\u0131t\u0131 tedavi, do\u011frudan y\u00fcz kaslar\u0131n\u0131z\u0131 hedef alan Botulinum toksin enjeksiyonlar\u0131 kullan\u0131r. Baz\u0131lar\u0131n\u0131n size inand\u0131rd\u0131\u011f\u0131 gibi kaslar\u0131n\u0131z\u0131 dondurmazlar. Bunun yerine, k\u0131r\u0131\u015f\u0131kl\u0131k kar\u015f\u0131t\u0131 enjeksiyonlar y\u00fcz kaslar\u0131n\u0131 k\u0131sa bir s\u00fcreli\u011fine gev\u015fetir. Sonu\u00e7 olarak, y\u00fcz k\u0131r\u0131\u015f\u0131kl\u0131klar\u0131n\u0131z azal\u0131r veya tamamen kaybolur.&nbsp;<\/p>\n\n\n\n<p>K\u0131r\u0131\u015f\u0131kl\u0131k kar\u015f\u0131t\u0131 enjeksiyon tedavisi, t\u00fcm cilt tiplerindeki hem erkekler hem de kad\u0131nlar i\u00e7in iyi sonu\u00e7 verir. Bu nedenle Londra klini\u011fimizdeki en pop\u00fcler ya\u015flanma kar\u015f\u0131t\u0131 tedavilerimizden biridir.<\/p>\n\n\n\n<h2 class=\"wp-block-heading\" id=\"what-are-anti-wrinkle-injections-good-for-treating\">K\u0131r\u0131\u015f\u0131kl\u0131k kar\u015f\u0131t\u0131 enjeksiyonlar hangi durumlarda i\u015fe yarar?<\/h2>\n\n\n\n<p>Londra&#039;daki Harley Street klini\u011fimizde, a\u015fa\u011f\u0131daki tipteki \u00e7izgi ve k\u0131r\u0131\u015f\u0131kl\u0131klar\u0131 azaltmak i\u00e7in k\u0131r\u0131\u015f\u0131kl\u0131k kar\u015f\u0131t\u0131 tedaviler kullan\u0131yoruz:&nbsp;<\/p>\n\n\n\n<ul class=\"wp-block-list\">\n<li>Ka\u015f \u00e7atma \u00e7izgileri<\/li>\n\n\n\n<li>Al\u0131n \u00e7izgileri<\/li>\n\n\n\n<li>Tav\u015fan \u00e7izgileri (burun kenar\u0131)<\/li>\n\n\n\n<li>Kaz ayaklar\u0131<\/li>\n\n\n\n<li>Kukla \u00e7izgileri<\/li>\n<\/ul>\n\n\n\n<p>Ya\u015flanma kar\u015f\u0131t\u0131 enjeksiyonlar\u0131, bir hastal\u0131\u011f\u0131 tedavi etmek i\u00e7in de kullanabiliriz.\u00a0<a href=\"https:\/\/dermaaestheticslondon.com\/tr\/treatments\/gummy-smile\/\" data-type=\"treatment\" data-id=\"1329\">di\u015f eti g\u00fcl\u00fcmsemesi<\/a>, ile\u00a0<a href=\"https:\/\/dermaaestheticslondon.com\/tr\/treatments\/eyebrow-lift\/\" data-type=\"treatment\" data-id=\"1325\">ka\u015flar\u0131 kald\u0131rmak<\/a>, y\u00fcz\u00fcn\u00fcz\u00fc inceltin ve tedavi edin\u00a0<a href=\"https:\/\/dermaaestheticslondon.com\/tr\/treatments\/excessive-sweating\/\" data-type=\"treatment\" data-id=\"1323\">a\u015f\u0131r\u0131 terleme<\/a>\u00a0koltuk altlar\u0131nda.<\/p>\n\n\n\n<h3 class=\"wp-block-heading\" id=\"should-i-have-anti-wrinkle-injectables-or-dermal-fillers\">K\u0131r\u0131\u015f\u0131kl\u0131k kar\u015f\u0131t\u0131 enjeksiyonlar m\u0131 yoksa dermal dolgular m\u0131 yapt\u0131rmal\u0131y\u0131m?<\/h3>\n\n\n\n<p>Derma Aesthetics London&#039;da ald\u0131\u011f\u0131m\u0131z en yayg\u0131n sorulardan biri budur. K\u0131sacas\u0131, hem dermal dolgular hem de k\u0131r\u0131\u015f\u0131kl\u0131k kar\u015f\u0131t\u0131 enjeksiyonlar harika ya\u015flanma kar\u015f\u0131t\u0131 tedavilerdir. Ancak, ikisi de biraz farkl\u0131 \u00e7al\u0131\u015f\u0131r ve farkl\u0131 cilt sorunlar\u0131n\u0131 tedavi eder.&nbsp;<\/p>\n\n\n\n<p>K\u0131r\u0131\u015f\u0131kl\u0131k kar\u015f\u0131t\u0131 tedavi, yaln\u0131zca y\u00fcz kaslar\u0131n\u0131z\u0131 kulland\u0131\u011f\u0131n\u0131zda ortaya \u00e7\u0131kan ince \u00e7izgiler ve k\u0131r\u0131\u015f\u0131kl\u0131klar i\u00e7in en iyisidir. \u00d6te yandan dermal dolgular, daha derin \u00e7izgiler ve k\u0131r\u0131\u015f\u0131kl\u0131klar \u00fczerinde daha iyi \u00e7al\u0131\u015f\u0131r. Bunlara al\u0131n \u00e7izgileri ve nazolabial k\u0131vr\u0131mlar dahildir. Bunlar, kaslar\u0131n\u0131z\u0131 kullanmay\u0131 b\u0131rakt\u0131ktan sonra bile y\u00fcz\u00fcn\u00fczde kalan k\u0131r\u0131\u015f\u0131kl\u0131klard\u0131r.<\/p>\n\n\n\n<p>Dermal dolgular ayr\u0131ca yanaklar, \u00e7ene hatt\u0131 veya g\u00f6z alt\u0131 b\u00f6lgesi gibi y\u00fcz\u00fcn \u00e7\u00f6k\u00fck b\u00f6lgelerini dolgunla\u015ft\u0131rmaya ve hacmini geri kazand\u0131rmaya yard\u0131mc\u0131 olur. Cildi nemlendiren ve sa\u011fl\u0131kl\u0131 g\u00f6r\u00fcnmesini sa\u011flayan hyaluronik asit i\u00e7erirler.<\/p>\n\n\n\n<p>En pop\u00fcler dermal dolgu tedavilerimizden baz\u0131lar\u0131 \u015funlard\u0131r:<\/p>\n\n\n\n<ul class=\"wp-block-list\">\n<li><a href=\"https:\/\/dermaaestheticslondon.com\/tr\/treatments\/lip-fillers\/\">Dudak dolgusu<\/a><\/li>\n\n\n\n<li><a href=\"https:\/\/dermaaestheticslondon.com\/tr\/treatments\/chin-filler\/\">\u00c7ene dolgusu<\/a><\/li>\n\n\n\n<li><a href=\"https:\/\/dermaaestheticslondon.com\/tr\/treatments\/jawline-filler\/\">\u00c7ene dolgular\u0131<\/a><\/li>\n\n\n\n<li><a href=\"https:\/\/dermaaestheticslondon.com\/tr\/treatments\/non-surgical-rhinoplasty\/\">Ameliyats\u0131z burun esteti\u011fi<\/a>&nbsp;(burun dolgusu)<\/li>\n\n\n\n<li><a href=\"https:\/\/dermaaestheticslondon.com\/tr\/treatments\/tear-trough\/\">G\u00f6zya\u015f\u0131 olu\u011fu dolgular\u0131<\/a>&nbsp;(g\u00f6z alt\u0131)<\/li>\n<\/ul>\n\n\n\n<p>Hangi ya\u015flanma kar\u015f\u0131t\u0131 enjeksiyon setinin sizin i\u00e7in uygun oldu\u011fundan emin de\u011filseniz, l\u00fctfen ekibimizle g\u00f6r\u00fc\u015fmek i\u00e7in klini\u011fimizle ileti\u015fime ge\u00e7in.<\/p>\n\n\n\n<div class=\"wp-block-buttons is-layout-flex wp-block-buttons-is-layout-flex\">\n<div class=\"wp-block-button\"><a class=\"wp-block-button__link wp-element-button\" href=\"https:\/\/dermaaestheticslondon.com\/tr\/contact\/\">B\u0130ZE ULA\u015eIN<\/a><\/div>\n<\/div>\n\n\n\n<h2 class=\"wp-block-heading\" id=\"how-long-does-it-take-anti-wrinkle-injections-to-work\">K\u0131r\u0131\u015f\u0131kl\u0131k kar\u015f\u0131t\u0131 enjeksiyonlar\u0131n etki g\u00f6stermesi ne kadar s\u00fcrer?<\/h2>\n\n\n\n<p>Tedavinizden hemen sonra \u00e7izgilerinizde ve k\u0131r\u0131\u015f\u0131kl\u0131klar\u0131n\u0131zda baz\u0131 g\u00f6zle g\u00f6r\u00fcl\u00fcr de\u011fi\u015fiklikler g\u00f6rmeye ba\u015flayabilirsiniz. Ancak tedavinin kas hareketlerinizi tamamen gev\u015fetmesi 7-14 g\u00fcn s\u00fcrer. Bu, k\u0131r\u0131\u015f\u0131kl\u0131klar\u0131n\u0131zda en b\u00fcy\u00fck azalmay\u0131 g\u00f6rece\u011finiz zamand\u0131r.&nbsp;<\/p>\n\n\n\n<p>K\u0131r\u0131\u015f\u0131kl\u0131k kar\u015f\u0131t\u0131 tedavinin sonu\u00e7lar\u0131 3-4 ay s\u00fcrer. Bu, kaslar\u0131n\u0131z\u0131n normal i\u015flevlerine d\u00f6nmeye ba\u015flayaca\u011f\u0131 ve \u00e7izgilerinizin ve k\u0131r\u0131\u015f\u0131kl\u0131klar\u0131n\u0131z\u0131n tekrar ortaya \u00e7\u0131kmaya ba\u015flayaca\u011f\u0131 zamand\u0131r.&nbsp;<\/p>\n\n\n\n<p>Bu noktada, klini\u011fe geri d\u00f6n\u00fcp bir takviye tedavisi yapt\u0131rman\u0131z\u0131 \u00f6neririz. Bu, harika sonu\u00e7lar\u0131n\u0131z\u0131 koruman\u0131za yard\u0131mc\u0131 olacakt\u0131r.<\/p>\n\n\n\n<h2 class=\"wp-block-heading\" id=\"do-anti-wrinkle-injections-hurt\">K\u0131r\u0131\u015f\u0131kl\u0131k kar\u015f\u0131t\u0131 enjeksiyonlar ac\u0131t\u0131r m\u0131?<\/h2>\n\n\n\n<p>Hastalar\u0131m\u0131z\u0131n \u00e7o\u011fu k\u0131r\u0131\u015f\u0131kl\u0131k kar\u015f\u0131t\u0131 tedaviyi olduk\u00e7a rahat buluyor. Doktor, Botulinum toksinini y\u00fcz\u00fcn\u00fcz\u00fcn belirli b\u00f6lgelerine enjekte etmek i\u00e7in \u00e7ok ince bir i\u011fne kullanacakt\u0131r.<\/p>\n\n\n\n<p>Keskin bir \u00e7izik hissedeceksiniz, ancak bu uzun s\u00fcrmez. \u00d6nce enjeksiyon b\u00f6lgesine topikal bir uyu\u015fturucu krem uygulayabiliriz. Bu, tedaviyi daha konforlu hale getirmelidir. &nbsp;<\/p>\n\n\n\n<h2 class=\"wp-block-heading\" id=\"how-much-do-anti-wrinkle-injections-cost\">K\u0131r\u0131\u015f\u0131kl\u0131k kar\u015f\u0131t\u0131 enjeksiyonlar\u0131n maliyeti ne kadard\u0131r?<\/h2>\n\n\n\n<p>Tedavinizin maliyeti, tedavi etmek istedi\u011finiz alan say\u0131s\u0131na ve \u00e7izgilerinizin ve k\u0131r\u0131\u015f\u0131kl\u0131klar\u0131n\u0131z\u0131n kapsam\u0131na ba\u011fl\u0131 olacakt\u0131r. Kons\u00fcltasyonunuz s\u0131ras\u0131nda cildinizi de\u011ferlendirece\u011fiz ve bunu istedi\u011finiz sonu\u00e7lar\u0131 sa\u011flayacak \u00f6zel bir tedavi plan\u0131 geli\u015ftirmek i\u00e7in kullanaca\u011f\u0131z. Bu noktada, sizinle nihai fiyat\u0131 da g\u00f6r\u00fc\u015fece\u011fiz.<\/p>\n\n\n\n<h2 class=\"wp-block-heading\" id=\"choose-the-experts-for-london-anti-wrinkle-injections\">Londra k\u0131r\u0131\u015f\u0131kl\u0131k kar\u015f\u0131t\u0131 enjeksiyonlar i\u00e7in uzmanlar\u0131 se\u00e7in<\/h2>\n\n\n\n<p>K\u0131r\u0131\u015f\u0131kl\u0131k kar\u015f\u0131t\u0131 tedavi uygulayacak bir klinik ararken g\u00fcvenebilece\u011finiz bir yer se\u00e7mek istersiniz. Derma Aesthetics London, g\u00f6r\u00fcn\u00fcm\u00fcn\u00fcz\u00fc iyile\u015ftiren do\u011fal g\u00f6r\u00fcn\u00fcml\u00fc sonu\u00e7lar sa\u011flama konusunda bir ge\u00e7mi\u015fe sahiptir, b\u00f6ylece kendinizin en iyi versiyonu gibi g\u00f6r\u00fcn\u00fcrs\u00fcn\u00fcz.&nbsp;<\/p>\n\n\n\n<p>Sizin bak\u0131m\u0131n\u0131z\u0131 ve iyili\u011finizi her \u015feyin \u00fcst\u00fcnde tutuyoruz. Kozmetik tedavilerde y\u0131llar\u0131n deneyimine sahip kalifiye bir profesyonel ile kons\u00fcltasyon ve tedavinizi alacaks\u0131n\u0131z. Ayr\u0131ca, sizin i\u00e7in do\u011fru karar\u0131 verirken rahat hissedebilmeniz i\u00e7in net ve d\u00fcr\u00fcst tavsiyelerde bulunmaktan gurur duyuyoruz.<\/p>\n\n\n\n<div class=\"wp-block-buttons is-layout-flex wp-block-buttons-is-layout-flex\">\n<div class=\"wp-block-button\"><a class=\"wp-block-button__link wp-element-button\" href=\"https:\/\/dermaaestheticslondon.com\/tr\/contact\/\">\u0130LET\u0130\u015e\u0130ME GE\u00c7\u0130N<\/a><\/div>\n<\/div>\n\n\n\n<h2 class=\"wp-block-heading\" id=\"visiting-our-london-clinic\">Londra klini\u011fimizi ziyaret ediyoruz<\/h2>\n\n\n\n<p>Derma Aesthetics London klini\u011fini, \u00e7ok say\u0131da \u00f6zel sa\u011fl\u0131k ve estetik t\u0131p uzman\u0131n\u0131n bulundu\u011fu Harley Street&#039;te bulabilirsiniz. Ayr\u0131ca Oxford Street&#039;e k\u0131sa bir y\u00fcr\u00fcy\u00fc\u015f mesafesindeyiz, bu sayede tedavinizden sonra al\u0131\u015fveri\u015fin tad\u0131n\u0131 \u00e7\u0131karabilirsiniz.&nbsp;<\/p>\n\n\n\n<p>Oxford Circus Metro \u0130stasyonu&#039;na on dakikal\u0131k y\u00fcr\u00fcme mesafesindeyiz. Arabayla seyahat ediyorsan\u0131z, Harley Street&#039;te bol miktarda \u00fccretli ve g\u00f6r\u00fcnt\u00fcl\u00fc park yeri mevcuttur.&nbsp;&nbsp;<\/p>\n\n\n\n<h3 class=\"wp-block-heading\" id=\"address\">Adres<\/h3>\n\n\n\n<p>39 Harley St, Londra, W1G 8QH<\/p>\n\n\n<style><\/style><style><\/style>\n<iframe src=\"https:\/\/www.google.com\/maps\/embed?pb=!1m14!1m8!1m3!1d9930.899153256332!2d-0.1468513!3d51.5182649!3m2!1i1024!2i768!4f13.1!3m3!1m2!1s0x487611e416322439%3A0xb84cf932b11cbe62!2sDerma%20Aesthetics%20London!5e0!3m2!1sen!2suk!4v1699790340707!5m2!1sen!2suk\" width=\"600\" height=\"450\" style=\"border:0;\" allowfullscreen=\"\" loading=\"lazy\" referrerpolicy=\"no-referrer-when-downgrade\"><\/iframe>","protected":false},"excerpt":{"rendered":"<p>Londra&#039;da k\u0131r\u0131\u015f\u0131kl\u0131k kar\u015f\u0131t\u0131 tedaviyi deneyin, ince \u00e7izgiler ve k\u0131r\u0131\u015f\u0131kl\u0131klarla m\u00fccadele etmenin harika bir cerrahi olmayan yolu. Ekibimizle bir randevu ayarlay\u0131n.<\/p>","protected":false},"author":1,"featured_media":1544,"parent":0,"menu_order":10,"comment_status":"closed","ping_status":"closed","template":"","meta":{"_gspb_post_css":".gspb_id-gsbp-4ed8201{display:flex}.gspb_id-gsbp-4ed8201 .gspb_map-wrapper{width:100%;height:400px;isolation:isolate}","pgc_sgb_lightbox_settings":"","footnotes":""},"class_list":["post-2262","page","type-page","status-publish","has-post-thumbnail","hentry"],"blocksy_meta":{"page_structure_type":"type-1","styles_descriptor":{"styles":{"desktop":"","tablet":"","mobile":""},"google_fonts":[],"version":6}},"_links":{"self":[{"href":"https:\/\/dermaaestheticslondon.com\/tr\/wp-json\/wp\/v2\/pages\/2262","targetHints":{"allow":["GET"]}}],"collection":[{"href":"https:\/\/dermaaestheticslondon.com\/tr\/wp-json\/wp\/v2\/pages"}],"about":[{"href":"https:\/\/dermaaestheticslondon.com\/tr\/wp-json\/wp\/v2\/types\/page"}],"author":[{"embeddable":true,"href":"https:\/\/dermaaestheticslondon.com\/tr\/wp-json\/wp\/v2\/users\/1"}],"replies":[{"embeddable":true,"href":"https:\/\/dermaaestheticslondon.com\/tr\/wp-json\/wp\/v2\/comments?post=2262"}],"version-history":[{"count":10,"href":"https:\/\/dermaaestheticslondon.com\/tr\/wp-json\/wp\/v2\/pages\/2262\/revisions"}],"predecessor-version":[{"id":2468,"href":"https:\/\/dermaaestheticslondon.com\/tr\/wp-json\/wp\/v2\/pages\/2262\/revisions\/2468"}],"wp:featuredmedia":[{"embeddable":true,"href":"https:\/\/dermaaestheticslondon.com\/tr\/wp-json\/wp\/v2\/media\/1544"}],"wp:attachment":[{"href":"https:\/\/dermaaestheticslondon.com\/tr\/wp-json\/wp\/v2\/media?parent=2262"}],"curies":[{"name":"wp","href":"https:\/\/api.w.org\/{rel}","templated":true}]}}