{"id":2267,"date":"2024-04-16T16:14:25","date_gmt":"2024-04-16T15:14:25","guid":{"rendered":"https:\/\/dermaaestheticslondon.com\/wordpress\/dark-circles-treatment-london\/"},"modified":"2025-01-30T12:57:56","modified_gmt":"2025-01-30T12:57:56","slug":"dark-circles-treatment-london","status":"publish","type":"page","link":"https:\/\/dermaaestheticslondon.com\/tr\/dark-circles-treatment-london\/","title":{"rendered":"Koyu Halkalar Tedavisi Londra"},"content":{"rendered":"<p>G\u00f6zlerinizin alt\u0131ndaki koyu g\u00f6lgelerden kurtulmak m\u0131 istiyorsunuz? Derma Aesthetics London&#039;da uzman \u00e7\u00f6z\u00fcm\u00fcm\u00fcz var&nbsp;<strong>Londra&#039;da koyu halkalar tedavisi<\/strong>.<\/p>\n\n\n\n<p>Koyu g\u00f6z halkalar\u0131, g\u00f6z torbalar\u0131 ve g\u00f6z alt\u0131ndaki ince deri, erkekler ve kad\u0131nlar i\u00e7in yayg\u0131n bir endi\u015fe kayna\u011f\u0131d\u0131r. Bu nedenle Derma Aesthetics London&#039;da, tedavi i\u00e7in hedefli bir yol sunuyoruz&nbsp;<a href=\"https:\/\/dermaaestheticslondon.com\/tr\/treatments\/light-eyes\/\">koyu halkalar<\/a>B\u00f6ylece g\u00f6z altlar\u0131n\u0131z\u0131n daha ayd\u0131nl\u0131k ve tazelenmi\u015f g\u00f6r\u00fcnmesini sa\u011flars\u0131n\u0131z.<\/p>\n\n\n\n<p>Doktor liderli\u011findeki ekibimiz, g\u00f6z altlar\u0131ndaki \u00e7\u00f6k\u00fcklere hacim kazand\u0131rarak koyu halkalar\u0131 azaltmaya yard\u0131mc\u0131 olmak i\u00e7in dermal dolgular kullan\u0131r. Sadece g\u00f6z alt\u0131 koyu halkalar\u0131n\u0131z\u0131 gidermekle kalmayacak, ayn\u0131 zamanda daha gen\u00e7 bir g\u00f6r\u00fcn\u00fcme kavu\u015fman\u0131za yard\u0131mc\u0131 olacak \u00f6zel bir tedavi plan\u0131 olu\u015fturmak i\u00e7in sizinle birlikte \u00e7al\u0131\u015faca\u011f\u0131z.<\/p>\n\n\n\n<p>Yorgun g\u00f6zlerinize bug\u00fcn g\u00f6z alt\u0131 morluklar\u0131 tedavimizle veda edin. Randevunuzu almak i\u00e7in Londra klini\u011fimizle ileti\u015fime ge\u00e7in.&nbsp;<\/p>\n\n\n\n<p><a href=\"https:\/\/dermaaestheticslondon.com\/tr\/contact\/\">DANI\u015eMA RANDEVUSU ALIN<\/a><\/p>\n\n\n\n<figure class=\"wp-block-image size-full\"><img decoding=\"async\" width=\"1024\" height=\"1024\" src=\"https:\/\/dermaaestheticslondon.com\/wordpress\/wp-content\/uploads\/2024\/06\/before-and-after-tear-trough-filler-2.webp\" alt=\"before and after tear trough filler 2\" class=\"wp-image-2410\" srcset=\"https:\/\/dermaaestheticslondon.com\/wordpress\/wp-content\/uploads\/2024\/06\/before-and-after-tear-trough-filler-2.webp 1024w, https:\/\/dermaaestheticslondon.com\/wordpress\/wp-content\/uploads\/2024\/06\/before-and-after-tear-trough-filler-2-300x300.webp 300w, https:\/\/dermaaestheticslondon.com\/wordpress\/wp-content\/uploads\/2024\/06\/before-and-after-tear-trough-filler-2-150x150.webp 150w, https:\/\/dermaaestheticslondon.com\/wordpress\/wp-content\/uploads\/2024\/06\/before-and-after-tear-trough-filler-2-768x768.webp 768w\" sizes=\"(max-width: 1024px) 100vw, 1024px\" \/><figcaption class=\"wp-element-caption\">G\u00f6z alt\u0131 morluklar\u0131 \u2013 \u00f6ncesi \/ sonras\u0131<\/figcaption><\/figure>\n\n\n\n<h2 class=\"wp-block-heading\" id=\"what-causes-the-appearance-of-dark-circles-under-the-eyes\">G\u00f6z alt\u0131ndaki koyu halkalar\u0131n olu\u015fumuna ne sebep olur?<\/h2>\n\n\n\n<p>G\u00f6z alt\u0131 morluklar\u0131n\u0131n geli\u015fmesinin en b\u00fcy\u00fck nedenlerinden biri yeterince uyumamakt\u0131r. Az uyumak veya hi\u00e7 uyumamak g\u00f6z alt\u0131 b\u00f6lgenizdeki oksijenin azalmas\u0131na neden olur. Sonu\u00e7 olarak g\u00f6z alt\u0131ndaki kan damarlar\u0131 daha koyu ve daha g\u00f6r\u00fcn\u00fcr hale gelir. &nbsp;<\/p>\n\n\n\n<p>Ya\u015f, koyu halkalar g\u00f6rmemizin bir di\u011fer b\u00fcy\u00fck etkenidir. Ya\u015fland\u0131k\u00e7a, g\u00f6zlerimizin etraf\u0131ndaki cilt daha k\u0131r\u0131lgan ve ince hale gelir. Bunun nedeni cildimizdeki kolajen ve elastin seviyelerini kaybetmemizdir. Bu proteinler cildimize g\u00fcc\u00fcn\u00fc ve yap\u0131s\u0131n\u0131 kazand\u0131rmaya yard\u0131mc\u0131 olan \u015feydir.<\/p>\n\n\n\n<p>Ya\u015flanma s\u00fcreci ince derinin sarkmas\u0131na ve g\u00f6z altlar\u0131n\u0131n veya g\u00f6zya\u015f\u0131 oluklar\u0131n\u0131n daha \u00e7ukur hale gelmesine neden olur. Sonu\u00e7 olarak, cildin alt\u0131ndaki kan damarlar\u0131 daha g\u00f6r\u00fcn\u00fcr hale gelir. Ya\u015f ayr\u0131ca g\u00f6zleri destekleyen ya\u011f\u0131n alt g\u00f6z kapaklar\u0131na hareket etmesine neden olur. Sonu\u00e7 - \u015fi\u015f g\u00f6z kapaklar\u0131.<\/p>\n\n\n\n<p><strong>G\u00f6z alt\u0131 morluklar\u0131n\u0131n di\u011fer nedenleri \u015funlard\u0131r:<\/strong><\/p>\n\n\n\n<ul class=\"wp-block-list\">\n<li>A\u015f\u0131r\u0131 g\u00fcne\u015fe maruz kalma<\/li>\n\n\n\n<li>Susuz kalma<\/li>\n\n\n\n<li>Alerjik reaksiyonlar ve t\u0131kan\u0131kl\u0131k<\/li>\n\n\n\n<li>Genetik<\/li>\n\n\n\n<li>Herhangi bir sa\u011fl\u0131ks\u0131z ya\u015fam tarz\u0131 ve yetersiz beslenme<\/li>\n\n\n\n<li>Anemi veya tiroid bozukluklar\u0131 gibi altta yatan t\u0131bbi durumlar<\/li>\n<\/ul>\n\n\n\n<h2 class=\"wp-block-heading\" id=\"dark-circle-treatment-in-london\">Londra&#039;da koyu halka tedavisi<\/h2>\n\n\n\n<p>Derma Aesthetics London&#039;da, koyu halkalar\u0131 iyile\u015ftirmeye ve g\u00f6z altlar\u0131n\u0131za ferah bir g\u00f6r\u00fcn\u00fcm kazand\u0131rmaya yard\u0131mc\u0131 olmak i\u00e7in dermal dolgular kullanarak g\u00f6zya\u015f\u0131 olu\u011fu dolgu tedavisi sa\u011fl\u0131yoruz.<\/p>\n\n\n\n<h3 class=\"wp-block-heading\" id=\"more-about-dermal-fillers-or-tear-trough-fillers\">Dermal dolgular veya g\u00f6zya\u015f\u0131 olu\u011fu dolgular\u0131 hakk\u0131nda daha fazla bilgi<\/h3>\n\n\n\n<p>Dermal dolgular, v\u00fccutta do\u011fal olarak bulunan bir madde olan hyaluronik asit i\u00e7eren jel benzeri bir maddedir.\u00a0<a href=\"https:\/\/dermaaestheticslondon.com\/tr\/treatments\/tear-trough\/\" data-type=\"treatment\" data-id=\"1345\"><u>G\u00f6zya\u015f\u0131 olu\u011fu dolgular\u0131<\/u><\/a>\u00a0G\u00f6z alt\u0131 b\u00f6lgesine \u00f6zel olarak tasarlanm\u0131\u015f dermal dolgulard\u0131r.\u00a0<\/p>\n\n\n\n<p>Bu hyaluronik asit enjeksiyonlar\u0131 g\u00f6z altlar\u0131n\u0131n dolgunla\u015fmas\u0131na ve kaybolan hacmin geri kazan\u0131lmas\u0131na yard\u0131mc\u0131 olur. Ayr\u0131ca, b\u00f6lgeyi ayd\u0131nlatarak daha tazelenmi\u015f g\u00f6r\u00fcnmenizi sa\u011flayan bir nemlendirme deste\u011fi de sa\u011flar.&nbsp;&nbsp;<\/p>\n\n\n\n<p>Zamanla, dermal dolgular yeni kolajen \u00fcretimini te\u015fvik etmeye de yard\u0131mc\u0131 olabilir. Bu sadece cildi s\u0131k\u0131la\u015ft\u0131rma faydalar\u0131 sa\u011flamakla kalmaz, ayn\u0131 zamanda cilt kalitesini de iyile\u015ftirebilir. Bu, tedavinizden aylar sonra sonu\u00e7lar\u0131n\u0131z\u0131n daha iyi olmaya devam edebilece\u011fi anlam\u0131na gelir.<\/p>\n\n\n\n<h2 class=\"wp-block-heading\" id=\"what-happens-during-tear-trough-filler-treatment-in-london\">Londra&#039;da g\u00f6zya\u015f\u0131 olu\u011fu dolgu tedavisi s\u0131ras\u0131nda neler olur?<\/h2>\n\n\n\n<p>Estetik t\u0131pta uzmanl\u0131\u011f\u0131 olan kalifiye bir doktor olan Dr. Raja ile g\u00f6zya\u015f\u0131 olu\u011fu tedavisi g\u00f6receksiniz. Dolgu enjeksiyon b\u00f6lgelerinin nerede olaca\u011f\u0131 ve nas\u0131l hissedilece\u011fi dahil olmak \u00fczere prosed\u00fcr boyunca size rehberlik edecektir.&nbsp;<\/p>\n\n\n\n<p>Tedavi 30 dakikadan uzun s\u00fcrmemelidir, bu da program\u0131n\u0131za kolayca uyabilece\u011finiz anlam\u0131na gelir. \u00c7o\u011fu hasta dolgular s\u0131ras\u0131nda hafif bir rahats\u0131zl\u0131k hissetti\u011fini s\u00f6yler. Deneyiminizi daha rahat hale getirmek i\u00e7in, \u00f6ncesinde g\u00f6z alt\u0131 b\u00f6lgesine topikal bir uyu\u015fturma kremi uygular\u0131z.&nbsp;<\/p>\n\n\n\n<p>G\u00f6zya\u015f\u0131 olu\u011fu dolgular\u0131n\u0131 enjekte etmek i\u00e7in \u00e7ok ince bir i\u011fne olan kan\u00fcl kullan\u0131yoruz. Bu y\u00f6ntemi kullanmak, b\u00f6lgede herhangi bir \u015fi\u015fme ve morarma riskini azaltmam\u0131za yard\u0131mc\u0131 oluyor.&nbsp;<\/p>\n\n\n\n<p>Dermal dolgunun yerle\u015fmesine yard\u0131mc\u0131 olmak i\u00e7in b\u00f6lgeye masaj yapabiliriz. Ayr\u0131lmadan \u00f6nce kendinizi mutlu ve rahat hissetti\u011finizden emin olmak i\u00e7in tedaviden sonra birka\u00e7 dakika tedavi odas\u0131nda beklemenizi rica ediyoruz. Ayr\u0131ca sonu\u00e7lar\u0131n\u0131za ilk kez bakman\u0131z i\u00e7in de iyi bir \u015fanst\u0131r.<\/p>\n\n\n\n<h2 class=\"wp-block-heading\" id=\"how-long-does-it-take-to-see-results-from-tear-trough-filler\">G\u00f6zya\u015f\u0131 olu\u011fu dolgusunun sonu\u00e7lar\u0131 ne kadar s\u00fcrede g\u00f6r\u00fcl\u00fcr?<\/h2>\n\n\n\n<p>Koyu halkalar\u0131n\u0131zda hemen g\u00f6zle g\u00f6r\u00fcl\u00fcr bir iyile\u015fme g\u00f6rmeye ba\u015flayacaks\u0131n\u0131z. Ancak dolgunun tamamen yerle\u015fmesi ve nihai sonu\u00e7lar\u0131n\u0131z\u0131n ortaya \u00e7\u0131kmas\u0131 iki haftaya kadar s\u00fcrebilir.<\/p>\n\n\n\n<p>\u00c7o\u011fu hasta 12-18 ay boyunca taze ve gen\u00e7 bir g\u00f6z alt\u0131 b\u00f6lgesinin tad\u0131n\u0131 \u00e7\u0131kar\u0131r. Sonu\u00e7lar\u0131n ne kadar s\u00fcrece\u011fi herkes i\u00e7in farkl\u0131d\u0131r. Bunun nedeni, v\u00fccudunuzun dermal dolguya nas\u0131l tepki verdi\u011fine ve onlar\u0131 par\u00e7alaman\u0131n ne kadar s\u00fcrd\u00fc\u011f\u00fcne ba\u011fl\u0131 olmas\u0131d\u0131r.<\/p>\n\n\n\n<p>Genellikle hastalar\u0131m\u0131za 12 ayl\u0131k d\u00f6nemde klini\u011fe gelip tamamlay\u0131c\u0131 bir tedavi g\u00f6rmelerini \u00f6neriyoruz. Bu, harika sonu\u00e7lar g\u00f6rmeye devam etmenizi sa\u011flar.<\/p>\n\n\n\n<h2 class=\"wp-block-heading\" id=\"why-choose-derma-aesthetics-london-for-your-dark-circles-treatment\">Koyu halkalar\u0131n\u0131z\u0131n tedavisi i\u00e7in neden Derma Aesthetics London&#039;\u0131 se\u00e7melisiniz?<\/h2>\n\n\n\n<p>Derma Aesthetics London&#039;da, cilt sorunlar\u0131n\u0131z\u0131n size \u00f6zg\u00fc oldu\u011funu ve ihtiyac\u0131n\u0131z olan cilt bak\u0131m\u0131n\u0131n size \u00f6zel olmas\u0131 gerekti\u011fini anl\u0131yoruz. Bu nedenle ekibimiz derinlemesine dan\u0131\u015fmanl\u0131klar sunuyor, b\u00f6ylece sizi, cilt durumunuzu ve elde etmeyi umdu\u011funuz sonu\u00e7lar\u0131 daha iyi tan\u0131yabiliyoruz.<\/p>\n\n\n\n<p>Dermal dolgular ve di\u011fer besleyici \u00fcr\u00fcnleri i\u00e7erebilen \u00f6zel bir tedavi paketi olu\u015fturaca\u011f\u0131z. Odak noktam\u0131z, tedaviniz boyunca g\u00fcvenli\u011finizi ve konforunuzu sa\u011flamak, b\u00f6ylece en iyi deneyimi ya\u015faman\u0131zd\u0131r. Ayr\u0131ca, her zaman en iyi versiyonunuz gibi g\u00f6r\u00fcnmenize yard\u0131mc\u0131 olan do\u011fal g\u00f6r\u00fcn\u00fcml\u00fc sonu\u00e7lar sunmakla gurur duyuyoruz.<\/p>\n\n\n\n<p><a href=\"https:\/\/dermaaestheticslondon.com\/tr\/contact\/\"><u>\u0130LET\u0130\u015e\u0130ME GE\u00c7\u0130N<\/u><\/a><\/p>\n\n\n\n<h2 class=\"wp-block-heading\" id=\"harley-street-dark-circle-treatment\">Harley street koyu halka tedavisi<\/h2>\n\n\n\n<p>Derma Aesthetics London klini\u011fi, \u00e7ok say\u0131da \u00f6zel sa\u011fl\u0131k ve estetik tedavi uzman\u0131n\u0131n bulundu\u011fu Harley Caddesi&#039;nde yer almaktad\u0131r. Ayr\u0131ca \u015fehrin en yo\u011fun al\u0131\u015fveri\u015f b\u00f6lgelerinden biri olan Oxford Caddesi&#039;ne de sadece birka\u00e7 dakika uzakl\u0131ktay\u0131z.&nbsp;<\/p>\n\n\n\n<p>Oxford Circus Metro \u0130stasyonu&#039;na on dakikal\u0131k y\u00fcr\u00fcme mesafesindeyiz. Arabayla seyahat ediyorsan\u0131z, Harley Street&#039;te bol miktarda \u00fccretli ve g\u00f6r\u00fcnt\u00fcl\u00fc park yeri mevcuttur.&nbsp;&nbsp;<\/p>\n\n\n\n<h3 class=\"wp-block-heading\" id=\"address\">Adres<\/h3>\n\n\n\n<p>39 Harley St, Londra, W1G 8QH<\/p>\n\n\n<style><\/style><style><\/style>\n<iframe src=\"https:\/\/www.google.com\/maps\/embed?pb=!1m14!1m8!1m3!1d9930.899153256332!2d-0.1468513!3d51.5182649!3m2!1i1024!2i768!4f13.1!3m3!1m2!1s0x487611e416322439%3A0xb84cf932b11cbe62!2sDerma%20Aesthetics%20London!5e0!3m2!1sen!2suk!4v1699790340707!5m2!1sen!2suk\" width=\"600\" height=\"450\" style=\"border:0;\" allowfullscreen=\"\" loading=\"lazy\" referrerpolicy=\"no-referrer-when-downgrade\"><\/iframe>","protected":false},"excerpt":{"rendered":"<p>Londra&#039;da koyu halkalar tedavisi hakk\u0131nda uzmanlar\u0131m\u0131zla g\u00f6r\u00fc\u015f\u00fcn. Daha gen\u00e7 bir g\u00f6z alt\u0131 b\u00f6lgesine kavu\u015fman\u0131za yard\u0131mc\u0131 olabiliriz. Bug\u00fcn bizimle ileti\u015fime ge\u00e7in.<\/p>","protected":false},"author":2,"featured_media":2410,"parent":0,"menu_order":60,"comment_status":"closed","ping_status":"closed","template":"","meta":{"_gspb_post_css":"","pgc_sgb_lightbox_settings":"","footnotes":""},"class_list":["post-2267","page","type-page","status-publish","has-post-thumbnail","hentry"],"blocksy_meta":{"page_structure_type":"type-1","styles_descriptor":{"styles":{"desktop":"","tablet":"","mobile":""},"google_fonts":[],"version":6}},"_links":{"self":[{"href":"https:\/\/dermaaestheticslondon.com\/tr\/wp-json\/wp\/v2\/pages\/2267","targetHints":{"allow":["GET"]}}],"collection":[{"href":"https:\/\/dermaaestheticslondon.com\/tr\/wp-json\/wp\/v2\/pages"}],"about":[{"href":"https:\/\/dermaaestheticslondon.com\/tr\/wp-json\/wp\/v2\/types\/page"}],"author":[{"embeddable":true,"href":"https:\/\/dermaaestheticslondon.com\/tr\/wp-json\/wp\/v2\/users\/2"}],"replies":[{"embeddable":true,"href":"https:\/\/dermaaestheticslondon.com\/tr\/wp-json\/wp\/v2\/comments?post=2267"}],"version-history":[{"count":5,"href":"https:\/\/dermaaestheticslondon.com\/tr\/wp-json\/wp\/v2\/pages\/2267\/revisions"}],"predecessor-version":[{"id":2496,"href":"https:\/\/dermaaestheticslondon.com\/tr\/wp-json\/wp\/v2\/pages\/2267\/revisions\/2496"}],"wp:featuredmedia":[{"embeddable":true,"href":"https:\/\/dermaaestheticslondon.com\/tr\/wp-json\/wp\/v2\/media\/2410"}],"wp:attachment":[{"href":"https:\/\/dermaaestheticslondon.com\/tr\/wp-json\/wp\/v2\/media?parent=2267"}],"curies":[{"name":"wp","href":"https:\/\/api.w.org\/{rel}","templated":true}]}}