{"id":2268,"date":"2024-06-17T12:00:26","date_gmt":"2024-06-17T11:00:26","guid":{"rendered":"https:\/\/dermaaestheticslondon.com\/wordpress\/endolift-london\/"},"modified":"2025-01-30T12:57:17","modified_gmt":"2025-01-30T12:57:17","slug":"endolift-london","status":"publish","type":"page","link":"https:\/\/dermaaestheticslondon.com\/tr\/endolift-london\/","title":{"rendered":"Endolift Londra"},"content":{"rendered":"<p>\u0130le&nbsp;<strong>Endolift Londra<\/strong>, cerrahi y\u00fcz germenin t\u00fcm faydalar\u0131n\u0131 iyile\u015fme s\u00fcreci olmadan g\u00f6rebilirsiniz. Derma Aesthetics London&#039;daki uzmanlarla bu tedavinin an\u0131nda ve uzun vadeli sonu\u00e7lar g\u00f6rmenize nas\u0131l yard\u0131mc\u0131 olabilece\u011fi hakk\u0131nda konu\u015fun.&nbsp;<\/p>\n\n\n\n<p>The&nbsp;<a href=\"\/tr\/treatments\/endolift\/\" data-type=\"treatment\" data-id=\"2202\">Endolift<\/a>&nbsp;prosed\u00fcr, cilt kald\u0131rma ve cilt s\u0131k\u0131la\u015ft\u0131rma tedavisi olarak i\u015flev g\u00f6ren olduk\u00e7a yeni bir cerrahi olmayan tedavidir. Ayr\u0131ca \u00e7ene alt\u0131ndaki ve v\u00fccudun di\u011fer b\u00f6lgelerindeki inat\u00e7\u0131 ya\u011flar\u0131 eritmek i\u00e7in de \u00e7al\u0131\u015f\u0131r, bu da onu harika bir ya\u011f azaltma tedavisi haline getirir.&nbsp;<\/p>\n\n\n\n<p>Endolift tedavisiyle, do\u011fal ya\u015flanma s\u00fcrecinin gev\u015fek deri ve a\u015f\u0131r\u0131 ya\u011f cepleri b\u0131rakt\u0131\u011f\u0131 b\u00f6lgeleri \u015fekillendirmeye ve gen\u00e7le\u015ftirmeye yard\u0131mc\u0131 olabiliriz. Sonu\u00e7 olarak, daha gen\u00e7 ve \u0131\u015f\u0131lt\u0131l\u0131 bir g\u00f6r\u00fcn\u00fcme kavu\u015facaks\u0131n\u0131z.&nbsp;<\/p>\n\n\n\n<p>Derma Aesthetics London&#039;da, istedi\u011finiz g\u00f6r\u00fcn\u00fcme g\u00fcvenli ve etkili bir \u015fekilde ula\u015fman\u0131za yard\u0131mc\u0131 olabilecek t\u0131p uzmanlar\u0131n\u0131n g\u00fcvenli ellerinde olacaks\u0131n\u0131z. A\u015f\u0131r\u0131 ya\u011flar\u0131 azaltmak, \u00e7izgileri ve k\u0131r\u0131\u015f\u0131kl\u0131klar\u0131 hedeflemek veya fazla deriyi s\u0131k\u0131la\u015ft\u0131rmak istiyorsan\u0131z, Endolift tedavisiyle oraya ula\u015fman\u0131za yard\u0131mc\u0131 olabiliriz.&nbsp;<\/p>\n\n\n\n<p><a href=\"https:\/\/dermaaestheticslondon.com\/tr\/contact\/\">DANI\u015eMA RANDEVUSU ALIN<\/a><\/p>\n\n\n\n<figure class=\"wp-block-image size-full\"><img decoding=\"async\" width=\"602\" height=\"602\" src=\"https:\/\/dermaaestheticslondon.com\/wordpress\/wp-content\/uploads\/2024\/04\/endolift-london-before-after.webp\" alt=\"endolift london before after\" class=\"wp-image-2205\" srcset=\"https:\/\/dermaaestheticslondon.com\/wordpress\/wp-content\/uploads\/2024\/04\/endolift-london-before-after.webp 602w, https:\/\/dermaaestheticslondon.com\/wordpress\/wp-content\/uploads\/2024\/04\/endolift-london-before-after-300x300.webp 300w, https:\/\/dermaaestheticslondon.com\/wordpress\/wp-content\/uploads\/2024\/04\/endolift-london-before-after-150x150.webp 150w\" sizes=\"(max-width: 602px) 100vw, 602px\" \/><figcaption class=\"wp-element-caption\">Endolift Londra \u2013 \u00f6ncesi \/ sonras\u0131<\/figcaption><\/figure>\n\n\n\n<h2 class=\"wp-block-heading\" id=\"what-is-endolift-treatment\">Endolift tedavisi nedir?<\/h2>\n\n\n\n<p>Bazen aktif bir ya\u015fam tarz\u0131n\u0131z olsa ve sa\u011fl\u0131kl\u0131 bir diyet uygulasan\u0131z bile, yine de v\u00fccutta bir t\u00fcrl\u00fc kaybolmayan fazla ya\u011f b\u00f6lgeleri g\u00f6rebilirsiniz.<\/p>\n\n\n\n<p>Di\u011fer v\u00fccut \u015fekillendirme tedavileri buna yard\u0131mc\u0131 olabilirken, yard\u0131mc\u0131 olamayacaklar\u0131 \u015fey di\u011fer cilt sorunlar\u0131d\u0131r. Bunlar, orta d\u00fczeyde cilt gev\u015fekli\u011fi, sark\u0131k cilt ve d\u00fczensiz cilt dokusu gibi ya\u015flanma s\u00fcreciyle birlikte ortaya \u00e7\u0131kabilen sorunlard\u0131r. Endolift prosed\u00fcrlerinin yard\u0131mc\u0131 olabilece\u011fi yer buras\u0131d\u0131r.&nbsp;<\/p>\n\n\n\n<p>Endolift tedavisi minimal invaziv bir lazer prosed\u00fcr\u00fcd\u00fcr. Lazer enerjisi, y\u00fcz ve boynun belirli b\u00f6lgelerindeki a\u015f\u0131r\u0131 ya\u011f h\u00fccrelerini ve cilt gev\u015fekli\u011fini hedef almak ve azaltmak i\u00e7in tasarlanm\u0131\u015ft\u0131r.&nbsp;<\/p>\n\n\n\n<p>Cerrahi y\u00fcz germe i\u015flemleriyle kar\u015f\u0131la\u015ft\u0131r\u0131ld\u0131\u011f\u0131nda Endolift tedavisi, kesi veya iyile\u015fme s\u00fcreci gerektirmeden cilt s\u0131k\u0131la\u015ft\u0131rma ve cilt gen\u00e7le\u015ftirme sonu\u00e7lar\u0131 sa\u011flar. Ayr\u0131ca hem y\u00fczeysel cilt katmanlar\u0131n\u0131 hem de cildin derin katmanlar\u0131n\u0131 hedefler. Bu, k\u0131r\u0131\u015f\u0131kl\u0131klar\u0131, ince \u00e7izgileri ve sark\u0131k cildi azaltmaya yard\u0131mc\u0131 olan kolajen \u00fcretimini uyarmaya yard\u0131mc\u0131 olur.&nbsp;<\/p>\n\n\n\n<h2 class=\"wp-block-heading\" id=\"the-benefits-of-endolift-london\">Endolift London&#039;un faydalar\u0131<\/h2>\n\n\n\n<ul class=\"wp-block-list\">\n<li>Bu bir&nbsp;<strong>yenilik\u00e7i lazer tedavisi<\/strong>&nbsp;cerrahi kald\u0131rma veya liposuction&#039;a alternatif olarak hareket eder. Cildin derin ve y\u00fczeysel katmanlar\u0131n\u0131 yeniden \u015fekillendirmeye yard\u0131mc\u0131 olur<\/li>\n\n\n\n<li><strong>Kolajen \u00fcretimini art\u0131r\u0131r<\/strong>&nbsp;\u2013 lazerle uyar\u0131lm\u0131\u015f se\u00e7ici \u0131s\u0131y\u0131 kullanarak cildin daha derin katmanlar\u0131n\u0131 hedef al\u0131r. Bu, ciltte yeni kolajeni uyar\u0131r ve bu da cildi s\u0131k\u0131la\u015ft\u0131r\u0131r ve g\u00fc\u00e7lendirir<\/li>\n\n\n\n<li><strong>Cilt dokusunun s\u0131k\u0131la\u015ft\u0131r\u0131lmas\u0131<\/strong>&nbsp;\u2013 lazer enerjisinden gelen \u0131s\u0131 ayn\u0131 zamanda mevcut kolajen liflerinin b\u00fcz\u00fclmesine neden olur. Sonu\u00e7 \u2013 an\u0131nda cilt s\u0131k\u0131la\u015fmas\u0131n\u0131n olu\u015ftu\u011funu g\u00f6receksiniz.<\/li>\n\n\n\n<li><strong>Ya\u011f azaltma<\/strong>&nbsp;\u2013 g\u0131d\u0131 ve sark\u0131k yanak gibi ya\u011f yak\u0131m\u0131n\u0131n zor oldu\u011fu b\u00f6lgelerdeki inat\u00e7\u0131 ya\u011flar\u0131 hedef al\u0131r ve eritir.<\/li>\n\n\n\n<li><strong>Cildinizin dokusunu iyile\u015ftirir<\/strong>&nbsp;\u2013 \u00c7izgileri, k\u0131r\u0131\u015f\u0131kl\u0131klar\u0131 ve ya\u015flanman\u0131n di\u011fer g\u00f6zle g\u00f6r\u00fcl\u00fcr belirtilerini azaltarak cildinizin dokusunun p\u00fcr\u00fczs\u00fczle\u015fmesine yard\u0131mc\u0131 olur.<\/li>\n<\/ul>\n\n\n\n<h3 class=\"wp-block-heading\" id=\"where-can-i-have-the-endolift-skin-tightening-treatment\">Endolift cilt s\u0131k\u0131la\u015ft\u0131rma tedavisini nerede yapt\u0131rabilirim?<\/h3>\n\n\n\n<p>Endolift, y\u00fcz ve v\u00fccudun farkl\u0131 b\u00f6lgelerini tedavi etmeye yard\u0131mc\u0131 olmak i\u00e7in kulland\u0131\u011f\u0131m\u0131z \u00e7ok y\u00f6nl\u00fc bir tedavidir. D\u00fc\u015f\u00fck ila orta d\u00fczeyde cilt gev\u015fekli\u011fi ve inat\u00e7\u0131 ya\u011f cepleri ya\u015fayan b\u00f6lgeler i\u00e7in en faydal\u0131d\u0131r. Bunlar \u015funlar\u0131 i\u00e7erir:<\/p>\n\n\n\n<ul class=\"wp-block-list\">\n<li>Orta ve alt y\u00fcz<\/li>\n\n\n\n<li>\u00c7ene ve \u00e7ene hatt\u0131n\u0131n alt\u0131nda<\/li>\n\n\n\n<li>Al\u0131n ve ka\u015f b\u00f6lgesi<\/li>\n\n\n\n<li>Boyun<\/li>\n\n\n\n<li>Kar\u0131n<\/li>\n\n\n\n<li>\u0130\u00e7 uyluklar<\/li>\n\n\n\n<li>\u00dcst kollar<\/li>\n\n\n\n<li>Dizler<\/li>\n\n\n\n<li>Ayak bilekleri<\/li>\n<\/ul>\n\n\n\n<p>Endolift sonu\u00e7lar\u0131n\u0131n di\u011fer daha invaziv tedavilerden daha do\u011fal g\u00f6r\u00fcnd\u00fc\u011f\u00fcn\u00fc g\u00f6receksiniz. Neden bizimkine bir g\u00f6z atm\u0131yorsunuz?\u00a0<a href=\"https:\/\/dermaaestheticslondon.com\/tr\/treatments\/endolift\/\" data-type=\"treatment\" data-id=\"2202\">tedavi sayfas\u0131<\/a>\u00a0Etkileyici Endolift \u00f6ncesi ve sonras\u0131 resimleri i\u00e7in?\u00a0<\/p>\n\n\n\n<p>Endolift&#039;in insan v\u00fccudundan b\u00fcy\u00fck miktarda fazla ya\u011f\u0131 \u00e7\u0131karmak i\u00e7in tasarlanmad\u0131\u011f\u0131n\u0131 belirtmek \u00f6nemlidir. Ayr\u0131ca sa\u011fl\u0131kl\u0131 beslenmenin ve egzersiz yapman\u0131n yerini almak i\u00e7in de burada de\u011fildir. E\u011fer endi\u015feniz buysa l\u00fctfen yerel pratisyen hekiminizle g\u00f6r\u00fc\u015f\u00fcn.<\/p>\n\n\n\n<h2 class=\"wp-block-heading\" id=\"how-does-the-endolift-procedure-work\">Endolift i\u015flemi nas\u0131l uygulan\u0131r?<\/h2>\n\n\n\n<p>Endolift tedavinizi Londra&#039;daki klini\u011fimizde t\u0131bbi ekibimizden biriyle birlikte ger\u00e7ekle\u015ftireceksiniz. Tedavi, sa\u00e7 kadar ince bir lazer fiberi olan ve cildin alt\u0131na yerle\u015ftirdi\u011fimiz elde ta\u015f\u0131nan bir cihaz kullan\u0131r.&nbsp;<\/p>\n\n\n\n<p>Daha sonra, lazerle olu\u015fturulan se\u00e7ici \u0131s\u0131, tedavi edilen b\u00f6lgedeki mikroskobik giri\u015f deliklerinden \u00e7\u0131kan ya\u011f\u0131 eritir. Bu, an\u0131nda cilt geri \u00e7ekilmesine yol a\u00e7ar ve bu da cilt gev\u015fekli\u011fini azalt\u0131r. Bu tedaviyle olu\u015fturulan cilt s\u0131k\u0131la\u015ft\u0131rma, tedavide kulland\u0131\u011f\u0131m\u0131z lazer enerjisinin se\u00e7icili\u011fiyle ba\u011flant\u0131l\u0131d\u0131r.<\/p>\n\n\n\n<p>Tedavinin ne kadar s\u00fcrece\u011fi, tedaviyi ka\u00e7 b\u00f6lgeye yapt\u0131rd\u0131\u011f\u0131n\u0131za ba\u011fl\u0131 olacakt\u0131r. Y\u00fcz\u00fcn\u00fcz\u00fcn bir b\u00f6lgesi i\u00e7in 10 dakika kadar k\u0131sa veya t\u00fcm y\u00fcz i\u00e7in bir saate kadar s\u00fcrebilir. \u0130yi haber \u015fu ki, minimum iyile\u015fme s\u00fcresi vard\u0131r, b\u00f6ylece birka\u00e7 saat i\u00e7inde normal aktivitelerinize geri d\u00f6nebilirsiniz.<\/p>\n\n\n\n<h2 class=\"wp-block-heading\" id=\"what-results-can-i-expect\">Hangi sonu\u00e7lar\u0131 bekleyebilirim?<\/h2>\n\n\n\n<p>\u00c7o\u011fu hasta Endolift tedavinizden hemen g\u00f6zle g\u00f6r\u00fcl\u00fcr sonu\u00e7lar g\u00f6r\u00fcr. Yeni kolajen cildin daha derin katmanlar\u0131nda b\u00fcy\u00fcmeye devam edece\u011finden, birka\u00e7 ay i\u00e7inde iyile\u015fmeye devam edecektir. Nihai sonu\u00e7 genellikle tedavinizden alt\u0131 ay sonra elde edilir.&nbsp;<\/p>\n\n\n\n<p>Baz\u0131 hastalar sadece bir tedaviye ihtiya\u00e7 duyar; ancak baz\u0131lar\u0131n\u0131n en iyi ya\u011f azaltma ve cilt sertle\u015ftirme sonu\u00e7lar\u0131n\u0131 g\u00f6rmek i\u00e7in bir tedavi s\u00fcrecine ihtiyac\u0131 olabilir. Doktorunuz bunu kons\u00fcltasyonunuz s\u0131ras\u0131nda tart\u0131\u015facak ve sizin i\u00e7in i\u015fe yarayacak ki\u015fiselle\u015ftirilmi\u015f bir tedavi plan\u0131 geli\u015ftirecektir.&nbsp;<\/p>\n\n\n\n<p>Sonu\u00e7lar\u0131n\u0131z 1-2 y\u0131l veya daha uzun s\u00fcrebilir. Ancak bu birka\u00e7 fakt\u00f6re ba\u011fl\u0131 olacakt\u0131r. Bunlara ya\u015f\u0131n\u0131z, ya\u015fam tarz\u0131n\u0131z, cilt durumunuz ve ne kadar g\u00fcne\u015fe maruz kald\u0131\u011f\u0131n\u0131z dahildir. Tedavi ciltte yeni kolajen \u00fcretse de ya\u015flanma s\u00fcrecini durdurmaz ve bu da zamanla sonu\u00e7lar\u0131n\u0131z\u0131 etkileyebilir.<\/p>\n\n\n\n<h2 class=\"wp-block-heading\" id=\"choose-the-experts-in-skin-tightening-and-skin-rejuvenation-in-london\">Londra&#039;da Cilt s\u0131k\u0131la\u015ft\u0131rma ve cilt gen\u00e7le\u015ftirme konusunda uzmanlar\u0131 se\u00e7in<\/h2>\n\n\n\n<p>Londra&#039;daki en iyi cerrahi olmayan tedaviler i\u00e7in Derma Aesthetics London uzmanlar\u0131ndan ba\u015fkas\u0131na bakmay\u0131n. Kozmetik profesyonellerinden olu\u015fan ekibimiz, hastalar\u0131n en iyi sonu\u00e7lar\u0131 elde etmelerine yard\u0131mc\u0131 olmak konusunda y\u0131llar\u0131n deneyimine sahiptir. Eskisinden daha s\u0131k\u0131, daha gen\u00e7 ve daha parlak g\u00f6r\u00fcnen bir cilde sahip olman\u0131za yard\u0131mc\u0131 olabiliriz.&nbsp;<\/p>\n\n\n\n<p>Her hastaya yakla\u015f\u0131m \u015feklimizde ki\u015fisel bir yakla\u015f\u0131m benimsiyoruz. Bu, cildinizi, t\u0131bbi ge\u00e7mi\u015finizi de\u011ferlendirebilece\u011fimiz ve sizinle neyi ba\u015farmay\u0131 umdu\u011funuz hakk\u0131nda konu\u015fabilece\u011fimiz derinlemesine bir kons\u00fcltasyonla ba\u015flar.&nbsp;<\/p>\n\n\n\n<p>\u00c7o\u011fu hasta Endolift tedavisi i\u00e7in uygundur. Ancak hamileyseniz, emziriyorsan\u0131z, cilt enfeksiyonunuz varsa veya antibiyotik kullan\u0131yorsan\u0131z, alternatif bir tedavi y\u00f6ntemi \u00f6nerece\u011fiz. Bir sonraki ad\u0131mlar\u0131 atmaya haz\u0131rsan\u0131z, bug\u00fcn Londra&#039;daki ekibimizle ileti\u015fime ge\u00e7in.&nbsp;<\/p>\n\n\n\n<p><a href=\"https:\/\/dermaaestheticslondon.com\/tr\/contact\/\">\u0130LET\u0130\u015e\u0130ME GE\u00c7\u0130N<\/a><\/p>\n\n\n\n<h2 class=\"wp-block-heading\" id=\"how-to-find-our-clinic-in-central-london\">Londra&#039;n\u0131n merkezindeki klini\u011fimizi nas\u0131l bulabilirsiniz?<\/h2>\n\n\n\n<p>Derma Aesthetics London klini\u011fi, \u00e7ok say\u0131da \u00f6zel sa\u011fl\u0131k ve estetik t\u0131p uzman\u0131n\u0131n bulundu\u011fu Harley Street&#039;te yer almaktad\u0131r. Ayr\u0131ca Oxford Street&#039;e k\u0131sa bir y\u00fcr\u00fcy\u00fc\u015f mesafesindeyiz, b\u00f6ylece tedavinizden sonra al\u0131\u015fveri\u015fin tad\u0131n\u0131 \u00e7\u0131karabilirsiniz.&nbsp;<\/p>\n\n\n\n<p>Oxford Circus Metro \u0130stasyonu&#039;na on dakikal\u0131k y\u00fcr\u00fcme mesafesindeyiz. Arabayla seyahat ediyorsan\u0131z, Harley Street&#039;te bol miktarda \u00fccretli ve g\u00f6r\u00fcnt\u00fcl\u00fc park yeri mevcuttur.&nbsp;<\/p>\n\n\n\n<h3 class=\"wp-block-heading\" id=\"address\">Adres<\/h3>\n\n\n\n<p>39 Harley St, Londra, W1G 8QH<\/p>\n\n\n<style><\/style><style><\/style>\n<iframe src=\"https:\/\/www.google.com\/maps\/embed?pb=!1m14!1m8!1m3!1d9930.899153256332!2d-0.1468513!3d51.5182649!3m2!1i1024!2i768!4f13.1!3m3!1m2!1s0x487611e416322439%3A0xb84cf932b11cbe62!2sDerma%20Aesthetics%20London!5e0!3m2!1sen!2suk!4v1699790340707!5m2!1sen!2suk\" width=\"600\" height=\"450\" style=\"border:0;\" allowfullscreen=\"\" loading=\"lazy\" referrerpolicy=\"no-referrer-when-downgrade\"><\/iframe>","protected":false},"excerpt":{"rendered":"<p>Endolift London yeni bir lazer tedavisi t\u00fcr\u00fcd\u00fcr. Cildi s\u0131k\u0131la\u015ft\u0131rmak ve g\u00fc\u00e7lendirmek i\u00e7in \u00e7al\u0131\u015f\u0131rken ayn\u0131 zamanda ya\u011f b\u00f6lgelerini de azalt\u0131r. Bug\u00fcn klini\u011fimizle ileti\u015fime ge\u00e7in.<\/p>","protected":false},"author":2,"featured_media":2205,"parent":0,"menu_order":70,"comment_status":"closed","ping_status":"closed","template":"","meta":{"_gspb_post_css":"","pgc_sgb_lightbox_settings":"","footnotes":""},"class_list":["post-2268","page","type-page","status-publish","has-post-thumbnail","hentry"],"blocksy_meta":{"page_structure_type":"type-1","styles_descriptor":{"styles":{"desktop":"","tablet":"","mobile":""},"google_fonts":[],"version":6}},"_links":{"self":[{"href":"https:\/\/dermaaestheticslondon.com\/tr\/wp-json\/wp\/v2\/pages\/2268","targetHints":{"allow":["GET"]}}],"collection":[{"href":"https:\/\/dermaaestheticslondon.com\/tr\/wp-json\/wp\/v2\/pages"}],"about":[{"href":"https:\/\/dermaaestheticslondon.com\/tr\/wp-json\/wp\/v2\/types\/page"}],"author":[{"embeddable":true,"href":"https:\/\/dermaaestheticslondon.com\/tr\/wp-json\/wp\/v2\/users\/2"}],"replies":[{"embeddable":true,"href":"https:\/\/dermaaestheticslondon.com\/tr\/wp-json\/wp\/v2\/comments?post=2268"}],"version-history":[{"count":7,"href":"https:\/\/dermaaestheticslondon.com\/tr\/wp-json\/wp\/v2\/pages\/2268\/revisions"}],"predecessor-version":[{"id":2469,"href":"https:\/\/dermaaestheticslondon.com\/tr\/wp-json\/wp\/v2\/pages\/2268\/revisions\/2469"}],"wp:featuredmedia":[{"embeddable":true,"href":"https:\/\/dermaaestheticslondon.com\/tr\/wp-json\/wp\/v2\/media\/2205"}],"wp:attachment":[{"href":"https:\/\/dermaaestheticslondon.com\/tr\/wp-json\/wp\/v2\/media?parent=2268"}],"curies":[{"name":"wp","href":"https:\/\/api.w.org\/{rel}","templated":true}]}}