{"id":2269,"date":"2024-06-17T13:00:26","date_gmt":"2024-06-17T12:00:26","guid":{"rendered":"https:\/\/dermaaestheticslondon.com\/wordpress\/endolift-london-2\/"},"modified":"2025-01-30T12:56:46","modified_gmt":"2025-01-30T12:56:46","slug":"best-jawline-filler-london","status":"publish","type":"page","link":"https:\/\/dermaaestheticslondon.com\/tr\/best-jawline-filler-london\/","title":{"rendered":"En \u0130yi \u00c7ene Dolgusu Londra"},"content":{"rendered":"<p>\u0130\u00e7in&nbsp;<strong>Londra&#039;daki en iyi \u00e7ene dolgusu<\/strong>, Derma Aesthetics London&#039;daki dermal dolgu tedavisi uzmanlar\u0131ndan ba\u015fkas\u0131na bakmay\u0131n.&nbsp;<\/p>\n\n\n\n<p>Londra&#039;n\u0131n kalbinde, g\u00fcvenli ve etkili bir hizmet sunan doktor liderli\u011findeki bir klini\u011fiz.\u00a0<a href=\"https:\/\/dermaaestheticslondon.com\/tr\/treatments\/jawline-filler\/\" data-type=\"treatment\" data-id=\"1095\">\u00e7ene dolgusu tedavisi<\/a>\u00a0erkek ve kad\u0131n hastalar i\u00e7in. \u00c7ene dolgular\u0131 ile profesyonel ekibimiz daha \u015fekillendirilmi\u015f ve belirgin bir \u00e7ene ve \u00e7ene b\u00f6lgesine kavu\u015fman\u0131za yard\u0131mc\u0131 olabilir.\u00a0<\/p>\n\n\n\n<p>Hastalar\u0131m\u0131zla birlikte \u00e7al\u0131\u015farak, onlar\u0131n \u00f6zel ihtiya\u00e7lar\u0131n\u0131 kar\u015f\u0131layacak, ki\u015fiye \u00f6zel bir \u00e7ene dolgusu tedavi paketi geli\u015ftiriyoruz. Bu, y\u00fcz profilinizi iyile\u015ftirmek i\u00e7in \u00e7ene dolgular\u0131n\u0131 da i\u00e7erebilir. Y\u00fcz hatlar\u0131n\u0131za uyum getirmek veya daha gen\u00e7 bir g\u00f6r\u00fcn\u00fcm yaratmak istiyorsan\u0131z, bunu ba\u015farman\u0131za yard\u0131mc\u0131 olabiliriz.&nbsp;<\/p>\n\n\n\n<p>Dermal \u00e7ene dolgusunun sizin i\u00e7in nas\u0131l i\u015fe yarayabilece\u011fi hakk\u0131nda daha fazla bilgi edinmeye haz\u0131rsan\u0131z, Londra cilt klini\u011fimizde randevu al\u0131n.&nbsp;<\/p>\n\n\n\n<p><a href=\"https:\/\/dermaaestheticslondon.com\/tr\/contact\/\">RANDEVU ALIN<\/a><\/p>\n\n\n\n<figure class=\"wp-block-image size-full\"><img decoding=\"async\" width=\"1024\" height=\"1024\" src=\"https:\/\/dermaaestheticslondon.com\/wordpress\/wp-content\/uploads\/2024\/06\/best-jawline-filler-london-before-after.webp\" alt=\"best jawline filler london before after\" class=\"wp-image-2455\" srcset=\"https:\/\/dermaaestheticslondon.com\/wordpress\/wp-content\/uploads\/2024\/06\/best-jawline-filler-london-before-after.webp 1024w, https:\/\/dermaaestheticslondon.com\/wordpress\/wp-content\/uploads\/2024\/06\/best-jawline-filler-london-before-after-300x300.webp 300w, https:\/\/dermaaestheticslondon.com\/wordpress\/wp-content\/uploads\/2024\/06\/best-jawline-filler-london-before-after-150x150.webp 150w, https:\/\/dermaaestheticslondon.com\/wordpress\/wp-content\/uploads\/2024\/06\/best-jawline-filler-london-before-after-768x768.webp 768w\" sizes=\"(max-width: 1024px) 100vw, 1024px\" \/><figcaption class=\"wp-element-caption\">en iyi \u00e7ene dolgusu londra \u00f6ncesi sonras\u0131<\/figcaption><\/figure>\n\n\n\n<h2 class=\"wp-block-heading\" id=\"what-is-jawline-filler-treatment\">\u00c7ene dolgusu tedavisi nedir?<\/h2>\n\n\n\n<p>Giderek daha fazla hasta \u00e7ene ve \u00e7ene hatt\u0131 cerrahisinden uzakla\u015f\u0131p \u00e7ene hatt\u0131 dolgular\u0131na y\u00f6neliyor. Bunun nedeni \u00e7ene dolgular\u0131n\u0131n ve \u00e7ene dolgular\u0131n\u0131n iyile\u015fme s\u00fcreci olmadan do\u011fal g\u00f6r\u00fcn\u00fcml\u00fc sonu\u00e7lar sa\u011flamas\u0131d\u0131r. Ayr\u0131ca yo\u011fun bir programa kolayca s\u0131\u011fd\u0131r\u0131labilirler ve yara izi gibi ameliyat komplikasyonlar\u0131 ile birlikte gelmezler.&nbsp;<\/p>\n\n\n\n<p>\u00c7ene dolgusu tedavisi veya \u00e7ene dolgular\u0131, en h\u0131zl\u0131 b\u00fcy\u00fcyen kozmetik tedavilerden biridir. Alt y\u00fczdeki hacmi geri kazand\u0131rmak ve \u00e7ene ve \u00e7ene hatt\u0131na daha fazla tan\u0131m eklemek i\u00e7in dermal dolgular kullan\u0131rlar. Ayr\u0131ca, sark\u0131k yanaklar\u0131 azaltmak i\u00e7in \u00e7ene hatt\u0131n\u0131n etraf\u0131ndaki cildi dolgunla\u015ft\u0131rmak ve kald\u0131rmak i\u00e7in de i\u015fe yarayabilir.&nbsp;<\/p>\n\n\n\n<h3 class=\"wp-block-heading\" id=\"more-about-dermal-filler-treatment\">Dermal dolgu tedavisi hakk\u0131nda daha fazla bilgi&nbsp;<\/h3>\n\n\n\n<p>Dermal dolgular, cildi nemlendirmek, dolgunla\u015ft\u0131rmak ve gen\u00e7 bir \u0131\u015f\u0131lt\u0131 katmak i\u00e7in jel benzeri bir madde kullanan enjekte edilebilir bir tedavidir. Ana bile\u015fenleri, v\u00fccutta do\u011fal olarak bulunan bir madde olan hyaluronik asittir.&nbsp;<\/p>\n\n\n\n<p>Ya\u015fland\u0131k\u00e7a cildimizdeki hyaluronik asit seviyelerini kaybederiz. Bu y\u00fczden sark\u0131k cilt, donuk bir cilt ve \u00e7izgiler ve k\u0131r\u0131\u015f\u0131kl\u0131klar g\u00f6rmeye ba\u015flar\u0131z. Dermal dolgu tedavisi cildinizdeki nemi art\u0131rmaya ve hyaluronik asit seviyelerini geri kazand\u0131rmaya yard\u0131mc\u0131 olur. Bu, cildinizin g\u00fcc\u00fcn\u00fc ve yap\u0131s\u0131n\u0131 iyile\u015ftirir.&nbsp;<\/p>\n\n\n\n<p>\u00c7ene dolgusu tedavisi, Derma Aesthetics London&#039;da sundu\u011fumuz dermal dolgu se\u00e7eneklerinden sadece biridir. Hastalar\u0131m\u0131z\u0131n \u00e7o\u011fu, zay\u0131f bir \u00e7ene ve \u00e7ene hatt\u0131n\u0131 \u015fekillendirmeye yard\u0131mc\u0131 olmak i\u00e7in \u00e7ene hatt\u0131 dolgular\u0131n\u0131 \u00e7ene dolgusu tedavisiyle birle\u015ftirmeyi tercih ediyor. Ayr\u0131ca \u015funlar\u0131 da sunuyoruz: <a href=\"https:\/\/dermaaestheticslondon.com\/tr\/treatments\/#derma-fillers\">dermal dolgu tedavileri<\/a>:<\/p>\n\n\n\n<ul class=\"wp-block-list\">\n<li>Dudak dolgusu<\/li>\n\n\n\n<li>G\u00f6z alt\u0131 dolgular\u0131 (g\u00f6z alt\u0131 \u0131\u015f\u0131k dolgusu)<\/li>\n\n\n\n<li>Yanak Dolgusu<\/li>\n\n\n\n<li>Burun dolgusu veya ameliyats\u0131z rinoplasti<\/li>\n<\/ul>\n\n\n\n<h2 class=\"wp-block-heading\" id=\"chin-and-jawline-filler-treatments\">\u00c7ene ve \u00e7ene hatt\u0131 dolgu tedavileri<\/h2>\n\n\n\n<p>Zay\u0131f bir \u00e7ene hatt\u0131ndan muzdarip olan ki\u015filer ayn\u0131 zamanda zay\u0131f bir \u00e7eneye veya geriye do\u011fru yerle\u015fmi\u015f bir \u00e7eneye sahip olma e\u011filimindedir. Bu ayr\u0131ca yanak g\u00f6r\u00fcn\u00fcm\u00fcne de yol a\u00e7abilir. \u00c7ene dolgusu ve \u00e7ene hatt\u0131 dolgusunu birlikte kullanarak, alt y\u00fcz\u00fcn genel tan\u0131m\u0131n\u0131 ve yap\u0131s\u0131n\u0131 iyile\u015ftirmenize yard\u0131mc\u0131 olabiliriz.&nbsp;<\/p>\n\n\n\n<p>\u00c7ene dolgular\u0131 \u00e7enenin \u00e7\u0131k\u0131nt\u0131s\u0131n\u0131 art\u0131rabilir, \u00e7eneye daha fazla yap\u0131 ve \u015fekil verebilir ve \u00e7ift \u00e7eneyi azaltabilir. Bu iki dermal dolgu tedavisinin birle\u015fimi y\u00fcz uyumunu geri kazand\u0131rmak ve size gen\u00e7 bir \u00e7ene hatt\u0131 ve \u00e7ene sa\u011flamak i\u00e7in harikad\u0131r.&nbsp;<\/p>\n\n\n\n<p>Hangi dermal dolgu tedavisinin sizin i\u00e7in uygun oldu\u011fundan emin de\u011filseniz, l\u00fctfen bug\u00fcn klini\u011fimizle ileti\u015fime ge\u00e7erek ekibimizin bir \u00fcyesiyle g\u00f6r\u00fc\u015f\u00fcn.&nbsp;<\/p>\n\n\n\n<p><a href=\"https:\/\/dermaaestheticslondon.com\/tr\/contact\/\">B\u0130ZE ULA\u015eIN<\/a><\/p>\n\n\n\n<h3 class=\"wp-block-heading\" id=\"what-to-expect-during-jawline-filler-treatments-london\">Londra&#039;da \u00e7ene hatt\u0131 dolgusu tedavileri s\u0131ras\u0131nda neler beklenebilir?<\/h3>\n\n\n\n<p>\u00c7ene dolgular\u0131 ve \u00e7ene dolgular\u0131 yaln\u0131zca deneyimli estetik doktorlar taraf\u0131ndan yap\u0131lmal\u0131d\u0131r. Bu nedenle ilk ad\u0131m\u0131n\u0131z Londra klini\u011fimizde Dr. Raja ile bir kons\u00fcltasyona gitmektir. \u00c7enenizi ve \u00e7ene hatt\u0131n\u0131z\u0131 de\u011ferlendirmek, t\u0131bbi ge\u00e7mi\u015finize bakmak ve \u00e7ene hatt\u0131 dolgusu tedavisi hakk\u0131nda sizinle konu\u015fmak i\u00e7in zaman ay\u0131racakt\u0131r.<\/p>\n\n\n\n<p>\u00c7ene dolgusu randevunuzun oldu\u011fu g\u00fcn, klini\u011fe makyajs\u0131z bir ciltle gelmenizi rica ediyoruz. Bunun nedeni, makyaj\u0131n enjeksiyon b\u00f6lgelerine bakteri sokabilmesi ve k\u0131zar\u0131kl\u0131k ve ka\u015f\u0131nt\u0131ya neden olabilmesidir.&nbsp;<\/p>\n\n\n\n<p>\u00c7ene dolgusu tedavilerinin tamamlanmas\u0131 30-60 dakika s\u00fcrer. Bu, ayn\u0131 zamanda \u00e7ene dolgusu yapt\u0131rmaya karar verip vermemenize de ba\u011fl\u0131 olacakt\u0131r. \u0130\u015flem, \u00e7ene ve \u00e7enedeki belirli noktalara dermal dolgu enjekte etmek i\u00e7in k\u00fc\u00e7\u00fck bir i\u011fne kullanmay\u0131 i\u00e7erir. Enjeksiyonu yapaca\u011f\u0131m\u0131z noktalar, elde etmeyi umdu\u011funuz g\u00f6r\u00fcn\u00fcme ba\u011fl\u0131 olacakt\u0131r.&nbsp;<\/p>\n\n\n\n<p>\u00c7ene dolgusu olduk\u00e7a rahat bir tedavidir. \u00c7ene dolgusunu enjekte etti\u011fimizde i\u011fnenin hafif bir \u00e7izilmesini ve \u00e7ekilmesini hissedeceksiniz. Tedaviniz s\u0131ras\u0131nda biraz daha fazla konfor istiyorsan\u0131z, \u00f6nce topikal bir uyu\u015fturma kremi uygulamay\u0131 g\u00f6r\u00fc\u015febiliriz.<\/p>\n\n\n\n<h2 class=\"wp-block-heading\" id=\"the-results-of-jawline-fillers-london\">Londra&#039;da \u00e7ene dolgular\u0131n\u0131n sonu\u00e7lar\u0131<\/h2>\n\n\n\n<p>Tedavinizden hemen sonra daha belirgin bir \u00e7ene hatt\u0131 ve \u015fekillendirilmi\u015f bir g\u00f6r\u00fcn\u00fcm g\u00f6receksiniz. Ancak, nihai sonu\u00e7lar\u0131n\u0131z\u0131 g\u00f6rmeden \u00f6nce \u00e7ene hatt\u0131 dolgusunun tamamen yerle\u015fmesi i\u00e7in iki hafta beklemeniz gerekecektir.<\/p>\n\n\n\n<p>\u00c7ene dolgusu tedavinizin sonucu yakla\u015f\u0131k 18 ay s\u00fcrebilir. Bu, v\u00fccudunuzun tedaviye nas\u0131l tepki verdi\u011fine ve v\u00fccudunuzun dolgular\u0131 ne kadar \u00e7abuk par\u00e7alad\u0131\u011f\u0131na ba\u011fl\u0131 olacakt\u0131r. Metabolizman\u0131z, diyetiniz ve ya\u015fam tarz\u0131n\u0131z gibi fakt\u00f6rler etkili olabilir.<\/p>\n\n\n\n<p>Hastalar\u0131m\u0131za 18 ayl\u0131k s\u0131n\u0131r\u0131n hemen \u00f6ncesinde bir tamamlama randevusu almalar\u0131n\u0131 \u00f6neriyoruz. Bu, harika sonu\u00e7lar\u0131n\u0131z\u0131 koruman\u0131za yard\u0131mc\u0131 olacakt\u0131r.<\/p>\n\n\n\n<h2 class=\"wp-block-heading\" id=\"after-jawline-filler-treatment\">\u00c7ene dolgusu tedavisinden sonra<\/h2>\n\n\n\n<p>Tedaviniz, dermal dolgu maddelerinin yan etkilerden ka\u00e7\u0131n\u0131larak g\u00fcvenli bir \u015fekilde nas\u0131l enjekte edilece\u011fini bilen, kalifiye doktorumuz Dr. Raja taraf\u0131ndan ger\u00e7ekle\u015ftirilecektir.&nbsp;<\/p>\n\n\n\n<p>Enjeksiyon b\u00f6lgelerinin etraf\u0131nda biraz k\u0131zar\u0131kl\u0131k ve morarma ya\u015fayabilirsiniz. Bu tamamen normaldir ve bir veya iki g\u00fcn i\u00e7inde ge\u00e7ecektir. Dr. Raja, cildinize iyi bakabilmeniz ve sonu\u00e7lar\u0131n\u0131zdan en iyi \u015fekilde yararlanabilmeniz i\u00e7in size sonras\u0131nda bak\u0131m tavsiyeleri verecektir.<\/p>\n\n\n\n<h2 class=\"wp-block-heading\" id=\"the-best-jawline-filler-treatment-in-london\">Londra&#039;daki en iyi \u00e7ene dolgusu tedavisi<\/h2>\n\n\n\n<p>\u00c7ene dolgusu tedavileriniz i\u00e7in, g\u00fcvenli\u011finizi ve refah\u0131n\u0131z\u0131 \u00f6n planda tutan bir cilt klini\u011fi se\u00e7mek istersiniz. Derma Aesthetics London&#039;da, t\u0131p uzmanlar\u0131m\u0131z\u0131n g\u00fcvenli ellerinde olacaks\u0131n\u0131z. Y\u00fcz anatomisini etkilemeden dermal dolgular\u0131 do\u011fru \u015fekilde nas\u0131l kullanaca\u011f\u0131m\u0131z\u0131 biliyoruz.&nbsp;<\/p>\n\n\n\n<p>Hastalar\u0131m\u0131za, g\u00f6r\u00fcn\u00fcmlerini de\u011fi\u015ftirmek yerine, do\u011fal g\u00fczelliklerini art\u0131ran do\u011fal g\u00f6r\u00fcn\u00fcml\u00fc sonu\u00e7lar sa\u011flamaya odaklan\u0131yoruz. Her hastayla birebir \u00e7al\u0131\u015farak, cilt tiplerine ve cilt sorunlar\u0131na uygun, ki\u015fiye \u00f6zel bir tedavi plan\u0131 sa\u011fl\u0131yoruz. Deste\u011fimizle, \u00e7ok daha belirgin ve gen\u00e7 bir \u00e7ene hatt\u0131na sahip olacaks\u0131n\u0131z.&nbsp;<\/p>\n\n\n\n<p>Ama sadece bizim s\u00f6z\u00fcm\u00fcze g\u00fcvenmeyin. Baz\u0131lar\u0131m\u0131za g\u00f6z at\u0131n&nbsp;<a href=\"https:\/\/www.google.com\/maps\/place\/Derma+Aesthetics+London\/@51.5182649,-0.1494262,17z\/data=!4m8!3m7!1s0x487611e416322439:0xb84cf932b11cbe62!8m2!3d51.5182649!4d-0.1468513!9m1!1b1!16s%2Fg%2F11k8fw972c?hl=en-US&amp;entry=ttu\" rel=\"nofollow noopener\" target=\"_blank\">hasta yorumlar\u0131<\/a>\u00e7ene dolgusu incelemeleri de dahil.&nbsp;<\/p>\n\n\n\n<p><a href=\"https:\/\/dermaaestheticslondon.com\/tr\/contact\/\">B\u0130ZE ULA\u015eIN<\/a><\/p>\n\n\n\n<h2 class=\"wp-block-heading\" id=\"how-to-find-our-central-london-clinic\">Merkezi Londra klini\u011fimizi nas\u0131l bulabilirsiniz?<\/h2>\n\n\n\n<p>Derma Aesthetics London klini\u011fini \u015fehrin kalbinde, Oxford Street&#039;e sadece birka\u00e7 dakika uzakl\u0131ktaki Harley Street&#039;te bulabilirsiniz.<\/p>\n\n\n\n<p>Oxford Circus Metro \u0130stasyonu&#039;na on dakikal\u0131k y\u00fcr\u00fcme mesafesindeyiz. Arabayla seyahat ediyorsan\u0131z, Harley Street&#039;te bol miktarda \u00fccretli ve g\u00f6r\u00fcnt\u00fcl\u00fc park yeri mevcuttur.<\/p>\n\n\n\n<h3 class=\"wp-block-heading\" id=\"address\">Adres<\/h3>\n\n\n\n<p>39 Harley St, Londra, W1G 8QH<\/p>\n\n\n<style><\/style><style><\/style>\n<iframe src=\"https:\/\/www.google.com\/maps\/embed?pb=!1m14!1m8!1m3!1d9930.899153256332!2d-0.1468513!3d51.5182649!3m2!1i1024!2i768!4f13.1!3m3!1m2!1s0x487611e416322439%3A0xb84cf932b11cbe62!2sDerma%20Aesthetics%20London!5e0!3m2!1sen!2suk!4v1699790340707!5m2!1sen!2suk\" width=\"600\" height=\"450\" style=\"border:0;\" allowfullscreen=\"\" loading=\"lazy\" referrerpolicy=\"no-referrer-when-downgrade\"><\/iframe>","protected":false},"excerpt":{"rendered":"<p>Londra&#039;daki en iyi \u00e7ene hatt\u0131 dolgusu i\u00e7in kozmetik doktorumuzla bir kons\u00fcltasyon randevusu al\u0131n. Daha belirgin ve \u015fekillendirilmi\u015f bir \u00e7ene hatt\u0131na kavu\u015fman\u0131za yard\u0131mc\u0131 olabiliriz.<\/p>","protected":false},"author":2,"featured_media":2455,"parent":0,"menu_order":80,"comment_status":"closed","ping_status":"closed","template":"","meta":{"_gspb_post_css":"","pgc_sgb_lightbox_settings":"","footnotes":""},"class_list":["post-2269","page","type-page","status-publish","has-post-thumbnail","hentry"],"blocksy_meta":{"page_structure_type":"type-1","styles_descriptor":{"styles":{"desktop":"","tablet":"","mobile":""},"google_fonts":[],"version":6}},"_links":{"self":[{"href":"https:\/\/dermaaestheticslondon.com\/tr\/wp-json\/wp\/v2\/pages\/2269","targetHints":{"allow":["GET"]}}],"collection":[{"href":"https:\/\/dermaaestheticslondon.com\/tr\/wp-json\/wp\/v2\/pages"}],"about":[{"href":"https:\/\/dermaaestheticslondon.com\/tr\/wp-json\/wp\/v2\/types\/page"}],"author":[{"embeddable":true,"href":"https:\/\/dermaaestheticslondon.com\/tr\/wp-json\/wp\/v2\/users\/2"}],"replies":[{"embeddable":true,"href":"https:\/\/dermaaestheticslondon.com\/tr\/wp-json\/wp\/v2\/comments?post=2269"}],"version-history":[{"count":6,"href":"https:\/\/dermaaestheticslondon.com\/tr\/wp-json\/wp\/v2\/pages\/2269\/revisions"}],"predecessor-version":[{"id":2459,"href":"https:\/\/dermaaestheticslondon.com\/tr\/wp-json\/wp\/v2\/pages\/2269\/revisions\/2459"}],"wp:featuredmedia":[{"embeddable":true,"href":"https:\/\/dermaaestheticslondon.com\/tr\/wp-json\/wp\/v2\/media\/2455"}],"wp:attachment":[{"href":"https:\/\/dermaaestheticslondon.com\/tr\/wp-json\/wp\/v2\/media?parent=2269"}],"curies":[{"name":"wp","href":"https:\/\/api.w.org\/{rel}","templated":true}]}}