{"id":2270,"date":"2024-03-21T13:06:27","date_gmt":"2024-03-21T13:06:27","guid":{"rendered":"https:\/\/dermaaestheticslondon.com\/wordpress\/face-slimming-london\/"},"modified":"2025-01-30T13:06:23","modified_gmt":"2025-01-30T13:06:23","slug":"face-slimming-london","status":"publish","type":"page","link":"https:\/\/dermaaestheticslondon.com\/tr\/face-slimming-london\/","title":{"rendered":"Y\u00fcz \u0130nceltme Londra"},"content":{"rendered":"<p>Ameliyata gerek kalmadan daha yumu\u015fak ve daha ince bir \u00e7ene hatt\u0131 m\u0131 istiyorsunuz? Derma Aesthetics London&#039;da, tedavimizle cevab\u0131m\u0131z var&nbsp;<strong>Londra&#039;da y\u00fcz inceltme<\/strong>.&nbsp;<\/p>\n\n\n\n<p><a href=\"https:\/\/dermaaestheticslondon.com\/tr\/treatments\/face-slimming\/\" data-type=\"treatment\" data-id=\"1337\">Y\u00fcz inceltme<\/a>&nbsp;veya y\u00fcz inceltme tedavisi y\u00fcz\u00fcn\u00fcz\u00fcn yan taraf\u0131ndaki masseter kaslar\u0131n\u0131z\u0131 hedeflemeye yard\u0131mc\u0131 olur. Kullanarak&nbsp;<a href=\"https:\/\/dermaaestheticslondon.com\/tr\/treatments\/anti-wrinkle-treatment\/\" data-type=\"treatment\" data-id=\"1315\">k\u0131r\u0131\u015f\u0131kl\u0131k kar\u015f\u0131t\u0131 enjeksiyonlar<\/a>Bu kaslar\u0131 yumu\u015fatarak kare \u015feklindeki y\u00fcz\u00fcm\u00fcz\u00fc daha \u00e7ok V \u015feklindeki bir y\u00fcze d\u00f6n\u00fc\u015ft\u00fcrebiliriz.&nbsp;<\/p>\n\n\n\n<p>Derma Aesthetics London&#039;da, masseter k\u0131r\u0131\u015f\u0131kl\u0131k kar\u015f\u0131t\u0131 tedavi konusunda uzmanla\u015f\u0131yoruz. Masseter kas\u0131na k\u0131r\u0131\u015f\u0131kl\u0131k kar\u015f\u0131t\u0131 enjeksiyonlar\u0131n g\u00fcvenli bir \u015fekilde nas\u0131l uygulanaca\u011f\u0131n\u0131 bilen yetenekli profesyonellerimizin g\u00fcvenli ellerinde olacaks\u0131n\u0131z. Bu tedaviyle, hastalar\u0131m\u0131z\u0131n \u00e7ene inceltme konusunda harika sonu\u00e7lar elde etmelerine yard\u0131mc\u0131 olduk.&nbsp;&nbsp;<\/p>\n\n\n\n<p>Masseter k\u0131r\u0131\u015f\u0131kl\u0131k kar\u015f\u0131t\u0131 tedavinin y\u00fcz\u00fcn\u00fcz\u00fcn hatlar\u0131n\u0131 inceltmede nas\u0131l yard\u0131mc\u0131 olabilece\u011fini g\u00f6rmek istiyorsan\u0131z, bug\u00fcn Londra Klini\u011fimizle ileti\u015fime ge\u00e7in.&nbsp;<\/p>\n\n\n\n<p><a href=\"https:\/\/dermaaestheticslondon.com\/tr\/contact\/\">DANI\u015eMA RANDEVUSU ALIN<\/a><\/p>\n\n\n\n<figure class=\"wp-block-image size-full\"><img decoding=\"async\" width=\"1024\" height=\"1024\" src=\"https:\/\/dermaaestheticslondon.com\/wordpress\/wp-content\/uploads\/2024\/01\/before-and-after-face-slimming.webp\" alt=\"before and after face slimming\" class=\"wp-image-1669\" srcset=\"https:\/\/dermaaestheticslondon.com\/wordpress\/wp-content\/uploads\/2024\/01\/before-and-after-face-slimming.webp 1024w, https:\/\/dermaaestheticslondon.com\/wordpress\/wp-content\/uploads\/2024\/01\/before-and-after-face-slimming-300x300.webp 300w, https:\/\/dermaaestheticslondon.com\/wordpress\/wp-content\/uploads\/2024\/01\/before-and-after-face-slimming-150x150.webp 150w, https:\/\/dermaaestheticslondon.com\/wordpress\/wp-content\/uploads\/2024\/01\/before-and-after-face-slimming-768x768.webp 768w, https:\/\/dermaaestheticslondon.com\/wordpress\/wp-content\/uploads\/2024\/01\/before-and-after-face-slimming-12x12.webp 12w\" sizes=\"(max-width: 1024px) 100vw, 1024px\" \/><figcaption class=\"wp-element-caption\">Y\u00fcz inceltme \u00f6ncesi ve sonras\u0131<\/figcaption><\/figure>\n\n\n\n<h2 class=\"wp-block-heading\" id=\"what-is-the-masseter-muscle\">Masseter kas\u0131 nedir?<\/h2>\n\n\n\n<p>Masseter kas\u0131n\u0131 y\u00fcz\u00fcn\u00fcz\u00fcn yan taraf\u0131nda bulacaks\u0131n\u0131z. Alt \u00e7eneyi d\u0131\u015f alt yanak b\u00f6lgesine ba\u011flayan bir y\u00fcz kas\u0131d\u0131r. \u00c7i\u011fnemeye yard\u0131mc\u0131 olan bir grup kastan biridir.<\/p>\n\n\n\n<p>Usta kas\u0131n b\u00fcy\u00fcmesinin ve alt y\u00fcz\u00fcn\u00fcz\u00fcn \u015feklini de\u011fi\u015ftirmesinin birka\u00e7 nedeni vard\u0131r. En yayg\u0131n neden, \u00f6zellikle geceleri di\u015flerini g\u0131c\u0131rdatan ve s\u0131kan ki\u015filerdir.&nbsp;&nbsp;<\/p>\n\n\n\n<p>Masseter kaslar\u0131n\u0131n b\u00fcy\u00fcmesinin di\u011fer nedenleri \u015funlard\u0131r:<\/p>\n\n\n\n<ul class=\"wp-block-list\">\n<li>&nbsp; &nbsp; &nbsp; \u00c7inlilerde, Korelilerde ve G\u00fcneydo\u011fu Asyal\u0131larda daha yayg\u0131nd\u0131r&nbsp;<\/li>\n\n\n\n<li>&nbsp; &nbsp; &nbsp; Geneti\u011finiz yoluyla size aktar\u0131l\u0131r&nbsp;<\/li>\n\n\n\n<li>&nbsp; &nbsp; &nbsp; A\u015f\u0131r\u0131 \u00e7i\u011fnemeden dolay\u0131 a\u015f\u0131r\u0131 aktif bir masseter kas\u0131n\u0131z var<\/li>\n\n\n\n<li>&nbsp; &nbsp; &nbsp; A\u011fz\u0131n\u0131z\u0131n sadece bir taraf\u0131n\u0131 \u00e7i\u011fniyorsunuz<\/li>\n<\/ul>\n\n\n\n<h2 class=\"wp-block-heading\" id=\"what-is-masseter-anti-wrinkle-treatment-for-jawline-slimming\">\u00c7ene hatt\u0131n\u0131 inceltmek i\u00e7in masseter k\u0131r\u0131\u015f\u0131kl\u0131k kar\u015f\u0131t\u0131 tedavi nedir?<\/h2>\n\n\n\n<p>K\u0131r\u0131\u015f\u0131kl\u0131k kar\u015f\u0131t\u0131 enjeksiyonlar en pop\u00fcler k\u0131r\u0131\u015f\u0131kl\u0131k kar\u015f\u0131t\u0131 tedavilerden biridir. Bunun nedeni, ka\u015f \u00e7atma \u00e7izgileri ve al\u0131n \u00e7izgileri gibi y\u00fcz\u00fcn\u00fczdeki ince \u00e7izgileri ve k\u0131r\u0131\u015f\u0131kl\u0131klar\u0131 yumu\u015fatmaya yard\u0131mc\u0131 olmalar\u0131d\u0131r.&nbsp;<\/p>\n\n\n\n<p>Ancak, k\u0131r\u0131\u015f\u0131kl\u0131k kar\u015f\u0131t\u0131 enjeksiyonlar, masseter kas\u0131na enjekte edildi\u011finde harika bir \u00e7ene hatt\u0131 inceltme tedavisidir. Tedavi, masseter kaslar\u0131na do\u011fal olarak olu\u015fan bir protein olan Botulinum toksininin enjekte edilmesini i\u00e7erir. Bu, kaslara giden sinyalleri ge\u00e7ici olarak engellemeye yard\u0131mc\u0131 olur.&nbsp;&nbsp;<\/p>\n\n\n\n<p>Sadece bir veya iki seansta, bu kas gev\u015fetici enjeksiyonlar \u00e7ene kas\u0131n\u0131n (masseter kas\u0131) k\u00fc\u00e7\u00fclmesine veya boyutunun k\u00fc\u00e7\u00fclmesine yard\u0131mc\u0131 olabilir. Bu, kare bir \u00e7eneye \u00e7ok daha yumu\u015fak bir g\u00f6r\u00fcn\u00fcm kazand\u0131r\u0131r.&nbsp;<\/p>\n\n\n\n<p>K\u0131r\u0131\u015f\u0131kl\u0131k kar\u015f\u0131t\u0131 enjeksiyonlarla masseter k\u00fc\u00e7\u00fcltme tedavisi, kad\u0131nlar\u0131n daha kad\u0131ns\u0131 bir \u00e7ene hatt\u0131na kavu\u015fmas\u0131 i\u00e7in g\u00fcvenli ve invaziv olmayan bir yoldur. Ayr\u0131ca erkeklerin daha ince ve daha konturlu bir \u00e7ene hatt\u0131na kavu\u015fmas\u0131na da destek olabilir.<\/p>\n\n\n\n<h2 class=\"wp-block-heading\" id=\"can-masseter-anti-wrinkle-treatment-help-with-facial-pain\">Masseter k\u0131r\u0131\u015f\u0131kl\u0131k kar\u015f\u0131t\u0131 tedavi y\u00fcz a\u011fr\u0131s\u0131na yard\u0131mc\u0131 olabilir mi?<\/h2>\n\n\n\n<p>S\u0131k s\u0131k \u015fu soruyu duyar\u0131z: K\u0131r\u0131\u015f\u0131kl\u0131k kar\u015f\u0131t\u0131 enjeksiyonlar y\u00fcz a\u011fr\u0131n\u0131z\u0131 y\u00f6netmenize yard\u0131mc\u0131 olabilir mi? Kas gerginli\u011fi \u00e7enenizde a\u011fr\u0131ya ve a\u011fz\u0131n\u0131z\u0131 a\u00e7\u0131p kapatmada zorlu\u011fa yol a\u00e7\u0131yorsa, k\u0131r\u0131\u015f\u0131kl\u0131k kar\u015f\u0131t\u0131 enjeksiyonlar yard\u0131mc\u0131 olabilir.<\/p>\n\n\n\n<p>Masseter kas\u0131na k\u0131r\u0131\u015f\u0131kl\u0131k kar\u015f\u0131t\u0131 enjeksiyonlar enjekte etti\u011fimizde, kas gev\u015feyecek ve TMJ a\u011fr\u0131s\u0131n\u0131 hafifletmeye yard\u0131mc\u0131 olacakt\u0131r. TMJ a\u011fr\u0131n\u0131za neyin sebep oldu\u011funa ba\u011fl\u0131 olarak, k\u0131r\u0131\u015f\u0131kl\u0131k kar\u015f\u0131t\u0131 enjeksiyonlar size daha uzun s\u00fcreli rahatlama sa\u011flayabilir.<\/p>\n\n\n\n<h2 class=\"wp-block-heading\" id=\"what-does-facial-slimming-treatment-involve\">Y\u00fcz inceltme tedavisi neleri kapsar?<\/h2>\n\n\n\n<p>Masseter k\u0131r\u0131\u015f\u0131kl\u0131k kar\u015f\u0131t\u0131 tedavi, masseter kas\u0131na bir dizi k\u00fc\u00e7\u00fck enjeksiyon i\u00e7erir. Tamamlanmas\u0131 sadece birka\u00e7 dakika s\u00fcrer ve i\u015flem nispeten a\u011fr\u0131s\u0131zd\u0131r. Tedaviyi daha konforlu hale getirmek i\u00e7in enjeksiyon b\u00f6lgesine uyu\u015fturucu bir krem uygulayaca\u011f\u0131z.&nbsp;<\/p>\n\n\n\n<p>Hastalar\u0131m\u0131z\u0131n \u00e7o\u011fu masseter kaslar\u0131nda azalma g\u00f6rmek ve istedikleri sonucu elde etmek i\u00e7in bir veya iki seansa ihtiya\u00e7 duyar. A\u015f\u0131r\u0131 aktif bir masseter kas\u0131n\u0131z varsa, en iyi sonu\u00e7lar\u0131 g\u00f6rmek i\u00e7in 3-4 seansa ihtiyac\u0131n\u0131z olabilir.&nbsp;<\/p>\n\n\n\n<p>Kons\u00fcltasyonunuzda ihtiyac\u0131n\u0131z olacak k\u0131r\u0131\u015f\u0131kl\u0131k kar\u015f\u0131t\u0131 enjeksiyon tedavilerinin say\u0131s\u0131n\u0131 tart\u0131\u015faca\u011f\u0131z. Hastalar\u0131m\u0131za her zaman endi\u015felerini giderecek ve onlara en iyi sonu\u00e7lar\u0131 sa\u011flayacak ki\u015fiselle\u015ftirilmi\u015f bir tedavi plan\u0131 sunuyoruz.&nbsp;<\/p>\n\n\n\n<p>K\u0131r\u0131\u015f\u0131kl\u0131k kar\u015f\u0131t\u0131 enjeksiyonlarla \u00e7ene hatt\u0131 inceltme tedavisi, kemik yap\u0131s\u0131 nedeniyle kare \u00e7enesi olan herkes i\u00e7in uygun de\u011fildir. Bunun nedeni, k\u0131r\u0131\u015f\u0131kl\u0131k kar\u015f\u0131t\u0131 enjeksiyonlar\u0131n yaln\u0131zca y\u00fcz kaslar\u0131n\u0131 gev\u015fetmek i\u00e7in \u00e7al\u0131\u015fmas\u0131 ve kemik yap\u0131n\u0131z\u0131n \u015feklini veya boyutunu de\u011fi\u015ftirmemesidir.<\/p>\n\n\n\n<h2 class=\"wp-block-heading\" id=\"how-long-does-the-results-of-face-slimming-treatment-with-anti-wrinkle-injections-last\">K\u0131r\u0131\u015f\u0131kl\u0131k kar\u015f\u0131t\u0131 enjeksiyonlarla y\u00fcz inceltme tedavisinin sonu\u00e7lar\u0131 ne kadar s\u00fcrer?<\/h2>\n\n\n\n<p>Masseter k\u0131r\u0131\u015f\u0131kl\u0131k kar\u015f\u0131t\u0131 enjeksiyon tedavinizin sonu\u00e7lar\u0131n\u0131 ilk 7-14 g\u00fcn i\u00e7inde g\u00f6rmeye ba\u015flayacaks\u0131n\u0131z. Bu, tedaviye nas\u0131l yan\u0131t verdi\u011finize ve y\u00fcz anatominize ba\u011fl\u0131 olacakt\u0131r.&nbsp;<\/p>\n\n\n\n<p>Tedavinizin sonu\u00e7lar\u0131 4-6 ay s\u00fcrebilir. Bundan sonra \u00e7ene hatt\u0131n\u0131z yava\u015f yava\u015f orijinal \u015fekline d\u00f6necektir. Alt\u0131 ayl\u0131k noktada, tekrar tedavi i\u00e7in Londra klini\u011fimize gelmenizi \u00f6neririz.&nbsp;&nbsp;<\/p>\n\n\n\n<p>Masseter k\u0131r\u0131\u015f\u0131kl\u0131k kar\u015f\u0131t\u0131 enjeksiyon tedavisi, \u00e7ene s\u0131kma ve di\u015f g\u0131c\u0131rdatma miktar\u0131n\u0131z\u0131 b\u00fcy\u00fck \u00f6l\u00e7\u00fcde azaltabilir. Bunun i\u00e7in, masseter k\u0131r\u0131\u015f\u0131kl\u0131k kar\u015f\u0131t\u0131 enjeksiyonlar\u0131n\u0131z\u0131 her 4-6 ayda bir yenilemeye devam etmeniz gerekecektir.<\/p>\n\n\n\n<h2 class=\"wp-block-heading\" id=\"how-to-get-the-most-out-of-your-masseter-muscle-anti-wrinkle-injections-treatment\">Masseter kas\u0131 k\u0131r\u0131\u015f\u0131kl\u0131k kar\u015f\u0131t\u0131 enjeksiyon tedavinizden en iyi \u015fekilde nas\u0131l yararlanabilirsiniz?<\/h2>\n\n\n\n<p>Sonu\u00e7lar\u0131n\u0131z\u0131 en \u00fcst d\u00fczeye \u00e7\u0131karman\u0131za yard\u0131mc\u0131 olmak i\u00e7in, k\u0131r\u0131\u015f\u0131kl\u0131k kar\u015f\u0131t\u0131 enjeksiyonlar\u0131n\u0131zdan sonra en az d\u00f6rt saat boyunca y\u00fcz\u00fcn\u00fcze masaj yapmaman\u0131z\u0131 veya y\u00fcz bak\u0131m\u0131 yapt\u0131rmaman\u0131z\u0131 \u00f6neririz. Ayr\u0131ca, Botulinum toksininin yerinde kalmas\u0131n\u0131 sa\u011flamak i\u00e7in d\u00f6rt saat boyunca dik durman\u0131z gerekecektir.&nbsp;<\/p>\n\n\n\n<p>Ayr\u0131ca tedavinizden sonraki ilk \u00fc\u00e7 g\u00fcn boyunca alkol t\u00fcketmekten ka\u00e7\u0131nmal\u0131s\u0131n\u0131z. Bu, morarma riskini azaltmaya yard\u0131mc\u0131 olacakt\u0131r.<\/p>\n\n\n\n<h2 class=\"wp-block-heading\" id=\"choose-the-experts-in-non-surgical-face-slimming-treatments-in-london\">Londra&#039;da cerrahi olmayan y\u00fcz inceltme tedavileri konusunda uzmanlar\u0131 se\u00e7in<\/h2>\n\n\n\n<p>Derma Aesthetics London, Londra&#039;da cerrahi olmayan kozmetik tedaviler konusunda uzman bir kliniktir. Dermal dolgulardan ve k\u0131r\u0131\u015f\u0131kl\u0131k kar\u015f\u0131t\u0131 tedavilerden mikroi\u011fneleme ve kimyasal peelinglere kadar her \u015feyi sa\u011fl\u0131yoruz. Sadece y\u00fcksek kaliteli \u00fcr\u00fcnler kullanarak, i\u00e7inde bulundu\u011funuz cildi sevmenize yard\u0131mc\u0131 olan do\u011fal g\u00f6r\u00fcn\u00fcml\u00fc sonu\u00e7lar g\u00f6rmenizi sa\u011fl\u0131yoruz.&nbsp;<\/p>\n\n\n\n<p>Y\u00fcz inceltme tedavinizi \u00f6zel ihtiya\u00e7lar\u0131n\u0131za ve hedeflerinize uyacak \u015fekilde uyarlayaca\u011f\u0131z. Profesyonellerimiz, masseter k\u0131r\u0131\u015f\u0131kl\u0131k kar\u015f\u0131t\u0131 enjeksiyon tedavisinden ne beklemeniz gerekti\u011fini ve hangi sonu\u00e7lar\u0131 g\u00f6rmeniz muhtemel oldu\u011funu bilmeniz i\u00e7in net ve d\u00fcr\u00fcst tavsiyeler alman\u0131z\u0131 sa\u011flayacakt\u0131r.<\/p>\n\n\n\n<p>Bak\u0131m\u0131m\u0131z tedaviyle bitmiyor, ayn\u0131 zamanda tavsiye ve bak\u0131m sonras\u0131 deste\u011fi sa\u011flamak i\u00e7in de haz\u0131r\u0131z. Bu \u015fekilde uzmanlar\u0131m\u0131zdan birinin sadece bir telefon uza\u011f\u0131n\u0131zda oldu\u011funu bilerek rahat hissedebilirsiniz.&nbsp;<\/p>\n\n\n\n<p>Y\u00fcz inceltme tedavisi hakk\u0131nda bilgi almak i\u00e7in bug\u00fcn klini\u011fimizle ileti\u015fime ge\u00e7in.&nbsp;<\/p>\n\n\n\n<p><a href=\"https:\/\/dermaaestheticslondon.com\/tr\/contact\/\">\u0130LET\u0130\u015e\u0130ME GE\u00c7\u0130N<\/a><\/p>\n\n\n\n<h2 class=\"wp-block-heading\" id=\"how-to-find-our-london-clinic\">Londra klini\u011fimizi nas\u0131l bulabilirsiniz?<\/h2>\n\n\n\n<p>Derma Aesthetics London klini\u011fi, \u00e7ok say\u0131da \u00f6zel sa\u011fl\u0131k ve estetik t\u0131p uzman\u0131n\u0131n bulundu\u011fu Harley Street&#039;te yer almaktad\u0131r. Ayr\u0131ca Oxford Street&#039;e k\u0131sa bir y\u00fcr\u00fcy\u00fc\u015f mesafesindeyiz, b\u00f6ylece tedavinizden sonra al\u0131\u015fveri\u015fin tad\u0131n\u0131 \u00e7\u0131karabilirsiniz.&nbsp;<\/p>\n\n\n\n<p>Oxford Circus Metro \u0130stasyonu&#039;na on dakikal\u0131k y\u00fcr\u00fcme mesafesindeyiz. Arabayla seyahat ediyorsan\u0131z, Harley Street&#039;te bol miktarda \u00fccretli ve g\u00f6r\u00fcnt\u00fcl\u00fc park yeri mevcuttur.<\/p>\n\n\n\n<h3 class=\"wp-block-heading\" id=\"address\">Adres<\/h3>\n\n\n\n<p>39 Harley St, Londra, W1G 8QH<\/p>\n\n\n<style><\/style><style><\/style>\n<iframe src=\"https:\/\/www.google.com\/maps\/embed?pb=!1m14!1m8!1m3!1d9930.899153256332!2d-0.1468513!3d51.5182649!3m2!1i1024!2i768!4f13.1!3m3!1m2!1s0x487611e416322439%3A0xb84cf932b11cbe62!2sDerma%20Aesthetics%20London!5e0!3m2!1sen!2suk!4v1699790340707!5m2!1sen!2suk\" width=\"600\" height=\"450\" style=\"border:0;\" allowfullscreen=\"\" loading=\"lazy\" referrerpolicy=\"no-referrer-when-downgrade\"><\/iframe>","protected":false},"excerpt":{"rendered":"<p>Londra&#039;da y\u00fcz inceltme, k\u0131r\u0131\u015f\u0131kl\u0131k kar\u015f\u0131t\u0131 enjeksiyonlarla alt y\u00fcz\u00fc inceltmek i\u00e7in cerrahi olmayan bir tedavidir. Daha fazla bilgi edinmek i\u00e7in klini\u011fimizle ileti\u015fime ge\u00e7in.<\/p>","protected":false},"author":2,"featured_media":1669,"parent":0,"menu_order":90,"comment_status":"closed","ping_status":"closed","template":"","meta":{"_gspb_post_css":"","pgc_sgb_lightbox_settings":"","footnotes":""},"class_list":["post-2270","page","type-page","status-publish","has-post-thumbnail","hentry"],"blocksy_meta":{"page_structure_type":"type-1","styles_descriptor":{"styles":{"desktop":"","tablet":"","mobile":""},"google_fonts":[],"version":6}},"_links":{"self":[{"href":"https:\/\/dermaaestheticslondon.com\/tr\/wp-json\/wp\/v2\/pages\/2270","targetHints":{"allow":["GET"]}}],"collection":[{"href":"https:\/\/dermaaestheticslondon.com\/tr\/wp-json\/wp\/v2\/pages"}],"about":[{"href":"https:\/\/dermaaestheticslondon.com\/tr\/wp-json\/wp\/v2\/types\/page"}],"author":[{"embeddable":true,"href":"https:\/\/dermaaestheticslondon.com\/tr\/wp-json\/wp\/v2\/users\/2"}],"replies":[{"embeddable":true,"href":"https:\/\/dermaaestheticslondon.com\/tr\/wp-json\/wp\/v2\/comments?post=2270"}],"version-history":[{"count":6,"href":"https:\/\/dermaaestheticslondon.com\/tr\/wp-json\/wp\/v2\/pages\/2270\/revisions"}],"predecessor-version":[{"id":2465,"href":"https:\/\/dermaaestheticslondon.com\/tr\/wp-json\/wp\/v2\/pages\/2270\/revisions\/2465"}],"wp:featuredmedia":[{"embeddable":true,"href":"https:\/\/dermaaestheticslondon.com\/tr\/wp-json\/wp\/v2\/media\/1669"}],"wp:attachment":[{"href":"https:\/\/dermaaestheticslondon.com\/tr\/wp-json\/wp\/v2\/media?parent=2270"}],"curies":[{"name":"wp","href":"https:\/\/api.w.org\/{rel}","templated":true}]}}