{"id":2272,"date":"2024-01-31T12:40:27","date_gmt":"2024-01-31T12:40:27","guid":{"rendered":"https:\/\/dermaaestheticslondon.com\/wordpress\/non-surgical-rhinoplasty-london\/"},"modified":"2025-01-30T13:07:36","modified_gmt":"2025-01-30T13:07:36","slug":"non-surgical-rhinoplasty-london","status":"publish","type":"page","link":"https:\/\/dermaaestheticslondon.com\/tr\/non-surgical-rhinoplasty-london\/","title":{"rendered":"Ameliyats\u0131z Rinoplasti Londra"},"content":{"rendered":"<p>Burun \u015feklinizi de\u011fi\u015ftirmek istiyorsunuz ancak bunun i\u00e7in ameliyat olmak istemiyor musunuz? Derma Aesthetics London&#039;da \u00e7\u00f6z\u00fcm\u00fcm\u00fcz var. Her zaman hayalini kurdu\u011funuz buruna kavu\u015fun&nbsp;<strong>Londra&#039;da cerrahi olmayan rinoplasti<\/strong>.<\/p>\n\n\n\n<p>Ameliyats\u0131z burun esteti\u011fi, s\u0131v\u0131 burun esteti\u011fi olarak da bilinir, burun k\u00f6pr\u00fcn\u00fczdeki \u00e7\u0131k\u0131nt\u0131y\u0131 azaltmak veya burun ucunu yeniden \u015fekillendirmek i\u00e7in dermal dolgu kullan\u0131r. Burun dolgular\u0131 ile uzun ameliyat veya iyile\u015fme s\u00fcresine ihtiya\u00e7 duymadan do\u011fal g\u00f6r\u00fcn\u00fcml\u00fc sonu\u00e7lar elde edebilirsiniz.&nbsp;<\/p>\n\n\n\n<p>Uzmanlar\u0131 se\u00e7in&nbsp;<a href=\"\/tr\/treatments\/non-surgical-rhinoplasty\/\" data-type=\"treatment\" data-id=\"1340\">Ameliyats\u0131z burun esteti\u011fi<\/a>Derma Aesthetics London&#039;da iki e\u011fitimli profesyonelin elinde olacaks\u0131n\u0131z - Dr. Raja ve Cleo Medeiros. Her ikisinin de dermal dolgu tedavileri sa\u011flama konusunda y\u0131llar\u0131n deneyimi var. Ameliyats\u0131z burun esteti\u011fiyle ne elde etmek isterseniz isteyin, size yard\u0131mc\u0131 olabiliriz.&nbsp;<\/p>\n\n\n\n<p>Ameliyats\u0131z rinoplasti tedavimiz hakk\u0131nda daha fazla bilgi edinmeye haz\u0131r m\u0131s\u0131n\u0131z? Bug\u00fcn Londra klini\u011fimizle ileti\u015fime ge\u00e7erek ba\u015flay\u0131n.<\/p>\n\n\n\n<div class=\"wp-block-buttons is-layout-flex wp-block-buttons-is-layout-flex\">\n<div class=\"wp-block-button\"><a class=\"wp-block-button__link wp-element-button\" href=\"https:\/\/dermaaestheticslondon.com\/tr\/contact\/\">DANI\u015eMA RANDEVUSU ALIN<\/a><\/div>\n<\/div>\n\n\n\n<figure class=\"wp-block-image size-full\"><img decoding=\"async\" width=\"1024\" height=\"1024\" src=\"https:\/\/dermaaestheticslondon.com\/wordpress\/wp-content\/uploads\/2024\/01\/before-and-after-non-surgical-rhinoplasty.webp\" alt=\"before and after non surgical rhinoplasty\" class=\"wp-image-1682\" title=\"Ameliyats\u0131z Rinoplasti Londra\" srcset=\"https:\/\/dermaaestheticslondon.com\/wordpress\/wp-content\/uploads\/2024\/01\/before-and-after-non-surgical-rhinoplasty.webp 1024w, https:\/\/dermaaestheticslondon.com\/wordpress\/wp-content\/uploads\/2024\/01\/before-and-after-non-surgical-rhinoplasty-300x300.webp 300w, https:\/\/dermaaestheticslondon.com\/wordpress\/wp-content\/uploads\/2024\/01\/before-and-after-non-surgical-rhinoplasty-150x150.webp 150w, https:\/\/dermaaestheticslondon.com\/wordpress\/wp-content\/uploads\/2024\/01\/before-and-after-non-surgical-rhinoplasty-768x768.webp 768w, https:\/\/dermaaestheticslondon.com\/wordpress\/wp-content\/uploads\/2024\/01\/before-and-after-non-surgical-rhinoplasty-12x12.webp 12w\" sizes=\"(max-width: 1024px) 100vw, 1024px\" \/><figcaption class=\"wp-element-caption\">Ameliyats\u0131z rinoplasti \u00f6ncesi ve sonras\u0131<\/figcaption><\/figure>\n\n\n\n<h2 class=\"wp-block-heading\" id=\"surgical-rhinoplasty-vs-non-surgical-rhinoplasty\">Cerrahi burun esteti\u011fi ve cerrahi olmayan burun esteti\u011fi<\/h2>\n\n\n\n<p>Peki, burun esteti\u011fi yapt\u0131rmay\u0131 m\u0131 d\u00fc\u015f\u00fcn\u00fcyorsunuz? Hala cerrahi burun esteti\u011fi mi yoksa cerrahi olmayan burun esteti\u011fi mi yapt\u0131rman\u0131z gerekti\u011fini d\u00fc\u015f\u00fcn\u00fcyor olabilirsiniz.&nbsp;<\/p>\n\n\n\n<p>Her birinin ne anlama geldi\u011finden emin de\u011filseniz, a\u015fa\u011f\u0131da aralar\u0131ndaki temel farklar verilmi\u015ftir:&nbsp;<\/p>\n\n\n\n<p>Cerrahi burun esteti\u011fi ve cerrahi olmayan burun esteti\u011fi:<\/p>\n\n\n\n<h3 class=\"wp-block-heading\" id=\"rhinoplasty-surgery\">Rinoplasti ameliyat\u0131<\/h3>\n\n\n\n<p>&nbsp;Bekleyebilece\u011finiz gibi, cerrahi burun esteti\u011fi b\u0131\u00e7ak alt\u0131na yatmay\u0131 gerektirir. Burnun yap\u0131s\u0131n\u0131 de\u011fi\u015ftirmeye veya \u015feklini de\u011fi\u015ftirmeye yard\u0131mc\u0131 olmak i\u00e7in yayg\u0131n bir kozmetik prosed\u00fcrd\u00fcr.&nbsp;<\/p>\n\n\n\n<p>Dermal dolgu tedavisine g\u00f6re \u00e7ok daha karma\u015f\u0131kt\u0131r ve \u00e7ok daha fazla risk ve iyile\u015fme s\u00fcresi vard\u0131r.&nbsp;<\/p>\n\n\n\n<p>Cerrahi burun esteti\u011fi iki \u015fekilde yap\u0131l\u0131r:<\/p>\n\n\n\n<p><strong>A\u00e7\u0131k cerrahi burun esteti\u011fi<\/strong>&nbsp;\u2013 Burun i\u00e7indeki kemik ve\/veya dokuyu d\u00fczeltmek i\u00e7in burun deliklerinin a\u00e7\u0131lmas\u0131n\u0131 i\u00e7erir.&nbsp;<\/p>\n\n\n\n<p><strong>Kapal\u0131 cerrahi burun esteti\u011fi<\/strong>&nbsp;\u2013 cerrah\u0131n burun deliklerinin i\u00e7inde k\u00fc\u00e7\u00fck kesiler yaparak burnun \u015feklini ve boyutunu de\u011fi\u015ftirdi\u011fi yerdir.&nbsp;<\/p>\n\n\n\n<p>Cerrahi rinoplasti burun dolgusundan daha pahal\u0131d\u0131r. Ayr\u0131ca i\u015flemin ger\u00e7ekle\u015ftirilmesi daha uzun s\u00fcrer. Genellikle 90 dakikadan birka\u00e7 saate kadar s\u00fcrer. \u0130yile\u015fme s\u00fcreci \u00e7ok daha uzundur ve bir hafta boyunca al\u00e7\u0131 takman\u0131z gerekecektir.<\/p>\n\n\n\n<p>Cerrahi rinoplastinin sonu\u00e7lar\u0131 an\u0131nda olmaz. Burun yerle\u015fip \u015fi\u015flik azald\u0131k\u00e7a burnunuz bir y\u0131la kadar iyile\u015fmeye devam edecektir.<\/p>\n\n\n\n<h3 class=\"wp-block-heading\" id=\"non-surgical-rhinoplasty\">Ameliyats\u0131z burun esteti\u011fi<\/h3>\n\n\n\n<p>Ameliyats\u0131z burun esteti\u011fi veya ameliyats\u0131z burun \u015fekillendirme, burun \u015feklini de\u011fi\u015ftirmek isteyen herkes i\u00e7in h\u0131zla en pop\u00fcler tedavilerden biri haline geliyor. Ameliyata gerek kalmadan burnunuza tan\u0131m eklemenin h\u0131zl\u0131, g\u00fcvenli ve etkili bir yoludur.&nbsp;<\/p>\n\n\n\n<p>Dolgu maddeleri kullan\u0131larak burun d\u00fczle\u015ftirilebilir, s\u0131rttaki k\u00fc\u00e7\u00fck \u00e7\u0131k\u0131nt\u0131lar azalt\u0131labilir, ince burunlara daha fazla \u015fekil verilebilir.&nbsp;<\/p>\n\n\n\n<p>Burun dolgusunun sonu\u00e7lar\u0131 kal\u0131c\u0131 de\u011fildir. Ancak, cerrahi olmayan rinoplastinin sonu\u00e7lar\u0131n\u0131 12 aya kadar bekleyebilirsiniz. Sonu\u00e7lar da an\u0131nda ortaya \u00e7\u0131kar, b\u00f6ylece burnunuzun nas\u0131l g\u00f6r\u00fcnd\u00fc\u011f\u00fcn\u00fc hemen g\u00f6rebilirsiniz. Burun dolgusunun yerle\u015fmesi ve nihai sonu\u00e7lar\u0131n ortaya \u00e7\u0131kmas\u0131 birka\u00e7 hafta s\u00fcrebilir.&nbsp;<\/p>\n\n\n\n<p>Dermal dolgular\u0131n kullan\u0131m\u0131 ayn\u0131 zamanda cerrahi olmayan rinoplasti sonu\u00e7lar\u0131n\u0131z\u0131 geri alabilece\u011finiz anlam\u0131na gelir. Bunun nedeni, fikrinizi de\u011fi\u015ftirirseniz dermal dolgular\u0131 eritebilmenizdir. Cerrahi rinoplasti ile sonu\u00e7lar\u0131 geri alamazs\u0131n\u0131z \u00e7\u00fcnk\u00fc burnunuzun yap\u0131s\u0131n\u0131 tamamen de\u011fi\u015ftirmi\u015f olursunuz.<\/p>\n\n\n\n<p>Ameliyats\u0131z burun esteti\u011finde ayr\u0131ca minimum iyile\u015fme s\u00fcresi vard\u0131r. Hafif \u015fi\u015flik veya morarma ya\u015fayabilirsiniz, ancak bu 24-48 saat i\u00e7inde ge\u00e7ecektir.&nbsp;&nbsp;<\/p>\n\n\n\n<p>Ameliyats\u0131z burun esteti\u011fi hakk\u0131nda daha fazla bilgi edinmek isterseniz l\u00fctfen&nbsp;<a href=\"https:\/\/dermaaestheticslondon.com\/tr\/contact\/\">temas etmek<\/a>&nbsp;Londra klini\u011fimiz.<\/p>\n\n\n\n<h2 class=\"wp-block-heading\" id=\"what-happens-during-a-non-surgical-rhinoplasty-procedure\">Ameliyats\u0131z burun esteti\u011fi operasyonunda neler ya\u015fan\u0131r?<\/h2>\n\n\n\n<p>Burun dolgusu tedavisi hyaluronik asit bazl\u0131 dermal dolgular kullan\u0131r. Bunlar cildinizi nemlendirmeye ve hacim kazand\u0131rmaya yard\u0131mc\u0131 olan jel benzeri bir maddedir. Burun dolgular\u0131 ayr\u0131ca burnunuza daha fazla yap\u0131 ve tan\u0131m katabilir.&nbsp;<\/p>\n\n\n\n<p>Ameliyats\u0131z burun tedavisi ba\u015flamadan \u00f6nce burun b\u00f6lgesini temizleyece\u011fiz ve enjeksiyon b\u00f6lgelerine uyu\u015fturucu krem uygulayaca\u011f\u0131z. Bu, tedaviniz boyunca rahat hissetmenizi sa\u011flayacakt\u0131r.&nbsp;<\/p>\n\n\n\n<p>Ameliyats\u0131z burun esteti\u011fi s\u0131ras\u0131nda, doktor dermal dolgular\u0131 burnun belirli b\u00f6lgelerine enjekte edecektir. Derma Aesthetics London&#039;da, ameliyats\u0131z burun esteti\u011fi yapmak i\u00e7in bir kan\u00fcl kullan\u0131yoruz. Bu, \u015fi\u015flik ve morarma riskini azaltmaya yard\u0131mc\u0131 olan k\u00fcnt u\u00e7lu bir i\u011fnedir.<\/p>\n\n\n\n<p>Burun dolgusu tedavisini ki\u015fisel ihtiya\u00e7lar\u0131n\u0131za g\u00f6re uyarlayabiliriz. Kanca \u015feklindeki bir burnu d\u00fczeltmek, burun ucunuzu yeniden \u015fekillendirmek veya burun \u00e7\u0131k\u0131nt\u0131s\u0131n\u0131 d\u00fczeltmek i\u00e7in kullanabiliriz.&nbsp;<\/p>\n\n\n\n<p>Baz\u0131 hastalar y\u00fcz uyumunu sa\u011flamak i\u00e7in y\u00fczlerinin di\u011fer b\u00f6lgelerinde dermal dolgular yapt\u0131rmay\u0131 tercih edebilirler. Buna \u015funlar dahildir:\u00a0<a href=\"https:\/\/dermaaestheticslondon.com\/tr\/treatments\/cheek-filler\/\" data-type=\"treatment\" data-id=\"1318\">yanak dolgusu<\/a>,\u00a0<a href=\"https:\/\/dermaaestheticslondon.com\/tr\/treatments\/chin-filler\/\" data-type=\"treatment\" data-id=\"1035\">\u00e7ene dolgusu<\/a>\u00a0Ve\u00a0<a href=\"https:\/\/dermaaestheticslondon.com\/tr\/treatments\/jawline-filler\/\" data-type=\"treatment\" data-id=\"1095\">\u00e7ene dolgusu<\/a>.\u00a0<\/p>\n\n\n\n<p>Tedavinizin tamamlanmas\u0131 20-40 dakika s\u00fcrecektir. Ayr\u0131lmadan \u00f6nce doktorunuz, sonu\u00e7lar\u0131n\u0131zdan en iyi \u015fekilde yararlanabilmeniz i\u00e7in size sonras\u0131ndaki bak\u0131m tavsiyelerini anlatacakt\u0131r.<\/p>\n\n\n\n<h2 class=\"wp-block-heading\" id=\"choose-the-non-surgical-nose-job-experts-in-london\">Londra&#039;daki cerrahi olmayan burun esteti\u011fi uzmanlar\u0131n\u0131 se\u00e7in<\/h2>\n\n\n\n<p>Burun dolgusu yapt\u0131raca\u011f\u0131n\u0131z do\u011fru klini\u011fi se\u00e7erken uzmanl\u0131k ve deneyim \u00f6nemlidir.&nbsp;<\/p>\n\n\n\n<p>Dermal dolgular e\u011fitimli uzmanlar taraf\u0131ndan yap\u0131lmal\u0131d\u0131r. Bunlar deneyimli kozmetik doktorlar\u0131 veya uygulay\u0131c\u0131lar\u0131 olabilir. Derma Aesthetics London&#039;da tedaviniz Dr. Raja veya Cleo Medeiros ile olacakt\u0131r. Cerrahi olmayan tedavilerde uzmand\u0131rlar ve her zaman hastalar\u0131n ihtiya\u00e7lar\u0131n\u0131 \u00f6n planda tutarlar.<\/p>\n\n\n\n<p>Kons\u00fcltasyonunuzda, sizi ve burun dolgular\u0131ndan bekledi\u011finiz sonu\u00e7lar\u0131 daha iyi tan\u0131yaca\u011f\u0131z. Mevcut tedavi se\u00e7enekleriniz ve bunlar\u0131n nas\u0131l \u00e7al\u0131\u015faca\u011f\u0131 konusunda size yol g\u00f6sterece\u011fiz. Bilgilerden memnun kald\u0131\u011f\u0131n\u0131zda, bireysel ihtiya\u00e7lar\u0131n\u0131z\u0131 kar\u015f\u0131layacak \u015fekilde size \u00f6zel bir tedavi plan\u0131 geli\u015ftirebiliriz.<\/p>\n\n\n\n<div class=\"wp-block-buttons is-layout-flex wp-block-buttons-is-layout-flex\">\n<div class=\"wp-block-button\"><a class=\"wp-block-button__link wp-element-button\" href=\"https:\/\/dermaaestheticslondon.com\/tr\/contact\/\">B\u0130ZE ULA\u015eIN<\/a><\/div>\n<\/div>\n\n\n\n<h2 class=\"wp-block-heading\" id=\"finding-our-london-clinic\">Londra Klini\u011fimizi Bulmak<\/h2>\n\n\n\n<p>Derma Aesthetics London klini\u011fini \u015fehrin kalbinde, Oxford Street&#039;e sadece birka\u00e7 dakika uzakl\u0131ktaki Harley Street&#039;te bulabilirsiniz.&nbsp;<\/p>\n\n\n\n<p>Oxford Circus Metro \u0130stasyonu&#039;na on dakikal\u0131k y\u00fcr\u00fcme mesafesindeyiz. Arabayla seyahat ediyorsan\u0131z, Harley Street&#039;te bol miktarda \u00fccretli ve g\u00f6r\u00fcnt\u00fcl\u00fc park yeri mevcuttur.<\/p>\n\n\n\n<h3 class=\"wp-block-heading\" id=\"address\">Adres<\/h3>\n\n\n\n<p>39 Harley St, Londra, W1G 8QH<\/p>\n\n\n<style><\/style><style><\/style>\n<iframe src=\"https:\/\/www.google.com\/maps\/embed?pb=!1m14!1m8!1m3!1d9930.899153256332!2d-0.1468513!3d51.5182649!3m2!1i1024!2i768!4f13.1!3m3!1m2!1s0x487611e416322439%3A0xb84cf932b11cbe62!2sDerma%20Aesthetics%20London!5e0!3m2!1sen!2suk!4v1699790340707!5m2!1sen!2suk\" width=\"600\" height=\"450\" style=\"border:0;\" allowfullscreen=\"\" loading=\"lazy\" referrerpolicy=\"no-referrer-when-downgrade\"><\/iframe>","protected":false},"excerpt":{"rendered":"<p>Ameliyats\u0131z burun \u015feklinizi de\u011fi\u015ftirmenin bir yolu olarak Londra&#039;da cerrahi olmayan rinoplastiyi se\u00e7in. Randevu almak i\u00e7in uzmanlarla ileti\u015fime ge\u00e7in.<\/p>","protected":false},"author":2,"featured_media":1682,"parent":0,"menu_order":110,"comment_status":"closed","ping_status":"closed","template":"","meta":{"_gspb_post_css":"","pgc_sgb_lightbox_settings":"","footnotes":""},"class_list":["post-2272","page","type-page","status-publish","has-post-thumbnail","hentry"],"blocksy_meta":{"page_structure_type":"type-1","styles_descriptor":{"styles":{"desktop":"","tablet":"","mobile":""},"google_fonts":[],"version":6}},"_links":{"self":[{"href":"https:\/\/dermaaestheticslondon.com\/tr\/wp-json\/wp\/v2\/pages\/2272","targetHints":{"allow":["GET"]}}],"collection":[{"href":"https:\/\/dermaaestheticslondon.com\/tr\/wp-json\/wp\/v2\/pages"}],"about":[{"href":"https:\/\/dermaaestheticslondon.com\/tr\/wp-json\/wp\/v2\/types\/page"}],"author":[{"embeddable":true,"href":"https:\/\/dermaaestheticslondon.com\/tr\/wp-json\/wp\/v2\/users\/2"}],"replies":[{"embeddable":true,"href":"https:\/\/dermaaestheticslondon.com\/tr\/wp-json\/wp\/v2\/comments?post=2272"}],"version-history":[{"count":7,"href":"https:\/\/dermaaestheticslondon.com\/tr\/wp-json\/wp\/v2\/pages\/2272\/revisions"}],"predecessor-version":[{"id":2472,"href":"https:\/\/dermaaestheticslondon.com\/tr\/wp-json\/wp\/v2\/pages\/2272\/revisions\/2472"}],"wp:featuredmedia":[{"embeddable":true,"href":"https:\/\/dermaaestheticslondon.com\/tr\/wp-json\/wp\/v2\/media\/1682"}],"wp:attachment":[{"href":"https:\/\/dermaaestheticslondon.com\/tr\/wp-json\/wp\/v2\/media?parent=2272"}],"curies":[{"name":"wp","href":"https:\/\/api.w.org\/{rel}","templated":true}]}}