{"id":2273,"date":"2024-06-04T13:28:28","date_gmt":"2024-06-04T12:28:28","guid":{"rendered":"https:\/\/dermaaestheticslondon.com\/wordpress\/prp-hair-london\/"},"modified":"2025-01-30T12:57:43","modified_gmt":"2025-01-30T12:57:43","slug":"prp-hair-london","status":"publish","type":"page","link":"https:\/\/dermaaestheticslondon.com\/tr\/prp-hair-london\/","title":{"rendered":"PRP Sa\u00e7 Londra"},"content":{"rendered":"<p>Sa\u00e7 incelmesi veya sa\u00e7 d\u00f6k\u00fclmesi ya\u015f\u0131yorsan\u0131z ve daha dolgun sa\u00e7lara sahip olmak i\u00e7in etkili bir yol ar\u0131yorsan\u0131z, \u015funu deneyin:&nbsp;<strong>Londra&#039;da PRP Sa\u00e7<\/strong>&nbsp;Derma Estetik Londra ile.<\/p>\n\n\n\n<p>\u00c7o\u011fu insan, incelen sa\u00e7lar\u0131 tedavi etmenin ve sa\u00e7 b\u00fcy\u00fcmesini te\u015fvik etmenin en iyi yolunun sa\u00e7 ekimi oldu\u011funu d\u00fc\u015f\u00fcn\u00fcr. Ancak sa\u00e7 d\u00f6k\u00fclmesini cerrahi olmayan tedavilerle de tedavi edebilece\u011finizi biliyor muydunuz? Evet, bunu&nbsp;<a href=\"\/tr\/treatments\/prp-hair-treatment\/\" data-type=\"treatment\" data-id=\"1974\">PRP sa\u00e7 tedavisi<\/a>.&nbsp;<\/p>\n\n\n\n<p>Londra&#039;daki doktor liderli\u011findeki klini\u011fimizde, sa\u00e7 d\u00f6k\u00fclmesi, sa\u00e7 incelmesi ve k\u0131r\u0131lmas\u0131 dahil t\u00fcm sa\u00e7 tipleri i\u00e7in Trombosit Zengin Plazma (PRP) sa\u00e7 tedavisi kullan\u0131yoruz. V\u00fccudunuzun kendi do\u011fal iyile\u015ftirme \u00f6zelliklerini kullanarak yeni sa\u011fl\u0131kl\u0131 sa\u00e7 b\u00fcy\u00fcmesini te\u015fvik eden geli\u015fmi\u015f bir tedavidir.&nbsp;<\/p>\n\n\n\n<p>Derma Aesthetics London&#039;da, sa\u00e7 d\u00f6k\u00fclmesinin her ki\u015fiyi farkl\u0131 \u015fekilde etkiledi\u011fini anl\u0131yoruz. Ayr\u0131ca, birka\u00e7 sa\u00e7 d\u00f6k\u00fclmesi tedavisini denemi\u015f ancak herhangi bir sonu\u00e7 g\u00f6rmemi\u015f olabilece\u011finizi de biliyoruz. Bu nedenle uzmanlar\u0131m\u0131z, durumunuzu de\u011ferlendirmek ve ihtiya\u00e7lar\u0131n\u0131za g\u00f6re uyarlanm\u0131\u015f bir tedavi plan\u0131 geli\u015ftirmek i\u00e7in sizinle birlikte \u00e7al\u0131\u015f\u0131r.&nbsp;<\/p>\n\n\n\n<p>Her \u015fey klini\u011fimizde bir kons\u00fcltasyon rezervasyonu yapt\u0131rman\u0131zla ba\u015flar, burada PRP sa\u00e7 d\u00f6k\u00fclmesi tedavimiz hakk\u0131nda daha fazla bilgi edinebilirsiniz.&nbsp;<\/p>\n\n\n\n<p><a href=\"https:\/\/the-oneclinic.co.uk\/contact\/\" rel=\"nofollow noopener\" target=\"_blank\">DANI\u015eMA RANDEVUSU ALIN<\/a><\/p>\n\n\n\n<figure class=\"wp-block-image size-full\"><img decoding=\"async\" width=\"1024\" height=\"683\" src=\"https:\/\/dermaaestheticslondon.com\/wordpress\/wp-content\/uploads\/2024\/01\/exosomes-hair-treatment.webp\" alt=\"exosomes hair treatment\" class=\"wp-image-1590\" srcset=\"https:\/\/dermaaestheticslondon.com\/wordpress\/wp-content\/uploads\/2024\/01\/exosomes-hair-treatment.webp 1024w, https:\/\/dermaaestheticslondon.com\/wordpress\/wp-content\/uploads\/2024\/01\/exosomes-hair-treatment-300x200.webp 300w, https:\/\/dermaaestheticslondon.com\/wordpress\/wp-content\/uploads\/2024\/01\/exosomes-hair-treatment-768x512.webp 768w, https:\/\/dermaaestheticslondon.com\/wordpress\/wp-content\/uploads\/2024\/01\/exosomes-hair-treatment-18x12.webp 18w\" sizes=\"(max-width: 1024px) 100vw, 1024px\" \/><\/figure>\n\n\n\n<h2 class=\"wp-block-heading\" id=\"what-is-platelet-rich-plasma-prp-treatment-for-hair-growth\">Sa\u00e7 uzamas\u0131nda Trombositten Zengin Plazma (PRP) tedavisi nedir?<\/h2>\n\n\n\n<p>Sa\u00e7 d\u00f6k\u00fclmesi i\u00e7in trombositten zengin plazma tedavisi veya PRP, sa\u00e7 yeniden uzamas\u0131 elde etmek isteyen herkes i\u00e7in mevcut olan en h\u0131zl\u0131 b\u00fcy\u00fcyen tedavilerden biridir. Bu, \u00e7ok daha uzun bir s\u00fcre\u00e7 olan ve \u00e7ok daha fazla iyile\u015fme s\u00fcresi gerektiren sa\u00e7 ekimlerine harika bir alternatiftir.&nbsp;<\/p>\n\n\n\n<p>PRP tedavisi, sa\u00e7 derisine kan dola\u015f\u0131m\u0131n\u0131 art\u0131ran do\u011fal bir tedavidir. Yeni h\u00fccre b\u00fcy\u00fcmesini te\u015fvik etmek i\u00e7in kendi kan\u0131n\u0131zdaki do\u011fal bir maddeyi kullanmay\u0131 i\u00e7eren cerrahi olmayan bir i\u015flemdir. Bu, daha fazla oksijen ve b\u00fcy\u00fcme fakt\u00f6r\u00fc salarak mevcut sa\u00e7 k\u00f6klerinin onar\u0131lmas\u0131na yard\u0131mc\u0131 olur.&nbsp;&nbsp;<\/p>\n\n\n\n<p>Trombositten zengin plazma h\u00fccrelerinin kafa derinize enjekte edilmesi, aktif olmayan sa\u00e7 k\u00f6klerini uyararak onlar\u0131 sa\u00e7 b\u00fcy\u00fcme d\u00f6ng\u00fcs\u00fcn\u00fcn b\u00fcy\u00fcme evresine iter. Proteinler ve b\u00fcy\u00fcme fakt\u00f6rleri ayr\u0131ca sa\u00e7 yo\u011funlu\u011funu ve mevcut sa\u00e7\u0131n\u0131z\u0131n kal\u0131nl\u0131\u011f\u0131n\u0131 art\u0131rmaya yard\u0131mc\u0131 olabilirken, ayn\u0131 zamanda sa\u00e7 b\u00fcy\u00fcmesini desteklemek i\u00e7in de \u00e7al\u0131\u015f\u0131r.<\/p>\n\n\n\n<p>Tedavinin uygulanmas\u0131 bir saatten az s\u00fcrer ve herhangi bir kesinti s\u00fcresi yoktur. Bu, PRP sa\u00e7 d\u00f6k\u00fclmesi tedavisini i\u015ften izin alman\u0131za gerek kalmadan normal rutininize dahil edebilece\u011finiz anlam\u0131na gelir.<\/p>\n\n\n\n<h2 class=\"wp-block-heading\" id=\"what-happens-during-prp-hair-treatment-london\">PRP sa\u00e7 tedavisi Londra&#039;da neler olur?<\/h2>\n\n\n\n<p>PRP sa\u00e7 d\u00f6k\u00fclmesi tedavisi \u00fc\u00e7 a\u015famal\u0131 bir i\u015flemdir;<\/p>\n\n\n\n<ol class=\"wp-block-list\">\n<li>&nbsp; &nbsp; \u00d6ncelikle kendi kan\u0131n\u0131zdan bir miktar alarak ba\u015fl\u0131yoruz&nbsp;<\/li>\n\n\n\n<li>&nbsp; &nbsp; Bu kan\u0131, trombositlerinizi di\u011fer kan h\u00fccrelerinizden ay\u0131rmak i\u00e7in kan\u0131 d\u00f6nd\u00fcren bir santrif\u00fcje koyuyoruz.<\/li>\n\n\n\n<li>&nbsp; &nbsp; Doktor, ayr\u0131lan trombositleri sa\u00e7\u0131n\u0131z\u0131n en \u00e7ok inceldi\u011fi veya sa\u00e7 d\u00f6k\u00fclmesi ya\u015fad\u0131\u011f\u0131n\u0131z noktalara geri enjekte eder. Bu, sa\u00e7 k\u00f6klerini yeni sa\u00e7 b\u00fcy\u00fcmesi i\u00e7in uyarmay\u0131 ama\u00e7layan bir eylemdir.&nbsp;<\/li>\n<\/ol>\n\n\n\n<p>Baz\u0131 hastalar enjeksiyonlar\u0131 a\u011fr\u0131l\u0131 bulsa da, e\u011fer tercih ederseniz, \u00f6nce b\u00f6lgeyi uyu\u015fturmak i\u00e7in topikal anestezik kullanmay\u0131 g\u00f6r\u00fc\u015febiliriz. Bu, tedaviyi sizin i\u00e7in daha konforlu hale getirecektir.&nbsp;<\/p>\n\n\n\n<p>En iyi sonu\u00e7lar\u0131 alabilmek i\u00e7in hastalar\u0131m\u0131za 3-4 hafta arayla 3 seans PRP tedavisi uygulanmas\u0131n\u0131 \u00f6neriyoruz.&nbsp;<\/p>\n\n\n\n<h3 class=\"wp-block-heading\" id=\"what-can-i-expect-after-prp-hair-treatment\">PRP sa\u00e7 tedavisinden sonra neler bekleyebilirim?<\/h3>\n\n\n\n<p>PRP tedavinizden sonra, kafa derisi b\u00f6lgesinde hafif k\u0131zar\u0131kl\u0131k g\u00f6rmek tamamen normaldir. Enjeksiyon b\u00f6lgelerinde biraz iltihaplanma da g\u00f6rebilirsiniz ve tedavinizden sonra birka\u00e7 g\u00fcn boyunca kafa deriniz ka\u015f\u0131nabilir.&nbsp;<\/p>\n\n\n\n<p>Doktorunuz sa\u00e7 derisini nas\u0131l koruyaca\u011f\u0131n\u0131z ve iyile\u015fmeyi nas\u0131l destekleyece\u011finiz konusunda size baz\u0131 bak\u0131m sonras\u0131 tavsiyelerde bulunacakt\u0131r. Bunlar \u015funlar\u0131 i\u00e7erecektir:<\/p>\n\n\n\n<ul class=\"wp-block-list\">\n<li>&nbsp; &nbsp; &nbsp; Herhangi bir \u015fi\u015fli\u011fi veya a\u011fr\u0131y\u0131 hafifletmek i\u00e7in so\u011fuk kompres kullan\u0131n<\/li>\n\n\n\n<li>&nbsp; &nbsp; &nbsp; 24 saat boyunca sa\u00e7\u0131n\u0131z\u0131 y\u0131kamaktan veya sa\u00e7 \u00fcr\u00fcnleri kullanmaktan ka\u00e7\u0131n\u0131n<\/li>\n\n\n\n<li>&nbsp; &nbsp; &nbsp; 48 saat boyunca yorucu egzersizlerden ka\u00e7\u0131n\u0131n<\/li>\n\n\n\n<li>&nbsp; &nbsp; &nbsp; Sa\u00e7 derinizi 48 saat boyunca s\u0131cak du\u015f ve sauna gibi a\u015f\u0131r\u0131 s\u0131ca\u011fa maruz b\u0131rakmaktan ka\u00e7\u0131n\u0131n<\/li>\n<\/ul>\n\n\n\n<h2 class=\"wp-block-heading\" id=\"how-long-does-it-take-to-see-hair-regrowth-from-prp-hair-treatments\">PRP sa\u00e7 tedavisinden sonra sa\u00e7lar\u0131n yeniden \u00e7\u0131kmas\u0131 ne kadar s\u00fcrer?<\/h2>\n\n\n\n<p>En iyi sonu\u00e7lar\u0131 g\u00f6rmek i\u00e7in bir PRP tedavisi k\u00fcr\u00fcn\u00fc tamamlaman\u0131z gerekecektir. \u0130lk veya ikinci tedaviden sonra sa\u00e7\u0131n\u0131z\u0131n kal\u0131nl\u0131\u011f\u0131nda veya yo\u011funlu\u011funda iyile\u015fmeler g\u00f6rmeye ba\u015flayabilirsiniz.&nbsp;<\/p>\n\n\n\n<p>3-4 ay sonra yeni sa\u00e7 b\u00fcy\u00fcmesini g\u00f6rmeye ba\u015flamal\u0131s\u0131n\u0131z. Bu, \u00f6n\u00fcm\u00fczdeki y\u0131l boyunca iyile\u015fmeye devam etmelidir. Herkes ayn\u0131 sonu\u00e7lar\u0131 deneyimlemeyecektir. Ya\u015f\u0131n\u0131z, geneti\u011finiz ve genel sa\u011fl\u0131\u011f\u0131n\u0131z gibi fakt\u00f6rler bu tedaviye ne kadar iyi yan\u0131t verece\u011finizi etkileyebilir.&nbsp;<\/p>\n\n\n\n<p>Sa\u00e7lar\u0131n\u0131z yeni b\u00fcy\u00fcme d\u00f6ng\u00fclerinden ge\u00e7erken, bu tedavinin sonu\u00e7lar\u0131 kal\u0131c\u0131 olmayabilir. Bu nedenle sonu\u00e7lar\u0131n\u0131z\u0131 korumak i\u00e7in her 12-18 ayda bir PRP tedavisini tamamlaman\u0131z\u0131 \u00f6neriyoruz.<\/p>\n\n\n\n<h2 class=\"wp-block-heading\" id=\"why-choose-derma-aesthetics-london-for-thinning-hair-treatments\">Seyrek sa\u00e7 tedavisi i\u00e7in neden Derma Aesthetics London&#039;\u0131 se\u00e7melisiniz?<\/h2>\n\n\n\n<p>PRP sa\u00e7 d\u00f6k\u00fclmesi tedavilerinde uzmanla\u015fm\u0131\u015f g\u00fcvenilir bir klinik i\u00e7in Derma Aesthetics London&#039;dan ba\u015fkas\u0131na bakmay\u0131n. Sa\u00e7lar\u0131 incelmeye ba\u015flayan veya sa\u00e7 d\u00f6k\u00fclmesi ya\u015fayan hem erkeklere hem de kad\u0131nlara yard\u0131mc\u0131 oluyoruz. Profesyonel ekibimiz, sa\u00e7 b\u00fcy\u00fcme hedeflerinize ula\u015fman\u0131za yard\u0131mc\u0131 olmak i\u00e7in yolculu\u011funuzun her ad\u0131m\u0131nda size destek olabilir.&nbsp;<\/p>\n\n\n\n<p>Bak\u0131m\u0131n\u0131z ve iyili\u011finiz bizim bir numaral\u0131 \u00f6nceli\u011fimizdir. PRP sa\u00e7 tedavisi hakk\u0131nda size net ve d\u00fcr\u00fcst tavsiyelerde bulunacak olan doktorumuzla g\u00f6r\u00fc\u015feceksiniz. Sa\u00e7\u0131n\u0131z\u0131n nerede inceldi\u011fini ve ne kadar d\u00f6k\u00fcld\u00fc\u011f\u00fcn\u00fc de\u011ferlendirecektir. Bundan sonra sizin i\u00e7in do\u011fru tedavi y\u00f6ntemini \u00f6nerecektir.&nbsp;<\/p>\n\n\n\n<p><a href=\"https:\/\/dermaaestheticslondon.com\/tr\/contact\/\">\u0130LET\u0130\u015e\u0130ME GE\u00c7\u0130N<\/a><\/p>\n\n\n\n<h2 class=\"wp-block-heading\" id=\"how-to-find-our-central-london-clinic\">Londra&#039;n\u0131n merkezindeki klini\u011fimizi nas\u0131l bulabilirsiniz?<\/h2>\n\n\n\n<p>Derma Aesthetics London klini\u011fini, \u00e7ok say\u0131da \u00f6zel sa\u011fl\u0131k ve estetik t\u0131p uzman\u0131n\u0131n bulundu\u011fu Harley Street&#039;te bulabilirsiniz. Ayr\u0131ca Oxford Street&#039;e k\u0131sa bir y\u00fcr\u00fcy\u00fc\u015f mesafesindeyiz, bu sayede tedavinizden sonra al\u0131\u015fveri\u015fin tad\u0131n\u0131 \u00e7\u0131karabilirsiniz.&nbsp;<\/p>\n\n\n\n<p>Oxford Circus Metro \u0130stasyonu&#039;na on dakikal\u0131k y\u00fcr\u00fcme mesafesindeyiz. Arabayla seyahat ediyorsan\u0131z, Harley Street&#039;te bol miktarda \u00fccretli ve g\u00f6r\u00fcnt\u00fcl\u00fc park yeri mevcuttur.&nbsp;<\/p>\n\n\n\n<h2 class=\"wp-block-heading\" id=\"address\">Adres<\/h2>\n\n\n\n<p>39 Harley St, Londra, W1G 8QH<\/p>\n\n\n<style><\/style><style><\/style>\n<iframe src=\"https:\/\/www.google.com\/maps\/embed?pb=!1m14!1m8!1m3!1d9930.899153256332!2d-0.1468513!3d51.5182649!3m2!1i1024!2i768!4f13.1!3m3!1m2!1s0x487611e416322439%3A0xb84cf932b11cbe62!2sDerma%20Aesthetics%20London!5e0!3m2!1sen!2suk!4v1699790340707!5m2!1sen!2suk\" width=\"600\" height=\"450\" style=\"border:0;\" allowfullscreen=\"\" loading=\"lazy\" referrerpolicy=\"no-referrer-when-downgrade\"><\/iframe>","protected":false},"excerpt":{"rendered":"<p>Londra&#039;daki PRP Sa\u00e7, sa\u00e7lar\u0131 incelmi\u015f veya d\u00f6k\u00fclm\u00fc\u015f erkekler ve kad\u0131nlar i\u00e7in en iyi tedavilerden biridir. Dan\u0131\u015fma randevusu almak i\u00e7in ekibimizle ileti\u015fime ge\u00e7in.<\/p>","protected":false},"author":2,"featured_media":1975,"parent":0,"menu_order":120,"comment_status":"closed","ping_status":"closed","template":"","meta":{"_gspb_post_css":"","pgc_sgb_lightbox_settings":"","footnotes":""},"class_list":["post-2273","page","type-page","status-publish","has-post-thumbnail","hentry"],"blocksy_meta":{"page_structure_type":"type-1","styles_descriptor":{"styles":{"desktop":"","tablet":"","mobile":""},"google_fonts":[],"version":6}},"_links":{"self":[{"href":"https:\/\/dermaaestheticslondon.com\/tr\/wp-json\/wp\/v2\/pages\/2273","targetHints":{"allow":["GET"]}}],"collection":[{"href":"https:\/\/dermaaestheticslondon.com\/tr\/wp-json\/wp\/v2\/pages"}],"about":[{"href":"https:\/\/dermaaestheticslondon.com\/tr\/wp-json\/wp\/v2\/types\/page"}],"author":[{"embeddable":true,"href":"https:\/\/dermaaestheticslondon.com\/tr\/wp-json\/wp\/v2\/users\/2"}],"replies":[{"embeddable":true,"href":"https:\/\/dermaaestheticslondon.com\/tr\/wp-json\/wp\/v2\/comments?post=2273"}],"version-history":[{"count":5,"href":"https:\/\/dermaaestheticslondon.com\/tr\/wp-json\/wp\/v2\/pages\/2273\/revisions"}],"predecessor-version":[{"id":2464,"href":"https:\/\/dermaaestheticslondon.com\/tr\/wp-json\/wp\/v2\/pages\/2273\/revisions\/2464"}],"wp:featuredmedia":[{"embeddable":true,"href":"https:\/\/dermaaestheticslondon.com\/tr\/wp-json\/wp\/v2\/media\/1975"}],"wp:attachment":[{"href":"https:\/\/dermaaestheticslondon.com\/tr\/wp-json\/wp\/v2\/media?parent=2273"}],"curies":[{"name":"wp","href":"https:\/\/api.w.org\/{rel}","templated":true}]}}