{"id":2275,"date":"2024-01-31T12:16:28","date_gmt":"2024-01-31T12:16:28","guid":{"rendered":"https:\/\/dermaaestheticslondon.com\/wordpress\/tear-trough-filler-london\/"},"modified":"2025-01-30T13:07:45","modified_gmt":"2025-01-30T13:07:45","slug":"tear-trough-filler-london","status":"publish","type":"page","link":"https:\/\/dermaaestheticslondon.com\/tr\/tear-trough-filler-london\/","title":{"rendered":"G\u00f6zya\u015f\u0131 Olu\u011fu Dolgusu Londra"},"content":{"rendered":"<p>Aynaya bakt\u0131\u011f\u0131n\u0131zda g\u00f6z altlar\u0131n\u0131zda koyu halkalar ve \u00e7ukurlar g\u00f6rmekten b\u0131kt\u0131n\u0131z m\u0131? Cevab\u0131n\u0131z evetse, d\u00fc\u015f\u00fcnmenin zaman\u0131 geldi&nbsp;<strong>Londra&#039;da g\u00f6zya\u015f\u0131 olu\u011fu dolgusu<\/strong>&nbsp;Derma Estetik Londra ile.<\/p>\n\n\n\n<p><a href=\"\/tr\/treatments\/tear-trough\/\" data-type=\"treatment\" data-id=\"1345\">G\u00f6zya\u015f\u0131 olu\u011fu dolgusu<\/a>\u00a0veya g\u00f6z alt\u0131 dolgular\u0131, g\u00f6zlerimizin yorgun g\u00f6r\u00fcnmesine neden olan yayg\u0131n endi\u015feleri hedefler. Koyu halkalar\u0131 azaltmak, \u00e7ukur cildi dolgunla\u015ft\u0131rmak ve g\u00f6z alt\u0131 b\u00f6lgenizi p\u00fcr\u00fczs\u00fczle\u015ftirmek i\u00e7in dermal dolgular kullan\u0131rlar. Sonu\u00e7 olarak, daha tazelenmi\u015f ve gen\u00e7 bir g\u00f6r\u00fcn\u00fcme kavu\u015fursunuz.<\/p>\n\n\n\n<p>Derma Aesthetics London&#039;da, g\u00f6z alt\u0131 dolgusu konusunda uzmanla\u015fm\u0131\u015f yetenekli profesyonellerimizin ellerinde olacaks\u0131n\u0131z. Size do\u011fal g\u00f6r\u00fcn\u00fcml\u00fc sonu\u00e7lar verecek bir dizi dermal dolgu tedavisini g\u00fcvenli bir \u015fekilde sa\u011flamak i\u00e7in bilgi ve deneyime sahibiz.&nbsp;<\/p>\n\n\n\n<p>Daha parlak g\u00f6r\u00fcnen g\u00f6zler g\u00f6rmeye haz\u0131rsan\u0131z, g\u00f6zya\u015f\u0131 olu\u011fu tedavisi dan\u0131\u015fmanl\u0131\u011f\u0131n\u0131z\u0131 almak i\u00e7in bug\u00fcn bizimle ileti\u015fime ge\u00e7in.&nbsp;<\/p>\n\n\n\n<p><a href=\"https:\/\/dermaaestheticslondon.com\/tr\/contact\/\">DANI\u015eMA RANDEVUSU ALIN<\/a><\/p>\n\n\n\n<div class=\"wp-block-greenshift-blocks-image gspb_image gspb_image-id-gsbp-e5aef07\" id=\"gspb_image-id-gsbp-e5aef07\"><img decoding=\"async\" src=\"https:\/\/dermaaestheticslondon.com\/wordpress\/wp-content\/uploads\/2024\/06\/before-and-after-tear-trough-filler-2.webp\" data-src=\"\" alt=\"before and after tear trough filler 2\" loading=\"lazy\" width=\"1024\" height=\"1024\"\/><\/div>\n\n\n\n<h2 class=\"wp-block-heading\" id=\"what-is-causing-my-dark-circles-and-hollow-under-eyes\">G\u00f6z altlar\u0131mda olu\u015fan koyu halkalara ve \u00e7\u00f6k\u00fckl\u00fc\u011fe ne sebep oluyor?<\/h2>\n\n\n\n<p>G\u00f6zya\u015f\u0131 olu\u011fu dolgusu tedavisi hakk\u0131nda daha fazla bilgi vermeden \u00f6nce, neden koyu halkalar geli\u015ftirdi\u011fimizi anlamak faydal\u0131 olacakt\u0131r. Koyu bir g\u00f6zya\u015f\u0131 olu\u011fu b\u00f6lgeniz (g\u00f6z altlar\u0131n\u0131z) varsa, yaln\u0131z de\u011filsiniz. Asl\u0131nda, koyu halkalar hem erkeklerde hem de kad\u0131nlarda yayg\u0131n bir cilt sorunudur.&nbsp;<\/p>\n\n\n\n<p>G\u00f6z alt\u0131 torbalar\u0131 veya g\u00f6z altlar\u0131nda sark\u0131k deri ile koyu halkalar g\u00f6rme e\u011filimindesiniz, bu da ger\u00e7ekte oldu\u011funuzdan daha ya\u015fl\u0131 g\u00f6r\u00fcnmenize neden olur. Bu y\u00fczden bir\u00e7ok insan bunlar\u0131 ya\u015flanmayla ili\u015fkilendirir.&nbsp;<\/p>\n\n\n\n<p>Ya\u015fland\u0131k\u00e7a cildimizdeki kolajen ve ya\u011f kaybederiz, bu da ciltte hacim ve elastikiyet kayb\u0131na neden olur. Cildiniz daha ince hale geldi\u011finden, cildin alt\u0131ndaki kan damarlar\u0131 daha g\u00f6r\u00fcn\u00fcr hale gelir ve bu da koyu halkalar olu\u015fturur.&nbsp;<\/p>\n\n\n\n<p>Ancak koyu halkalar\u0131n ortaya \u00e7\u0131kmas\u0131na neden olan tek \u015fey ya\u015flanmak de\u011fildir. Oyunda rol oynayan di\u011fer fakt\u00f6rler \u015funlard\u0131r:<\/p>\n\n\n\n<ul class=\"wp-block-list\">\n<li>&nbsp; &nbsp; &nbsp; Genetik \u2013 ailede koyu halkalar ve g\u00f6z altlar\u0131nda \u00e7\u00f6k\u00fckl\u00fck \u00f6yk\u00fcs\u00fc&nbsp;<\/li>\n\n\n\n<li>&nbsp; &nbsp; &nbsp; G\u00fcne\u015fe a\u015f\u0131r\u0131 maruz kalma<\/li>\n\n\n\n<li>&nbsp; &nbsp; &nbsp; Uyku eksikli\u011fi<\/li>\n\n\n\n<li>&nbsp; &nbsp; &nbsp; K\u00f6t\u00fc beslenme<\/li>\n\n\n\n<li>&nbsp; &nbsp; &nbsp; Susuz kalma<\/li>\n\n\n\n<li>&nbsp; &nbsp; &nbsp; G\u00f6z yorgunlu\u011fu<\/li>\n\n\n\n<li>&nbsp; &nbsp; &nbsp; Alerjiler<\/li>\n<\/ul>\n\n\n\n<p>G\u00f6z alt\u0131 morluklar\u0131na kal\u0131c\u0131 bir \u00e7\u00f6z\u00fcm olmasa da, g\u00f6z alt\u0131 dolgular\u0131 bunlar\u0131n g\u00f6r\u00fcn\u00fcm\u00fcn\u00fc azaltmaya yard\u0131mc\u0131 olabilir.<\/p>\n\n\n\n<h2 class=\"wp-block-heading\" id=\"what-are-tear-trough-fillers\">G\u00f6zya\u015f\u0131 olu\u011fu dolgular\u0131 nelerdir?<\/h2>\n\n\n\n<p>G\u00f6zya\u015f\u0131 olu\u011fu dolgusu tedavisi h\u0131zl\u0131d\u0131r, invaziv de\u011fildir ve minimum iyile\u015fme s\u00fcresi gerektirir. Koyu halkalar\u0131 hedef alan ve g\u00f6z alt\u0131 b\u00f6lgesini tazeleyen en pop\u00fcler tedavilerden biri haline geliyor.&nbsp;<\/p>\n\n\n\n<p>G\u00f6zya\u015f\u0131 olu\u011fu dolgular\u0131, cildi dolgunla\u015ft\u0131rmaya ve gen\u00e7le\u015ftirmeye yard\u0131mc\u0131 olan g\u00fcvenli ve etkili bir cerrahi olmayan tedavi olan dermal dolguyu kullan\u0131r. Hyaluronik asit i\u00e7eren yumu\u015fak bir enjekte edilebilir jeldir. Bu, g\u00f6zya\u015f\u0131 oluklar\u0131n\u0131za an\u0131nda bir nem deste\u011fi sa\u011flar ve daha sa\u011fl\u0131kl\u0131 g\u00f6r\u00fcnmelerine yard\u0131mc\u0131 olur.<\/p>\n\n\n\n<h3 class=\"wp-block-heading\" id=\"more-about-hyaluronic-acid-filler\">Hyaluronik asit dolgusu hakk\u0131nda daha fazla bilgi<\/h3>\n\n\n\n<p>Hyaluronik asit v\u00fccutta do\u011fal olarak bulunan bir maddedir. Ya\u015fland\u0131k\u00e7a cildimizdeki hyaluronik asit ve kolajen seviyelerini kaybetmeye ba\u015flar\u0131z. Bu y\u00fczden cilt daha k\u0131r\u0131lgan ve ince hale gelir. Ayr\u0131ca \u00e7izgilerin ve k\u0131r\u0131\u015f\u0131kl\u0131klar\u0131n ortaya \u00e7\u0131kmaya ba\u015flamas\u0131n\u0131n nedeni de budur.&nbsp;<\/p>\n\n\n\n<p>Hyaluronik asit cildimizin nemli kalmas\u0131 i\u00e7in hayati \u00f6nem ta\u015f\u0131r. Cildimizin esnek, g\u00fc\u00e7l\u00fc ve esnek g\u00f6r\u00fcnmesini sa\u011flamak da \u00f6nemlidir.&nbsp;<\/p>\n\n\n\n<p>G\u00f6zya\u015f\u0131 olu\u011fu dolgu tedavilerimiz, ya\u015flanma nedeniyle kaybolan hyaluronik asidi geri kazand\u0131rmaya yard\u0131mc\u0131 olmak i\u00e7in hyaluronik asit jeli kullan\u0131r. Ayr\u0131ca cildinizdeki elastin ve kolajen \u00fcretimini de te\u015fvik edebilirler. Bu nedenle, yaln\u0131zca daha nemli bir cilt g\u00f6rmekle kalmaz, ayn\u0131 zamanda daha dolgun ve s\u0131k\u0131 g\u00f6r\u00fcnmeye ba\u015flar.<\/p>\n\n\n\n<p>Bu, g\u00f6zya\u015f\u0131 olu\u011fu dermal dolgular\u0131n\u0131 farkl\u0131 cilt tiplerini hedef alan, \u00e7ok etkili bir tedavi haline getirir<\/p>\n\n\n\n<p>sorunlar. Sadece bir tedaviyle koyu halkalar\u0131n\u0131z\u0131 en aza indirebilir, p\u00fcr\u00fczs\u00fczle\u015ftirebilir ve<\/p>\n\n\n\n<p>\u00e7izgileri ve k\u0131r\u0131\u015f\u0131kl\u0131klar\u0131 azalt\u0131r, g\u00f6z altlar\u0131nda daha gen\u00e7 g\u00f6r\u00fcn\u00fcml\u00fc bir cilde kavu\u015fman\u0131z\u0131 sa\u011flar.<\/p>\n\n\n\n<p><a href=\"https:\/\/dermaaestheticslondon.com\/tr\/contact\/\">B\u0130ZE ULA\u015eIN<\/a><\/p>\n\n\n\n<h2 class=\"wp-block-heading\" id=\"how-does-tear-trough-dermal-filler-treatment-work\">G\u00f6zya\u015f\u0131 olu\u011fu dermal dolgu tedavisi nas\u0131l \u00e7al\u0131\u015f\u0131r?<\/h2>\n\n\n\n<h3 class=\"wp-block-heading\" id=\"your-tear-trough-rejuvenation-consultation\">G\u00f6zya\u015f\u0131 olu\u011fu gen\u00e7le\u015ftirme dan\u0131\u015fmanl\u0131\u011f\u0131n\u0131z&nbsp;<\/h3>\n\n\n\n<p>Londra klini\u011fimizde, Dr. Raja veya Cleo Medeiros ile ilk kons\u00fcltasyonunuzu yaparak yolculu\u011funuza ba\u015flayacaks\u0131n\u0131z. Her ikisi de estetik tedaviler konusunda uzmand\u0131r. Burada sizi tan\u0131yaca\u011f\u0131z, g\u00f6zya\u015f\u0131 olu\u011funuz b\u00f6lgesine ve t\u0131bbi ge\u00e7mi\u015finize bakaca\u011f\u0131z.&nbsp;<\/p>\n\n\n\n<p>Kons\u00fcltasyonunuz s\u0131ras\u0131nda, g\u00f6zya\u015f\u0131 olu\u011fu dolgusu tedavisi hakk\u0131nda da konu\u015faca\u011f\u0131z. Bu, tedavinizden ne bekleyebilece\u011finizi ve hangi sonu\u00e7lar\u0131 g\u00f6rmeyi bekleyebilece\u011finizi i\u00e7erecektir.&nbsp;<\/p>\n\n\n\n<p>Bundan yola \u00e7\u0131karak cildinize uygun, en iyi sonu\u00e7lar\u0131 sa\u011flayacak, size \u00f6zel bir g\u00f6zya\u015f\u0131 olu\u011fu tedavi plan\u0131 geli\u015ftirece\u011fiz.&nbsp;<\/p>\n\n\n\n<h3 class=\"wp-block-heading\" id=\"your-tear-trough-procedure\">G\u00f6zya\u015f\u0131 olu\u011fu prosed\u00fcr\u00fcn\u00fcz<\/h3>\n\n\n\n<p>G\u00f6zya\u015f\u0131 olu\u011fu tedaviniz i\u00e7in geldi\u011finizde, doktor sizinle prosed\u00fcr\u00fc tekrar g\u00f6zden ge\u00e7irecektir. Bu, nas\u0131l \u00e7al\u0131\u015faca\u011f\u0131n\u0131 ve dermal dolgu enjeksiyonlar\u0131n\u0131n nereye gidece\u011fini anlaman\u0131z\u0131 sa\u011flamak i\u00e7indir. Tedaviniz 30 dakikadan uzun s\u00fcrmemelidir.&nbsp;<\/p>\n\n\n\n<p>G\u00f6zya\u015f\u0131 olu\u011fu b\u00f6lgesini temizleyece\u011fiz ve uyu\u015fturucu krem uygulayaca\u011f\u0131z. Bu, tedavinizi olabildi\u011fince konforlu hale getirmeye yard\u0131mc\u0131 olacakt\u0131r.&nbsp;<\/p>\n\n\n\n<p>G\u00f6zya\u015f\u0131 olu\u011fu dolgu enjeksiyonlar\u0131n\u0131z ince bir i\u011fne olan kan\u00fcl arac\u0131l\u0131\u011f\u0131yla enjekte edilecektir. Daha keskin bir i\u011fne yerine bu y\u00f6ntemi kullanarak \u015fi\u015fme ve morarma riskini azaltmaya yard\u0131mc\u0131 olabiliriz. \u00dcr\u00fcn\u00fcn yerle\u015fmesine yard\u0131mc\u0131 olmak i\u00e7in masaj yapabiliriz.<\/p>\n\n\n\n<p>Tedavinizin ard\u0131ndan sonu\u00e7lardan memnun kalman\u0131z\u0131 sa\u011flayabilmemiz i\u00e7in k\u0131sa bir s\u00fcre klinikte kalacaks\u0131n\u0131z.&nbsp;<\/p>\n\n\n\n<h3 class=\"wp-block-heading\" id=\"your-results-and-aftercare-advice\">Sonu\u00e7lar\u0131n\u0131z ve sonras\u0131nda bak\u0131m \u00f6nerileriniz<\/h3>\n\n\n\n<p>G\u00f6zya\u015f\u0131 olu\u011fu tedavinizden hemen sonu\u00e7 g\u00f6rmeyi bekleyebilirsiniz. Ancak nihai sonu\u00e7lar\u0131n\u0131z\u0131n ortaya \u00e7\u0131kmas\u0131 iki haftaya kadar s\u00fcrebilir.&nbsp;<\/p>\n\n\n\n<p>G\u00f6zleriniz 12-18 ay boyunca taze ve koyu halkalardan ar\u0131nm\u0131\u015f g\u00f6r\u00fcnmelidir. Bu her hasta i\u00e7in farkl\u0131d\u0131r, \u00e7\u00fcnk\u00fc v\u00fccudunuzun g\u00f6zya\u015f\u0131 olu\u011fu dolgular\u0131na nas\u0131l tepki verdi\u011fine ba\u011fl\u0131 olacakt\u0131r. Yakla\u015f\u0131k 12 ayl\u0131k bir s\u00fcrenin sonunda bir yenileme randevusuna gelmenizi \u00f6neririz.&nbsp;<\/p>\n\n\n\n<p>Doktorunuz cildinizi korumak ve sonu\u00e7lar\u0131n\u0131zdan en iyi \u015fekilde yararlanmak i\u00e7in size bak\u0131m sonras\u0131 tavsiyelerde bulunacakt\u0131r. Bu, tedaviden sonraki ilk birka\u00e7 saat boyunca makyaj yapmamak veya cilt bak\u0131m \u00fcr\u00fcnleri kullanmamak anlam\u0131na gelir. Ayr\u0131ca, 24-48 saat boyunca yo\u011fun egzersizden ve g\u00fcne\u015fe ve a\u015f\u0131r\u0131 s\u0131ca\u011fa maruz kalmaktan ka\u00e7\u0131nmal\u0131s\u0131n\u0131z.<\/p>\n\n\n\n<h2 class=\"wp-block-heading\" id=\"are-tear-trough-fillers-safe\">G\u00f6zya\u015f\u0131 olu\u011fu dolgular\u0131 g\u00fcvenli midir?<\/h2>\n\n\n\n<p>K\u0131sa cevap, evet, bir g\u00f6z alt\u0131 dolgusu uzman\u0131 se\u00e7ti\u011finizde g\u00fcvenlidirler. Derma Aesthetics London&#039;da, dermal dolgular\u0131n y\u00fcz\u00fcn do\u011fru noktalar\u0131na ve hangi derinli\u011fe enjekte edilece\u011fini biliyoruz. Bu, g\u00fcvenli ve rahat bir tedavi g\u00f6rmenizi sa\u011flar.<\/p>\n\n\n\n<p>Sizin bak\u0131m\u0131n\u0131z ve iyili\u011finiz bizim en b\u00fcy\u00fck \u00f6nceli\u011fimizdir. Bu nedenle her hastaya, g\u00f6zya\u015f\u0131 olu\u011fu dolgusunun onlar i\u00e7in do\u011fru tedavi oldu\u011fundan emin olmak i\u00e7in bir kons\u00fcltasyon veriyoruz.<\/p>\n\n\n\n<h2 class=\"wp-block-heading\" id=\"choose-the-experts-for-tear-trough-filler-london\">G\u00f6zya\u015f\u0131 olu\u011fu dolgusu i\u00e7in Londra&#039;daki uzmanlar\u0131 se\u00e7in<\/h2>\n\n\n\n<p>G\u00f6zya\u015f\u0131 olu\u011fu dolgu tedavisi i\u00e7in bir klinik mi ar\u0131yorsunuz? Derma Aesthetics London&#039;\u0131 ilk tercihiniz yap\u0131n. Dermal dolgular dahil estetik tedaviler sunma konusunda y\u0131llar\u0131n deneyimine sahibiz. Muhte\u015fem, do\u011fal g\u00f6r\u00fcn\u00fcml\u00fc sonu\u00e7lar g\u00f6rmenizi sa\u011flamak i\u00e7in yaln\u0131zca y\u00fcksek kaliteli dermal dolgu markalar\u0131n\u0131 kullan\u0131yoruz.&nbsp;<\/p>\n\n\n\n<p>Cilt tipinize ve cilt hedeflerinize uygun, ki\u015fiye \u00f6zel tedaviler sunmaya inan\u0131yoruz. Bu nedenle, sizin i\u00e7in hangi tedavilerin en iyi \u015fekilde i\u015fe yarayaca\u011f\u0131 konusunda size net ve d\u00fcr\u00fcst tavsiyelerde bulunabilmemiz i\u00e7in ilk g\u00f6r\u00fc\u015fmeyi sunuyoruz. Deste\u011fimizle, kendinizin en iyi versiyonu gibi g\u00f6r\u00fcnmenize yard\u0131mc\u0131 olabiliriz.&nbsp;<\/p>\n\n\n\n<p><a href=\"https:\/\/dermaaestheticslondon.com\/tr\/contact\/\">\u0130LET\u0130\u015e\u0130ME GE\u00c7\u0130N<\/a><\/p>\n\n\n\n<h2 class=\"wp-block-heading\" id=\"how-to-find-our-clinic\">Klini\u011fimizi nas\u0131l bulabilirsiniz?<\/h2>\n\n\n\n<p>Derma Aesthetics London klini\u011fi, \u00e7ok say\u0131da \u00f6zel sa\u011fl\u0131k ve estetik t\u0131p uzman\u0131n\u0131n bulundu\u011fu Harley Street&#039;te yer almaktad\u0131r. Ayr\u0131ca Oxford Street&#039;e k\u0131sa bir y\u00fcr\u00fcy\u00fc\u015f mesafesindeyiz, b\u00f6ylece tedavinizden sonra al\u0131\u015fveri\u015fin tad\u0131n\u0131 \u00e7\u0131karabilirsiniz.&nbsp;<\/p>\n\n\n\n<p>Oxford Circus Metro \u0130stasyonu&#039;na on dakikal\u0131k y\u00fcr\u00fcme mesafesindeyiz. Arabayla seyahat ediyorsan\u0131z, Harley Street&#039;te bol miktarda \u00fccretli ve g\u00f6r\u00fcnt\u00fcl\u00fc park yeri mevcuttur.<\/p>\n\n\n\n<h3 class=\"wp-block-heading\" id=\"address\">Adres<\/h3>\n\n\n\n<p>39 Harley St, Londra, W1G 8QH<\/p>\n\n\n<style><\/style><style><\/style>\n<iframe src=\"https:\/\/www.google.com\/maps\/embed?pb=!1m14!1m8!1m3!1d9930.899153256332!2d-0.1468513!3d51.5182649!3m2!1i1024!2i768!4f13.1!3m3!1m2!1s0x487611e416322439%3A0xb84cf932b11cbe62!2sDerma%20Aesthetics%20London!5e0!3m2!1sen!2suk!4v1699790340707!5m2!1sen!2suk\" width=\"600\" height=\"450\" style=\"border:0;\" allowfullscreen=\"\" loading=\"lazy\" referrerpolicy=\"no-referrer-when-downgrade\"><\/iframe>","protected":false},"excerpt":{"rendered":"<p>Londra&#039;daki doktor liderli\u011findeki klini\u011fimiz, g\u00f6zya\u015f\u0131 olu\u011fu dolgusu ile g\u00f6z alt\u0131ndaki koyu halkalar\u0131 ve \u00e7ukurlar\u0131 azaltman\u0131za yard\u0131mc\u0131 olacakt\u0131r. Bug\u00fcn bizimle ileti\u015fime ge\u00e7in.<\/p>","protected":false},"author":2,"featured_media":2410,"parent":0,"menu_order":140,"comment_status":"closed","ping_status":"closed","template":"","meta":{"_gspb_post_css":"#gspb_image-id-gsbp-e5aef07 img{vertical-align:top;display:inline-block;box-sizing:border-box;max-width:100%;height:auto}","pgc_sgb_lightbox_settings":"","footnotes":""},"class_list":["post-2275","page","type-page","status-publish","has-post-thumbnail","hentry"],"blocksy_meta":{"page_structure_type":"type-1","styles_descriptor":{"styles":{"desktop":"","tablet":"","mobile":""},"google_fonts":[],"version":6}},"_links":{"self":[{"href":"https:\/\/dermaaestheticslondon.com\/tr\/wp-json\/wp\/v2\/pages\/2275","targetHints":{"allow":["GET"]}}],"collection":[{"href":"https:\/\/dermaaestheticslondon.com\/tr\/wp-json\/wp\/v2\/pages"}],"about":[{"href":"https:\/\/dermaaestheticslondon.com\/tr\/wp-json\/wp\/v2\/types\/page"}],"author":[{"embeddable":true,"href":"https:\/\/dermaaestheticslondon.com\/tr\/wp-json\/wp\/v2\/users\/2"}],"replies":[{"embeddable":true,"href":"https:\/\/dermaaestheticslondon.com\/tr\/wp-json\/wp\/v2\/comments?post=2275"}],"version-history":[{"count":5,"href":"https:\/\/dermaaestheticslondon.com\/tr\/wp-json\/wp\/v2\/pages\/2275\/revisions"}],"predecessor-version":[{"id":2446,"href":"https:\/\/dermaaestheticslondon.com\/tr\/wp-json\/wp\/v2\/pages\/2275\/revisions\/2446"}],"wp:featuredmedia":[{"embeddable":true,"href":"https:\/\/dermaaestheticslondon.com\/tr\/wp-json\/wp\/v2\/media\/2410"}],"wp:attachment":[{"href":"https:\/\/dermaaestheticslondon.com\/tr\/wp-json\/wp\/v2\/media?parent=2275"}],"curies":[{"name":"wp","href":"https:\/\/api.w.org\/{rel}","templated":true}]}}