{"id":2663,"date":"2024-08-19T11:42:31","date_gmt":"2024-08-19T10:42:31","guid":{"rendered":"https:\/\/dermaaestheticslondon.com\/?p=2663"},"modified":"2025-01-30T12:47:50","modified_gmt":"2025-01-30T12:47:50","slug":"dermal-fillers-london","status":"publish","type":"page","link":"https:\/\/dermaaestheticslondon.com\/tr\/dermal-fillers-london\/","title":{"rendered":"Dermal Dolgular Londra"},"content":{"rendered":"<p>E\u011fer en iyisini istiyorsan <strong>Londra&#039;da dermal dolgular<\/strong>Derma estetik Londra&#039;n\u0131n uzman ekibinden ba\u015fkas\u0131na bakmay\u0131n.&nbsp;<\/p>\n\n\n\n<p><a href=\"https:\/\/dermaaestheticslondon.com\/tr\/treatments\/#derma-fillers\">Dermal dolgular<\/a> veya dermal dolgu enjeksiyonlar\u0131, y\u00fcz hatlar\u0131n\u0131z\u0131 geli\u015ftirmek i\u00e7in en pop\u00fcler kozmetik tedavilerden biridir. Y\u00fczdeki kaybolan hacmi geri kazand\u0131rmak, sark\u0131k cildi kald\u0131rmak ve size daha gen\u00e7 bir g\u00f6r\u00fcn\u00fcm kazand\u0131rmak i\u00e7in dermal dolgu kullan\u0131r\u0131z.&nbsp;<\/p>\n\n\n\n<p>Do\u011fal olarak ince olan dudaklar\u0131n\u0131z\u0131 dolgunla\u015ft\u0131rmaktan yanaklar\u0131n\u0131za ve \u00e7ene hatt\u0131n\u0131za \u015fekil vermeye kadar, dermal dolgu tedavilerimiz kendinizin en iyi versiyonu gibi g\u00f6r\u00fcnmenize yard\u0131mc\u0131 olacak.&nbsp;<\/p>\n\n\n\n<p>Dermal dolgularla do\u011fal g\u00f6r\u00fcn\u00fcml\u00fc sonu\u00e7lar sa\u011flama konusunda y\u0131llar\u0131n deneyimine sahip yetenekli bir estetik doktorunun ellerinde olacaks\u0131n\u0131z. Derma Aesthetics London&#039;da, hastalar\u0131m\u0131zla birlikte y\u00fcz hatlar\u0131n\u0131z\u0131 ve derin \u00e7izgilerinizi ve k\u0131r\u0131\u015f\u0131kl\u0131klar\u0131n\u0131z\u0131 yumu\u015fatmaya yard\u0131mc\u0131 olacak \u00f6zel bir tedavi plan\u0131 geli\u015ftirmek i\u00e7in \u00e7al\u0131\u015f\u0131yoruz.&nbsp;<\/p>\n\n\n\n<p>Tedavilerimiz ve bizim hakk\u0131m\u0131zda daha fazla bilgi edinmek i\u00e7in \u00f6ncelikle Londra klini\u011fimizde dermal dolgu dan\u0131\u015fmanl\u0131\u011f\u0131 randevunuzu al\u0131n.&nbsp;<\/p>\n\n\n\n<p><a href=\"https:\/\/dermaaestheticslondon.com\/tr\/contact\/\">DANI\u015eMA RANDEVUSU ALIN<\/a><\/p>\n\n\n\n<figure class=\"wp-block-image size-full is-resized\"><img decoding=\"async\" width=\"1024\" height=\"1024\" src=\"https:\/\/dermaaestheticslondon.com\/wordpress\/wp-content\/uploads\/2024\/01\/marionette-lines-2.webp\" alt=\"Dermal Fillers London\" class=\"wp-image-1646\" style=\"width:525px;height:auto\" srcset=\"https:\/\/dermaaestheticslondon.com\/wordpress\/wp-content\/uploads\/2024\/01\/marionette-lines-2.webp 1024w, https:\/\/dermaaestheticslondon.com\/wordpress\/wp-content\/uploads\/2024\/01\/marionette-lines-2-300x300.webp 300w, https:\/\/dermaaestheticslondon.com\/wordpress\/wp-content\/uploads\/2024\/01\/marionette-lines-2-150x150.webp 150w, https:\/\/dermaaestheticslondon.com\/wordpress\/wp-content\/uploads\/2024\/01\/marionette-lines-2-768x768.webp 768w, https:\/\/dermaaestheticslondon.com\/wordpress\/wp-content\/uploads\/2024\/01\/marionette-lines-2-12x12.webp 12w\" sizes=\"(max-width: 1024px) 100vw, 1024px\" \/><\/figure>\n\n\n\n<h2 class=\"wp-block-heading\" id=\"what-is-jawline-filler-treatment\">Dermal dolgular nelerdir?<\/h2>\n\n\n\n<p>Muhtemelen dudak dolgusu, g\u00f6z alt\u0131 dolgusu, burun dolgusu veya yanak dolgusu yapt\u0131ran ki\u015fileri duymu\u015fsunuzdur, ancak bunlar ger\u00e7ekte nedir?<\/p>\n\n\n\n<p>Dermal dolgular, cerrahi rinoplasti gibi cerrahi prosed\u00fcrlere minimal invaziv bir alternatiftir. Hyaluronik asitten yap\u0131lm\u0131\u015f yumu\u015fak bir enjekte edilebilir jeldir. Ya\u015fa ba\u011fl\u0131 olarak \u00e7\u00f6km\u00fc\u015f veya sarkm\u0131\u015f y\u00fcz b\u00f6lgelerine hacim kazand\u0131rarak \u00e7al\u0131\u015f\u0131rlar. Ayr\u0131ca y\u00fcz hatlar\u0131n\u0131 d\u00fczeltmeye ve a\u011f\u0131z \u00e7izgileri veya kukla \u00e7izgileri gibi \u00e7izgileri ve k\u0131r\u0131\u015f\u0131kl\u0131klar\u0131 azaltmaya yard\u0131mc\u0131 olurlar.&nbsp;<\/p>\n\n\n\n<h3 class=\"wp-block-heading\" id=\"what-types-of-fillers-are-there\">Dolgu maddeleri nelerdir?<\/h3>\n\n\n\n<p>Piyasada bir\u00e7ok dermal dolgu t\u00fcr\u00fc bulunmaktad\u0131r. Ancak en yayg\u0131n olan\u0131 hyaluronik asit dolgular\u0131d\u0131r. Bunun nedeni, y\u00fcz hatlar\u0131n\u0131 geli\u015ftirmek i\u00e7in en do\u011fal sonu\u00e7lar\u0131 sa\u011flamalar\u0131d\u0131r.<\/p>\n\n\n\n<p>Hyaluronik asit, cilde yap\u0131 kazand\u0131rmaya ve dolgun ve sa\u011fl\u0131kl\u0131 g\u00f6r\u00fcnmesini sa\u011flamaya yard\u0131mc\u0131 olan do\u011fal olarak olu\u015fan bir maddedir. Ya\u015fland\u0131k\u00e7a hyaluronik asit seviyelerini kaybetmeye ba\u015flar\u0131z, bu y\u00fczden cildimiz ince ve daha k\u0131r\u0131lgan g\u00f6r\u00fcnmeye ba\u015flar.&nbsp;<\/p>\n\n\n\n<p>Hyaluronik asit dolgusu enjekte ederek cildinizdeki kaybolan hyaluronik asidin bir k\u0131sm\u0131n\u0131 geri kazanman\u0131za yard\u0131mc\u0131 olabiliriz. Bu sadece y\u00fcz\u00fcn \u00e7\u00f6k\u00fck b\u00f6lgelerine hacim kazand\u0131rmakla kalmayacak, ayn\u0131 zamanda nemini de art\u0131racak ve cildinize sa\u011fl\u0131kl\u0131 ve daha gen\u00e7 bir g\u00f6r\u00fcn\u00fcm kazand\u0131racakt\u0131r.&nbsp;<\/p>\n\n\n\n<p>Derma Aesthetics London&#039;da, istedi\u011finiz g\u00f6r\u00fcn\u00fcme kavu\u015fman\u0131za yard\u0131mc\u0131 olmak i\u00e7in y\u00fcksek kaliteli hyaluronik asit dolgular\u0131 kullan\u0131yoruz.&nbsp;<\/p>\n\n\n\n<h2 class=\"wp-block-heading\" id=\"what-areas-can-you-have-dermal-filler-treatment-in\">Hangi b\u00f6lgelere dermal dolgu tedavisi uygulanabilir?<\/h2>\n\n\n\n<p>Uzman estetik doktorumuz a\u015fa\u011f\u0131daki b\u00f6lgelerde dermal dolgu tedavilerini ger\u00e7ekle\u015ftirebilmektedir:<\/p>\n\n\n\n<p>\u00b7 Dermal dudak dolgular\u0131<\/p>\n\n\n\n<p>\u00b7 G\u00f6z alt\u0131 morluklar\u0131 i\u00e7in g\u00f6zya\u015f\u0131 olu\u011fu dolgular\u0131 (g\u00f6z alt\u0131 dolgular\u0131)<\/p>\n\n\n\n<p>\u00b7 Yanak dolgular\u0131<\/p>\n\n\n\n<p>\u00b7 \u00c7ene dolgular\u0131<\/p>\n\n\n\n<p>\u00b7 \u00c7ene dolgular\u0131<\/p>\n\n\n\n<p>\u00b7 Ameliyats\u0131z rinoplasti (burun dolgusu)<\/p>\n\n\n\n<p>\u00b7 G\u00fclme \u00e7izgileri veya g\u00fcl\u00fcmseme \u00e7izgileri<\/p>\n\n\n\n<p>\u00b7 Kukla \u00e7izgileri&nbsp;<\/p>\n\n\n\n<p>\u00b7 Nazolabial k\u0131vr\u0131mlar (burun-a\u011f\u0131z \u00e7izgileri)<\/p>\n\n\n\n<p>Neden \u00fcr\u00fcn yelpazemize bir g\u00f6z atm\u0131yorsunuz? <a href=\"https:\/\/dermaaestheticslondon.com\/tr\/treatments\/#derma-fillers\">dermal dolgu tedavileri<\/a> Her biri hakk\u0131nda daha fazla bilgi edinmek i\u00e7in.&nbsp;<\/p>\n\n\n\n<h2 class=\"wp-block-heading\" id=\"are-dermal-fillers-the-same-as-anti-wrinkle-injections\">Dermal dolgu maddeleri k\u0131r\u0131\u015f\u0131kl\u0131k kar\u015f\u0131t\u0131 enjeksiyonlarla ayn\u0131 m\u0131d\u0131r?<\/h2>\n\n\n\n<p>Bunun k\u0131sa cevab\u0131 hay\u0131r. Her tedavi farkl\u0131 \u015feyleri hedefler ve farkl\u0131 sonu\u00e7lar \u00fcretir.&nbsp;<\/p>\n\n\n\n<p>Dermal dolgular y\u00fczdeki dolgunlu\u011fu art\u0131rmaya ve hacmi geri kazand\u0131rmaya yard\u0131mc\u0131 olur. Bunlara dudak dolgular\u0131, burun dolgular\u0131 ve yanak dolgular\u0131 dahildir. Ayr\u0131ca y\u00fcz kaslar\u0131m\u0131z\u0131 kullanmay\u0131 b\u0131rakt\u0131ktan sonra bile y\u00fczde kalan statik y\u00fcz \u00e7izgilerini ve k\u0131r\u0131\u015f\u0131kl\u0131klar\u0131 yumu\u015fatmaya \u00e7al\u0131\u015f\u0131rlar.&nbsp;<\/p>\n\n\n\n<p><a href=\"https:\/\/dermaaestheticslondon.com\/tr\/treatments\/#anti-wrinkle-treatments\">K\u0131r\u0131\u015f\u0131kl\u0131k kar\u015f\u0131t\u0131 enjeksiyonlar<\/a>\u00d6te yandan, y\u00fczdeki ince \u00e7izgileri ve k\u0131r\u0131\u015f\u0131kl\u0131klar\u0131 hedef al\u0131r. Bunlara ayr\u0131ca g\u00fcl\u00fcmsedi\u011fimizde, kahkaha att\u0131\u011f\u0131m\u0131zda veya ka\u015flar\u0131m\u0131z\u0131 \u00e7att\u0131\u011f\u0131m\u0131zda olu\u015fan dinamik k\u0131r\u0131\u015f\u0131kl\u0131klar da denir. Y\u00fcz kaslar\u0131n\u0131 k\u0131sa bir s\u00fcreli\u011fine gev\u015feterek \u00e7al\u0131\u015f\u0131rlar, bu da \u00e7izgilerin ve k\u0131r\u0131\u015f\u0131kl\u0131klar\u0131n g\u00f6r\u00fcn\u00fcm\u00fcn\u00fc azalt\u0131r.&nbsp;<\/p>\n\n\n\n<p>K\u0131r\u0131\u015f\u0131kl\u0131k kar\u015f\u0131t\u0131 tedavinin en yayg\u0131n uyguland\u0131\u011f\u0131 b\u00f6lgeler aras\u0131nda ka\u015f \u00e7atma \u00e7izgileri, al\u0131n \u00e7izgileri ve kaz ayaklar\u0131 bulunur. K\u0131r\u0131\u015f\u0131kl\u0131k kar\u015f\u0131t\u0131 enjeksiyonlar ayr\u0131ca a\u015f\u0131r\u0131 koltuk alt\u0131 terlemesini azaltmaya yard\u0131mc\u0131 olabilir.&nbsp;<\/p>\n\n\n\n<p>Baz\u0131 hastalar sadece tedavilerden birine ihtiya\u00e7 duyabilir. Ancak di\u011fer hastalar daha gen\u00e7 bir g\u00f6r\u00fcn\u00fcm elde etmek i\u00e7in dermal dolgu tedavisini k\u0131r\u0131\u015f\u0131kl\u0131k kar\u015f\u0131t\u0131 enjeksiyonlarla birle\u015ftirebilir. Doktorunuz cilt endi\u015felerinizi de\u011ferlendirecek ve sizin i\u00e7in en iyi tedavi y\u00f6ntemine karar verecektir.&nbsp;<\/p>\n\n\n\n<h2 class=\"wp-block-heading\" id=\"what-happens-during-dermal-filler-treatments\">Dermal dolgu tedavileri s\u0131ras\u0131nda neler ya\u015fan\u0131r?<\/h2>\n\n\n\n<h3 class=\"wp-block-heading\" id=\"the-initial-consultation\">\u0130lk dan\u0131\u015fma&nbsp;<\/h3>\n\n\n\n<p>Dermal dolgu tedavisi yapt\u0131rmadan \u00f6nce, cilt sorunlar\u0131n\u0131z\u0131 de\u011ferlendirecek ve t\u0131bbi ge\u00e7mi\u015finize bakacak olan Dr. Raja ile g\u00f6r\u00fc\u015fmeniz gerekecektir. Ayr\u0131ca, dermal dolgu prosed\u00fcrleri ve tedaviden ne gibi sonu\u00e7lar bekleyebilece\u011finiz konusunda sizinle konu\u015facakt\u0131r.&nbsp;<\/p>\n\n\n\n<p>Kons\u00fcltasyon ayn\u0131 zamanda akl\u0131n\u0131za tak\u0131lan sorular\u0131 sorman\u0131z i\u00e7in bir f\u0131rsatt\u0131r. Tedavi hakk\u0131nda verece\u011finiz her kararda rahat ve kendinize g\u00fcvenen hissetmenizi istiyoruz, bu y\u00fczden akl\u0131n\u0131za tak\u0131lan her \u015feyi bize sorman\u0131z\u0131 her zaman te\u015fvik ediyoruz.&nbsp;<\/p>\n\n\n\n<p>Dr. Raja, dermal dolgu tedavinizi cilt hedeflerinize g\u00f6re uyarlayacakt\u0131r. Bu, her tedavinin farkl\u0131 ve hastan\u0131n ihtiya\u00e7lar\u0131na g\u00f6re benzersiz oldu\u011fu anlam\u0131na gelir.&nbsp;<\/p>\n\n\n\n<h3 class=\"wp-block-heading\" id=\"the-dermal-filler-procedure\">Dermal dolgu prosed\u00fcr\u00fc&nbsp;<\/h3>\n\n\n\n<p>Dermal dolgu randevunuz s\u0131ras\u0131nda Dr. Raja sizinle tedavi s\u00fcrecini konu\u015facakt\u0131r.<\/p>\n\n\n\n<p>bir kez daha. Derma dolgusunun sonu\u00e7lar\u0131 elde etmek i\u00e7in nas\u0131l kullan\u0131laca\u011f\u0131n\u0131 tart\u0131\u015facak<\/p>\n\n\n\n<p>ne t\u00fcr yan etkiler bekledi\u011finizi ve ne t\u00fcr yan etkiler bekledi\u011finizi belirtin.<\/p>\n\n\n\n<p>Y\u00fcz\u00fcn\u00fcz\u00fcn hangi b\u00f6lgelerine dermal dolgu uygulanaca\u011f\u0131na ba\u011fl\u0131 olarak, tedavinizin tamamlanmas\u0131 yakla\u015f\u0131k 30-60 dakika s\u00fcrecektir.&nbsp;<\/p>\n\n\n\n<p>S\u0131k s\u0131k \u015fu soruyu al\u0131yoruz: Dermal dolgular ac\u0131t\u0131r m\u0131? \u00c7o\u011fu hasta i\u00e7in olduk\u00e7a rahat bir tedavidir. \u0130\u011fnenin \u00e7izilmesini ve i\u011fneden gelen hafif bir bas\u0131nc\u0131 hissedeceksiniz. Tedavinizi daha rahat hale getirmek i\u00e7in \u00f6nce cilde topikal bir uyu\u015fturucu krem uygulayabiliriz.&nbsp;<\/p>\n\n\n\n<p>Dermal dolgular\u0131 bir kan\u00fcl veya \u00e7ok k\u00fc\u00e7\u00fck bir i\u011fne kullanarak enjekte ediyoruz. Bu, dermal dolgunun y\u00fcz\u00fcn do\u011fru b\u00f6lgelerine tam olarak yerle\u015ftirilmesini sa\u011flamaya yard\u0131mc\u0131 olur. Ayr\u0131ca morarma ve \u015fi\u015fme riskini azaltmaya yard\u0131mc\u0131 olur.&nbsp;<\/p>\n\n\n\n<h3 class=\"wp-block-heading\" id=\"dermal-filler-treatment-results\">Dermal dolgu tedavisi sonu\u00e7lar\u0131<\/h3>\n\n\n\n<p>Dermal dolgular\u0131n\u0131z\u0131n sonu\u00e7lar\u0131n\u0131 hemen g\u00f6rmeye ba\u015flayacaks\u0131n\u0131z. Hafif bir<\/p>\n\n\n\n<p>Enjeksiyon noktalar\u0131n\u0131n etraf\u0131nda \u015fi\u015flik veya morarma olabilir, ancak bu ilk 24-48 saat i\u00e7inde azalacakt\u0131r. Doktorunuz cildinize bakman\u0131za ve sonu\u00e7lar\u0131n\u0131zdan en iyi \u015fekilde yararlanman\u0131za yard\u0131mc\u0131 olmak i\u00e7in size sonras\u0131nda bak\u0131m tavsiyeleri verecektir.<\/p>\n\n\n\n<p>Hemen baz\u0131 sonu\u00e7lar g\u00f6receksiniz. Dermal dolgunun tamamen yerle\u015fmesi ve nihai sonu\u00e7lar\u0131n\u0131z\u0131n ortaya \u00e7\u0131kmas\u0131 1-2 hafta s\u00fcrebilir.&nbsp;<\/p>\n\n\n\n<p>Tedavi g\u00f6rd\u00fc\u011f\u00fcn\u00fcz b\u00f6lgeye ba\u011fl\u0131 olarak, dermal dolgular\u0131n\u0131z 6 ila 18 ay aras\u0131nda kal\u0131c\u0131 olabilir. Bu ayr\u0131ca tedaviye nas\u0131l yan\u0131t verdi\u011finize ve v\u00fccudunuzun dolgular\u0131 ne kadar \u00e7abuk par\u00e7alad\u0131\u011f\u0131na da ba\u011fl\u0131 olacakt\u0131r.&nbsp;<\/p>\n\n\n\n<p>Yakla\u015f\u0131k alt\u0131 ayl\u0131k bir s\u00fcrenin sonunda, klini\u011fe gelip bir takviye tedavisi yapt\u0131rmaya karar verebilirsiniz. Bu \u00f6zellikle dudak dolgusu yapt\u0131ran hastalar i\u00e7in ge\u00e7erlidir. Bu, sonu\u00e7lar\u0131n\u0131z\u0131 koruman\u0131za ve daha gen\u00e7 g\u00f6r\u00fcnmenizi sa\u011flaman\u0131za yard\u0131mc\u0131 olacakt\u0131r.&nbsp;<\/p>\n\n\n\n<h2 class=\"wp-block-heading\" id=\"are-dermal-fillers-safe\">Dermal dolgular g\u00fcvenli midir?<\/h2>\n\n\n\n<p>Dermal dolgular e\u011fitimli bir t\u0131p uzman\u0131 taraf\u0131ndan yap\u0131ld\u0131\u011f\u0131nda g\u00fcvenli ve etkili bir tedavidir. Herhangi bir dermal dolgu tedavisi yapt\u0131rmadan \u00f6nce her zaman bir estetik doktoru veya hem\u015fire uygulay\u0131c\u0131s\u0131na dan\u0131\u015fmal\u0131s\u0131n\u0131z.<\/p>\n\n\n\n<p>Derma Aesthetics London&#039;da, estetik tedaviler konusunda uzman olan Dr. Raja ile tedavi g\u00f6receksiniz. Y\u00fcz anatomisini ve do\u011fal g\u00f6r\u00fcn\u00fcml\u00fc bir sonu\u00e7 elde etmek i\u00e7in hangi noktalara g\u00fcvenli bir \u015fekilde dermal dolgu enjekte edebilece\u011finizi biliyor.<\/p>\n\n\n\n<h2 class=\"wp-block-heading\" id=\"book-a-consultation-with-the-dermal-filler-experts-in-london\">Londra&#039;daki dermal dolgu uzmanlar\u0131yla bir kons\u00fcltasyon randevusu al\u0131n&nbsp;<\/h2>\n\n\n\n<p>Dermal dolgular\u0131n daha gen\u00e7 bir g\u00f6r\u00fcn\u00fcme kavu\u015fman\u0131za nas\u0131l yard\u0131mc\u0131 olabilece\u011fini duymaya haz\u0131rsan\u0131z, Londra&#039;n\u0131n kalbindeki doktor y\u00f6netimindeki klini\u011fimizde randevu al\u0131n.&nbsp;<\/p>\n\n\n\n<p>Derma Aesthetics London&#039;da, hassasiyeti, beceriyi ve tekni\u011fi hasta bak\u0131m\u0131yla harmanl\u0131yoruz. Refah\u0131n\u0131z, nihai sonu\u00e7 kadar \u00f6nemlidir, bu nedenle sizin i\u00e7in do\u011fru karar\u0131 vermeniz i\u00e7in ihtiyac\u0131n\u0131z olan t\u00fcm bilgilere sahip olman\u0131z i\u00e7in derinlemesine bir dan\u0131\u015fmanl\u0131k sa\u011fl\u0131yoruz.&nbsp;<\/p>\n\n\n\n<p>Tedaviniz boyunca ve sonras\u0131nda bak\u0131m\u0131n\u0131z boyunca bak\u0131m\u0131n\u0131z devam edecektir. Size en iyi tavsiyeleri ve tedavi deneyimini sunmak i\u00e7in her zaman yan\u0131n\u0131zday\u0131z, b\u00f6ylece hem i\u00e7eride hem de d\u0131\u015far\u0131da iyi hissetmenizi sa\u011flar\u0131z.&nbsp;<\/p>\n\n\n\n<p><a href=\"https:\/\/dermaaestheticslondon.com\/tr\/contact\/\">B\u0130ZE ULA\u015eIN<\/a><\/p>\n\n\n\n<h2 class=\"wp-block-heading\" id=\"finding-our-harley-street-clinic-in-london\">Londra&#039;daki Harley Street klini\u011fimizi bulma<\/h2>\n\n\n\n<p>Derma Aesthetics London klini\u011fini, \u015fehrin kalbinde bulunan Harley Street&#039;te bulabilirsiniz.<\/p>\n\n\n\n<p>\u015fehrin merkezinde ve Oxford Caddesi&#039;ne sadece birka\u00e7 dakika uzakl\u0131kta.<\/p>\n\n\n\n<p>Oxford Circus Metro \u0130stasyonu&#039;na on dakikal\u0131k y\u00fcr\u00fcme mesafesindeyiz. E\u011fer<\/p>\n\n\n\n<p>Araban\u0131z varsa, Harley Caddesi&#039;nde geni\u015f bir \u00fccretli otopark alan\u0131 mevcuttur.&nbsp;&nbsp;<\/p>\n\n\n\n<h3 class=\"wp-block-heading\" id=\"address\">Adres<\/h3>\n\n\n\n<p>39 Harley Caddesi<br>Londra&nbsp;<br>W1G 8QH<br><\/p>\n\n\n<style><\/style><style><\/style>\n<iframe src=\"https:\/\/www.google.com\/maps\/embed?pb=!1m14!1m8!1m3!1d9930.899153256332!2d-0.1468513!3d51.5182649!3m2!1i1024!2i768!4f13.1!3m3!1m2!1s0x487611e416322439%3A0xb84cf932b11cbe62!2sDerma%20Aesthetics%20London!5e0!3m2!1sen!2suk!4v1699790340707!5m2!1sen!2suk\" width=\"600\" height=\"450\" style=\"border:0;\" allowfullscreen=\"\" loading=\"lazy\" referrerpolicy=\"no-referrer-when-downgrade\"><\/iframe>","protected":false},"excerpt":{"rendered":"<p>Daha gen\u00e7 bir g\u00f6r\u00fcn\u00fcme mi kavu\u015fmak istiyorsunuz? Londra&#039;daki dermal dolgu alan\u0131nda uzman t\u0131p doktorlar\u0131ndan randevu al\u0131n.<\/p>","protected":false},"author":4,"featured_media":1646,"parent":0,"menu_order":80,"comment_status":"closed","ping_status":"closed","template":"","meta":{"_gspb_post_css":"","pgc_sgb_lightbox_settings":"","footnotes":""},"class_list":["post-2663","page","type-page","status-publish","has-post-thumbnail","hentry"],"blocksy_meta":{"page_structure_type":"type-1","styles_descriptor":{"styles":{"desktop":"","tablet":"","mobile":""},"google_fonts":[],"version":6}},"_links":{"self":[{"href":"https:\/\/dermaaestheticslondon.com\/tr\/wp-json\/wp\/v2\/pages\/2663","targetHints":{"allow":["GET"]}}],"collection":[{"href":"https:\/\/dermaaestheticslondon.com\/tr\/wp-json\/wp\/v2\/pages"}],"about":[{"href":"https:\/\/dermaaestheticslondon.com\/tr\/wp-json\/wp\/v2\/types\/page"}],"author":[{"embeddable":true,"href":"https:\/\/dermaaestheticslondon.com\/tr\/wp-json\/wp\/v2\/users\/4"}],"replies":[{"embeddable":true,"href":"https:\/\/dermaaestheticslondon.com\/tr\/wp-json\/wp\/v2\/comments?post=2663"}],"version-history":[{"count":5,"href":"https:\/\/dermaaestheticslondon.com\/tr\/wp-json\/wp\/v2\/pages\/2663\/revisions"}],"predecessor-version":[{"id":2671,"href":"https:\/\/dermaaestheticslondon.com\/tr\/wp-json\/wp\/v2\/pages\/2663\/revisions\/2671"}],"wp:featuredmedia":[{"embeddable":true,"href":"https:\/\/dermaaestheticslondon.com\/tr\/wp-json\/wp\/v2\/media\/1646"}],"wp:attachment":[{"href":"https:\/\/dermaaestheticslondon.com\/tr\/wp-json\/wp\/v2\/media?parent=2663"}],"curies":[{"name":"wp","href":"https:\/\/api.w.org\/{rel}","templated":true}]}}