{"id":2670,"date":"2024-08-19T11:50:37","date_gmt":"2024-08-19T10:50:37","guid":{"rendered":"https:\/\/dermaaestheticslondon.com\/?p=2670"},"modified":"2025-01-30T12:47:38","modified_gmt":"2025-01-30T12:47:38","slug":"harley-street-london-rhinoplasty","status":"publish","type":"page","link":"https:\/\/dermaaestheticslondon.com\/tr\/harley-street-london-rhinoplasty\/","title":{"rendered":"Harley Street Londra Rinoplasti"},"content":{"rendered":"<p>Burun esteti\u011fi yapt\u0131rmay\u0131 d\u00fc\u015f\u00fcn\u00fcyor ancak rinoplasti ameliyat\u0131 fikrinden ho\u015flanm\u0131yor musunuz? Derma Aesthetics London, burun \u015fekillendirme se\u00e7enekleri sunmaktad\u0131r. <strong>Harley Street Londra Rinoplasti<\/strong> dermal dolgular\u0131n yard\u0131m\u0131yla.&nbsp;<\/p>\n\n\n\n<p>Burun s\u0131rt\u0131n\u0131z d\u00fczg\u00fcn de\u011filse, burnunuz e\u011friyse, burun ucunuz \u015fekilsizse ameliyata gerek kalmadan bu \u00f6zelliklerin yeniden \u015fekillendirilmesine yard\u0131mc\u0131 olabilirsiniz.&nbsp;<\/p>\n\n\n\n<p>Dermal dolgu tedavisi ile veya <a href=\"https:\/\/dermaaestheticslondon.com\/tr\/non-surgical-rhinoplasty\/\">Ameliyats\u0131z burun esteti\u011fi<\/a>, di\u011fer y\u00fcz \u00f6zelliklerinize denge getirmek i\u00e7in burnunuzun \u015feklini ge\u00e7ici olarak de\u011fi\u015ftirebilirsiniz. Nitelikli estetik doktorumuz, y\u00fcz \u015feklinize uyan ve size daha iyi bir profil kazand\u0131ran do\u011fal g\u00f6r\u00fcn\u00fcml\u00fc bir burun olu\u015fturman\u0131za yard\u0131mc\u0131 olabilir. Dahas\u0131, g\u00f6r\u00fcn\u00fcr bir yara izi kalmaz.&nbsp;<\/p>\n\n\n\n<p>Rinoplasti ameliyatlar\u0131ndan ba\u015fka bir \u015fey sunan bir Harley Street burun klini\u011fi ar\u0131yorsan\u0131z, Derma Aesthetics London size yard\u0131mc\u0131 olmak i\u00e7in burada. A\u015fa\u011f\u0131daki ba\u011flant\u0131dan klini\u011fimizde bir kons\u00fcltasyon rezervasyonu yaparak ba\u015flay\u0131n.&nbsp;<\/p>\n\n\n\n<p><a href=\"https:\/\/dermaaestheticslondon.com\/tr\/contact\/\">DANI\u015eMA RANDEVUSU ALIN<\/a><\/p>\n\n\n\n<figure class=\"wp-block-image size-full is-resized\"><img decoding=\"async\" width=\"1024\" height=\"1024\" src=\"https:\/\/dermaaestheticslondon.com\/wordpress\/wp-content\/uploads\/2024\/01\/before-and-after-non-surgical-rhinoplasty.webp\" alt=\"Harley Street London Rhinoplasty\" class=\"wp-image-1682\" style=\"width:525px;height:auto\" srcset=\"https:\/\/dermaaestheticslondon.com\/wordpress\/wp-content\/uploads\/2024\/01\/before-and-after-non-surgical-rhinoplasty.webp 1024w, https:\/\/dermaaestheticslondon.com\/wordpress\/wp-content\/uploads\/2024\/01\/before-and-after-non-surgical-rhinoplasty-300x300.webp 300w, https:\/\/dermaaestheticslondon.com\/wordpress\/wp-content\/uploads\/2024\/01\/before-and-after-non-surgical-rhinoplasty-150x150.webp 150w, https:\/\/dermaaestheticslondon.com\/wordpress\/wp-content\/uploads\/2024\/01\/before-and-after-non-surgical-rhinoplasty-768x768.webp 768w, https:\/\/dermaaestheticslondon.com\/wordpress\/wp-content\/uploads\/2024\/01\/before-and-after-non-surgical-rhinoplasty-12x12.webp 12w\" sizes=\"(max-width: 1024px) 100vw, 1024px\" \/><\/figure>\n\n\n\n<h2 class=\"wp-block-heading\" id=\"what-is-jawline-filler-treatment\">Rinoplasti burun ameliyat\u0131n\u0131n ba\u015fl\u0131ca nedenleri nelerdir?<\/h2>\n\n\n\n<p>Rinoplasti ameliyat\u0131 b\u00fcy\u00fck bir karard\u0131r. Ger\u00e7ekle\u015ftirilmesi 3 saate kadar s\u00fcrebilen bir cerrahi prosed\u00fcr i\u00e7erir. Ancak bundan da \u00f6te, \u00e7ok fazla iyile\u015fme s\u00fcresiyle birlikte gelir ve iyile\u015fmeniz birka\u00e7 ay s\u00fcrebilir, nihai sonu\u00e7 ancak bir y\u0131l sonra ortaya \u00e7\u0131kar.&nbsp;<\/p>\n\n\n\n<p>Burun ameliyat\u0131n\u0131n sonu\u00e7lar\u0131 kal\u0131c\u0131d\u0131r, bu iyi olabilir ancak ayn\u0131 zamanda olumsuz da olabilir, \u00e7\u00fcnk\u00fc yeni burnunuzun nas\u0131l g\u00f6r\u00fcnece\u011fine dair bir garanti yoktur.&nbsp;<\/p>\n\n\n\n<p>\u00d6te yandan burun i\u00e7in dermal dolgu tedavileri, burnunuzu yeniden \u015fekillendirmek ve her zaman istedi\u011finiz g\u00f6r\u00fcn\u00fcme kavu\u015fmak i\u00e7in k\u0131sa vadeli bir yol sunar. Hemen g\u00f6zle g\u00f6r\u00fcl\u00fcr sonu\u00e7lar g\u00f6r\u00fcrs\u00fcn\u00fcz, ancak dolgular\u0131n yerle\u015fmesi iki haftaya kadar s\u00fcrebilir. Hemen i\u015fe d\u00f6nebilir ve hi\u00e7bir yara izi kalmaz.<\/p>\n\n\n\n<p>Elbette, rinoplasti prosed\u00fcr\u00fcne ba\u015fvurman\u0131z gereken zamanlar vard\u0131r. Bunlar \u015funlar\u0131 i\u00e7erir:<\/p>\n\n\n\n<p>\u00b7 E\u011fer e\u011fri bir septumunuz varsa<\/p>\n\n\n\n<p>\u00b7 Nefes alma zorluklar\u0131n\u0131 d\u00fczeltmeye yard\u0131mc\u0131 olmak i\u00e7in&nbsp;<\/p>\n\n\n\n<p>\u00b7 Do\u011fu\u015ftan gelen bir kusuru d\u00fczeltmek i\u00e7in<\/p>\n\n\n\n<p>\u00b7 Genel g\u00f6r\u00fcn\u00fcm\u00fcn\u00fcz\u00fc uzun vadede iyile\u015ftirmek i\u00e7in<\/p>\n\n\n\n<p>Estetik cerrahlar kapal\u0131 rinoplasti (burun i\u00e7inde bir k\u00fc\u00e7\u00fck kesi veya iki kesi yap\u0131l\u0131r) ve a\u00e7\u0131k rinoplasti (kemik veya dokuyu d\u00fczeltmek i\u00e7in burun deliklerinin a\u00e7\u0131lmas\u0131) ger\u00e7ekle\u015ftirir. Bunlar\u0131n her ikisi de komplikasyonlar ve risklerle birlikte gelir. Ancak ikincisi daha karma\u015f\u0131k bir i\u015flemdir.&nbsp;<\/p>\n\n\n\n<h2 class=\"wp-block-heading\" id=\"what-are-dermal-fillers-for-a-nose-job-in-london\">Londra&#039;da burun esteti\u011fi i\u00e7in dermal dolgular nelerdir?<\/h2>\n\n\n\n<p>Dermal dolgu tedavileri bir\u00e7ok nedenden dolay\u0131 pop\u00fclerdir. Y\u00fcze yap\u0131 kazand\u0131rmaya, y\u00fcz\u00fc \u015fekillendirmeye ve cildi dolgunla\u015ft\u0131rmaya ve p\u00fcr\u00fczs\u00fczle\u015ftirmeye yard\u0131mc\u0131 olabilirler. Londra klini\u011fimizde dudak dolgular\u0131, burun dolgular\u0131, yanak dolgular\u0131 ve \u00e7ene ve \u00e7ene hatt\u0131 dolgular\u0131 sunuyoruz.&nbsp;<\/p>\n\n\n\n<p>Burun dolgular\u0131 da dahil olmak \u00fczere dermal dolgular\u0131m\u0131z, hyaluronik asitten olu\u015fan yumu\u015fak jel enjekte edilebilir bir tedavidir. Bu, cildimize hacim ve yap\u0131 kazand\u0131rmaya yard\u0131mc\u0131 olan v\u00fccutta do\u011fal olarak bulunan bir maddedir. Ayr\u0131ca cildimizin sa\u011fl\u0131kl\u0131 ve nemli g\u00f6r\u00fcnmesini sa\u011flayan \u015feydir.<\/p>\n\n\n\n<p>Cerrahi rinoplasti prosed\u00fcrlerinin aksine, burun dolgular\u0131 sadece 45 dakika kadar k\u0131sa bir s\u00fcrede tamamlan\u0131r. Hi\u00e7bir iyile\u015fme s\u00fcresi yoktur ve hemen normal rutininize d\u00f6nebilirsiniz. Bu tedavinin sonu\u00e7lar\u0131 kal\u0131c\u0131 de\u011fildir, ancak 12 aya kadar s\u00fcrer. Bu noktada, dermal dolgu eriyecek ve burnunuz orijinal \u015fekline geri d\u00f6necektir.&nbsp;<\/p>\n\n\n\n<h2 class=\"wp-block-heading\" id=\"what-happens-during-nose-dermal-filler-treatments\">Burun dolgusu uygulamalar\u0131nda neler ya\u015fan\u0131r?<\/h2>\n\n\n\n<p>Ameliyats\u0131z burun esteti\u011fi yapt\u0131rmadan \u00f6nce atman\u0131z gereken ilk ad\u0131m estetik doktorumuzla bir kons\u00fcltasyona girmektir. Dr. Raja sizinle oturup sizin hakk\u0131n\u0131zda daha fazla bilgi edinecek ve burnunuzda neleri de\u011fi\u015ftirmek istedi\u011finizi \u00f6\u011frenecektir. Ayr\u0131ca burnunuzu de\u011ferlendirecek ve t\u0131bbi ge\u00e7mi\u015finize bakacakt\u0131r.&nbsp;<\/p>\n\n\n\n<p>Dr. Raja, elde etmek istedi\u011finiz g\u00f6r\u00fcn\u00fcme ve y\u00fcz\u00fcn\u00fcze daha fazla denge kazand\u0131racak y\u00f6ntemlere g\u00f6re size \u00f6zel bir tedavi plan\u0131 geli\u015ftirecektir.&nbsp;<\/p>\n\n\n\n<p>Burun dolgusu tedavinizi yapt\u0131rmadan \u00f6nce, topikal bir uyu\u015fturucu kremin kullan\u0131m\u0131n\u0131 g\u00f6r\u00fc\u015febiliriz. Bu, tedaviyi daha konforlu hale getirmeye ve i\u00e7inizin rahatlamas\u0131na yard\u0131mc\u0131 olabilir.&nbsp;<\/p>\n\n\n\n<p>Burun dolgusu s\u0131ras\u0131nda Dr. Raja, dermal dolguyu burnunuzun belirli noktalar\u0131na enjekte edecektir. Bu, burun ucunuzun boyutunu b\u00fcy\u00fctmek mi yoksa daha d\u00fcz bir burun k\u00f6pr\u00fcs\u00fc olu\u015fturmak m\u0131 istedi\u011fimize ba\u011fl\u0131 olacakt\u0131r.<\/p>\n\n\n\n<p>Burun dolgusu tedavisini ger\u00e7ekle\u015ftirmek i\u00e7in enjeksiyon yapmak i\u00e7in bir kan\u00fcl kullan\u0131yoruz. Bu, k\u00f6r ve ince bir k\u00fcvet benzeri i\u011fnedir. Bunu kullanarak, \u015fi\u015fme ve morarma riskini azaltmaya yard\u0131mc\u0131 oluyoruz. Enjeksiyon noktalar\u0131n\u0131n etraf\u0131nda hala hafif bir \u015fi\u015fme veya morarma g\u00f6rebilirsiniz, ancak bu \u00f6nemsiz olacak ve 24-48 saat i\u00e7inde azalacakt\u0131r.&nbsp;<\/p>\n\n\n\n<p>Son ad\u0131m, e\u015fit bir da\u011f\u0131l\u0131m sa\u011flamak i\u00e7in dermal dolguyu masaj yaparak yerle\u015ftirmektir. Dr. Raja size sonu\u00e7lar\u0131n\u0131z\u0131 g\u00f6sterecek ve ayr\u0131ca tedaviden sonra burnunuza nas\u0131l bakaca\u011f\u0131n\u0131z\u0131 anlatacakt\u0131r.&nbsp;<\/p>\n\n\n\n<h2 class=\"wp-block-heading\" id=\"the-best-dermal-fillers-london-with-derma-aesthetics-london\">Derma Aesthetics London ile Londra&#039;daki en iyi dermal dolgular&nbsp;<\/h2>\n\n\n\n<p>Derma Aesthetics London, y\u00fcz hatlar\u0131n\u0131z\u0131 geli\u015ftirmeye, hacmi geri kazand\u0131rmaya ve ya\u015flanma belirtilerini azaltmaya yard\u0131mc\u0131 olabilecek \u00e7e\u015fitli dermal dolgu tedavileri sunar. Sadece g\u00fcvenilir markalar\u0131n y\u00fcksek kaliteli dermal dolgular\u0131n\u0131 kullan\u0131r\u0131z. Bu, g\u00fcvenli\u011finizi ve iyili\u011finizi g\u00f6zetmemizi sa\u011flarken, ayn\u0131 zamanda size do\u011fal g\u00f6r\u00fcn\u00fcml\u00fc sonu\u00e7lar da sunar.&nbsp;<\/p>\n\n\n\n<p>Burun dolgusu hakk\u0131nda daha fazla bilgi almak veya kons\u00fcltasyon randevusu almak i\u00e7in a\u015fa\u011f\u0131daki ba\u011flant\u0131ya t\u0131klayarak Derma Aesthetics London ile do\u011frudan ileti\u015fime ge\u00e7ebilirsiniz.&nbsp;<\/p>\n\n\n\n<p><a href=\"https:\/\/dermaaestheticslondon.com\/tr\/contact\/\">B\u0130ZE ULA\u015eIN<\/a><\/p>\n\n\n\n<h2 class=\"wp-block-heading\" id=\"how-to-find-our-clinic-on-harley-street-london\">Harley Street London&#039;daki klini\u011fimizi nas\u0131l bulabilirsiniz?<\/h2>\n\n\n\n<p>Derma Aesthetics London klini\u011fini \u015fehrin kalbinde, Oxford Street&#039;e sadece birka\u00e7 dakika uzakl\u0131ktaki Harley Street&#039;te bulabilirsiniz.<\/p>\n\n\n\n<p>Oxford Circus Metro \u0130stasyonu&#039;na on dakikal\u0131k y\u00fcr\u00fcme mesafesindeyiz. Arabayla seyahat ediyorsan\u0131z, Harley Street&#039;te bol miktarda \u00fccretli ve g\u00f6r\u00fcnt\u00fcl\u00fc park yeri mevcuttur.&nbsp;&nbsp;<\/p>\n\n\n\n<h3 class=\"wp-block-heading\" id=\"address\">Adres<\/h3>\n\n\n\n<p>39 Harley Caddesi<br>Londra\u00a0<br>W1G 8QH<br><\/p>\n\n\n<style><\/style><style><\/style>\n<iframe src=\"https:\/\/www.google.com\/maps\/embed?pb=!1m14!1m8!1m3!1d9930.899153256332!2d-0.1468513!3d51.5182649!3m2!1i1024!2i768!4f13.1!3m3!1m2!1s0x487611e416322439%3A0xb84cf932b11cbe62!2sDerma%20Aesthetics%20London!5e0!3m2!1sen!2suk!4v1699790340707!5m2!1sen!2suk\" width=\"600\" height=\"450\" style=\"border:0;\" allowfullscreen=\"\" loading=\"lazy\" referrerpolicy=\"no-referrer-when-downgrade\"><\/iframe>","protected":false},"excerpt":{"rendered":"<p>Harley Street London rinoplasti ile ameliyat olmadan istedi\u011finiz burun \u015fekline kavu\u015fun. Randevu almak i\u00e7in klini\u011fimizle ileti\u015fime ge\u00e7in.<\/p>","protected":false},"author":4,"featured_media":1682,"parent":0,"menu_order":80,"comment_status":"closed","ping_status":"closed","template":"","meta":{"_gspb_post_css":"","pgc_sgb_lightbox_settings":"","footnotes":""},"class_list":["post-2670","page","type-page","status-publish","has-post-thumbnail","hentry"],"blocksy_meta":{"page_structure_type":"type-1","styles_descriptor":{"styles":{"desktop":"","tablet":"","mobile":""},"google_fonts":[],"version":6}},"_links":{"self":[{"href":"https:\/\/dermaaestheticslondon.com\/tr\/wp-json\/wp\/v2\/pages\/2670","targetHints":{"allow":["GET"]}}],"collection":[{"href":"https:\/\/dermaaestheticslondon.com\/tr\/wp-json\/wp\/v2\/pages"}],"about":[{"href":"https:\/\/dermaaestheticslondon.com\/tr\/wp-json\/wp\/v2\/types\/page"}],"author":[{"embeddable":true,"href":"https:\/\/dermaaestheticslondon.com\/tr\/wp-json\/wp\/v2\/users\/4"}],"replies":[{"embeddable":true,"href":"https:\/\/dermaaestheticslondon.com\/tr\/wp-json\/wp\/v2\/comments?post=2670"}],"version-history":[{"count":1,"href":"https:\/\/dermaaestheticslondon.com\/tr\/wp-json\/wp\/v2\/pages\/2670\/revisions"}],"predecessor-version":[{"id":2672,"href":"https:\/\/dermaaestheticslondon.com\/tr\/wp-json\/wp\/v2\/pages\/2670\/revisions\/2672"}],"wp:featuredmedia":[{"embeddable":true,"href":"https:\/\/dermaaestheticslondon.com\/tr\/wp-json\/wp\/v2\/media\/1682"}],"wp:attachment":[{"href":"https:\/\/dermaaestheticslondon.com\/tr\/wp-json\/wp\/v2\/media?parent=2670"}],"curies":[{"name":"wp","href":"https:\/\/api.w.org\/{rel}","templated":true}]}}