{"id":3033,"date":"2024-11-07T10:10:59","date_gmt":"2024-11-07T10:10:59","guid":{"rendered":"https:\/\/dermaaestheticslondon.com\/?p=3033"},"modified":"2025-01-30T12:47:10","modified_gmt":"2025-01-30T12:47:10","slug":"lip-fillers-london-harley-street","status":"publish","type":"page","link":"https:\/\/dermaaestheticslondon.com\/tr\/lip-fillers-london-harley-street\/","title":{"rendered":"Dudak Dolgusu Londra Harley Street"},"content":{"rendered":"<p>Dudaklar\u0131n\u0131z\u0131n dolgunlu\u011funu art\u0131r\u0131n ve ideal dudak \u015feklinizi yarat\u0131n. <strong>Londra Harley Street&#039;te dudak dolgusu<\/strong>Do\u011fal g\u00f6r\u00fcn\u00fcml\u00fc sonu\u00e7lar elde etmeniz i\u00e7in Derma Aesthetics London&#039;daki t\u0131p uzmanlar\u0131na g\u00fcvenin.&nbsp;<\/p>\n\n\n\n<p>E\u011fer ince dudaklar\u0131n\u0131z varsa veya do\u011fal dudak \u015feklinizden memnun de\u011filseniz, <a href=\"https:\/\/dermaaestheticslondon.com\/tr\/treatments\/lip-fillers\/\">dudak dolgusu<\/a> dudaklar\u0131n\u0131za hacim ve dolgunluk kazand\u0131rmak i\u00e7in ideal bir \u00e7\u00f6z\u00fcmd\u00fcr. Londra klini\u011fimizde ayr\u0131ca dudak \u00e7evresindeki ruj \u00e7izgilerini ve k\u0131r\u0131\u015f\u0131kl\u0131klar\u0131 yumu\u015fatmak i\u00e7in dudak dolgusu tedavileri de kullan\u0131yoruz.&nbsp;<\/p>\n\n\n\n<p>Dudak enjeksiyonlar\u0131 da dahil olmak \u00fczere herhangi bir dermal dolgu enjeksiyonunda, g\u00fcvenli\u011finizi ve refah\u0131n\u0131z\u0131 \u00f6n planda tutan bir sa\u011flay\u0131c\u0131 se\u00e7mek \u00f6nemlidir. \u00d6rdek dudaklar\u0131 gibi g\u00f6r\u00fcnmeden daha dolgun dudaklara kavu\u015fman\u0131za yard\u0131mc\u0131 olabilecek profesyoneller istersiniz.&nbsp;<\/p>\n\n\n\n<p>Derma Aesthetics London&#039;da, e\u011fitimli estetik doktorlar\u0131n ellerinde olacaks\u0131n\u0131z. Dudak dolgular\u0131n\u0131 do\u011fru derinli\u011fe ve do\u011fru noktalara nas\u0131l enjekte edece\u011fimizi biliyoruz, b\u00f6ylece y\u00fcz hatlar\u0131n\u0131z\u0131 dengelemeye yard\u0131mc\u0131 olan do\u011fal g\u00f6r\u00fcn\u00fcml\u00fc dudaklar g\u00f6r\u00fcrs\u00fcn\u00fcz.&nbsp;<\/p>\n\n\n\n<p>Dudak dolgusu tedavisi hakk\u0131nda bizimle konu\u015fmaya haz\u0131rsan\u0131z, \u00f6ncelikle a\u015fa\u011f\u0131dan ilk dan\u0131\u015fmanl\u0131\u011f\u0131n\u0131z\u0131 ay\u0131rtarak ba\u015flayabilirsiniz.&nbsp;<\/p>\n\n\n\n<p><a href=\"https:\/\/dermaaestheticslondon.com\/tr\/contact\/\">DANI\u015eMA RANDEVUSU ALIN<\/a><\/p>\n\n\n\n<figure class=\"wp-block-image size-full is-resized\"><img decoding=\"async\" width=\"1024\" height=\"1024\" src=\"https:\/\/dermaaestheticslondon.com\/wordpress\/wp-content\/uploads\/2024\/02\/lip-filler.webp\" alt=\"Lip Fillers London Harley Street\" class=\"wp-image-2042\" style=\"width:636px;height:auto\" srcset=\"https:\/\/dermaaestheticslondon.com\/wordpress\/wp-content\/uploads\/2024\/02\/lip-filler.webp 1024w, https:\/\/dermaaestheticslondon.com\/wordpress\/wp-content\/uploads\/2024\/02\/lip-filler-300x300.webp 300w, https:\/\/dermaaestheticslondon.com\/wordpress\/wp-content\/uploads\/2024\/02\/lip-filler-150x150.webp 150w, https:\/\/dermaaestheticslondon.com\/wordpress\/wp-content\/uploads\/2024\/02\/lip-filler-768x768.webp 768w\" sizes=\"(max-width: 1024px) 100vw, 1024px\" \/><\/figure>\n\n\n\n<h2 class=\"wp-block-heading\" id=\"what-is-jawline-filler-treatment\">Dudak dolgusu Londra nedir?<\/h2>\n\n\n\n<p>Dudak dolgusu enjeksiyonlar\u0131, dermal dolgu tedavisi olarak da bilinir ve \u0130ngiltere&#039;deki kad\u0131nlar aras\u0131nda en pop\u00fcler tedavilerden biridir.&nbsp;<\/p>\n\n\n\n<p>\u0130nce bir \u00fcst duda\u011f\u0131n\u0131z varsa veya dudak s\u0131n\u0131r\u0131n\u0131za belirginlik kazand\u0131rmak istiyorsan\u0131z, dudak dolgusu, cerrahi m\u00fcdahaleye gerek kalmadan m\u00fckemmel dudak \u015feklinizi olu\u015fturman\u0131n h\u0131zl\u0131 ve basit bir yoludur.&nbsp;&nbsp;<\/p>\n\n\n\n<p>Derma Aesthetics London olarak dudak dolgusu tedavilerimizde g\u00fcvenilir markalar\u0131n y\u00fcksek kaliteli dermal dolgular\u0131n\u0131 kullan\u0131yoruz.&nbsp;<\/p>\n\n\n\n<p>Hyaluronik asit dolgular\u0131 kullanarak dudak hacmindeki art\u0131\u015f\u0131 \u00f6zel ihtiya\u00e7lar\u0131n\u0131za g\u00f6re ayarlayabiliyoruz. Bu, y\u00fcz \u015feklinize uyan dudaklar\u0131n\u0131zda ince iyile\u015ftirmeler yaratabilece\u011fimiz anlam\u0131na geliyor.&nbsp;&nbsp;<\/p>\n\n\n\n<h3 class=\"wp-block-heading\" id=\"more-about-dermal-fillers\">Dermal dolgular hakk\u0131nda daha fazla bilgi<\/h3>\n\n\n\n<p>Dermal dudak dolgular\u0131 da dahil olmak \u00fczere dermal dolgular, ana bile\u015feni hyaluronik asit olan jel benzeri bir maddedir. Bu, cildimizin nemli, esnek ve sa\u011fl\u0131kl\u0131 g\u00f6r\u00fcnmesini sa\u011flayan v\u00fccutta do\u011fal olarak bulunan bir maddedir.&nbsp;<\/p>\n\n\n\n<p>Ya\u015flanma s\u00fcreci cildimizdeki hyaluronik asit seviyelerini kaybetmemize yol a\u00e7ar, bu y\u00fczden donuk, ince ve k\u0131r\u0131lgan g\u00f6r\u00fcnmeye ba\u015flar. Dermal dolgu tedavileri ciltteki hyaluronik asit seviyelerini art\u0131rmaya yard\u0131mc\u0131 olur, cilde daha dolgun ve gen\u00e7 bir g\u00f6r\u00fcn\u00fcm kazand\u0131r\u0131r.&nbsp;<\/p>\n\n\n\n<p>Dudak dolgular\u0131 sadece ince dudaklara hacim kazand\u0131rmaya yard\u0131mc\u0131 olmakla kalmaz, ayn\u0131 zamanda onlar\u0131 nemlendirir. Bu, dudak dolgusu tedavisini ruj ve sigara izlerini (dudaklar\u0131m\u0131z\u0131 b\u00fczd\u00fc\u011f\u00fcm\u00fczde a\u011f\u0131z \u00e7evresinde beliren \u00e7izgiler) yumu\u015fatmak i\u00e7in kullanabilece\u011fimiz anlam\u0131na gelir.&nbsp;<\/p>\n\n\n\n<p>S\u0131k s\u0131k \u015fu soruyu al\u0131yoruz: Dudak dolgular\u0131m\u0131z kal\u0131c\u0131 m\u0131? Cevap, kal\u0131c\u0131 dudak dolgusu olmad\u0131\u011f\u0131d\u0131r. Bunun nedeni, hyaluronik asidin ciltte do\u011fal olarak bulunmas\u0131 ve v\u00fccutta do\u011fal olarak par\u00e7alanmas\u0131d\u0131r. Bu nedenle, dudak dolgusu v\u00fccutta par\u00e7alanacak ve dudaklar\u0131n\u0131z normal \u015fekline d\u00f6necektir.&nbsp;<\/p>\n\n\n\n<p>Dudak dolgular\u0131 da dahil olmak \u00fczere \u00e7o\u011fu dermal dolgu tedavisinin sonu\u00e7lar\u0131 genellikle 6-9 ay s\u00fcrer. Bu noktada, sonu\u00e7lar\u0131n\u0131z\u0131 korumak i\u00e7in bir takviye randevusu alman\u0131z gerekecektir.&nbsp;<\/p>\n\n\n\n<h2 class=\"wp-block-heading\" id=\"what-other-areas-of-the-face-can-you-have-dermal-fillers-in\">Y\u00fcz\u00fcn hangi b\u00f6lgelerine dermal dolgu yap\u0131labilir?<\/h2>\n\n\n\n<p>Dudak dolgusunun yan\u0131 s\u0131ra dermal dolgu a\u015fa\u011f\u0131daki alanlarda da kullan\u0131labilir:<\/p>\n\n\n\n<p>\u00b7 Koyu halkalar\u0131 ve g\u00f6z torbalar\u0131n\u0131 azaltmak i\u00e7in g\u00f6z alt\u0131 torbalar\u0131<\/p>\n\n\n\n<p>\u00b7 Ameliyats\u0131z burun esteti\u011fi (burun dolgusu)<\/p>\n\n\n\n<p>\u00b7 Yanak b\u00fcy\u00fctme (yanak dolgusu)<\/p>\n\n\n\n<p>\u00b7 Ka\u015f \u00e7atma \u00e7izgilerini, nazolabial k\u0131vr\u0131mlar\u0131 ve kukla \u00e7izgilerini azalt\u0131n<\/p>\n\n\n\n<p>\u00b7 \u00c7ene ve \u00e7ene hatt\u0131 dolgular\u0131<\/p>\n\n\n\n<p>Y\u00fcz\u00fcn\u00fczde hangi b\u00f6lgelere dermal dolgu uygulanabilece\u011fi konusunda sorular\u0131n\u0131z varsa l\u00fctfen klini\u011fimizle ileti\u015fime ge\u00e7in.<\/p>\n\n\n\n<p><a href=\"https:\/\/dermaaestheticslondon.com\/tr\/contact\/\">B\u0130ZE ULA\u015eIN<\/a><\/p>\n\n\n\n<h2 class=\"wp-block-heading\" id=\"what-happens-during-lip-filler-treatments-in-london\">Londra&#039;da dudak dolgusu tedavileri s\u0131ras\u0131nda neler ya\u015fan\u0131r?<\/h2>\n\n\n\n<h3 class=\"wp-block-heading\" id=\"lip-filler-consultation\">Dudak dolgusu dan\u0131\u015fmanl\u0131\u011f\u0131<\/h3>\n\n\n\n<p>Enjekte edilebilir tedavilerimizden herhangi birine ba\u015flamadan \u00f6nce doktorumuzla g\u00f6r\u00fc\u015fmeniz gerekecektir. Bu randevu s\u0131ras\u0131nda y\u00fcz yap\u0131n\u0131z\u0131 de\u011ferlendirece\u011fiz, t\u0131bbi ge\u00e7mi\u015finize bakaca\u011f\u0131z ve endi\u015feleriniz hakk\u0131nda sizinle konu\u015faca\u011f\u0131z.&nbsp;<\/p>\n\n\n\n<p>Ayr\u0131ca dudak dolgusu tedavisinin nas\u0131l g\u00f6r\u00fcnd\u00fc\u011f\u00fcn\u00fc, nas\u0131l sonu\u00e7lar bekleyebilece\u011finizi ve dudak dolgusunun maliyetinin ne kadar oldu\u011funu da anlataca\u011f\u0131z.&nbsp;<\/p>\n\n\n\n<p>Uygunsan\u0131z ve devam etmeye istekliyseniz, size \u00f6zel bir dudak dolgusu tedavi plan\u0131 geli\u015ftirece\u011fiz. Bu, derma dolgu enjeksiyonlar\u0131n\u0131n nereye gidece\u011fini, istedi\u011finiz sonu\u00e7lar\u0131 elde etmek i\u00e7in ne kadar dudak dolgusu kullanaca\u011f\u0131m\u0131z\u0131 ve paketiniz i\u00e7in dudak dolgusu fiyatlar\u0131m\u0131z\u0131 i\u00e7erecektir.&nbsp;<\/p>\n\n\n\n<h3 class=\"wp-block-heading\" id=\"your-dermal-filler-treatment\">Dermal dolgu tedaviniz&nbsp;<\/h3>\n\n\n\n<p>Dudak dolgusu randevunuz s\u0131ras\u0131nda, doktorumuz sizinle birlikte prosed\u00fcr\u00fc tekrar g\u00f6zden ge\u00e7irecektir. Dudak dolgular\u0131n\u0131n ac\u0131t\u0131p ac\u0131tmad\u0131\u011f\u0131n\u0131 merak ediyorsan\u0131z? Cevap, \u00e7o\u011fu hastan\u0131n bunu rahat bir tedavi olarak g\u00f6rmesidir. Enjeksiyonlar\u0131 daha tolere edilebilir hale getirmek i\u00e7in dudaklar\u0131n etraf\u0131na uyu\u015fturucu bir krem kullanmay\u0131 tart\u0131\u015fabiliriz.&nbsp;<\/p>\n\n\n\n<p>Dudak dolgu enjeksiyonlar\u0131n\u0131z, \u015fi\u015fme riskini azaltmaya yard\u0131mc\u0131 olmak i\u00e7in \u00e7ok ince bir i\u011fne kullanacakt\u0131r. \u0130stedi\u011finiz g\u00f6r\u00fcn\u00fcme ba\u011fl\u0131 olarak, dudaklara tan\u0131m eklemek i\u00e7in dudak s\u0131n\u0131r\u0131na, \u00fcst duda\u011f\u0131n\u0131z\u0131n ortas\u0131ndaki e\u011friye (a\u015fk tanr\u0131s\u0131n\u0131n yay\u0131) ve dudaklar\u0131n\u0131z\u0131n kenarlar\u0131na (k\u0131rm\u0131z\u0131 kenar) enjeksiyon yapabiliriz.&nbsp;<\/p>\n\n\n\n<h3 class=\"wp-block-heading\" id=\"after-your-dermal-lip-fillers\">Dermal dudak dolgular\u0131n\u0131zdan sonra<\/h3>\n\n\n\n<p>Herhangi bir \u015fi\u015fli\u011fin en aza indirilmesini sa\u011flamak i\u00e7in elimizden geleni yapsak da, enjeksiyon yerlerinin etraf\u0131nda yine de hafif bir \u015fi\u015flik ve morarma g\u00f6rebilirsiniz. Bu, her t\u00fcrl\u00fc enjeksiyonda normaldir ve 24-48 saat i\u00e7inde azalacakt\u0131r.&nbsp;<\/p>\n\n\n\n<p>Dudaklar\u0131n\u0131za nas\u0131l bakaca\u011f\u0131n\u0131z\u0131 ve dudak dolgusu tedavinizden en iyi \u015fekilde nas\u0131l yararlanaca\u011f\u0131n\u0131z\u0131 bilmenizi sa\u011flamak i\u00e7in size kapsaml\u0131 bir bak\u0131m talimatlar\u0131 seti sa\u011flayaca\u011f\u0131z.&nbsp;<\/p>\n\n\n\n<h2 class=\"wp-block-heading\" id=\"the-best-lip-fillers-on-harley-street-london\">Harley Street London&#039;daki en iyi dudak dolgular\u0131<\/h2>\n\n\n\n<p>Dudak dolgusu da dahil olmak \u00fczere cerrahi olmayan tedavilerde uzmanlar i\u00e7in Derma Aesthetics London ilk tercihiniz olmal\u0131. Sadece Harley Street&#039;teki en iyi kozmetik kliniklerinden baz\u0131lar\u0131n\u0131n yan\u0131nda yer almakla kalm\u0131yoruz, ayn\u0131 zamanda kalifiye estetik uzmanlar\u0131ndan olu\u015fan bir ekibimiz var.&nbsp;<\/p>\n\n\n\n<p>Dermal dolgu maddelerini g\u00fcvenli bir \u015fekilde nas\u0131l enjekte edece\u011finizi biliyoruz, b\u00f6ylece do\u011fal g\u00f6r\u00fcnen sonu\u00e7lar elde edebilir ve do\u011fal g\u00fczelli\u011finizi art\u0131rabilirsiniz. En iyi tedavi deneyimini ya\u015faman\u0131z\u0131 istiyoruz. Bu nedenle, kendinize g\u00fcvenebilece\u011finiz bir karar verebilmeniz i\u00e7in her zaman size net ve d\u00fcr\u00fcst tavsiyelerde bulundu\u011fumuzdan emin oluyoruz.&nbsp;<\/p>\n\n\n\n<p>Daha dolgun ve bi\u00e7imli dudaklara giden yolculu\u011funuza ba\u015flamak i\u00e7in bug\u00fcn Londra klini\u011fimizle ileti\u015fime ge\u00e7in.&nbsp;<\/p>\n\n\n\n<p><a href=\"https:\/\/dermaaestheticslondon.com\/tr\/contact\/\">B\u0130ZE ULA\u015eIN<\/a><\/p>\n\n\n\n<h2 class=\"wp-block-heading\" id=\"how-to-find-us\">Bizi nas\u0131l bulabilirsiniz&nbsp;<\/h2>\n\n\n\n<p>Derma Aesthetics London klini\u011fi \u015fehrin kalbindeki Harley Caddesi \u00fczerinde ve Oxford Caddesi&#039;ne sadece birka\u00e7 dakika uzakl\u0131ktad\u0131r.<\/p>\n\n\n\n<p>Oxford Circus Metro \u0130stasyonu&#039;na on dakikal\u0131k y\u00fcr\u00fcme mesafesindeyiz. Arabayla seyahat ediyorsan\u0131z, Harley Street&#039;te bol miktarda \u00fccretli ve g\u00f6r\u00fcnt\u00fcl\u00fc park yeri mevcuttur.&nbsp;&nbsp;<\/p>\n\n\n\n<h3 class=\"wp-block-heading\" id=\"address\">Adres<\/h3>\n\n\n\n<p>39 Harley Caddesi<\/p>\n\n\n\n<p>Londra&nbsp;<\/p>\n\n\n\n<p>W1G 8QH<\/p>\n\n\n\n<p><\/p>\n\n\n<p><iframe style=\"border: 0;\" src=\"https:\/\/www.google.com\/maps\/embed?pb=!1m14!1m8!1m3!1d9930.899153256332!2d-0.1468513!3d51.5182649!3m2!1i1024!2i768!4f13.1!3m3!1m2!1s0x487611e416322439%3A0xb84cf932b11cbe62!2sDerma%20Aesthetics%20London!5e0!3m2!1sen!2suk!4v1699790340707!5m2!1sen!2suk\" width=\"600\" height=\"450\" allowfullscreen=\"allowfullscreen\"><\/iframe><\/p>","protected":false},"excerpt":{"rendered":"<p>London Harley Street&#039;te dudak dolgusu ile daha dolgun ve daha bi\u00e7imli dudaklara sahip olun. Bug\u00fcn ekibimizle ileti\u015fime ge\u00e7in. <\/p>","protected":false},"author":4,"featured_media":2713,"parent":0,"menu_order":80,"comment_status":"closed","ping_status":"closed","template":"","meta":{"_gspb_post_css":"","pgc_sgb_lightbox_settings":"","footnotes":""},"class_list":["post-3033","page","type-page","status-publish","has-post-thumbnail","hentry"],"blocksy_meta":{"page_structure_type":"type-1","styles_descriptor":{"styles":{"desktop":"","tablet":"","mobile":""},"google_fonts":[],"version":6}},"_links":{"self":[{"href":"https:\/\/dermaaestheticslondon.com\/tr\/wp-json\/wp\/v2\/pages\/3033","targetHints":{"allow":["GET"]}}],"collection":[{"href":"https:\/\/dermaaestheticslondon.com\/tr\/wp-json\/wp\/v2\/pages"}],"about":[{"href":"https:\/\/dermaaestheticslondon.com\/tr\/wp-json\/wp\/v2\/types\/page"}],"author":[{"embeddable":true,"href":"https:\/\/dermaaestheticslondon.com\/tr\/wp-json\/wp\/v2\/users\/4"}],"replies":[{"embeddable":true,"href":"https:\/\/dermaaestheticslondon.com\/tr\/wp-json\/wp\/v2\/comments?post=3033"}],"version-history":[{"count":4,"href":"https:\/\/dermaaestheticslondon.com\/tr\/wp-json\/wp\/v2\/pages\/3033\/revisions"}],"predecessor-version":[{"id":3039,"href":"https:\/\/dermaaestheticslondon.com\/tr\/wp-json\/wp\/v2\/pages\/3033\/revisions\/3039"}],"wp:featuredmedia":[{"embeddable":true,"href":"https:\/\/dermaaestheticslondon.com\/tr\/wp-json\/wp\/v2\/media\/2713"}],"wp:attachment":[{"href":"https:\/\/dermaaestheticslondon.com\/tr\/wp-json\/wp\/v2\/media?parent=3033"}],"curies":[{"name":"wp","href":"https:\/\/api.w.org\/{rel}","templated":true}]}}