{"id":3069,"date":"2024-11-14T10:16:07","date_gmt":"2024-11-14T10:16:07","guid":{"rendered":"https:\/\/dermaaestheticslondon.com\/?p=3069"},"modified":"2025-01-30T12:46:36","modified_gmt":"2025-01-30T12:46:36","slug":"best-cheek-filler-london","status":"publish","type":"page","link":"https:\/\/dermaaestheticslondon.com\/tr\/best-cheek-filler-london\/","title":{"rendered":"En \u0130yi Yanak Dolgusu Londra"},"content":{"rendered":"<p>\u0130\u00e7in <strong>Londra&#039;daki en iyi yanak dolgusu<\/strong>, Derma Aesthetics London&#039;daki t\u0131p uzmanlar\u0131ndan ba\u015fkas\u0131na bakmay\u0131n.&nbsp;<\/p>\n\n\n\n<p>Doktor liderli\u011findeki ekibimiz yanak dermal dolgu tedavilerinde uzmanla\u015fm\u0131\u015ft\u0131r. Y\u00fcksek kaliteli <a href=\"https:\/\/dermaaestheticslondon.com\/tr\/treatments\/cheek-filler\/\">yanak dolgular\u0131<\/a> yanaklar\u0131n\u0131zda kaybolan hacmi geri kazand\u0131rmak ve do\u011fal g\u00fczelli\u011finizi art\u0131rmak i\u00e7in. Dermal dolgular ayr\u0131ca cildi nemlendirmeye ve p\u00fcr\u00fczs\u00fczle\u015ftirmeye yard\u0131mc\u0131 olabilir, bu da tedavinizden genel y\u00fcz gen\u00e7le\u015fmesini g\u00f6rece\u011finiz anlam\u0131na gelir.&nbsp;<\/p>\n\n\n\n<p>Derma Aesthetics London&#039;da, kendinizi g\u00fcvenilir ellere teslim edeceksiniz. <a href=\"https:\/\/dermaaestheticslondon.com\/tr\/about\/\">Dr. Raja<\/a>. Yanak dolgular\u0131 da dahil olmak \u00fczere dermal dolgu enjeksiyonlar\u0131 konusunda y\u0131llar\u0131n deneyimine sahip kalifiye bir kozmetik doktorudur. Y\u00fcz \u015feklinize uygun yanak dolgusu tedavinizi ki\u015fiselle\u015ftirmek ve do\u011fal elmac\u0131k kemi\u011fi yap\u0131n\u0131z\u0131 geli\u015ftirmek i\u00e7in sizinle birlikte \u00e7al\u0131\u015facakt\u0131r.&nbsp;<\/p>\n\n\n\n<p>Dermal dolgularla yanak b\u00fcy\u00fctmenin y\u00fcz\u00fcn\u00fcze nas\u0131l daha fazla yap\u0131 ve gen\u00e7 hatlar kazand\u0131rabilece\u011fini \u00f6\u011frenmeye haz\u0131rsan\u0131z, bug\u00fcn Londra klini\u011fimizle ileti\u015fime ge\u00e7in.&nbsp;<\/p>\n\n\n\n<p><a href=\"https:\/\/dermaaestheticslondon.com\/tr\/contact\/\">RANDEVU ALIN<\/a><\/p>\n\n\n\n<figure class=\"wp-block-image size-full is-resized\"><img decoding=\"async\" width=\"1024\" height=\"1024\" src=\"https:\/\/dermaaestheticslondon.com\/wordpress\/wp-content\/uploads\/2024\/01\/before-and-after-cheek-filler.webp\" alt=\"Best Cheek Filler London\" class=\"wp-image-1554\" style=\"width:636px;height:auto\" srcset=\"https:\/\/dermaaestheticslondon.com\/wordpress\/wp-content\/uploads\/2024\/01\/before-and-after-cheek-filler.webp 1024w, https:\/\/dermaaestheticslondon.com\/wordpress\/wp-content\/uploads\/2024\/01\/before-and-after-cheek-filler-300x300.webp 300w, https:\/\/dermaaestheticslondon.com\/wordpress\/wp-content\/uploads\/2024\/01\/before-and-after-cheek-filler-150x150.webp 150w, https:\/\/dermaaestheticslondon.com\/wordpress\/wp-content\/uploads\/2024\/01\/before-and-after-cheek-filler-768x768.webp 768w, https:\/\/dermaaestheticslondon.com\/wordpress\/wp-content\/uploads\/2024\/01\/before-and-after-cheek-filler-12x12.webp 12w\" sizes=\"(max-width: 1024px) 100vw, 1024px\" \/><\/figure>\n\n\n\n<h2 class=\"wp-block-heading\" id=\"what-is-jawline-filler-treatment\">Yanak dolgusu tedavisi nedir?<\/h2>\n\n\n\n<p>Birka\u00e7 y\u0131l \u00f6nce, yanak b\u00fcy\u00fctme, yanak implantlar\u0131 takt\u0131rmak i\u00e7in ameliyat olman\u0131z gerekti\u011fi anlam\u0131na geliyordu. Bug\u00fcn, art\u0131k durum b\u00f6yle de\u011fil ve daha fazla insan cerrahi olmayan bir alternatif olarak yanak dolgular\u0131n\u0131 tercih ediyor.&nbsp;<\/p>\n\n\n\n<p>Yanak dolgusu, yanaklar\u0131n\u0131za hacim, \u015fekil ve tan\u0131m kazand\u0131rmaya yard\u0131mc\u0131 olabilecek enjekte edilebilir bir tedavidir. Yanak dolgular\u0131 yanak b\u00f6lgesine hacim katt\u0131\u011f\u0131 i\u00e7in, ya\u015flanma veya kilo kayb\u0131 nedeniyle kaybolan y\u00fcz hacmini geri kazanmak isteyen herkes i\u00e7in harika bir \u00e7\u00f6z\u00fcmd\u00fcr.&nbsp;<\/p>\n\n\n\n<p>Dermal dolgu tedavisi ayr\u0131ca derin \u00e7izgilerin ve k\u0131r\u0131\u015f\u0131kl\u0131klar\u0131n g\u00f6r\u00fcn\u00fcm\u00fcn\u00fc azaltmaya yard\u0131mc\u0131 olur. Bunlara sark\u0131k ciltten kaynaklanan a\u011f\u0131z \u00e7izgileri, g\u00fcl\u00fcmseme \u00e7izgileri ve boyun \u00e7izgileri dahildir.<\/p>\n\n\n\n<h3 class=\"wp-block-heading\" id=\"hyaluronic-acid-cheek-dermal-fillers\">Hyaluronik asit yanak dermal dolgular\u0131<\/h3>\n\n\n\n<p>Yanak dolgusu tedavilerimiz dermal dolgular kullan\u0131r - ana bile\u015feni hyaluronik asit olan jel benzeri maddeler. Bu, cildimize g\u00fc\u00e7, \u015fekil ve esneklik kazand\u0131rmaya yard\u0131mc\u0131 olan v\u00fccutta do\u011fal olarak bulunan bir maddedir.&nbsp;<\/p>\n\n\n\n<p>Ya\u015fland\u0131k\u00e7a cildimizdeki hyaluronik asit seviyelerini kaybetmeye ba\u015flar\u0131z. Bu y\u00fczden daha fazla ince \u00e7izgi ve k\u0131r\u0131\u015f\u0131kl\u0131k olu\u015ftu\u011funu g\u00f6r\u00fcr\u00fcz ve cildimiz incelip sarkmaya ba\u015flar.&nbsp;<\/p>\n\n\n\n<p>Hyaluronik asit dolgular\u0131 cildinizdeki seviyeleri y\u00fckseltmeye yard\u0131mc\u0131 olur. Bu, cilde an\u0131nda nem deste\u011fi sa\u011flayarak daha sa\u011fl\u0131kl\u0131 ve parlak g\u00f6r\u00fcnmesini sa\u011flar. Ayr\u0131ca yanak b\u00f6lgesine hacim kazand\u0131rmaya ve dolgunla\u015ft\u0131rmaya yard\u0131mc\u0131 olur, b\u00f6ylece y\u00fcz\u00fcn\u00fcze daha fazla simetri ve yap\u0131 kazand\u0131r\u0131rs\u0131n\u0131z.&nbsp;<\/p>\n\n\n\n<p>Derma Aesthetics London&#039;da, piyasadaki en g\u00fcvenilir markalar\u0131n birinci s\u0131n\u0131f yanak dolgular\u0131n\u0131 kullan\u0131yoruz. Bu, yaln\u0131zca size do\u011fal g\u00f6r\u00fcn\u00fcml\u00fc sonu\u00e7lar verecek daha \u00f6zel bir tedavi sunmam\u0131za yard\u0131mc\u0131 olmakla kalm\u0131yor, ayn\u0131 zamanda tedavinizin g\u00fcvenli olmas\u0131n\u0131 da sa\u011fl\u0131yor.<\/p>\n\n\n\n<h2 class=\"wp-block-heading\" id=\"what-can-you-expect-during-dermal-cheek-filler-treatments\">Dermal yanak dolgusu uygulamalar\u0131nda neler bekleyebilirsiniz?<\/h2>\n\n\n\n<h3 class=\"wp-block-heading\" id=\"your-cheek-filler-consultation\">Yanak dolgusu dan\u0131\u015fmanl\u0131\u011f\u0131n\u0131z<\/h3>\n\n\n\n<p>Bu, tedavi g\u00f6rmeden \u00f6nce Dr. Raja ile ilk randevunuzdur. Bu randevu s\u0131ras\u0131nda, cilt endi\u015felerinizi de\u011ferlendirecek, t\u0131bbi ge\u00e7mi\u015finize bakacak ve yanak dolgusu tedavisinden ne elde etmek istedi\u011finiz hakk\u0131nda sizinle konu\u015facakt\u0131r.&nbsp;<\/p>\n\n\n\n<p>Ayr\u0131ca, akl\u0131n\u0131za tak\u0131lan sorular\u0131 sorma ve do\u011fru karar\u0131 verebilmeniz i\u00e7in ihtiyac\u0131n\u0131z olan t\u00fcm bilgilere sahip olma f\u0131rsat\u0131n\u0131z da var.&nbsp;<\/p>\n\n\n\n<p>Dr. Raja ayr\u0131ca ki\u015fiye \u00f6zel bir yanak dolgusu tedavi plan\u0131 olu\u015fturacakt\u0131r. Bu, y\u00fcz \u015feklinize uyacak ve size do\u011fal g\u00f6r\u00fcn\u00fcml\u00fc sonu\u00e7lar sa\u011flayacak \u015fekilde tasarlanacakt\u0131r. Plan\u0131n\u0131z, ne kadar dolgu kullanaca\u011f\u0131m\u0131z\u0131 ve tedavinizin ne kadara mal olaca\u011f\u0131n\u0131 i\u00e7erecektir.&nbsp;<\/p>\n\n\n\n<h3 class=\"wp-block-heading\" id=\"during-your-cheek-fillers-treatment\">Yanak dolgusu tedaviniz s\u0131ras\u0131nda<\/h3>\n\n\n\n<p>Londra klini\u011fimize geldi\u011finizde, yanak dolgusu prosed\u00fcr\u00fcn\u00fczde size rehberlik edecek olan Dr. Raja ile g\u00f6r\u00fc\u015feceksiniz. Bu, dermal dolgu enjeksiyonlar\u0131n\u0131n nereye gidece\u011fini ve istedi\u011finiz g\u00f6r\u00fcn\u00fcme ula\u015fmak i\u00e7in ne kadar yanak dolgusu kullanaca\u011f\u0131n\u0131 i\u00e7erecektir.&nbsp;<\/p>\n\n\n\n<p>Yanak dolgusunu enjekte etmek i\u00e7in \u00e7ok ince bir i\u011fne veya kan\u00fcl kullanaca\u011f\u0131z. Enjeksiyonlar elmac\u0131k kemi\u011finizin \u00fcst\u00fcnde ve elmac\u0131k kemiklerinizin etraf\u0131nda olacak. Tekrar ediyorum, bu sizin cilt endi\u015felerinize ve elde etmek istedi\u011finiz g\u00f6r\u00fcn\u00fcme ba\u011fl\u0131 olacakt\u0131r.&nbsp;<\/p>\n\n\n\n<p>Yanak dolgu enjeksiyonlar\u0131n\u0131zdan sonra Dr. Raja, dolgunun e\u015fit \u015fekilde da\u011f\u0131ld\u0131\u011f\u0131ndan ve do\u011fru yerlere yerle\u015fti\u011finden emin olmak i\u00e7in tedavi b\u00f6lgesine masaj yapacakt\u0131r. Yanak dolgu tedaviniz 30 dakikadan uzun s\u00fcrmemelidir. Bundan sonra i\u015fe ve normal aktivitelerinize geri d\u00f6nebileceksiniz.&nbsp;<\/p>\n\n\n\n<h3 class=\"wp-block-heading\" id=\"do-cheek-fillers-hurt\">Yanak dolgusu ac\u0131t\u0131r m\u0131?<\/h3>\n\n\n\n<p>\u00c7o\u011fu insan i\u00e7in yanak dolgular\u0131 nispeten rahat bir tedavidir. \u0130\u011fneden hafif bir \u00e7imdikleme veya \u00e7izik hissedeceksiniz, ancak bu minimumdur.&nbsp;<\/p>\n\n\n\n<p>E\u011fer i\u011fnelere kar\u015f\u0131 hassasiyetiniz varsa veya tedavi s\u0131ras\u0131nda kendinizi daha rahat hissetmek istiyorsan\u0131z, \u00f6ncelikle uyu\u015fturucu krem kullanma se\u00e7ene\u011fini konu\u015fabiliriz.&nbsp;<\/p>\n\n\n\n<h3 class=\"wp-block-heading\" id=\"what-to-expect-after-cheek-fillers\">Yanak dolgusundan sonra ne beklenir?<\/h3>\n\n\n\n<p>Yanak dolgusu tedavinizin ard\u0131ndan yanak b\u00f6lgenizde hafif k\u0131zar\u0131kl\u0131k, morarma ve \u015fi\u015flik g\u00f6rebilirsiniz. Bu normaldir ve 24-48 saat i\u00e7inde ge\u00e7ecektir.<\/p>\n\n\n\n<p>Yanak dolgular\u0131n\u0131z\u0131n g\u00f6zle g\u00f6r\u00fcl\u00fcr sonu\u00e7lar\u0131n\u0131 hemen g\u00f6receksiniz, ancak dolgular\u0131n tamamen yerle\u015fmesi iki haftaya kadar s\u00fcrebilir. Bu noktada tedavinizin nihai sonu\u00e7lar\u0131n\u0131 g\u00f6receksiniz.&nbsp;<\/p>\n\n\n\n<h2 class=\"wp-block-heading\" id=\"how-long-will-the-results-of-cheek-filler-treatments-last\">Yanak dolgusu tedavisinin sonu\u00e7lar\u0131 ne kadar kal\u0131c\u0131d\u0131r?<\/h2>\n\n\n\n<p>Sonu\u00e7lar\u0131n\u0131z yakla\u015f\u0131k 8-12 ay s\u00fcrecektir. Bu, v\u00fccudunuzun dermal dolgulara nas\u0131l tepki verdi\u011fine ve v\u00fccudunuzun bunlar\u0131 ne kadar \u00e7abuk par\u00e7alad\u0131\u011f\u0131na ba\u011fl\u0131 olaca\u011f\u0131ndan her ki\u015fi i\u00e7in farkl\u0131l\u0131k g\u00f6sterebilir.<br><br>Hastalar\u0131m\u0131za 12 ayl\u0131k s\u00fcre dolmadan hemen \u00f6nce klini\u011fe tekrar gelmelerini tavsiye ediyoruz, b\u00f6ylece bir tamamlama randevusu alabilirler. Bu, muhte\u015fem sonu\u00e7lar\u0131n\u0131z\u0131n keyfini \u00e7\u0131karmaya ve bunlar\u0131 korumaya devam etmenizi sa\u011flar.&nbsp;<\/p>\n\n\n\n<h2 class=\"wp-block-heading\" id=\"choose-the-experts-for-cheek-fillers-in-london\">Londra&#039;da yanak dolgusu i\u00e7in uzmanlar\u0131 se\u00e7in&nbsp;<\/h2>\n\n\n\n<p>Yanak dolgusu uygulamas\u0131yla yanaklar\u0131n\u0131z\u0131 belirginle\u015ftirmek istiyorsan\u0131z mutlaka i\u015fin uzman\u0131 ellere g\u00fcvenmelisiniz.&nbsp;<\/p>\n\n\n\n<p>Derma Aesthetics London&#039;da, Dr. Raja ile tedavinizi g\u00f6receksiniz. Yanak dolgular\u0131 da dahil olmak \u00fczere enjekte edilebilir tedaviler konusunda kapsaml\u0131 bir e\u011fitime sahiptir. Y\u00fcz anatomisi hakk\u0131nda derin bir anlay\u0131\u015fa sahiptir, bu da size hassas ve g\u00fcvenli bir tedavi deneyimi sa\u011flar.&nbsp;<\/p>\n\n\n\n<p>Yanak dolgusu tedaviniz de \u00f6zel ihtiya\u00e7lar\u0131n\u0131za g\u00f6re uyarlanacakt\u0131r. Bu, her zaman do\u011fal g\u00f6r\u00fcnen ve daha dengeli bir y\u00fcz \u015fekli olu\u015fturan sonu\u00e7lar elde edece\u011finiz anlam\u0131na gelir. Ayr\u0131ca, tedavinizden en iyi \u015fekilde yararlanman\u0131za yard\u0131mc\u0131 olabilmemiz i\u00e7in size ayr\u0131nt\u0131l\u0131 bak\u0131m sonras\u0131 talimatlar\u0131 da sa\u011flayaca\u011f\u0131z.&nbsp;&nbsp;<\/p>\n\n\n\n<p>\u0130lk kons\u00fcltasyonunuzu planlamak i\u00e7in bug\u00fcn Londra klini\u011fimizle ileti\u015fime ge\u00e7in.&nbsp;<\/p>\n\n\n\n<p><a href=\"https:\/\/dermaaestheticslondon.com\/tr\/contact\/\">\u0130LET\u0130\u015e\u0130ME GE\u00c7\u0130N<\/a><\/p>\n\n\n\n<h2 class=\"wp-block-heading\" id=\"visiting-our-central-london-clinic\">Londra&#039;n\u0131n merkezindeki klini\u011fimizi ziyaret ediyoruz<\/h2>\n\n\n\n<p>&nbsp;\u0130l\u00e7enin en iyi estetik doktorlar\u0131n\u0131n bulundu\u011fu Derma Aesthetics London klini\u011fini Harley Caddesi&#039;nde bulabilirsiniz.&nbsp;<\/p>\n\n\n\n<p>Oxford Circus Metro \u0130stasyonu&#039;na on dakikal\u0131k y\u00fcr\u00fcme mesafesindeyiz. E\u011fer<\/p>\n\n\n\n<p>Araban\u0131z varsa, Harley Caddesi&#039;nde geni\u015f bir \u00fccretli otopark alan\u0131 mevcuttur.&nbsp;&nbsp;<\/p>\n\n\n\n<h3 class=\"wp-block-heading\" id=\"address\">Adres<\/h3>\n\n\n\n<p>39 Harley Caddesi<\/p>\n\n\n\n<p>Londra&nbsp;<\/p>\n\n\n\n<p>W1G 8QH<\/p>\n\n\n<p><iframe style=\"border: 0;\" src=\"https:\/\/www.google.com\/maps\/embed?pb=!1m14!1m8!1m3!1d9930.899153256332!2d-0.1468513!3d51.5182649!3m2!1i1024!2i768!4f13.1!3m3!1m2!1s0x487611e416322439%3A0xb84cf932b11cbe62!2sDerma%20Aesthetics%20London!5e0!3m2!1sen!2suk!4v1699790340707!5m2!1sen!2suk\" width=\"600\" height=\"450\" allowfullscreen=\"allowfullscreen\"><\/iframe><\/p>","protected":false},"excerpt":{"rendered":"<p>Estetik doktorumuz Londra&#039;daki en iyi yanak dolgusu konusunda uzmanla\u015fm\u0131\u015ft\u0131r. Do\u011fal g\u00f6r\u00fcn\u00fcml\u00fc sonu\u00e7lar g\u00f6rmenize yard\u0131mc\u0131 olabiliriz. Bug\u00fcn bizimle ileti\u015fime ge\u00e7in. <\/p>","protected":false},"author":4,"featured_media":1554,"parent":0,"menu_order":80,"comment_status":"closed","ping_status":"closed","template":"","meta":{"_gspb_post_css":"","pgc_sgb_lightbox_settings":"","footnotes":""},"class_list":["post-3069","page","type-page","status-publish","has-post-thumbnail","hentry"],"blocksy_meta":{"page_structure_type":"type-1","styles_descriptor":{"styles":{"desktop":"","tablet":"","mobile":""},"google_fonts":[],"version":6}},"_links":{"self":[{"href":"https:\/\/dermaaestheticslondon.com\/tr\/wp-json\/wp\/v2\/pages\/3069","targetHints":{"allow":["GET"]}}],"collection":[{"href":"https:\/\/dermaaestheticslondon.com\/tr\/wp-json\/wp\/v2\/pages"}],"about":[{"href":"https:\/\/dermaaestheticslondon.com\/tr\/wp-json\/wp\/v2\/types\/page"}],"author":[{"embeddable":true,"href":"https:\/\/dermaaestheticslondon.com\/tr\/wp-json\/wp\/v2\/users\/4"}],"replies":[{"embeddable":true,"href":"https:\/\/dermaaestheticslondon.com\/tr\/wp-json\/wp\/v2\/comments?post=3069"}],"version-history":[{"count":2,"href":"https:\/\/dermaaestheticslondon.com\/tr\/wp-json\/wp\/v2\/pages\/3069\/revisions"}],"predecessor-version":[{"id":3072,"href":"https:\/\/dermaaestheticslondon.com\/tr\/wp-json\/wp\/v2\/pages\/3069\/revisions\/3072"}],"wp:featuredmedia":[{"embeddable":true,"href":"https:\/\/dermaaestheticslondon.com\/tr\/wp-json\/wp\/v2\/media\/1554"}],"wp:attachment":[{"href":"https:\/\/dermaaestheticslondon.com\/tr\/wp-json\/wp\/v2\/media?parent=3069"}],"curies":[{"name":"wp","href":"https:\/\/api.w.org\/{rel}","templated":true}]}}