{"id":3071,"date":"2024-11-14T10:21:05","date_gmt":"2024-11-14T10:21:05","guid":{"rendered":"https:\/\/dermaaestheticslondon.com\/?p=3071"},"modified":"2025-01-30T12:46:22","modified_gmt":"2025-01-30T12:46:22","slug":"best-tear-trough-filler-london","status":"publish","type":"page","link":"https:\/\/dermaaestheticslondon.com\/tr\/best-tear-trough-filler-london\/","title":{"rendered":"En \u0130yi G\u00f6zya\u015f\u0131 Olu\u011fu Dolgusu Londra"},"content":{"rendered":"<p>Derma Estetik Londra \u015funlar\u0131 sunar: <strong>Londra&#039;daki en iyi g\u00f6zya\u015f\u0131 dolgusu<\/strong> G\u00f6z alt\u0131 morluklar\u0131n\u0131z\u0131 ve g\u00f6z torbalar\u0131n\u0131z\u0131 azaltmaya yard\u0131mc\u0131 olur.&nbsp;<\/p>\n\n\n\n<p>G\u00f6z alt\u0131 b\u00f6lgeniz, di\u011fer ad\u0131yla g\u00f6zya\u015f\u0131 olu\u011funuz, ya\u015flanma belirtilerinin ilk g\u00f6r\u00fcld\u00fc\u011f\u00fc yerlerden biridir. Kaybolan hacimden koyu g\u00f6lgelere, daha gen\u00e7 bir \u0131\u015f\u0131lt\u0131 ar\u0131yorsan\u0131z, <a href=\"https:\/\/dermaaestheticslondon.com\/tr\/treatments\/tear-trough\/\">g\u00f6zya\u015f\u0131 olu\u011fu dolgusu<\/a> Londra klini\u011fimizde harika bir \u00e7\u00f6z\u00fcm var.&nbsp;<\/p>\n\n\n\n<p>G\u00f6zya\u015f\u0131 olu\u011fu dolgu tedavimiz, g\u00f6zya\u015f\u0131 olu\u011fu b\u00f6lgenizi an\u0131nda dolgunla\u015ft\u0131rmak ve nemlendirmek i\u00e7in dermal dolgu enjeksiyonlar\u0131 kullan\u0131r. Bu, daha \u00f6nce oldu\u011fundan daha tazelenmi\u015f ve daha az yorgun g\u00f6r\u00fcnmenize yard\u0131mc\u0131 olur.&nbsp;<\/p>\n\n\n\n<p>Derma Aesthetics London&#039;da, Dr. Raja&#039;n\u0131n uzman ellerinde olacaks\u0131n\u0131z. O, do\u011fal g\u00f6r\u00fcn\u00fcml\u00fc sonu\u00e7lar g\u00f6rmeniz i\u00e7in do\u011fru noktalara ve do\u011fru derinli\u011fe dermal dolgu maddelerini g\u00fcvenli bir \u015fekilde nas\u0131l enjekte edece\u011fini bilen bir g\u00f6zya\u015f\u0131 olu\u011fu dolgu uzman\u0131d\u0131r.&nbsp;<\/p>\n\n\n\n<p>G\u00f6zya\u015f\u0131 olu\u011fu tedavisi hakk\u0131nda bizimle g\u00f6r\u00fc\u015fmek istiyorsan\u0131z, \u00f6ncelikle Londra&#039;daki klini\u011fimizle ileti\u015fime ge\u00e7erek randevu alabilirsiniz.&nbsp;<\/p>\n\n\n\n<p><a href=\"https:\/\/dermaaestheticslondon.com\/tr\/contact\/\">DANI\u015eMA RANDEVUSU ALIN<\/a><\/p>\n\n\n\n<figure class=\"wp-block-image size-full is-resized\"><img decoding=\"async\" width=\"1024\" height=\"1024\" src=\"https:\/\/dermaaestheticslondon.com\/wordpress\/wp-content\/uploads\/2024\/06\/before-and-after-tear-trough-filler-2.webp\" alt=\"Best Tear Trough Filler London\" class=\"wp-image-2410\" style=\"width:636px;height:auto\" srcset=\"https:\/\/dermaaestheticslondon.com\/wordpress\/wp-content\/uploads\/2024\/06\/before-and-after-tear-trough-filler-2.webp 1024w, https:\/\/dermaaestheticslondon.com\/wordpress\/wp-content\/uploads\/2024\/06\/before-and-after-tear-trough-filler-2-300x300.webp 300w, https:\/\/dermaaestheticslondon.com\/wordpress\/wp-content\/uploads\/2024\/06\/before-and-after-tear-trough-filler-2-150x150.webp 150w, https:\/\/dermaaestheticslondon.com\/wordpress\/wp-content\/uploads\/2024\/06\/before-and-after-tear-trough-filler-2-768x768.webp 768w\" sizes=\"(max-width: 1024px) 100vw, 1024px\" \/><\/figure>\n\n\n\n<h2 class=\"wp-block-heading\" id=\"what-is-jawline-filler-treatment\">G\u00f6zya\u015f\u0131 olu\u011fu dolgular\u0131 nelerdir?<\/h2>\n\n\n\n<p>G\u00f6zya\u015f\u0131 olu\u011fu dolgu tedavisi, g\u00f6z altlar\u0131nda g\u00f6rd\u00fc\u011f\u00fcm\u00fcz yayg\u0131n cilt sorunlar\u0131n\u0131 ele almaya yard\u0131mc\u0131 olan pop\u00fcler bir cerrahi olmayan i\u015flemdir. G\u00f6zya\u015f\u0131 olu\u011fu tedavisi, koyu halkalar\u0131 en aza indirmek, i\u00e7i bo\u015f bir g\u00f6zya\u015f\u0131 olu\u011funu dolgunla\u015ft\u0131rmak ve \u00e7izgileri ve k\u0131r\u0131\u015f\u0131kl\u0131klar\u0131 d\u00fczeltmek i\u00e7in belirli bir t\u00fcr dermal dolgu kullan\u0131r.&nbsp;<\/p>\n\n\n\n<p>G\u00f6zya\u015f\u0131 olu\u011fu dolgu enjeksiyonlar\u0131, hyaluronik asit dolgusunu g\u00f6zya\u015f\u0131 olu\u011funa yerle\u015ftirerek \u00e7al\u0131\u015f\u0131r. Bu, alt g\u00f6z kapa\u011f\u0131n\u0131zla \u00fcst yana\u011f\u0131n\u0131z aras\u0131ndaki b\u00f6lgedir. Hyaluronik asit, cildin nemlenmesine ve cildin s\u0131k\u0131 ve sa\u011fl\u0131kl\u0131 kalmas\u0131na yard\u0131mc\u0131 olan, ciltte zaten bulunan do\u011fal bir maddedir.&nbsp;<\/p>\n\n\n\n<p>G\u00f6zya\u015f\u0131 oluklar\u0131nda hyaluronik asit dermal dolgular\u0131 kullanarak, daha p\u00fcr\u00fczs\u00fcz ve dolgun bir g\u00f6z alt\u0131 b\u00f6lgesi yaratmaya yard\u0131mc\u0131 oluyoruz. Sadece 30 dakika gibi k\u0131sa bir s\u00fcrede daha uyan\u0131k, \u0131\u015f\u0131lt\u0131l\u0131 ve gen\u00e7 g\u00f6r\u00fcneceksiniz.&nbsp;<\/p>\n\n\n\n<h2 class=\"wp-block-heading\" id=\"what-are-the-benefits-of-tear-trough-treatment\">G\u00f6zya\u015f\u0131 olu\u011fu tedavisinin faydalar\u0131 nelerdir?<\/h2>\n\n\n\n<p>Derma Aesthetics London&#039;da g\u00f6zya\u015f\u0131 olu\u011fu dolgu tedavilerini \u00f6nermemizin bir\u00e7ok nedeni var. \u0130\u015fte g\u00f6zya\u015f\u0131 olu\u011funuz i\u00e7in dermal dolgular\u0131n ba\u015fl\u0131ca faydalar\u0131ndan baz\u0131lar\u0131:<\/p>\n\n\n\n<h3 class=\"wp-block-heading\" id=\"reduce-dark-circles\">Koyu halkalar\u0131 azalt\u0131n<\/h3>\n\n\n\n<p>G\u00f6zya\u015f\u0131 olu\u011fu dolgular\u0131, g\u00f6zlerin alt\u0131nda g\u00f6lge etkisi yaratan oyuk g\u00f6zya\u015f\u0131 oluklar\u0131n\u0131 dolgunla\u015ft\u0131rmak i\u00e7in dermal dolgular kullanarak koyu halkalarla sava\u015fmaya yard\u0131mc\u0131 olur. G\u00f6zya\u015f\u0131 olu\u011fu dolgusu an\u0131nda hacim ekler ve daha gen\u00e7le\u015fmi\u015f bir g\u00f6z alt\u0131 b\u00f6lgesini ortaya \u00e7\u0131karmak i\u00e7in nemlendirir.&nbsp;<\/p>\n\n\n\n<h3 class=\"wp-block-heading\" id=\"restore-lost-volume\">Kaybolan hacmi geri kazand\u0131r\u0131n&nbsp;<\/h3>\n\n\n\n<p>Ya\u015fland\u0131k\u00e7a, g\u00f6zya\u015f\u0131 olu\u011fu b\u00f6lgesi de dahil olmak \u00fczere cildimizdeki ya\u011f ve kolajeni kaybetmeye ba\u015flar\u0131z. Bu nedenle g\u00f6z altlar\u0131m\u0131z \u00e7\u00f6k\u00fck ve daha yorgun g\u00f6r\u00fcnmeye ba\u015flar. G\u00f6z alt\u0131 olu\u011fu dolgular\u0131 hacim kayb\u0131n\u0131 geri kazand\u0131rmaya ve g\u00f6z alt\u0131 b\u00f6lgesine daha dolgun ve daha gen\u00e7 bir g\u00f6r\u00fcn\u00fcm kazand\u0131rmaya yard\u0131mc\u0131 olur.&nbsp;<\/p>\n\n\n\n<h3 class=\"wp-block-heading\" id=\"target-lines-and-wrinkles\">Hedef \u00e7izgiler ve k\u0131r\u0131\u015f\u0131kl\u0131klar<\/h3>\n\n\n\n<p>G\u00f6z alt\u0131 \u00e7ukurlu\u011fu tedavisi sadece \u00e7\u00f6k\u00fcnt\u00fc ve koyu halkalar\u0131 gidermek i\u00e7in harika olmakla kalmaz, ayn\u0131 zamanda \u00e7izgilerin ve k\u0131r\u0131\u015f\u0131kl\u0131klar\u0131n g\u00f6r\u00fcn\u00fcm\u00fcn\u00fc de azalt\u0131r. G\u00f6z alt\u0131 \u00e7ukurlu\u011fu dolgular\u0131, daha tazelenmi\u015f bir g\u00f6r\u00fcn\u00fcm sa\u011flamak i\u00e7in g\u00f6z \u00e7evresinin alt\u0131ndaki ve \u00e7evresindeki derin \u00e7izgileri ve k\u0131r\u0131\u015f\u0131kl\u0131klar\u0131 d\u00fczeltir.&nbsp;<\/p>\n\n\n\n<h3 class=\"wp-block-heading\" id=\"a-quick-and-minimally-invasive-treatment\">H\u0131zl\u0131 ve minimal invaziv bir tedavi&nbsp;<\/h3>\n\n\n\n<p>G\u00f6zya\u015f\u0131 olu\u011fu tedavileri cerrahi olmayan tedavilerdir, yani kesi olmaz ve uzun iyile\u015fme s\u00fcreleri olmaz. Dr. Raja&#039;n\u0131n bak\u0131m\u0131 alt\u0131nda, tedaviniz yakla\u015f\u0131k 30 dakika i\u00e7inde tamamlanacak ve hemen i\u015fe d\u00f6nebileceksiniz.&nbsp;<\/p>\n\n\n\n<h3 class=\"wp-block-heading\" id=\"long-lasting-results\">Uzun s\u00fcreli sonu\u00e7lar<\/h3>\n\n\n\n<p>T\u00fcm dermal dolgu tedavilerimiz hyaluronik asit dermal dolgular\u0131 kullan\u0131r. Bu t\u00fcr dermal dolgular\u0131n, do\u011fal g\u00f6r\u00fcn\u00fcm\u00fcn\u00fcz\u00fc korurken g\u00f6zya\u015f\u0131 olu\u011fu b\u00f6lgesini hacimlendirdi\u011fi, nemlendirdi\u011fi ve dolgunla\u015ft\u0131rd\u0131\u011f\u0131 kan\u0131tlanm\u0131\u015ft\u0131r. G\u00f6zya\u015f\u0131 olu\u011fu dermal dolgular\u0131n\u0131n sonu\u00e7lar\u0131 yakla\u015f\u0131k 12-18 ay s\u00fcrmelidir.&nbsp;<\/p>\n\n\n\n<p>12 ayl\u0131k s\u00fcre boyunca elde etti\u011finiz harika sonu\u00e7lar\u0131 korumaya yard\u0131mc\u0131 olmak i\u00e7in tamamlay\u0131c\u0131 bir dermal dolgu tedavisi se\u00e7ebilirsiniz.&nbsp;&nbsp;<\/p>\n\n\n\n<h2 class=\"wp-block-heading\" id=\"are-tear-trough-fillers-safe\">G\u00f6zya\u015f\u0131 olu\u011fu dolgular\u0131 g\u00fcvenli midir?<\/h2>\n\n\n\n<p>E\u011fitimli estetik doktorumuzun ellerinde, g\u00f6zya\u015f\u0131 olu\u011fu prosed\u00fcr\u00fcn\u00fcz tamamen g\u00fcvenli olacakt\u0131r. Bunun nedeni, Dr. Raja&#039;n\u0131n g\u00f6zya\u015f\u0131 olu\u011fu dolgu tedavileri sa\u011flama konusunda kapsaml\u0131 deneyime sahip olmas\u0131d\u0131r. Harika bir sonu\u00e7 g\u00f6rmeniz i\u00e7in do\u011fru miktarda, do\u011fru derinlikte nas\u0131l enjekte edilece\u011fini bilir.&nbsp;<\/p>\n\n\n\n<p>Derma Aesthetics London&#039;da t\u00fcm hastalar\u0131m\u0131za derinlemesine bir kons\u00fcltasyon sunuyoruz. Bu, Dr. Raja&#039;n\u0131n sizi tan\u0131mas\u0131n\u0131, cilt endi\u015felerinizi de\u011ferlendirmesini ve \u00f6zel ihtiya\u00e7lar\u0131n\u0131z\u0131 kar\u015f\u0131layacak ki\u015fiselle\u015ftirilmi\u015f bir g\u00f6zya\u015f\u0131 olu\u011fu dolgusu tedavi plan\u0131 geli\u015ftirmesini sa\u011flar.&nbsp;<\/p>\n\n\n\n<h2 class=\"wp-block-heading\" id=\"tear-trough-fillers-london-what-to-expect\">Londra&#039;da g\u00f6z alt\u0131 dolgular\u0131 \u2013 ne beklenir&nbsp;<\/h2>\n\n\n\n<p>G\u00f6zya\u015f\u0131 olu\u011fu tedavisi g\u00f6rd\u00fc\u011f\u00fcn\u00fczde, Dr. Raja size tedaviyi, enjeksiyon noktalar\u0131n\u0131n nerede olaca\u011f\u0131n\u0131 ve sonras\u0131nda ne bekleyece\u011finizi anlatarak ba\u015flayacakt\u0131r. Ayr\u0131ca b\u00f6lgeyi temizleyerek temiz ve enjeksiyonlara haz\u0131r oldu\u011fundan emin olacakt\u0131r.&nbsp;<\/p>\n\n\n\n<p>G\u00f6zya\u015f\u0131 olu\u011fu b\u00f6lgesi olduk\u00e7a hassas olabilir, bu nedenle tedavinizi daha konforlu hale getirmek i\u00e7in topikal bir uyu\u015fturma kremi uygulayaca\u011f\u0131z. \u00c7o\u011fu hasta soruyor - g\u00f6zya\u015f\u0131 olu\u011fu dolgusu ac\u0131t\u0131r m\u0131? \u00c7o\u011fu hasta i\u00e7in ac\u0131tmaz, ancak uyu\u015fturma kremi olmadan i\u011fnenin girmesi nedeniyle daha fazla \u00e7izik hissedersiniz.&nbsp;<\/p>\n\n\n\n<p>Dr. Raja, g\u00f6zya\u015f\u0131 olu\u011fu dolgular\u0131n\u0131z\u0131 enjekte etmek i\u00e7in bir kan\u00fcl kullanacakt\u0131r. Bu, tedavi b\u00f6lgesinde \u015fi\u015fme ve morarma riskini azaltmaya yard\u0131mc\u0131 olan \u00e7ok ince bir i\u011fnedir. Tedavinizden sonra hala hafif bir \u015fi\u015fme g\u00f6rebilirsiniz, ancak bu minimum d\u00fczeyde olacak ve 24-24 saat i\u00e7inde azalacakt\u0131r.&nbsp;<\/p>\n\n\n\n<h2 class=\"wp-block-heading\" id=\"am-i-suitable-for-under-eye-filler\">G\u00f6z alt\u0131 \u0131\u015f\u0131k dolgusu bana uygun mu?<\/h2>\n\n\n\n<p>G\u00f6z altlar\u0131n\u0131zda \u00e7\u00f6k\u00fckl\u00fck ve ya\u015flanma veya kilo kayb\u0131 sonucu olu\u015fan hacim kayb\u0131 varsa, g\u00f6zya\u015f\u0131 olu\u011fu dolgular\u0131 i\u00e7in iyi bir adays\u0131n\u0131z. Ancak herkes dermal dolgu tedavisi i\u00e7in uygun olmayacakt\u0131r. Cildiniz \u00e7ok inceyse veya bir cilt enfeksiyonunuz veya t\u0131bbi rahats\u0131zl\u0131\u011f\u0131n\u0131z varsa, bu tedaviyi \u00f6nermiyoruz.&nbsp;<\/p>\n\n\n\n<p>G\u00f6zya\u015f\u0131 olu\u011fu dolgu tedavisine uygun olup olmad\u0131\u011f\u0131n\u0131zdan emin de\u011filseniz l\u00fctfen <a href=\"https:\/\/dermaaestheticslondon.com\/tr\/contact\/\">temas etmek<\/a> Doktorumuzdan randevu almak i\u00e7in klini\u011fimizi ziyaret edin.&nbsp;<\/p>\n\n\n\n<h2 class=\"wp-block-heading\" id=\"talk-to-the-experts-in-tear-trough-filler-treatment-london\">Londra&#039;da g\u00f6zya\u015f\u0131 olu\u011fu dolgu tedavisi konusunda uzmanlarla konu\u015fun<\/h2>\n\n\n\n<p>Koyu halkalar\u0131 azaltmak ve g\u00f6z alt\u0131 b\u00f6lgenizin daha gen\u00e7 g\u00f6r\u00fcnmesini istiyorsan\u0131z, Derma Aesthetics London uzmanlar\u0131 g\u00f6zya\u015f\u0131 olu\u011fu tedavisinde yard\u0131mc\u0131 olabilir. En iyi tedavi deneyimini ya\u015faman\u0131z\u0131 ve do\u011fal g\u00fczelli\u011finizi art\u0131ran sonu\u00e7lar elde etmenizi sa\u011flamak i\u00e7in geli\u015fmi\u015f teknikler ve y\u00fcksek kaliteli dermal dolgular kullan\u0131yoruz.&nbsp;<\/p>\n\n\n\n<p>G\u00fcvenli\u011finiz ve iyili\u011finiz bizim en b\u00fcy\u00fck \u00f6nceli\u011fimizdir. Sadece sizin i\u00e7in do\u011fru karar\u0131 vermeniz i\u00e7in t\u00fcm bilgilere sahip olman\u0131z i\u00e7in detayl\u0131 bir kons\u00fcltasyona sahip olmakla kalmay\u0131p, ayn\u0131 zamanda kapsaml\u0131 bir bak\u0131m sonras\u0131 hizmeti de sa\u011fl\u0131yoruz. Bu, tedavinizden tamamen iyile\u015fmenizi ve iyile\u015fmenizi sa\u011flayarak uzun s\u00fcreli sonu\u00e7lar\u0131n keyfini \u00e7\u0131karman\u0131z\u0131 sa\u011flar.&nbsp;<\/p>\n\n\n\n<p>G\u00f6z altlar\u0131n\u0131z\u0131n daha parlak g\u00f6r\u00fcnmesi i\u00e7in ilk ad\u0131m\u0131 dan\u0131\u015fmanl\u0131k randevusu alarak at\u0131n.&nbsp;<\/p>\n\n\n\n<p><a href=\"https:\/\/dermaaestheticslondon.com\/tr\/contact\/\">\u0130LET\u0130\u015e\u0130ME GE\u00c7\u0130N<\/a><\/p>\n\n\n\n<h2 class=\"wp-block-heading\" id=\"finding-our-london-clinic\">Londra klini\u011fimizi bulma&nbsp;<\/h2>\n\n\n\n<p>Derma Aesthetics London klini\u011fi Harley Street&#039;tedir. Ayr\u0131ca Oxford Street&#039;e k\u0131sa bir y\u00fcr\u00fcy\u00fc\u015f mesafesindeyiz, bu sayede tedavinizden sonra al\u0131\u015fveri\u015f yapabilirsiniz.&nbsp;<\/p>\n\n\n\n<p>Oxford Circus Metro \u0130stasyonu&#039;na on dakikal\u0131k y\u00fcr\u00fcme mesafesindeyiz. E\u011fer<\/p>\n\n\n\n<p>Araban\u0131z varsa, Harley Caddesi&#039;nde geni\u015f bir \u00fccretli otopark alan\u0131 mevcuttur.&nbsp;&nbsp;<\/p>\n\n\n\n<h3 class=\"wp-block-heading\" id=\"address\">Adres<\/h3>\n\n\n\n<p>39 Harley Caddesi<\/p>\n\n\n\n<p>Londra&nbsp;<\/p>\n\n\n\n<p>W1G 8QH<\/p>\n\n\n<p><iframe style=\"border: 0;\" src=\"https:\/\/www.google.com\/maps\/embed?pb=!1m14!1m8!1m3!1d9930.899153256332!2d-0.1468513!3d51.5182649!3m2!1i1024!2i768!4f13.1!3m3!1m2!1s0x487611e416322439%3A0xb84cf932b11cbe62!2sDerma%20Aesthetics%20London!5e0!3m2!1sen!2suk!4v1699790340707!5m2!1sen!2suk\" width=\"600\" height=\"450\" allowfullscreen=\"allowfullscreen\"><\/iframe><\/p>","protected":false},"excerpt":{"rendered":"<p>Londra&#039;daki en iyi g\u00f6z alt\u0131 dolgusu ile Derma Aesthetics London uzmanlar\u0131yla an\u0131nda ve do\u011fal g\u00f6r\u00fcn\u00fcml\u00fc sonu\u00e7lar elde edin. Bir kons\u00fcltasyon randevusu al\u0131n.<\/p>","protected":false},"author":4,"featured_media":2410,"parent":0,"menu_order":80,"comment_status":"closed","ping_status":"closed","template":"","meta":{"_gspb_post_css":"","pgc_sgb_lightbox_settings":"","footnotes":""},"class_list":["post-3071","page","type-page","status-publish","has-post-thumbnail","hentry"],"blocksy_meta":{"page_structure_type":"type-1","styles_descriptor":{"styles":{"desktop":"","tablet":"","mobile":""},"google_fonts":[],"version":6}},"_links":{"self":[{"href":"https:\/\/dermaaestheticslondon.com\/tr\/wp-json\/wp\/v2\/pages\/3071","targetHints":{"allow":["GET"]}}],"collection":[{"href":"https:\/\/dermaaestheticslondon.com\/tr\/wp-json\/wp\/v2\/pages"}],"about":[{"href":"https:\/\/dermaaestheticslondon.com\/tr\/wp-json\/wp\/v2\/types\/page"}],"author":[{"embeddable":true,"href":"https:\/\/dermaaestheticslondon.com\/tr\/wp-json\/wp\/v2\/users\/4"}],"replies":[{"embeddable":true,"href":"https:\/\/dermaaestheticslondon.com\/tr\/wp-json\/wp\/v2\/comments?post=3071"}],"version-history":[{"count":1,"href":"https:\/\/dermaaestheticslondon.com\/tr\/wp-json\/wp\/v2\/pages\/3071\/revisions"}],"predecessor-version":[{"id":3073,"href":"https:\/\/dermaaestheticslondon.com\/tr\/wp-json\/wp\/v2\/pages\/3071\/revisions\/3073"}],"wp:featuredmedia":[{"embeddable":true,"href":"https:\/\/dermaaestheticslondon.com\/tr\/wp-json\/wp\/v2\/media\/2410"}],"wp:attachment":[{"href":"https:\/\/dermaaestheticslondon.com\/tr\/wp-json\/wp\/v2\/media?parent=3071"}],"curies":[{"name":"wp","href":"https:\/\/api.w.org\/{rel}","templated":true}]}}