{"id":3214,"date":"2024-12-29T13:37:24","date_gmt":"2024-12-29T13:37:24","guid":{"rendered":"https:\/\/dermaaestheticslondon.com\/?p=3214"},"modified":"2025-01-30T12:46:09","modified_gmt":"2025-01-30T12:46:09","slug":"endolift-chelsea","status":"publish","type":"page","link":"https:\/\/dermaaestheticslondon.com\/tr\/endolift-chelsea\/","title":{"rendered":"Endolift Chelsea"},"content":{"rendered":"<p>\u0130\u00e7in <strong>Chelsea&#039;de Endolift<\/strong>, Derma Aesthetics London&#039;daki cilt bak\u0131m\u0131 uzmanlar\u0131ndan ba\u015fkas\u0131na bakmay\u0131n. Daha gen\u00e7 bir g\u00f6r\u00fcn\u00fcme kavu\u015fman\u0131za yard\u0131mc\u0131 olabiliriz.&nbsp;<\/p>\n\n\n\n<p>The <a href=\"https:\/\/dermaaestheticslondon.com\/tr\/treatments\/endolift\/\">Endolift tedavisi<\/a> Chelsea ve Londra&#039;n\u0131n di\u011fer b\u00f6lgelerinde daha fazla pop\u00fclerlik kazan\u0131yor. Bunun nedeni, gev\u015fek ve sark\u0131k cildi s\u0131k\u0131la\u015ft\u0131rarak daha konturlu ve taze bir g\u00f6r\u00fcn\u00fcm elde etmenize yard\u0131mc\u0131 olabilmesidir. Ayr\u0131ca diyet ve egzersizle at\u0131lmas\u0131 zor olan inat\u00e7\u0131 ya\u011f ceplerini hedeflemeye ve eritmeye yard\u0131mc\u0131 olur.&nbsp;<\/p>\n\n\n\n<p>Derma Aesthetics London&#039;da, en iyi \u015fekilde g\u00f6r\u00fcnmenize ve hissetmenize yard\u0131mc\u0131 olabilecek ya\u015flanma kar\u015f\u0131t\u0131 tedavilerde uzmanla\u015f\u0131yoruz. T\u0131bbi uzmanlardan olu\u015fan ekibimiz, Endolift, dermal dolgular ve k\u0131r\u0131\u015f\u0131kl\u0131k kar\u015f\u0131t\u0131 tedaviler gibi tedaviler sunma konusunda y\u0131llar\u0131n deneyimine sahiptir.&nbsp;<\/p>\n\n\n\n<p>Cilt sorunlar\u0131n\u0131zla ba\u015fa \u00e7\u0131kmak i\u00e7in en iyi tedavi yolunu bulmak i\u00e7in sizinle birlikte \u00e7al\u0131\u015f\u0131yoruz. Bu, tek ba\u015f\u0131na Endolift veya bunun ve ba\u015fka bir kozmetik tedavinin birle\u015fimi olabilir. Cildinizin neye ihtiyac\u0131 olursa olsun, kendinizin en iyi versiyonunu g\u00f6rmenize yard\u0131mc\u0131 olabiliriz.&nbsp;<\/p>\n\n\n\n<p><a href=\"https:\/\/dermaaestheticslondon.com\/tr\/contact\/\">DANI\u015eMA RANDEVUSU ALIN<\/a><\/p>\n\n\n\n<figure class=\"wp-block-image size-full\"><img decoding=\"async\" width=\"602\" height=\"602\" src=\"https:\/\/dermaaestheticslondon.com\/wordpress\/wp-content\/uploads\/2024\/04\/endolift-london-before-after.webp\" alt=\"endolift london before after\" class=\"wp-image-2205\" srcset=\"https:\/\/dermaaestheticslondon.com\/wordpress\/wp-content\/uploads\/2024\/04\/endolift-london-before-after.webp 602w, https:\/\/dermaaestheticslondon.com\/wordpress\/wp-content\/uploads\/2024\/04\/endolift-london-before-after-300x300.webp 300w, https:\/\/dermaaestheticslondon.com\/wordpress\/wp-content\/uploads\/2024\/04\/endolift-london-before-after-150x150.webp 150w\" sizes=\"(max-width: 602px) 100vw, 602px\" \/><figcaption class=\"wp-element-caption\">Endolift \u2013 cilt s\u0131k\u0131la\u015ft\u0131rma ve ya\u011f azaltma tedavisi<\/figcaption><\/figure>\n\n\n\n<h2 class=\"wp-block-heading\" id=\"what-is-endolift-treatment\">Endolift Nedir?<\/h2>\n\n\n\n<p>Endolift, size daha gen\u00e7 ve parlak g\u00f6r\u00fcn\u00fcml\u00fc bir cilt kazand\u0131rmak i\u00e7in lazer teknolojisini kullanan invaziv olmayan bir tedavidir. Ameliyats\u0131z bir \u015fekilde cildini s\u0131k\u0131la\u015ft\u0131rmak, fazla ya\u011flar\u0131 azaltmak ve y\u00fcz\u00fcn\u00fc ve v\u00fccudunu \u015fekillendirmek isteyen herkes i\u00e7in tercih edilen bir lazer tedavisidir.&nbsp;<\/p>\n\n\n\n<p>Ya\u015fland\u0131k\u00e7a, cilt gev\u015fekli\u011fi sorunlar\u0131yla m\u00fccadele etmeye ba\u015flar\u0131z. Bunlara gev\u015fek cilt ve k\u0131r\u0131\u015f\u0131kl\u0131klar da dahildir. Endolift&#039;in lazer enerjisinin yard\u0131mc\u0131 oldu\u011fu yer buras\u0131d\u0131r. Kolajen \u00fcretimini uyarmaya ve cilt elastikiyetini art\u0131rmaya yard\u0131mc\u0131 olur. Sonu\u00e7 olarak, daha s\u0131k\u0131 ve dolgun g\u00f6r\u00fcnen bir cilt g\u00f6receksiniz.&nbsp;&nbsp;<\/p>\n\n\n\n<p>Ayr\u0131ca, \u00f6zellikle y\u00fcz\u00fcn alt k\u0131sm\u0131nda, \u00e7ene hatt\u0131nda ve boyun b\u00f6lgesinde a\u015f\u0131r\u0131 ya\u011f ceplerini hedefler. Bir di\u011fer faydas\u0131 da hem y\u00fczeysel hem de derin cilt katmanlar\u0131n\u0131 tedavi edebilmesidir, bu da genel cilt gen\u00e7le\u015ftirme anlam\u0131na gelir. Ayr\u0131ca bu tedavide iyile\u015fme s\u00fcresi yoktur, bu nedenle birka\u00e7 saat i\u00e7inde i\u015finize geri d\u00f6nebilirsiniz.&nbsp;&nbsp;<\/p>\n\n\n\n<h3 class=\"wp-block-heading\" id=\"what-areas-can-endolift-treat\">Endolift hangi b\u00f6lgelere uygulanabilir?<\/h3>\n\n\n\n<p>Endolift, piyasadaki en \u00e7ok y\u00f6nl\u00fc lazer tedavilerinden biridir. Kolajen ve elastinden olu\u015fan ba\u011f dokular\u0131n\u0131 s\u0131k\u0131la\u015ft\u0131rmaya yard\u0131mc\u0131 olur. Bunu yaparak cildinizdeki yeni kolajeni art\u0131r\u0131rken, ayn\u0131 zamanda a\u015fa\u011f\u0131daki b\u00f6lgelerdeki k\u00fc\u00e7\u00fck a\u015f\u0131r\u0131 ya\u011f ceplerini de azalt\u0131r:<\/p>\n\n\n\n<p>\u00b7 Yanaklar<\/p>\n\n\n\n<p>\u00b7 Nazolabial k\u0131vr\u0131mlar&nbsp;<\/p>\n\n\n\n<p>\u00b7 G\u00fcl\u00fcmseme \u00e7izgileri veya kahkaha \u00e7izgileri<\/p>\n\n\n\n<p>\u00b7    Boyun<\/p>\n\n\n\n<p>\u00b7 \u00c7ene hatt\u0131<\/p>\n\n\n\n<p>\u00b7 Al\u0131n ve ka\u015flar<\/p>\n\n\n\n<p>Endolift&#039;i sadece y\u00fcz germe i\u015flemi olarak de\u011fil, kar\u0131n, diz, kal\u00e7a, i\u00e7 bacaklar, \u00fcst kollar ve ayak bileklerinde de kullanabiliyoruz.<\/p>\n\n\n\n<h3 class=\"wp-block-heading\" id=\"how-does-endolift-work-in-chelsea\">Endolift Chelsea&#039;de nas\u0131l \u00e7al\u0131\u015f\u0131r?<\/h3>\n\n\n\n<p>Tedaviniz Chelsea yak\u0131nlar\u0131ndaki merkezi Londra klini\u011fimizde ger\u00e7ekle\u015fecektir. Cildin alt\u0131na yerle\u015ftirdi\u011fimiz, sa\u00e7 teli kadar ince bir lazer mikrofiberi olan elde ta\u015f\u0131nabilir bir cihaz kullan\u0131yoruz. Bu fiber, \u015funlara yard\u0131mc\u0131 olan belirli bir dalga boyu g\u00f6nderir:<\/p>\n\n\n\n<p>\u00b7 &nbsp; &nbsp; &nbsp; <strong>Kolajen \u00fcretimini te\u015fvik edin<\/strong> \u2013 lazerin \u0131s\u0131s\u0131ndan&nbsp;<\/p>\n\n\n\n<p>\u00b7 &nbsp; &nbsp; &nbsp; <strong>Cilt s\u0131k\u0131la\u015fmas\u0131n\u0131 te\u015fvik eder<\/strong> \u2013 Ciltte geri \u00e7ekilmeye neden olarak yeni kolajenin topaklanmay\u0131 azalt\u0131c\u0131 faydalar\u0131n\u0131n yan\u0131 s\u0131ra cildin kald\u0131r\u0131lmas\u0131na ve s\u0131k\u0131la\u015ft\u0131r\u0131lmas\u0131na yard\u0131mc\u0131 olur.&nbsp;<\/p>\n\n\n\n<p>\u00b7 &nbsp; &nbsp; &nbsp; <strong>Ya\u011flar\u0131 hedefler ve eritir<\/strong> \u2013 yanak, g\u0131d\u0131 veya y\u00fcz\u00fcn alt k\u0131sm\u0131 gibi k\u00fc\u00e7\u00fck b\u00f6lgelerde<\/p>\n\n\n\n<p>Endolift yapt\u0131rmak i\u00e7in lokal anesteziye ihtiyac\u0131n\u0131z olmayacak. \u00c7o\u011fu hasta bunun olduk\u00e7a kolay ve minimum a\u011fr\u0131l\u0131 bir tedavi oldu\u011funu bildiriyor. Ancak daha rahat bir deneyim yaratmak i\u00e7in b\u00f6lgeye uyu\u015fturucu krem uygulayabiliriz.&nbsp;<\/p>\n\n\n\n<p>Tedavi seans\u0131n\u0131z yakla\u015f\u0131k 30-45 dakika s\u00fcrecektir. Bu, tedaviyi ka\u00e7 b\u00f6lgeye yapt\u0131raca\u011f\u0131n\u0131za ve y\u00fcz veya v\u00fccut olup olmad\u0131\u011f\u0131na ba\u011fl\u0131 olacakt\u0131r.&nbsp;<\/p>\n\n\n\n<h3 class=\"wp-block-heading\" id=\"what-is-the-recovery-like-from-endolift\">Endolift sonras\u0131 iyile\u015fme s\u00fcreci nas\u0131ld\u0131r?<\/h3>\n\n\n\n<p>\u0130yi haber \u015fu ki Endolift minimal invaziv oldu\u011fundan bu tedaviyle \u00e7ok fazla iyile\u015fme s\u00fcreniz olmuyor. Hemen sonras\u0131nda hafif k\u0131zar\u0131kl\u0131k ve \u015fi\u015flik g\u00f6rmeniz muhtemeldir ancak bu ilk birka\u00e7 g\u00fcn i\u00e7inde ge\u00e7ecektir. \u00c7o\u011fu hastan\u0131n birka\u00e7 saat i\u00e7inde normal aktivitelerine d\u00f6nebildi\u011fini g\u00f6r\u00fcyoruz.&nbsp;<\/p>\n\n\n\n<h3 class=\"wp-block-heading\" id=\"endolift-results\">Endolift sonu\u00e7lar\u0131&nbsp;<\/h3>\n\n\n\n<p>Endolift&#039;ten hemen sonra cildinizde g\u00f6zle g\u00f6r\u00fcl\u00fcr baz\u0131 iyile\u015fmeler g\u00f6rebilirsiniz. Buna ilk cilt s\u0131k\u0131la\u015fmas\u0131 da dahildir. Cildinizin daha derin katmanlar\u0131nda yeni kolajen olu\u015fmaya devam ettik\u00e7e sonu\u00e7lar\u0131n\u0131z \u00f6n\u00fcm\u00fczdeki 3-6 ay boyunca iyile\u015fmeye devam edecektir.&nbsp;<\/p>\n\n\n\n<p>Kons\u00fcltasyonunuz s\u0131ras\u0131nda doktorunuz tek bir tedaviden mi yoksa bir tedavi k\u00fcr\u00fcnden mi faydaland\u0131\u011f\u0131n\u0131z\u0131 tart\u0131\u015facakt\u0131r. Cilt endi\u015felerinizi ele alacak ve en iyi sonu\u00e7lar\u0131 g\u00f6rmenizi sa\u011flayacak ki\u015fiselle\u015ftirilmi\u015f bir tedavi plan\u0131 olu\u015fturaca\u011f\u0131z.&nbsp;<\/p>\n\n\n\n<h2 class=\"wp-block-heading\" id=\"can-i-have-dermal-fillers-polynucleotides-with-endolift-treatment\">Endolift tedavisi s\u0131ras\u0131nda dermal dolgu ve polin\u00fckleotid uygulamas\u0131 yapt\u0131rabilir miyim?<\/h2>\n\n\n\n<p>Evet, Endolift tedavisini dermal dolgular ve polin\u00fckleotid tedavisiyle birle\u015ftirebilirsiniz. Asl\u0131nda, cildinizin genel g\u00f6r\u00fcn\u00fcm\u00fcn\u00fc ve hissini iyile\u015ftirir.<\/p>\n\n\n\n<p>Ancak bu tedavilerin hepsini tek seansta yapt\u0131rman\u0131z m\u00fcmk\u00fcn olmayacakt\u0131r. Cildinizin iyile\u015febilmesi ve \u00fc\u00e7 cilt tedavisinin de faydalar\u0131n\u0131 g\u00f6rebilmesi i\u00e7in bunlar\u0131n s\u0131ras\u0131n\u0131 ve zamanlamas\u0131n\u0131 do\u011fru bir \u015fekilde ayarlaman\u0131z \u00f6nemlidir.&nbsp;<\/p>\n\n\n\n<p>Endolift&#039;in bu iki tedaviyle nas\u0131l uyumlu \u00e7al\u0131\u015fabilece\u011fine dair bir \u00f6zet:<\/p>\n\n\n\n<h3 class=\"wp-block-heading\" id=\"dermal-fillers\">Dermal dolgular<\/h3>\n\n\n\n<p><a href=\"https:\/\/dermaaestheticslondon.com\/tr\/treatment-category\/dermal-fillers\/\">Dermal dolgular<\/a> k\u0131r\u0131\u015f\u0131kl\u0131klar\u0131 azalt\u0131rken y\u00fcze hacim ve tan\u0131m kazand\u0131rmaya yard\u0131mc\u0131 olur. Endolift y\u00fczdeki ya\u011flar\u0131 azaltt\u0131\u011f\u0131 ve cildi s\u0131k\u0131la\u015ft\u0131rd\u0131\u011f\u0131 i\u00e7in, dermal dolgular y\u00fcz hatlar\u0131n\u0131zda daha fazla denge sa\u011flaman\u0131za yard\u0131mc\u0131 olabilir.&nbsp;<\/p>\n\n\n\n<p>Endolift&#039;ten sonra lazerin \u0131s\u0131s\u0131n\u0131n dermal dolguyu par\u00e7alamamas\u0131 i\u00e7in dolgu yapt\u0131rman\u0131z gerekecektir. Cildinizin yerle\u015fmesine izin verebilmeniz i\u00e7in Endolift&#039;ten 2-4 hafta sonra dolgu yapt\u0131rman\u0131z\u0131 \u00f6neririz.&nbsp;<\/p>\n\n\n\n<h3 class=\"wp-block-heading\" id=\"polynucleotides\">Polin\u00fckleotidler&nbsp;<\/h3>\n\n\n\n<p><a href=\"https:\/\/dermaaestheticslondon.com\/tr\/treatments\/polynucleotides\/\">Polin\u00fckleotidler<\/a> cilt onar\u0131m\u0131 ve nemlendirmeye yard\u0131mc\u0131 olmak i\u00e7in harika bir tedavidir. Endolift&#039;ten ald\u0131\u011f\u0131n\u0131z kald\u0131rma ve cilt s\u0131k\u0131la\u015ft\u0131rma sonu\u00e7lar\u0131n\u0131 destekleyebilirler.&nbsp;<\/p>\n\n\n\n<p>Polin\u00fckleotidleri Endolift&#039;ten \u00f6nce veya sonra alabilirsiniz. Ancak, olas\u0131 cilt tahri\u015fini \u00f6nlemek i\u00e7in Endolift&#039;ten iki hafta \u00f6nce veya iki hafta sonra alman\u0131z\u0131 \u00f6neririz.&nbsp;<\/p>\n\n\n\n<h2 class=\"wp-block-heading\" id=\"book-your-consultation-with-the-endolift-experts-near-chelsea\">Chelsea yak\u0131nlar\u0131ndaki Endolift uzmanlar\u0131yla kons\u00fcltasyonunuzu ay\u0131rt\u0131n<\/h2>\n\n\n\n<p>Chelsea&#039;deki Endolift i\u00e7in Derma Aesthetics London m\u00fckemmel bir se\u00e7enektir. Y\u00fcksek kaliteli ve uzman liderli\u011findeki estetik tedaviler sunuyoruz. Odak noktam\u0131z, inan\u0131lmaz sonu\u00e7lar g\u00f6rmenizi ve ayn\u0131 zamanda riskleri azaltman\u0131z\u0131 sa\u011flayacak \u015fekilde hassas, g\u00fcvenli bir tedavi deneyimi ya\u015faman\u0131z\u0131 sa\u011flamakt\u0131r.<\/p>\n\n\n\n<p>Her \u015fey, doktorumuz veya e\u011fitimli uygulay\u0131c\u0131lar\u0131m\u0131zdan biriyle derinlemesine bir kons\u00fcltasyonla ba\u015flar; burada sizin ve cilt sorunlar\u0131n\u0131z hakk\u0131nda daha fazla bilgi edinebiliriz. Ayr\u0131ca Endolift&#039;in nas\u0131l \u00e7al\u0131\u015ft\u0131\u011f\u0131n\u0131 ve hangi sonu\u00e7lar\u0131 elde etmeyi bekleyebilece\u011finizi de g\u00f6sterece\u011fiz.&nbsp;<\/p>\n\n\n\n<p>Endolift&#039;in daha p\u00fcr\u00fczs\u00fcz ve gen\u00e7 bir cilde kavu\u015fman\u0131za nas\u0131l yard\u0131mc\u0131 olabilece\u011fi hakk\u0131nda daha fazla bilgi edinmeye haz\u0131rsan\u0131z, bug\u00fcn klini\u011fimizle ileti\u015fime ge\u00e7in.&nbsp;<\/p>\n\n\n\n<p><a href=\"https:\/\/dermaaestheticslondon.com\/tr\/contact\/\">B\u0130ZE ULA\u015eIN<\/a><\/p>\n\n\n\n<h2 class=\"wp-block-heading\" id=\"how-to-find-our-london-clinic\">Londra klini\u011fimizi nas\u0131l bulabilirsiniz?<\/h2>\n\n\n\n<p>Derma Aesthetics London klini\u011fi Harley Street&#039;tedir. Ayr\u0131ca k\u0131sa bir y\u00fcr\u00fcy\u00fc\u015f mesafesindeyiz<\/p>\n\n\n\n<p>Tedavinizin ard\u0131ndan Oxford Caddesi&#039;nde al\u0131\u015fveri\u015f yapabilirsiniz.&nbsp;<\/p>\n\n\n\n<p>Chelsea&#039;den District ve Victoria \u00fczerinden Sloane Square&#039;den Oxford Circus&#039;a metroyla ula\u015fabilirsiniz, bu yakla\u015f\u0131k 20 dakika s\u00fcrer. Oxford Circus Metro \u0130stasyonu&#039;na on dakikal\u0131k y\u00fcr\u00fcme mesafesindeyiz.&nbsp;<\/p>\n\n\n\n<p>Arabayla seyahat ediyorsan\u0131z, Harley Caddesi&#039;nde geni\u015f bir \u00fccretli park yeri mevcuttur.&nbsp;&nbsp;<\/p>\n\n\n\n<h3 class=\"wp-block-heading\" id=\"address\">Adres<\/h3>\n\n\n\n<p>39 Harley Caddesi<\/p>\n\n\n\n<p>Londra&nbsp;<\/p>\n\n\n\n<p>W1G 8QH<\/p>\n\n\n<p><iframe style=\"border: 0;\" src=\"https:\/\/www.google.com\/maps\/embed?pb=!1m14!1m8!1m3!1d9930.899153256332!2d-0.1468513!3d51.5182649!3m2!1i1024!2i768!4f13.1!3m3!1m2!1s0x487611e416322439%3A0xb84cf932b11cbe62!2sDerma%20Aesthetics%20London!5e0!3m2!1sen!2suk!4v1699790340707!5m2!1sen!2suk\" width=\"600\" height=\"450\" allowfullscreen=\"allowfullscreen\"><\/iframe><\/p>\n<h2><span style=\"font-weight: 400;\">Chelsea Hakk\u0131nda<\/span><\/h2>\n<p><span style=\"font-weight: 400;\">Chelsea, Bat\u0131 Londra&#039;da canl\u0131 bir b\u00f6lgedir. L\u00fcks butikleri, sanat\u0131 ve tarihi cazibesiyle \u00fcnl\u00fcd\u00fcr. En ikonik simge yap\u0131lardan biri, 1960&#039;lardan beri al\u0131\u015fveri\u015f merkezi olan King&#039;s Road&#039;dur.\u00a0\u00a0<\/span><\/p>\n<p><span style=\"font-weight: 400;\">Chelsea, Thames Nehri k\u0131y\u0131s\u0131nda yer al\u0131r ve G\u00fcrc\u00fc ve Viktorya d\u00f6nemi binalar\u0131yla dolu bir\u00e7ok g\u00fczel soka\u011fa sahiptir. B\u00f6lge ayr\u0131ca Made in Chelsea adl\u0131 TV \u015fovunun ticari ba\u015far\u0131s\u0131 nedeniyle de pop\u00fcler hale geldi.<\/span><\/p>","protected":false},"excerpt":{"rendered":"<p>Endolift London yeni bir lazer tedavisi t\u00fcr\u00fcd\u00fcr. Cildi s\u0131k\u0131la\u015ft\u0131rmak ve g\u00fc\u00e7lendirmek i\u00e7in \u00e7al\u0131\u015f\u0131rken ayn\u0131 zamanda ya\u011f b\u00f6lgelerini de azalt\u0131r. Bug\u00fcn klini\u011fimizle ileti\u015fime ge\u00e7in.<\/p>","protected":false},"author":4,"featured_media":2205,"parent":0,"menu_order":70,"comment_status":"closed","ping_status":"closed","template":"","meta":{"_gspb_post_css":"","pgc_sgb_lightbox_settings":"","footnotes":""},"class_list":["post-3214","page","type-page","status-publish","has-post-thumbnail","hentry"],"blocksy_meta":{"page_structure_type":"type-1","styles_descriptor":{"styles":{"desktop":"","tablet":"","mobile":""},"google_fonts":[],"version":6}},"_links":{"self":[{"href":"https:\/\/dermaaestheticslondon.com\/tr\/wp-json\/wp\/v2\/pages\/3214","targetHints":{"allow":["GET"]}}],"collection":[{"href":"https:\/\/dermaaestheticslondon.com\/tr\/wp-json\/wp\/v2\/pages"}],"about":[{"href":"https:\/\/dermaaestheticslondon.com\/tr\/wp-json\/wp\/v2\/types\/page"}],"author":[{"embeddable":true,"href":"https:\/\/dermaaestheticslondon.com\/tr\/wp-json\/wp\/v2\/users\/4"}],"replies":[{"embeddable":true,"href":"https:\/\/dermaaestheticslondon.com\/tr\/wp-json\/wp\/v2\/comments?post=3214"}],"version-history":[{"count":1,"href":"https:\/\/dermaaestheticslondon.com\/tr\/wp-json\/wp\/v2\/pages\/3214\/revisions"}],"predecessor-version":[{"id":3215,"href":"https:\/\/dermaaestheticslondon.com\/tr\/wp-json\/wp\/v2\/pages\/3214\/revisions\/3215"}],"wp:featuredmedia":[{"embeddable":true,"href":"https:\/\/dermaaestheticslondon.com\/tr\/wp-json\/wp\/v2\/media\/2205"}],"wp:attachment":[{"href":"https:\/\/dermaaestheticslondon.com\/tr\/wp-json\/wp\/v2\/media?parent=3214"}],"curies":[{"name":"wp","href":"https:\/\/api.w.org\/{rel}","templated":true}]}}