{"id":3315,"date":"2025-01-27T11:57:25","date_gmt":"2025-01-27T11:57:25","guid":{"rendered":"https:\/\/dermaaestheticslondon.com\/?p=3315"},"modified":"2025-03-19T13:45:48","modified_gmt":"2025-03-19T13:45:48","slug":"co2-laser-resurfacing-london","status":"publish","type":"page","link":"https:\/\/dermaaestheticslondon.com\/tr\/co2-laser-resurfacing-london\/","title":{"rendered":"CO2 Lazer Yenileme Londra"},"content":{"rendered":"<p>Nas\u0131l oldu\u011funu ke\u015ffedin <strong>Londra&#039;da CO2 lazerle cilt yenileme <\/strong>sadece birka\u00e7 seansta cildinizin g\u00f6r\u00fcn\u00fcm\u00fcn\u00fc iyile\u015ftirmenize yard\u0131mc\u0131 olabilir. Derma Aesthetics London&#039;da, doktor liderli\u011findeki ekibimiz kusursuz bir cilde kavu\u015fman\u0131za yard\u0131mc\u0131 olacak lazer tedavileri konusunda uzmand\u0131r.<\/p>\n\n\n\n<p>Biz kullan\u0131yoruz <a href=\"https:\/\/dermaaestheticslondon.com\/tr\/treatments\/co2-laser-treatment\/\">CO2 lazer tedavisi<\/a> bir dizi cilt rahats\u0131zl\u0131\u011f\u0131n\u0131 hedeflemeye ve tedavi etmeye yard\u0131mc\u0131 olur. Akne izlerinden ve d\u00fczensiz cilt dokusundan g\u00fcne\u015f hasar\u0131na ve hiperpigmentasyona kadar, bu lazer tedavisi tam cilt gen\u00e7le\u015ftirme i\u00e7in ba\u015fvuraca\u011f\u0131n\u0131z y\u00f6ntemdir.&nbsp;<\/p>\n\n\n\n<p>Derma Aesthetics London&#039;da bir t\u0131p uzman\u0131n\u0131n ellerinde olacaks\u0131n\u0131z. Londra&#039;n\u0131n merkezindeki cilt klini\u011fimiz Dr. Raja taraf\u0131ndan y\u00f6netiliyor. Kendisi sadece e\u011fitimli bir estetik doktoru olmakla kalm\u0131yor, ayn\u0131 zamanda cilt tonunuzu ve cilt yap\u0131n\u0131z\u0131 iyile\u015ftirecek lazer tedavilerinde de y\u0131llar\u0131n deneyimine sahip.&nbsp;<\/p>\n\n\n\n<p>Klini\u011fimizi ziyaret etti\u011finizde, cilt tipinize ve cilt sorunlar\u0131n\u0131za g\u00f6re tasarlanm\u0131\u015f bir tedavi plan\u0131 i\u00e7eren ki\u015fiselle\u015ftirilmi\u015f bak\u0131m bekleyebilirsiniz. Hastalar\u0131m\u0131z\u0131n harika sonu\u00e7lar elde etmelerine yard\u0131mc\u0131 olmak ve size en iyi tedavi deneyimini sunmakla gurur duyuyoruz.&nbsp;<\/p>\n\n\n\n<p>Londra&#039;da lazerle cilt yenileme tedavisi hakk\u0131nda daha fazla bilgi edinmek i\u00e7in ilk kons\u00fcltasyonunuzu ayarlamak \u00fczere bizimle ileti\u015fime ge\u00e7in.&nbsp;<\/p>\n\n\n\n<p><a href=\"https:\/\/dermaaestheticslondon.com\/tr\/contact\/\">DANI\u015eMA RANDEVUSU ALIN<\/a><\/p>\n\n\n\n<figure class=\"wp-block-image size-full\"><img decoding=\"async\" width=\"1024\" height=\"1024\" src=\"https:\/\/dermaaestheticslondon.com\/wordpress\/wp-content\/uploads\/2024\/10\/co2-laser-treatment-results.webp\" alt=\"CO2 Laser Resurfacing London\" class=\"wp-image-2851\" srcset=\"https:\/\/dermaaestheticslondon.com\/wordpress\/wp-content\/uploads\/2024\/10\/co2-laser-treatment-results.webp 1024w, https:\/\/dermaaestheticslondon.com\/wordpress\/wp-content\/uploads\/2024\/10\/co2-laser-treatment-results-300x300.webp 300w, https:\/\/dermaaestheticslondon.com\/wordpress\/wp-content\/uploads\/2024\/10\/co2-laser-treatment-results-150x150.webp 150w, https:\/\/dermaaestheticslondon.com\/wordpress\/wp-content\/uploads\/2024\/10\/co2-laser-treatment-results-768x768.webp 768w, https:\/\/dermaaestheticslondon.com\/wordpress\/wp-content\/uploads\/2024\/10\/co2-laser-treatment-results-12x12.webp 12w\" sizes=\"(max-width: 1024px) 100vw, 1024px\" \/><\/figure>\n\n\n\n<h2 class=\"wp-block-heading\" id=\"what-is-endolift-treatment\">CO2 lazer cilt yenileme tedavisi nedir?<\/h2>\n\n\n\n<p>Her \u015feyi yapan bir lazer cilt gen\u00e7le\u015ftirme tedavisi ar\u0131yorsan\u0131z, CO2 lazer tedavisi cevap olabilir. Bu, hasarl\u0131 cildin d\u0131\u015f katmanlar\u0131n\u0131 kald\u0131rarak kolajen \u00fcretimini ve yeni, sa\u011fl\u0131kl\u0131 cilt h\u00fccrelerinin b\u00fcy\u00fcmesini te\u015fvik eden geli\u015fmi\u015f bir fraksiyonel lazer tedavisidir.&nbsp;<\/p>\n\n\n\n<p>Bu lazerle y\u00fczey yenileme tedavisi, \u00e7e\u015fitli cilt tiplerini tedavi etmek ve farkl\u0131 cilt sorunlar\u0131n\u0131 hedeflemek i\u00e7in ayarlayabilece\u011fimiz hassas hedefli bir lazer noktalar\u0131 matrisi kullan\u0131r. Asl\u0131nda, bu lazer tedavisi o kadar \u00e7ok y\u00f6nl\u00fcd\u00fcr ki ince \u00e7izgileri ve k\u0131r\u0131\u015f\u0131kl\u0131klar\u0131, akne izleri de dahil olmak \u00fczere yara izlerini ele almak ve gev\u015fek cildi s\u0131k\u0131la\u015ft\u0131rmak i\u00e7in \u00f6zelle\u015ftirebiliriz.&nbsp;<\/p>\n\n\n\n<p>CO2 lazerle cilt yenileme tedavimiz, tek bir tedavide cilt dokunuzu iyile\u015ftirmeye ve kusurlar\u0131 azaltmaya ba\u015flar. Bir tedavi s\u00fcreciyle p\u00fcr\u00fczs\u00fcz, parlak ve daha gen\u00e7 g\u00f6r\u00fcnen bir cilt g\u00f6receksiniz.&nbsp;<\/p>\n\n\n\n<p>Derma Aesthetics London&#039;da en son CO2 lazer yenileme teknolojisini kullan\u0131yoruz. Bu, yaln\u0131zca tedavinizden harika sonu\u00e7lar g\u00f6rmenizi sa\u011flamakla kalmaz, ayn\u0131 zamanda herhangi bir rahats\u0131zl\u0131\u011f\u0131 azaltmaya ve tedavinizden sonra minimum iyile\u015fme s\u00fcresi olmas\u0131n\u0131 sa\u011flamaya yard\u0131mc\u0131 olur.&nbsp;<\/p>\n\n\n\n<h2 class=\"wp-block-heading\" id=\"what-skin-concerns-can-co2-laser-skin-resurfacing-treat\">CO2 lazer cilt yenileme hangi cilt sorunlar\u0131n\u0131 tedavi edebilir?<\/h2>\n\n\n\n<p>CO2 lazer tedavisinin ne kadar uyarlanabilir oldu\u011funu g\u00f6rmek istiyorsan\u0131z, hangi cilt sorunlar\u0131n\u0131 tedavi edebildi\u011fine bak\u0131n:<\/p>\n\n\n\n<h3 class=\"wp-block-heading\" id=\"lines-and-wrinkles\">\u00c7izgiler ve k\u0131r\u0131\u015f\u0131kl\u0131klar<\/h3>\n\n\n\n<p>Bu lazer tedavisi, hassas g\u00f6z alt\u0131 b\u00f6lgesi de dahil olmak \u00fczere y\u00fcz\u00fcn \u00e7o\u011fu b\u00f6lgesinde y\u00fcz cildi gen\u00e7le\u015ftirme sa\u011flar. Bu, g\u00f6z \u00e7evresindeki ince \u00e7izgilerin ve al\u0131ndaki derin k\u0131r\u0131\u015f\u0131kl\u0131klar\u0131n tedavisi i\u00e7in ideal oldu\u011fu anlam\u0131na gelir. Bunu, kolajen \u00fcretimini uyarmak i\u00e7in cildin derin katmanlar\u0131n\u0131 hedef alarak yapar. Zamanla, bu daha s\u0131k\u0131 bir cilde yol a\u00e7ar.&nbsp;<\/p>\n\n\n\n<h3 class=\"wp-block-heading\" id=\"sun-damaged-skin-or-pigmentation-issues\">G\u00fcne\u015ften zarar g\u00f6rm\u00fc\u015f cilt veya pigmentasyon sorunlar\u0131<\/h3>\n\n\n\n<p>\u00c7ok fazla g\u00fcne\u015fe maruz kalman\u0131z cildinizde g\u00fcne\u015f hasar\u0131 b\u0131rakt\u0131ysa veya akne veya cilt hasar\u0131 sonras\u0131nda hiperpigmentasyon varsa, CO2 lazer tedavisi yard\u0131mc\u0131 olabilir. Hasarl\u0131 cilt h\u00fccrelerini temizleyerek yeni ve sa\u011fl\u0131kl\u0131 cilt h\u00fccrelerinin b\u00fcy\u00fcmesine izin vererek \u00e7al\u0131\u015f\u0131r. Bu, koyu lekelerin, ya\u015fl\u0131l\u0131k lekelerinin ve g\u00fcne\u015f lekelerinin belirtilerini azaltmaya ve d\u00fczensiz cilt tonunu d\u00fczeltmeye yard\u0131mc\u0131 olur.&nbsp;<\/p>\n\n\n\n<h3 class=\"wp-block-heading\" id=\"acne-scars-and-acne-scarring\">Sivilce izleri ve sivilce izleri<\/h3>\n\n\n\n<p>Akne izlerinin tedavisi zor olabilir, ancak CO2 lazerle cilt yenileme tedavisinin farkl\u0131 oldu\u011fu nokta buras\u0131d\u0131r. Cildinizin y\u00fczeyini yenilerken, lazer ayn\u0131 zamanda v\u00fccudunuzun do\u011fal iyile\u015fme tepkisini veya iyile\u015fme s\u00fcrecini tetikler. Bu, cildinizde kolajen yenilenmesine yol a\u00e7ar ve bu da zamanla d\u00fczensiz cilt dokusunun dolgunla\u015fmas\u0131na ve p\u00fcr\u00fczs\u00fczle\u015fmesine yard\u0131mc\u0131 olur.<\/p>\n\n\n\n<p>Aktif akneyle m\u00fccadele etmek i\u00e7in de harika bir se\u00e7enektir. Bunun nedeni, lazer tedavisinin ciltte a\u015f\u0131r\u0131 ya\u011flanmaya yol a\u00e7an geni\u015flemi\u015f g\u00f6zenekleri azaltabilmesi ve ayn\u0131 zamanda iltihab\u0131 en aza indirebilmesidir.&nbsp;<\/p>\n\n\n\n<h3 class=\"wp-block-heading\" id=\"improve-skin-laxity-around-the-eyes\">G\u00f6z \u00e7evresindeki cilt gev\u015fekli\u011fini iyile\u015ftirin<\/h3>\n\n\n\n<p>CO2 lazer tedavisi, g\u00f6z \u00e7evresindeki cildi s\u0131k\u0131la\u015ft\u0131rmak i\u00e7in en iyi cerrahi olmayan se\u00e7ene\u011finizdir. Bu nedenle bir\u00e7ok hasta blefaroplasti gibi bir ameliyat olmak yerine bunu tercih eder.&nbsp;<\/p>\n\n\n\n<p>Lazer, g\u00f6zlerinizin etraf\u0131ndaki hassas cildi yeniden y\u00fczeye \u00e7\u0131karmaya yard\u0131mc\u0131 olur, bu da daha az sarkma ve \u00e7izgilerin ve k\u0131r\u0131\u015f\u0131kl\u0131klar\u0131n azalmas\u0131yla sonu\u00e7lan\u0131r. E\u011fer g\u00f6z kapaklar\u0131n\u0131z d\u00fc\u015f\u00fckse veya g\u00f6zlerinizin alt\u0131nda torbalar varsa harikad\u0131r. Tedaviden sonra daha tazelenmi\u015f ve gen\u00e7 g\u00f6r\u00fcneceksiniz.&nbsp;<\/p>\n\n\n\n<h3 class=\"wp-block-heading\" id=\"stretch-marks\">\u00c7atlak izleri&nbsp;<\/h3>\n\n\n\n<p>\u0130ster kilo kayb\u0131ndan, ister b\u00fcy\u00fcme ataklar\u0131ndan veya hamilelikten kaynaklanan \u00e7atlaklar\u0131n\u0131z olsun, bu lazer tedavisi bunlar\u0131 azaltman\u0131za yard\u0131mc\u0131 olabilir. Bunun nedeni, \u00e7atlaklar\u0131n oldu\u011fu yerde kolajen \u00fcretimini uyarmaya yard\u0131mc\u0131 olmas\u0131 ve bu da \u00e7atlaklar\u0131 yumu\u015fatmaya ve solmalar\u0131na neden olmas\u0131d\u0131r. CO2 lazer tedavisini mide, uyluk, kal\u00e7a ve kol gibi v\u00fccudunuzun \u00e7o\u011fu b\u00f6lgesinde kullanabiliriz.&nbsp;<\/p>\n\n\n\n<h2 class=\"wp-block-heading\" id=\"how-does-co2-laser-treatment-work\">CO2 lazer tedavisi nas\u0131l etki eder?<\/h2>\n\n\n\n<h3 class=\"wp-block-heading\" id=\"the-consultation\">Dan\u0131\u015fma<\/h3>\n\n\n\n<p>\u0130lk ad\u0131m\u0131n\u0131z Londra klini\u011fimizde bir kons\u00fcltasyona kat\u0131lmakt\u0131r. Doktorumuz burada sizin ve \u00f6zel cilt endi\u015feleriniz hakk\u0131nda daha fazla bilgi edinebilir ve lazer cilt yenileme tedavisine uygun olup olmad\u0131\u011f\u0131n\u0131z\u0131 de\u011ferlendirebilir. Uygun de\u011filseniz endi\u015felenmeyin, cilt tipiniz ve cilt sorununuz i\u00e7in i\u015fe yarayacak do\u011fru cilt tedavisi yolunu bulaca\u011f\u0131z.&nbsp;<\/p>\n\n\n\n<h3 class=\"wp-block-heading\" id=\"your-co2-laser-skin-resurfacing-treatment\">CO2 lazer cilt yenileme tedaviniz&nbsp;<\/h3>\n\n\n\n<p>Doktor, tedavi alan\u0131n\u0131 temizleyerek ve topikal bir uyu\u015fturucu krem uygulayarak ba\u015flayacakt\u0131r. Bu, tedavinizin m\u00fcmk\u00fcn oldu\u011funca konforlu olmas\u0131n\u0131 sa\u011flayacakt\u0131r.<\/p>\n\n\n\n<p>Daha sonra lazeri hedef tedavi b\u00f6lgenize uygulayaca\u011f\u0131z, bu da cildinizde mikro yaralanmalar yaratacakt\u0131r. Bu, v\u00fccudunuzun do\u011fal iyile\u015fme s\u00fcrecini ba\u015flatacak ve cildinizde yeni kolajen olu\u015fumuyla sonu\u00e7lanacakt\u0131r. Bu, cildinizi onarmaya ve yenilemeye yard\u0131mc\u0131 olan i\u015flemdir.&nbsp;<\/p>\n\n\n\n<p>Tedavi seans\u0131n\u0131z 30 dakikadan 1,5 saate kadar s\u00fcrebilir. Bu, tedavi etti\u011fimiz cilt sorunlar\u0131na ve tedavi alan\u0131n\u0131n b\u00fcy\u00fckl\u00fc\u011f\u00fcne ba\u011fl\u0131 olacakt\u0131r. Bu, kons\u00fcltasyonunuzda sizinle g\u00f6r\u00fc\u015f\u00fclecektir.&nbsp;<\/p>\n\n\n\n<h3 class=\"wp-block-heading\" id=\"after-co2-laser-treatment\">CO2 lazer tedavisinden sonra&nbsp;&nbsp;<\/h3>\n\n\n\n<p>Fraksiyonel lazer tedavisinden sonra cildinizin k\u0131rm\u0131z\u0131, gergin ve s\u0131cak g\u00f6r\u00fcnmesi normaldir. Cildiniz \u00f6n\u00fcm\u00fczdeki 2-4 hafta i\u00e7inde iyile\u015fmeye ve kendini onarmaya ba\u015flayacakt\u0131r. Bu s\u00fcre zarf\u0131nda her g\u00fcn y\u00fcksek SPF&#039;li bir g\u00fcne\u015f kremi kullanman\u0131z gerekecektir. Sadece hafif bir nemlendirici kullanmal\u0131 ve iyile\u015firken cildinizi koparmamal\u0131 veya soymamal\u0131s\u0131n\u0131z.<\/p>\n\n\n\n<p>Cilt uzmanlar\u0131m\u0131z, cildinizin iyile\u015fmesini desteklemek ve tedavi sonu\u00e7lar\u0131n\u0131zdan en iyi \u015fekilde yararlanman\u0131z\u0131 sa\u011flamak i\u00e7in size ayr\u0131nt\u0131l\u0131 bak\u0131m talimatlar\u0131 verecektir.&nbsp;<\/p>\n\n\n\n<h2 class=\"wp-block-heading\" id=\"how-many-treatments-of-co2-laser-resurfacing-will-i-need\">Ka\u00e7 seans CO2 lazerle cilt yenileme i\u015flemine ihtiyac\u0131m olacak?<\/h2>\n\n\n\n<p>Tek bir tedavi seans\u0131ndan sonra cildinizde g\u00f6zle g\u00f6r\u00fcl\u00fcr bir iyile\u015fme g\u00f6rebilirsiniz. Ancak, \u00f6zel cilt sorunlar\u0131n\u0131za ve tedavi b\u00f6lgenize ba\u011fl\u0131 olarak, birka\u00e7 ay arayla 2-3 tedavi seans\u0131 \u00f6neriyoruz.&nbsp;<\/p>\n\n\n\n<p>Hastalar\u0131m\u0131z\u0131n \u00e7o\u011fu tedavileri bittikten sonra y\u0131llarca daha p\u00fcr\u00fczs\u00fcz ve gen\u00e7 g\u00f6r\u00fcnen bir cilt g\u00f6r\u00fcyor. Elbette, bu do\u011fal ya\u015flanmay\u0131 durdurmaz ve g\u00fcne\u015fe maruz kalma ve kirlilik gibi fakt\u00f6rler sonu\u00e7lar\u0131n\u0131z\u0131n ne kadar s\u00fcrece\u011fini etkileyebilir.&nbsp;<\/p>\n\n\n\n<p>Size uygulayabilece\u011finiz iyi bir cilt bak\u0131m rutini konusunda tavsiyelerde bulunaca\u011f\u0131z ve harika sonu\u00e7lar\u0131n\u0131z\u0131 koruman\u0131za yard\u0131mc\u0131 olmak i\u00e7in y\u0131ll\u0131k tamamlay\u0131c\u0131 bak\u0131mlar \u00f6nerece\u011fiz.&nbsp;<\/p>\n\n\n\n<h2 class=\"wp-block-heading\" id=\"who-is-a-good-candidate-for-laser-resurfacing-treatments\">Lazerle cilt yenileme tedavisi i\u00e7in kimler iyi bir adayd\u0131r?<\/h2>\n\n\n\n<p>Lazerle cilt yenileme tedavisine uygun olup olmad\u0131\u011f\u0131n\u0131z\u0131 s\u00f6yleyebilmemiz i\u00e7in Dr. Raja ile bir kons\u00fcltasyona ihtiyac\u0131n\u0131z olacak. L\u00fctfen <a href=\"https:\/\/dermaaestheticslondon.com\/tr\/contact\/\">ileti\u015fime ge\u00e7in<\/a> Uygun olup olmad\u0131\u011f\u0131n\u0131z\u0131 \u00f6\u011frenmek i\u00e7in.&nbsp;<\/p>\n\n\n\n<p>Ancak, siz bir <strong>iyi aday<\/strong> e\u011fer:<\/p>\n\n\n\n<p>\u00b7 Sivilce izleriniz var&nbsp;<\/p>\n\n\n\n<p>\u00b7 D\u00fczensiz cilt tonu veya pigmentasyon sorunlar\u0131<\/p>\n\n\n\n<p>\u00b7 \u00c7atlaklar veya do\u011fum lekeleri<\/p>\n\n\n\n<p>\u00b7 G\u00fcne\u015ften zarar g\u00f6rm\u00fc\u015f cilt<\/p>\n\n\n\n<p>\u00b7 Al\u0131n, a\u011f\u0131z ve g\u00f6z \u00e7evresindeki ince \u00e7izgiler ve k\u0131r\u0131\u015f\u0131kl\u0131klar<\/p>\n\n\n\n<p>\u00b7 Burun ve \u00e7ene \u00e7evresinde geni\u015flemi\u015f g\u00f6zenekler<\/p>\n\n\n\n<p>Yapabilirsin <strong>iyi bir aday olmamak<\/strong> e\u011fer:<\/p>\n\n\n\n<p>\u00b7 Pigmentasyon sorunlar\u0131 ya\u015fama riskiniz olabilece\u011finden koyu bir cilt tonunuz varsa<\/p>\n\n\n\n<p>\u00b7 Hamile veya emziren<\/p>\n\n\n\n<p>\u00b7 Accutane gibi akne tedavisi g\u00f6r\u00fcyorsan\u0131z<\/p>\n\n\n\n<p>\u00b7 Egzama veya sedef hastal\u0131\u011f\u0131 gibi aktif cilt enfeksiyonunuz varsa&nbsp;<\/p>\n\n\n\n<p>\u00b7 Diyabet veya otoimm\u00fcn hastal\u0131klar gibi kontrol edilemeyen bir t\u0131bbi rahats\u0131zl\u0131\u011f\u0131n\u0131z varsa<\/p>\n\n\n\n<h2 class=\"wp-block-heading\" id=\"book-your-consultation-with-the-co2-laser-treatment-experts-in-london\">Londra&#039;daki CO2 lazer tedavisi uzmanlar\u0131yla kons\u00fcltasyonunuzu planlay\u0131n<\/h2>\n\n\n\n<p>Herkesin cildinin kendine \u00f6zg\u00fc oldu\u011funu anl\u0131yoruz. Bu nedenle Derma Aesthetics London&#039;da cilt uzmanlar\u0131m\u0131z her hastay\u0131 bir birey olarak ele alarak etkileyici sonu\u00e7lar g\u00f6rmelerine yard\u0131mc\u0131 olacak \u00f6zel bir tedavi plan\u0131 sunar. Buna cildinizin yap\u0131s\u0131, t\u0131bbi ge\u00e7mi\u015fi ve cildinizin nas\u0131l ya\u015fland\u0131\u011f\u0131 da dahildir.&nbsp;<\/p>\n\n\n\n<p>\u0130ster \u00e7izgilerinizde ve k\u0131r\u0131\u015f\u0131kl\u0131klar\u0131n\u0131zda hafif bir iyile\u015fme, ister cildinizin dokusunda ve tonunda \u00e7arp\u0131c\u0131 bir de\u011fi\u015fiklik isteyin, CO2 lazerle cilt yenileme tedavisiyle sizi oraya ula\u015ft\u0131rabiliriz. Sa\u011fl\u0131kl\u0131, \u0131\u015f\u0131lt\u0131l\u0131 ve daha gen\u00e7 bir cilde giden yolculu\u011funuza bug\u00fcn Londra klini\u011fimizle ileti\u015fime ge\u00e7erek ba\u015flay\u0131n.&nbsp;<\/p>\n\n\n\n<p><a href=\"https:\/\/dermaaestheticslondon.com\/tr\/contact\/\">\u0130LET\u0130\u015e\u0130ME GE\u00c7\u0130N<\/a><\/p>\n\n\n\n<h2 class=\"wp-block-heading\" id=\"how-to-find-our-london-clinic\">Londra klini\u011fimizi nas\u0131l bulabilirsiniz?<\/h2>\n\n\n\n<p>Derma Aesthetics London klini\u011fi, bir\u00e7ok \u00f6zel sa\u011fl\u0131k ve estetik t\u0131p uzman\u0131n\u0131n bulundu\u011fu Harley Caddesi&#039;nde yer almaktad\u0131r. Ayr\u0131ca Oxford Caddesi&#039;ne k\u0131sa bir y\u00fcr\u00fcy\u00fc\u015f mesafesindeyiz, b\u00f6ylece tedavinizden sonra al\u0131\u015fveri\u015fin tad\u0131n\u0131 \u00e7\u0131karabilirsiniz.&nbsp;<\/p>\n\n\n\n<p>Oxford Circus Metro \u0130stasyonu&#039;na on dakikal\u0131k y\u00fcr\u00fcme mesafesindeyiz. E\u011fer<\/p>\n\n\n\n<p>Araban\u0131z varsa, Harley Caddesi&#039;nde geni\u015f bir \u00fccretli otopark alan\u0131 mevcuttur.&nbsp;&nbsp;<\/p>\n\n\n\n<h3 class=\"wp-block-heading\" id=\"address\">Adres<\/h3>\n\n\n\n<p>39 Harley Caddesi<br>Londra\u00a0<br>W1G 8QH<\/p>\n\n\n<p><iframe style=\"border: 0;\" src=\"https:\/\/www.google.com\/maps\/embed?pb=!1m14!1m8!1m3!1d9930.899153256332!2d-0.1468513!3d51.5182649!3m2!1i1024!2i768!4f13.1!3m3!1m2!1s0x487611e416322439%3A0xb84cf932b11cbe62!2sDerma%20Aesthetics%20London!5e0!3m2!1sen!2suk!4v1699790340707!5m2!1sen!2suk\" width=\"600\" height=\"450\" allowfullscreen=\"allowfullscreen\"><\/iframe><\/p>","protected":false},"excerpt":{"rendered":"<p>Londra&#039;da CO2 lazerle cilt yenilemenin sadece birka\u00e7 seansta cildinizin g\u00f6r\u00fcn\u00fcm\u00fcn\u00fc nas\u0131l iyile\u015ftirebilece\u011fini ke\u015ffedin. Derma Aesthetics London&#039;da, doktor liderli\u011findeki ekibimiz kusursuz bir cilde kavu\u015fman\u0131za yard\u0131mc\u0131 olacak lazer tedavileri konusunda uzmand\u0131r.<\/p>","protected":false},"author":4,"featured_media":2851,"parent":0,"menu_order":70,"comment_status":"closed","ping_status":"closed","template":"","meta":{"_gspb_post_css":"","pgc_sgb_lightbox_settings":"","footnotes":""},"class_list":["post-3315","page","type-page","status-publish","has-post-thumbnail","hentry"],"blocksy_meta":{"page_structure_type":"type-1","styles_descriptor":{"styles":{"desktop":"","tablet":"","mobile":""},"google_fonts":[],"version":6}},"_links":{"self":[{"href":"https:\/\/dermaaestheticslondon.com\/tr\/wp-json\/wp\/v2\/pages\/3315","targetHints":{"allow":["GET"]}}],"collection":[{"href":"https:\/\/dermaaestheticslondon.com\/tr\/wp-json\/wp\/v2\/pages"}],"about":[{"href":"https:\/\/dermaaestheticslondon.com\/tr\/wp-json\/wp\/v2\/types\/page"}],"author":[{"embeddable":true,"href":"https:\/\/dermaaestheticslondon.com\/tr\/wp-json\/wp\/v2\/users\/4"}],"replies":[{"embeddable":true,"href":"https:\/\/dermaaestheticslondon.com\/tr\/wp-json\/wp\/v2\/comments?post=3315"}],"version-history":[{"count":3,"href":"https:\/\/dermaaestheticslondon.com\/tr\/wp-json\/wp\/v2\/pages\/3315\/revisions"}],"predecessor-version":[{"id":3469,"href":"https:\/\/dermaaestheticslondon.com\/tr\/wp-json\/wp\/v2\/pages\/3315\/revisions\/3469"}],"wp:featuredmedia":[{"embeddable":true,"href":"https:\/\/dermaaestheticslondon.com\/tr\/wp-json\/wp\/v2\/media\/2851"}],"wp:attachment":[{"href":"https:\/\/dermaaestheticslondon.com\/tr\/wp-json\/wp\/v2\/media?parent=3315"}],"curies":[{"name":"wp","href":"https:\/\/api.w.org\/{rel}","templated":true}]}}