{"id":3418,"date":"2025-03-03T12:47:14","date_gmt":"2025-03-03T12:47:14","guid":{"rendered":"https:\/\/dermaaestheticslondon.com\/?page_id=3418"},"modified":"2025-03-03T12:47:15","modified_gmt":"2025-03-03T12:47:15","slug":"polynucleotide-treatment-london","status":"publish","type":"page","link":"https:\/\/dermaaestheticslondon.com\/tr\/polynucleotide-treatment-london\/","title":{"rendered":"Polin\u00fckleotid Tedavisi Londra"},"content":{"rendered":"<p>Cilt sorunlar\u0131n\u0131z i\u00e7in en iyi cilt gen\u00e7le\u015ftirme tedavisini mi ar\u0131yorsunuz? \u015eunu d\u00fc\u015f\u00fcnmelisiniz: <strong>Londra&#039;da polin\u00fckleotid tedavisi<\/strong> Derma Aesthetics London&#039;daki cilt uzmanlar\u0131yla.&nbsp;<\/p>\n\n\n\n<p><a href=\"https:\/\/dermaaestheticslondon.com\/tr\/treatments\/polynucleotides\/\">Polin\u00fckleotid tedavisi<\/a> piyasadaki en son cilt yenileme tedavilerinden biridir. Hasarl\u0131 cilt h\u00fccrelerini ve cilt dokusunu onarmak i\u00e7in i\u00e7eriden \u00e7al\u0131\u015fan enjekte edilebilir bir tedavidir. Sonu\u00e7 olarak, bu tedavi cilt elastikiyetini ve cilt sa\u011fl\u0131\u011f\u0131n\u0131 iyile\u015ftirmeye ve cilt nemini art\u0131rmaya yard\u0131mc\u0131 olur.&nbsp;<\/p>\n\n\n\n<p>Derma Aesthetics London&#039;da Dr. Raja&#039;n\u0131n profesyonel bak\u0131m\u0131 alt\u0131nda olacaks\u0131n\u0131z. Polin\u00fckleotid tedavisi ve dermal dolgular dahil olmak \u00fczere estetik tedavilerde uzmand\u0131r. Dr. Raja, her hastayla birlikte \u00e7al\u0131\u015farak cilt sa\u011fl\u0131\u011f\u0131n\u0131 ve cilt durumunu de\u011ferlendirir, b\u00f6ylece \u00f6zel ihtiya\u00e7lar\u0131m\u0131z\u0131 kar\u015f\u0131lamak i\u00e7in ki\u015fiye \u00f6zel bir tedavi plan\u0131 geli\u015ftirebilir.&nbsp;<\/p>\n\n\n\n<p>Londra&#039;da Polin\u00fckleotid tedavisinin cilt dokusunu ve cilt tonunu nas\u0131l iyile\u015ftirebilece\u011fi hakk\u0131nda daha fazla bilgi edinmeye haz\u0131rsan\u0131z, \u00f6ncelikle cilt klini\u011fimizde ilk kons\u00fcltasyonunuzu ay\u0131rt\u0131n.&nbsp;<\/p>\n\n\n\n<p><a href=\"https:\/\/dermaaestheticslondon.com\/tr\/contact\/\">DANI\u015eMA RANDEVUSU ALIN<\/a><\/p>\n\n\n\n<figure class=\"wp-block-image size-full\"><img decoding=\"async\" width=\"1024\" height=\"1024\" src=\"https:\/\/dermaaestheticslondon.com\/wordpress\/wp-content\/uploads\/2024\/09\/polynucleotide-treatment-london.webp\" alt=\"polynucleotide treatment london\" class=\"wp-image-2784\" srcset=\"https:\/\/dermaaestheticslondon.com\/wordpress\/wp-content\/uploads\/2024\/09\/polynucleotide-treatment-london.webp 1024w, https:\/\/dermaaestheticslondon.com\/wordpress\/wp-content\/uploads\/2024\/09\/polynucleotide-treatment-london-300x300.webp 300w, https:\/\/dermaaestheticslondon.com\/wordpress\/wp-content\/uploads\/2024\/09\/polynucleotide-treatment-london-150x150.webp 150w, https:\/\/dermaaestheticslondon.com\/wordpress\/wp-content\/uploads\/2024\/09\/polynucleotide-treatment-london-768x768.webp 768w, https:\/\/dermaaestheticslondon.com\/wordpress\/wp-content\/uploads\/2024\/09\/polynucleotide-treatment-london-12x12.webp 12w\" sizes=\"(max-width: 1024px) 100vw, 1024px\" \/><\/figure>\n\n\n\n<h2 class=\"wp-block-heading\" id=\"what-is-polynucleotide-treatment\">Polin\u00fckleotid tedavisi nedir?<\/h2>\n\n\n\n<p>Muhtemelen hyaluronik asit cilt g\u00fc\u00e7lendiricilerini duymu\u015fsunuzdur, peki ya i\u00e7eriden \u00e7al\u0131\u015fan cilt g\u00fc\u00e7lendiricileri? \u0130\u015fte Polin\u00fckleotid tedavisinin devreye girdi\u011fi yer buras\u0131d\u0131r. Cilt h\u00fccrelerini onarmaya ve yenilemeye yard\u0131mc\u0131 olmak i\u00e7in DNA ve RNA&#039;n\u0131n g\u00fcc\u00fcn\u00fc kullanan son teknoloji bir cilt gen\u00e7le\u015ftirme tedavisidir.<\/p>\n\n\n\n<p>Polin\u00fckleotid enjeksiyonlar\u0131, bir dizi cilt sorununu \u00e7\u00f6zmenize yard\u0131mc\u0131 olabilir. Koyu halkalardan, ince \u00e7izgilerden ve k\u0131r\u0131\u015f\u0131kl\u0131klardan akne izlerine ve e\u015fit bir cilt dokusuna kadar. Nas\u0131l m\u0131? Ciltte kolajen ve elastin \u00fcretimini uyarmak i\u00e7in DNA&#039;n\u0131n yap\u0131 ta\u015flar\u0131n\u0131 kullan\u0131rlar. Bu yaln\u0131zca cilt elastikiyetini iyile\u015ftirmekle kalmaz, ayn\u0131 zamanda cildinizin sa\u011fl\u0131\u011f\u0131n\u0131 ve kalitesini de art\u0131r\u0131r.&nbsp;<\/p>\n\n\n\n<p>Zamanla ciltte yeni kolajen olu\u015fur ve bu da daha kal\u0131n ve sa\u011fl\u0131kl\u0131 bir cilt bariyeri olu\u015fturmaya yard\u0131mc\u0131 olur. Sonu\u00e7 olarak, p\u00fcr\u00fczs\u00fcz, s\u0131k\u0131 ve daha nemli g\u00f6r\u00fcnen bir cilt g\u00f6receksiniz.&nbsp;<\/p>\n\n\n\n<h2 class=\"wp-block-heading\" id=\"what-are-the-benefits-of-polynucleotide-treatments\">Polin\u00fckleotid tedavilerinin faydalar\u0131 nelerdir?<\/h2>\n\n\n\n<h3 class=\"wp-block-heading\" id=\"collagen-and-elastin-production\">Kolajen ve elastin \u00fcretimi<\/h3>\n\n\n\n<p>Ya\u015fland\u0131k\u00e7a kolajen \u00fcretimi yava\u015flar, bu y\u00fczden cildimiz s\u0131k\u0131l\u0131\u011f\u0131n\u0131 kaybeder ve donuk g\u00f6r\u00fcn\u00fcr. Polin\u00fckleotid tedavileri, genel cilt kalitesini iyile\u015ftirmede hayati \u00f6nem ta\u015f\u0131yan iki protein olan yeni kolajen ve elastin \u00fcretiminin ba\u015flamas\u0131na yard\u0131mc\u0131 olur. Ayr\u0131ca g\u00f6z ve y\u00fcz \u00e7evresindeki ince \u00e7izgileri ve k\u0131r\u0131\u015f\u0131kl\u0131klar\u0131 azaltmaya yard\u0131mc\u0131 olur.<\/p>\n\n\n\n<h3 class=\"wp-block-heading\" id=\"enhances-skin-hydration\">Cilt nemini art\u0131r\u0131r<\/h3>\n\n\n\n<p>Yeni kolajen \u00fcretiminin cildinizin nemini art\u0131rma avantaj\u0131 da vard\u0131r. Bunun nedeni, cildinizin bariyerinin g\u00fcc\u00fcn\u00fc art\u0131rmas\u0131 ve cildinizin nemi hapsetmesine yard\u0131mc\u0131 olmas\u0131d\u0131r.&nbsp;<\/p>\n\n\n\n<h3 class=\"wp-block-heading\" id=\"targets-the-causes-of-ageing-skin\">Ya\u015flanan cildin nedenlerini hedef al\u0131r<\/h3>\n\n\n\n<p>Cilt dolgular\u0131 gibi cilt bak\u0131mlar\u0131n\u0131, cilde an\u0131nda hacim ve nem kazand\u0131rmak i\u00e7in kullan\u0131yoruz. Bu, ya\u015flanma belirtilerini azaltmaya yard\u0131mc\u0131 olur, ancak bunlar\u0131 do\u011frudan hedeflemez. Ancak Polin\u00fckleotid tedavisi bunu yapar. Sonu\u00e7 olarak, bu tedavi daha kademeli bir s\u00fcre\u00e7te \u00e7al\u0131\u015f\u0131r, bu nedenle sonu\u00e7lar o kadar h\u0131zl\u0131 de\u011fildir. Ancak, sonu\u00e7lar\u0131n\u0131z\u0131n zamanla iyile\u015fti\u011fini ve daha uzun \u00f6m\u00fcrl\u00fc oldu\u011funu g\u00f6receksiniz.&nbsp;<\/p>\n\n\n\n<h3 class=\"wp-block-heading\" id=\"suitable-for-different-areas-and-on-sensitive-skin\">Farkl\u0131 b\u00f6lgeler ve hassas ciltler i\u00e7in uygundur<\/h3>\n\n\n\n<p>Y\u00fcz\u00fcn\u00fczde, ellerinizde, boynunuzda ve dekolte b\u00f6lgenizde gen\u00e7le\u015fmi\u015f bir cilt istiyorsan\u0131z, bu tedavi tam size g\u00f6re. Polin\u00fckleotidler cilt \u00fczerinde her zaman naziktir, bu da hassas ciltler de dahil olmak \u00fczere \u00e7o\u011fu cilt tipi i\u00e7in harika olduklar\u0131 anlam\u0131na gelir.&nbsp;<\/p>\n\n\n\n<h2 class=\"wp-block-heading\" id=\"what-to-expect-during-polynucleotide-skin-rejuvenation-treatments\">Polin\u00fckleotid cilt gen\u00e7le\u015ftirme tedavileri s\u0131ras\u0131nda neler beklenir?&nbsp;<\/h2>\n\n\n\n<p>\u0130lk ad\u0131m\u0131n\u0131z Londra klini\u011fimizde Dr. Raja ile bir kons\u00fcltasyona girmektir. Polin\u00fckleotid tedavisi \u00e7o\u011fu ki\u015fide iyi sonu\u00e7 verir. Ancak hamileyseniz, emziriyorsan\u0131z veya IVF tedavisi g\u00f6r\u00fcyorsan\u0131z, alternatif bir tedavi \u00f6nerece\u011fiz.&nbsp;<\/p>\n\n\n\n<p>Dr. Raja kons\u00fcltasyonunuzda cildinizi de\u011ferlendirecek ve cilt endi\u015feleriniz hakk\u0131nda sizinle konu\u015facakt\u0131r. Bundan sonra, ka\u00e7 seansa ihtiyac\u0131n\u0131z olaca\u011f\u0131n\u0131 ve hangi b\u00f6lgelerde tedaviden faydalanaca\u011f\u0131n\u0131z\u0131 i\u00e7eren ki\u015fiye \u00f6zel bir tedavi plan\u0131 geli\u015ftirecektir.&nbsp;<\/p>\n\n\n\n<p>Bu minimal invaziv bir tedavidir, ancak herhangi bir enjekte edilebilir tedavide oldu\u011fu gibi, i\u011fnenin cilde girmesinin yaratt\u0131\u011f\u0131 s\u0131k\u0131\u015fmay\u0131 hissedeceksiniz. Tedaviyi daha konforlu hale getirmek i\u00e7in \u00f6nce topikal bir uyu\u015fturma kremi kullanmay\u0131 tart\u0131\u015fabiliriz. Bu, g\u00f6z altlar\u0131 gibi cildin daha hassas oldu\u011fu b\u00f6lgelerde faydal\u0131 olabilir.&nbsp;<\/p>\n\n\n\n<p>Dr. Raja, \u00e7ok ince bir i\u011fne kullanarak tedavi b\u00f6lgesine bir dizi k\u00fc\u00e7\u00fck enjeksiyon yapacakt\u0131r. Enjeksiyonlar\u0131n derinli\u011fini, tedavi g\u00f6rd\u00fc\u011f\u00fcn\u00fcz b\u00f6lgeye ve tedavi etmek istedi\u011finiz cilt sorunlar\u0131na ba\u011fl\u0131 olarak ayarlayacakt\u0131r.&nbsp;<\/p>\n\n\n\n<p>T\u00fcm s\u00fcre\u00e7 nispeten h\u0131zl\u0131d\u0131r. Ba\u015ftan sona tedaviniz 45 dakikadan fazla s\u00fcrmemelidir.&nbsp;<\/p>\n\n\n\n<h2 class=\"wp-block-heading\" id=\"polynucleotide-treatment-results\">Polin\u00fckleotid tedavisi sonu\u00e7lar\u0131<\/h2>\n\n\n\n<p>Polin\u00fckleotid tedavileriyle ilgili iyi haber, tedaviden hemen sonra i\u015fe ve normal aktivitelerinize d\u00f6nebilmenizdir. Enjeksiyon b\u00f6lgelerinin etraf\u0131nda hafif bir \u015fi\u015flik ve k\u0131zar\u0131kl\u0131k g\u00f6rebilirsiniz, ancak bu normaldir ve ilk 24 saat i\u00e7inde azalacakt\u0131r.&nbsp;<\/p>\n\n\n\n<p>\u0130lk tedaviden sonra cildinizde bir parlakl\u0131k ve cildinizin renginde bir iyile\u015fme g\u00f6receksiniz. Ancak en iyi sonu\u00e7lar\u0131 g\u00f6rmek i\u00e7in 2-3 tedavi seans\u0131na ihtiyac\u0131n\u0131z olacak.&nbsp;<\/p>\n\n\n\n<p>Tedavinizden sonraki haftalar ve aylar boyunca cilt kalitenizde ve cilt sa\u011fl\u0131\u011f\u0131n\u0131zda iyile\u015fmeler g\u00f6rmeye devam edeceksiniz. Bunun nedeni, yeni kolajenin olu\u015fmas\u0131n\u0131n 6-8 hafta s\u00fcrebilmesidir.&nbsp;&nbsp;<\/p>\n\n\n\n<p>Sonu\u00e7lar\u0131n\u0131z\u0131 koruyabilmeniz i\u00e7in 12. ayda bir takviye tedavisi uygulaman\u0131z\u0131 \u00f6neririz.<\/p>\n\n\n\n<h2 class=\"wp-block-heading\" id=\"book-a-consultation-for-polynucleotide-treatment-in-london-today\">Bug\u00fcn Londra&#039;da Polin\u00fckleotid tedavisi i\u00e7in bir kons\u00fcltasyon randevusu al\u0131n&nbsp;<\/h2>\n\n\n\n<p>Herhangi bir enjekte edilebilir tedavinin sinir bozucu bir deneyim olabilece\u011fini anl\u0131yoruz. Bu nedenle Derma Aesthetics London&#039;da, Dr. Raja ile kons\u00fcltasyon ve tedavinizi ger\u00e7ekle\u015ftireceksiniz. Bunun amac\u0131, onun ve niteliklerinin yan\u0131 s\u0131ra Polin\u00fckleotid tedavisinden ne beklemeniz gerekti\u011fi hakk\u0131nda daha fazla bilgi edinebilmenizdir. Bu tutarl\u0131l\u0131k, tedavi seans\u0131n\u0131z zaman\u0131 geldi\u011finde kendinizi daha rahat hissetmenizi de sa\u011flamal\u0131d\u0131r.&nbsp;<\/p>\n\n\n\n<p>Polin\u00fckleotidlerin cildinizi nas\u0131l gen\u00e7le\u015ftirip tazeleyebilece\u011fini g\u00f6rmek istiyorsan\u0131z, dan\u0131\u015fmanl\u0131k randevunuzu almak i\u00e7in ekibimizle ileti\u015fime ge\u00e7in.<br><\/p>\n\n\n\n<p><a href=\"https:\/\/dermaaestheticslondon.com\/tr\/contact\/\">\u0130LET\u0130\u015e\u0130ME GE\u00c7\u0130N<\/a><\/p>\n\n\n\n<h2 class=\"wp-block-heading\" id=\"how-to-find-our-skin-clinic-in-london\">Londra&#039;daki cilt klini\u011fimizi nas\u0131l bulabilirsiniz?<\/h2>\n\n\n\n<p>Derma Aesthetics London klini\u011fi, bir\u00e7ok \u00f6zel sa\u011fl\u0131k ve estetik t\u0131p uzman\u0131n\u0131n evi olan Harley Street&#039;tedir. Ayr\u0131ca bir\u00e7ok \u00fcnl\u00fc moda ve ya\u015fam tarz\u0131 markas\u0131n\u0131n evi olan Oxford Street&#039;e de k\u0131sa bir y\u00fcr\u00fcy\u00fc\u015f mesafesindeyiz.&nbsp;&nbsp;<\/p>\n\n\n\n<p>Hampstead&#039;den Warren Street&#039;e 12 dakikada metroyla Northern Line&#039;a ula\u015fabilirsiniz ve Warren Street istasyonuna yakla\u015f\u0131k 20 dakikal\u0131k y\u00fcr\u00fcme mesafesindeyiz.&nbsp;<\/p>\n\n\n\n<p>Arabayla seyahat ediyorsan\u0131z, Hampstead&#039;a sadece 20 dakika uzakl\u0131ktay\u0131z ve Harley Caddesi&#039;nde geni\u015f bir \u00fccretli park yeri mevcut.&nbsp;&nbsp;<\/p>\n\n\n\n<h3 class=\"wp-block-heading\" id=\"address\">Adres<\/h3>\n\n\n\n<p>39 Harley Caddesi<br>Londra&nbsp;<br>W1G 8QH<\/p>\n\n\n<p><iframe src=\"https:\/\/www.google.com\/maps\/embed?pb=!1m14!1m8!1m3!1d9930.899153256332!2d-0.1468513!3d51.5182649!3m2!1i1024!2i768!4f13.1!3m3!1m2!1s0x487611e416322439%3A0xb84cf932b11cbe62!2sDerma%20Aesthetics%20London!5e0!3m2!1sen!2suk!4v1699790340707!5m2!1sen!2suk\" width=\"600\" height=\"450\" style=\"border:0;\" allowfullscreen=\"\" loading=\"lazy\" referrerpolicy=\"no-referrer-when-downgrade\"><\/iframe><\/p>","protected":false},"excerpt":{"rendered":"<p>Endolift London yeni bir lazer tedavisi t\u00fcr\u00fcd\u00fcr. Cildi s\u0131k\u0131la\u015ft\u0131rmak ve g\u00fc\u00e7lendirmek i\u00e7in \u00e7al\u0131\u015f\u0131rken ayn\u0131 zamanda ya\u011f b\u00f6lgelerini de azalt\u0131r. Bug\u00fcn klini\u011fimizle ileti\u015fime ge\u00e7in.<\/p>","protected":false},"author":4,"featured_media":2205,"parent":0,"menu_order":70,"comment_status":"closed","ping_status":"closed","template":"","meta":{"_gspb_post_css":"","pgc_sgb_lightbox_settings":"","footnotes":""},"class_list":["post-3418","page","type-page","status-publish","has-post-thumbnail","hentry"],"blocksy_meta":{"page_structure_type":"type-1","styles_descriptor":{"styles":{"desktop":"","tablet":"","mobile":""},"google_fonts":[],"version":6}},"_links":{"self":[{"href":"https:\/\/dermaaestheticslondon.com\/tr\/wp-json\/wp\/v2\/pages\/3418","targetHints":{"allow":["GET"]}}],"collection":[{"href":"https:\/\/dermaaestheticslondon.com\/tr\/wp-json\/wp\/v2\/pages"}],"about":[{"href":"https:\/\/dermaaestheticslondon.com\/tr\/wp-json\/wp\/v2\/types\/page"}],"author":[{"embeddable":true,"href":"https:\/\/dermaaestheticslondon.com\/tr\/wp-json\/wp\/v2\/users\/4"}],"replies":[{"embeddable":true,"href":"https:\/\/dermaaestheticslondon.com\/tr\/wp-json\/wp\/v2\/comments?post=3418"}],"version-history":[{"count":1,"href":"https:\/\/dermaaestheticslondon.com\/tr\/wp-json\/wp\/v2\/pages\/3418\/revisions"}],"predecessor-version":[{"id":3419,"href":"https:\/\/dermaaestheticslondon.com\/tr\/wp-json\/wp\/v2\/pages\/3418\/revisions\/3419"}],"wp:featuredmedia":[{"embeddable":true,"href":"https:\/\/dermaaestheticslondon.com\/tr\/wp-json\/wp\/v2\/media\/2205"}],"wp:attachment":[{"href":"https:\/\/dermaaestheticslondon.com\/tr\/wp-json\/wp\/v2\/media?parent=3418"}],"curies":[{"name":"wp","href":"https:\/\/api.w.org\/{rel}","templated":true}]}}