{"id":3420,"date":"2025-03-03T12:52:57","date_gmt":"2025-03-03T12:52:57","guid":{"rendered":"https:\/\/dermaaestheticslondon.com\/?page_id=3420"},"modified":"2025-03-03T12:52:58","modified_gmt":"2025-03-03T12:52:58","slug":"endolift-belgravia","status":"publish","type":"page","link":"https:\/\/dermaaestheticslondon.com\/tr\/endolift-belgravia\/","title":{"rendered":"Endolift Belgravia"},"content":{"rendered":"<p>Londra&#039;daki en iyi cilt s\u0131k\u0131la\u015ft\u0131rma ve cilt gen\u00e7le\u015ftirme tedavisini mi ar\u0131yorsunuz? O zaman deneme zaman\u0131 <strong>Belgravia&#039;da Endolift<\/strong> Derma Estetik Londra ile.<\/p>\n\n\n\n<p>Daha gen\u00e7 bir g\u00f6r\u00fcn\u00fcme kavu\u015fmak i\u00e7in art\u0131k ameliyat olman\u0131za gerek yok. <a href=\"https:\/\/dermaaestheticslondon.com\/tr\/treatments\/endolift\/\">Endolift<\/a> Tedavi, y\u00fcz\u00fcn\u00fczdeki ve v\u00fccudunuzdaki cildi s\u0131k\u0131la\u015ft\u0131rmak i\u00e7in lazer teknolojisini kullan\u0131r. Ayr\u0131ca cilt gev\u015fekli\u011fini iyile\u015ftirmeye ve cildinize \u0131\u015f\u0131lt\u0131l\u0131 bir parlakl\u0131k kazand\u0131rmaya yard\u0131mc\u0131 olur.&nbsp;<\/p>\n\n\n\n<p>Ancak Endolift bundan \u00e7ok daha fazlas\u0131n\u0131 yapar. Ayr\u0131ca, sadece diyet ve egzersizle kurtulmas\u0131 zor olan inat\u00e7\u0131 ya\u011f ceplerini de hedefler. Bir dizi tedaviyle, \u00e7ene hatt\u0131n\u0131zda ve \u00e7enenizde ya\u011f azalmas\u0131 g\u00f6rebilirsiniz.&nbsp;<\/p>\n\n\n\n<p>En son ya\u015flanma kar\u015f\u0131t\u0131 tedaviler i\u00e7in Derma Aesthetics London&#039;daki t\u0131p uzmanlar\u0131 ba\u015fvuraca\u011f\u0131n\u0131z uzmanlard\u0131r. Doktor liderli\u011findeki ekibimiz, en iyi \u015fekilde g\u00f6r\u00fcnmenize ve hissetmenize yard\u0131mc\u0131 olan g\u00fczellik ve estetik tedavilerinde uzmanla\u015fm\u0131\u015ft\u0131r. Tedavinizi \u00f6zel cilt ihtiya\u00e7lar\u0131n\u0131za ve cilt tipinize g\u00f6re uyarlar\u0131z. Bu, harika sonu\u00e7lar g\u00f6rmenizi sa\u011flar.&nbsp;<\/p>\n\n\n\n<p>Daha parlak bir cilde giden yolculu\u011funuza ba\u015flamak i\u00e7in Belgravia yak\u0131nlar\u0131ndaki klini\u011fimizle Endolift kons\u00fcltasyonu i\u00e7in ileti\u015fime ge\u00e7in.&nbsp;<\/p>\n\n\n\n<p><a href=\"https:\/\/dermaaestheticslondon.com\/tr\/contact\/\">DANI\u015eMA RANDEVUSU ALIN<\/a><\/p>\n\n\n\n<figure class=\"wp-block-image size-full\"><img decoding=\"async\" width=\"602\" height=\"602\" src=\"https:\/\/dermaaestheticslondon.com\/wordpress\/wp-content\/uploads\/2024\/04\/endolift-london-before-after.webp\" alt=\"Endolift Belgravia\" class=\"wp-image-2205\" srcset=\"https:\/\/dermaaestheticslondon.com\/wordpress\/wp-content\/uploads\/2024\/04\/endolift-london-before-after.webp 602w, https:\/\/dermaaestheticslondon.com\/wordpress\/wp-content\/uploads\/2024\/04\/endolift-london-before-after-300x300.webp 300w, https:\/\/dermaaestheticslondon.com\/wordpress\/wp-content\/uploads\/2024\/04\/endolift-london-before-after-150x150.webp 150w\" sizes=\"(max-width: 602px) 100vw, 602px\" \/><\/figure>\n\n\n\n<h2 class=\"wp-block-heading\" id=\"endolift-treatment-for-skin-laxity\">Cilt gev\u015fekli\u011fi i\u00e7in Endolift tedavisi<\/h2>\n\n\n\n<p>Cilt gev\u015fekli\u011fi, sark\u0131k cilt, \u00e7izgiler ve k\u0131r\u0131\u015f\u0131kl\u0131klar, ya\u015fland\u0131k\u00e7a hepimizi etkileyen bir \u015feydir. Ancak cildiniz sizi oldu\u011funuzdan daha ya\u015fl\u0131 g\u00f6stermeye ve hissettirmeye ba\u015flad\u0131\u011f\u0131nda, saati geri \u00e7evirmek i\u00e7in ne yapabilirsiniz? \u0130\u015fte Endolift&#039;in devreye girdi\u011fi yer buras\u0131d\u0131r.&nbsp;<\/p>\n\n\n\n<p>Endolift, y\u00fcz ve v\u00fccuttaki gev\u015fek cildi gen\u00e7le\u015ftirmek ve s\u0131k\u0131la\u015ft\u0131rmak i\u00e7in lazer teknolojisini kullanan minimal invaziv bir tedavidir. Cildin y\u00fczeysel katmanlar\u0131n\u0131 hedef alan di\u011fer tedavilerin aksine, Endolift \u00e7ok daha derin bir seviyede \u00e7al\u0131\u015f\u0131r. Sonu\u00e7 olarak, cildin i\u00e7indeki kolajen \u00fcretimini uyarmaya yard\u0131mc\u0131 olur ve bu da daha dolgun ve s\u0131k\u0131 g\u00f6r\u00fcn\u00fcml\u00fc bir cilde yol a\u00e7ar.&nbsp;<\/p>\n\n\n\n<p>Ayn\u0131 zamanda lazer, alt y\u00fcz ve boyun b\u00f6lgesindeki fazla ya\u011f ceplerini de hedef al\u0131r. Bu, \u00e7ene hatt\u0131n\u0131n etraf\u0131ndaki \u00e7ift \u00e7eneyi ve gev\u015fek cildi azaltmaya yard\u0131mc\u0131 olabilece\u011fimiz anlam\u0131na gelir.&nbsp;<\/p>\n\n\n\n<p>Bu tedavi sadece y\u00fcz hatlar\u0131n\u0131z\u0131 geli\u015ftirmek i\u00e7in cildinizi \u015fekillendirmeye ve s\u0131k\u0131la\u015ft\u0131rmaya yard\u0131mc\u0131 olmakla kalmayacak, ayn\u0131 zamanda herhangi bir iyile\u015fme s\u00fcresi de olmayacakt\u0131r. Bu, tedavinizi yapt\u0131r\u0131p birka\u00e7 saat i\u00e7inde i\u015finize geri d\u00f6nebilece\u011finiz anlam\u0131na gelir.&nbsp;<\/p>\n\n\n\n<h2 class=\"wp-block-heading\" id=\"the-benefits-of-endolift-in-belgravia\">Belgravia&#039;da Endolift&#039;in faydalar\u0131<\/h2>\n\n\n\n<p>Endolift tedavisinin sizin i\u00e7in uygun olup olmad\u0131\u011f\u0131ndan hala emin de\u011filseniz, bu tedavinin sundu\u011fu muhte\u015fem faydalardan baz\u0131lar\u0131n\u0131 a\u015fa\u011f\u0131da inceleyebilirsiniz:<\/p>\n\n\n\n<p><strong>Cilt s\u0131k\u0131la\u015ft\u0131rma<\/strong> \u2013 Y\u00fcz, boyun ve dekolte \u00e7evresindeki gev\u015fek cildi s\u0131k\u0131la\u015ft\u0131rmak i\u00e7in kolajen \u00fcretimini te\u015fvik eder.<\/p>\n\n\n\n<p><strong>K\u0131r\u0131\u015f\u0131kl\u0131klar\u0131 azalt\u0131n<\/strong> \u2013 yeni kolajen sadece cildi s\u0131k\u0131la\u015ft\u0131rmakla kalmaz, ayn\u0131 zamanda \u00e7izgileri ve k\u0131r\u0131\u015f\u0131kl\u0131klar\u0131 da doldurur ve dolgunla\u015ft\u0131r\u0131r.<\/p>\n\n\n\n<p><strong>Kesin<\/strong> \u2013 Lazeri belirli b\u00f6lgeleri tedavi edecek \u015fekilde hedefleyebilir ve uyarlayabiliriz. Buna g\u00f6z \u00e7evresi gibi cildin daha hassas b\u00f6lgeleri de dahildir.<\/p>\n\n\n\n<p><strong>Her cilt tipi i\u00e7in uygundur<\/strong> \u2013 ve tedaviyi cildinizin ihtiya\u00e7lar\u0131na g\u00f6re uyarlayabiliriz.&nbsp;<\/p>\n\n\n\n<p><strong>\u0130nat\u00e7\u0131 ya\u011flar\u0131 azalt\u0131r<\/strong> \u2013 boyun, \u00e7ene, mide, uyluk i\u00e7leri, dizler, ayak bilekleri ve kal\u00e7ada.<\/p>\n\n\n\n<p><strong>Do\u011fal g\u00f6r\u00fcn\u00fcml\u00fc sonu\u00e7lar<\/strong> \u2013 Tedavi edilen b\u00f6lgede do\u011fal kolajen \u00fcretimi ger\u00e7ekle\u015fti\u011fi i\u00e7in, di\u011fer daha invaziv tedavilere g\u00f6re sonu\u00e7lar\u0131n\u0131z \u00e7ok daha do\u011fal olur.<\/p>\n\n\n\n<h2 class=\"wp-block-heading\" id=\"what-to-expect-during-endolift-treatment\">Endolift tedavisi s\u0131ras\u0131nda neler beklenir?<\/h2>\n\n\n\n<p>Belgravia yak\u0131nlar\u0131ndaki cilt klini\u011fimizde Dr. Raja ile Endolift yapt\u0131racaks\u0131n\u0131z. Tedavi, lazer mikrofiberi olan k\u00fc\u00e7\u00fck bir el tipi cihaz kullan\u0131r. Bu, bir sa\u00e7 teli kadar k\u00fc\u00e7\u00fckt\u00fcr. Dr. Raja, mikrofiberi cildin y\u00fczeyinin alt\u0131na yerle\u015ftirecek ve bu fiber, lazer enerjimizin belirli dalga boyunu g\u00f6nderecektir.&nbsp;<\/p>\n\n\n\n<p>Lazer dalga boylar\u0131 \u015funlara yard\u0131mc\u0131 olur:<\/p>\n\n\n\n<p>\u00b7 Yeni kolajeni uyar\u0131r<\/p>\n\n\n\n<p>\u00b7 Cildin geri \u00e7ekilmesine neden olarak cildin s\u0131k\u0131la\u015fmas\u0131n\u0131 te\u015fvik eder<\/p>\n\n\n\n<p>\u00b7 G\u0131d\u0131, alt y\u00fcz ve boyun \u00e7evresindeki ya\u011flar\u0131 hedef al\u0131n ve azalt\u0131n<\/p>\n\n\n\n<p>Dr. Raja bu prosed\u00fcrde tam e\u011fitimlidir. Rahat bir deneyim ya\u015faman\u0131z ve herhangi bir a\u011fr\u0131n\u0131n en aza indirilmesi i\u00e7in tedavinin nas\u0131l uygulanaca\u011f\u0131n\u0131 anlar. Bu nedenle Endolift yapt\u0131r\u0131rken herhangi bir uyu\u015fturucu krem veya lokal anesteziye ihtiyac\u0131n\u0131z olmaz.&nbsp;<\/p>\n\n\n\n<p>Tedavinin tamamlanmas\u0131 sadece 30-45 dakika s\u00fcrer. Birden fazla Endolift tedavi alan\u0131n\u0131z varsa bu s\u00fcre daha uzun olabilir.&nbsp;<\/p>\n\n\n\n<h3 class=\"wp-block-heading\" id=\"the-results\">Sonu\u00e7lar<\/h3>\n\n\n\n<p>Tedavinizden hemen sonra cildinizin daha s\u0131k\u0131 g\u00f6r\u00fcnd\u00fc\u011f\u00fcn\u00fc g\u00f6rebilirsiniz. Ancak, cildinizde yeni kolajen olu\u015ftuk\u00e7a bu durum iyile\u015fmeye devam edecektir. Bu, \u00f6n\u00fcm\u00fczdeki 3-6 ay i\u00e7inde ger\u00e7ekle\u015fecektir.&nbsp;<\/p>\n\n\n\n<h2 class=\"wp-block-heading\" id=\"boost-skin-health-and-the-look-of-your-skin-by-combing-endolift-with-dermal-fillers-or-polynucleotides\">Endolift&#039;i dermal dolgu maddeleri veya Polin\u00fckleotidlerle birle\u015ftirerek cilt sa\u011fl\u0131\u011f\u0131n\u0131z\u0131 ve cildinizin g\u00f6r\u00fcn\u00fcm\u00fcn\u00fc iyile\u015ftirin<\/h2>\n\n\n\n<p>Y\u00fcz hatlar\u0131n\u0131z\u0131 geli\u015ftirmek ve cildinize sa\u011fl\u0131kl\u0131 bir parlakl\u0131k kazand\u0131rmak i\u00e7in Endolift&#039;i di\u011fer cilt tedavileriyle birle\u015ftirebilirsiniz. Daha spesifik olarak, Endolift, a\u015fa\u011f\u0131dakilerle birlikte iyi \u00e7al\u0131\u015f\u0131r: <a href=\"https:\/\/dermaaestheticslondon.com\/tr\/treatment-category\/dermal-fillers\/\">dermal dolgu maddeleri<\/a> Ve <a href=\"https:\/\/dermaaestheticslondon.com\/tr\/treatments\/polynucleotides\/\">Polin\u00fckleotid tedavisi<\/a>.&nbsp;<\/p>\n\n\n\n<p>Dermal dolgular, derin \u00e7izgileri ve k\u0131r\u0131\u015f\u0131kl\u0131klar\u0131 en aza indirirken cilde hacim ve yap\u0131 kazand\u0131rmaya yard\u0131mc\u0131 olur. Polin\u00fckleotidler cildi gen\u00e7le\u015ftirmeye yard\u0131mc\u0131 olur ve Endolift&#039;ten elde etti\u011finiz cilt s\u0131k\u0131la\u015ft\u0131rma sonu\u00e7lar\u0131na da katk\u0131da bulunabilir.&nbsp;<\/p>\n\n\n\n<p>Endolift ve bu iki tedaviyi ayn\u0131 anda yapt\u0131ramazs\u0131n\u0131z. Bunlar\u0131 yapt\u0131rma s\u0131ras\u0131 \u015fu \u015fekildedir:<\/p>\n\n\n\n<p>\u00b7 &nbsp; &nbsp; &nbsp; <strong>Dermal dolgular<\/strong> \u2013 Endolift&#039;ten 2-4 hafta sonra<\/p>\n\n\n\n<p>\u00b7 &nbsp; &nbsp; &nbsp; <strong>Polin\u00fckleotidler<\/strong> \u2013 Endolift&#039;ten iki hafta \u00f6nce veya sonra<\/p>\n\n\n\n<p>L\u00fctfen <a href=\"https:\/\/dermaaestheticslondon.com\/tr\/contact\/\">ileti\u015fime ge\u00e7in<\/a> Cildiniz i\u00e7in hangi tedavi y\u00f6nteminin do\u011fru olaca\u011f\u0131 hakk\u0131nda daha fazla bilgi edinmek i\u00e7in ekibimizle ileti\u015fime ge\u00e7in.&nbsp;<\/p>\n\n\n\n<h2 class=\"wp-block-heading\" id=\"choose-derma-aesthetics-london-for-endolift-in-belgravia\">Belgravia&#039;da Endolift i\u00e7in Derma Aesthetics London&#039;\u0131 se\u00e7in&nbsp;<\/h2>\n\n\n\n<p>Londra&#039;daki estetik t\u0131p ve kozmetik tedaviler i\u00e7in \u00f6nde gelen kliniklerden biriyiz. Dr. Raja, Endolift tedavisi sa\u011flama konusunda kapsaml\u0131 bilgi ve deneyime sahiptir. Ki\u015fiye \u00f6zel bir tedavi plan\u0131n\u0131n nas\u0131l olu\u015fturulaca\u011f\u0131n\u0131 ve lazerin nas\u0131l uyarlanaca\u011f\u0131n\u0131 bilir, b\u00f6ylece en iyi tedavi deneyimini ya\u015fars\u0131n\u0131z ve cildiniz tedavinin t\u00fcm faydalar\u0131n\u0131 g\u00f6r\u00fcr.&nbsp;<\/p>\n\n\n\n<p>Bak\u0131m\u0131n\u0131z ve iyili\u011finiz bizim bir numaral\u0131 \u00f6nceli\u011fimizdir. Bu nedenle her hastaya Endolift hakk\u0131nda daha fazla bilgi edinmeleri ve nas\u0131l \u00e7al\u0131\u015ft\u0131\u011f\u0131n\u0131 \u00f6\u011frenmeleri i\u00e7in derinlemesine bir kons\u00fcltasyon yap\u0131l\u0131r ve b\u00f6ylece biz de sizin ve cildinizin hakk\u0131nda daha fazla \u015fey \u00f6\u011frenebiliriz. Size her zaman net bilgiler ve tavsiyeler sunar\u0131z, b\u00f6ylece sizin i\u00e7in do\u011fru karar\u0131 vermeniz i\u00e7in ihtiyac\u0131n\u0131z olan her \u015feye sahip olursunuz.&nbsp;<\/p>\n\n\n\n<p><a href=\"https:\/\/dermaaestheticslondon.com\/tr\/contact\/\">B\u0130ZE ULA\u015eIN<\/a><\/p>\n\n\n\n<h2 class=\"wp-block-heading\" id=\"how-to-find-us\">Bizi nas\u0131l bulabilirsiniz<\/h2>\n\n\n\n<p>Derma Aesthetics London klini\u011fi Harley Street&#039;tedir. Ayr\u0131ca k\u0131sa bir y\u00fcr\u00fcy\u00fc\u015f mesafesindeyiz<\/p>\n\n\n\n<p>\u0130ngiltere&#039;nin en i\u015flek al\u0131\u015fveri\u015f caddelerinden biri olan Oxford Street.<\/p>\n\n\n\n<p>Belgravia&#039;dan, Victoria Metro \u0130stasyonu&#039;ndan Oxford Circus&#039;a Victoria Hatt\u0131&#039;n\u0131 kullanarak klini\u011fimize ula\u015fabilirsiniz. Oxford Circus&#039;a on dakikadan daha az bir mesafedeyiz ve yolculu\u011funuz 25 dakikadan fazla s\u00fcrmemelidir.&nbsp;<\/p>\n\n\n\n<p>Arabayla seyahat ediyorsan\u0131z, Harley Caddesi&#039;nde geni\u015f bir \u00fccretli park yeri mevcuttur.&nbsp;&nbsp;<\/p>\n\n\n\n<h3 class=\"wp-block-heading\" id=\"address\">Adres<\/h3>\n\n\n\n<p>39 Harley Caddesi<br>Londra&nbsp;<br>W1G 8QH<\/p>\n\n\n<p><iframe src=\"https:\/\/www.google.com\/maps\/embed?pb=!1m14!1m8!1m3!1d9930.899153256332!2d-0.1468513!3d51.5182649!3m2!1i1024!2i768!4f13.1!3m3!1m2!1s0x487611e416322439%3A0xb84cf932b11cbe62!2sDerma%20Aesthetics%20London!5e0!3m2!1sen!2suk!4v1699790340707!5m2!1sen!2suk\" width=\"600\" height=\"450\" style=\"border:0;\" allowfullscreen=\"\" loading=\"lazy\" referrerpolicy=\"no-referrer-when-downgrade\"><\/iframe><\/p>\n\n\n<h2 class=\"wp-block-heading\" id=\"about-belgravia\">Belgravia Hakk\u0131nda<\/h2>\n\n\n\n<p>Belgravia, Londra&#039;n\u0131n merkezinde g\u00fczel ve zengin bir b\u00f6lgedir. En \u00e7ok, s\u0131ra evler, bah\u00e7e meydanlar\u0131 ve G\u00fcrc\u00fc mimarisiyle s\u0131ralanm\u0131\u015f sokaklar\u0131yla \u00fcnl\u00fcd\u00fcr. Ayr\u0131ca Hyde Park, Knightsbridge ve Sloane Meydan\u0131 gibi b\u00f6lgelere de yak\u0131nd\u0131r.&nbsp;<\/p>\n\n\n\n<p>Belgravia b\u00f6lgesi ayr\u0131ca Londra&#039;n\u0131n en l\u00fcks evlerinden baz\u0131lar\u0131na ev sahipli\u011fi yapmaktad\u0131r, \u00f6zellikle Eaton Meydan\u0131&#039;nda. Bu, zengin ve \u00fcnl\u00fcler taraf\u0131ndan aranan bir yerle\u015fim b\u00f6lgesidir. Belgravia ayr\u0131ca l\u00fcks ma\u011fazalar\u0131 ve kaliteli yemekleriyle bilinir ve Harrods&#039;a y\u00fcr\u00fcme mesafesindedir.&nbsp;<\/p>","protected":false},"excerpt":{"rendered":"<p>Endolift London yeni bir lazer tedavisi t\u00fcr\u00fcd\u00fcr. Cildi s\u0131k\u0131la\u015ft\u0131rmak ve g\u00fc\u00e7lendirmek i\u00e7in \u00e7al\u0131\u015f\u0131rken ayn\u0131 zamanda ya\u011f b\u00f6lgelerini de azalt\u0131r. Bug\u00fcn klini\u011fimizle ileti\u015fime ge\u00e7in.<\/p>","protected":false},"author":4,"featured_media":0,"parent":0,"menu_order":70,"comment_status":"closed","ping_status":"closed","template":"","meta":{"_gspb_post_css":"","pgc_sgb_lightbox_settings":"","footnotes":""},"class_list":["post-3420","page","type-page","status-publish","hentry"],"blocksy_meta":{"page_structure_type":"type-1","styles_descriptor":{"styles":{"desktop":"","tablet":"","mobile":""},"google_fonts":[],"version":6}},"_links":{"self":[{"href":"https:\/\/dermaaestheticslondon.com\/tr\/wp-json\/wp\/v2\/pages\/3420","targetHints":{"allow":["GET"]}}],"collection":[{"href":"https:\/\/dermaaestheticslondon.com\/tr\/wp-json\/wp\/v2\/pages"}],"about":[{"href":"https:\/\/dermaaestheticslondon.com\/tr\/wp-json\/wp\/v2\/types\/page"}],"author":[{"embeddable":true,"href":"https:\/\/dermaaestheticslondon.com\/tr\/wp-json\/wp\/v2\/users\/4"}],"replies":[{"embeddable":true,"href":"https:\/\/dermaaestheticslondon.com\/tr\/wp-json\/wp\/v2\/comments?post=3420"}],"version-history":[{"count":1,"href":"https:\/\/dermaaestheticslondon.com\/tr\/wp-json\/wp\/v2\/pages\/3420\/revisions"}],"predecessor-version":[{"id":3421,"href":"https:\/\/dermaaestheticslondon.com\/tr\/wp-json\/wp\/v2\/pages\/3420\/revisions\/3421"}],"wp:attachment":[{"href":"https:\/\/dermaaestheticslondon.com\/tr\/wp-json\/wp\/v2\/media?parent=3420"}],"curies":[{"name":"wp","href":"https:\/\/api.w.org\/{rel}","templated":true}]}}