{"id":3599,"date":"2025-04-23T08:57:40","date_gmt":"2025-04-23T07:57:40","guid":{"rendered":"https:\/\/dermaaestheticslondon.com\/?page_id=3599"},"modified":"2025-04-23T08:57:41","modified_gmt":"2025-04-23T07:57:41","slug":"dermal-fillers-chelsea","status":"publish","type":"page","link":"https:\/\/dermaaestheticslondon.com\/tr\/dermal-fillers-chelsea\/","title":{"rendered":"Dermal Dolgular Chelsea"},"content":{"rendered":"<p>En iyisi i\u00e7in <strong>Chelsea&#039;de dermal dolgular<\/strong>Derma Aesthetics London&#039;daki t\u0131p uzmanlar\u0131yla g\u00f6r\u00fc\u015f\u00fcn. Do\u011fal g\u00fczelli\u011finizi art\u0131racak harika sonu\u00e7lar elde etmenize yard\u0131mc\u0131 olabiliriz.&nbsp;<\/p>\n\n\n\n<p>Doktor liderli\u011findeki ekibimiz, hizmet sa\u011flama konusunda y\u0131llar\u0131n deneyimine sahiptir. <a href=\"https:\/\/dermaaestheticslondon.com\/tr\/treatment-category\/dermal-fillers\/\">dermal dolgu tedavileri<\/a>Y\u00fczdeki \u00e7\u00f6k\u00fck b\u00f6lgelere hacim kazand\u0131rmak veya dolgunluk kazand\u0131rmak i\u00e7in hyaluronik asit dolgular\u0131 kullan\u0131yoruz, ayn\u0131 zamanda derin \u00e7izgileri ve k\u0131r\u0131\u015f\u0131kl\u0131klar\u0131 da yumu\u015fat\u0131yoruz.&nbsp;<\/p>\n\n\n\n<p>Dudak dolgular\u0131ndan yanak dolgular\u0131na ve cerrahi olmayan rinoplastiye kadar, dermal dolgu tedavilerimizi \u00f6zel cilt ihtiya\u00e7lar\u0131n\u0131za ve cilt endi\u015felerinize g\u00f6re uyarl\u0131yoruz. Amac\u0131m\u0131z, kendinizin en iyi versiyonu gibi g\u00f6r\u00fcnmenizi ve hissetmenizi sa\u011flayan do\u011fal sonu\u00e7lar g\u00f6rmenizi sa\u011flamakt\u0131r.&nbsp;<\/p>\n\n\n\n<p>Chelsea&#039;deki dermal dolgular hakk\u0131nda doktorlar\u0131m\u0131zdan biriyle konu\u015fmaya haz\u0131rsan\u0131z, Londra klini\u011fimizde randevu al\u0131n.&nbsp;<\/p>\n\n\n\n<p><a href=\"https:\/\/dermaaestheticslondon.com\/tr\/contact\/\">DANI\u015eMA RANDEVUSU ALIN<\/a><\/p>\n\n\n\n<figure class=\"wp-block-image size-full\"><img decoding=\"async\" width=\"1024\" height=\"1024\" src=\"https:\/\/dermaaestheticslondon.com\/wordpress\/wp-content\/uploads\/2024\/01\/chin-filler-treatment.webp\" alt=\"Dermal Fillers Chelsea\" class=\"wp-image-1384\" srcset=\"https:\/\/dermaaestheticslondon.com\/wordpress\/wp-content\/uploads\/2024\/01\/chin-filler-treatment.webp 1024w, https:\/\/dermaaestheticslondon.com\/wordpress\/wp-content\/uploads\/2024\/01\/chin-filler-treatment-300x300.webp 300w, https:\/\/dermaaestheticslondon.com\/wordpress\/wp-content\/uploads\/2024\/01\/chin-filler-treatment-150x150.webp 150w, https:\/\/dermaaestheticslondon.com\/wordpress\/wp-content\/uploads\/2024\/01\/chin-filler-treatment-768x768.webp 768w\" sizes=\"(max-width: 1024px) 100vw, 1024px\" \/><\/figure>\n\n\n\n<h2 class=\"wp-block-heading\" id=\"what-is-endolift-treatment\">Dermal dolgu nedir?<\/h2>\n\n\n\n<p>Estetik tedaviler d\u00fcnyas\u0131nda dermal dolgular, erkeklerin ve kad\u0131nlar\u0131n daha gen\u00e7 ve \u0131\u015f\u0131lt\u0131l\u0131 g\u00f6r\u00fcnmesine yard\u0131mc\u0131 olan en iyi tedavi se\u00e7eneklerinden biridir.&nbsp;<\/p>\n\n\n\n<p>Dermal dolgular, do\u011fal olarak ince olan veya ya\u015fla birlikte hacim kaybetmi\u015f y\u00fcz derisinin b\u00f6lgelerine hacim ve dolgunluk kazand\u0131rmak i\u00e7in jel benzeri bir madde kullanan enjekte edilebilir bir tedavidir. Buna dudaklar, yanaklar, \u00e7ene, \u00e7ene hatt\u0131 ve g\u00f6zya\u015f\u0131 oluklar\u0131n\u0131n (g\u00f6z altlar\u0131) dahil olmas\u0131 dahildir.&nbsp;<\/p>\n\n\n\n<p>\u00c7o\u011fu dermal dolgu maddesinin ana bile\u015feni hyaluronik asittir. Bu, cildi nemlendirmeye ve daha fazla esneklik ve esneklik kazand\u0131rmaya yard\u0131mc\u0131 olur. Sonu\u00e7 olarak, dermal dolgu maddeleri al\u0131n \u00e7izgileri ve nazolabial k\u0131vr\u0131mlar gibi derin \u00e7izgileri ve k\u0131r\u0131\u015f\u0131kl\u0131klar\u0131 azaltmak i\u00e7in harika bir tedavidir.&nbsp;<\/p>\n\n\n\n<p>Ayr\u0131ca cerrahi olmayan y\u00fcz germe i\u015fleminin bir par\u00e7as\u0131 olarak dermal dolgular kullan\u0131r\u0131z. Bunun nedeni, dolgular\u0131n ince ve sark\u0131k cildi s\u0131k\u0131la\u015ft\u0131rmaya ve kald\u0131rmaya yard\u0131mc\u0131 olmas\u0131d\u0131r. Bir\u00e7ok m\u00fc\u015fteri i\u00e7in dermal dolgular ciltte kolajen \u00fcretimini de destekleyebilir. Bu, \u00e7ok daha uzun s\u00fcre gen\u00e7 bir cilt g\u00f6rmeye devam edebilece\u011finiz anlam\u0131na gelir.&nbsp;<\/p>\n\n\n\n<h2 class=\"wp-block-heading\" id=\"more-about-hyaluronic-acid-fillers\">Hyaluronik asit dolgular\u0131 hakk\u0131nda daha fazla bilgi<\/h2>\n\n\n\n<p>Derma Aesthetics London&#039;da y\u00fcksek kaliteli hyaluronik asit dolgular\u0131 kullan\u0131yoruz. Bunlar sadece en yayg\u0131n dermal dolgu t\u00fcr\u00fc olmakla kalm\u0131yor, ayn\u0131 zamanda en do\u011fal g\u00f6r\u00fcn\u00fcml\u00fc sonu\u00e7lar\u0131 da sa\u011fl\u0131yor.&nbsp;<\/p>\n\n\n\n<p>Hyaluronik asit, ciltte do\u011fal olarak bulunan bir maddedir. Cildimize g\u00fcc\u00fcn\u00fc, yap\u0131s\u0131n\u0131 ve sa\u011fl\u0131kl\u0131 bir \u0131\u015f\u0131lt\u0131s\u0131n\u0131 vermeye yard\u0131mc\u0131 olur. Ya\u015fland\u0131k\u00e7a cildimizdeki hyaluronik asidi kaybetmeye ba\u015flar\u0131z, bu y\u00fczden sarkmaya ve daha ince g\u00f6r\u00fcnmeye ba\u015flar ve \u00e7izgiler olu\u015fmaya ba\u015flar.&nbsp;<\/p>\n\n\n\n<p>Dermal dolgular ciltteki hyaluronik asit seviyelerini art\u0131rmaya yard\u0131mc\u0131 olur. Y\u00fcz\u00fcn \u00e7\u00f6k\u00fck b\u00f6lgelerindeki hacmi art\u0131r\u0131rken ayn\u0131 zamanda cildi nemlendirerek size daha sa\u011fl\u0131kl\u0131 ve gen\u00e7 bir g\u00f6r\u00fcn\u00fcm kazand\u0131r\u0131r.&nbsp;<\/p>\n\n\n\n<h2 class=\"wp-block-heading\" id=\"most-common-areas-to-have-dermal-fillers\">Dermal dolgular\u0131n en s\u0131k uyguland\u0131\u011f\u0131 b\u00f6lgeler<\/h2>\n\n\n\n<p>Alan\u0131nda uzman estetik doktorlar\u0131m\u0131z, y\u00fczdeki a\u015fa\u011f\u0131daki b\u00f6lgeleri tedavi etmek i\u00e7in dermal dolgu maddelerini kullanabilirler:<\/p>\n\n\n\n<p>\u00b7 &nbsp; &nbsp; &nbsp; <strong>Dudak dolgusu<\/strong> \u2013 daha dolgun ve bi\u00e7imli dudaklar sa\u011flamak i\u00e7in<\/p>\n\n\n\n<p>\u00b7 &nbsp; &nbsp; &nbsp; <strong>G\u00f6zya\u015f\u0131 olu\u011fu dolgular\u0131<\/strong> \u2013 koyu halkalar\u0131 ve \u00e7\u00f6k\u00fck g\u00f6zleri tedavi etmek i\u00e7in g\u00f6z alt\u0131 dolgular\u0131m\u0131z<\/p>\n\n\n\n<p>\u00b7 &nbsp; &nbsp; &nbsp; <strong>Yanak dolgular\u0131<\/strong> \u2013 yanaklar\u0131 dolgunla\u015ft\u0131rmak ve y\u00fcz\u00fcn \u00fcst k\u0131sm\u0131n\u0131 desteklemek<\/p>\n\n\n\n<p>\u00b7 &nbsp; &nbsp; &nbsp; <strong>Burun dolgular\u0131<\/strong> \u2013 veya burun k\u00f6pr\u00fcs\u00fcn\u00fc d\u00fczeltmek veya burun ucunu \u015fekillendirmek i\u00e7in cerrahi olmayan rinoplasti<\/p>\n\n\n\n<p>\u00b7 &nbsp; &nbsp; &nbsp; <strong>\u00c7ene ve \u00e7ene hatt\u0131 dolgular\u0131<\/strong> \u2013 zay\u0131f bir \u00e7eneyi veya sark\u0131k \u00e7ene hatt\u0131n\u0131 d\u00fczeltmek i\u00e7in<\/p>\n\n\n\n<p>\u00b7 &nbsp; &nbsp; &nbsp; <strong>Nazolabial \u00e7izgiler veya k\u0131vr\u0131mlar<\/strong> \u2013 burundan a\u011fza do\u011fru uzanan derin \u00e7izgilerin en aza indirilmesi<\/p>\n\n\n\n<p>\u00b7 &nbsp; &nbsp; &nbsp; <strong>Kukla \u00e7izgileri<\/strong> \u2013 a\u011fz\u0131n alt\u0131ndan \u00e7eneye do\u011fru uzanan \u00e7izgileri azalt\u0131r<\/p>\n\n\n\n<p>\u00b7 &nbsp; &nbsp; &nbsp; <strong>G\u00fclme \u00e7izgileri<\/strong> \u2013 veya g\u00fcl\u00fcmseme \u00e7izgileri<\/p>\n\n\n\n<p>\u00b7 &nbsp; &nbsp; &nbsp; <strong>Derin al\u0131n \u00e7izgileri <\/strong>\u2013 al\u0131n b\u00f6lgesinde yatay \u00e7izgiler<\/p>\n\n\n\n<h2 class=\"wp-block-heading\" id=\"what-is-better-anti-wrinkle-injections-or-dermal-fillers\">Hangisi daha iyidir \u2013 k\u0131r\u0131\u015f\u0131kl\u0131k kar\u015f\u0131t\u0131 enjeksiyonlar m\u0131 yoksa dermal dolgular m\u0131?<\/h2>\n\n\n\n<p>Hem dermal dolgular hem de <a href=\"https:\/\/dermaaestheticslondon.com\/tr\/treatment-category\/anti-wrinkle-treatments\/\">k\u0131r\u0131\u015f\u0131kl\u0131k kar\u015f\u0131t\u0131 tedaviler<\/a> ya\u015flanma kar\u015f\u0131t\u0131 bir tedavi ar\u0131yorsan\u0131z harika se\u00e7eneklerdir. Biri di\u011ferinden mutlaka daha iyi de\u011fildir, sadece farkl\u0131 \u015feyler yaparlar ve farkl\u0131 sonu\u00e7lar sa\u011flarlar.&nbsp;<\/p>\n\n\n\n<p>Bahsetti\u011fimiz gibi, dermal dolgular cildin dolgunla\u015fmas\u0131na veya hacminin geri kazan\u0131lmas\u0131na yard\u0131mc\u0131 olur. Zay\u0131f bir \u00e7ene ve \u00e7ene hatt\u0131na tan\u0131m ve \u015fekil katabilir veya daha bi\u00e7imli dudaklar yaratabilirler.&nbsp;<\/p>\n\n\n\n<p>\u00d6te yandan, k\u0131r\u0131\u015f\u0131kl\u0131k kar\u015f\u0131t\u0131 enjeksiyonlar, g\u00fcld\u00fc\u011f\u00fcm\u00fczde, g\u00fcl\u00fcmsedi\u011fimizde veya ka\u015flar\u0131m\u0131z\u0131 \u00e7att\u0131\u011f\u0131m\u0131zda ince \u00e7izgilerin ve k\u0131r\u0131\u015f\u0131kl\u0131klar\u0131n ortaya \u00e7\u0131kmas\u0131na neden olan y\u00fcz kaslar\u0131n\u0131 hedef alarak \u00e7al\u0131\u015f\u0131r. Bu kaslar\u0131n kas\u0131lmas\u0131n\u0131 ge\u00e7ici olarak durdururlar, bu da y\u00fczdeki \u00e7izgilerin g\u00f6r\u00fcn\u00fcm\u00fcn\u00fc azalt\u0131r.<\/p>\n\n\n\n<p>Ka\u015f \u00e7atma \u00e7izgileri, kaz ayaklar\u0131 ve al\u0131n \u00e7izgileri i\u00e7in k\u0131r\u0131\u015f\u0131kl\u0131k kar\u015f\u0131t\u0131 tedavi sa\u011fl\u0131yoruz. Daha gen\u00e7 bir g\u00f6r\u00fcn\u00fcm yaratmak i\u00e7in bunlar\u0131 dermal dolgularla birlikte kullanabiliriz. Doktorunuz bunu Londra, Chelsea yak\u0131nlar\u0131ndaki klini\u011fimizdeki kons\u00fcltasyonunuz s\u0131ras\u0131nda sizinle g\u00f6r\u00fc\u015fecektir.&nbsp;<\/p>\n\n\n\n<h2 class=\"wp-block-heading\" id=\"what-to-expect-during-dermal-filler-treatments-in-chelsea\">Chelsea&#039;de dermal dolgu tedavileri s\u0131ras\u0131nda neler beklenir?<\/h2>\n\n\n\n<h3 class=\"wp-block-heading\" id=\"step-one-consultation\">Birinci ad\u0131m \u2013 dan\u0131\u015fma<\/h3>\n\n\n\n<p>\u0130lk ad\u0131m\u0131n\u0131z Londra klini\u011fimizde Dr. Raja ile bir kons\u00fcltasyona girmektir. Cilt endi\u015felerinizi ve cilt durumunuzu de\u011ferlendirecektir. Ayr\u0131ca t\u0131bbi ge\u00e7mi\u015finizi inceleyecek ve dermal dolgular\u0131n ne oldu\u011funu ve tedaviden ne gibi sonu\u00e7lar bekleyebilece\u011finizi sizinle konu\u015facakt\u0131r.&nbsp;<\/p>\n\n\n\n<p>Dermal dolgular i\u00e7in iyi bir adaysan\u0131z, Dr. Raja cilt hedeflerinize ve y\u00fcz \u015feklinize g\u00f6re size \u00f6zel bir tedavi plan\u0131 olu\u015fturacakt\u0131r. Bu g\u00f6r\u00fc\u015fme s\u0131ras\u0131nda, ald\u0131\u011f\u0131n\u0131z kararlarda rahat hissetmeniz i\u00e7in akl\u0131n\u0131za tak\u0131lan sorular\u0131 sorman\u0131z\u0131 da \u00f6neririz.&nbsp;<\/p>\n\n\n\n<h3 class=\"wp-block-heading\" id=\"step-two-dermal-filler-procedure\">\u0130kinci ad\u0131m \u2013 dermal dolgu prosed\u00fcr\u00fc&nbsp;<\/h3>\n\n\n\n<p>Dolgu randevunuzda Dr. Raja, enjeksiyon noktalar\u0131n\u0131n y\u00fcz\u00fcn\u00fczde nerelerde olaca\u011f\u0131n\u0131 ve en iyi sonu\u00e7lar\u0131 elde etmek i\u00e7in dermal dolguyu nas\u0131l kullanaca\u011f\u0131n\u0131 a\u00e7\u0131klayacakt\u0131r.&nbsp;<\/p>\n\n\n\n<p>Dermal dolgular ac\u0131t\u0131r m\u0131 sorusu bize s\u0131k\u00e7a sorulan bir sorudur. Bunun cevab\u0131, bir\u00e7ok hastan\u0131n bunun rahat bir tedavi oldu\u011funu s\u00f6ylemesidir. \u0130\u011fneden sadece hafif bir \u00e7izik hissedebilirsiniz. \u0130sterseniz, sizi daha rahat hissettirmek i\u00e7in \u00f6nce topikal bir uyu\u015fturucu krem kullanmay\u0131 konu\u015fabiliriz.&nbsp;<\/p>\n\n\n\n<p>Dr. Raja, \u00e7ok k\u00fc\u00e7\u00fck bir i\u011fne veya kan\u00fcl kullanarak dermal dolgular\u0131n\u0131z\u0131 enjekte edecektir. Bu, dolgu yerle\u015ftirmenizde daha hassas olmas\u0131n\u0131 ve \u015fi\u015fme veya morarma riskini azaltmas\u0131n\u0131 sa\u011flar.&nbsp;<\/p>\n\n\n\n<p>Dermal dolgu randevunuzun 30 ila 60 dakika aras\u0131nda s\u00fcrmesini bekleyebilirsiniz. Bu, hangi b\u00f6lgelerde tedavi g\u00f6rd\u00fc\u011f\u00fcn\u00fcze ve ka\u00e7 b\u00f6lgede tedavi g\u00f6rd\u00fc\u011f\u00fcn\u00fcze ba\u011fl\u0131 olacakt\u0131r.&nbsp;<\/p>\n\n\n\n<h3 class=\"wp-block-heading\" id=\"step-three-after-your-dermal-filler-treatment\">\u00dc\u00e7\u00fcnc\u00fc ad\u0131m \u2013 dermal dolgu tedavinizden sonra<\/h3>\n\n\n\n<p>Tedavinizden sonra enjeksiyon noktalar\u0131n\u0131n etraf\u0131nda hafif bir \u015fi\u015flik ve morarma g\u00f6rebilirsiniz. Bu tamamen normaldir ve 24-48 saat i\u00e7inde ge\u00e7melidir.<\/p>\n\n\n\n<p>Dr. Raja, cildinize iyi bakman\u0131za ve sonu\u00e7lar\u0131n\u0131zdan en iyi \u015fekilde yararlanman\u0131za yard\u0131mc\u0131 olmak i\u00e7in kapsaml\u0131 bir bak\u0131m talimatlar\u0131 seti sa\u011flayacakt\u0131r.<\/p>\n\n\n\n<h2 class=\"wp-block-heading\" id=\"dermal-fillers-results\">Dermal dolgu sonu\u00e7lar\u0131<\/h2>\n\n\n\n<p>Tedavinizden hemen sonra cildinizin \u015fekli ve dolgunlu\u011funda g\u00f6zle g\u00f6r\u00fcl\u00fcr bir iyile\u015fme g\u00f6receksiniz. Ancak dolgular\u0131n tamamen yerle\u015fmesi 1-2 hafta s\u00fcrebilir. Bu, nihai sonu\u00e7lar\u0131n\u0131z\u0131 g\u00f6rece\u011finiz zamand\u0131r.&nbsp;<\/p>\n\n\n\n<p>Tedavi g\u00f6rd\u00fc\u011f\u00fcn\u00fcz b\u00f6lgeye ba\u011fl\u0131 olarak, dermal dolgular\u0131n\u0131z 6 ila 18 ay aras\u0131nda s\u00fcrebilir. Dolgular\u0131n\u0131z\u0131n ne kadar s\u00fcre dayanaca\u011f\u0131, v\u00fccudunuzun onlar\u0131 ne kadar \u00e7abuk par\u00e7alad\u0131\u011f\u0131na da ba\u011fl\u0131 olacakt\u0131r.&nbsp;<\/p>\n\n\n\n<p>Cildinizi de\u011ferlendirmemiz ve size bir takviye tedavisi sunmam\u0131z i\u00e7in 6-9 ayl\u0131k d\u00f6nemde klini\u011fimize tekrar gelmenizi \u00f6neririz. Bu, muhte\u015fem sonu\u00e7lar\u0131n\u0131z\u0131 koruman\u0131z\u0131 sa\u011flayacakt\u0131r.&nbsp;<\/p>\n\n\n\n<h2 class=\"wp-block-heading\" id=\"your-dermal-fillers-at-our-chelsea-clinic\">Chelsea klini\u011fimizdeki dermal dolgular\u0131n\u0131z&nbsp;<\/h2>\n\n\n\n<p>Chelsea yak\u0131nlar\u0131nda g\u00fcvenilir bir dermal dolgu klini\u011fi istiyorsan\u0131z, Derma Aesthetics London harika bir se\u00e7imdir. Sadece dermal dolgular\u0131n nas\u0131l g\u00fcvenli bir \u015fekilde sa\u011flanaca\u011f\u0131n\u0131 bilen yetenekli doktorlarla tedavinizi yapt\u0131rmakla kalmay\u0131p, ayn\u0131 zamanda do\u011fal g\u00f6r\u00fcn\u00fcml\u00fc sonu\u00e7lar elde etmenize yard\u0131mc\u0131 olmaya da odaklan\u0131yoruz.&nbsp;<\/p>\n\n\n\n<p>T\u00fcm tedavilerimizi ger\u00e7ekle\u015ftirmek i\u00e7in y\u00fcksek kaliteli dermal dolgular kulland\u0131\u011f\u0131m\u0131z temiz ve samimi bir klinik ortam\u0131m\u0131z var. Hasta bak\u0131m\u0131 bir numaral\u0131 \u00f6nceli\u011fimizdir, bu nedenle her hastaya derinlemesine bir dan\u0131\u015fmanl\u0131k sa\u011fl\u0131yoruz, b\u00f6ylece bizim hakk\u0131m\u0131zda ve nas\u0131l \u00e7al\u0131\u015ft\u0131\u011f\u0131m\u0131z hakk\u0131nda daha fazla bilgi edinebilirler ve ger\u00e7ek profesyonellerin ellerinde olduklar\u0131ndan emin olabilirler.&nbsp;&nbsp;<\/p>\n\n\n\n<p><a href=\"https:\/\/dermaaestheticslondon.com\/tr\/contact\/\">B\u0130ZE ULA\u015eIN<\/a><\/p>\n\n\n\n<h2 class=\"wp-block-heading\" id=\"how-to-find-us\">Bizi nas\u0131l bulabilirsiniz<\/h2>\n\n\n\n<p>Derma Aesthetics London klini\u011fi Harley Street&#039;tedir. Ayr\u0131ca k\u0131sa bir y\u00fcr\u00fcy\u00fc\u015f mesafesindeyiz<\/p>\n\n\n\n<p>Tedavinizin ard\u0131ndan Oxford Caddesi&#039;nde al\u0131\u015fveri\u015f yapabilirsiniz.&nbsp;<\/p>\n\n\n\n<p>Chelsea&#039;den District ve Victoria \u00fczerinden Sloane Square&#039;den Oxford Circus&#039;a metroyla ula\u015fabilirsiniz, bu yakla\u015f\u0131k 20 dakika s\u00fcrer. Oxford Circus Metro \u0130stasyonu&#039;na on dakikal\u0131k y\u00fcr\u00fcme mesafesindeyiz.&nbsp;<\/p>\n\n\n\n<p>Arabayla seyahat ediyorsan\u0131z, Harley Caddesi&#039;nde geni\u015f bir \u00fccretli park yeri mevcuttur.&nbsp;&nbsp;<\/p>\n\n\n\n<h3 class=\"wp-block-heading\" id=\"address\">Adres<\/h3>\n\n\n\n<p>39 Harley Caddesi<br>Londra\u00a0<br>W1G 8QH<\/p>\n\n\n<p><iframe style=\"border: 0;\" src=\"https:\/\/www.google.com\/maps\/embed?pb=!1m14!1m8!1m3!1d9930.899153256332!2d-0.1468513!3d51.5182649!3m2!1i1024!2i768!4f13.1!3m3!1m2!1s0x487611e416322439%3A0xb84cf932b11cbe62!2sDerma%20Aesthetics%20London!5e0!3m2!1sen!2suk!4v1699790340707!5m2!1sen!2suk\" width=\"600\" height=\"450\" allowfullscreen=\"allowfullscreen\"><\/iframe><\/p>\n<h2><span style=\"font-weight: 400;\">Chelsea Hakk\u0131nda<\/span><\/h2>\n<p><span style=\"font-weight: 400;\">Chelsea, Bat\u0131 Londra&#039;da g\u00fczel ve zengin bir b\u00f6lgedir. L\u00fcks ma\u011fazalar\u0131, barlar\u0131 ve restoranlar\u0131yla bilinir ve ayr\u0131ca pop\u00fcler televizyon program\u0131 &#039;Made in Chelsea&#039;nin setidir.\u00a0<\/span><\/p>\n<p><span style=\"font-weight: 400;\">Chelsea ayr\u0131ca sanat galerileri ve Chelsea \u00c7i\u00e7ek Fuar\u0131 ile \u00fcnl\u00fcd\u00fcr. Londra&#039;da merkezi bir konuma sahiptir ve bu da Westminster, Fulham ve Battersea gibi di\u011fer b\u00f6lgelerden ula\u015f\u0131m\u0131 kolayla\u015ft\u0131r\u0131r. <\/span><\/p>","protected":false},"excerpt":{"rendered":"<p>Chelsea&#039;deki en iyi dermal dolgular i\u00e7in Derma Aesthetics London&#039;daki t\u0131p uzmanlar\u0131yla g\u00f6r\u00fc\u015f\u00fcn. Do\u011fal g\u00fczelli\u011finizi art\u0131racak harika sonu\u00e7lar elde etmenize yard\u0131mc\u0131 olabiliriz.\u00a0<\/p>","protected":false},"author":4,"featured_media":1384,"parent":0,"menu_order":70,"comment_status":"closed","ping_status":"closed","template":"","meta":{"_gspb_post_css":"","pgc_sgb_lightbox_settings":"","footnotes":""},"class_list":["post-3599","page","type-page","status-publish","has-post-thumbnail","hentry"],"blocksy_meta":{"page_structure_type":"type-1","styles_descriptor":{"styles":{"desktop":"","tablet":"","mobile":""},"google_fonts":[],"version":6}},"_links":{"self":[{"href":"https:\/\/dermaaestheticslondon.com\/tr\/wp-json\/wp\/v2\/pages\/3599","targetHints":{"allow":["GET"]}}],"collection":[{"href":"https:\/\/dermaaestheticslondon.com\/tr\/wp-json\/wp\/v2\/pages"}],"about":[{"href":"https:\/\/dermaaestheticslondon.com\/tr\/wp-json\/wp\/v2\/types\/page"}],"author":[{"embeddable":true,"href":"https:\/\/dermaaestheticslondon.com\/tr\/wp-json\/wp\/v2\/users\/4"}],"replies":[{"embeddable":true,"href":"https:\/\/dermaaestheticslondon.com\/tr\/wp-json\/wp\/v2\/comments?post=3599"}],"version-history":[{"count":1,"href":"https:\/\/dermaaestheticslondon.com\/tr\/wp-json\/wp\/v2\/pages\/3599\/revisions"}],"predecessor-version":[{"id":3600,"href":"https:\/\/dermaaestheticslondon.com\/tr\/wp-json\/wp\/v2\/pages\/3599\/revisions\/3600"}],"wp:featuredmedia":[{"embeddable":true,"href":"https:\/\/dermaaestheticslondon.com\/tr\/wp-json\/wp\/v2\/media\/1384"}],"wp:attachment":[{"href":"https:\/\/dermaaestheticslondon.com\/tr\/wp-json\/wp\/v2\/media?parent=3599"}],"curies":[{"name":"wp","href":"https:\/\/api.w.org\/{rel}","templated":true}]}}