{"id":3682,"date":"2025-05-16T14:42:57","date_gmt":"2025-05-16T13:42:57","guid":{"rendered":"https:\/\/dermaaestheticslondon.com\/?page_id=3682"},"modified":"2025-05-16T14:42:58","modified_gmt":"2025-05-16T13:42:58","slug":"liquid-facelift-marylebone","status":"publish","type":"page","link":"https:\/\/dermaaestheticslondon.com\/tr\/liquid-facelift-marylebone\/","title":{"rendered":"S\u0131v\u0131 Y\u00fcz Germe Marylebone"},"content":{"rendered":"<p>Ameliyata gerek kalmadan y\u00fcz hatlar\u0131n\u0131z\u0131 geli\u015ftirmek ister misiniz? \u015eimdi bir <strong>Marylebone&#039;da s\u0131v\u0131 y\u00fcz germe<\/strong> Derma Estetik Londra&#039;daki uzman estetik doktorlar\u0131yla.&nbsp;<\/p>\n\n\n\n<p>Londra cilt klini\u011fimiz, \u00e7izgiler, k\u0131r\u0131\u015f\u0131kl\u0131klar ve sark\u0131k cilt gibi ya\u015flanman\u0131n g\u00f6zle g\u00f6r\u00fcl\u00fcr belirtilerini azaltan estetik tedavilerde uzmanla\u015fm\u0131\u015ft\u0131r. <a href=\"https:\/\/dermaaestheticslondon.com\/tr\/treatments\/facial-harmonisation\/\">y\u00fcz uyumu<\/a> Tedaviyle y\u00fcz\u00fcn\u00fcze hacim kazand\u0131rmaya, y\u00fcz\u00fcn\u00fcze yap\u0131 ve tan\u0131m kazand\u0131rmaya, cilt gev\u015fekli\u011fini gidermeye yard\u0131mc\u0131 oluyoruz.&nbsp;&nbsp;<\/p>\n\n\n\n<p>\u00c7ene, \u00e7ene hatt\u0131, burun ve yanak b\u00f6lgesine \u015fekil ve hacim kazand\u0131rmak i\u00e7in enjekte edilebilir tedaviler, \u00f6zellikle dermal dolgular ve k\u0131r\u0131\u015f\u0131kl\u0131k kar\u015f\u0131t\u0131 enjeksiyonlar kullan\u0131yoruz. Genel etki daha dengeli bir y\u00fcz profili ve gen\u00e7 bir g\u00f6r\u00fcn\u00fcmd\u00fcr.&nbsp;<\/p>\n\n\n\n<p>Estetik doktorlar\u0131m\u0131zla bug\u00fcn, on y\u0131l daha gen\u00e7 g\u00f6r\u00fcnmenize yard\u0131mc\u0131 olacak ki\u015fiselle\u015ftirilmi\u015f bir tedavi plan\u0131n\u0131n nas\u0131l olu\u015fturulabilece\u011fi hakk\u0131nda konu\u015fun. Do\u011fal g\u00fczelli\u011finizi art\u0131ran do\u011fal g\u00f6r\u00fcn\u00fcml\u00fc sonu\u00e7lar elde etmenize yard\u0131mc\u0131 olmak i\u00e7in y\u00fcz yap\u0131n\u0131z ve cilt durumunuzla birlikte \u00e7al\u0131\u015f\u0131yoruz.&nbsp;<\/p>\n\n\n\n<p><a href=\"https:\/\/dermaaestheticslondon.com\/tr\/contact\/\">DANI\u015eMA RANDEVUSU ALIN<\/a><\/p>\n\n\n\n<figure class=\"wp-block-image size-full\"><img decoding=\"async\" width=\"667\" height=\"667\" src=\"https:\/\/dermaaestheticslondon.com\/wordpress\/wp-content\/uploads\/2024\/01\/hifu-skin-tightening.webp\" alt=\"Liquid Facelift Marylebone\" class=\"wp-image-1399\" srcset=\"https:\/\/dermaaestheticslondon.com\/wordpress\/wp-content\/uploads\/2024\/01\/hifu-skin-tightening.webp 667w, https:\/\/dermaaestheticslondon.com\/wordpress\/wp-content\/uploads\/2024\/01\/hifu-skin-tightening-300x300.webp 300w, https:\/\/dermaaestheticslondon.com\/wordpress\/wp-content\/uploads\/2024\/01\/hifu-skin-tightening-150x150.webp 150w\" sizes=\"(max-width: 667px) 100vw, 667px\" \/><\/figure>\n\n\n\n<h2 class=\"wp-block-heading\" id=\"non-surgical-facelift-in-marylebone\">Marylebone&#039;da cerrahi olmayan y\u00fcz germe<\/h2>\n\n\n\n<p>Ameliyats\u0131z y\u00fcz germe, \u00e7\u00f6k\u00fck cilt, sark\u0131k cilt ve k\u0131r\u0131\u015f\u0131kl\u0131klar gibi do\u011fal ya\u015flanma s\u00fcrecinin g\u00f6zle g\u00f6r\u00fcl\u00fcr belirtilerini yava\u015flatmaya yard\u0131mc\u0131 olan en iyi se\u00e7eneklerden biridir.&nbsp;<\/p>\n\n\n\n<p>\u0130nvaziv cerrahi prosed\u00fcrlere ihtiya\u00e7 duymadan do\u011fal sonu\u00e7lar elde etmenize yard\u0131mc\u0131 olabilir. Ayr\u0131ca \u00e7ok az veya hi\u00e7 iyile\u015fme s\u00fcresi olmad\u0131\u011f\u0131ndan birka\u00e7 saat i\u00e7inde i\u015fe d\u00f6nebilirsiniz.&nbsp;<\/p>\n\n\n\n<p>Buna genellikle s\u0131v\u0131 y\u00fcz germe diyoruz \u00e7\u00fcnk\u00fc y\u00fcz gen\u00e7le\u015ftirmeye yard\u0131mc\u0131 olmak i\u00e7in dermal dolgu maddeleri ve k\u0131r\u0131\u015f\u0131kl\u0131k kar\u015f\u0131t\u0131 tedavinin bir kar\u0131\u015f\u0131m\u0131n\u0131 kullan\u0131yoruz. Bu tedaviler birlikte y\u00fcze tan\u0131m ekler ve y\u00fcz\u00fc \u015fekillendirir. Sonu\u00e7 olarak, y\u00fcz hatlar\u0131n\u0131zda daha fazla denge elde edersiniz ve daha gen\u00e7 g\u00f6r\u00fcn\u00fcrs\u00fcn\u00fcz.&nbsp;<\/p>\n\n\n\n<h3 class=\"wp-block-heading\" id=\"benefits-of-a-liquid-facelift\">S\u0131v\u0131 y\u00fcz germenin faydalar\u0131&nbsp;<\/h3>\n\n\n\n<p>\u00b7 \u00a0 \u00a0 \u00a0 <strong>Ameliyats\u0131z<\/strong> \u2013 bu, hi\u00e7bir kesi, diki\u015f veya yara izi olmayaca\u011f\u0131 anlam\u0131na gelir<\/p>\n\n\n\n<p>\u00b7 \u00a0 \u00a0 \u00a0 <strong>Minimum kesinti s\u00fcresi<\/strong> \u2013 Ameliyattan daha az iyile\u015fme s\u00fcresi vard\u0131r ve hastalar\u0131n \u00e7o\u011fu birka\u00e7 saat i\u00e7inde normal aktivitelerine geri d\u00f6ner<\/p>\n\n\n\n<p>\u00b7 \u00a0 \u00a0 \u00a0 <strong>An\u0131nda sonu\u00e7lar<\/strong> \u2013 Tedaviden hemen sonra y\u00fcz\u00fcn\u00fczde g\u00f6zle g\u00f6r\u00fcl\u00fcr iyile\u015fmeler g\u00f6rebilirsiniz ve bu iyile\u015fmeler ilerleyen haftalarda da devam edecektir.<\/p>\n\n\n\n<p>\u00b7 \u00a0 \u00a0 \u00a0 <strong>Ki\u015fiye \u00f6zel tedavi <\/strong>\u2013 Cilt endi\u015felerinize ve cilt ihtiya\u00e7lar\u0131n\u0131za g\u00f6re ki\u015fiye \u00f6zel bir tedavi olu\u015fturabiliriz<\/p>\n\n\n\n<p>\u00b7 \u00a0 \u00a0 \u00a0 <strong>Do\u011fal g\u00f6r\u00fcn\u00fcml\u00fc sonu\u00e7lar<\/strong> \u2013 S\u0131v\u0131 y\u00fcz germe, ameliyattan kaynaklanabilecek abart\u0131l\u0131 g\u00f6r\u00fcn\u00fcmden daha sade g\u00f6r\u00fcn\u00fcr<\/p>\n\n\n\n<p>\u00b7 \u00a0 \u00a0 \u00a0 <strong>Y\u00fcz simetrisini art\u0131r\u0131r<\/strong> \u2013 y\u00fcz hatlar\u0131n\u0131za daha fazla denge getirmek i\u00e7in<\/p>\n\n\n\n<p>\u00b7 \u00a0 \u00a0 \u00a0 <strong>\u00c7izgileri ve k\u0131r\u0131\u015f\u0131kl\u0131klar\u0131 azalt\u0131r<\/strong> \u2013 p\u00fcr\u00fczs\u00fcz ve gen\u00e7 bir g\u00f6r\u00fcn\u00fcm i\u00e7in<\/p>\n\n\n\n<p>\u00b7 &nbsp; &nbsp; &nbsp; <strong>Sark\u0131k cildi kald\u0131r\u0131r<\/strong> \u2013 daha gen\u00e7 y\u00fcz hatlar\u0131 i\u00e7in<\/p>\n\n\n\n<h2 class=\"wp-block-heading\" id=\"what-rejuvenation-treatments-are-included-in-a-liquid-facelift\">S\u0131v\u0131 y\u00fcz germe uygulamas\u0131nda hangi gen\u00e7le\u015ftirme tedavileri yer al\u0131r?<\/h2>\n\n\n\n<h3 class=\"wp-block-heading\" id=\"dermal-filler-treatment\">Dermal dolgu tedavisi&nbsp;<\/h3>\n\n\n\n<p><a href=\"https:\/\/dermaaestheticslondon.com\/tr\/treatment-category\/dermal-fillers\/\">Dermal dolgu<\/a> tedaviler, y\u00fczdeki kaybolan hacmi geri kazand\u0131rmak i\u00e7in en pop\u00fcler kozmetik tedaviler aras\u0131ndad\u0131r. Ayr\u0131ca yanaklar ve g\u00f6z altlar\u0131 (g\u00f6zya\u015f\u0131 olu\u011fu) dahil olmak \u00fczere y\u00fcz\u00fcn \u00e7\u00f6k\u00fck b\u00f6lgelerini \u015fekillendirmeye ve tan\u0131mlamaya yard\u0131mc\u0131 olabilirler.&nbsp;<\/p>\n\n\n\n<p>Bunlar, ana maddesi hyaluronik asit olan jel benzeri bir madde kullanan enjekte edilebilir tedavilerdir. Hyaluronik asit, cildi dolgunla\u015ft\u0131rmaya ve nemli tutmaya yard\u0131mc\u0131 olan, ciltte bulunan do\u011fal bir maddedir.<\/p>\n\n\n\n<p>Dermal dolgu tedavisi ciltteki hyaluronik asit seviyelerini art\u0131rmaya yard\u0131mc\u0131 olur. Ayr\u0131ca kolajen \u00fcretimini uyararak zamanla daha s\u0131k\u0131 ve daha gen\u00e7 g\u00f6r\u00fcnen bir cilde yol a\u00e7abilir.&nbsp;<\/p>\n\n\n\n<p>\u015eekillendirme ve tedavide yard\u0131mc\u0131 olmak i\u00e7in birinci s\u0131n\u0131f dermal dolgular kullan\u0131yoruz:<\/p>\n\n\n\n<p>\u00b7 Yanaklar<\/p>\n\n\n\n<p>\u00b7 Dolgun ince dudaklar<\/p>\n\n\n\n<p>\u00b7 Koyu g\u00f6zlerin ve \u00e7\u00f6k\u00fck g\u00f6z alt\u0131 \u00e7ukurlar\u0131n\u0131n g\u00f6r\u00fcn\u00fcm\u00fcn\u00fc azalt\u0131r<\/p>\n\n\n\n<p>\u00b7 Burundaki kamburlu\u011fu azaltmak veya burun ucunu \u015fekillendirmek<\/p>\n\n\n\n<p>\u00b7 Nazolabial k\u0131vr\u0131mlar\u0131 (burun ve a\u011f\u0131z aras\u0131ndaki \u00e7izgiler) en aza indirin<\/p>\n\n\n\n<p>\u00b7 \u00c7ene hatt\u0131na tan\u0131m ekleyin<\/p>\n\n\n\n<p>\u00b7 \u00c7ift \u00e7eneyi tedavi edin veya zay\u0131f bir \u00e7eneye \u015fekil verin<\/p>\n\n\n\n<p>\u00b7 A\u011f\u0131z ve yanak aras\u0131ndaki k\u0131r\u0131\u015f\u0131kl\u0131klar (g\u00fcl\u00fcmseme \u00e7izgileri)<\/p>\n\n\n\n<h3 class=\"wp-block-heading\" id=\"anti-wrinkle-injections\">K\u0131r\u0131\u015f\u0131kl\u0131k kar\u015f\u0131t\u0131 enjeksiyonlar<\/h3>\n\n\n\n<p><a href=\"https:\/\/dermaaestheticslondon.com\/tr\/treatment-category\/anti-wrinkle-treatments\/\">K\u0131r\u0131\u015f\u0131kl\u0131k kar\u015f\u0131t\u0131 tedavi<\/a>K\u0131r\u0131\u015f\u0131kl\u0131k kar\u015f\u0131t\u0131 enjeksiyon olarak da bilinen bu y\u00f6ntem, g\u00f6z \u00e7evresindeki, ka\u015flardaki ve al\u0131ndaki ince \u00e7izgileri ve k\u0131r\u0131\u015f\u0131kl\u0131klar\u0131 azaltman\u0131n g\u00fcvenli bir yoludur.&nbsp;<\/p>\n\n\n\n<p>Bunlar, y\u00fcz kaslar\u0131n\u0131z\u0131 k\u0131sa bir s\u00fcreli\u011fine gev\u015fetmek i\u00e7in botulinum toksini kullanan enjekte edilebilir bir tedavidir. Belirli y\u00fcz kaslar\u0131n\u0131 hedef alarak, g\u00fcl\u00fcmsedi\u011finizde, ka\u015flar\u0131n\u0131z\u0131 \u00e7att\u0131\u011f\u0131n\u0131zda veya g\u00fcld\u00fc\u011f\u00fcn\u00fczde olu\u015fan \u00e7izgilerin ge\u00e7ici olarak g\u00f6r\u00fcnmesini durdurabiliriz.&nbsp;<\/p>\n\n\n\n<p>Baz\u0131lar\u0131n\u0131n s\u00f6yledi\u011fi gibi y\u00fcz\u00fc dondurmazlar. Y\u00fcz kaslar\u0131 3-4 ay boyunca \u00e7al\u0131\u015fmay\u0131 b\u0131rak\u0131r. Bundan sonra normal i\u015flevlerine d\u00f6nerler ve ince \u00e7izgiler yeniden belirmeye ba\u015flar.&nbsp;<\/p>\n\n\n\n<p>Sonu\u00e7lar her zaman hemen g\u00f6r\u00fclmez, \u00e7\u00fcnk\u00fc botulinum toksininin etki etmesi iki haftaya kadar s\u00fcrebilir. Ancak bundan sonra daha az k\u0131r\u0131\u015f\u0131kl\u0131\u011fa sahip daha p\u00fcr\u00fczs\u00fcz bir cilt g\u00f6receksiniz.&nbsp;<\/p>\n\n\n\n<p>A\u015fa\u011f\u0131daki b\u00f6lgeleri tedavi etmek i\u00e7in k\u0131r\u0131\u015f\u0131kl\u0131k kar\u015f\u0131t\u0131 enjeksiyonlar kullan\u0131yoruz:&nbsp;<\/p>\n\n\n\n<p>\u00b7 Al\u0131n \u00e7izgileri<\/p>\n\n\n\n<p>\u00b7 Kaz ayaklar\u0131<\/p>\n\n\n\n<p>\u00b7 Sark\u0131k ka\u015flar<\/p>\n\n\n\n<p>\u00b7 Tav\u015fan \u00e7izgileri<\/p>\n\n\n\n<p>\u00b7 \u00c7ene \u00e7izgileri<\/p>\n\n\n\n<p>\u00b7 A\u011f\u0131z k\u00f6\u015feleri<\/p>\n\n\n\n<h2 class=\"wp-block-heading\" id=\"am-i-suitable-for-a-non-surgical-facelift\">&nbsp;Ameliyats\u0131z y\u00fcz germe operasyonuna uygun muyum?<\/h2>\n\n\n\n<p>\u00c7o\u011fu hasta s\u0131v\u0131 y\u00fcz germe veya cerrahi olmayan y\u00fcz germe i\u00e7in uygundur. Bu tedavileri y\u00fcz \u015feklinize ve ki\u015fisel \u00f6zelliklerinize g\u00f6re uyarlayarak do\u011fal bir g\u00f6r\u00fcn\u00fcm elde ediyoruz.&nbsp;<\/p>\n\n\n\n<p>Ancak hamileyseniz veya emziriyorsan\u0131z, cilt enfeksiyonunuz varsa, \u00f6zel antibiyotik kullan\u0131yorsan\u0131z veya n\u00f6rom\u00fcsk\u00fcler bozukluklar\u0131n\u0131z varsa bu tedavi sizin i\u00e7in uygun olmayacakt\u0131r.&nbsp;<\/p>\n\n\n\n<p>Cilt sorunlar\u0131n\u0131z ve sizin i\u00e7in hangi tedavinin uygun oldu\u011funu \u00f6\u011frenmek i\u00e7in l\u00fctfen bug\u00fcn Londra klini\u011fimizle ileti\u015fime ge\u00e7in.<\/p>\n\n\n\n<h2 class=\"wp-block-heading\" id=\"how-many-treatments-will-i-need\">Ka\u00e7 seansa ihtiyac\u0131m olacak?<\/h2>\n\n\n\n<p>\u0130htiyac\u0131n\u0131z olan seans say\u0131s\u0131 cildinizin ya\u015f\u0131, durumu ve tedaviyi istedi\u011finiz b\u00f6lge say\u0131s\u0131 gibi fakt\u00f6rlere ba\u011fl\u0131 olacakt\u0131r.&nbsp;<\/p>\n\n\n\n<p><br>E\u011fer tedavi plan\u0131n\u0131z\u0131n bir par\u00e7as\u0131 olarak k\u0131r\u0131\u015f\u0131kl\u0131k kar\u015f\u0131t\u0131 tedavi ve dermal dolgu maddeleri g\u00f6r\u00fcyorsan\u0131z, bunlar\u0131 ayn\u0131 anda yapt\u0131ramayabilirsiniz.&nbsp;<\/p>\n\n\n\n<p>Bu, her iki tedaviyi de y\u00fcz\u00fcn\u00fcz\u00fcn ayn\u0131 b\u00f6lgesinde yapt\u0131r\u0131yorsan\u0131z ge\u00e7erlidir. Bu durumda, \u00f6nce ince \u00e7izgileri d\u00fczeltmek i\u00e7in k\u0131r\u0131\u015f\u0131kl\u0131k kar\u015f\u0131t\u0131 tedavi uygular\u0131z. \u0130ki hafta sonra, y\u00fcz hatlar\u0131n\u0131z\u0131 \u015fekillendirmeye ve cilde hacim kazand\u0131rmaya yard\u0131mc\u0131 olmak i\u00e7in dermal dolgular\u0131n\u0131z\u0131 enjekte edece\u011fiz.&nbsp;<\/p>\n\n\n\n<p>Tedavi seans\u0131n\u0131z bir saatten fazla s\u00fcrmeyecek, bu nedenle yo\u011fun bir programa ve i\u015f rutinine uymas\u0131 kolayd\u0131r. Ayr\u0131ca Londra&#039;n\u0131n merkezindeyiz, bu nedenle metroyla kolayca ula\u015fabilirsiniz.<\/p>\n\n\n\n<h2 class=\"wp-block-heading\" id=\"liquid-facelift-results\">S\u0131v\u0131 y\u00fcz germe sonu\u00e7lar\u0131<\/h2>\n\n\n\n<p>Hemen baz\u0131 fark edilir sonu\u00e7lar g\u00f6rmeye ba\u015flayacaks\u0131n\u0131z. Bunlara y\u00fcz\u00fcn\u00fczde daha fazla tan\u0131m ve cildinizde daha dolgun ve nemli bir g\u00f6r\u00fcn\u00fcm dahildir.&nbsp;<\/p>\n\n\n\n<p>Dermal dolgunun tamamen oturmas\u0131 iki haftaya kadar s\u00fcrebilir, bu s\u00fcre i\u00e7inde nihai sonucu g\u00f6r\u00fcrs\u00fcn\u00fcz. Ayn\u0131s\u0131 k\u0131r\u0131\u015f\u0131kl\u0131k kar\u015f\u0131t\u0131 enjeksiyonlar i\u00e7in de ge\u00e7erlidir.&nbsp;<\/p>\n\n\n\n<p>Dermal dolgular 12-24 ay s\u00fcrebilirken, k\u0131r\u0131\u015f\u0131kl\u0131k kar\u015f\u0131t\u0131 tedavi 3-4 ay s\u00fcrer. Sonu\u00e7lar\u0131n\u0131z\u0131n ne kadar s\u00fcrece\u011fi v\u00fccudunuzun tedaviye nas\u0131l tepki verdi\u011fine ve \u00fcr\u00fcnleri ne kadar \u00e7abuk par\u00e7alad\u0131\u011f\u0131na ba\u011fl\u0131 olacakt\u0131r.&nbsp;<\/p>\n\n\n\n<p>Yakla\u015f\u0131k 3-4 ayl\u0131kken botoks, 12-18 ayl\u0131kken de dolgu uygulamalar\u0131 i\u00e7in klini\u011fe tekrar gelmenizi \u00f6neriyoruz.&nbsp;<\/p>\n\n\n\n<h2 class=\"wp-block-heading\" id=\"book-your-consultation-with-the-liquid-facelift-experts-in-marylebone\">Marylebone&#039;daki S\u0131v\u0131 y\u00fcz germe uzmanlar\u0131yla kons\u00fcltasyonunuzu ay\u0131rt\u0131n&nbsp;<\/h2>\n\n\n\n<p>Derma Aesthetics London, Londra&#039;daki en iyi y\u00fcz ve v\u00fccut bak\u0131mlar\u0131 i\u00e7in ba\u015fvuraca\u011f\u0131n\u0131z adrestir. E\u011fitimli doktorlar\u0131m\u0131z ve uygulay\u0131c\u0131lar\u0131m\u0131z dermal dolgulardan lazer tedavilerine kadar her konuda uzmanla\u015fm\u0131\u015ft\u0131r. Cilt tipinize uygun do\u011fru tedaviyi bulman\u0131za ve etkileyici sonu\u00e7lar elde etmenize yard\u0131mc\u0131 olmay\u0131 hedefliyoruz.&nbsp;<\/p>\n\n\n\n<p>S\u0131v\u0131 y\u00fcz germe i\u015fleminin daha gen\u00e7 g\u00f6r\u00fcnen bir cilde sahip olman\u0131za nas\u0131l yard\u0131mc\u0131 olabilece\u011fi hakk\u0131nda daha fazla bilgi edinmek istiyorsan\u0131z, ilk dan\u0131\u015fmanl\u0131\u011f\u0131n\u0131z\u0131 ayarlamak i\u00e7in bug\u00fcn ekibimizle ileti\u015fime ge\u00e7in.&nbsp;<\/p>\n\n\n\n<p><a href=\"https:\/\/dermaaestheticslondon.com\/tr\/contact\/\">\u0130LET\u0130\u015e\u0130ME GE\u00c7\u0130N<\/a><\/p>\n\n\n\n<h2 class=\"wp-block-heading\" id=\"how-to-find-our-london-skin-clinic\">Londra cilt klini\u011fimizi nas\u0131l bulabilirsiniz?&nbsp;<\/h2>\n\n\n\n<p>Derma Aesthetics London klini\u011fi, bir\u00e7ok \u00f6zel sa\u011fl\u0131k ve estetik t\u0131p uzman\u0131n\u0131n bulundu\u011fu Harley Street&#039;te yer almaktad\u0131r. Ayr\u0131ca Avrupa&#039;n\u0131n en yo\u011fun al\u0131\u015fveri\u015f caddelerinden biri olan Oxford Street&#039;e de k\u0131sa bir y\u00fcr\u00fcy\u00fc\u015f mesafesindeyiz.&nbsp;<\/p>\n\n\n\n<p>Marylebone merkezine sadece 5 dakikal\u0131k y\u00fcr\u00fcme mesafesindeyiz. Arabayla seyahat ediyorsan\u0131z, Harley Street&#039;te bol miktarda \u00f6deme ve sergileme park yeri mevcuttur.&nbsp;&nbsp;<\/p>\n\n\n\n<h3 class=\"wp-block-heading\" id=\"address\">Adres<\/h3>\n\n\n\n<p>39 Harley Caddesi<\/p>\n\n\n\n<p>Londra&nbsp;<\/p>\n\n\n\n<p>W1G 8QH<\/p>\n\n\n<p><iframe src=\"https:\/\/www.google.com\/maps\/embed?pb=!1m14!1m8!1m3!1d9930.899153256332!2d-0.1468513!3d51.5182649!3m2!1i1024!2i768!4f13.1!3m3!1m2!1s0x487611e416322439%3A0xb84cf932b11cbe62!2sDerma%20Aesthetics%20London!5e0!3m2!1sen!2suk!4v1699790340707!5m2!1sen!2suk\" width=\"600\" height=\"450\" style=\"border:0;\" allowfullscreen=\"\" loading=\"lazy\" referrerpolicy=\"no-referrer-when-downgrade\"><\/iframe><\/p>\n\n\n<h2 class=\"wp-block-heading\" id=\"about-marylebone\">Marylebone Hakk\u0131nda<\/h2>\n\n\n\n<p>Marylebone, Londra&#039;n\u0131n merkezindeki zengin ve pop\u00fcler bir b\u00f6lgedir. Oxford Caddesi&#039;nin ko\u015fu\u015fturmacas\u0131 ile Regent&#039;s Park&#039;\u0131n ye\u015fil alanlar\u0131 aras\u0131nda yerinizi bulacaks\u0131n\u0131z. G\u00fcrc\u00fc mimarisi ve butik ma\u011fazalar\u0131yla \u00fcnl\u00fcd\u00fcr. \u00c7o\u011fu ki\u015fi Marylebone&#039;u b\u00fcy\u00fck bir \u015fehrin i\u00e7inde k\u00f6y benzeri bir his uyand\u0131ran bir yer olarak tan\u0131mlar.&nbsp;<\/p>\n\n\n\n<p>Marylebone, Londra Metrosu&#039;nun ana hatlar\u0131 \u00fczerinde yer almas\u0131 da dahil olmak \u00fczere m\u00fckemmel ula\u015f\u0131m ba\u011flant\u0131lar\u0131na sahiptir. Bu, onu hem yerel halk hem de ziyaret\u00e7iler i\u00e7in aranan bir yer haline getirir.<\/p>","protected":false},"excerpt":{"rendered":"<p>Londra&#039;da CO2 lazerle cilt yenilemenin sadece birka\u00e7 seansta cildinizin g\u00f6r\u00fcn\u00fcm\u00fcn\u00fc nas\u0131l iyile\u015ftirebilece\u011fini ke\u015ffedin. Derma Aesthetics London&#039;da, doktor liderli\u011findeki ekibimiz kusursuz bir cilde kavu\u015fman\u0131za yard\u0131mc\u0131 olacak lazer tedavileri konusunda uzmand\u0131r.<\/p>","protected":false},"author":4,"featured_media":1399,"parent":0,"menu_order":70,"comment_status":"closed","ping_status":"closed","template":"","meta":{"_gspb_post_css":"","pgc_sgb_lightbox_settings":"","footnotes":""},"class_list":["post-3682","page","type-page","status-publish","has-post-thumbnail","hentry"],"blocksy_meta":{"page_structure_type":"type-1","styles_descriptor":{"styles":{"desktop":"","tablet":"","mobile":""},"google_fonts":[],"version":6}},"_links":{"self":[{"href":"https:\/\/dermaaestheticslondon.com\/tr\/wp-json\/wp\/v2\/pages\/3682","targetHints":{"allow":["GET"]}}],"collection":[{"href":"https:\/\/dermaaestheticslondon.com\/tr\/wp-json\/wp\/v2\/pages"}],"about":[{"href":"https:\/\/dermaaestheticslondon.com\/tr\/wp-json\/wp\/v2\/types\/page"}],"author":[{"embeddable":true,"href":"https:\/\/dermaaestheticslondon.com\/tr\/wp-json\/wp\/v2\/users\/4"}],"replies":[{"embeddable":true,"href":"https:\/\/dermaaestheticslondon.com\/tr\/wp-json\/wp\/v2\/comments?post=3682"}],"version-history":[{"count":1,"href":"https:\/\/dermaaestheticslondon.com\/tr\/wp-json\/wp\/v2\/pages\/3682\/revisions"}],"predecessor-version":[{"id":3683,"href":"https:\/\/dermaaestheticslondon.com\/tr\/wp-json\/wp\/v2\/pages\/3682\/revisions\/3683"}],"wp:featuredmedia":[{"embeddable":true,"href":"https:\/\/dermaaestheticslondon.com\/tr\/wp-json\/wp\/v2\/media\/1399"}],"wp:attachment":[{"href":"https:\/\/dermaaestheticslondon.com\/tr\/wp-json\/wp\/v2\/media?parent=3682"}],"curies":[{"name":"wp","href":"https:\/\/api.w.org\/{rel}","templated":true}]}}