{"id":3836,"date":"2025-06-25T10:58:43","date_gmt":"2025-06-25T09:58:43","guid":{"rendered":"https:\/\/dermaaestheticslondon.com\/?page_id=3836"},"modified":"2025-06-25T10:58:44","modified_gmt":"2025-06-25T09:58:44","slug":"exosomes-treatment-london","status":"publish","type":"page","link":"https:\/\/dermaaestheticslondon.com\/tr\/exosomes-treatment-london\/","title":{"rendered":"Ekzosom Tedavisi Londra"},"content":{"rendered":"<p>Cilt gen\u00e7le\u015ftirme ve sa\u00e7 restorasyonu sa\u011flayan en \u00fcst d\u00fczey tedavi i\u00e7in \u2013 ba\u015fkas\u0131na bakmay\u0131n <strong>Londra&#039;da ekzosom tedavisi<\/strong>.&nbsp;<\/p>\n\n\n\n<p>Derma Estetik Londra&#039;da \u015funlar\u0131 sunuyoruz: <a href=\"https:\/\/dermaaestheticslondon.com\/tr\/treatments\/exosomes-treatment\/\">ekzosom tedavileri<\/a>H\u00fccresel d\u00fczeyde \u00e7al\u0131\u015fan, son teknoloji bir tedavidir. Cilt h\u00fccrelerinizdeki ileti\u015fimi ve onar\u0131m\u0131 iyile\u015ftirmek i\u00e7in k\u00fc\u00e7\u00fck haberciler gibi davran\u0131rlar. Bu da cilt veya sa\u00e7 derisi sa\u011fl\u0131\u011f\u0131n\u0131n iyile\u015fmesine yol a\u00e7ar.&nbsp;<\/p>\n\n\n\n<p>Ekzosom tedavisi; cilt tonu ve dokusunda dengesizlik, iltihaplanma, gev\u015fek cilt ve k\u0131r\u0131\u015f\u0131kl\u0131klar, sa\u00e7 incelmesi gibi pek \u00e7ok farkl\u0131 cilt sorununu tedavi etmeye yard\u0131mc\u0131 olabilir.&nbsp;<\/p>\n\n\n\n<p>Derma Aesthetics London&#039;daki t\u0131p uzmanlar\u0131, ki\u015fiye \u00f6zel ekzosom tedavisi sunmak i\u00e7in hizmetinizdedir. Her hastayla birebir \u00e7al\u0131\u015farak, daha parlak bir cilt veya daha kal\u0131n ve sa\u011fl\u0131kl\u0131 sa\u00e7lara kavu\u015fman\u0131za yard\u0131mc\u0131 olacak ki\u015fiye \u00f6zel bir tedavi plan\u0131 olu\u015fturuyoruz.&nbsp;<\/p>\n\n\n\n<p>Londra&#039;da ekzosom tedavisi hakk\u0131nda daha fazla bilgi edinmek i\u00e7in ilk kons\u00fcltasyonunuzu ayarlamak \u00fczere bizimle ileti\u015fime ge\u00e7in.&nbsp;<\/p>\n\n\n\n<p><a href=\"https:\/\/dermaaestheticslondon.com\/tr\/contact\/\">DANI\u015eMA RANDEVUSU ALIN<\/a><\/p>\n\n\n\n<figure class=\"wp-block-image size-full\"><img decoding=\"async\" width=\"640\" height=\"640\" src=\"https:\/\/dermaaestheticslondon.com\/wordpress\/wp-content\/uploads\/2025\/05\/Exosomes-Treatment.jpeg\" alt=\"Exosomes Treatment\" class=\"wp-image-3705\" srcset=\"https:\/\/dermaaestheticslondon.com\/wordpress\/wp-content\/uploads\/2025\/05\/Exosomes-Treatment.jpeg 640w, https:\/\/dermaaestheticslondon.com\/wordpress\/wp-content\/uploads\/2025\/05\/Exosomes-Treatment-300x300.jpeg 300w, https:\/\/dermaaestheticslondon.com\/wordpress\/wp-content\/uploads\/2025\/05\/Exosomes-Treatment-150x150.jpeg 150w, https:\/\/dermaaestheticslondon.com\/wordpress\/wp-content\/uploads\/2025\/05\/Exosomes-Treatment-12x12.jpeg 12w\" sizes=\"(max-width: 640px) 100vw, 640px\" \/><\/figure>\n\n\n\n<h2 class=\"wp-block-heading\" id=\"what-is-exosome-therapy\">Eksozom tedavisi nedir?<\/h2>\n\n\n\n<p>Ekzosomlar, yeti\u015fkin k\u00f6k h\u00fccrelerden t\u00fcretilen h\u00fccre d\u0131\u015f\u0131 vezik\u00fcller veya k\u00fc\u00e7\u00fck baloncuklard\u0131r. Bu h\u00fccreler, b\u00fcy\u00fcme fakt\u00f6rleri, amino asitler, lipitler ve di\u011fer \u00f6nemli genetik materyaller a\u00e7\u0131s\u0131ndan zengindir.&nbsp;<\/p>\n\n\n\n<p>H\u00fccreler aras\u0131 ileti\u015fimde \u00f6nemli bir rol oynarlar, cilt iyile\u015fmesini, kolajen \u00fcretimini ve cilt dokusu onar\u0131m\u0131n\u0131 desteklerler. Hatta ba\u011f\u0131\u015f\u0131kl\u0131k sisteminizi desteklemeye ve baz\u0131 hastal\u0131klar\u0131 tedavi etmeye bile yard\u0131mc\u0131 olabilirler.&nbsp;<\/p>\n\n\n\n<p>Ekzosomlardaki element kar\u0131\u015f\u0131m\u0131, v\u00fccudun do\u011fal iyile\u015fme s\u00fcre\u00e7lerini uyararak etki ettikleri anlam\u0131na gelir. Bu, yaln\u0131zca genel cilt gen\u00e7le\u015fmesine ve cilt sa\u011fl\u0131\u011f\u0131nda iyile\u015fmeye yol a\u00e7makla kalmaz, ayn\u0131 zamanda sa\u00e7 b\u00fcy\u00fcmesini destekleyebilir ve sa\u00e7 yo\u011funlu\u011funu art\u0131rabilir.&nbsp;<\/p>\n\n\n\n<p>Derma Aesthetics London&#039;da doktorlar\u0131m\u0131z ekzosom terapisini bir par\u00e7as\u0131 olarak kullanabilirler. <a href=\"https:\/\/dermaaestheticslondon.com\/tr\/treatments\/microneedling\/\">mikroi\u011fneleme tedavisi<\/a> Ve <a href=\"https:\/\/dermaaestheticslondon.com\/tr\/treatments\/co2-laser-treatment\/\">lazer cilt tedavileri<\/a>\u00c7\u00fcnk\u00fc cildin onar\u0131m ve iyile\u015fme s\u00fcrecini h\u0131zland\u0131rmaya, k\u0131zar\u0131kl\u0131k ve iltihab\u0131 azaltmaya yard\u0131mc\u0131 olurlar.&nbsp;<\/p>\n\n\n\n<h2 class=\"wp-block-heading\" id=\"exosome-treatments-for-skin-rejuvenation\">Cilt Gen\u00e7le\u015ftirme \u0130\u00e7in Ekzosom Tedavileri<\/h2>\n\n\n\n<p>Londra&#039;daki cilt klini\u011fimizde, \u00e7e\u015fitli cilt sorunlar\u0131n\u0131 hedef alarak ekzosom cilt terapisini kullan\u0131yoruz; bu sayede cilt tonu, cilt dokusu ve cilt nemini iyile\u015ftirmeye yard\u0131mc\u0131 oluyoruz.&nbsp;<\/p>\n\n\n\n<p>Ekzosom tedavisi, kolajen ve elastin \u00fcretimini uyarmaya yard\u0131mc\u0131 olarak \u015funlar\u0131 sa\u011flayabilir:<\/p>\n\n\n\n<p>\u00b7 \u0130nce \u00e7izgilerin ve k\u0131r\u0131\u015f\u0131kl\u0131klar\u0131n g\u00f6r\u00fcn\u00fcm\u00fcn\u00fc azalt\u0131r&nbsp;<\/p>\n\n\n\n<p>\u00b7 Donuk cildi ayd\u0131nlat\u0131r ve cilt parlakl\u0131\u011f\u0131n\u0131 art\u0131r\u0131r&nbsp;<\/p>\n\n\n\n<p>\u00b7 Sa\u011fl\u0131ks\u0131z cilt bariyerini g\u00fc\u00e7lendirir, cilt k\u0131zar\u0131kl\u0131\u011f\u0131n\u0131 azalt\u0131r ve cilt onar\u0131m\u0131n\u0131 uyar\u0131r<\/p>\n\n\n\n<p>\u00b7 Kolajen \u00fcretimi cildi s\u0131k\u0131la\u015ft\u0131r\u0131r ve cilt elastikiyetini art\u0131r\u0131r&nbsp;<\/p>\n\n\n\n<p>\u00b7 Akne izlerini ve di\u011fer yara izlerini en aza indirmeye yard\u0131mc\u0131 olabilir<\/p>\n\n\n\n<p>\u0130ster cildinizi ayd\u0131nlatmak ve cilt dokusunu iyile\u015ftirmek i\u00e7in bir tedavi ar\u0131yor olun, ister g\u00fcl hastal\u0131\u011f\u0131 veya egzama gibi iltihapl\u0131 cilt rahats\u0131zl\u0131klar\u0131n\u0131 y\u00f6netmek istiyorsan\u0131z, ekzosomlar harika bir se\u00e7enek olabilir.<\/p>\n\n\n\n<p><a href=\"https:\/\/dermaaestheticslondon.com\/tr\/contact\/\">\u0130LET\u0130\u015e\u0130ME GE\u00c7\u0130N<\/a><\/p>\n\n\n\n<p>Ekzosom tedavisi ile sa\u00e7 b\u00fcy\u00fcmesi veya sa\u00e7 d\u00f6k\u00fclmesi tedavisi&nbsp;<\/p>\n\n\n\n<p>Sa\u00e7 d\u00f6k\u00fclmesi, sa\u00e7 incelmesi veya sa\u00e7 derisi sa\u011fl\u0131\u011f\u0131n\u0131z\u0131n k\u00f6t\u00fc olmas\u0131 gibi sorunlar ya\u015f\u0131yorsan\u0131z, ekzosom sa\u00e7 tedavileri yard\u0131mc\u0131 olabilir.&nbsp;<\/p>\n\n\n\n<p>Sa\u00e7 d\u00f6k\u00fclmesi tedavileri i\u00e7in art\u0131k cerrahi se\u00e7eneklere ba\u015fvurman\u0131za gerek yok. Ekzosom sa\u00e7 tedavisi, b\u00fcy\u00fcme fakt\u00f6rlerini do\u011frudan sa\u00e7 k\u00f6klerine ileterek \u00e7al\u0131\u015f\u0131r. Sonu\u00e7 olarak, ekzosom tedavileri hasarl\u0131 sa\u00e7 k\u00f6klerinin onar\u0131m\u0131n\u0131 destekleyebilir ve uykuda olan sa\u00e7 k\u00f6klerini aktive edebilir.&nbsp;<\/p>\n\n\n\n<p>Ekzosom tedavisi ile sa\u00e7 restorasyonunun faydalar\u0131 \u015funlard\u0131r:<\/p>\n\n\n\n<p>\u00b7 Sa\u00e7 b\u00fcy\u00fcmesini do\u011fal olarak te\u015fvik edin ve sa\u00e7 yo\u011funlu\u011funu art\u0131r\u0131n<\/p>\n\n\n\n<p>\u00b7 Sa\u00e7 derisi sa\u011fl\u0131\u011f\u0131n\u0131 iyile\u015ftirin&nbsp;<\/p>\n\n\n\n<p>\u00b7 Sa\u00e7\u0131n\u0131z\u0131n kalitesini art\u0131r\u0131n (daha sa\u011fl\u0131kl\u0131 sa\u00e7lar)<\/p>\n\n\n\n<p>\u00b7 Tedavi b\u00f6lgesinde daha fazla sa\u00e7 d\u00f6k\u00fclmesini potansiyel olarak azaltabilir<\/p>\n\n\n\n<p><a href=\"https:\/\/dermaaestheticslondon.com\/tr\/contact\/\">\u0130LET\u0130\u015e\u0130ME GE\u00c7\u0130N<\/a><\/p>\n\n\n\n<h2 class=\"wp-block-heading\" id=\"how-is-exosomes-treatment-different-from-stem-cell-therapy\">Ekzosom tedavisi k\u00f6k h\u00fccre tedavisinden nas\u0131l farkl\u0131d\u0131r?<\/h2>\n\n\n\n<p>Hem k\u00f6k h\u00fccre tedavisi hem de ekzosom tedavileri cilt yenilenmesi ve kolajen \u00fcretimini uyarmak i\u00e7in m\u00fckemmeldir. Ancak ekzosom tedavisinin baz\u0131 y\u00f6nleri onu daha iyi bir se\u00e7enek haline getirir:<\/p>\n\n\n\n<p>\u00b7 Eksozom tedavisi bir <strong>daha geli\u015fmi\u015f tedavi<\/strong> \u2013 k\u00f6k h\u00fccreleri \u00e7\u0131karmam\u0131za veya v\u00fccudunuza enjekte etmemize gerek yok<\/p>\n\n\n\n<p>\u00b7    Orada <strong>minimum kesinti<\/strong> tedavi ve sadece hafif rahats\u0131zl\u0131k ile<\/p>\n\n\n\n<p>\u00b7 Cildinize daha hedefli bir \u015fekilde bak\u0131m sa\u011flaman\u0131n bir yolu <strong>cilt onar\u0131m\u0131 i\u00e7in b\u00fcy\u00fcme fakt\u00f6rleri<\/strong> ve gen\u00e7le\u015fme<\/p>\n\n\n\n<p>\u00b7 Negatif ba\u011f\u0131\u015f\u0131kl\u0131k tepkisi riski ta\u015f\u0131mazlar&nbsp;<\/p>\n\n\n\n<h2 class=\"wp-block-heading\" id=\"exosomes-for-skin-rejuvenation-and-hair-restoration-at-derma-aesthetics-london\">Derma Aesthetics London&#039;da cilt gen\u00e7le\u015ftirme ve sa\u00e7 restorasyonu i\u00e7in ekzosomlar<\/h2>\n\n\n\n<p>Derma Aesthetics London&#039;da, e\u011fitimli doktorlar\u0131m\u0131z ve uygulay\u0131c\u0131lar\u0131m\u0131z, cilt gen\u00e7le\u015ftirme ve sa\u00e7 d\u00f6k\u00fclmesi tedavisi i\u00e7in ekzosom tedavileri konusunda uzmand\u0131r. Her hastaya, \u00f6zel cilt sorunlar\u0131n\u0131, t\u0131bbi ge\u00e7mi\u015fini ve tedaviden beklentilerini de\u011ferlendirerek, ki\u015fiye \u00f6zel bir tedavi plan\u0131 olu\u015fturmaya yard\u0131mc\u0131 olarak, bireysel olarak yakla\u015f\u0131r\u0131z.&nbsp;<\/p>\n\n\n\n<p>Y\u00fcksek kaliteli bak\u0131m ve en iyi tedavi deneyimini ya\u015fayaca\u011f\u0131n\u0131z modern, temiz ve g\u00fcvenli bir klinik ortam\u0131 sunuyoruz. Ayr\u0131ca, donuk ciltten ince \u00e7izgilerden akne izlerine ve g\u00fcne\u015f hasar\u0131na kadar \u00e7e\u015fitli rahats\u0131zl\u0131klar\u0131n tedavisinde uzman\u0131z.&nbsp;<\/p>\n\n\n\n<p>Daha parlak bir cilde veya daha sa\u011fl\u0131kl\u0131 sa\u00e7lara do\u011fru yolculu\u011funuza ba\u015flamaya haz\u0131rsan\u0131z, l\u00fctfen a\u015fa\u011f\u0131daki klinik ekibimizle ileti\u015fime ge\u00e7in.&nbsp;<\/p>\n\n\n\n<p><a href=\"https:\/\/dermaaestheticslondon.com\/tr\/contact\/\">DANI\u015eMA RANDEVUSU ALIN<\/a><\/p>\n\n\n\n<h2 class=\"wp-block-heading\" id=\"how-to-find-our-london-clinic\">Londra klini\u011fimizi nas\u0131l bulabilirsiniz?&nbsp;<\/h2>\n\n\n\n<p>Derma Aesthetics London klini\u011fi, bir\u00e7ok \u00f6zel sa\u011fl\u0131k ve estetik t\u0131p uzman\u0131n\u0131n bulundu\u011fu Harley Caddesi&#039;nde yer almaktad\u0131r. Ayr\u0131ca Oxford Caddesi&#039;ne k\u0131sa bir y\u00fcr\u00fcy\u00fc\u015f mesafesindeyiz, b\u00f6ylece tedavinizden sonra al\u0131\u015fveri\u015fin tad\u0131n\u0131 \u00e7\u0131karabilirsiniz.&nbsp;<\/p>\n\n\n\n<p>Oxford Circus Metro \u0130stasyonu&#039;na on dakikal\u0131k y\u00fcr\u00fcme mesafesindeyiz. E\u011fer otob\u00fcsle seyahat ediyorsan\u0131z<\/p>\n\n\n\n<p>Araban\u0131z varsa, Harley Caddesi&#039;nde geni\u015f bir \u00fccretli otopark alan\u0131 mevcuttur.&nbsp;&nbsp;<\/p>\n\n\n\n<h3 class=\"wp-block-heading\" id=\"address\">Adres<\/h3>\n\n\n\n<p>39 Harley Caddesi<br>Londra&nbsp;<br>W1G 8QH<\/p>\n\n\n<p><iframe style=\"border: 0;\" src=\"https:\/\/www.google.com\/maps\/embed?pb=!1m14!1m8!1m3!1d9930.899153256332!2d-0.1468513!3d51.5182649!3m2!1i1024!2i768!4f13.1!3m3!1m2!1s0x487611e416322439%3A0xb84cf932b11cbe62!2sDerma%20Aesthetics%20London!5e0!3m2!1sen!2suk!4v1699790340707!5m2!1sen!2suk\" width=\"600\" height=\"450\" allowfullscreen=\"allowfullscreen\"><\/iframe><\/p>","protected":false},"excerpt":{"rendered":"<p>Ekzosom tedavisi; cilt tonu ve dokusunda dengesizlik, iltihaplanma, gev\u015fek cilt ve k\u0131r\u0131\u015f\u0131kl\u0131klar, sa\u00e7 incelmesi gibi pek \u00e7ok farkl\u0131 cilt sorununu tedavi etmeye yard\u0131mc\u0131 olabilir. <\/p>","protected":false},"author":4,"featured_media":3705,"parent":0,"menu_order":70,"comment_status":"closed","ping_status":"closed","template":"","meta":{"_gspb_post_css":"","pgc_sgb_lightbox_settings":"","footnotes":""},"class_list":["post-3836","page","type-page","status-publish","has-post-thumbnail","hentry"],"blocksy_meta":{"page_structure_type":"type-1","styles_descriptor":{"styles":{"desktop":"","tablet":"","mobile":""},"google_fonts":[],"version":6}},"_links":{"self":[{"href":"https:\/\/dermaaestheticslondon.com\/tr\/wp-json\/wp\/v2\/pages\/3836","targetHints":{"allow":["GET"]}}],"collection":[{"href":"https:\/\/dermaaestheticslondon.com\/tr\/wp-json\/wp\/v2\/pages"}],"about":[{"href":"https:\/\/dermaaestheticslondon.com\/tr\/wp-json\/wp\/v2\/types\/page"}],"author":[{"embeddable":true,"href":"https:\/\/dermaaestheticslondon.com\/tr\/wp-json\/wp\/v2\/users\/4"}],"replies":[{"embeddable":true,"href":"https:\/\/dermaaestheticslondon.com\/tr\/wp-json\/wp\/v2\/comments?post=3836"}],"version-history":[{"count":1,"href":"https:\/\/dermaaestheticslondon.com\/tr\/wp-json\/wp\/v2\/pages\/3836\/revisions"}],"predecessor-version":[{"id":3837,"href":"https:\/\/dermaaestheticslondon.com\/tr\/wp-json\/wp\/v2\/pages\/3836\/revisions\/3837"}],"wp:featuredmedia":[{"embeddable":true,"href":"https:\/\/dermaaestheticslondon.com\/tr\/wp-json\/wp\/v2\/media\/3705"}],"wp:attachment":[{"href":"https:\/\/dermaaestheticslondon.com\/tr\/wp-json\/wp\/v2\/media?parent=3836"}],"curies":[{"name":"wp","href":"https:\/\/api.w.org\/{rel}","templated":true}]}}