{"id":3893,"date":"2025-07-18T10:55:01","date_gmt":"2025-07-18T09:55:01","guid":{"rendered":"https:\/\/dermaaestheticslondon.com\/?page_id=3893"},"modified":"2025-07-18T10:55:03","modified_gmt":"2025-07-18T09:55:03","slug":"exosomes-treatment-chelsea","status":"publish","type":"page","link":"https:\/\/dermaaestheticslondon.com\/tr\/exosomes-treatment-chelsea\/","title":{"rendered":"Ekzosom Tedavisi Chelsea"},"content":{"rendered":"<p>Genel cilt sa\u011fl\u0131\u011f\u0131n\u0131z\u0131 iyile\u015ftirmek ve ya\u015flanma belirtileriyle m\u00fccadele etmek veya sa\u00e7 b\u00fcy\u00fcmesini te\u015fvik etmek istiyorsan\u0131z, <strong>Chelsea&#039;de ekzosom tedavisi<\/strong> Harika bir \u00e7\u00f6z\u00fcm. Kusursuz bir cilde nas\u0131l kavu\u015faca\u011f\u0131n\u0131z hakk\u0131nda Derma Aesthetics London&#039;daki cilt uzmanlar\u0131yla konu\u015fun.&nbsp;<\/p>\n\n\n\n<p>Londra&#039;n\u0131n merkezindeki klini\u011fimizde \u015funlar\u0131 sunuyoruz: <a href=\"https:\/\/dermaaestheticslondon.com\/tr\/treatments\/exosomes-treatment\/\">ekzosom tedavisi<\/a>H\u00fccre onar\u0131m\u0131n\u0131 ve doku yenilenmesini destekleyen son teknoloji bir tedavi y\u00f6ntemidir. Ekzosomlar, h\u00fccre ileti\u015fimini iyile\u015ftirmek ve hasarl\u0131 cildi onarmak i\u00e7in k\u00fc\u00e7\u00fck haberciler olarak g\u00f6rev yapar. Sonu\u00e7 olarak, daha iyi bir sa\u00e7 derisi veya cilt sa\u011fl\u0131\u011f\u0131na kavu\u015fabilirsiniz.&nbsp;<\/p>\n\n\n\n<p>Chelsea&#039;de ekzosom tedavisi d\u00fc\u015f\u00fcn\u00fcyorsan\u0131z, yolculu\u011funuza ba\u015flamak i\u00e7in daha iyi bir zaman olamaz. Derma Aesthetics London&#039;daki t\u0131bbi ekibimiz, en iyi sonu\u00e7lar\u0131 verecek size \u00f6zel bir tedavi plan\u0131 geli\u015ftirmek i\u00e7in \u00f6zel endi\u015felerinizi de\u011ferlendirecektir.&nbsp;<\/p>\n\n\n\n<p>\u0130ster ince \u00e7izgileri, k\u0131r\u0131\u015f\u0131kl\u0131klar\u0131 ve d\u00fczensiz cilt dokusunu azaltmak, ister sa\u00e7 b\u00fcy\u00fcmesini h\u0131zland\u0131rmak (veya her ikisini birden) isteyin, size yard\u0131mc\u0131 olabiliriz. Kons\u00fcltasyon randevusu almak i\u00e7in bug\u00fcn klini\u011fimizle ileti\u015fime ge\u00e7in.<\/p>\n\n\n\n<p><a href=\"https:\/\/dermaaestheticslondon.com\/tr\/contact\/\">DANI\u015eMA RANDEVUSU ALIN<\/a><\/p>\n\n\n\n<figure class=\"wp-block-image size-full\"><img decoding=\"async\" width=\"640\" height=\"640\" src=\"https:\/\/dermaaestheticslondon.com\/wordpress\/wp-content\/uploads\/2025\/05\/Exosomes-Treatment.jpeg\" alt=\"Exosomes Treatment Chelsea\" class=\"wp-image-3705\" srcset=\"https:\/\/dermaaestheticslondon.com\/wordpress\/wp-content\/uploads\/2025\/05\/Exosomes-Treatment.jpeg 640w, https:\/\/dermaaestheticslondon.com\/wordpress\/wp-content\/uploads\/2025\/05\/Exosomes-Treatment-300x300.jpeg 300w, https:\/\/dermaaestheticslondon.com\/wordpress\/wp-content\/uploads\/2025\/05\/Exosomes-Treatment-150x150.jpeg 150w, https:\/\/dermaaestheticslondon.com\/wordpress\/wp-content\/uploads\/2025\/05\/Exosomes-Treatment-12x12.jpeg 12w\" sizes=\"(max-width: 640px) 100vw, 640px\" \/><\/figure>\n\n\n\n<h2 class=\"wp-block-heading\" id=\"what-is-exosome-therapy\">Eksozom tedavisi nedir?<\/h2>\n\n\n\n<p>Eksozom tedavisi, cilt gen\u00e7le\u015ftirme ve sa\u00e7 restorasyonu i\u00e7in piyasadaki en son teknoloji \u00e7\u00f6z\u00fcmlerden biridir. Peki eksozom tedavisi nedir?<\/p>\n\n\n\n<p>Ekzosomlar, yeti\u015fkin k\u00f6k h\u00fccrelerden geli\u015ftirilen \u00e7ok k\u00fc\u00e7\u00fck vezik\u00fcller veya minik baloncuklard\u0131r. B\u00fcy\u00fcme fakt\u00f6rleri, amino asitler, lipitler ve di\u011fer \u00f6nemli genetik materyaller a\u00e7\u0131s\u0131ndan son derece zengindirler.&nbsp;<\/p>\n\n\n\n<p>H\u00fccresel ileti\u015fimi art\u0131rmaya \u00e7al\u0131\u015f\u0131rlar. Bu \u00f6nemlidir \u00e7\u00fcnk\u00fc hasarl\u0131 cilt h\u00fccrelerinin onar\u0131lmas\u0131na, kolajen ve elastin \u00fcretiminin artmas\u0131na ve cilt dokusu onar\u0131m\u0131n\u0131n uyar\u0131lmas\u0131na yard\u0131mc\u0131 olur. Bu da dolgun g\u00f6r\u00fcnen, daha e\u015fit bir cilt tonuna sahip ve \u0131\u015f\u0131lt\u0131l\u0131 sa\u011fl\u0131kl\u0131 bir cilde yol a\u00e7ar.&nbsp;&nbsp;<\/p>\n\n\n\n<p>Ekzosom tedavisi ayn\u0131 zamanda sa\u00e7 derisinde de \u00e7al\u0131\u015ft\u0131\u011f\u0131 i\u00e7in erken sa\u00e7 d\u00f6k\u00fclmesi veya sa\u00e7 incelmesi ya\u015fayan ki\u015filerde sa\u011fl\u0131kl\u0131 sa\u00e7 b\u00fcy\u00fcmesini destekleyebilir ve sa\u00e7 yo\u011funlu\u011funu art\u0131rabilir.<\/p>\n\n\n\n<p>Derma Aesthetics London&#039;da doktorlar\u0131m\u0131z ekzosom terapisini bir par\u00e7as\u0131 olarak kullanabilirler. <a href=\"https:\/\/dermaaestheticslondon.com\/tr\/treatments\/microneedling\/\">mikroi\u011fneleme<\/a><\/p>\n\n\n\n<p><a href=\"https:\/\/dermaaestheticslondon.com\/tr\/treatments\/microneedling\/\">tedavi<\/a> Ve<a href=\"https:\/\/dermaaestheticslondon.com\/tr\/treatments\/co2-laser-treatment\/\"> lazer cilt tedavileri<\/a>Bu tedavilerin bir kombinasyonu cilt sa\u011fl\u0131\u011f\u0131n\u0131 destekleyebilir<\/p>\n\n\n\n<p>iltihab\u0131 ve k\u0131zar\u0131kl\u0131\u011f\u0131 iyile\u015ftirir ve azalt\u0131r.<\/p>\n\n\n\n<h2 class=\"wp-block-heading\" id=\"how-exosomes-treatment-works\">Ekzosom tedavisi nas\u0131l \u00e7al\u0131\u015f\u0131r?<\/h2>\n\n\n\n<p>Chelsea yak\u0131nlar\u0131ndaki klini\u011fimizde ekzosom tedaviniz s\u0131ras\u0131nda doktorumuz ekzosomlar\u0131 a\u015fa\u011f\u0131daki y\u00f6ntemlerden biriyle uygulayacakt\u0131r:<\/p>\n\n\n\n<p>\u00b7 &nbsp; &nbsp; &nbsp; <strong>Topikal ekzosom serumlar\u0131<\/strong> \u2013 Mikroi\u011fneleme veya lazer tedavisi gibi ba\u015fka bir tedaviden sonra ekzosomlar\u0131 cilde uygulad\u0131\u011f\u0131m\u0131z yer.<br><\/p>\n\n\n\n<p>\u00b7 &nbsp; &nbsp; &nbsp; <strong>Enjekte edilebilir ekzosom tedavisi <\/strong>\u2013 Mikro enjeksiyonlarla hedeflenen cilt gen\u00e7le\u015ftirme, akne izlerini azaltma ve nemlendirme ama\u00e7l\u0131 kullan\u0131l\u0131r.<br><\/p>\n\n\n\n<p>\u00b7 &nbsp; &nbsp; &nbsp; <strong>Kombinasyon ekzosom tedavisi<\/strong> \u2013 Doktorunuzun kollajen sentezini art\u0131rmak i\u00e7in mikroi\u011fneleme ile ekzosomlar\u0131, k\u0131zar\u0131kl\u0131\u011f\u0131 azaltmak ve iyile\u015fmeyi desteklemek i\u00e7in lazer tedavisini veya uyuyan sa\u00e7 k\u00f6klerini uyarmak ve sa\u00e7 b\u00fcy\u00fcmesini te\u015fvik etmek i\u00e7in PRP&#039;yi kullanaca\u011f\u0131 bir y\u00f6ntemdir.&nbsp;<\/p>\n\n\n\n<p>Hastalar\u0131n \u00e7o\u011fu ekzosom tedavisi s\u0131ras\u0131nda \u00e7ok az rahats\u0131zl\u0131k hissetti\u011fini veya hi\u00e7 rahats\u0131zl\u0131k duymad\u0131\u011f\u0131n\u0131 s\u00f6yl\u00fcyor. Ancak, daha rahat hissetmeniz i\u00e7in \u00f6ncelikle tedavi b\u00f6lgesine topikal bir uyu\u015fturucu krem uyguluyoruz.&nbsp;<\/p>\n\n\n\n<p>Tedaviden sonra hafif k\u0131zar\u0131kl\u0131k ve hafif \u015fi\u015flik ya\u015fayabilirsiniz. Bu tamamen normaldir ve 24-48 saat i\u00e7inde ge\u00e7ecektir.<\/p>\n\n\n\n<p>Eksozom tedavisinde iyile\u015fme s\u00fcresi \u00e7ok k\u0131sad\u0131r ve ayn\u0131 g\u00fcn i\u015finize d\u00f6nebilirsiniz.&nbsp;&nbsp;<\/p>\n\n\n\n<h2 class=\"wp-block-heading\" id=\"exosome-treatment-for-rejuvenated-skin\">Gen\u00e7le\u015ftirilmi\u015f cilt i\u00e7in ekzosom tedavisi<\/h2>\n\n\n\n<p>Ekzosomlar, daha sa\u011fl\u0131kl\u0131 bir cilde ve geli\u015fmi\u015f cilt nemine kavu\u015fman\u0131za yard\u0131mc\u0131 olmak i\u00e7in farkl\u0131 cilt sorunlar\u0131yla ba\u015fa \u00e7\u0131kman\u0131za yard\u0131mc\u0131 olabilecek \u00e7ok y\u00f6nl\u00fc bir tedavidir.&nbsp;<\/p>\n\n\n\n<p>B\u00fcy\u00fcme fakt\u00f6rleri ve elastin ve kolajen \u00fcretimi yoluyla bu tedavi \u015funlar\u0131 sa\u011flar:<\/p>\n\n\n\n<p>\u00b7 Cilt dokusunu ve cilt kalitesini iyile\u015ftirin&nbsp;<\/p>\n\n\n\n<p>\u00b7 \u0130nce \u00e7izgileri ve k\u0131r\u0131\u015f\u0131kl\u0131klar\u0131 azalt\u0131n<\/p>\n\n\n\n<p>\u00b7 Cilt bariyerinizi g\u00fc\u00e7lendirin ve h\u00fccre yenilenmesini te\u015fvik edin<\/p>\n\n\n\n<p>\u00b7 Donuk cildi ayd\u0131nlat\u0131r ve d\u00fczensiz cilt tonunu d\u00fczeltir<\/p>\n\n\n\n<p>\u00b7 Cilt gev\u015fekli\u011fini iyile\u015ftirin ve s\u0131k\u0131l\u0131\u011f\u0131 art\u0131r\u0131n<\/p>\n\n\n\n<p>\u00b7 Akne izlerini ve di\u011fer yara izlerini en aza indirin&nbsp;<\/p>\n\n\n\n<p>\u00b7 K\u0131zar\u0131kl\u0131\u011f\u0131 ve g\u00fcne\u015f hasar\u0131n\u0131 azalt\u0131r<\/p>\n\n\n\n<p>Ekzosom tedavisi t\u00fcm cilt tipleri i\u00e7in uygundur. Bu da onu hassas cilde veya rosacea gibi iltihapl\u0131 cilt rahats\u0131zl\u0131klar\u0131na sahip herkes i\u00e7in ideal bir \u00e7\u00f6z\u00fcm haline getirir.&nbsp;&nbsp;<\/p>\n\n\n\n<p><a href=\"https:\/\/dermaaestheticslondon.com\/tr\/contact\/\">\u0130LET\u0130\u015e\u0130ME GE\u00c7\u0130N<\/a><\/p>\n\n\n\n<h2 class=\"wp-block-heading\" id=\"exosome-treatment-for-hair-restoration-and-early-hair-loss\">Sa\u00e7 restorasyonu ve erken sa\u00e7 d\u00f6k\u00fclmesi i\u00e7in ekzosom tedavisi<\/h2>\n\n\n\n<p>Ekzosom tedavisi sadece cilt gen\u00e7le\u015ftirme i\u00e7in de\u011fil, ayn\u0131 zamanda sa\u00e7 incelmesi veya sa\u00e7 d\u00f6k\u00fclmesinin erken belirtileriyle u\u011fra\u015fanlar i\u00e7in de iyi sonu\u00e7 verir.&nbsp;<\/p>\n\n\n\n<p>B\u00fcy\u00fcme fakt\u00f6rlerini do\u011frudan sa\u00e7 k\u00f6klerine ileterek \u00e7al\u0131\u015f\u0131r. Bu, hasarl\u0131 sa\u00e7 k\u00f6klerinin iyile\u015fmesini desteklemeye veya uykuda olan sa\u00e7 k\u00f6klerini harekete ge\u00e7irmeye yard\u0131mc\u0131 olabilir.<\/p>\n\n\n\n<p>Hastalar\u0131m\u0131za yard\u0131mc\u0131 olmak i\u00e7in ekzosomlar\u0131 kullan\u0131yoruz:<\/p>\n\n\n\n<p>\u00b7 Do\u011fal sa\u00e7 uzamas\u0131n\u0131 sa\u011flay\u0131n ve sa\u00e7 yo\u011funlu\u011funu art\u0131r\u0131n<\/p>\n\n\n\n<p>\u00b7 Sa\u00e7 derisi sa\u011fl\u0131\u011f\u0131n\u0131 iyile\u015ftirin<\/p>\n\n\n\n<p>\u00b7 Sa\u00e7\u0131n\u0131z\u0131n kalitesini art\u0131r\u0131n<\/p>\n\n\n\n<p>\u00b7 Tedavi edilen b\u00f6lgede daha fazla sa\u00e7 d\u00f6k\u00fclmesini azaltabilir<\/p>\n\n\n\n<p>Ekzosom tedavisinin sa\u011fl\u0131kl\u0131 sa\u00e7 yeniden uzamas\u0131n\u0131 nas\u0131l destekleyebilece\u011fi hakk\u0131nda daha fazla bilgi edinmek istiyorsan\u0131z Chelsea yak\u0131nlar\u0131ndaki klini\u011fimizle ileti\u015fime ge\u00e7in.&nbsp;<\/p>\n\n\n\n<p><a href=\"https:\/\/dermaaestheticslondon.com\/tr\/contact\/\">\u0130LET\u0130\u015e\u0130ME GE\u00c7\u0130N<\/a><\/p>\n\n\n\n<h2 class=\"wp-block-heading\" id=\"exosome-treatment-results\">Ekzosom tedavisi sonu\u00e7lar\u0131&nbsp;<\/h2>\n\n\n\n<p>Hastalar\u0131m\u0131z\u0131n \u00e7o\u011fu 7 g\u00fcn i\u00e7inde cilt dokusunda, cilt tonunda ve genel cilt sa\u011fl\u0131\u011f\u0131nda iyile\u015fmeler g\u00f6rmektedir. Ancak, nihai sonu\u00e7lar\u0131n\u0131z ciltte elastin ve kolajen \u00fcretimi ba\u015flad\u0131ktan birka\u00e7 hafta sonra ortaya \u00e7\u0131kacakt\u0131r.<\/p>\n\n\n\n<p>Sa\u00e7 ekimi sonras\u0131 sonu\u00e7lar\u0131 genellikle birka\u00e7 ay i\u00e7inde g\u00f6r\u00fcrs\u00fcn\u00fcz. Bunun nedeni, h\u00fccresel ileti\u015fimin ger\u00e7ekle\u015fmesi ve yava\u015f veya uykuda olan sa\u00e7 k\u00f6klerinin aktivitesinin artmas\u0131n\u0131n zaman almas\u0131d\u0131r.<\/p>\n\n\n\n<p>En iyi sonu\u00e7lar\u0131 g\u00f6rmek i\u00e7in birden fazla tedaviye ihtiyac\u0131n\u0131z olacak. Hem gen\u00e7le\u015fmi\u015f cilt hem de sa\u00e7 uzamas\u0131 i\u00e7in 3-4 ekzosom tedavisi \u00f6neriyoruz.&nbsp;&nbsp;<\/p>\n\n\n\n<h2 class=\"wp-block-heading\" id=\"why-choose-derma-aesthetics-london-for-exosomes-treatment-chelsea\">Neden ekzosom tedavisi Chelsea i\u00e7in Derma Aesthetics London&#039;\u0131 se\u00e7melisiniz?<\/h2>\n\n\n\n<p>Derma Aesthetics London olarak, do\u011fal g\u00fczelli\u011finizi art\u0131racak kusursuz g\u00f6r\u00fcn\u00fcml\u00fc bir cilde kavu\u015fman\u0131za yard\u0131mc\u0131 olmay\u0131 taahh\u00fct ediyoruz. Ekzosom tedavilerimizi cildinizin ihtiya\u00e7lar\u0131na ve cilt hedeflerinize g\u00f6re uyarl\u0131yoruz.&nbsp;<\/p>\n\n\n\n<p>Ayr\u0131ca, ki\u015fiye \u00f6zel ekzosom tedavisi konusunda uzun y\u0131llara dayanan deneyime sahip Dr. Raja da dahil olmak \u00fczere yetenekli uygulay\u0131c\u0131lar\u0131m\u0131z\u0131n g\u00fcvenli ellerinde olacaks\u0131n\u0131z. G\u00fcvenli bir tedavi s\u00fcreci ge\u00e7irmenizi ve ayn\u0131 zamanda harika sonu\u00e7lar g\u00f6rmenizi sa\u011flamak i\u00e7in yaln\u0131zca t\u0131bbi s\u0131n\u0131f ekzosom form\u00fclleri kullan\u0131yoruz.<\/p>\n\n\n\n<p>Eksozom tedavisinin cilt kalitenizi ve sa\u00e7 sa\u011fl\u0131\u011f\u0131n\u0131z\u0131 nas\u0131l d\u00f6n\u00fc\u015ft\u00fcrebilece\u011fini ke\u015ffetmeye haz\u0131rsan\u0131z, hi\u00e7bir y\u00fck\u00fcml\u00fcl\u00fck alt\u0131na girmeden bug\u00fcn bizimle ileti\u015fime ge\u00e7in.&nbsp;<\/p>\n\n\n\n<p><a href=\"https:\/\/dermaaestheticslondon.com\/tr\/contact\/\">DANI\u015eMA RANDEVUSU ALIN<\/a><\/p>\n\n\n\n<h2 class=\"wp-block-heading\" id=\"how-to-find-our-clinic-near-chelsea\">Chelsea yak\u0131nlar\u0131ndaki klini\u011fimizi nas\u0131l bulabilirsiniz?&nbsp;<\/h2>\n\n\n\n<p>Derma Aesthetics London klini\u011fi Harley Street&#039;tedir. Ayr\u0131ca k\u0131sa bir y\u00fcr\u00fcy\u00fc\u015f mesafesindeyiz<\/p>\n\n\n\n<p>Tedavinizin ard\u0131ndan Oxford Caddesi&#039;nde al\u0131\u015fveri\u015f yapabilirsiniz.&nbsp;<\/p>\n\n\n\n<p>Chelsea&#039;den District ve Victoria \u00fczerinden Sloane Square&#039;den Oxford Circus&#039;a metroyla ula\u015fabilirsiniz, bu yakla\u015f\u0131k 20 dakika s\u00fcrer. Oxford Circus Metro \u0130stasyonu&#039;na on dakikal\u0131k y\u00fcr\u00fcme mesafesindeyiz.&nbsp;<\/p>\n\n\n\n<p>Arabayla seyahat ediyorsan\u0131z, Harley Caddesi&#039;nde geni\u015f bir \u00fccretli park yeri mevcuttur.&nbsp;&nbsp;<\/p>\n\n\n\n<h3 class=\"wp-block-heading\" id=\"address\">Adres<\/h3>\n\n\n\n<p>39 Harley Caddesi<br>Londra&nbsp;<br>W1G 8QH<\/p>\n\n\n\n<p><\/p>\n\n\n<p><iframe src=\"https:\/\/www.google.com\/maps\/embed?pb=!1m14!1m8!1m3!1d9930.899153256332!2d-0.1468513!3d51.5182649!3m2!1i1024!2i768!4f13.1!3m3!1m2!1s0x487611e416322439%3A0xb84cf932b11cbe62!2sDerma%20Aesthetics%20London!5e0!3m2!1sen!2suk!4v1699790340707!5m2!1sen!2suk\" width=\"600\" height=\"450\" style=\"border:0;\" allowfullscreen=\"\" loading=\"lazy\" referrerpolicy=\"no-referrer-when-downgrade\"><\/iframe><\/p>\n\n\n<h2 class=\"wp-block-heading\" id=\"about-chelsea\">Chelsea Hakk\u0131nda<\/h2>\n\n\n\n<p>Chelsea, Londra&#039;n\u0131n en se\u00e7kin ve g\u00f6zde semtlerinden biridir. Kensington ve Chelsea Kraliyet B\u00f6lgesi&#039;nde yer al\u0131r ve Thames Nehri&#039;nin kuzey k\u0131y\u0131s\u0131nda yer al\u0131r.&nbsp;<\/p>\n\n\n\n<p>Chelsea b\u00f6lgesi, King&#039;s Road \u00fczerindeki l\u00fcks al\u0131\u015fveri\u015f butikleriyle \u00fcnl\u00fcd\u00fcr. Yerli halk ve turistler ayr\u0131ca Saatchi Galerisi&#039;ni ve her y\u0131l d\u00fczenlenen Chelsea \u00c7i\u00e7ek Fuar\u0131&#039;n\u0131 ziyaret etmek i\u00e7in Chelsea&#039;ye ak\u0131n eder.&nbsp;<\/p>\n\n\n\n<p>Ayr\u0131ca Sloane Square ve South Kensington metro istasyonlar\u0131 arac\u0131l\u0131\u011f\u0131yla m\u00fckemmel ula\u015f\u0131m ba\u011flant\u0131lar\u0131 vard\u0131r ve bu sayede Londra&#039;n\u0131n di\u011fer b\u00f6lgelerine kolayca ula\u015fabilirsiniz.<\/p>","protected":false},"excerpt":{"rendered":"<p>Ekzosom tedavisi; cilt tonu ve dokusunda dengesizlik, iltihaplanma, gev\u015fek cilt ve k\u0131r\u0131\u015f\u0131kl\u0131klar, sa\u00e7 incelmesi gibi pek \u00e7ok farkl\u0131 cilt sorununu tedavi etmeye yard\u0131mc\u0131 olabilir. <\/p>","protected":false},"author":4,"featured_media":3705,"parent":0,"menu_order":70,"comment_status":"closed","ping_status":"closed","template":"","meta":{"_gspb_post_css":"","pgc_sgb_lightbox_settings":"","footnotes":""},"class_list":["post-3893","page","type-page","status-publish","has-post-thumbnail","hentry"],"blocksy_meta":{"page_structure_type":"type-1","styles_descriptor":{"styles":{"desktop":"","tablet":"","mobile":""},"google_fonts":[],"version":6}},"_links":{"self":[{"href":"https:\/\/dermaaestheticslondon.com\/tr\/wp-json\/wp\/v2\/pages\/3893","targetHints":{"allow":["GET"]}}],"collection":[{"href":"https:\/\/dermaaestheticslondon.com\/tr\/wp-json\/wp\/v2\/pages"}],"about":[{"href":"https:\/\/dermaaestheticslondon.com\/tr\/wp-json\/wp\/v2\/types\/page"}],"author":[{"embeddable":true,"href":"https:\/\/dermaaestheticslondon.com\/tr\/wp-json\/wp\/v2\/users\/4"}],"replies":[{"embeddable":true,"href":"https:\/\/dermaaestheticslondon.com\/tr\/wp-json\/wp\/v2\/comments?post=3893"}],"version-history":[{"count":2,"href":"https:\/\/dermaaestheticslondon.com\/tr\/wp-json\/wp\/v2\/pages\/3893\/revisions"}],"predecessor-version":[{"id":3895,"href":"https:\/\/dermaaestheticslondon.com\/tr\/wp-json\/wp\/v2\/pages\/3893\/revisions\/3895"}],"wp:featuredmedia":[{"embeddable":true,"href":"https:\/\/dermaaestheticslondon.com\/tr\/wp-json\/wp\/v2\/media\/3705"}],"wp:attachment":[{"href":"https:\/\/dermaaestheticslondon.com\/tr\/wp-json\/wp\/v2\/media?parent=3893"}],"curies":[{"name":"wp","href":"https:\/\/api.w.org\/{rel}","templated":true}]}}