{"id":4012,"date":"2025-08-25T10:19:38","date_gmt":"2025-08-25T09:19:38","guid":{"rendered":"https:\/\/dermaaestheticslondon.com\/?page_id=4012"},"modified":"2025-08-26T11:15:03","modified_gmt":"2025-08-26T10:15:03","slug":"tear-trough-filler-hampstead","status":"publish","type":"page","link":"https:\/\/dermaaestheticslondon.com\/tr\/tear-trough-filler-hampstead\/","title":{"rendered":"G\u00f6zya\u015f\u0131 Olu\u011fu Dolgusu Hampstead"},"content":{"rendered":"<p>Kendinizi dinlenmi\u015f hissetmenize ra\u011fmen yorgun mu g\u00f6r\u00fcn\u00fcyorsunuz? <strong>Hampstead&#039;da g\u00f6zya\u015f\u0131 olu\u011fu dolgusu<\/strong> \u00c7\u00f6z\u00fcm bu olabilir. Derma Estetik&#039;teki cilt uzmanlar\u0131yla g\u00f6r\u00fc\u015ferek daha gen\u00e7 bir g\u00f6r\u00fcn\u00fcme kavu\u015fman\u0131za nas\u0131l yard\u0131mc\u0131 olabilece\u011fimizi \u00f6\u011frenin.<\/p>\n\n\n\n<p>Derma Aesthetics London&#039;da \u015funlar\u0131 sa\u011fl\u0131yoruz: <a href=\"https:\/\/dermaaestheticslondon.com\/tr\/treatments\/tear-trough\/\">g\u00f6zya\u015f\u0131 olu\u011fu dolgusu<\/a> G\u00f6z alt\u0131 b\u00f6lgesindeki hacim kayb\u0131n\u0131 geri kazand\u0131rmaya yard\u0131mc\u0131 olan bir tedavidir. Bu minimal invaziv i\u015flem ayn\u0131 zamanda koyu halkalar\u0131 ve g\u00f6z torbalar\u0131n\u0131 da azalt\u0131r. Bu, sizin i\u00e7in do\u011fal g\u00f6r\u00fcn\u00fcml\u00fc sonu\u00e7larla yenilenmi\u015f bir g\u00f6r\u00fcn\u00fcm anlam\u0131na gelir.&nbsp;<\/p>\n\n\n\n<p>Bat\u0131 Hampstead yak\u0131nlar\u0131ndaki cilt klini\u011fimizde, t\u0131bbi e\u011fitimli ekibimizden biriyle g\u00f6z alt\u0131 \u00e7ukuru tedavinizi ger\u00e7ekle\u015ftireceksiniz. Y\u00fcz yap\u0131n\u0131za uygun ve do\u011fal g\u00fczelli\u011finizi art\u0131ran ki\u015fiye \u00f6zel dermal dolgu tedavileri sunuyoruz.&nbsp;<\/p>\n\n\n\n<p>Hampstead yak\u0131nlar\u0131nda g\u00f6zya\u015f\u0131 olu\u011fu dolgusu i\u00e7in bir kons\u00fcltasyon randevusu alarak daha gen\u00e7 bir g\u00f6z alt\u0131 b\u00f6lgesine do\u011fru yolculu\u011funuza ba\u015flay\u0131n.&nbsp;&nbsp;<\/p>\n\n\n\n<p><a href=\"https:\/\/dermaaestheticslondon.com\/tr\/contact\/\">DANI\u015eMA RANDEVUSU ALIN<\/a><\/p>\n\n\n\n<figure class=\"wp-block-image size-full\"><img decoding=\"async\" width=\"654\" height=\"654\" src=\"https:\/\/dermaaestheticslondon.com\/wordpress\/wp-content\/uploads\/2024\/01\/light-eyes.webp\" alt=\"Tear Trough Filler Hampstead\" class=\"wp-image-1382\" srcset=\"https:\/\/dermaaestheticslondon.com\/wordpress\/wp-content\/uploads\/2024\/01\/light-eyes.webp 654w, https:\/\/dermaaestheticslondon.com\/wordpress\/wp-content\/uploads\/2024\/01\/light-eyes-300x300.webp 300w, https:\/\/dermaaestheticslondon.com\/wordpress\/wp-content\/uploads\/2024\/01\/light-eyes-150x150.webp 150w\" sizes=\"(max-width: 654px) 100vw, 654px\" \/><\/figure>\n\n\n\n<h2 class=\"wp-block-heading\" id=\"what-is-tear-trough-filler-treatment\">G\u00f6z alt\u0131 dolgusu tedavisi nedir?<\/h2>\n\n\n\n<p>G\u00f6z alt\u0131 dolgusu, g\u00f6z alt\u0131 b\u00f6lgesi (g\u00f6zya\u015f\u0131 olu\u011fu) i\u00e7in \u00f6zel olarak yap\u0131lan bir t\u00fcr dermal dolgu tedavisidir.&nbsp;<\/p>\n\n\n\n<p>Ya\u015fland\u0131k\u00e7a veya g\u00fcne\u015fe maruz kalma ve modern ya\u015fam tarz\u0131 nedeniyle g\u00f6z \u00e7evresinde koyu halkalar ve \u00e7\u00f6k\u00fcnt\u00fcler olu\u015fmaya ba\u015flar.&nbsp;<\/p>\n\n\n\n<p>G\u00f6z alt\u0131 dolgusu veya g\u00f6z alt\u0131 \u00e7ukuru tedavisi, g\u00f6z alt\u0131ndaki \u00e7\u00f6k\u00fckl\u00fck ve hacim kayb\u0131n\u0131 gidermeye yard\u0131mc\u0131 olur. Sonu\u00e7 olarak, b\u00f6lge daha dolgun ve gen\u00e7 g\u00f6r\u00fcn\u00fcr.&nbsp;<\/p>\n\n\n\n<p>Dermal dolgular\u0131n i\u00e7eri\u011finde de ana madde olarak hyaluronik asit bulundu\u011fundan, alt g\u00f6z \u00e7evresini nemlendirerek koyu halkalar\u0131n ve g\u00f6lgelerin en aza indirilmesine de yard\u0131mc\u0131 olurlar.&nbsp;<\/p>\n\n\n\n<p>G\u00f6zya\u015f\u0131 olu\u011funa az miktarda dolgu enjekte ederek, kaybedilen hacmi geri kazand\u0131rabilir ve \u00fcst yana\u011f\u0131 ve alt g\u00f6z kapa\u011f\u0131n\u0131 destekleyebiliriz. Bu, g\u00f6z altlar\u0131n\u0131n daha ayd\u0131nl\u0131k olmas\u0131n\u0131 ve genel olarak y\u00fcz\u00fcn gen\u00e7le\u015fmesini sa\u011flar.<\/p>\n\n\n\n<h2 class=\"wp-block-heading\" id=\"how-do-tear-trough-fillers-work\">G\u00f6zya\u015f\u0131 olu\u011fu dolgular\u0131 nas\u0131l \u00e7al\u0131\u015f\u0131r?<\/h2>\n\n\n\n<p>G\u00f6zya\u015f\u0131 olu\u011fu dolgusu yolculu\u011funuzun ilk ad\u0131m\u0131, Hampstead yak\u0131nlar\u0131ndaki klini\u011fimizde bir kons\u00fcltasyona kat\u0131lmakt\u0131r. Bu, doktorumuzun cilt durumunuzu, y\u00fcz yap\u0131n\u0131z\u0131 ve y\u00fcz hatlar\u0131n\u0131z\u0131 de\u011ferlendirmesine olanak tan\u0131r. Bu sayede, size \u00f6zel bir g\u00f6zya\u015f\u0131 olu\u011fu dolgusu tedavi plan\u0131 geli\u015ftirebiliriz.<\/p>\n\n\n\n<p>G\u00f6zya\u015f\u0131 olu\u011fu dolgusu randevunuz s\u0131ras\u0131nda, \u00f6ncelikle g\u00f6zya\u015f\u0131 olu\u011fu b\u00f6lgesine uyu\u015fturucu bir krem uygulayaca\u011f\u0131z. Bu, enjeksiyonlardan kaynaklanan rahats\u0131zl\u0131\u011f\u0131 en aza indirmeye yard\u0131mc\u0131 olacakt\u0131r.&nbsp;<\/p>\n\n\n\n<p>Doktorunuz, dermal dolgular\u0131 alt g\u00f6z b\u00f6lgesine enjekte etmek i\u00e7in ince bir i\u011fne veya kan\u00fcl kullanacakt\u0131r. G\u00f6z alt\u0131 dolgular\u0131, g\u00f6z alt\u0131ndaki hassas cildi nazik\u00e7e kald\u0131r\u0131p dolgunla\u015ft\u0131rarak etki eder.&nbsp;<\/p>\n\n\n\n<p>Dermal dolgulardaki hyaluronik asit, cildi nemlendirmek i\u00e7in suyu \u00e7eker ve kolajen \u00fcretimini uyarabilir. Sonu\u00e7 olarak, cilt elastikiyetinde iyile\u015fme ve g\u00f6z alt\u0131ndaki \u00e7\u00f6k\u00fck b\u00f6lgede do\u011fal bir dolgunluk g\u00f6receksiniz.&nbsp;<\/p>\n\n\n\n<p>Tedavi en fazla 30 dakika s\u00fcrer ve iyile\u015fme s\u00fcresi minimumdur. Hafif bir \u015fi\u015flik veya k\u0131zar\u0131kl\u0131k hissedebilirsiniz, ancak bunlar birka\u00e7 saat i\u00e7inde ge\u00e7ecektir.&nbsp;<\/p>\n\n\n\n<h2 class=\"wp-block-heading\" id=\"tear-trough-filler-results\">G\u00f6zya\u015f\u0131 olu\u011fu dolgusunun sonu\u00e7lar\u0131&nbsp;<\/h2>\n\n\n\n<p>G\u00f6zya\u015f\u0131 oluklar\u0131n\u0131n dolgunlu\u011funda ve cildin parlakl\u0131\u011f\u0131nda an\u0131nda bir iyile\u015fme fark edeceksiniz. Ancak dolgular\u0131n yerle\u015fmesi ve nihai sonu\u00e7lar\u0131n ortaya \u00e7\u0131kmas\u0131 iki haftaya kadar s\u00fcrebilir.<\/p>\n\n\n\n<p>Derma Aesthetics London&#039;da, sorunsuz bir iyile\u015fme s\u00fcreci ge\u00e7irmenize ve g\u00f6zya\u015f\u0131 olu\u011fu tedavinizden en iyi \u015fekilde yararlanman\u0131za yard\u0131mc\u0131 olmak i\u00e7in ayr\u0131nt\u0131l\u0131 bak\u0131m talimatlar\u0131 da sa\u011fl\u0131yoruz.<\/p>\n\n\n\n<p>Hastalar\u0131m\u0131z\u0131n \u00e7o\u011fu, g\u00f6z alt\u0131 dolgusunun 12-16 ay boyunca kal\u0131c\u0131 oldu\u011funu g\u00f6rmektedir. Bu s\u00fcre, v\u00fccudunuzun dermal dolgulara nas\u0131l tepki verdi\u011fine ve dolgular\u0131n ne kadar \u00e7abuk par\u00e7aland\u0131\u011f\u0131na ba\u011fl\u0131 olacakt\u0131r.<\/p>\n\n\n\n<p>Sonu\u00e7lar\u0131n\u0131z\u0131 koruyabilmeniz i\u00e7in, 12. ayda klini\u011fimize tekrar gelerek takviye tedavisi yapt\u0131rman\u0131z\u0131 \u00f6neririz.&nbsp;<\/p>\n\n\n\n<h2 class=\"wp-block-heading\" id=\"what-other-areas-can-i-have-dermal-fillers-in\">Dermal dolguyu ba\u015fka hangi b\u00f6lgelere yapt\u0131rabilirim?<\/h2>\n\n\n\n<p>Hampstead yak\u0131nlar\u0131ndaki klini\u011fimizde sadece g\u00f6z alt\u0131 morluklar\u0131na y\u00f6nelik dermal dolgular sunmakla kalm\u0131yor, ayn\u0131 zamanda y\u00fcz hatlar\u0131n\u0131z\u0131 g\u00fczelle\u015ftirmek ve y\u00fcz\u00fcn\u00fcze denge kazand\u0131rmak i\u00e7in \u00e7e\u015fitli dolgu tedavileri de sa\u011fl\u0131yoruz.<\/p>\n\n\n\n<p>Di\u011fer dermal dolgu tedavileri \u015funlard\u0131r:<\/p>\n\n\n\n<ul class=\"wp-block-list\">\n<li><strong>Nazolabial k\u0131vr\u0131mlar<\/strong> \u2013 burundan a\u011f\u0131z k\u00f6\u015felerine do\u011fru \u00e7izgileri ve k\u0131r\u0131\u015f\u0131kl\u0131klar\u0131 yumu\u015fat\u0131r<\/li>\n\n\n\n<li><strong>Kukla \u00e7izgileri<\/strong> \u2013 a\u011f\u0131zdan \u00e7eneye do\u011fru \u00e7izgileri azaltmak<\/li>\n\n\n\n<li><strong>\u00dcst yanak<\/strong> \u2013 hacim kazand\u0131rmak ve sark\u0131k cildi kald\u0131rmak<\/li>\n\n\n\n<li><strong>\u00c7ene ve \u00e7ene hatt\u0131<\/strong> \u2013 \u00c7eneyi belirginle\u015ftirmek ve konturlamak ve \u00e7ift \u00e7ene g\u00f6r\u00fcn\u00fcm\u00fcn\u00fc azaltmak<\/li>\n\n\n\n<li><strong>Dudaklar<\/strong> \u2013 a\u011f\u0131z b\u00f6lgesine \u015fekil vermek, hacim kazand\u0131rmak ve belirginle\u015ftirmek<\/li>\n<\/ul>\n\n\n\n<p><a href=\"https:\/\/dermaaestheticslondon.com\/tr\/treatment-category\/dermal-fillers\/\">DERMAL DOLGU TEDAV\u0130LER\u0130N\u0130N TAM L\u0130STES\u0130<\/a><\/p>\n\n\n\n<h2 class=\"wp-block-heading\" id=\"combine-tear-trough-fillers-with-other-facial-rejuvenation-treatments\">G\u00f6zya\u015f\u0131 olu\u011fu dolgular\u0131n\u0131 di\u011fer y\u00fcz gen\u00e7le\u015ftirme tedavileriyle birle\u015ftirin<\/h2>\n\n\n\n<p>En iyi \u015fekilde g\u00f6r\u00fcnmenize ve hissetmenize yard\u0131mc\u0131 olmak i\u00e7in, g\u00f6zya\u015f\u0131 olu\u011fu dolgular\u0131n\u0131 di\u011fer cerrahi olmayan tedavilerimizden baz\u0131lar\u0131yla birle\u015ftirebiliriz:<\/p>\n\n\n\n<p>\u00b7 &nbsp; &nbsp; &nbsp; <strong>HydraFacial <\/strong>\u2013 bir ders <a href=\"https:\/\/dermaaestheticslondon.com\/tr\/treatments\/hydrafacial\/\">HydraFacial tedavileri<\/a> Cilt dokusunu ve cilt tonunu iyile\u015ftirmeye yard\u0131mc\u0131 olarak cildinizin parlamas\u0131n\u0131 sa\u011flar.<\/p>\n\n\n\n<p>\u00b7 &nbsp; &nbsp; &nbsp; <strong>K\u0131r\u0131\u015f\u0131kl\u0131k kar\u015f\u0131t\u0131 tedavi <\/strong>- bunlar <a href=\"https:\/\/dermaaestheticslondon.com\/tr\/treatments\/anti-wrinkle-treatment\/\">enjeksiyonlar<\/a> \u0130nce \u00e7izgileri ve k\u0131r\u0131\u015f\u0131kl\u0131klar\u0131 azaltmaya yard\u0131mc\u0131 olur.<\/p>\n\n\n\n<p>\u00b7 &nbsp; &nbsp; &nbsp; <strong>Mikroi\u011fneleme <\/strong>\u2013 kullan\u0131yoruz <a href=\"https:\/\/dermaaestheticslondon.com\/tr\/treatments\/microneedling\/\">mikroi\u011fneleme<\/a> kolajen \u00fcretimini art\u0131rmak ve cildi s\u0131k\u0131la\u015ft\u0131rmak i\u00e7in.<\/p>\n\n\n\n<p>Kons\u00fcltasyonunuz s\u0131ras\u0131nda cildiniz i\u00e7in hangi tedavi t\u00fcrlerinin en iyi sonucu verece\u011fini ve size tam cilt gen\u00e7le\u015ftirme sonu\u00e7lar\u0131 verece\u011fiz.&nbsp;<\/p>\n\n\n\n<p><a href=\"https:\/\/dermaaestheticslondon.com\/tr\/contact\/\">B\u0130ZE ULA\u015eIN<\/a><\/p>\n\n\n\n<p>Neden Hampstead yak\u0131nlar\u0131ndaki Derma Aesthetics London&#039;\u0131 se\u00e7melisiniz?<\/p>\n\n\n\n<p>Derma Aesthetics London, Londra&#039;n\u0131n merkezinde, West Hampstead&#039;a yak\u0131n bir konumda yer almaktad\u0131r. G\u00fcvenli ve etkili dermal dolgu tedavileri sunan g\u00fcvenilir bir estetik klini\u011fiyiz.<\/p>\n\n\n\n<p>M\u00fc\u015fterilerimiz bizi \u015fu sebeplerden dolay\u0131 tercih ediyor:<\/p>\n\n\n\n<p>\u00b7 T\u0131bbi s\u0131n\u0131f \u00fcr\u00fcnler ve geli\u015fmi\u015f enjeksiyon teknikleri kullan\u0131yoruz<\/p>\n\n\n\n<p>\u00b7 Y\u00fcz yap\u0131n\u0131za g\u00f6re size \u00f6zel bir tedavi plan\u0131 al\u0131rs\u0131n\u0131z.<\/p>\n\n\n\n<p>\u00b7 Ekibimiz profesyonel e\u011fitim alm\u0131\u015f t\u0131p uzmanlar\u0131ndan olu\u015fmaktad\u0131r.&nbsp;<\/p>\n\n\n\n<p>\u00b7 Sonras\u0131nda bak\u0131m deste\u011fi de dahil olmak \u00fczere uzman bak\u0131m\u0131 al\u0131rs\u0131n\u0131z<\/p>\n\n\n\n<p>\u00b7 Tedavilerimiz do\u011fal g\u00f6r\u00fcn\u00fcml\u00fc sonu\u00e7lar elde etmenize yard\u0131mc\u0131 olacak \u015fekilde tasarlanm\u0131\u015ft\u0131r<\/p>\n\n\n\n<p>Klini\u011fimize yeni gelmi\u015f olun ya da tekrar bizimle \u00e7al\u0131\u015fmaya devam ediyor olun, yolculu\u011funuzun her a\u015famas\u0131nda size destek olaca\u011f\u0131z.&nbsp;<\/p>\n\n\n\n<h2 class=\"wp-block-heading\" id=\"book-your-tear-trough-filler-consultation\">G\u00f6zya\u015f\u0131 olu\u011fu dolgusu dan\u0131\u015fmanl\u0131\u011f\u0131n\u0131z\u0131 ay\u0131rt\u0131n&nbsp;<\/h2>\n\n\n\n<p>G\u00f6zalt\u0131 dolgular\u0131, g\u00f6z alt\u0131 torbalar\u0131n\u0131 azaltma, koyu halkalar\u0131 ayd\u0131nlatma ve g\u00f6z alt\u0131 hacmini geri kazand\u0131rma yetene\u011fine sahiptir. Dermal dolgular\u0131n incelikli ama etkili sonu\u00e7lar elde etmenize nas\u0131l yard\u0131mc\u0131 olabilece\u011fi hakk\u0131nda daha fazla bilgi edinmek i\u00e7in a\u015fa\u011f\u0131daki ekibimizle ileti\u015fime ge\u00e7in.&nbsp;<\/p>\n\n\n\n<p><a href=\"https:\/\/dermaaestheticslondon.com\/tr\/contact\/\">\u0130LET\u0130\u015e\u0130ME GE\u00c7\u0130N<\/a><\/p>\n\n\n\n<h2 class=\"wp-block-heading\" id=\"how-to-find-our-clinic-near-hampstead\">Hampstead yak\u0131nlar\u0131ndaki klini\u011fimizi nas\u0131l bulabilirsiniz?<\/h2>\n\n\n\n<p>Derma Aesthetics London klini\u011fi, \u00e7ok say\u0131da \u00f6zel sa\u011fl\u0131k ve estetik t\u0131p uzman\u0131n\u0131n bulundu\u011fu Harley Street&#039;te yer almaktad\u0131r. Ayr\u0131ca Oxford Street&#039;e k\u0131sa bir y\u00fcr\u00fcy\u00fc\u015f mesafesindeyiz, b\u00f6ylece tedavinizden sonra al\u0131\u015fveri\u015fin tad\u0131n\u0131 \u00e7\u0131karabilirsiniz.&nbsp;<\/p>\n\n\n\n<p>Hampstead&#039;den Warren Street&#039;e 12 dakikada metroyla Northern Line&#039;a ula\u015fabilirsiniz ve Warren Street istasyonuna yakla\u015f\u0131k 20 dakikal\u0131k y\u00fcr\u00fcme mesafesindeyiz.&nbsp;<\/p>\n\n\n\n<p>Arabayla seyahat ediyorsan\u0131z, Hampstead&#039;a sadece 20 dakika uzakl\u0131ktay\u0131z ve Harley Caddesi&#039;nde geni\u015f bir \u00fccretli park yeri mevcut.&nbsp;&nbsp;<\/p>\n\n\n\n<h3 class=\"wp-block-heading\" id=\"address\">Adres<\/h3>\n\n\n\n<p>39 Harley St Londra&nbsp;<br>W1G 8QH<\/p>\n\n\n<p><iframe style=\"border: 0;\" src=\"https:\/\/www.google.com\/maps\/embed?pb=!1m14!1m8!1m3!1d9930.899153256332!2d-0.1468513!3d51.5182649!3m2!1i1024!2i768!4f13.1!3m3!1m2!1s0x487611e416322439%3A0xb84cf932b11cbe62!2sDerma%20Aesthetics%20London!5e0!3m2!1sen!2suk!4v1699790340707!5m2!1sen!2suk\" width=\"100%\" height=\"450\" allowfullscreen=\"allowfullscreen\"><\/iframe><\/p>\n<h2><span style=\"font-weight: 400;\">Hampstead Hakk\u0131nda\u00a0<\/span><\/h2>\n<p><span style=\"font-weight: 400;\">Hampstead, Kuzey Bat\u0131 Londra&#039;da ya\u015famak i\u00e7in en cazip b\u00f6lgelerden biridir. Tarihi cazibesi ve canl\u0131 k\u00fclt\u00fcrel ortam\u0131yla harika bir uyum i\u00e7indedir.<\/span><\/p>\n<p><span style=\"font-weight: 400;\">Hampstead b\u00f6lgesi, Londra&#039;n\u0131n kalbinde kendine \u00f6zg\u00fc bir k\u00f6y atmosferine sahiptir. En \u00fcnl\u00fc simge yap\u0131lar\u0131ndan biri, Parlamento Tepesi manzaral\u0131 muhte\u015fem bir ye\u015fil alan olan Hampstead Heath&#039;tir.\u00a0<\/span><\/p>\n<p><span style=\"font-weight: 400;\">Hampstead ayr\u0131ca Hampstead Metro \u0130stasyonu ve West Hampstead Yer\u00fcst\u00fc Treni ile m\u00fckemmel ula\u015f\u0131m ba\u011flant\u0131lar\u0131na sahiptir. Bu, Londra&#039;n\u0131n daha fazla b\u00f6lgesine kolayca ula\u015fabilece\u011finiz anlam\u0131na gelir. <\/span><\/p>","protected":false},"excerpt":{"rendered":"<p>Kendinizi dinlenmi\u015f hissetmenize ra\u011fmen yorgun mu g\u00f6r\u00fcn\u00fcyorsunuz? Hampstead&#039;daki g\u00f6z alt\u0131 dolgusu \u00e7\u00f6z\u00fcm olabilir. Derma Aesthetics&#039;teki cilt uzmanlar\u0131yla g\u00f6r\u00fc\u015ferek daha gen\u00e7 bir g\u00f6r\u00fcn\u00fcme kavu\u015fman\u0131za nas\u0131l yard\u0131mc\u0131 olabilece\u011fimizi \u00f6\u011frenin.<\/p>","protected":false},"author":4,"featured_media":1382,"parent":0,"menu_order":70,"comment_status":"closed","ping_status":"closed","template":"","meta":{"_gspb_post_css":"","pgc_sgb_lightbox_settings":"","footnotes":""},"class_list":["post-4012","page","type-page","status-publish","has-post-thumbnail","hentry"],"blocksy_meta":{"page_structure_type":"type-1","styles_descriptor":{"styles":{"desktop":"","tablet":"","mobile":""},"google_fonts":[],"version":6}},"_links":{"self":[{"href":"https:\/\/dermaaestheticslondon.com\/tr\/wp-json\/wp\/v2\/pages\/4012","targetHints":{"allow":["GET"]}}],"collection":[{"href":"https:\/\/dermaaestheticslondon.com\/tr\/wp-json\/wp\/v2\/pages"}],"about":[{"href":"https:\/\/dermaaestheticslondon.com\/tr\/wp-json\/wp\/v2\/types\/page"}],"author":[{"embeddable":true,"href":"https:\/\/dermaaestheticslondon.com\/tr\/wp-json\/wp\/v2\/users\/4"}],"replies":[{"embeddable":true,"href":"https:\/\/dermaaestheticslondon.com\/tr\/wp-json\/wp\/v2\/comments?post=4012"}],"version-history":[{"count":4,"href":"https:\/\/dermaaestheticslondon.com\/tr\/wp-json\/wp\/v2\/pages\/4012\/revisions"}],"predecessor-version":[{"id":4021,"href":"https:\/\/dermaaestheticslondon.com\/tr\/wp-json\/wp\/v2\/pages\/4012\/revisions\/4021"}],"wp:featuredmedia":[{"embeddable":true,"href":"https:\/\/dermaaestheticslondon.com\/tr\/wp-json\/wp\/v2\/media\/1382"}],"wp:attachment":[{"href":"https:\/\/dermaaestheticslondon.com\/tr\/wp-json\/wp\/v2\/media?parent=4012"}],"curies":[{"name":"wp","href":"https:\/\/api.w.org\/{rel}","templated":true}]}}