{"id":4131,"date":"2025-09-18T13:07:42","date_gmt":"2025-09-18T12:07:42","guid":{"rendered":"https:\/\/dermaaestheticslondon.com\/?page_id=4131"},"modified":"2025-09-18T13:07:43","modified_gmt":"2025-09-18T12:07:43","slug":"endolift-marylebone","status":"publish","type":"page","link":"https:\/\/dermaaestheticslondon.com\/tr\/endolift-marylebone\/","title":{"rendered":"Endolift Marylebone"},"content":{"rendered":"<p>Derma Aesthetics London&#039;da Marylebone&#039;daki Endolift uygulamas\u0131yla sark\u0131k deriyi s\u0131k\u0131la\u015ft\u0131r\u0131n ve y\u00fcz hatlar\u0131n\u0131z\u0131 \u015fekillendirin.&nbsp;<\/p>\n\n\n\n<p>Londra&#039;n\u0131n merkezindeki cilt klini\u011fimizde, <a href=\"https:\/\/dermaaestheticslondon.com\/tr\/treatments\/endolift\/\">Endolift tedavisi<\/a>, cilt s\u0131k\u0131la\u015ft\u0131rma ve ya\u011f azaltmada son teknoloji bir tedavidir.&nbsp;<\/p>\n\n\n\n<p>Lazer enerjisi kullanarak fazla ya\u011f h\u00fccrelerini ve sark\u0131k cildi hedef al\u0131rken, ayn\u0131 zamanda ciltteki kolajen \u00fcretimini de art\u0131r\u0131r. Bu, cilt gev\u015fekli\u011fini ve cilt dokusunu iyile\u015ftirmeye yard\u0131mc\u0131 olur ve size dolgun ve s\u0131k\u0131 bir cilt kazand\u0131r\u0131r.&nbsp;<\/p>\n\n\n\n<p>Derma Aesthetics London, Marylebone yak\u0131nlar\u0131nda lider bir estetik klini\u011fidir. En yeni cerrahi olmayan tedavilerde uzmanla\u015fm\u0131\u015f, doktor y\u00f6netimindeki bir cilt klini\u011fiyiz. Hastalar\u0131m\u0131zla birlikte \u00e7al\u0131\u015farak, cilt tipinize uygun ve do\u011fal g\u00f6r\u00fcn\u00fcml\u00fc sonu\u00e7lar sa\u011flayan ki\u015fiye \u00f6zel Endolift tedavi planlar\u0131 olu\u015fturuyoruz.&nbsp;<\/p>\n\n\n\n<p>Endolift randevunuzu bug\u00fcn al\u0131n ve daha s\u0131k\u0131 ve gen\u00e7 g\u00f6r\u00fcnen bir cilde do\u011fru ilk ad\u0131m\u0131 at\u0131n.&nbsp;<\/p>\n\n\n\n<p><a href=\"https:\/\/dermaaestheticslondon.com\/tr\/contact\/\">DANI\u015eMA RANDEVUSU ALIN<\/a><\/p>\n\n\n\n<figure class=\"wp-block-image size-full\"><img decoding=\"async\" width=\"602\" height=\"602\" src=\"https:\/\/dermaaestheticslondon.com\/wordpress\/wp-content\/uploads\/2024\/04\/endolift-london-before-after.webp\" alt=\"Endolift Marylebone\" class=\"wp-image-2205\" srcset=\"https:\/\/dermaaestheticslondon.com\/wordpress\/wp-content\/uploads\/2024\/04\/endolift-london-before-after.webp 602w, https:\/\/dermaaestheticslondon.com\/wordpress\/wp-content\/uploads\/2024\/04\/endolift-london-before-after-300x300.webp 300w, https:\/\/dermaaestheticslondon.com\/wordpress\/wp-content\/uploads\/2024\/04\/endolift-london-before-after-150x150.webp 150w\" sizes=\"(max-width: 602px) 100vw, 602px\" \/><\/figure>\n\n\n\n<h2 class=\"wp-block-heading\" id=\"what-is-endolift-treatment\">Endolift tedavisi nedir?<\/h2>\n\n\n\n<p>Ya\u015flanmak hayat\u0131n olumlu bir par\u00e7as\u0131d\u0131r, ancak bazen ya\u015flanman\u0131n g\u00f6zle g\u00f6r\u00fcl\u00fcr etkileri, \u00f6rne\u011fin ciltte gev\u015feklik, fazla deri, \u00e7izgiler ve k\u0131r\u0131\u015f\u0131kl\u0131klar istedi\u011fimizden daha erken ortaya \u00e7\u0131kmaya ba\u015flar.&nbsp;<\/p>\n\n\n\n<p>G\u00fcnl\u00fck cilt bak\u0131m\u0131 yard\u0131mc\u0131 olabilir, ancak cildinizdeki ya\u015flanma belirtilerini hedeflemenin ve azaltman\u0131n daha etkili bir yolunu istiyorsan\u0131z, Londra&#039;da Endolift tedavisi harika bir se\u00e7enektir.<\/p>\n\n\n\n<p>Endolift, cildin hem y\u00fczeysel hem de derin katmanlar\u0131nda \u00e7al\u0131\u015fmak \u00fczere \u00f6zel olarak tasarlanm\u0131\u015f, geli\u015fmi\u015f, cerrahi olmayan bir tedavidir. Lazer enerjisi kullanarak cildi an\u0131nda s\u0131k\u0131la\u015ft\u0131r\u0131r ve gerginle\u015ftirir. Bu i\u015flem ayn\u0131 zamanda ciltte yeni kolajen \u00fcretimini uyararak zamanla cilt gev\u015fekli\u011fini giderir ve nem dengesini art\u0131r\u0131r.&nbsp;<\/p>\n\n\n\n<p>Endolift tedavisi, ekstra bir avantaj olarak, y\u00fcz\u00fcn alt k\u0131sm\u0131ndaki, yanaklardaki ve boyundaki sark\u0131k ciltle ba\u015fa \u00e7\u0131kmaya da yard\u0131mc\u0131 olur. Bunlar, sa\u011fl\u0131kl\u0131 bir beslenme ve ya\u015fam tarz\u0131na uysak bile a\u015f\u0131r\u0131 ya\u011f h\u00fccrelerinin birikti\u011fi b\u00f6lgelerdir.&nbsp;<\/p>\n\n\n\n<p>\u0130stenmeyen ya\u011f h\u00fccrelerini par\u00e7alayarak \u00e7al\u0131\u015f\u0131r ve daha sonra v\u00fccudunuzun bunlar\u0131 lenf sisteminiz arac\u0131l\u0131\u011f\u0131yla do\u011fal olarak d\u0131\u015far\u0131 atmas\u0131n\u0131 sa\u011flar.&nbsp;<\/p>\n\n\n\n<p>Endolift ile iyile\u015fme s\u00fcreci minimum d\u00fczeydedir ve tedaviden hemen sonra cildinizde an\u0131nda toparlanma g\u00f6r\u00fcl\u00fcr. V\u00fccudunuz fazla ya\u011f\u0131 at\u0131p ek kolajen \u00fcrettik\u00e7e, \u00f6n\u00fcm\u00fczdeki birka\u00e7 hafta ve ay boyunca sonu\u00e7lar\u0131n\u0131z\u0131n iyile\u015fmeye devam etti\u011fini g\u00f6receksiniz.&nbsp;<\/p>\n\n\n\n<h2 class=\"wp-block-heading\" id=\"how-does-endolift-treatment-in-london-work\">Londra&#039;da Endolift tedavisi nas\u0131l uygulan\u0131r?<\/h2>\n\n\n\n<p>Endolift tedavisi, lazer enerjisini iletmek i\u00e7in cildin alt\u0131na yerle\u015ftirdi\u011fimiz bir mikro fiber kullan\u0131r. Bu fiber, bir sa\u00e7 teli kadar incedir ve lazer enerjisinin belirli tedavi b\u00f6lgelerini hedef almas\u0131n\u0131 sa\u011flar.&nbsp;<\/p>\n\n\n\n<p>Lazer enerjisi y\u00fczeysel hipodermisi hedef al\u0131r. Bu, cildin derin ve y\u00fczeysel katmanlar\u0131n\u0131n \u0131s\u0131t\u0131lmas\u0131na yard\u0131mc\u0131 olur. Ayr\u0131ca ya\u011flar\u0131n erimesini tetikler ve an\u0131nda ciltte b\u00fcz\u00fclme meydana getirir.&nbsp;<\/p>\n\n\n\n<p>Son olarak lazer enerjisi kolajen \u00fcretimini de te\u015fvik ederek uzun vadede cilt gen\u00e7le\u015fmesi ve s\u0131k\u0131la\u015fmas\u0131 sa\u011flar.&nbsp;<\/p>\n\n\n\n<p>Endolift, minimal invaziv bir tedavidir; yani ciltte daha az travma olur ve iyile\u015fme s\u00fcreci cerrahi m\u00fcdahaleye g\u00f6re daha k\u0131sad\u0131r.&nbsp;<\/p>\n\n\n\n<p>Sonu\u00e7lar, hastan\u0131n lazer enerjisine verdi\u011fi tepkiye, ya\u015f\u0131na, cilt durumuna ve ya\u015fam tarz\u0131 al\u0131\u015fkanl\u0131klar\u0131na ba\u011fl\u0131 olarak hastadan hastaya de\u011fi\u015fir.&nbsp;<\/p>\n\n\n\n<p>Endolift, uzun s\u00fcreli ve ola\u011fan\u00fcst\u00fc sonu\u00e7lar sa\u011flar. Sonu\u00e7lar\u0131n\u0131z\u0131 koruman\u0131za yard\u0131mc\u0131 olmak i\u00e7in iyi bir ya\u015flanma kar\u015f\u0131t\u0131 cilt bak\u0131m rutini ve olas\u0131 tamamlay\u0131c\u0131 tedaviler \u00f6neriyoruz.<\/p>\n\n\n\n<h2 class=\"wp-block-heading\" id=\"what-areas-can-i-have-endolift-treatment-on\">Endolift tedavisini hangi b\u00f6lgelere yapt\u0131rabilirim?<\/h2>\n\n\n\n<p>Endolift, y\u00fcz hatlar\u0131n\u0131 belirginle\u015ftirmede etkili olan \u00e7ok y\u00f6nl\u00fc bir tedavidir. Cildi s\u0131k\u0131la\u015ft\u0131rmak ve gerginle\u015ftirmek i\u00e7in Endolift kulland\u0131\u011f\u0131m\u0131z ba\u015fl\u0131ca b\u00f6lgeler \u015funlard\u0131r:<\/p>\n\n\n\n<p>\u00b7 \u00c7ene hatt\u0131 ve \u00e7ene b\u00f6lgesi dahil alt y\u00fcz<\/p>\n\n\n\n<p>\u00b7 Al\u0131n ve ka\u015f b\u00f6lgesi<\/p>\n\n\n\n<p>\u00b7 Nazolabial k\u0131vr\u0131mlar&nbsp;<\/p>\n\n\n\n<p>\u00b7 Yanaklar<\/p>\n\n\n\n<p>\u00b7 G\u00f6z alt\u0131 b\u00f6lgesi (g\u00f6zya\u015f\u0131 olu\u011fu)<\/p>\n\n\n\n<p>Endolift&#039;i v\u00fccudun farkl\u0131 b\u00f6lgelerindeki a\u015f\u0131r\u0131 ya\u011f ve sark\u0131k deriyi tedavi etmek i\u00e7in de kullanabiliriz, bunlar aras\u0131nda \u015funlar yer al\u0131r:<\/p>\n\n\n\n<p>\u00b7    Boyun<\/p>\n\n\n\n<p>\u00b7 Dekolte<\/p>\n\n\n\n<p>\u00b7 Dizler<\/p>\n\n\n\n<p>\u00b7 Ayak bilekleri<\/p>\n\n\n\n<p>\u00b7    Kar\u0131n<\/p>\n\n\n\n<p>\u00b7 \u0130\u00e7 uyluklar<\/p>\n\n\n\n<p>\u00b7 Kal\u00e7alar<\/p>\n\n\n\n<h2 class=\"wp-block-heading\" id=\"key-benefits-of-endolift\">Endolift&#039;in temel faydalar\u0131<\/h2>\n\n\n\n<p>Marylebone yak\u0131nlar\u0131nda Derma Aesthetics London ile Endolift&#039;i se\u00e7menin bir\u00e7ok faydas\u0131 vard\u0131r, bunlar aras\u0131nda \u015funlar yer al\u0131r:<\/p>\n\n\n\n<p>\u00b7 Sadece bir seanstan sonra an\u0131nda cilt s\u0131k\u0131la\u015fmas\u0131 sa\u011flan\u0131r<\/p>\n\n\n\n<p>\u00b7 Daha \u015fekillendirilmi\u015f ve daha s\u0131k\u0131 y\u00fcz hatlar\u0131<\/p>\n\n\n\n<p>\u00b7 Fazla ya\u011flar\u0131n eritilmesi ve cilt sark\u0131kl\u0131klar\u0131n\u0131n azalt\u0131lmas\u0131<\/p>\n\n\n\n<p>\u00b7 Cildinizde uzun s\u00fcreli iyile\u015fmeler i\u00e7in kolajen \u00fcretimi<\/p>\n\n\n\n<p>\u00b7 Daha iyi cilt tonu ve cilt dokusu<\/p>\n\n\n\n<p>\u00b7 Minimum kesinti s\u00fcresi ve h\u0131zl\u0131 kurtarma<\/p>\n\n\n\n<p>\u00b7 Dermal dolgular ve ekzosom cilt g\u00fc\u00e7lendiriciler gibi di\u011fer cilt tedavileriyle birlikte kullan\u0131lmaya uygundur<\/p>\n\n\n\n<p>Derma Aesthetics London&#039;da Endolift tedavinizi \u00f6zel ihtiya\u00e7lar\u0131n\u0131za g\u00f6re uyarlayabiliriz.&nbsp;<\/p>\n\n\n\n<p>\u0130lk kons\u00fcltasyonunuz s\u0131ras\u0131nda cilt durumunuzu ve cilt endi\u015felerinizi de\u011ferlendirece\u011fiz ve Endolift tedavisini tek ba\u015f\u0131na veya di\u011fer cilt tedavileriyle birlikte i\u00e7erebilecek ki\u015fiye \u00f6zel bir tedavi plan\u0131 olu\u015fturaca\u011f\u0131z.&nbsp;<\/p>\n\n\n\n<p><a href=\"https:\/\/dermaaestheticslondon.com\/tr\/contact\/\">B\u0130ZE ULA\u015eIN<\/a><\/p>\n\n\n\n<h2 class=\"wp-block-heading\" id=\"endolift-treatment-results\">Endolift tedavisi sonu\u00e7lar\u0131&nbsp;<\/h2>\n\n\n\n<p>\u00c7o\u011fu hasta, Endolift tedavisinden hemen sonra ciltlerinde an\u0131nda iyile\u015fmeler g\u00f6r\u00fcr. Bu, daha s\u0131k\u0131 ve daha s\u0131k\u0131 g\u00f6r\u00fcnen bir cilt anlam\u0131na gelir.<\/p>\n\n\n\n<p>Tedavi edilen b\u00f6lgede hafif bir \u015fi\u015flik ve k\u0131zar\u0131kl\u0131k g\u00f6receksiniz; bu normaldir ve birka\u00e7 saat i\u00e7inde veya en fazla birka\u00e7 g\u00fcn i\u00e7inde inmelidir.&nbsp;<\/p>\n\n\n\n<p>\u0130\u015flemden birka\u00e7 saat sonra normal aktivitelerinize, hatta i\u015fe bile d\u00f6nebilirsiniz.&nbsp;<\/p>\n\n\n\n<p>Cildinizin derin katmanlar\u0131nda yeni kolajen olu\u015ftuk\u00e7a sonu\u00e7lar\u0131n\u0131z birka\u00e7 ay (3-6 ay) i\u00e7inde daha da iyiye gidecektir.&nbsp;&nbsp;<\/p>\n\n\n\n<p>Kons\u00fcltasyonunuz s\u0131ras\u0131nda, doktorumuz tek bir Endolift tedavisi mi yoksa bir dizi tedavi mi alman\u0131z gerekti\u011fini g\u00f6r\u00fc\u015fecektir. Bu, cilt sorunlar\u0131n\u0131za ve tedavi istedi\u011finiz b\u00f6lge say\u0131s\u0131na ba\u011fl\u0131 olacakt\u0131r.&nbsp;<\/p>\n\n\n\n<h2 class=\"wp-block-heading\" id=\"book-your-appointment-for-endolift-marylebone\">Endolift Marylebone i\u00e7in randevunuzu al\u0131n<\/h2>\n\n\n\n<p>Derma Aesthetics London&#039;da deneyimli estetik doktorlar\u0131 ve uygulay\u0131c\u0131lar\u0131n\u0131n ellerinde olacaks\u0131n\u0131z. Yapt\u0131\u011f\u0131m\u0131z her tedavinin g\u00fcvenli ve klinik ortamda ger\u00e7ekle\u015ftirilmesini sa\u011fl\u0131yoruz.&nbsp;<\/p>\n\n\n\n<p>Ekibimiz, size en iyi Endolift tedavi deneyimini sunmak i\u00e7in en son teknoloji ve teknikleri kullan\u0131r. Bu sayede, cildinizin s\u0131k\u0131 ve parlak kalmas\u0131n\u0131 sa\u011flayacak en iyi sonu\u00e7lara ula\u015fman\u0131za yard\u0131mc\u0131 oluruz.&nbsp;<\/p>\n\n\n\n<p>Daha belirgin bir \u00e7ene ve alt \u00e7ene hatt\u0131 m\u0131 istiyorsunuz, yanaklar\u0131n\u0131z\u0131 kald\u0131rmak m\u0131 istiyorsunuz, yoksa karn\u0131n\u0131zdaki ve uyluklar\u0131n\u0131zdaki ya\u011flar\u0131n azalt\u0131lmas\u0131n\u0131 m\u0131 hedefliyorsunuz, size \u00f6zel Endolift tedavileriyle bunu ba\u015farman\u0131za yard\u0131mc\u0131 olabiliriz.&nbsp;<\/p>\n\n\n\n<p>A\u015fa\u011f\u0131dan Marylebone yak\u0131nlar\u0131nda Endolift kons\u00fcltasyonunuzu ay\u0131rtarak ba\u015flay\u0131n.<\/p>\n\n\n\n<p><a href=\"https:\/\/dermaaestheticslondon.com\/tr\/contact\/\">B\u0130ZE ULA\u015eIN<\/a><\/p>\n\n\n\n<h2 class=\"wp-block-heading\" id=\"how-to-find-our-london-clinic\">Londra klini\u011fimizi nas\u0131l bulabilirsiniz?&nbsp;<\/h2>\n\n\n\n<p>Derma Estetik Londra klini\u011fi, birka\u00e7 \u00f6zel klini\u011fin bulundu\u011fu Harley Caddesi&#039;nde yer almaktad\u0131r.<\/p>\n\n\n\n<p>Sa\u011fl\u0131k ve estetik t\u0131p uzmanlar\u0131yla hizmetinizdeyiz. Ayr\u0131ca Oxford&#039;a k\u0131sa bir y\u00fcr\u00fcy\u00fc\u015f mesafesindeyiz.<\/p>\n\n\n\n<p>Avrupa&#039;n\u0131n en i\u015flek al\u0131\u015fveri\u015f caddelerinden biri.&nbsp;<\/p>\n\n\n\n<p>Marylebone merkezine sadece 5 dakikal\u0131k y\u00fcr\u00fcme mesafesindeyiz. Arabayla seyahat ediyorsan\u0131z,<\/p>\n\n\n\n<p>Harley Caddesi&#039;nde geni\u015f bir \u00fccretli otopark alan\u0131 bulunmaktad\u0131r.&nbsp;&nbsp;<\/p>\n\n\n\n<h3 class=\"wp-block-heading\" id=\"address\">Adres<\/h3>\n\n\n\n<p>39 Harley Caddesi<br>Londra&nbsp;<br>W1G 8QH<\/p>\n\n\n<p><iframe src=\"https:\/\/www.google.com\/maps\/embed?pb=!1m14!1m8!1m3!1d9930.899153256332!2d-0.1468513!3d51.5182649!3m2!1i1024!2i768!4f13.1!3m3!1m2!1s0x487611e416322439%3A0xb84cf932b11cbe62!2sDerma%20Aesthetics%20London!5e0!3m2!1sen!2suk!4v1699790340707!5m2!1sen!2suk\" width=\"100%\" height=\"450\" style=\"border:0;\" allowfullscreen=\"\" loading=\"lazy\" referrerpolicy=\"no-referrer-when-downgrade\"><\/iframe><\/p>\n\n\n<h2 class=\"wp-block-heading\" id=\"about-marylebone\">Marylebone Hakk\u0131nda<\/h2>\n\n\n\n<p>Marylebone, Londra&#039;n\u0131n kalbinde yer alan \u015f\u0131k bir semttir. G\u00fcrc\u00fc mimarisi, ba\u011f\u0131ms\u0131z d\u00fckkanlar ve canl\u0131 bir kafe k\u00fclt\u00fcr\u00fcyle doludur.&nbsp;<\/p>\n\n\n\n<p>Marylebone, kendine \u00f6zg\u00fc bir b\u00f6lge gibi g\u00f6r\u00fcnse de, Oxford Caddesi ve Regent&#039;s Park&#039;\u0131n hareketli al\u0131\u015fveri\u015f b\u00f6lgelerine sadece birka\u00e7 dakika uzakl\u0131ktad\u0131r. Bu cazibe ve rahatl\u0131\u011f\u0131n birle\u015fimi, onu Londra&#039;da ya\u015famak ve ziyaret etmek i\u00e7in cazip bir yer haline getirir.&nbsp;<\/p>\n\n\n\n<p>\u00dcnl\u00fc Marylebone High Street&#039;in yan\u0131 s\u0131ra, Wallace Koleksiyonu, Sherlock Holmes M\u00fczesi ve Madame Tussauds gibi bir\u00e7ok \u00fcnl\u00fc simge yap\u0131ya da ev sahipli\u011fi yapmaktad\u0131r.<\/p>\n\n\n\n<p><\/p>","protected":false},"excerpt":{"rendered":"<p>Endolift, cildin hem y\u00fczeysel hem de derin katmanlar\u0131nda \u00e7al\u0131\u015fmak \u00fczere \u00f6zel olarak tasarlanm\u0131\u015f, geli\u015fmi\u015f, cerrahi olmayan bir tedavidir. Lazer enerjisi kullanarak cildi an\u0131nda s\u0131k\u0131la\u015ft\u0131r\u0131r ve gerginle\u015ftirir. <\/p>","protected":false},"author":4,"featured_media":2205,"parent":0,"menu_order":70,"comment_status":"closed","ping_status":"closed","template":"","meta":{"_gspb_post_css":"","pgc_sgb_lightbox_settings":"","footnotes":""},"class_list":["post-4131","page","type-page","status-publish","has-post-thumbnail","hentry"],"blocksy_meta":{"page_structure_type":"type-1","styles_descriptor":{"styles":{"desktop":"","tablet":"","mobile":""},"google_fonts":[],"version":6}},"_links":{"self":[{"href":"https:\/\/dermaaestheticslondon.com\/tr\/wp-json\/wp\/v2\/pages\/4131","targetHints":{"allow":["GET"]}}],"collection":[{"href":"https:\/\/dermaaestheticslondon.com\/tr\/wp-json\/wp\/v2\/pages"}],"about":[{"href":"https:\/\/dermaaestheticslondon.com\/tr\/wp-json\/wp\/v2\/types\/page"}],"author":[{"embeddable":true,"href":"https:\/\/dermaaestheticslondon.com\/tr\/wp-json\/wp\/v2\/users\/4"}],"replies":[{"embeddable":true,"href":"https:\/\/dermaaestheticslondon.com\/tr\/wp-json\/wp\/v2\/comments?post=4131"}],"version-history":[{"count":1,"href":"https:\/\/dermaaestheticslondon.com\/tr\/wp-json\/wp\/v2\/pages\/4131\/revisions"}],"predecessor-version":[{"id":4132,"href":"https:\/\/dermaaestheticslondon.com\/tr\/wp-json\/wp\/v2\/pages\/4131\/revisions\/4132"}],"wp:featuredmedia":[{"embeddable":true,"href":"https:\/\/dermaaestheticslondon.com\/tr\/wp-json\/wp\/v2\/media\/2205"}],"wp:attachment":[{"href":"https:\/\/dermaaestheticslondon.com\/tr\/wp-json\/wp\/v2\/media?parent=4131"}],"curies":[{"name":"wp","href":"https:\/\/api.w.org\/{rel}","templated":true}]}}