{"id":4261,"date":"2025-10-21T07:07:40","date_gmt":"2025-10-21T06:07:40","guid":{"rendered":"https:\/\/dermaaestheticslondon.com\/?page_id=4261"},"modified":"2025-10-21T07:07:41","modified_gmt":"2025-10-21T06:07:41","slug":"non-surgical-facelift-harley-street","status":"publish","type":"page","link":"https:\/\/dermaaestheticslondon.com\/tr\/non-surgical-facelift-harley-street\/","title":{"rendered":"Ameliyats\u0131z Y\u00fcz Germe Harley Street"},"content":{"rendered":"<p>Birini mi ar\u0131yorsunuz? <strong>Harley Caddesi&#039;nde cerrahi olmayan y\u00fcz germe<\/strong> Do\u011fal sonu\u00e7lar sunan bir y\u00f6ntem mi ar\u0131yorsunuz? Derma Aesthetics London&#039;daki t\u0131p uzmanlar\u0131yla g\u00f6r\u00fc\u015f\u00fcn.&nbsp;<\/p>\n\n\n\n<p>Harley Caddesi&#039;ndeki cilt klini\u011fimizde, geli\u015fmi\u015f \u00fcr\u00fcnlerimizi sunuyoruz <a href=\"https:\/\/dermaaestheticslondon.com\/tr\/treatments\/facial-harmonisation\/\">y\u00fcz uyumu<\/a> Tedavi. Bu cerrahi olmayan y\u00fcz germe, sark\u0131k cildi kald\u0131rmaya, kaybedilen hacmi geri kazand\u0131rmaya ve y\u00fczdeki k\u0131r\u0131\u015f\u0131kl\u0131klar\u0131 azaltmaya yard\u0131mc\u0131 olabilir.&nbsp;<\/p>\n\n\n\n<p>Geleneksel y\u00fcz germe ameliyatlar\u0131ndan farkl\u0131 olarak, bu ameliyats\u0131z tedavi, minimum iyile\u015fme s\u00fcresi ve minimum rahats\u0131zl\u0131kla do\u011fal g\u00f6r\u00fcn\u00fcml\u00fc sonu\u00e7lar sa\u011flar. Bu i\u015flem g\u00fcnl\u00fck rutininize uyum sa\u011flaman\u0131n yan\u0131 s\u0131ra, an\u0131nda g\u00f6zle g\u00f6r\u00fcl\u00fcr sonu\u00e7lar da elde etmenizi sa\u011flar.&nbsp;<\/p>\n\n\n\n<p>Dr. Raja, dermal dolgular ve k\u0131r\u0131\u015f\u0131kl\u0131k kar\u015f\u0131t\u0131 enjeksiyonlar\u0131 i\u00e7eren ki\u015fiye \u00f6zel bir tedavi yakla\u015f\u0131m\u0131 olu\u015fturacakt\u0131r. Bu kombinasyon, cildinizin s\u0131k\u0131la\u015fmas\u0131na, konturunun belirginle\u015fmesine ve gen\u00e7le\u015fmesine yard\u0131mc\u0131 olarak daha gen\u00e7 bir g\u00f6r\u00fcn\u00fcme kavu\u015fman\u0131z\u0131 sa\u011flayacakt\u0131r.&nbsp;<\/p>\n\n\n\n<p>E\u011fer invaziv cerrahiden ka\u00e7\u0131nmak, ancak yine de tam y\u00fcz gen\u00e7le\u015ftirme elde etmek istiyorsan\u0131z, bug\u00fcn Harley Street&#039;teki ekibimizle ileti\u015fime ge\u00e7erek hi\u00e7bir y\u00fck\u00fcml\u00fcl\u00fck alt\u0131na girmeden randevu al\u0131n.&nbsp;<\/p>\n\n\n\n<p><a href=\"https:\/\/dermaaestheticslondon.com\/tr\/contact\/\">DANI\u015eMA RANDEVUSU ALIN<\/a><\/p>\n\n\n\n<figure class=\"wp-block-image size-full\"><img decoding=\"async\" width=\"667\" height=\"667\" src=\"https:\/\/dermaaestheticslondon.com\/wordpress\/wp-content\/uploads\/2024\/01\/hifu-skin-tightening.webp\" alt=\"Non-Surgical Facelift Harley Street\" class=\"wp-image-1399\" srcset=\"https:\/\/dermaaestheticslondon.com\/wordpress\/wp-content\/uploads\/2024\/01\/hifu-skin-tightening.webp 667w, https:\/\/dermaaestheticslondon.com\/wordpress\/wp-content\/uploads\/2024\/01\/hifu-skin-tightening-300x300.webp 300w, https:\/\/dermaaestheticslondon.com\/wordpress\/wp-content\/uploads\/2024\/01\/hifu-skin-tightening-150x150.webp 150w\" sizes=\"(max-width: 667px) 100vw, 667px\" \/><\/figure>\n\n\n\n<h2 class=\"wp-block-heading\" id=\"what-is-a-non-surgical-facelift-treatment\">Ameliyats\u0131z y\u00fcz germe tedavisi nedir?<\/h2>\n\n\n\n<p>Ya\u015flanmak hayat\u0131n olumlu bir par\u00e7as\u0131d\u0131r, ancak bazen ya\u015flanman\u0131n etkileri istedi\u011fimizden \u00e7ok daha erken ortaya \u00e7\u0131kmaya ba\u015flar. Bunlara sark\u0131k cilt, \u00e7ukur b\u00f6lgeler, \u00e7izgiler ve k\u0131r\u0131\u015f\u0131kl\u0131klar dahildir.&nbsp;<\/p>\n\n\n\n<p>\u00c7o\u011fu insan, daha tazelenmi\u015f bir g\u00f6r\u00fcn\u00fcme kavu\u015fmak i\u00e7in cerrahi y\u00fcz germe gibi invaziv prosed\u00fcrlerin tek se\u00e7enek oldu\u011funu d\u00fc\u015f\u00fcn\u00fcr. Peki ya sadece erken ya\u015flanma belirtileri g\u00f6steriyorsan\u0131z veya b\u0131\u00e7ak alt\u0131na yatmak istemiyorsan\u0131z? \u0130\u015fte tam bu noktada cerrahi olmayan bir y\u00fcz germe yard\u0131mc\u0131 olabilir.<\/p>\n\n\n\n<p>Derma Aesthetics London&#039;da, doktor liderli\u011findeki ekibimiz cerrahiye minimal invaziv bir alternatif sunuyor. Bu, <a href=\"https:\/\/dermaaestheticslondon.com\/tr\/treatment-category\/dermal-fillers\/\">dermal dolgu maddeleri<\/a> Ve <a href=\"https:\/\/dermaaestheticslondon.com\/tr\/treatment-category\/anti-wrinkle-treatments\/\">k\u0131r\u0131\u015f\u0131kl\u0131k kar\u015f\u0131t\u0131 enjeksiyonlar<\/a> y\u00fcz oranlar\u0131n\u0131 iyile\u015ftirirken ayn\u0131 zamanda y\u00fcze daha fazla yap\u0131 ve tan\u0131m kazand\u0131rmak i\u00e7in.&nbsp;<\/p>\n\n\n\n<p>\u0130yi haber \u015fu ki, kesi yok, genel anesteziye gerek yok ve iyile\u015fme s\u00fcresi \u00e7ok k\u0131sa. Tedavi b\u00f6lgesinde hafif morarma ve \u015fi\u015flik g\u00f6r\u00fclebilir, ancak bu birka\u00e7 g\u00fcn i\u00e7inde ge\u00e7er.&nbsp;<\/p>\n\n\n\n<h2 class=\"wp-block-heading\" id=\"non-surgical-facelift-treatment-dermal-fillers-and-anti-wrinkle-treatment\">Ameliyats\u0131z y\u00fcz germe tedavisi \u2013 dermal dolgular ve k\u0131r\u0131\u015f\u0131kl\u0131k kar\u015f\u0131t\u0131 tedavi&nbsp;<\/h2>\n\n\n\n<p>Ameliyats\u0131z y\u00fcz germe i\u015fleminin neler sundu\u011funu daha iyi anlaman\u0131za yard\u0131mc\u0131 olmak i\u00e7in, tedavinin her bir b\u00f6l\u00fcm\u00fcn\u00fcn ne i\u015fe yarad\u0131\u011f\u0131n\u0131 ayr\u0131nt\u0131l\u0131 olarak anlatmam\u0131z gerekiyor.&nbsp;&nbsp;<\/p>\n\n\n\n<h3 class=\"wp-block-heading\" id=\"dermal-filler-treatments\">Dermal dolgu tedavileri&nbsp;<\/h3>\n\n\n\n<p>Dermal dolgular, ana maddesi hyaluronik asit olan yumu\u015fak, jel benzeri bir maddenin kullan\u0131ld\u0131\u011f\u0131 enjekte edilebilir bir tedavidir.&nbsp;<\/p>\n\n\n\n<p>Bu, v\u00fccutta bulunan ve cilde hacim ve dolgunluk kazand\u0131rmaya yard\u0131mc\u0131 olan do\u011fal bir maddedir. Ayr\u0131ca cildi nemlendirerek cilt tonunu e\u015fitler ve derin \u00e7izgileri ve k\u0131r\u0131\u015f\u0131kl\u0131klar\u0131 azalt\u0131r.&nbsp;<\/p>\n\n\n\n<p>Cilde canl\u0131l\u0131k, esneklik ve esneklik kazand\u0131rmak i\u00e7in hyaluronik asit bazl\u0131 dolgular kullan\u0131yoruz. Zamanla, dermal dolgular ciltte kolajen \u00fcretimini de uyarabilir. Bu, sark\u0131k cildi kald\u0131r\u0131r ve cildinizi daha s\u0131k\u0131 hale getirir.&nbsp;<\/p>\n\n\n\n<h3 class=\"wp-block-heading\" id=\"anti-wrinkle-injections\">K\u0131r\u0131\u015f\u0131kl\u0131k kar\u015f\u0131t\u0131 enjeksiyonlar<\/h3>\n\n\n\n<p>K\u0131r\u0131\u015f\u0131kl\u0131k kar\u015f\u0131t\u0131 tedavi, dermal dolgu tedavilerinden \u00e7ok farkl\u0131 bir \u015fekilde \u00e7al\u0131\u015f\u0131r.&nbsp;<\/p>\n\n\n\n<p>Mimik \u00e7izgilerine yol a\u00e7an y\u00fcz kaslar\u0131n\u0131 hedef alan, botulinum toksini ad\u0131 verilen safla\u015ft\u0131r\u0131lm\u0131\u015f bir protein kullan\u0131yorlar. Bu \u00e7izgilere g\u00fcl\u00fcmseme \u00e7izgileri ve ka\u015f \u00e7atma \u00e7izgileri de dahildir.&nbsp;<\/p>\n\n\n\n<p>K\u0131r\u0131\u015f\u0131kl\u0131k kar\u015f\u0131t\u0131 tedavi, bu kaslar\u0131 ge\u00e7ici olarak gev\u015feterek kas\u0131lmalar\u0131n\u0131 engeller. Bu da \u00e7izgi ve k\u0131r\u0131\u015f\u0131kl\u0131klar\u0131n birka\u00e7 ay boyunca ortaya \u00e7\u0131kmas\u0131n\u0131 engeller.&nbsp;<\/p>\n\n\n\n<p>A\u015f\u0131r\u0131 terleme, di\u015f eti sorunlar\u0131 ve sark\u0131k ka\u015flar\u0131n kald\u0131r\u0131lmas\u0131 gibi sorunlar\u0131 gidermek i\u00e7in de k\u0131r\u0131\u015f\u0131kl\u0131k kar\u015f\u0131t\u0131 enjeksiyonlardan yararlanabiliyoruz.&nbsp;<\/p>\n\n\n\n<h2 class=\"wp-block-heading\" id=\"treatment-areas-for-non-surgical-facelift\">Ameliyats\u0131z y\u00fcz germe i\u00e7in tedavi alanlar\u0131<\/h2>\n\n\n\n<p>Harley Street&#039;teki ameliyats\u0131z y\u00fcz germe uygulamam\u0131zla, akan tedavi alanlar\u0131nda hassas ve etkili y\u00fcz gen\u00e7le\u015ftirme hizmeti sunabiliyoruz:<\/p>\n\n\n\n<p>\u00b7 \u00c7ene hatt\u0131 ve \u00e7ene b\u00f6lgesi \u00e7evresindeki sark\u0131k cildi s\u0131k\u0131la\u015ft\u0131r\u0131r<\/p>\n\n\n\n<p>\u00b7 Dolgun, \u00e7\u00f6k\u00fck yanaklar<\/p>\n\n\n\n<p>\u00b7 P\u00fcr\u00fczs\u00fcz nazolabial k\u0131vr\u0131mlar<\/p>\n\n\n\n<p>\u00b7 Kukla \u00e7izgilerini azalt\u0131n<\/p>\n\n\n\n<p>\u00b7 Tap\u0131naklar<\/p>\n\n\n\n<p>\u00b7 G\u00f6z alt\u0131ndaki koyu halkalar\u0131 azalt\u0131r ve g\u00f6z alt\u0131 \u00e7ukurlar\u0131n\u0131 (g\u00f6zya\u015f\u0131 oluklar\u0131n\u0131) doldurur<\/p>\n\n\n\n<p>Ya\u015flanma s\u00fcrecinin her insan\u0131 farkl\u0131 \u015fekilde etkiledi\u011finin fark\u0131nday\u0131z. Bu nedenle, cilt durumunuzu de\u011ferlendirmek ve cilt endi\u015felerinizi konu\u015fmak i\u00e7in derinlemesine bir dan\u0131\u015fmanl\u0131k hizmeti sunuyoruz.<\/p>\n\n\n\n<p>Dr. Raja, do\u011fal g\u00fczelli\u011finizi art\u0131racak ve y\u00fcz hatlar\u0131n\u0131za denge getirecek do\u011fal sonu\u00e7lar elde etmeniz i\u00e7in ki\u015fiselle\u015ftirilmi\u015f bir tedavi plan\u0131 geli\u015ftirmek \u00fczere sizinle birlikte \u00e7al\u0131\u015facakt\u0131r.&nbsp;<\/p>\n\n\n\n<h2 class=\"wp-block-heading\" id=\"why-choose-our-facial-harmonisation-treatment\">Neden y\u00fcz uyumland\u0131rma tedavimizi se\u00e7melisiniz?<\/h2>\n\n\n\n<p>Kal\u0131c\u0131, ameliyats\u0131z y\u00fcz germe sonu\u00e7lar\u0131 diye bir \u015fey yoktur. Ancak bu invaziv olmayan tedavi, uzun s\u00fcreli sonu\u00e7lar ve daha gen\u00e7 bir g\u00f6r\u00fcn\u00fcm i\u00e7in en iyi se\u00e7eneklerden biridir.<\/p>\n\n\n\n<p>Sadece k\u0131r\u0131\u015f\u0131kl\u0131klar\u0131 gidermek ve sark\u0131k cildi s\u0131k\u0131la\u015ft\u0131rmakla kalmaz, y\u00fcz\u00fcn\u00fcz\u00fcn di\u011fer hatlar\u0131na denge ve uyum getirir.&nbsp;<\/p>\n\n\n\n<p>Hala emin de\u011fil misiniz? Ameliyats\u0131z y\u00fcz germe ile neler ba\u015farabilirsiniz?<\/p>\n\n\n\n<p>\u00b7 Y\u00fcz hatlar\u0131n\u0131 ve gev\u015fek cildi kald\u0131r\u0131n<\/p>\n\n\n\n<p>\u00b7 G\u00f6z altlar\u0131 ve yanaklar dahil olmak \u00fczere y\u00fcz\u00fcn \u00f6nemli b\u00f6lgelerindeki kaybolan hacmi geri kazand\u0131r\u0131r<\/p>\n\n\n\n<p>\u00b7 \u00c7izgileri ve k\u0131r\u0131\u015f\u0131kl\u0131klar\u0131 azalt\u0131r<\/p>\n\n\n\n<p>\u00b7 Sonu\u00e7lar do\u011fal ve inceliklidir&nbsp;<\/p>\n\n\n\n<p>\u00b7 P\u00fcr\u00fczs\u00fcz doku ve parlak cilt (daha fazla nem)<\/p>\n\n\n\n<p><a href=\"https:\/\/dermaaestheticslondon.com\/tr\/contact\/\">\u0130leti\u015fime ge\u00e7in<\/a> Ameliyats\u0131z y\u00fcz germe tedavimiz hakk\u0131nda daha fazla bilgi edinmek i\u00e7in.&nbsp;<\/p>\n\n\n\n<h2 class=\"wp-block-heading\" id=\"why-choose-derma-aesthetics-for-the-best-non-surgical-facelift-in-harley-street\">Harley Street&#039;te en iyi cerrahi olmayan y\u00fcz germe i\u00e7in neden Derma Estetik&#039;i se\u00e7melisiniz?<\/h2>\n\n\n\n<p>G\u00f6r\u00fcn\u00fc\u015f\u00fcn\u00fcz\u00fc de\u011fi\u015ftirmeyecek, ancak daha iyi g\u00f6r\u00fcnmenizi sa\u011flayacak do\u011fal g\u00f6r\u00fcn\u00fcml\u00fc sonu\u00e7lara ula\u015fman\u0131za yard\u0131mc\u0131 olmak i\u00e7in t\u0131p uzmanlar\u0131ndan olu\u015fan ekibimize g\u00fcvenin.&nbsp;<\/p>\n\n\n\n<p>Tedavinizin g\u00fcvenli ve etkili olmas\u0131n\u0131 sa\u011flamak i\u00e7in en yeni teknikleri ve birinci s\u0131n\u0131f \u00fcr\u00fcnleri kullan\u0131yoruz. Dr. Raja, y\u00fcz anatomisi konusunda uzmand\u0131r; bu da, harika sonu\u00e7lar elde etmenizi sa\u011flamak i\u00e7in y\u00fcze do\u011fru noktalara ve derinliklere nas\u0131l enjeksiyon yap\u0131laca\u011f\u0131n\u0131 bildi\u011fi anlam\u0131na gelir.&nbsp;<\/p>\n\n\n\n<p>\u0130nvaziv cerrahiye veya uzun iyile\u015fme s\u00fcre\u00e7lerine gerek yoktur. Ameliyats\u0131z y\u00fcz germe i\u015flemimizle, an\u0131nda g\u00f6r\u00fclen ve sonraki haftalarda daha da iyile\u015fen sonu\u00e7larla daha belirgin, gergin ve tazelenmi\u015f bir g\u00f6r\u00fcn\u00fcme kavu\u015fabilirsiniz.&nbsp;<\/p>\n\n\n\n<p><a href=\"https:\/\/dermaaestheticslondon.com\/tr\/contact\/\">\u0130LET\u0130\u015e\u0130ME GE\u00c7\u0130N<\/a><\/p>\n\n\n\n<h2 class=\"wp-block-heading\" id=\"how-to-find-our-london-clinic\">Londra klini\u011fimizi nas\u0131l bulabilirsiniz?&nbsp;<\/h2>\n\n\n\n<p>Derma Estetik Londra klini\u011fi Harley Caddesi \u00fczerindedir. K\u0131sa bir y\u00fcr\u00fcy\u00fc\u015f mesafesindeyiz.<\/p>\n\n\n\n<p>Tedavinizin ard\u0131ndan en iyi moda, g\u00fczellik ve ya\u015fam tarz\u0131 ma\u011fazalar\u0131n\u0131 bulabilece\u011finiz Oxford Street.&nbsp;<\/p>\n\n\n\n<p>Chelsea&#039;den District ve Victoria \u00fczerinden Sloane Square&#039;den Oxford Circus&#039;a metroyla ula\u015fabilirsiniz, bu yakla\u015f\u0131k 20 dakika s\u00fcrer. Oxford Circus Metro \u0130stasyonu&#039;na on dakikal\u0131k y\u00fcr\u00fcme mesafesindeyiz.&nbsp;<\/p>\n\n\n\n<p>Arabayla seyahat ediyorsan\u0131z, Harley Caddesi&#039;nde geni\u015f bir \u00fccretli park yeri mevcuttur.&nbsp;&nbsp;<\/p>\n\n\n\n<h3 class=\"wp-block-heading\" id=\"address\">Adres<\/h3>\n\n\n\n<p>39 Harley Caddesi<br>Londra&nbsp;<br>W1G 8QH<\/p>\n\n\n<p><iframe src=\"https:\/\/www.google.com\/maps\/embed?pb=!1m14!1m8!1m3!1d9930.899153256332!2d-0.1468513!3d51.5182649!3m2!1i1024!2i768!4f13.1!3m3!1m2!1s0x487611e416322439%3A0xb84cf932b11cbe62!2sDerma%20Aesthetics%20London!5e0!3m2!1sen!2suk!4v1699790340707!5m2!1sen!2suk\" width=\"100%\" height=\"450\" style=\"border:0;\" allowfullscreen=\"\" loading=\"lazy\" referrerpolicy=\"no-referrer-when-downgrade\"><\/iframe><\/p>","protected":false},"excerpt":{"rendered":"<p>Harley Street&#039;teki cilt klini\u011fimizde, geli\u015fmi\u015f y\u00fcz uyumland\u0131rma tedavimizi sunuyoruz. Bu cerrahi olmayan y\u00fcz germe, sark\u0131k cildi germeye, kaybedilen hacmi geri kazand\u0131rmaya ve y\u00fczdeki k\u0131r\u0131\u015f\u0131kl\u0131klar\u0131 azaltmaya yard\u0131mc\u0131 olabilir. <\/p>","protected":false},"author":4,"featured_media":1399,"parent":0,"menu_order":70,"comment_status":"closed","ping_status":"closed","template":"","meta":{"_gspb_post_css":"","pgc_sgb_lightbox_settings":"","footnotes":""},"class_list":["post-4261","page","type-page","status-publish","has-post-thumbnail","hentry"],"blocksy_meta":{"page_structure_type":"type-1","styles_descriptor":{"styles":{"desktop":"","tablet":"","mobile":""},"google_fonts":[],"version":6}},"_links":{"self":[{"href":"https:\/\/dermaaestheticslondon.com\/tr\/wp-json\/wp\/v2\/pages\/4261","targetHints":{"allow":["GET"]}}],"collection":[{"href":"https:\/\/dermaaestheticslondon.com\/tr\/wp-json\/wp\/v2\/pages"}],"about":[{"href":"https:\/\/dermaaestheticslondon.com\/tr\/wp-json\/wp\/v2\/types\/page"}],"author":[{"embeddable":true,"href":"https:\/\/dermaaestheticslondon.com\/tr\/wp-json\/wp\/v2\/users\/4"}],"replies":[{"embeddable":true,"href":"https:\/\/dermaaestheticslondon.com\/tr\/wp-json\/wp\/v2\/comments?post=4261"}],"version-history":[{"count":2,"href":"https:\/\/dermaaestheticslondon.com\/tr\/wp-json\/wp\/v2\/pages\/4261\/revisions"}],"predecessor-version":[{"id":4263,"href":"https:\/\/dermaaestheticslondon.com\/tr\/wp-json\/wp\/v2\/pages\/4261\/revisions\/4263"}],"wp:featuredmedia":[{"embeddable":true,"href":"https:\/\/dermaaestheticslondon.com\/tr\/wp-json\/wp\/v2\/media\/1399"}],"wp:attachment":[{"href":"https:\/\/dermaaestheticslondon.com\/tr\/wp-json\/wp\/v2\/media?parent=4261"}],"curies":[{"name":"wp","href":"https:\/\/api.w.org\/{rel}","templated":true}]}}