{"id":4373,"date":"2025-11-24T11:38:29","date_gmt":"2025-11-24T11:38:29","guid":{"rendered":"https:\/\/dermaaestheticslondon.com\/?page_id=4373"},"modified":"2025-11-24T11:38:30","modified_gmt":"2025-11-24T11:38:30","slug":"tear-trough-filler-marylebone","status":"publish","type":"page","link":"https:\/\/dermaaestheticslondon.com\/tr\/tear-trough-filler-marylebone\/","title":{"rendered":"G\u00f6zya\u015f\u0131 Olu\u011fu Dolgusu Marylebone"},"content":{"rendered":"<p>G\u00f6z alt\u0131 morluklar\u0131n\u0131n, torbalar\u0131n\u0131n g\u00f6r\u00fcn\u00fcm\u00fcn\u00fc azaltmak veya yorgun g\u00f6zlerinizi canland\u0131rmak istiyorsan\u0131z, <strong>Marylebone&#039;da g\u00f6zya\u015f\u0131 olu\u011fu dolgusu<\/strong> Derma Estetik Londra size yard\u0131mc\u0131 olabilir.<\/p>\n\n\n\n<p>Londra, Marylebone&#039;daki klini\u011fimizde, son derece yetenekli t\u0131p uzmanlar\u0131ndan olu\u015fan ekibimiz \u015fu konularda uzmanla\u015fm\u0131\u015ft\u0131r: <a href=\"https:\/\/dermaaestheticslondon.com\/tr\/treatments\/tear-trough\/\">G\u00f6z alt\u0131 dolgu tedavisi.<\/a><\/p>\n\n\n\n<p>G\u00f6z alt\u0131 b\u00f6lgesindeki (g\u00f6z alt\u0131) kaybolan hacmi geri kazand\u0131rmak, ince \u00e7izgileri ve k\u0131r\u0131\u015f\u0131kl\u0131klar\u0131 azaltmak, daha gen\u00e7 bir g\u00f6r\u00fcn\u00fcme kavu\u015fturmak i\u00e7in hyaluronik asit i\u00e7erikli dermal dolgular\u0131 kullan\u0131yoruz.&nbsp;<\/p>\n\n\n\n<p>Dr. Raja, y\u00fcz anatomisi konusunda derin bilgiye sahip, alan\u0131nda uzman bir estetik doktorudur.<\/p>\n\n\n\n<p>&nbsp;G\u00f6z dolgusunu g\u00fcvenli bir \u015fekilde ve do\u011fal g\u00f6r\u00fcn\u00fcml\u00fc sonu\u00e7lar elde edebilmeniz i\u00e7in do\u011fru noktalara ve derinlikte nas\u0131l enjekte edece\u011fini biliyor.&nbsp;<\/p>\n\n\n\n<p>G\u00f6zya\u015f\u0131 olu\u011fu dolgusunun gen\u00e7le\u015fmi\u015f bir g\u00f6r\u00fcn\u00fcme kavu\u015fman\u0131za nas\u0131l yard\u0131mc\u0131 olabilece\u011fi hakk\u0131nda daha fazla bilgi edinmek istiyorsan\u0131z, bug\u00fcn klini\u011fimizle ileti\u015fime ge\u00e7in.&nbsp;<\/p>\n\n\n\n<p><a href=\"https:\/\/dermaaestheticslondon.com\/tr\/contact\/\">DANI\u015eMA RANDEVUSU ALIN<\/a><\/p>\n\n\n\n<figure class=\"wp-block-image size-full\"><img decoding=\"async\" width=\"654\" height=\"654\" src=\"https:\/\/dermaaestheticslondon.com\/wordpress\/wp-content\/uploads\/2024\/01\/light-eyes.webp\" alt=\"Tear Trough Filler Marylebone\" class=\"wp-image-1382\" srcset=\"https:\/\/dermaaestheticslondon.com\/wordpress\/wp-content\/uploads\/2024\/01\/light-eyes.webp 654w, https:\/\/dermaaestheticslondon.com\/wordpress\/wp-content\/uploads\/2024\/01\/light-eyes-300x300.webp 300w, https:\/\/dermaaestheticslondon.com\/wordpress\/wp-content\/uploads\/2024\/01\/light-eyes-150x150.webp 150w\" sizes=\"(max-width: 654px) 100vw, 654px\" \/><\/figure>\n\n\n\n<h2 class=\"wp-block-heading\" id=\"what-is-tear-trough-filler-treatment\">G\u00f6z alt\u0131 dolgusu tedavisi nedir?<\/h2>\n\n\n\n<p>G\u00f6zya\u015f\u0131 olu\u011funun nerede oldu\u011funu bilmiyorsan\u0131z, alt g\u00f6z kapa\u011f\u0131n\u0131zla \u00fcst yanak aras\u0131ndaki b\u00f6l\u00fcmd\u00fcr.<\/p>\n\n\n\n<p>Ya\u015fland\u0131k\u00e7a g\u00f6zya\u015f\u0131 olu\u011funun hacmini kaybetti\u011fini, bunun da g\u00f6z altlar\u0131nda \u00e7\u00f6k\u00fckl\u00fck, g\u00f6z alt\u0131 torbalar\u0131 ve koyu halkalara yol a\u00e7abilece\u011fini fark edeceksiniz.&nbsp;<\/p>\n\n\n\n<p>\u0130\u015fte bu noktada g\u00f6zya\u015f\u0131 olu\u011fu dolgusu i\u015fe yarayabilir.<\/p>\n\n\n\n<p>&nbsp;G\u00f6z alt\u0131 b\u00f6lgesine \u00f6zel olarak tasarlanm\u0131\u015f bir t\u00fcr dermal dolgu maddesi kullan\u0131l\u0131r.<\/p>\n\n\n\n<p>&nbsp;G\u00f6z \u00e7evresinin dolgunla\u015fmas\u0131na, hacim kayb\u0131n\u0131n giderilmesine ve g\u00f6z \u00e7evresindeki k\u0131r\u0131\u015f\u0131kl\u0131klar\u0131n giderilmesine yard\u0131mc\u0131 olur.&nbsp;<\/p>\n\n\n\n<p>Ameliyattan daha incelikli bir iyile\u015ftirme sa\u011flarlar.<\/p>\n\n\n\n<p>&nbsp;G\u00f6z alt\u0131 dolgusu ile amac\u0131m\u0131z, g\u00f6z altlar\u0131n\u0131za daha taze ve gen\u00e7 bir g\u00f6r\u00fcn\u00fcm kazand\u0131rarak do\u011fal g\u00fczelli\u011finizi art\u0131rman\u0131za yard\u0131mc\u0131 olmakt\u0131r.<\/p>\n\n\n\n<h2 class=\"wp-block-heading\" id=\"hyaluronic-acid-dermal-fillers\">Hyaluronik asit dermal dolgular\u0131<\/h2>\n\n\n\n<p>Derma Aesthetics London olarak birinci s\u0131n\u0131f hyaluronik asit dolgular\u0131 kullan\u0131yoruz.<\/p>\n\n\n\n<p>&nbsp;Bunlar cilt ve v\u00fccutla uyumlulu\u011fu ve g\u00fcvenli\u011fi bilimsel olarak desteklenmektedir.&nbsp;<\/p>\n\n\n\n<p>Hyaluronik asit, ya\u015f ilerledik\u00e7e azalan, cildin do\u011fal bir maddesidir.&nbsp;<\/p>\n\n\n\n<p>Cildimizin dolgun, nemli ve gen\u00e7 g\u00f6r\u00fcnmesine yard\u0131mc\u0131 olur.<\/p>\n\n\n\n<p>G\u00f6zalt\u0131 dolgusu tedavisi, ciltteki hyaluronik asit seviyelerinin geri kazan\u0131lmas\u0131na yard\u0131mc\u0131 olur.&nbsp;<\/p>\n\n\n\n<p>Bu sayede g\u00f6z alt\u0131 b\u00f6lgesinde kaybolan hacmi geri kazand\u0131rmak ve cildi nemlendirmek i\u00e7in idealdir.&nbsp;<\/p>\n\n\n\n<h2 class=\"wp-block-heading\" id=\"benefits-of-eye-filler-marylebone\">Marylebone G\u00f6z Dolgusunun Faydalar\u0131<\/h2>\n\n\n\n<p>Derma Aesthetics London&#039;da g\u00f6z alt\u0131 morlu\u011fu tedavisiyle a\u015fa\u011f\u0131daki cilt sorunlar\u0131n\u0131 hedef al\u0131p tedavi edebiliyoruz:<\/p>\n\n\n\n<p>\u00b7 Koyu halkalar\u0131n g\u00f6r\u00fcn\u00fcm\u00fcn\u00fc en aza indirin<\/p>\n\n\n\n<p>\u00b7 Kaybedilen hacmi geri kazand\u0131r\u0131r ve g\u00f6z alt\u0131 b\u00f6lgesini p\u00fcr\u00fczs\u00fczle\u015ftirir<\/p>\n\n\n\n<p>\u00b7 \u0130nce \u00e7izgileri ve k\u0131r\u0131\u015f\u0131kl\u0131klar\u0131 azalt\u0131r<\/p>\n\n\n\n<p>\u00b7 G\u00f6z alt\u0131 torbalar\u0131n\u0131n g\u00f6r\u00fcn\u00fcm\u00fcn\u00fc yumu\u015fat\u0131r (orta derecede g\u00f6z alt\u0131 torbalar\u0131)<\/p>\n\n\n\n<p>G\u00f6z alt\u0131 dolgusu tedavisi, ameliyats\u0131z olarak daha gen\u00e7 bir g\u00f6r\u00fcn\u00fcm kazand\u0131rmas\u0131n\u0131n yan\u0131 s\u0131ra, \u00e7ok az iyile\u015fme s\u00fcresiyle do\u011fal sonu\u00e7lar da verir.&nbsp;<\/p>\n\n\n\n<p>Bazen g\u00f6z dolgular\u0131n\u0131 di\u011fer tedavilerle birle\u015ftiriyoruz, \u00f6rne\u011fin: <a href=\"https:\/\/dermaaestheticslondon.com\/tr\/treatment-category\/anti-wrinkle-treatments\/\">k\u0131r\u0131\u015f\u0131kl\u0131k kar\u015f\u0131t\u0131 tedavi<\/a>.&nbsp;<\/p>\n\n\n\n<p>\u00c7\u00fcnk\u00fc k\u0131r\u0131\u015f\u0131kl\u0131k kar\u015f\u0131t\u0131 enjeksiyonlar, kaz ayaklar\u0131 ve g\u00f6z \u00e7evresindeki di\u011fer \u00e7izgilerin g\u00f6r\u00fcn\u00fcm\u00fcn\u00fc azaltarak sonu\u00e7lar\u0131n\u0131z\u0131 iyile\u015ftirmeye yard\u0131mc\u0131 olabilir.&nbsp;<\/p>\n\n\n\n<h2 class=\"wp-block-heading\" id=\"how-does-tear-trough-treatment-work\">G\u00f6zya\u015f\u0131 olu\u011fu tedavisi nas\u0131l yap\u0131l\u0131r?<\/h2>\n\n\n\n<p>G\u00f6zya\u015f\u0131 olu\u011fu dolgu tedaviniz Marylebone&#039;daki klini\u011fimizde yap\u0131lacak detayl\u0131 bir kons\u00fcltasyonla ba\u015flayacakt\u0131r.<\/p>\n\n\n\n<p>Bu randevu s\u0131ras\u0131nda Dr. Raja g\u00f6z alt\u0131 b\u00f6lgenizi de\u011ferlendirecek, cilt sorunlar\u0131n\u0131z\u0131 ve hedeflerinizi tart\u0131\u015facak ve sizin i\u00e7in ki\u015fiselle\u015ftirilmi\u015f bir tedavi plan\u0131 geli\u015ftirecektir.&nbsp;<\/p>\n\n\n\n<p>G\u00f6zya\u015f\u0131 olu\u011fu tedavinizin yap\u0131laca\u011f\u0131 g\u00fcn, tedavi b\u00f6lgesini temizleyece\u011fiz ve topikal uyu\u015fturucu bir krem uygulayaca\u011f\u0131z.&nbsp;<\/p>\n\n\n\n<p>Bu, tedaviniz boyunca kendinizi rahat hissetmenizi sa\u011flayacakt\u0131r.<\/p>\n\n\n\n<p>Dr. Raja, dermal dolguyu enjekte etmek i\u00e7in ince bir i\u011fne veya kan\u00fcl kullanacakt\u0131r.&nbsp;<\/p>\n\n\n\n<p>Bu, enjeksiyon b\u00f6lgelerinde olu\u015fabilecek morarma veya k\u0131zar\u0131kl\u0131\u011f\u0131 en aza indirmeye yard\u0131mc\u0131 olur, ayn\u0131 zamanda dolguyu daha do\u011fru bir \u015fekilde yerle\u015ftirmesine de olanak tan\u0131r.&nbsp;<\/p>\n\n\n\n<p>\u0130\u015flemin tamamlanmas\u0131 en fazla 30 dakika s\u00fcrecektir.&nbsp;<\/p>\n\n\n\n<p>B\u00f6lgede hafif morarma ve \u015fi\u015flik g\u00f6rebilirsiniz.&nbsp;<\/p>\n\n\n\n<p>Bu normaldir ve 24-28 saat i\u00e7inde azalacakt\u0131r.<\/p>\n\n\n\n<p>&nbsp;Hastalar\u0131n \u00e7o\u011fu tedaviden hemen sonra i\u015flerine geri d\u00f6nebilmektedir.&nbsp;<\/p>\n\n\n\n<h2 class=\"wp-block-heading\" id=\"results-from-tear-trough-filler-london\">Londra&#039;daki g\u00f6zya\u015f\u0131 olu\u011fu dolgusunun sonu\u00e7lar\u0131<\/h2>\n\n\n\n<p>G\u00f6zya\u015f\u0131 olu\u011fu dolgusu tedavisinin sonu\u00e7lar\u0131n\u0131 hemen g\u00f6receksiniz.&nbsp;<\/p>\n\n\n\n<p>G\u00f6zya\u015f\u0131 olu\u011funuz daha az yorgun ve daha tazelenmi\u015f g\u00f6r\u00fcnecektir.&nbsp;<\/p>\n\n\n\n<p>Dolgular yerle\u015ftikten sonraki bir veya iki hafta i\u00e7inde sonu\u00e7lar\u0131n\u0131z iyile\u015fecek ve \u015funlar\u0131 g\u00f6receksiniz:<\/p>\n\n\n\n<p>\u00b7 G\u00f6zle g\u00f6r\u00fcl\u00fcr \u015fekilde daha az koyu halkalar<\/p>\n\n\n\n<p>\u00b7 G\u00f6z alt\u0131 torbalar\u0131n\u0131n azalmas\u0131<\/p>\n\n\n\n<p>\u00b7 P\u00fcr\u00fczs\u00fcz ve dolgun bir cilt<\/p>\n\n\n\n<p>\u00b7 G\u00f6z altlar\u0131nda daha gen\u00e7 bir g\u00f6r\u00fcn\u00fcm<\/p>\n\n\n\n<p>G\u00f6zya\u015f\u0131 olu\u011fu gen\u00e7le\u015ftirme i\u015fleminin sonu\u00e7lar\u0131 16 aya kadar kal\u0131c\u0131 olabilir.<\/p>\n\n\n\n<p>&nbsp;Bu, g\u00f6z dolgusuna nas\u0131l tepki verdi\u011finize ve v\u00fccudunuzun dolguyu ne kadar \u00e7abuk par\u00e7alad\u0131\u011f\u0131na ba\u011fl\u0131 olacakt\u0131r.<\/p>\n\n\n\n<p>Biz genellikle hastalar\u0131m\u0131za 12. ayda tamamlay\u0131c\u0131 tedavi i\u00e7in klini\u011fimize tekrar gelmelerini \u00f6neriyoruz.&nbsp;<\/p>\n\n\n\n<h2 class=\"wp-block-heading\" id=\"why-choose-derma-aesthetics-london-for-tear-trough-filler-marylebone\">Marylebone g\u00f6z alt\u0131 dolgusu i\u00e7in neden Derma Aesthetics London&#039;\u0131 se\u00e7melisiniz?<\/h2>\n\n\n\n<p>Estetik tedavilerde uzman ellere teslim olmak istersiniz.<\/p>\n\n\n\n<p>&nbsp;Derma Estetik Londra&#039;da, doktor y\u00f6netimindeki klini\u011fimiz, tedavinizi son derece yetenekli uygulay\u0131c\u0131lar taraf\u0131ndan alman\u0131z\u0131 sa\u011flar.&nbsp;<\/p>\n\n\n\n<p>G\u00f6z \u00e7evresindeki ince \u00e7izgileri yumu\u015fatmaktan, hacmi geri kazand\u0131rmaya ve koyu halkalar\u0131 azaltmaya kadar Dr. Raja en iyi sonu\u00e7lar\u0131 elde etmenize yard\u0131mc\u0131 olabilir.&nbsp;<\/p>\n\n\n\n<p>Yolculu\u011funuz boyunca uzman bak\u0131m\u0131 alacaks\u0131n\u0131z.&nbsp;<\/p>\n\n\n\n<p>\u0130lk kons\u00fcltasyonunuzdan tedaviye ve sonras\u0131ndaki bak\u0131ma kadar s\u00fcrecin her ad\u0131m\u0131nda size rehberlik etmek i\u00e7in buraday\u0131z.&nbsp;<\/p>\n\n\n\n<p><a href=\"https:\/\/dermaaestheticslondon.com\/tr\/contact\/\">\u0130LET\u0130\u015e\u0130ME GE\u00c7\u0130N<\/a><\/p>\n\n\n\n<h2 class=\"wp-block-heading\" id=\"how-find-our-marylebone-clinic\">Marylebone klini\u011fimizi nas\u0131l bulabilirsiniz?<\/h2>\n\n\n\n<p>Derma Aesthetics London klini\u011fi, bir\u00e7ok \u00f6zel sa\u011fl\u0131k ve estetik t\u0131p uzman\u0131n\u0131n bulundu\u011fu Harley Caddesi&#039;nde yer almaktad\u0131r.<\/p>\n\n\n\n<p>&nbsp;Ayr\u0131ca Avrupa&#039;n\u0131n en i\u015flek al\u0131\u015fveri\u015f caddelerinden biri olan Oxford Caddesi&#039;ne de k\u0131sa bir y\u00fcr\u00fcy\u00fc\u015f mesafesindeyiz.&nbsp;<\/p>\n\n\n\n<p>Marylebone merkezine sadece 5 dakikal\u0131k y\u00fcr\u00fcme mesafesindeyiz. Arabayla seyahat ediyorsan\u0131z,<\/p>\n\n\n\n<p>Harley Caddesi&#039;nde geni\u015f bir \u00fccretli otopark alan\u0131 bulunmaktad\u0131r.&nbsp;&nbsp;<\/p>\n\n\n\n<h3 class=\"wp-block-heading\" id=\"address\">Adres<\/h3>\n\n\n\n<p>39 Harley Caddesi<br>Londra&nbsp;<br>W1G 8QH<\/p>\n\n\n<p><iframe src=\"https:\/\/www.google.com\/maps\/embed?pb=!1m14!1m8!1m3!1d9930.899153256332!2d-0.1468513!3d51.5182649!3m2!1i1024!2i768!4f13.1!3m3!1m2!1s0x487611e416322439%3A0xb84cf932b11cbe62!2sDerma%20Aesthetics%20London!5e0!3m2!1sen!2suk!4v1699790340707!5m2!1sen!2suk\" width=\"100%\" height=\"450\" style=\"border:0;\" allowfullscreen=\"\" loading=\"lazy\" referrerpolicy=\"no-referrer-when-downgrade\"><\/iframe><\/p>\n\n\n<h2 class=\"wp-block-heading\" id=\"about-marylebone-london\">Marylebone London Hakk\u0131nda<\/h2>\n\n\n\n<p>Marylebone, Oxford Caddesi&#039;nin al\u0131\u015fveri\u015f b\u00f6lgesi ile daha sakin bir b\u00f6lge olan Regents Park aras\u0131nda kalan Londra&#039;n\u0131n varl\u0131kl\u0131 bir b\u00f6lgesidir.&nbsp;<\/p>\n\n\n\n<p>Marylebone sokaklar\u0131 G\u00fcrc\u00fc mimarisi, butik ma\u011fazalar ve restoranlarla dolu. B\u00f6lge Londra&#039;n\u0131n merkezinde yer alsa da, daha \u00e7ok kendi k\u00f6y\u00fc gibi hissettiriyor.&nbsp;<\/p>\n\n\n\n<p>Marylebone, Londra Metrosu arac\u0131l\u0131\u011f\u0131yla Londra&#039;n\u0131n geri kalan\u0131na m\u00fckemmel ula\u015f\u0131m ba\u011flant\u0131lar\u0131na sahiptir ve bu da onu ziyaret etmek i\u00e7in pop\u00fcler bir yer haline getirir.<\/p>\n\n\n\n<p><\/p>","protected":false},"excerpt":{"rendered":"<p>Londra&#039;da CO2 lazerle cilt yenilemenin sadece birka\u00e7 seansta cildinizin g\u00f6r\u00fcn\u00fcm\u00fcn\u00fc nas\u0131l iyile\u015ftirebilece\u011fini ke\u015ffedin. Derma Aesthetics London&#039;da, doktor liderli\u011findeki ekibimiz kusursuz bir cilde kavu\u015fman\u0131za yard\u0131mc\u0131 olacak lazer tedavileri konusunda uzmand\u0131r.<\/p>","protected":false},"author":4,"featured_media":1382,"parent":0,"menu_order":70,"comment_status":"closed","ping_status":"closed","template":"","meta":{"_gspb_post_css":"","pgc_sgb_lightbox_settings":"","footnotes":""},"class_list":["post-4373","page","type-page","status-publish","has-post-thumbnail","hentry"],"blocksy_meta":{"page_structure_type":"type-1","styles_descriptor":{"styles":{"desktop":"","tablet":"","mobile":""},"google_fonts":[],"version":6}},"_links":{"self":[{"href":"https:\/\/dermaaestheticslondon.com\/tr\/wp-json\/wp\/v2\/pages\/4373","targetHints":{"allow":["GET"]}}],"collection":[{"href":"https:\/\/dermaaestheticslondon.com\/tr\/wp-json\/wp\/v2\/pages"}],"about":[{"href":"https:\/\/dermaaestheticslondon.com\/tr\/wp-json\/wp\/v2\/types\/page"}],"author":[{"embeddable":true,"href":"https:\/\/dermaaestheticslondon.com\/tr\/wp-json\/wp\/v2\/users\/4"}],"replies":[{"embeddable":true,"href":"https:\/\/dermaaestheticslondon.com\/tr\/wp-json\/wp\/v2\/comments?post=4373"}],"version-history":[{"count":1,"href":"https:\/\/dermaaestheticslondon.com\/tr\/wp-json\/wp\/v2\/pages\/4373\/revisions"}],"predecessor-version":[{"id":4374,"href":"https:\/\/dermaaestheticslondon.com\/tr\/wp-json\/wp\/v2\/pages\/4373\/revisions\/4374"}],"wp:featuredmedia":[{"embeddable":true,"href":"https:\/\/dermaaestheticslondon.com\/tr\/wp-json\/wp\/v2\/media\/1382"}],"wp:attachment":[{"href":"https:\/\/dermaaestheticslondon.com\/tr\/wp-json\/wp\/v2\/media?parent=4373"}],"curies":[{"name":"wp","href":"https:\/\/api.w.org\/{rel}","templated":true}]}}