{"id":4448,"date":"2025-12-22T09:30:00","date_gmt":"2025-12-22T09:30:00","guid":{"rendered":"https:\/\/dermaaestheticslondon.com\/?page_id=4448"},"modified":"2025-12-21T22:28:27","modified_gmt":"2025-12-21T22:28:27","slug":"non-surgical-facelift-london","status":"publish","type":"page","link":"https:\/\/dermaaestheticslondon.com\/tr\/non-surgical-facelift-london\/","title":{"rendered":"Londra&#039;da Ameliyats\u0131z Y\u00fcz Germe"},"content":{"rendered":"<p>Derma Aesthetics London, cerrahi m\u00fcdahaleye gerek kalmadan daha gen\u00e7 bir g\u00f6r\u00fcn\u00fcme kavu\u015fman\u0131za yard\u0131mc\u0131 olabilir. <strong>Londra&#039;da cerrahi olmayan y\u00fcz germe.<\/strong><\/p>\n\n\n\n<p>Ameliyats\u0131z y\u00fcz germe, kaybedilen hacmi geri kazanman\u0131za, sarkm\u0131\u015f cildi toparlaman\u0131za ve y\u00fcz hatlar\u0131n\u0131za belirginlik kazand\u0131rman\u0131za yard\u0131mc\u0131 olabilir.&nbsp;<\/p>\n\n\n\n<p>Dahas\u0131, y\u00fcz\u00fcn\u00fcz\u00fc tamamen de\u011fi\u015ftirmek zorunda kalmazs\u0131n\u0131z veya uzun iyile\u015fme s\u00fcre\u00e7leriyle u\u011fra\u015fman\u0131za gerek kalmaz.&nbsp;<\/p>\n\n\n\n<p>Londra merkez klini\u011fimizde, doktorlar\u0131m\u0131z ve sa\u011fl\u0131k uzmanlar\u0131m\u0131zdan olu\u015fan ekibimiz \u015fu alanlarda uzmand\u0131r: <a href=\"https:\/\/dermaaestheticslondon.com\/tr\/treatments\/facial-harmonisation\/\">y\u00fcz uyumu<\/a> tedavi.&nbsp;<\/p>\n\n\n\n<p>Bu y\u00f6ntem, y\u00fcz hatlar\u0131n\u0131za daha fazla denge kazand\u0131rmak ve istedi\u011finiz sonu\u00e7lar\u0131 g\u00f6rmenize yard\u0131mc\u0131 olmak i\u00e7in dermal dolgu maddeleri ve k\u0131r\u0131\u015f\u0131kl\u0131k kar\u015f\u0131t\u0131 tedavinin kullan\u0131m\u0131n\u0131 birle\u015ftirir.&nbsp;<\/p>\n\n\n\n<p>Derma Aesthetics London&#039;da, cilt sorunlar\u0131n\u0131za ve cilt hedeflerinize uygun, ki\u015fiye \u00f6zel bir tedavi \u00e7\u00f6z\u00fcm\u00fcyle bak\u0131m alacaks\u0131n\u0131z.<\/p>\n\n\n\n<p>&nbsp;Size g\u00fcvenli ve etkili bir tedavi deneyimi sunmak i\u00e7in geli\u015fmi\u015f teknikler kullan\u0131yoruz.&nbsp;<\/p>\n\n\n\n<p>Cerrahi y\u00fcz germe i\u015fleminden ka\u00e7\u0131nmak ancak yine de do\u011fal g\u00f6r\u00fcn\u00fcml\u00fc sonu\u00e7lar elde etmek istiyorsan\u0131z, Londra&#039;daki klini\u011fimizle ileti\u015fime ge\u00e7erek cerrahi olmayan y\u00fcz germe i\u015flemi i\u00e7in \u00f6n g\u00f6r\u00fc\u015fme randevusu alabilirsiniz.&nbsp;<\/p>\n\n\n\n<p><a href=\"https:\/\/dermaaestheticslondon.com\/tr\/contact\/\">DANI\u015eMA RANDEVUSU ALIN<\/a><\/p>\n\n\n\n<figure class=\"wp-block-image size-full\"><img decoding=\"async\" width=\"640\" height=\"640\" src=\"https:\/\/dermaaestheticslondon.com\/wordpress\/wp-content\/uploads\/2025\/05\/Exosomes-Treatment.jpeg\" alt=\"Non-Surgical Facelift London\" class=\"wp-image-3705\" srcset=\"https:\/\/dermaaestheticslondon.com\/wordpress\/wp-content\/uploads\/2025\/05\/Exosomes-Treatment.jpeg 640w, https:\/\/dermaaestheticslondon.com\/wordpress\/wp-content\/uploads\/2025\/05\/Exosomes-Treatment-300x300.jpeg 300w, https:\/\/dermaaestheticslondon.com\/wordpress\/wp-content\/uploads\/2025\/05\/Exosomes-Treatment-150x150.jpeg 150w, https:\/\/dermaaestheticslondon.com\/wordpress\/wp-content\/uploads\/2025\/05\/Exosomes-Treatment-12x12.jpeg 12w\" sizes=\"(max-width: 640px) 100vw, 640px\" \/><\/figure>\n\n\n\n<h2 class=\"wp-block-heading\" id=\"what-is-endolift-treatment\">Ameliyats\u0131z y\u00fcz germe y\u00f6ntemini neden d\u00fc\u015f\u00fcnmelisiniz?<\/h2>\n\n\n\n<p>Y\u00fcz\u00fcn\u00fczde tam bir gen\u00e7le\u015fme sa\u011flamak istiyor ancak ameliyat\u0131n risklerinden ve iyile\u015fme s\u00fcrecinden ka\u00e7\u0131nmak istiyorsan\u0131z, ameliyats\u0131z y\u00fcz germe harika bir se\u00e7enektir.<\/p>\n\n\n\n<p>Ameliyats\u0131z y\u00fcz germe, di\u011fer ad\u0131yla s\u0131v\u0131 y\u00fcz germe, a\u015fa\u011f\u0131dakiler de dahil olmak \u00fczere bir dizi fayda sa\u011flar:<\/p>\n\n\n\n<p>\u00b7 &nbsp; &nbsp; &nbsp; <strong>Minimum kesinti s\u00fcresi<\/strong> \u2013 Hastalar\u0131n \u00e7o\u011fu tedavi sonras\u0131nda k\u0131sa s\u00fcre i\u00e7inde normal rutinlerine geri d\u00f6ner.<\/p>\n\n\n\n<p>\u00b7 &nbsp; &nbsp; &nbsp; <strong>\u0130nvaziv cerrahi yok <\/strong>\u2013 bu da kesi, yara izi veya genel anesteziye gerek olmad\u0131\u011f\u0131 anlam\u0131na geliyor.<\/p>\n\n\n\n<p>\u00b7 &nbsp; &nbsp; &nbsp; <strong>Do\u011fal iyile\u015ftirme <\/strong>\u2013 Biz sadece do\u011fal g\u00fczelli\u011finizi vurguluyoruz, y\u00fcz yap\u0131n\u0131zda veya \u00f6zelliklerinizde de\u011fi\u015fiklik yapm\u0131yoruz.<\/p>\n\n\n\n<p>\u00b7 &nbsp; &nbsp; &nbsp; <strong>Ki\u015fiye \u00f6zel sonu\u00e7lar<\/strong> Y\u00fcz \u015feklinize ve yap\u0131n\u0131za g\u00f6re, istedi\u011finiz sonu\u00e7lara ula\u015fman\u0131za yard\u0131mc\u0131 olacak \u00f6zel bir tedavi plan\u0131 olu\u015fturaca\u011f\u0131z.<\/p>\n\n\n\n<p>\u00b7 &nbsp; &nbsp; &nbsp; <strong>An\u0131nda sonu\u00e7lar <\/strong>\u2013 Cildinizin an\u0131nda daha dolgun ve gerginle\u015fti\u011fini g\u00f6receksiniz ve \u00fcr\u00fcnler cildinize yerle\u015ftik\u00e7e bu etki daha da iyile\u015fecektir.<\/p>\n\n\n\n<p>\u00b7 Bak\u0131n <strong>sarkm\u0131\u015f ciltte azalma<\/strong> ve geli\u015ftirildi <strong>cilt elastikiyeti<\/strong><\/p>\n\n\n\n<p>Ya\u015flanma s\u00fcreci y\u00fcz\u00fcn\u00fczde hacim kayb\u0131na, ince \u00e7izgilere ve sarkmaya neden olmaya ba\u015flad\u0131ysa, cerrahi olmayan bir y\u00fcz germe i\u015flemi, kendinizi yeniden daha iyi hissetmenize ve daha iyi g\u00f6r\u00fcnmenize yard\u0131mc\u0131 olabilir.<\/p>\n\n\n\n<h2 class=\"wp-block-heading\" id=\"the-best-non-surgical-facelift-in-london\">Londra&#039;daki en iyi ameliyats\u0131z y\u00fcz germe<\/h2>\n\n\n\n<p>Derma Aesthetics London&#039;da, y\u00fcz uyumla\u015ft\u0131rma i\u015flemimizde en g\u00fc\u00e7l\u00fc iki enjeksiyonlu tedavi y\u00f6ntemini kullan\u0131yoruz. Bu iki y\u00f6ntem birlikte, minimum iyile\u015fme s\u00fcresiyle ki\u015fiye \u00f6zel y\u00fcz iyile\u015ftirmesi sa\u011flaman\u0131n bir yolunu sunar.&nbsp;<\/p>\n\n\n\n<h3 class=\"wp-block-heading\" id=\"dermal-fillers\">Dermal dolgular&nbsp;<\/h3>\n\n\n\n<p>Ameliyats\u0131z y\u00fcz germe tedavimizin \u00f6nemli bir par\u00e7as\u0131, a\u015fa\u011f\u0131dakilerin kullan\u0131lmas\u0131d\u0131r: <a href=\"https:\/\/dermaaestheticslondon.com\/tr\/treatment-category\/dermal-fillers\/\">dermal dolgu maddeleri<\/a>. Bunlar, hyaluronik asit i\u00e7eren yumu\u015fak jel benzeri bir maddeden olu\u015fan enjekte edilebilir bir tedavi y\u00f6ntemidir.&nbsp;<\/p>\n\n\n\n<p>Dermal dolgular dudaklarda, yanaklarda ve g\u00f6z altlar\u0131nda hacim kazand\u0131rmaya yard\u0131mc\u0131 olur. Ayr\u0131ca \u00e7ene ve \u00e7ene hatt\u0131 \u00e7evresindeki cildi belirginle\u015ftirebilir ve kald\u0131rabilirler.&nbsp;<\/p>\n\n\n\n<h4 class=\"wp-block-heading\" id=\"how-does-dermal-filler-treatment-work\">Dermal dolgu tedavisi nas\u0131l \u00e7al\u0131\u015f\u0131r?<\/h4>\n\n\n\n<p>Doktorumuz, sarkm\u0131\u015f cildi toparlamak, cildi dolgunla\u015ft\u0131rmak ve y\u00fcz hatlar\u0131n\u0131z\u0131 belirginle\u015ftirmek i\u00e7in dermal dolgu maddelerini hassas bir \u015fekilde tedavi edilecek kilit b\u00f6lgelere enjekte etmek i\u00e7in \u00e7ok ince bir i\u011fne kullan\u0131r.<\/p>\n\n\n\n<p>G\u00f6z alt\u0131 \u00e7ukurlar\u0131n\u0131 doldurabilir, yanaklara \u015fekil vermek i\u00e7in dolgu uygulayabilir, y\u00fcz\u00fc kald\u0131rabilir ve ayr\u0131ca \u00e7ene hatt\u0131n\u0131 ve zay\u0131f \u00e7eneyi yumu\u015fatabilir veya daha belirgin hale getirebiliriz.<\/p>\n\n\n\n<h4 class=\"wp-block-heading\" id=\"dermal-fillers-results\">Dermal dolgu sonu\u00e7lar\u0131&nbsp;<\/h4>\n\n\n\n<p>Tedavi edilen b\u00f6lgede an\u0131nda iyile\u015fme g\u00f6receksiniz. Bu, daha dolgun ve s\u0131k\u0131 bir cilt ve daha gen\u00e7 g\u00f6r\u00fcn\u00fcml\u00fc y\u00fcz hatlar\u0131n\u0131 i\u00e7erecektir.&nbsp;<\/p>\n\n\n\n<p>Nihai sonu\u00e7lar\u0131n ortaya \u00e7\u0131kmas\u0131 iki haftaya kadar s\u00fcrebilir. Bu s\u00fcre zarf\u0131nda, dermal dolgu maddeleri yerle\u015fecektir.<\/p>\n\n\n\n<p>Cilt ihtiya\u00e7lar\u0131n\u0131za ve v\u00fccudunuzun dolgu maddelerine verdi\u011fi tepkiye ba\u011fl\u0131 olarak, dermal dolgu tedavisi 12-24 ay s\u00fcrebilir.&nbsp;<\/p>\n\n\n\n<h3 class=\"wp-block-heading\" id=\"anti-wrinkle-injections\">K\u0131r\u0131\u015f\u0131kl\u0131k kar\u015f\u0131t\u0131 enjeksiyonlar<\/h3>\n\n\n\n<p>K\u0131r\u0131\u015f\u0131kl\u0131k \u00f6nleyici enjeksiyonlar veya <a href=\"https:\/\/dermaaestheticslondon.com\/tr\/treatment-category\/anti-wrinkle-treatments\/\">k\u0131r\u0131\u015f\u0131kl\u0131k kar\u015f\u0131t\u0131 tedavi<\/a> Y\u00fczdeki ince \u00e7izgilerin olu\u015fmas\u0131na neden olan kaslar\u0131 hedef alarak gev\u015fetmek i\u00e7in botulinum toksini (safla\u015ft\u0131r\u0131lm\u0131\u015f bir protein) kullan\u0131r.&nbsp;<\/p>\n\n\n\n<p>Kas gev\u015fetici enjeksiyonlar, kaz aya\u011f\u0131, ka\u015f aras\u0131 \u00e7izgileri, al\u0131n \u00e7izgileri ve burun kenar\u0131 \u00e7izgileri gibi ince \u00e7izgiler ve k\u0131r\u0131\u015f\u0131kl\u0131klar \u00fczerinde iyi sonu\u00e7 verir. Ayr\u0131ca sarkm\u0131\u015f ka\u015flar\u0131 ve a\u015fa\u011f\u0131 do\u011fru e\u011fimli a\u011f\u0131z k\u00f6\u015felerini kald\u0131rmaya da yard\u0131mc\u0131 olabilirler.&nbsp;<\/p>\n\n\n\n<h4 class=\"wp-block-heading\" id=\"how-do-anti-wrinkle-injections-work\">K\u0131r\u0131\u015f\u0131kl\u0131k \u00f6nleyici enjeksiyonlar nas\u0131l \u00e7al\u0131\u015f\u0131r?<\/h4>\n\n\n\n<p>Y\u00fczdeki ifade \u00e7izgilerinin olu\u015fmas\u0131na neden olan belirli kaslara \u00e7ok ince bir i\u011fne kullanarak enjeksiyon yap\u0131yoruz. Bu i\u011fne, kas\u0131n k\u0131sa bir s\u00fcre \u00e7al\u0131\u015fmas\u0131n\u0131 engelleyerek cildin p\u00fcr\u00fczs\u00fczle\u015fmesine yard\u0131mc\u0131 oluyor.&nbsp;<\/p>\n\n\n\n<h4 class=\"wp-block-heading\" id=\"results-from-anti-wrinkle-injections\">K\u0131r\u0131\u015f\u0131kl\u0131k \u00f6nleyici enjeksiyonlar\u0131n sonu\u00e7lar\u0131<\/h4>\n\n\n\n<p>Kas gev\u015fetici enjeksiyonlar\u0131n sonu\u00e7lar\u0131 hemen ortaya \u00e7\u0131kmaz. Kaslar \u00fczerinde etkisini g\u00f6stermesi ve ince \u00e7izgileri azaltmas\u0131 iki haftaya kadar s\u00fcrebilir.&nbsp;<\/p>\n\n\n\n<p>Bu i\u015flemden sonra, 3-4 aya kadar daha gen\u00e7 bir g\u00f6r\u00fcn\u00fcm ve p\u00fcr\u00fczs\u00fcz bir cilt elde edeceksiniz. Y\u00fcze uyum sa\u011flamak ve y\u00fcze hafif bir lifting etkisi katmak i\u00e7in genellikle dermal dolgularla birlikte kullan\u0131yoruz.&nbsp;<\/p>\n\n\n\n<h2 class=\"wp-block-heading\" id=\"endolift-another-powerful-non-surgical-treatment-option\">Endolift \u2013 cerrahi olmayan g\u00fc\u00e7l\u00fc bir tedavi se\u00e7ene\u011fi daha.<\/h2>\n\n\n\n<p id=\"the-endolift-treatment-is-a-skin-tightening-treatment-that-uses-laser-energy-to-contract-and-lift-sagging-skin-tissue-it-also-helps-to-stimulate-collagen-production-which-helps-to-plump-and-firm-the-skin-over-time\">The <a href=\"https:\/\/dermaaestheticslondon.com\/tr\/treatments\/endolift\/\">Endolift tedavisi<\/a> Cilt s\u0131k\u0131la\u015ft\u0131rma tedavisi, sarkm\u0131\u015f cilt dokusunu s\u0131k\u0131la\u015ft\u0131rmak ve kald\u0131rmak i\u00e7in lazer enerjisi kullan\u0131r. Ayr\u0131ca kolajen \u00fcretimini uyararak zamanla cildin dolgunla\u015fmas\u0131na ve s\u0131k\u0131la\u015fmas\u0131na yard\u0131mc\u0131 olur.&nbsp;<\/p>\n\n\n\n<p id=\"this-non-invasive-treatment-can-also-reduce-small-pockets-of-fat-in-the-face-such-as-a-double-chin-or-sagging-jowls-this-means-you-will-see-a-more-sculpted-and-defined-face\">Bu invaziv olmayan tedavi, \u00e7ift \u00e7ene veya sarkm\u0131\u015f yanaklar gibi y\u00fczdeki k\u00fc\u00e7\u00fck ya\u011f birikintilerini de azaltabilir. Bu da daha \u015fekilli ve belirgin bir y\u00fcze sahip olaca\u011f\u0131n\u0131z anlam\u0131na gelir.&nbsp;<\/p>\n\n\n\n<h3 class=\"wp-block-heading\" id=\"how-does-endolift-skin-tightening-treatment-work\">Endolift cilt s\u0131k\u0131la\u015ft\u0131rma tedavisi nas\u0131l \u00e7al\u0131\u015f\u0131r?<\/h3>\n\n\n\n<p id=\"the-treatment-uses-ultra-fine-micro-optical-fibres-to-deliver-laser-energy-to-the-deeper-and-superficial-layers-of-the-skin-this-works-by-heating-up-excess-fat-cells-to-melt-them-to-allow-your-body-to-flush-them-out-naturally\">Bu tedavi, lazer enerjisini cildin daha derin ve y\u00fczeysel katmanlar\u0131na iletmek i\u00e7in ultra ince mikro optik fiberler kullan\u0131r. Bu sayede fazla ya\u011f h\u00fccreleri \u0131s\u0131t\u0131larak eritilir ve v\u00fccudunuzun bunlar\u0131 do\u011fal yollarla d\u0131\u015far\u0131 atmas\u0131 sa\u011flan\u0131r.&nbsp;<\/p>\n\n\n\n<p id=\"the-laser-energy-also-helps-to-tighten-skin-improve-skin-laxity-and-promote-new-collagen-to-form-we-can-combine-this-with-injectable-treatments-to-provide-full-facial-rejuvenation\">Lazer enerjisi ayr\u0131ca cildi s\u0131k\u0131la\u015ft\u0131rmaya, cilt gev\u015fekli\u011fini gidermeye ve yeni kolajen olu\u015fumunu desteklemeye yard\u0131mc\u0131 olur. Tam bir y\u00fcz gen\u00e7le\u015ftirme sa\u011flamak i\u00e7in bunu enjeksiyonlu tedavilerle birle\u015ftirebiliriz.&nbsp;<\/p>\n\n\n\n<h3 class=\"wp-block-heading\" id=\"endolift-results\">Endolift sonu\u00e7lar\u0131<\/h3>\n\n\n\n<p id=\"some-patients-only-need-one-endolift-treatment-to-see-great-results-however-if-you-have-moderate-skin-laxity-issues-or-wish-to-reduce-sagging-skin-in-multiple-areas-you-will-need-more-than-one-treatment-session-we-will-discuss-this-with-you-at-your-consultation\">Baz\u0131 hastalar i\u00e7in m\u00fckemmel sonu\u00e7lar g\u00f6rmek i\u00e7in sadece bir Endolift tedavisi yeterlidir. Ancak, orta derecede cilt sarkmas\u0131 sorununuz varsa veya birden fazla b\u00f6lgedeki sarkmay\u0131 azaltmak istiyorsan\u0131z, birden fazla tedavi seans\u0131na ihtiyac\u0131n\u0131z olacakt\u0131r. Bunu sizinle kons\u00fcltasyonunuzda g\u00f6r\u00fc\u015fece\u011fiz.&nbsp;<\/p>\n\n\n\n<p id=\"the-results-from-endolift-are-long-lasting-you-will-see-some-immediate-improvements-in-the-firmness-of-your-skin-but-this-will-also-improve-over-the-following-six-months-at-new-collagen-forms\">Endolift&#039;in sonu\u00e7lar\u0131 uzun s\u00fcrelidir. Cildinizin s\u0131k\u0131l\u0131\u011f\u0131nda hemen baz\u0131 iyile\u015fmeler g\u00f6receksiniz, ancak bu durum yeni kolajen olu\u015fumuyla birlikte sonraki alt\u0131 ay i\u00e7inde de iyile\u015fmeye devam edecektir.&nbsp;<\/p>\n\n\n\n<h2 class=\"wp-block-heading\" id=\"book-your-initial-consultation-for-a-non-surgical-facelift-london\">Londra&#039;da cerrahi olmayan y\u00fcz germe i\u00e7in ilk kons\u00fcltasyonunuzu ay\u0131rt\u0131n.<\/h2>\n\n\n\n<p>Ameliyats\u0131z y\u00fcz germe i\u015flemlerinden m\u00fckemmel sonu\u00e7lar almak istiyorsan\u0131z, Derma Aesthetics London&#039;daki t\u0131p uzmanlar\u0131m\u0131z\u0131n deneyimine g\u00fcvenin.<\/p>\n\n\n\n<p>Y\u0131llar i\u00e7inde edindi\u011fimiz bilgi ve e\u011fitimi kullanarak, y\u00fcz \u015feklinize uygun ve do\u011fal g\u00fczelli\u011finizi vurgulayan sonu\u00e7lar sunuyoruz.&nbsp;<\/p>\n\n\n\n<p>Sizin ve cildiniz i\u00e7in en uygun tedavi plan\u0131n\u0131 geli\u015ftirmek \u00fczere sizinle birlikte \u00e7al\u0131\u015faca\u011f\u0131z. Ameliyats\u0131z olarak daha kalk\u0131k, \u015fekilli ve gen\u00e7 bir y\u00fcze kavu\u015fma yolculu\u011funa ba\u015flamaya haz\u0131rsan\u0131z, bug\u00fcn bizimle ileti\u015fime ge\u00e7in.&nbsp;<\/p>\n\n\n\n<p><a href=\"https:\/\/dermaaestheticslondon.com\/tr\/contact\/\">\u0130LET\u0130\u015e\u0130ME GE\u00c7\u0130N<\/a><\/p>\n\n\n\n<h2 class=\"wp-block-heading\" id=\"how-to-find-our-london-clinic\">Londra klini\u011fimizi nas\u0131l bulabilirsiniz?<\/h2>\n\n\n\n<p>Derma Aesthetics London klini\u011fi, bir\u00e7ok \u00f6zel sa\u011fl\u0131k ve estetik t\u0131p uzman\u0131n\u0131n bulundu\u011fu Harley Caddesi&#039;nde yer almaktad\u0131r. Ayr\u0131ca Oxford Caddesi&#039;ne k\u0131sa bir y\u00fcr\u00fcy\u00fc\u015f mesafesindeyiz, b\u00f6ylece tedavinizden sonra al\u0131\u015fveri\u015fin tad\u0131n\u0131 \u00e7\u0131karabilirsiniz.&nbsp;<\/p>\n\n\n\n<p>Oxford Circus Metro \u0130stasyonu&#039;na on dakikal\u0131k y\u00fcr\u00fcme mesafesindeyiz. E\u011fer otob\u00fcsle seyahat ediyorsan\u0131z<\/p>\n\n\n\n<p>Araban\u0131z varsa, Harley Caddesi&#039;nde geni\u015f bir \u00fccretli otopark alan\u0131 mevcuttur.&nbsp;&nbsp;&nbsp;<\/p>\n\n\n\n<h3 class=\"wp-block-heading\" id=\"address\">Adres<\/h3>\n\n\n\n<p>39 Harley Caddesi<br>Londra&nbsp;<br>W1G 8QH<\/p>\n\n\n<p><iframe src=\"https:\/\/www.google.com\/maps\/embed?pb=!1m14!1m8!1m3!1d9930.899153256332!2d-0.1468513!3d51.5182649!3m2!1i1024!2i768!4f13.1!3m3!1m2!1s0x487611e416322439%3A0xb84cf932b11cbe62!2sDerma%20Aesthetics%20London!5e0!3m2!1sen!2suk!4v1699790340707!5m2!1sen!2suk\" width=\"100%\" height=\"450\" style=\"border:0;\" allowfullscreen=\"\" loading=\"lazy\" referrerpolicy=\"no-referrer-when-downgrade\"><\/iframe><\/p>","protected":false},"excerpt":{"rendered":"<p>Derma Aesthetics London, Londra&#039;da cerrahi m\u00fcdahale gerektirmeyen y\u00fcz germe y\u00f6ntemiyle daha gen\u00e7 bir g\u00f6r\u00fcn\u00fcme kavu\u015fman\u0131za yard\u0131mc\u0131 olabilir.<\/p>","protected":false},"author":4,"featured_media":3705,"parent":0,"menu_order":70,"comment_status":"closed","ping_status":"closed","template":"","meta":{"_gspb_post_css":"","pgc_sgb_lightbox_settings":"","footnotes":""},"class_list":["post-4448","page","type-page","status-publish","has-post-thumbnail","hentry"],"blocksy_meta":{"page_structure_type":"type-1","styles_descriptor":{"styles":{"desktop":"","tablet":"","mobile":""},"google_fonts":[],"version":6}},"_links":{"self":[{"href":"https:\/\/dermaaestheticslondon.com\/tr\/wp-json\/wp\/v2\/pages\/4448","targetHints":{"allow":["GET"]}}],"collection":[{"href":"https:\/\/dermaaestheticslondon.com\/tr\/wp-json\/wp\/v2\/pages"}],"about":[{"href":"https:\/\/dermaaestheticslondon.com\/tr\/wp-json\/wp\/v2\/types\/page"}],"author":[{"embeddable":true,"href":"https:\/\/dermaaestheticslondon.com\/tr\/wp-json\/wp\/v2\/users\/4"}],"replies":[{"embeddable":true,"href":"https:\/\/dermaaestheticslondon.com\/tr\/wp-json\/wp\/v2\/comments?post=4448"}],"version-history":[{"count":2,"href":"https:\/\/dermaaestheticslondon.com\/tr\/wp-json\/wp\/v2\/pages\/4448\/revisions"}],"predecessor-version":[{"id":4452,"href":"https:\/\/dermaaestheticslondon.com\/tr\/wp-json\/wp\/v2\/pages\/4448\/revisions\/4452"}],"wp:featuredmedia":[{"embeddable":true,"href":"https:\/\/dermaaestheticslondon.com\/tr\/wp-json\/wp\/v2\/media\/3705"}],"wp:attachment":[{"href":"https:\/\/dermaaestheticslondon.com\/tr\/wp-json\/wp\/v2\/media?parent=4448"}],"curies":[{"name":"wp","href":"https:\/\/api.w.org\/{rel}","templated":true}]}}