{"id":4551,"date":"2026-01-20T09:05:00","date_gmt":"2026-01-20T09:05:00","guid":{"rendered":"https:\/\/dermaaestheticslondon.com\/?page_id=4551"},"modified":"2026-01-20T05:08:51","modified_gmt":"2026-01-20T05:08:51","slug":"non-surgical-facelift-knightsbridge","status":"publish","type":"page","link":"https:\/\/dermaaestheticslondon.com\/tr\/non-surgical-facelift-knightsbridge\/","title":{"rendered":"Knightsbridge&#039;de Ameliyats\u0131z Y\u00fcz Germe"},"content":{"rendered":"<p>Daha gen\u00e7 bir g\u00f6r\u00fcn\u00fcm elde edin ve do\u011fal g\u00fczelli\u011finizi invaziv olmayan i\u015flemlerle geli\u015ftirin. <strong>Knightsbridge&#039;de ameliyats\u0131z y\u00fcz germe<\/strong>.<\/p>\n\n\n\n<p>Derma Aesthetics London&#039;daki doktor liderli\u011findeki ekibimiz \u015fu hizmetleri sunmaktad\u0131r: <a href=\"https:\/\/dermaaestheticslondon.com\/tr\/treatments\/facial-harmonisation\/\">y\u00fcz uyumu<\/a> Hacim kayb\u0131n\u0131 gidermeye, k\u0131r\u0131\u015f\u0131kl\u0131klar\u0131 azaltmaya, y\u00fcz hatlar\u0131n\u0131 iyile\u015ftirmeye ve sarkm\u0131\u015f cildi toparlamaya yard\u0131mc\u0131 olan bir tedavi.&nbsp;<\/p>\n\n\n\n<p>Knightsbridge yak\u0131nlar\u0131ndaki cerrahi olmayan y\u00fcz germe i\u015flemi, y\u00fcz hatlar\u0131n\u0131z\u0131 dengelemeye ve cildinizi dolgunla\u015ft\u0131rmaya yard\u0131mc\u0131 olmak i\u00e7in dermal dolgu maddeleri ve k\u0131r\u0131\u015f\u0131kl\u0131k \u00f6nleyici enjeksiyonlar\u0131n kullan\u0131m\u0131n\u0131 i\u00e7erir.&nbsp;<\/p>\n\n\n\n<p>Cilt s\u0131k\u0131la\u015ft\u0131rma teknolojimizi de kullanabiliriz \u2013 <a href=\"https:\/\/dermaaestheticslondon.com\/tr\/treatments\/endolift\/\">Endolift<\/a> \u00c7ene ve \u00e7ene hatt\u0131 \u00e7evresindeki cildi s\u0131k\u0131la\u015ft\u0131rmak ve kald\u0131rmak i\u00e7in.<\/p>\n\n\n\n<p>Derma Aesthetics London&#039;da ekibimiz estetik t\u0131bb\u0131n t\u00fcm alanlar\u0131nda son derece e\u011fitimlidir.&nbsp;<\/p>\n\n\n\n<p>Cilt durumunuza, cilt sorunlar\u0131n\u0131za ve estetik hedeflerinize uygun, ki\u015fiye \u00f6zel tedavi planlar\u0131 geli\u015ftiriyoruz.<\/p>\n\n\n\n<p>Klinik olarak kan\u0131tlanm\u0131\u015f ve ola\u011fan\u00fcst\u00fc sonu\u00e7lar veren tedaviler ar\u0131yorsan\u0131z, Londra&#039;daki cilt klini\u011fimizde cerrahi olmayan y\u00fcz germe i\u015fleminden ba\u015fka bir yere bakman\u0131za gerek yok. \u0130lk g\u00f6r\u00fc\u015fmeniz i\u00e7in a\u015fa\u011f\u0131daki formu doldurarak randevunuzu al\u0131n.<\/p>\n\n\n\n<p><a href=\"https:\/\/dermaaestheticslondon.com\/tr\/contact\/\">B\u0130ZE ULA\u015eIN<\/a><\/p>\n\n\n\n<figure class=\"wp-block-image size-full\"><img decoding=\"async\" width=\"667\" height=\"667\" src=\"https:\/\/dermaaestheticslondon.com\/wordpress\/wp-content\/uploads\/2024\/01\/hifu-skin-tightening.webp\" alt=\"Non-Surgical Facelift Knightsbridge\" class=\"wp-image-1399\" srcset=\"https:\/\/dermaaestheticslondon.com\/wordpress\/wp-content\/uploads\/2024\/01\/hifu-skin-tightening.webp 667w, https:\/\/dermaaestheticslondon.com\/wordpress\/wp-content\/uploads\/2024\/01\/hifu-skin-tightening-300x300.webp 300w, https:\/\/dermaaestheticslondon.com\/wordpress\/wp-content\/uploads\/2024\/01\/hifu-skin-tightening-150x150.webp 150w\" sizes=\"(max-width: 667px) 100vw, 667px\" \/><\/figure>\n\n\n\n<h2 class=\"wp-block-heading\" id=\"what-is-endolift-treatment\">Ameliyats\u0131z y\u00fcz germe y\u00f6ntemini ameliyata tercih etmenin nedenleri nelerdir?<\/h2>\n\n\n\n<p>Cerrahi y\u00fcz germe yapt\u0131rmay\u0131 d\u00fc\u015f\u00fcnd\u00fcyseniz ancak riskler ve iyile\u015fme s\u00fcresi konusunda endi\u015feleriniz varsa, cerrahi olmayan bir se\u00e7enek harika bir alternatiftir.&nbsp;<\/p>\n\n\n\n<p>Ameliyats\u0131z y\u00fcz germe i\u015flemi, derin kesiler, uzun iyile\u015fme s\u00fcreleri i\u00e7ermez ve y\u00fcz\u00fcn\u00fczde kal\u0131c\u0131 de\u011fi\u015fiklikler b\u0131rakmaz.&nbsp;<\/p>\n\n\n\n<p>Y\u00fcz uyumland\u0131rma tedavisini \u015fu nedenlerle \u00f6neriyoruz:<\/p>\n\n\n\n<p>\u2022 Minimum iyile\u015fme s\u00fcresi ve d\u00fc\u015f\u00fck a\u011fr\u0131l\u0131 veya a\u011fr\u0131s\u0131z bir se\u00e7enek<\/p>\n\n\n\n<p>\u2022 Komplikasyon riski daha d\u00fc\u015f\u00fck (estetik uzman\u0131 taraf\u0131ndan yap\u0131ld\u0131\u011f\u0131nda)<\/p>\n\n\n\n<p>\u2022 Y\u00fcz\u00fcn\u00fczde kademeli ve do\u011fal g\u00f6r\u00fcn\u00fcml\u00fc iyile\u015fmeler<\/p>\n\n\n\n<p>\u2022 Genel anesteziye gerek yok&nbsp;<\/p>\n\n\n\n<p>\u2022 Cilt tipinize ve cilt durumunuza en uygun sonu\u00e7lar\u0131 elde etmek i\u00e7in kolayca ki\u015fiselle\u015ftirilebilir.<\/p>\n\n\n\n<p>\u2022 S\u00fcrekli iyile\u015fme i\u00e7in do\u011fal kolajen \u00fcretimini uyarabilir.<\/p>\n\n\n\n<p>\u0130ster sarkm\u0131\u015f cildi toparlamak, ister \u00e7ene alt\u0131 sarkmalar\u0131n\u0131 azaltmak, k\u0131r\u0131\u015f\u0131kl\u0131klar\u0131 en aza indirmek veya hafif bir ka\u015f kald\u0131rma etkisi yaratmak isteyin, en iyi sonu\u00e7lar\u0131 elde etmenize yard\u0131mc\u0131 olabiliriz.&nbsp;<\/p>\n\n\n\n<h2 class=\"wp-block-heading\" id=\"the-best-non-surgical-facelift-in-knightsbridge\">Knightsbridge&#039;deki en iyi ameliyats\u0131z y\u00fcz germe<\/h2>\n\n\n\n<h3 class=\"wp-block-heading\" id=\"facial-harmonisation-treatment\">Y\u00fcz Uyumla\u015ft\u0131rma Tedavisi<\/h3>\n\n\n\n<p>Ameliyats\u0131z y\u00fcz germe uygulamam\u0131zda, y\u00fcz uyumla\u015ft\u0131rma tedavimizi temel al\u0131yoruz. Bu tedavi, do\u011fal \u00f6zelliklerinizi belirginle\u015ftirmek ve daha gen\u00e7 bir g\u00f6r\u00fcn\u00fcm kazand\u0131rmak i\u00e7in dermal dolgu maddeleri ile k\u0131r\u0131\u015f\u0131kl\u0131k \u00f6nleyici enjeksiyonlar\u0131 birle\u015ftirir.&nbsp;<\/p>\n\n\n\n<h4 class=\"wp-block-heading\" id=\"dermal-fillers\">Dermal dolgular<\/h4>\n\n\n\n<p><a href=\"https:\/\/dermaaestheticslondon.com\/tr\/treatment-category\/dermal-fillers\/\">Dermal dolgular<\/a> Enjeksiyon yoluyla uygulanan bu tedavilerde, y\u00fcz hacmini geri kazand\u0131rmak, y\u00fcz hatlar\u0131n\u0131 \u015fekillendirmek ve belirginlik eklemek i\u00e7in yumu\u015fak, jel benzeri bir madde kullan\u0131l\u0131r.&nbsp;<\/p>\n\n\n\n<p>V\u00fccutta do\u011fal olarak bulunan bir madde olan hyaluronik asit dolgular\u0131 kullan\u0131yoruz. Cildi nemlendirmeye, s\u0131k\u0131la\u015ft\u0131rmaya ve dolgunla\u015ft\u0131rmaya yard\u0131mc\u0131 olur. Ayr\u0131ca daha do\u011fal g\u00f6r\u00fcn\u00fcml\u00fc sonu\u00e7lar elde edilmesini sa\u011flar.<\/p>\n\n\n\n<p>Dolgu maddeleriyle \u015funlar\u0131 yapabiliriz:<\/p>\n\n\n\n<p>\u2022 Y\u00fcz orta germe etkisi i\u00e7in yanaklar\u0131 belirginle\u015ftirin.<\/p>\n\n\n\n<p>\u2022 \u00c7ene hatt\u0131n\u0131 belirginle\u015ftirin ve sark\u0131k yanaklar\u0131 azalt\u0131n<\/p>\n\n\n\n<p>\u2022 \u00c7ift \u00e7eneyi k\u00fc\u00e7\u00fclt\u00fcn veya \u00e7ene b\u00f6lgesine daha fazla belirginlik kazand\u0131r\u0131n<\/p>\n\n\n\n<p>\u2022 G\u00f6z alt\u0131 morluklar\u0131n\u0131 ve g\u00f6z alt\u0131 b\u00f6lgesini gen\u00e7le\u015ftirir.<\/p>\n\n\n\n<p>\u2022 Derin \u00e7izgileri ve k\u0131r\u0131\u015f\u0131kl\u0131klar\u0131 yumu\u015fat\u0131r<\/p>\n\n\n\n<h5 class=\"wp-block-heading\" id=\"how-many-sessions-will-i-need\">Ka\u00e7 seansa ihtiyac\u0131m olacak?<\/h5>\n\n\n\n<p>\u00c7o\u011fu hasta tek bir tedavi seans\u0131nda g\u00f6zle g\u00f6r\u00fcl\u00fcr sonu\u00e7lar elde eder. Maksimum sonu\u00e7 i\u00e7in birka\u00e7 ay sonra ek bir tedaviye ihtiya\u00e7 duyabilirsiniz.<\/p>\n\n\n\n<h5 class=\"wp-block-heading\" id=\"dermal-filler-results\">Dermal dolgu sonu\u00e7lar\u0131&nbsp;<\/h5>\n\n\n\n<p>\u0130\u015flemden sonra an\u0131nda hacim ve bir miktar s\u0131k\u0131la\u015fma g\u00f6receksiniz.&nbsp;<\/p>\n\n\n\n<p>Dolgu maddelerinin tamamen yerle\u015fmesi ve nihai sonu\u00e7lar\u0131n ortaya \u00e7\u0131kmas\u0131 iki haftaya kadar s\u00fcrebilir.<\/p>\n\n\n\n<p>Elde etti\u011finiz sonu\u00e7lar 12 aya kadar s\u00fcrebilir. Bu, v\u00fccudunuzun dolgu maddelerine verdi\u011fi tepkiye ve beslenme, g\u00fcne\u015f \u0131\u015f\u0131\u011f\u0131na maruz kalma gibi ya\u015fam tarz\u0131 fakt\u00f6rlerine ba\u011fl\u0131d\u0131r.&nbsp;<\/p>\n\n\n\n<h4 class=\"wp-block-heading\" id=\"anti-wrinkle-injections\">K\u0131r\u0131\u015f\u0131kl\u0131k kar\u015f\u0131t\u0131 enjeksiyonlar&nbsp;<\/h4>\n\n\n\n<p><a href=\"https:\/\/dermaaestheticslondon.com\/tr\/treatments\/anti-wrinkle-treatment\/\">K\u0131r\u0131\u015f\u0131kl\u0131k kar\u015f\u0131t\u0131 enjeksiyonlar<\/a> Y\u00fczdeki mimik \u00e7izgilerine neden olan kaslar\u0131 gev\u015fetmek i\u00e7in botulinum toksini olarak bilinen safla\u015ft\u0131r\u0131lm\u0131\u015f bir protein kullan\u0131l\u0131r.<\/p>\n\n\n\n<p>Y\u00fcz hatlar\u0131n\u0131za denge getirmek ve daha gen\u00e7 bir g\u00f6r\u00fcn\u00fcm i\u00e7in ince \u00e7izgileri ve k\u0131r\u0131\u015f\u0131kl\u0131klar\u0131 yumu\u015fatmak amac\u0131yla dermal dolgu maddeleriyle k\u0131r\u0131\u015f\u0131kl\u0131k kar\u015f\u0131t\u0131 tedavi uyguluyoruz.&nbsp;<\/p>\n\n\n\n<p>K\u0131r\u0131\u015f\u0131kl\u0131k \u00f6nleyici enjeksiyonlar \u015fu sorunlar\u0131 tedavi edebilir:<\/p>\n\n\n\n<p>\u2022 G\u00f6z \u00e7evresindeki kaz aya\u011f\u0131 k\u0131r\u0131\u015f\u0131kl\u0131klar\u0131<\/p>\n\n\n\n<p>\u2022 Ka\u015f aras\u0131 \u00e7izgileri ve al\u0131n \u00e7izgileri<\/p>\n\n\n\n<p>\u2022 Hafif bir ka\u015f kald\u0131rma etkisi yaratmak i\u00e7in<\/p>\n\n\n\n<p>\u2022 Daha derin k\u0131r\u0131\u015f\u0131kl\u0131klar\u0131n olu\u015fumunu yava\u015flat\u0131r<\/p>\n\n\n\n<h5 class=\"wp-block-heading\" id=\"how-many-sessions-will-i-need\">Ka\u00e7 seansa ihtiyac\u0131m olacak?<\/h5>\n\n\n\n<p>\u00c7o\u011fu m\u00fc\u015fteri yaln\u0131zca bir tedavi seans\u0131na ihtiya\u00e7 duyar. Y\u00fcz\u00fcn\u00fcz\u00fcn hangi b\u00f6lgelerine dolgu yapt\u0131raca\u011f\u0131n\u0131za ba\u011fl\u0131 olarak, ayr\u0131 bir seansta k\u0131r\u0131\u015f\u0131kl\u0131k \u00f6nleyici tedaviye ihtiyac\u0131n\u0131z olabilir.<\/p>\n\n\n\n<h5 class=\"wp-block-heading\" id=\"anti-wrinkle-treatment-results\"><br>K\u0131r\u0131\u015f\u0131kl\u0131k kar\u015f\u0131t\u0131 tedavi sonu\u00e7lar\u0131<\/h5>\n\n\n\n<p>Sonu\u00e7lar\u0131n\u0131z\u0131n ortaya \u00e7\u0131kmas\u0131 iki haftaya kadar s\u00fcrebilir.&nbsp;<\/p>\n\n\n\n<p>Bu tedavi yakla\u015f\u0131k 3-4 ay s\u00fcrecektir, bu s\u00fcre sonunda y\u00fcz kaslar\u0131n\u0131z normal i\u015flevlerine geri d\u00f6necektir.<\/p>\n\n\n\n<p>Bu a\u015famada hastalar\u0131m\u0131z\u0131n takviye tedavisi i\u00e7in klini\u011fimize tekrar gelmelerini tavsiye ediyoruz.&nbsp;<\/p>\n\n\n\n<h3 class=\"wp-block-heading\" id=\"include-endolift-treatment-for-skin-tightening-and-fat-reduction\">Cilt s\u0131k\u0131la\u015ft\u0131rma ve ya\u011f azaltma i\u00e7in Endolift tedavisini de dahil edin.<\/h3>\n\n\n\n<p><a href=\"https:\/\/dermaaestheticslondon.com\/tr\/treatments\/endolift\/\">Endolift<\/a> Lazer enerjisi kullanarak gev\u015fek cildi s\u0131k\u0131la\u015ft\u0131r\u0131p geren, cerrahi m\u00fcdahale gerektirmeyen bir tedavi y\u00f6ntemidir.&nbsp;<\/p>\n\n\n\n<p>\u00c7ene ve \u00e7ene hatt\u0131 gibi sarkmaya yatk\u0131n b\u00f6lgelerde iyi sonu\u00e7 verir.<\/p>\n\n\n\n<p>Bu devrim niteli\u011findeki tedavi, cildin derinliklerinde kolajen ve elastin \u00fcretimini de uyar\u0131r.&nbsp;<\/p>\n\n\n\n<p>Sonu\u00e7 olarak, yaln\u0131zca an\u0131nda bir s\u0131k\u0131la\u015fma g\u00f6rmekle kalmayacak, ayn\u0131 zamanda yeni kolajen olu\u015fumuyla cildiniz s\u0131k\u0131la\u015fmaya ve dolgunla\u015fmaya devam edecektir.&nbsp;<\/p>\n\n\n\n<p>Son bir bonus olarak, Endolift tedavisi k\u00fc\u00e7\u00fck ya\u011f birikintilerini de hedef alarak eritir ve v\u00fccudunuzun bunlar\u0131 atmas\u0131n\u0131 sa\u011flar. Bu, g\u0131d\u0131 veya sark\u0131k yanaklar\u0131 azaltmak i\u00e7in harika bir y\u00f6ntemdir.&nbsp;<\/p>\n\n\n\n<p>Endolift&#039;i \u015fu nedenlerle \u00f6neriyoruz:<\/p>\n\n\n\n<p>\u2022 Gev\u015fek cildi s\u0131k\u0131la\u015ft\u0131r\u0131r<\/p>\n\n\n\n<p>\u2022 Alt y\u00fcz b\u00f6lgesine daha fazla s\u0131k\u0131l\u0131k ve belirginlik kazand\u0131r\u0131r.<\/p>\n\n\n\n<p>\u2022 S\u00fcrekli sonu\u00e7lar i\u00e7in kolajen ve elastin \u00fcretimini uyar\u0131r.<\/p>\n\n\n\n<p>\u2022 Ya\u011flar\u0131 azalt\u0131n ve y\u00fcz hatlar\u0131n\u0131z\u0131 belirginle\u015ftirin.<\/p>\n\n\n\n<p>\u2022 Uzun s\u00fcreli sonu\u00e7lar sa\u011flar<\/p>\n\n\n\n<h4 class=\"wp-block-heading\" id=\"how-many-sessions-will-i-need\">Ka\u00e7 seansa ihtiyac\u0131m olacak?<\/h4>\n\n\n\n<p>\u00c7o\u011fu hasta, harika sonu\u00e7lar g\u00f6rmek i\u00e7in yaln\u0131zca bir tedavi seans\u0131na ihtiya\u00e7 duyacakt\u0131r. Baz\u0131 ki\u015filer, y\u00fczlerindeki gerginli\u011fi ve \u015fekillenmeyi korumak i\u00e7in y\u0131ll\u0131k olarak takviye tedavilerine geri d\u00f6nerler.&nbsp;<\/p>\n\n\n\n<h4 class=\"wp-block-heading\" id=\"endolift-results\">Endolift sonu\u00e7lar\u0131<\/h4>\n\n\n\n<p>Endolift tedavisinin sonu\u00e7lar\u0131n\u0131n ortalama 1-2 y\u0131l s\u00fcrmesini bekleyebilirsiniz. Bu s\u00fcre ya\u015f\u0131n\u0131za, cilt durumunuza ve ya\u015fam tarz\u0131 fakt\u00f6rlerine ba\u011fl\u0131 olacakt\u0131r.&nbsp;<\/p>\n\n\n\n<p>Sonu\u00e7lar\u0131n\u0131z\u0131n daha uzun s\u00fcre kal\u0131c\u0131 olmas\u0131n\u0131 sa\u011flamak i\u00e7in etkili bir ya\u015flanma kar\u015f\u0131t\u0131 cilt bak\u0131m rutini \u00f6nerebiliriz.&nbsp;<\/p>\n\n\n\n<h2 class=\"wp-block-heading\" id=\"book-your-consultation-for-a-non-surgical-facelift-knightsbridge-london\">Knightsbridge, Londra&#039;da cerrahi olmayan y\u00fcz germe i\u00e7in kons\u00fcltasyon randevunuzu al\u0131n.<\/h2>\n\n\n\n<p>Ameliyats\u0131z daha gen\u00e7 bir g\u00f6r\u00fcn\u00fcm i\u00e7in, Knightsbridge yak\u0131nlar\u0131ndaki ameliyats\u0131z y\u00fcz germe i\u015flemi hakk\u0131nda bilgi almak \u00fczere ekibimizle ileti\u015fime ge\u00e7in.<\/p>\n\n\n\n<p>Estetik uzmanlar\u0131ndan olu\u015fan ekibimiz, cilt tipinize, cilt ihtiya\u00e7lar\u0131n\u0131za ve istedi\u011finiz sonu\u00e7lara uygun do\u011fru tedavi y\u00f6ntemini bulman\u0131zda size rehberlik etmek i\u00e7in burada.&nbsp;<\/p>\n\n\n\n<p>Amac\u0131m\u0131z, minimum iyile\u015fme s\u00fcresiyle en iyi halinize ula\u015fman\u0131za yard\u0131mc\u0131 olacak ve do\u011fal g\u00f6r\u00fcn\u00fcm\u00fcn\u00fcz\u00fc koruyacak g\u00fcvenli ve etkili tedaviler sunmakt\u0131r.&nbsp;<\/p>\n\n\n\n<p><a href=\"https:\/\/dermaaestheticslondon.com\/tr\/contact\/\">DANI\u015eMANLI\u011eINIZI REZERVE ED\u0130N<\/a><\/p>\n\n\n\n<h2 class=\"wp-block-heading\" id=\"how-to-find-us\">Bizi nas\u0131l bulabilirsiniz<\/h2>\n\n\n\n<p>Derma Aesthetics London klini\u011fi, \u00f6zel sa\u011fl\u0131k hizmetleri ve estetik t\u0131p alan\u0131nda en iyi yerlerden biri olan Harley Street&#039;te bulunmaktad\u0131r.&nbsp;<\/p>\n\n\n\n<p>Ayr\u0131ca Avrupa&#039;n\u0131n en i\u015flek al\u0131\u015fveri\u015f caddelerinden biri olan Oxford Caddesi&#039;ne de k\u0131sa bir y\u00fcr\u00fcy\u00fc\u015f mesafesindeyiz.&nbsp;<\/p>\n\n\n\n<p>Knightsbridge&#039;den metroda Piccadilly Hatt\u0131&#039;na binip Green Park&#039;ta Victoria Hatt\u0131&#039;na aktarma yaparak Oxford Circus&#039;a kadar gidebilirsiniz. Bu \u015fekilde klini\u011fimize 30 dakikadan k\u0131sa s\u00fcrede ula\u015fabilirsiniz.&nbsp;<\/p>\n\n\n\n<p>E\u011fer arabayla seyahat ediyorsan\u0131z, Harley Caddesi&#039;nde bol miktarda \u00fccretli park yeri mevcuttur.&nbsp;&nbsp;<\/p>\n\n\n\n<h3 class=\"wp-block-heading\" id=\"address\">Adres<\/h3>\n\n\n\n<p>39 Harley Caddesi<br>Londra&nbsp;<br>W1G 8QH<\/p>\n\n\n<p><iframe src=\"https:\/\/www.google.com\/maps\/embed?pb=!1m14!1m8!1m3!1d9930.899153256332!2d-0.1468513!3d51.5182649!3m2!1i1024!2i768!4f13.1!3m3!1m2!1s0x487611e416322439%3A0xb84cf932b11cbe62!2sDerma%20Aesthetics%20London!5e0!3m2!1sen!2suk!4v1699790340707!5m2!1sen!2suk\" width=\"100%\" height=\"450\" style=\"border:0;\" allowfullscreen=\"\" loading=\"lazy\" referrerpolicy=\"no-referrer-when-downgrade\"><\/iframe><\/p>\n\n\n<h2 class=\"wp-block-heading\" id=\"about-knightsbridge-london\">Knightsbridge Londra Hakk\u0131nda<\/h2>\n\n\n\n<p>Knightsbridge, Londra&#039;n\u0131n en l\u00fcks ve se\u00e7kin b\u00f6lgelerinden biridir. Harrods ve Harvey Nichols gibi d\u00fcnyaca \u00fcnl\u00fc al\u0131\u015fveri\u015f merkezleriyle tan\u0131n\u0131r.<\/p>\n\n\n\n<p>Knightsbridge semti, Royal Albert Hall, Hyde Park ve Victoria and Albert M\u00fczesi gibi k\u00fclt\u00fcrel mekanlar\u0131yla da \u00fcnl\u00fcd\u00fcr.<\/p>","protected":false},"excerpt":{"rendered":"<p>Londra&#039;da CO2 lazerle cilt yenilemenin sadece birka\u00e7 seansta cildinizin g\u00f6r\u00fcn\u00fcm\u00fcn\u00fc nas\u0131l iyile\u015ftirebilece\u011fini ke\u015ffedin. Derma Aesthetics London&#039;da, doktor liderli\u011findeki ekibimiz kusursuz bir cilde kavu\u015fman\u0131za yard\u0131mc\u0131 olacak lazer tedavileri konusunda uzmand\u0131r.<\/p>","protected":false},"author":4,"featured_media":2851,"parent":0,"menu_order":70,"comment_status":"closed","ping_status":"closed","template":"","meta":{"_gspb_post_css":"","pgc_sgb_lightbox_settings":"","footnotes":""},"class_list":["post-4551","page","type-page","status-publish","has-post-thumbnail","hentry"],"blocksy_meta":{"page_structure_type":"type-1","styles_descriptor":{"styles":{"desktop":"","tablet":"","mobile":""},"google_fonts":[],"version":6}},"_links":{"self":[{"href":"https:\/\/dermaaestheticslondon.com\/tr\/wp-json\/wp\/v2\/pages\/4551","targetHints":{"allow":["GET"]}}],"collection":[{"href":"https:\/\/dermaaestheticslondon.com\/tr\/wp-json\/wp\/v2\/pages"}],"about":[{"href":"https:\/\/dermaaestheticslondon.com\/tr\/wp-json\/wp\/v2\/types\/page"}],"author":[{"embeddable":true,"href":"https:\/\/dermaaestheticslondon.com\/tr\/wp-json\/wp\/v2\/users\/4"}],"replies":[{"embeddable":true,"href":"https:\/\/dermaaestheticslondon.com\/tr\/wp-json\/wp\/v2\/comments?post=4551"}],"version-history":[{"count":1,"href":"https:\/\/dermaaestheticslondon.com\/tr\/wp-json\/wp\/v2\/pages\/4551\/revisions"}],"predecessor-version":[{"id":4552,"href":"https:\/\/dermaaestheticslondon.com\/tr\/wp-json\/wp\/v2\/pages\/4551\/revisions\/4552"}],"wp:featuredmedia":[{"embeddable":true,"href":"https:\/\/dermaaestheticslondon.com\/tr\/wp-json\/wp\/v2\/media\/2851"}],"wp:attachment":[{"href":"https:\/\/dermaaestheticslondon.com\/tr\/wp-json\/wp\/v2\/media?parent=4551"}],"curies":[{"name":"wp","href":"https:\/\/api.w.org\/{rel}","templated":true}]}}