{"id":4646,"date":"2026-02-23T09:57:51","date_gmt":"2026-02-23T09:57:51","guid":{"rendered":"https:\/\/dermaaestheticslondon.com\/?page_id=4646"},"modified":"2026-02-23T09:57:52","modified_gmt":"2026-02-23T09:57:52","slug":"non-surgical-facelift-mayfair","status":"publish","type":"page","link":"https:\/\/dermaaestheticslondon.com\/tr\/non-surgical-facelift-mayfair\/","title":{"rendered":"Mayfair&#039;de Ameliyats\u0131z Y\u00fcz Germe"},"content":{"rendered":"<p>Ameliyats\u0131z geli\u015fmi\u015f y\u00fcz gen\u00e7le\u015ftirme i\u00e7in Derma Aesthetics London ile g\u00f6r\u00fc\u015f\u00fcn. <strong>Mayfair&#039;de ameliyats\u0131z y\u00fcz germe<\/strong>.&nbsp;<\/p>\n\n\n\n<p>Londra&#039;n\u0131n Mayfair b\u00f6lgesine yak\u0131n, doktorlar taraf\u0131ndan y\u00f6netilen klini\u011fimiz \u015fu hizmetleri sunmaktad\u0131r: <a href=\"https:\/\/dermaaestheticslondon.com\/tr\/treatments\/facial-harmonisation\/\">y\u00fcz uyumu<\/a>. Bu, sarkm\u0131\u015f cilt, k\u0131r\u0131\u015f\u0131kl\u0131klar ve hacim kayb\u0131 gibi ya\u015flanman\u0131n yayg\u0131n belirtileriyle m\u00fccadele etmenin en etkili yollar\u0131ndan biridir.&nbsp;<\/p>\n\n\n\n<p>Y\u00fcz hatlar\u0131n\u0131z\u0131 belirginle\u015ftirmek, ince \u00e7izgileri azaltmak ve daha gen\u00e7 bir g\u00f6r\u00fcn\u00fcm elde etmenize yard\u0131mc\u0131 olmak i\u00e7in dermal dolgu maddeleri ve k\u0131r\u0131\u015f\u0131kl\u0131k \u00f6nleyici enjeksiyonlar\u0131 bir arada kullan\u0131yoruz.&nbsp;&nbsp;<\/p>\n\n\n\n<p>Tedaviniz ayr\u0131ca \u015funlar\u0131 da i\u00e7erebilir: <a href=\"https:\/\/dermaaestheticslondon.com\/tr\/treatments\/endolift\/\">Endolift<\/a> \u00d6zellikle \u00e7ene ve \u00e7ene \u00e7evresindeki cildi s\u0131k\u0131la\u015ft\u0131rmaya yard\u0131mc\u0131 olur.&nbsp;<\/p>\n\n\n\n<p>Derma Aesthetics London&#039;da, t\u0131p uzmanlar\u0131m\u0131z her hastan\u0131n ki\u015fiselle\u015ftirilmi\u015f bak\u0131m almas\u0131n\u0131 ve cilt tipine ve ihtiya\u00e7lar\u0131na uygun \u00f6zel bir tedavi plan\u0131 olu\u015fturulmas\u0131n\u0131 sa\u011flar.&nbsp;<\/p>\n\n\n\n<p>Do\u011fal g\u00f6r\u00fcn\u00fcml\u00fc sonu\u00e7lar sunmaya odaklan\u0131yoruz; bu sayede kendinize g\u00fcven duyacak ve cildiniz daha canl\u0131 hissedeceksiniz.&nbsp;<\/p>\n\n\n\n<p>Mayfair&#039;de ameliyats\u0131z y\u00fcz germe i\u00e7in ilk kons\u00fcltasyonunuzu bug\u00fcn ay\u0131rt\u0131n ve estetik hedeflerinize ula\u015fmak i\u00e7in ilk ad\u0131mlar\u0131n\u0131z\u0131 at\u0131n.&nbsp;<\/p>\n\n\n\n<p><a href=\"https:\/\/dermaaestheticslondon.com\/tr\/contact\/\">B\u0130ZE ULA\u015eIN<\/a><\/p>\n\n\n\n<figure class=\"wp-block-image size-full\"><img decoding=\"async\" width=\"667\" height=\"667\" src=\"https:\/\/dermaaestheticslondon.com\/wordpress\/wp-content\/uploads\/2024\/01\/hifu-skin-tightening.webp\" alt=\"Non-Surgical Facelift Mayfair\" class=\"wp-image-1399\" srcset=\"https:\/\/dermaaestheticslondon.com\/wordpress\/wp-content\/uploads\/2024\/01\/hifu-skin-tightening.webp 667w, https:\/\/dermaaestheticslondon.com\/wordpress\/wp-content\/uploads\/2024\/01\/hifu-skin-tightening-300x300.webp 300w, https:\/\/dermaaestheticslondon.com\/wordpress\/wp-content\/uploads\/2024\/01\/hifu-skin-tightening-150x150.webp 150w\" sizes=\"(max-width: 667px) 100vw, 667px\" \/><\/figure>\n\n\n\n<h2 class=\"wp-block-heading\" id=\"what-is-endolift-treatment\">Ameliyats\u0131z y\u00fcz germe i\u015fleminin faydalar\u0131<\/h2>\n\n\n\n<p>Ameliyat\u0131n risklerini ve iyile\u015fme s\u00fcrecini istemiyorsan\u0131z, ameliyats\u0131z y\u00fcz germe harika bir se\u00e7enek olabilir.&nbsp;<\/p>\n\n\n\n<p><strong>A\u015fa\u011f\u0131daki durumlarda cerrahi olmayan y\u00fcz germe y\u00f6ntemini \u00f6neriyoruz:<\/strong><\/p>\n\n\n\n<p>\u2022 Y\u00fcz hatlar\u0131n\u0131z\u0131 de\u011fi\u015ftirmek yerine yaln\u0131zca vurgulayan do\u011fal sonu\u00e7lar elde edin.<\/p>\n\n\n\n<p>\u2022 Cilt y\u00fczeyindeki cilt dokusunu iyile\u015ftirir.<\/p>\n\n\n\n<p>\u2022 Uzun vadede dolgun ve s\u0131k\u0131 bir cilt i\u00e7in kolajen \u00fcretimini art\u0131r\u0131r.<\/p>\n\n\n\n<p>\u2022 Sarkm\u0131\u015f veya gev\u015fek cildi s\u0131k\u0131la\u015ft\u0131r\u0131r ve tonland\u0131r\u0131r.<\/p>\n\n\n\n<p>\u2022 Minimum kesinti s\u00fcresi ve an\u0131nda g\u00f6r\u00fclebilen sonu\u00e7lar.<\/p>\n\n\n\n<p>Mayfair yak\u0131nlar\u0131ndaki klini\u011fimizde, cildi geren, \u015fekillendiren ve toparlayan cerrahi olmayan tedavi se\u00e7enekleri sunuyoruz.&nbsp;<\/p>\n\n\n\n<p>G\u00f6z alt\u0131 \u00e7ukurlar\u0131n\u0131za hacim kazand\u0131rmak, sarkm\u0131\u015f \u00e7ene veya g\u0131d\u0131y\u0131 toparlamak ya da yanaklar\u0131n\u0131za daha belirgin bir g\u00f6r\u00fcn\u00fcm vermek istiyorsan\u0131z, size yard\u0131mc\u0131 olabiliriz.<\/p>\n\n\n\n<h2 class=\"wp-block-heading\" id=\"the-best-non-surgical-facelift-in-mayfair\">Mayfair&#039;deki en iyi ameliyats\u0131z y\u00fcz germe<\/h2>\n\n\n\n<p>Londra&#039;daki klini\u011fimizde, y\u00fcz\u00fcn\u00fcze uyum, yap\u0131 ve belirginlik kazand\u0131rmak i\u00e7in \u00f6zel tedavi y\u00f6ntemlerinden olu\u015fan bir kombinasyon kullan\u0131yoruz.&nbsp;<\/p>\n\n\n\n<p>Y\u00fcz uyumland\u0131rma i\u015flemimiz, y\u00fcz\u00fcn\u00fcze denge getirmemizi sa\u011flar. Bu, bireysel b\u00f6lgelere m\u00fcdahale etmeden do\u011fal g\u00fczelli\u011finizi art\u0131rmaya odaklanan daha kapsaml\u0131 bir yakla\u015f\u0131md\u0131r.&nbsp;<\/p>\n\n\n\n<h3 class=\"wp-block-heading\" id=\"facial-harmonisation-treatment-dermal-fillers-and-anti-wrinkle-injections\">Y\u00fcz uyumla\u015ft\u0131rma tedavisi \u2013 dermal dolgu ve k\u0131r\u0131\u015f\u0131kl\u0131k \u00f6nleyici enjeksiyonlar<\/h3>\n\n\n\n<h4 class=\"wp-block-heading\" id=\"dermal-fillers\">Dermal dolgular<\/h4>\n\n\n\n<p><strong>Bunlar \u015funlard\u0131r:<\/strong><\/p>\n\n\n\n<p><a href=\"https:\/\/dermaaestheticslondon.com\/tr\/treatment-category\/dermal-fillers\/\">Dermal dolgular<\/a> Enjeksiyon yoluyla uygulanan pop\u00fcler bir tedavi y\u00f6ntemi olan bu y\u00f6ntem, hyaluronik asit i\u00e7eren yumu\u015fak jel benzeri bir madde kullan\u0131r. Y\u00fcz\u00fcn\u00fczdeki hacmi geri kazand\u0131rmaya, derin k\u0131r\u0131\u015f\u0131kl\u0131klar\u0131 d\u00fczeltmeye ve cildi s\u0131k\u0131la\u015ft\u0131rmaya yard\u0131mc\u0131 olur.<\/p>\n\n\n\n<p><strong>\u00c7al\u0131\u015fma prensipleri:<\/strong><\/p>\n\n\n\n<p>Ciltteki \u00e7\u00f6k\u00fck veya zay\u0131f b\u00f6lgelere yap\u0131 ve belirginlik kazand\u0131rmak i\u00e7in dermal dolgu maddelerini cildin daha derin katmanlar\u0131na enjekte ediyoruz.&nbsp;<\/p>\n\n\n\n<p>Cilt g\u00fc\u00e7lendiriciler cildi nemlendirmeye odaklan\u0131rken, dermal dolgular hem nemlendirmeye yard\u0131mc\u0131 olur hem de cilde an\u0131nda hacim kazand\u0131r\u0131r. Bu, sarkm\u0131\u015f cildin g\u00f6r\u00fcn\u00fcm\u00fcn\u00fc azaltabilir ve cilt dokusunu iyile\u015ftirebilir.&nbsp;<\/p>\n\n\n\n<p><strong>Dolgu maddelerini kulland\u0131\u011f\u0131m\u0131z b\u00f6lgeler:<\/strong><\/p>\n\n\n\n<p>\u00b7 Yanaklar<\/p>\n\n\n\n<p>\u2022 G\u00f6z alt\u0131 \u00e7ukuru<\/p>\n\n\n\n<p>Dudaklar<\/p>\n\n\n\n<p>\u00c7ene ve \u00e7ene hatt\u0131<\/p>\n\n\n\n<p>\u00b7 Nazolabial k\u0131vr\u0131mlar<\/p>\n\n\n\n<p><strong>Sonu\u00e7lar:<\/strong><\/p>\n\n\n\n<p>Tedaviden sonra cildinizin dolgun g\u00f6r\u00fcn\u00fcm\u00fcnde an\u0131nda bir iyile\u015fme g\u00f6receksiniz. Nihai sonu\u00e7lar\u0131n ortaya \u00e7\u0131kmas\u0131 iki haftaya kadar s\u00fcrebilir.<\/p>\n\n\n\n<p>\u0130yile\u015fme s\u00fcresi minimum d\u00fczeydedir ve \u00e7o\u011fu hasta hemen i\u015fine geri d\u00f6ner. \u0130lk 24-48 saat i\u00e7inde hafif \u015fi\u015flik ve morarma g\u00f6r\u00fclebilir.&nbsp;<\/p>\n\n\n\n<h4 class=\"wp-block-heading\" id=\"anti-wrinkle-injections\">K\u0131r\u0131\u015f\u0131kl\u0131k kar\u015f\u0131t\u0131 enjeksiyonlar<\/h4>\n\n\n\n<p><strong>Bunlar \u015funlard\u0131r:<\/strong><\/p>\n\n\n\n<p><a href=\"https:\/\/dermaaestheticslondon.com\/tr\/treatment-category\/anti-wrinkle-treatments\/\">K\u0131r\u0131\u015f\u0131kl\u0131k kar\u015f\u0131t\u0131 enjeksiyonlar<\/a> Y\u00fcz kaslar\u0131n\u0131 gev\u015feterek ince \u00e7izgilerin ve k\u0131r\u0131\u015f\u0131kl\u0131klar\u0131n azalmas\u0131na yard\u0131mc\u0131 olurlar. Ayr\u0131ca derin \u00e7izgilerin ve k\u0131r\u0131\u015f\u0131kl\u0131klar\u0131n olu\u015fmas\u0131n\u0131 \u00f6nlemeye de yard\u0131mc\u0131 olabilirler.&nbsp;<\/p>\n\n\n\n<p><strong>\u00c7al\u0131\u015fma prensipleri:<\/strong><\/p>\n\n\n\n<p>Tedavi, kaslar\u0131n kas\u0131lmas\u0131n\u0131 sa\u011flayan sinir sinyallerini bloke etmek i\u00e7in belirli y\u00fcz kaslar\u0131na botulinum toksini (safla\u015ft\u0131r\u0131lm\u0131\u015f bir protein) enjekte edilmesini i\u00e7erir. Bu i\u015flem sadece k\u0131sa bir s\u00fcre i\u00e7in ge\u00e7erlidir.&nbsp;<\/p>\n\n\n\n<p>Bu, y\u00fcz\u00fcn\u00fczdeki do\u011fal hareketi korurken ince \u00e7izgileri yumu\u015fatmaya yard\u0131mc\u0131 olur.&nbsp;<\/p>\n\n\n\n<p><strong>K\u0131r\u0131\u015f\u0131kl\u0131k \u00f6nleyici enjeksiyon uygulad\u0131\u011f\u0131m\u0131z b\u00f6lgeler:<\/strong><\/p>\n\n\n\n<p>\u00b7 Al\u0131n \u00e7izgileri<\/p>\n\n\n\n<p>\u2022 Ka\u015f aras\u0131 \u00e7izgileri<\/p>\n\n\n\n<p>\u00b7 Kaz ayaklar\u0131<\/p>\n\n\n\n<p>Ayr\u0131ca k\u0131r\u0131\u015f\u0131kl\u0131k kar\u015f\u0131t\u0131 uygulamalarla hafif bir ka\u015f kald\u0131rma etkisi yaratabilir ve boyun \u00e7izgilerini azaltabiliriz.<\/p>\n\n\n\n<p><strong>Sonu\u00e7lar:<\/strong><\/p>\n\n\n\n<p>\u0130ki hafta i\u00e7inde daha p\u00fcr\u00fczs\u00fcz bir cilde ve daha az k\u0131r\u0131\u015f\u0131kl\u0131\u011fa kavu\u015facaks\u0131n\u0131z. Bu tedaviyle iyile\u015fme s\u00fcresi minimum d\u00fczeydedir, bu nedenle hemen i\u015finize d\u00f6nebilirsiniz.&nbsp;<\/p>\n\n\n\n<h3 class=\"wp-block-heading\" id=\"endolift-skin-tightening\">Endolift cilt s\u0131k\u0131la\u015ft\u0131rma<\/h3>\n\n\n\n<p>Ameliyats\u0131z y\u00fcz germe i\u015fleminizin bir par\u00e7as\u0131 olarak, doktorumuz a\u015fa\u011f\u0131dakilerin kullan\u0131m\u0131n\u0131 \u00f6nerebilir: <a href=\"https:\/\/dermaaestheticslondon.com\/tr\/treatments\/endolift\/\">Endolift<\/a> tedavi.&nbsp;<\/p>\n\n\n\n<p>Cilt gev\u015fekli\u011fi ve sarkmas\u0131 sorunu ya\u015fayan herkes i\u00e7in en iyi geli\u015fmi\u015f cerrahi olmayan tedavilerden biridir.&nbsp;<\/p>\n\n\n\n<p><strong>Nedir:<\/strong><\/p>\n\n\n\n<p>Endolift, gev\u015fek cildi s\u0131k\u0131la\u015ft\u0131rmak ve kald\u0131rmak i\u00e7in cilde lazer enerjisi g\u00f6nderen minimal invaziv bir lazer i\u015flemidir. \u00c7ene ve \u00e7ene hatt\u0131 gibi y\u00fcz\u00fcn \u00e7e\u015fitli b\u00f6lgelerinde iyi sonu\u00e7 verir.<\/p>\n\n\n\n<p>Ayn\u0131 zamanda ciltte kolajen ve elastin \u00fcretimini de uyar\u0131r. Bu da sonu\u00e7lar\u0131n\u0131z\u0131n \u00f6n\u00fcm\u00fczdeki birka\u00e7 ay i\u00e7inde iyile\u015fmeye devam edece\u011fi anlam\u0131na gelir.&nbsp;<\/p>\n\n\n\n<p>Endolift ayr\u0131ca k\u00fc\u00e7\u00fck ya\u011f birikintilerini hedef al\u0131p eritmeye yard\u0131mc\u0131 olabilir, bu da onu \u00e7ift \u00e7ene veya \u00e7ene hatt\u0131 \u00e7evresindeki sarkm\u0131\u015f cildi (g\u0131d\u0131) azaltmak i\u00e7in harika bir tedavi haline getirir.<\/p>\n\n\n\n<p><strong>\u00c7al\u0131\u015fma prensibi \u015fu \u015fekildedir:<\/strong><\/p>\n\n\n\n<p>\u0130nce bir fiber prob, hedef b\u00f6lgeye lazer enerjisi ileterek kaslar\u0131n kas\u0131lmas\u0131n\u0131 sa\u011flar ve an\u0131nda cilt s\u0131k\u0131la\u015ft\u0131rma etkisi yarat\u0131r. Ayr\u0131ca kolajen \u00fcretimini uyararak cildin s\u0131k\u0131la\u015fmas\u0131na ve y\u00fcz tonunun iyile\u015fmesine yard\u0131mc\u0131 olur.&nbsp;<\/p>\n\n\n\n<p><strong>Sonu\u00e7lar:<\/strong><\/p>\n\n\n\n<p>\u00c7o\u011fu hasta, tek bir seansta bile tedavi edilen b\u00f6lgede ciltte gerginle\u015fme ve toparlanma g\u00f6r\u00fcr. Daha belirgin hatlar, azalm\u0131\u015f ya\u011f ve iyile\u015fmi\u015f cilt dokusu elde edilir.&nbsp;<\/p>\n\n\n\n<p>Yeni kolajen olu\u015fumuyla birlikte bu sonu\u00e7lar iyile\u015fmeye devam edecektir. Endolift tedavisinin sonu\u00e7lar\u0131 1-2 y\u0131l s\u00fcrmelidir, ancak baz\u0131 hastalar 12 ay sonra takviye tedavisi i\u00e7in geri gelmenin faydal\u0131 oldu\u011funu d\u00fc\u015f\u00fcnmektedir.<\/p>\n\n\n\n<h2 class=\"wp-block-heading\" id=\"derma-aesthetics-london-a-leading-aesthetic-clinic-near-mayfair\">Derma Aesthetics London \u2013 Mayfair yak\u0131nlar\u0131nda \u00f6nde gelen bir estetik klini\u011fi.<\/h2>\n\n\n\n<p>Mayfair&#039;de ameliyats\u0131z y\u00fcz germe i\u015flemi i\u00e7in bir klinik ar\u0131yorsan\u0131z, Derma Aesthetics London&#039;da do\u011fru adrestesiniz.<\/p>\n\n\n\n<p>Londra&#039;n\u0131n kalbinde yer alan ve doktorlar taraf\u0131ndan y\u00f6netilen klini\u011fimiz, estetik t\u0131p ve cerrahi olmayan cilt tedavileri konusunda uzmanla\u015fm\u0131\u015ft\u0131r.&nbsp;<\/p>\n\n\n\n<p>Cilt sorunlar\u0131n\u0131z ve cilt hedefleriniz i\u00e7in en etkili tedaviyi bulma konusunda y\u0131llar\u0131n deneyimine sahibiz.&nbsp;<\/p>\n\n\n\n<p>\u0130ster cilt sa\u011fl\u0131\u011f\u0131n\u0131z\u0131 iyile\u015ftirmek, ister daha s\u0131k\u0131 ve gergin bir cilde sahip olmak, ister daha iyi bir cilt tonu ve dokusu elde etmek isteyin, sizin i\u00e7in do\u011fru tedaviyi bulaca\u011f\u0131z.&nbsp;<\/p>\n\n\n\n<p>Tedavi s\u00fcreciniz boyunca sa\u011fl\u0131\u011f\u0131n\u0131z ve iyili\u011finiz \u00f6nceli\u011fimiz olacakt\u0131r. \u0130lk g\u00f6r\u00fc\u015fmenizden tedavi ve sonras\u0131ndaki bak\u0131m\u0131n\u0131za kadar her ad\u0131mda yan\u0131n\u0131zda olaca\u011f\u0131z.&nbsp;<\/p>\n\n\n\n<h2 class=\"wp-block-heading\" id=\"book-your-consultation-for-a-non-surgical-facelift-mayfair\">Mayfair&#039;de ameliyats\u0131z y\u00fcz germe i\u00e7in kons\u00fcltasyon randevunuzu al\u0131n.<\/h2>\n\n\n\n<p>Mayfair yak\u0131nlar\u0131ndaki en iyi ameliyats\u0131z y\u00fcz germe i\u015flemi i\u00e7in, Mayfair yak\u0131nlar\u0131ndaki cilt klini\u011fimizde bir kons\u00fcltasyon randevusu alarak ba\u015flay\u0131n.&nbsp;<\/p>\n\n\n\n<p>Klini\u011fimiz, daha gen\u00e7 bir g\u00f6r\u00fcn\u00fcm i\u00e7in size en iyi sonu\u00e7lar\u0131 sa\u011flayacak en iyi cilt gen\u00e7le\u015ftirme ve ya\u015flanma kar\u015f\u0131t\u0131 tedavileri sunmaktad\u0131r.&nbsp;<\/p>\n\n\n\n<p><a href=\"https:\/\/dermaaestheticslondon.com\/tr\/contact\/\">DANI\u015eMANLI\u011eINIZI REZERVE ED\u0130N<\/a><\/p>\n\n\n\n<h2 class=\"wp-block-heading\" id=\"how-to-find-us\">Bizi nas\u0131l bulabilirsiniz<\/h2>\n\n\n\n<p>Derma Aesthetics London klini\u011fi, \u00f6zel sa\u011fl\u0131k hizmetleri ve estetik t\u0131p alan\u0131nda en iyi yerlerden biri olan Harley Street&#039;te bulunmaktad\u0131r.&nbsp;<\/p>\n\n\n\n<p>Mayfair&#039;deki Bond Street&#039;e sadece 14 dakikal\u0131k y\u00fcr\u00fcme mesafesindeyiz. Ayr\u0131ca Bakerloo, Victoria ve Central hatlar\u0131n\u0131n ge\u00e7ti\u011fi Oxford Circus metro istasyonuna da k\u0131sa bir y\u00fcr\u00fcy\u00fc\u015f mesafesindeyiz.&nbsp;<\/p>\n\n\n\n<p>E\u011fer arabayla seyahat ediyorsan\u0131z,<\/p>\n\n\n\n<p>Harley Caddesi&#039;nde bol miktarda \u00fccretli park yeri mevcuttur.&nbsp;<\/p>\n\n\n\n<h3 class=\"wp-block-heading\" id=\"address\">Adres<\/h3>\n\n\n\n<p>39 Harley Caddesi<br>Londra&nbsp;<br>W1G 8QH<\/p>\n\n\n<p><iframe style=\"border: 0;\" src=\"https:\/\/www.google.com\/maps\/embed?pb=!1m14!1m8!1m3!1d9930.899153256332!2d-0.1468513!3d51.5182649!3m2!1i1024!2i768!4f13.1!3m3!1m2!1s0x487611e416322439%3A0xb84cf932b11cbe62!2sDerma%20Aesthetics%20London!5e0!3m2!1sen!2suk!4v1699790340707!5m2!1sen!2suk\" width=\"100%\" height=\"450\" allowfullscreen=\"allowfullscreen\"><\/iframe><\/p>\n<h2><span style=\"font-weight: 400;\">Mayfair Londra Hakk\u0131nda<\/span><\/h2>\n<p><span style=\"font-weight: 400;\">Mayfair, Londra&#039;n\u0131n en varl\u0131kl\u0131 ve prestijli b\u00f6lgelerinden biridir. Tarihi dokusu ve ba\u015fkentin merkezindeki ayr\u0131cal\u0131kl\u0131 konumuyla bilinir.<\/span><\/p>\n<p>\u00a0<\/p>\n<p><span style=\"font-weight: 400;\">Mayfair b\u00f6lgesi Hyde Park, Green Park ve Bond Street aras\u0131nda yer almaktad\u0131r. Claridge&#039;s gibi l\u00fcks al\u0131\u015fveri\u015f merkezlerinin yan\u0131 s\u0131ra Sexy Fish ve The Ritz Restaurant gibi d\u00fcnya standartlar\u0131nda restoranlar sunmaktad\u0131r. <\/span><\/p>","protected":false},"excerpt":{"rendered":"<p>Mayfair&#039;de do\u011fal g\u00f6r\u00fcn\u00fcml\u00fc sonu\u00e7lar, minimum iyile\u015fme s\u00fcresi ve geli\u015fmi\u015f y\u00fcz gen\u00e7le\u015ftirme sunan cerrahi olmayan y\u00fcz germe uygulamas\u0131.<\/p>","protected":false},"author":4,"featured_media":1399,"parent":0,"menu_order":70,"comment_status":"closed","ping_status":"closed","template":"","meta":{"_gspb_post_css":"","pgc_sgb_lightbox_settings":"","footnotes":""},"class_list":["post-4646","page","type-page","status-publish","has-post-thumbnail","hentry"],"blocksy_meta":{"page_structure_type":"type-1","styles_descriptor":{"styles":{"desktop":"","tablet":"","mobile":""},"google_fonts":[],"version":6}},"_links":{"self":[{"href":"https:\/\/dermaaestheticslondon.com\/tr\/wp-json\/wp\/v2\/pages\/4646","targetHints":{"allow":["GET"]}}],"collection":[{"href":"https:\/\/dermaaestheticslondon.com\/tr\/wp-json\/wp\/v2\/pages"}],"about":[{"href":"https:\/\/dermaaestheticslondon.com\/tr\/wp-json\/wp\/v2\/types\/page"}],"author":[{"embeddable":true,"href":"https:\/\/dermaaestheticslondon.com\/tr\/wp-json\/wp\/v2\/users\/4"}],"replies":[{"embeddable":true,"href":"https:\/\/dermaaestheticslondon.com\/tr\/wp-json\/wp\/v2\/comments?post=4646"}],"version-history":[{"count":1,"href":"https:\/\/dermaaestheticslondon.com\/tr\/wp-json\/wp\/v2\/pages\/4646\/revisions"}],"predecessor-version":[{"id":4648,"href":"https:\/\/dermaaestheticslondon.com\/tr\/wp-json\/wp\/v2\/pages\/4646\/revisions\/4648"}],"wp:featuredmedia":[{"embeddable":true,"href":"https:\/\/dermaaestheticslondon.com\/tr\/wp-json\/wp\/v2\/media\/1399"}],"wp:attachment":[{"href":"https:\/\/dermaaestheticslondon.com\/tr\/wp-json\/wp\/v2\/media?parent=4646"}],"curies":[{"name":"wp","href":"https:\/\/api.w.org\/{rel}","templated":true}]}}