{"id":4649,"date":"2026-02-23T10:00:43","date_gmt":"2026-02-23T10:00:43","guid":{"rendered":"https:\/\/dermaaestheticslondon.com\/?page_id=4649"},"modified":"2026-02-23T10:00:44","modified_gmt":"2026-02-23T10:00:44","slug":"co2-laser-resurfacing-chelsea","status":"publish","type":"page","link":"https:\/\/dermaaestheticslondon.com\/tr\/co2-laser-resurfacing-chelsea\/","title":{"rendered":"Chelsea&#039;de CO2 Lazerle Cilt Yenileme"},"content":{"rendered":"<p><strong>Chelsea&#039;de CO2 lazer cilt yenileme<\/strong> Cilt dokusunu, cilt tonunu ve genel cilt sa\u011fl\u0131\u011f\u0131n\u0131 iyile\u015ftirmek i\u00e7in en iyi tedavilerden biridir.<\/p>\n\n\n\n<p>Derma Aesthetics London&#039;daki doktor liderli\u011findeki ekibimiz fraksiyonel anestezi kullanmaktad\u0131r. <a href=\"https:\/\/dermaaestheticslondon.com\/tr\/treatments\/co2-laser-treatment\/\">CO2 lazer tedavisi<\/a> Birden fazla cilt sorununu gidermek i\u00e7in. Bu geli\u015fmi\u015f lazer teknolojisiyle akne izlerini, ince \u00e7izgileri ve g\u00fcne\u015f hasar\u0131n\u0131 azaltabiliriz.<\/p>\n\n\n\n<p>CO2 lazerle cilt yenileme tedavisi, cilt yenilenmesi i\u00e7in g\u00fc\u00e7l\u00fc bir ara\u00e7t\u0131r ve hastalar\u0131m\u0131z\u0131n ciltlerinin g\u00f6r\u00fcn\u00fcm\u00fcnde ve hissiyat\u0131nda g\u00f6zle g\u00f6r\u00fcl\u00fcr bir iyile\u015fme elde etmelerine yard\u0131mc\u0131 olur.<\/p>\n\n\n\n<p>Cildin daha derin katmanlar\u0131nda kolajen \u00fcretimini uyararak \u00e7al\u0131\u015f\u0131r ve zamanla daha p\u00fcr\u00fczs\u00fcz ve daha parlak bir cilde yol a\u00e7ar.&nbsp;<\/p>\n\n\n\n<p>Chelsea yak\u0131nlar\u0131ndaki cilt klini\u011fimizde, doktorlar\u0131m\u0131z ve uzmanlar\u0131m\u0131z her lazer tedavisini cildinizin benzersiz ihtiya\u00e7lar\u0131na ve hedeflerine g\u00f6re uyarlamaktad\u0131r.&nbsp;<\/p>\n\n\n\n<p>Bu s\u00fcre\u00e7, cilt tipinizi, t\u0131bbi ge\u00e7mi\u015finizi ve cilt sorunlar\u0131n\u0131z\u0131 de\u011ferlendirece\u011fimiz bir \u00f6n g\u00f6r\u00fc\u015fme ile ba\u015flar. Bu de\u011ferlendirme sonucunda, size en uygun sonu\u00e7lar\u0131 verecek \u00f6zel bir tedavi plan\u0131 olu\u015fturulacakt\u0131r.&nbsp;<\/p>\n\n\n\n<p>Chelsea&#039;de CO2 lazer cilt yenileme tedavisine ba\u015flamak i\u00e7in l\u00fctfen a\u015fa\u011f\u0131daki ileti\u015fim bilgilerini kullanarak ekibimizle ileti\u015fime ge\u00e7in.&nbsp;<\/p>\n\n\n\n<p><a href=\"https:\/\/dermaaestheticslondon.com\/tr\/contact\/\">DANI\u015eMA RANDEVUSU ALIN<\/a><\/p>\n\n\n\n<figure class=\"wp-block-image size-full\"><img decoding=\"async\" width=\"640\" height=\"640\" src=\"https:\/\/dermaaestheticslondon.com\/wordpress\/wp-content\/uploads\/2025\/05\/Exosomes-Treatment.jpeg\" alt=\"CO2 Laser Resurfacing Chelsea\" class=\"wp-image-3705\" srcset=\"https:\/\/dermaaestheticslondon.com\/wordpress\/wp-content\/uploads\/2025\/05\/Exosomes-Treatment.jpeg 640w, https:\/\/dermaaestheticslondon.com\/wordpress\/wp-content\/uploads\/2025\/05\/Exosomes-Treatment-300x300.jpeg 300w, https:\/\/dermaaestheticslondon.com\/wordpress\/wp-content\/uploads\/2025\/05\/Exosomes-Treatment-150x150.jpeg 150w, https:\/\/dermaaestheticslondon.com\/wordpress\/wp-content\/uploads\/2025\/05\/Exosomes-Treatment-12x12.jpeg 12w\" sizes=\"(max-width: 640px) 100vw, 640px\" \/><\/figure>\n\n\n\n<h2 class=\"wp-block-heading\" id=\"what-is-co2-laser-resurfacing-treatment\">CO2 lazerle cilt yenileme tedavisi nedir?<\/h2>\n\n\n\n<p>CO2 lazerle cilt yenileme tedavisi, cilt gen\u00e7le\u015ftirme i\u015flemlerinde alt\u0131n standart olarak kabul edilmektedir.<\/p>\n\n\n\n<p>Piyasada bulunan en geli\u015fmi\u015f tedavi y\u00f6ntemlerinden biri olan bu y\u00f6ntem, kontroll\u00fc lazer enerjisi kullanarak cildin y\u00fczeyindeki hasarl\u0131 katmanlar\u0131 hedef al\u0131p ortadan kald\u0131r\u0131r.&nbsp;<\/p>\n\n\n\n<p>Ayn\u0131 zamanda cildin derinliklerine n\u00fcfuz ederek, ciltteki suyu termal enerjiye (\u0131s\u0131ya) d\u00f6n\u00fc\u015ft\u00fcren hassas lazer \u0131\u015f\u0131n\u0131 enerjisi g\u00f6nderir. Bu, yeni kolajen \u00fcretimini uyarmaya ve v\u00fccudu cilt h\u00fccrelerini yenilemeye te\u015fvik etmeye yard\u0131mc\u0131 olur.<\/p>\n\n\n\n<p>Cildin ilk iyile\u015fme s\u00fcrecinde, daha s\u0131k\u0131, g\u00fc\u00e7l\u00fc ve sa\u011fl\u0131kl\u0131 g\u00f6r\u00fcnen bir cilt olu\u015fturmaya yard\u0131mc\u0131 olan yeni kolajen lifleri olu\u015fur.<\/p>\n\n\n\n<p>Bu lazerle cilt gen\u00e7le\u015ftirme tedavisini \u00e7o\u011fu cilt tipine ve cilt sorununa uyacak \u015fekilde ki\u015fiselle\u015ftirebiliriz. \u0130nce \u00e7izgileri ve k\u0131r\u0131\u015f\u0131kl\u0131klar\u0131 azaltmada, geni\u015flemi\u015f g\u00f6zenekleri k\u00fc\u00e7\u00fcltmede ve akne izlerini tedavi etmede en etkili \u00e7\u00f6z\u00fcmlerden biridir.&nbsp;<\/p>\n\n\n\n<h3 class=\"wp-block-heading\" id=\"fractional-laser-treatment-what-is-it-and-how-does-it-work\">Fraksiyonel lazer tedavisi \u2013 nedir ve nas\u0131l \u00e7al\u0131\u015f\u0131r?<\/h3>\n\n\n\n<p>Derma Aesthetics London&#039;da fraksiyonel CO2 lazer cilt yenileme cihaz\u0131 kullan\u0131yoruz. Peki bu sizin ve cildiniz i\u00e7in ne anlama geliyor?<\/p>\n\n\n\n<p>Fraksiyonel lazer tedavisi, y\u00fcz\u00fcn tamam\u0131n\u0131 tedavi etmek yerine, cildin kontroll\u00fc mikro b\u00f6l\u00fcmlerini tedavi ederek \u00e7al\u0131\u015f\u0131r.&nbsp;<\/p>\n\n\n\n<p>Bu, g\u00f6z alt\u0131 veya yanaklar gibi belirli b\u00f6lgelere, \u00e7evresindeki sa\u011fl\u0131kl\u0131 cilt dokusuna zarar vermeden odaklanabilece\u011fimiz anlam\u0131na gelir. Bu hassas y\u00f6ntem, di\u011fer lazer tedavilerine k\u0131yasla daha h\u0131zl\u0131 iyile\u015fmeyi ve daha sorunsuz bir toparlanmay\u0131 da destekler.&nbsp;<\/p>\n\n\n\n<p>Fraksiyonel lazer, lazer enerjisini cildin derin katmanlar\u0131na iletti\u011fi i\u00e7in, birka\u00e7 hafta i\u00e7inde kolajen \u00fcretimini te\u015fvik eder; bu da cildin i\u00e7eriden s\u0131k\u0131la\u015fmas\u0131na ve p\u00fcr\u00fczs\u00fczle\u015fmesine yard\u0131mc\u0131 olur.<\/p>\n\n\n\n<p>Chelsea yak\u0131nlar\u0131ndaki t\u0131p uzmanlar\u0131ndan olu\u015fan ekibimiz, CO2 lazerle cilt yenileme tedavilerinde en son t\u0131bbi s\u0131n\u0131f ekipmanlar\u0131 kullanmaktad\u0131r. Bu, yaln\u0131zca g\u00f6zle g\u00f6r\u00fcl\u00fcr sonu\u00e7lar sa\u011flamakla kalmaz, ayn\u0131 zamanda iyile\u015fme s\u00fcresini de en aza indirir.<\/p>\n\n\n\n<h2 class=\"wp-block-heading\" id=\"the-key-benefits-of-co2-laser-treatment-in-chelsea\">Chelsea&#039;de CO2 lazer tedavisinin ba\u015fl\u0131ca faydalar\u0131<\/h2>\n\n\n\n<h3 class=\"wp-block-heading\" id=\"acne-scars\">Sivilce izleri<\/h3>\n\n\n\n<p>CO2 lazerle cilt yenileme, akne izlerini azaltman\u0131n ve d\u00fczensiz cilt dokusunu d\u00fczeltmenin etkili bir yoludur. Bunun nedeni, yeni kolajenin cildi onarmaya ve p\u00fcr\u00fczs\u00fczle\u015ftirmeye yard\u0131mc\u0131 olmas\u0131 ve ayn\u0131 zamanda ihtiya\u00e7 duyulan nemi sa\u011flamas\u0131d\u0131r.<\/p>\n\n\n\n<h3 class=\"wp-block-heading\" id=\"acne-prone-skin\">Akneye yatk\u0131n cilt<\/h3>\n\n\n\n<p>Aktif sivilceleri tamamen ortadan kald\u0131rmada etkili bir y\u00f6ntem olmasa da, bu lazer tedavisi geni\u015flemi\u015f g\u00f6zenekleri k\u00fc\u00e7\u00fcltmeye ve daha sa\u011fl\u0131kl\u0131 bir cildin olu\u015fmas\u0131na yard\u0131mc\u0131 olabilir.<br><br><\/p>\n\n\n\n<h3 class=\"wp-block-heading\" id=\"reducing-fine-lines-and-wrinkles\">\u0130nce \u00e7izgileri ve k\u0131r\u0131\u015f\u0131kl\u0131klar\u0131 azalt\u0131r<\/h3>\n\n\n\n<p>CO2 lazer, cildin hasar g\u00f6rm\u00fc\u015f d\u0131\u015f katmanlar\u0131n\u0131 ortadan kald\u0131rarak v\u00fccudun do\u011fal iyile\u015fme tepkisini tetiklemeye yard\u0131mc\u0131 olur. Bu, ince \u00e7izgileri, k\u0131r\u0131\u015f\u0131kl\u0131klar\u0131 ve d\u00fczensiz cilt dokusunu d\u00fczeltmeye yard\u0131mc\u0131 olan kolajen \u00fcretimini de i\u00e7erir.&nbsp;<\/p>\n\n\n\n<h3 class=\"wp-block-heading\" id=\"sun-damage-and-pigmentation\">G\u00fcne\u015f hasar\u0131 ve pigmentasyon<\/h3>\n\n\n\n<p>CO2 lazerle cilt yenileme i\u015flemi ayr\u0131ca ya\u015fl\u0131l\u0131k lekelerini, g\u00fcne\u015f \u0131\u015f\u0131\u011f\u0131na maruz kalmaktan kaynaklanan kahverengi lekeleri ve cilt tonu e\u015fitsizliklerini de tedavi eder.<\/p>\n\n\n\n<h3 class=\"wp-block-heading\" id=\"skin-laxity\">Cilt gev\u015fekli\u011fi<\/h3>\n\n\n\n<p>CO2 lazer tedavisi, cildin derinliklerindeki kolajen liflerini olu\u015fturup g\u00fc\u00e7lendirdi\u011fi i\u00e7in, tedavi edilen b\u00f6lgedeki cildin s\u0131k\u0131la\u015fmas\u0131na ve gerginle\u015fmesine de yard\u0131mc\u0131 olur.<\/p>\n\n\n\n<h3 class=\"wp-block-heading\" id=\"overall-skin-rejuvenation\">Genel cilt gen\u00e7le\u015ftirme<\/h3>\n\n\n\n<p>Do\u011fal g\u00fczelli\u011finizi art\u0131rmak ve \u0131\u015f\u0131l \u0131\u015f\u0131l bir cilde kavu\u015fmak istiyorsan\u0131z; CO2 lazer cilt yenileme, sa\u011fl\u0131kl\u0131 ve gen\u00e7 bir g\u00f6r\u00fcn\u00fcm elde etmenize yard\u0131mc\u0131 olabilir.<\/p>\n\n\n\n<h2 class=\"wp-block-heading\" id=\"what-to-expect-during-co2-laser-resurfacing-treatment\">CO2 lazerle cilt yenileme tedavisi s\u0131ras\u0131nda neler beklemelisiniz?<\/h2>\n\n\n\n<p>Tedavi s\u00fcrecinizin ilk ad\u0131m\u0131, Chelsea yak\u0131nlar\u0131ndaki klini\u011fimizde bir kons\u00fcltasyon g\u00f6r\u00fc\u015fmesi yapmakt\u0131r.&nbsp;<\/p>\n\n\n\n<p>Cilt sorunlar\u0131n\u0131z\u0131 de\u011ferlendirecek ve lazer tedavisinden ne elde etmek istedi\u011finiz konusunda sizinle konu\u015facak olan doktorumuzla g\u00f6r\u00fc\u015feceksiniz. Ayr\u0131ca size CO2 lazerin nas\u0131l \u00e7al\u0131\u015ft\u0131\u011f\u0131n\u0131 ve ne t\u00fcr sonu\u00e7lar bekleyebilece\u011finizi g\u00f6sterecektir.&nbsp;<\/p>\n\n\n\n<p>Bir\u00e7ok hasta soruyor: CO2 lazerle cilt yenileme tedavisi ac\u0131 verici mi? Bu lazer tedavisiyle hissedilen rahats\u0131zl\u0131k minimum d\u00fczeydedir, ancak m\u00fcmk\u00fcn oldu\u011funca rahat hissetmeniz i\u00e7in \u00f6ncelikle tedavi b\u00f6lgesine lokal uyu\u015fturucu krem uyguluyoruz.&nbsp;<\/p>\n\n\n\n<p>Lazer tedavisi s\u0131ras\u0131nda, lazer enerjisi ciltte mikro yaralanmalara neden olur. Bu, v\u00fccudunuzun kolajen ve elastin \u00fcretimini uyarmay\u0131 da i\u00e7eren ilk iyile\u015fme s\u00fcre\u00e7lerini ba\u015flat\u0131r.<\/p>\n\n\n\n<p>Tedavi seans\u0131n\u0131z\u0131n s\u00fcresi, tedavi edilecek b\u00f6lgenin b\u00fcy\u00fckl\u00fc\u011f\u00fcne ve hangi cilt sorunlar\u0131n\u0131 ele ald\u0131\u011f\u0131m\u0131za ba\u011fl\u0131 olacakt\u0131r.&nbsp;<\/p>\n\n\n\n<p>\u00d6rne\u011fin, akne izlerinin tedavisi, geni\u015flemi\u015f g\u00f6zeneklerin giderilmesi veya k\u0131r\u0131\u015f\u0131kl\u0131klar\u0131n azalt\u0131lmas\u0131na g\u00f6re daha uzun tedavi seanslar\u0131 gerektirecektir.<\/p>\n\n\n\n<p>\u00c7o\u011fu hasta her tedavi i\u00e7in 30 dakika ile 1,5 saat aras\u0131nda bir s\u00fcreye ihtiya\u00e7 duyar. Bunu sizinle g\u00f6r\u00fc\u015fme s\u0131ras\u0131nda ele alaca\u011f\u0131z.&nbsp;<\/p>\n\n\n\n<h3 class=\"wp-block-heading\" id=\"after-co2-laser-resurfacing-treatment\">CO2 lazer cilt yenileme tedavisinden sonra<\/h3>\n\n\n\n<p>Tedavinizin ard\u0131ndan ve cildiniz iyile\u015fmeye ba\u015flarken, birka\u00e7 g\u00fcn boyunca hafif k\u0131zar\u0131kl\u0131k ve \u015fi\u015flik g\u00f6rmeniz normaldir.&nbsp;<\/p>\n\n\n\n<p>Tedavi edilen b\u00f6lgede \u00fc\u00e7\u00fcnc\u00fc g\u00fcnden itibaren soyulmalar\u0131n ba\u015flamas\u0131n\u0131 da bekleyebilirsiniz. Bu durum yakla\u015f\u0131k bir hafta s\u00fcrebilir.<\/p>\n\n\n\n<p>Hastalar\u0131n b\u00fcy\u00fck \u00e7o\u011funlu\u011funda cilt 7-10 g\u00fcn i\u00e7inde tamamen iyile\u015fir. Doktorumuz, cildinizi koruman\u0131za ve iyile\u015fme s\u00fcresini h\u0131zland\u0131rman\u0131za yard\u0131mc\u0131 olacak kapsaml\u0131 ameliyat sonras\u0131 bak\u0131m talimatlar\u0131 verecektir.&nbsp;<\/p>\n\n\n\n<h2 class=\"wp-block-heading\" id=\"co2-laser-treatment-results\">CO2 lazer tedavisi sonu\u00e7lar\u0131<\/h2>\n\n\n\n<p>Cildiniz tamamen iyile\u015ftikten sonra, g\u00f6zle g\u00f6r\u00fcl\u00fcr sonu\u00e7lar\u0131n ortaya \u00e7\u0131kmas\u0131 birka\u00e7 hafta s\u00fcrebilir. Bunun nedeni, cildinizin yenilenme s\u00fcrecini hala tamaml\u0131yor olmas\u0131 ve yeni kolajenin olu\u015fmaya devam etmesidir.&nbsp;<\/p>\n\n\n\n<p>Baz\u0131 hastalar\u0131m\u0131z tek bir seans sonras\u0131nda bile harika sonu\u00e7lar al\u0131rken, di\u011fer hastalar\u0131m\u0131z istedikleri sonu\u00e7lara ula\u015fmak i\u00e7in birka\u00e7 ay arayla 2-3 seansl\u0131k bir tedaviye ihtiya\u00e7 duymaktad\u0131r.&nbsp;<\/p>\n\n\n\n<p>Cilt ihtiya\u00e7lar\u0131n\u0131za uygun ve en iyi sonu\u00e7lar\u0131 elde etmenizi sa\u011flayacak \u00f6zel bir tedavi plan\u0131 geli\u015ftirece\u011fiz.&nbsp;<\/p>\n\n\n\n<h2 class=\"wp-block-heading\" id=\"why-choose-derma-aesthetics-london-for-your-aesthetic-treatments\">Estetik tedavileriniz i\u00e7in neden Derma Aesthetics London&#039;\u0131 tercih etmelisiniz?<\/h2>\n\n\n\n<p>Dr. Raja ve Derma Aesthetics London ekibi, estetik t\u0131p ve cilt tedavileri konusunda uzmand\u0131r.&nbsp;<\/p>\n\n\n\n<p>Uzmanlar\u0131m\u0131z, CO2 lazerle cilt yenileme y\u00f6ntemiyle farkl\u0131 cilt tiplerini ve cilt sorunlar\u0131n\u0131 tedavi etme konusunda y\u0131llarca deneyime sahiptir.<\/p>\n\n\n\n<p>&nbsp;Bu, basit cilt gen\u00e7le\u015ftirme i\u015flemlerinden, ekstra \u00f6zen ve hassasiyet gerektiren daha karma\u015f\u0131k cilt sorunlar\u0131na kadar uzanmaktad\u0131r.&nbsp;<\/p>\n\n\n\n<p>Yaln\u0131zca kan\u0131tlanm\u0131\u015f sonu\u00e7lar veren en son teknolojiyi kullan\u0131yoruz. Bu sayede, uzun vadede sa\u011fl\u0131kl\u0131 bir cilde sahip olman\u0131za yard\u0131mc\u0131 olan g\u00fcvenli ve etkili tedaviler sunabiliyoruz.&nbsp;<\/p>\n\n\n\n<h2 class=\"wp-block-heading\" id=\"book-your-consultation-for-co2-laser-resurfacing-chelsea\">Chelsea&#039;de CO2 lazerle cilt yenileme i\u00e7in dan\u0131\u015fmanl\u0131k randevunuzu al\u0131n.<\/h2>\n\n\n\n<p>Chelsea yak\u0131nlar\u0131nda CO2 lazerle cilt yenileme i\u015flemi i\u00e7in uygun bir aday olup olmad\u0131\u011f\u0131n\u0131z\u0131 \u00f6\u011frenmek istiyorsan\u0131z, bug\u00fcn uzmanlar\u0131m\u0131zdan biriyle g\u00f6r\u00fc\u015fme randevusu alarak ba\u015flay\u0131n.<\/p>\n\n\n\n<p><a href=\"https:\/\/dermaaestheticslondon.com\/tr\/contact\/\">\u0130LET\u0130\u015e\u0130ME GE\u00c7\u0130N<\/a><\/p>\n\n\n\n<h2 class=\"wp-block-heading\" id=\"how-to-find-us\">Bizi nas\u0131l bulabilirsiniz<\/h2>\n\n\n\n<p>Derma Aesthetics London klini\u011fi Harley Street&#039;te bulunmaktad\u0131r. Ayr\u0131ca, en iyi moda, g\u00fczellik ve ya\u015fam tarz\u0131 ma\u011fazalar\u0131ndan baz\u0131lar\u0131n\u0131 bulabilece\u011finiz Oxford Street&#039;e de k\u0131sa bir y\u00fcr\u00fcy\u00fc\u015f mesafesindeyiz.<\/p>\n\n\n\n<p>Chelsea&#039;den, Sloane Square&#039;den District ve Victoria metro hatlar\u0131n\u0131 kullanarak metroyla ula\u015fabilirsiniz.<\/p>\n\n\n\n<p>Oxford Circus&#039;a yakla\u015f\u0131k 20 dakika s\u00fcren bir yolculukla ula\u015fabilirsiniz. Oxford Circus metro istasyonuna on dakikal\u0131k y\u00fcr\u00fcme mesafesindeyiz.&nbsp;<\/p>\n\n\n\n<p>Arabayla seyahat ediyorsan\u0131z, Harley Caddesi&#039;nde geni\u015f bir \u00fccretli park yeri mevcuttur.&nbsp;&nbsp;&nbsp;<\/p>\n\n\n\n<h3 class=\"wp-block-heading\" id=\"address\">Adres<\/h3>\n\n\n\n<p>39 Harley Caddesi<br>Londra&nbsp;<br>W1G 8QH<\/p>\n\n\n<p><iframe src=\"https:\/\/www.google.com\/maps\/embed?pb=!1m14!1m8!1m3!1d9930.899153256332!2d-0.1468513!3d51.5182649!3m2!1i1024!2i768!4f13.1!3m3!1m2!1s0x487611e416322439%3A0xb84cf932b11cbe62!2sDerma%20Aesthetics%20London!5e0!3m2!1sen!2suk!4v1699790340707!5m2!1sen!2suk\" width=\"100%\" height=\"450\" style=\"border:0;\" allowfullscreen=\"\" loading=\"lazy\" referrerpolicy=\"no-referrer-when-downgrade\"><\/iframe><\/p>\n\n\n<h2 class=\"wp-block-heading\" id=\"about-chelsea\">Chelsea Hakk\u0131nda<\/h2>\n\n\n\n<p>Chelsea, Londra&#039;n\u0131n en prestijli b\u00f6lgelerinden biridir. Bat\u0131 Londra&#039;da yer alan bu b\u00f6lge, \u00f6zellikle King&#039;s Road boyunca uzanan restoran ve barlar\u0131yla \u00fcnl\u00fcd\u00fcr.&nbsp;<\/p>\n\n\n\n<p>Chelsea b\u00f6lgesi, say\u0131s\u0131z k\u00fclt\u00fcrel simgesi ve etkinli\u011fiyle hem sakinlerini hem de ziyaret\u00e7ilerini kendine \u00e7ekiyor. Bunlar aras\u0131nda Saatchi Galerisi, tarihi Chelsea Kraliyet Hastanesi ve Chelsea Psi\u015fik Bah\u00e7esi yer al\u0131yor.&nbsp;<\/p>\n\n\n\n<p>Chelsea, metroda District, Circle ve Piccadilly hatlar\u0131na kolay eri\u015fim sayesinde Londra&#039;n\u0131n di\u011fer b\u00f6lgeleriyle de iyi bir ba\u011flant\u0131ya sahiptir.<\/p>","protected":false},"excerpt":{"rendered":"<p>Chelsea yak\u0131nlar\u0131ndaki Derma Aesthetics London&#039;da yap\u0131lan CO2 lazer cilt yenileme i\u015flemi, cilt dokusunu, yara izlerini ve g\u00fcne\u015f hasar\u0131n\u0131 iyile\u015ftirerek p\u00fcr\u00fczs\u00fcz ve \u0131\u015f\u0131lt\u0131l\u0131 bir cilt sa\u011flar.<\/p>","protected":false},"author":4,"featured_media":3705,"parent":0,"menu_order":70,"comment_status":"closed","ping_status":"closed","template":"","meta":{"_gspb_post_css":"","pgc_sgb_lightbox_settings":"","footnotes":""},"class_list":["post-4649","page","type-page","status-publish","has-post-thumbnail","hentry"],"blocksy_meta":{"page_structure_type":"type-1","styles_descriptor":{"styles":{"desktop":"","tablet":"","mobile":""},"google_fonts":[],"version":6}},"_links":{"self":[{"href":"https:\/\/dermaaestheticslondon.com\/tr\/wp-json\/wp\/v2\/pages\/4649","targetHints":{"allow":["GET"]}}],"collection":[{"href":"https:\/\/dermaaestheticslondon.com\/tr\/wp-json\/wp\/v2\/pages"}],"about":[{"href":"https:\/\/dermaaestheticslondon.com\/tr\/wp-json\/wp\/v2\/types\/page"}],"author":[{"embeddable":true,"href":"https:\/\/dermaaestheticslondon.com\/tr\/wp-json\/wp\/v2\/users\/4"}],"replies":[{"embeddable":true,"href":"https:\/\/dermaaestheticslondon.com\/tr\/wp-json\/wp\/v2\/comments?post=4649"}],"version-history":[{"count":1,"href":"https:\/\/dermaaestheticslondon.com\/tr\/wp-json\/wp\/v2\/pages\/4649\/revisions"}],"predecessor-version":[{"id":4650,"href":"https:\/\/dermaaestheticslondon.com\/tr\/wp-json\/wp\/v2\/pages\/4649\/revisions\/4650"}],"wp:featuredmedia":[{"embeddable":true,"href":"https:\/\/dermaaestheticslondon.com\/tr\/wp-json\/wp\/v2\/media\/3705"}],"wp:attachment":[{"href":"https:\/\/dermaaestheticslondon.com\/tr\/wp-json\/wp\/v2\/media?parent=4649"}],"curies":[{"name":"wp","href":"https:\/\/api.w.org\/{rel}","templated":true}]}}