{"id":4744,"date":"2026-03-16T13:37:35","date_gmt":"2026-03-16T13:37:35","guid":{"rendered":"https:\/\/dermaaestheticslondon.com\/?page_id=4744"},"modified":"2026-03-16T13:41:58","modified_gmt":"2026-03-16T13:41:58","slug":"endolift-mayfair","status":"publish","type":"page","link":"https:\/\/dermaaestheticslondon.com\/tr\/endolift-mayfair\/","title":{"rendered":"Endolift Mayfair"},"content":{"rendered":"<p>Ameliyats\u0131z olarak sarkm\u0131\u015f cildi s\u0131k\u0131la\u015ft\u0131rmaya ve y\u00fcz hatlar\u0131n\u0131 belirginle\u015ftirmeye yard\u0131mc\u0131 olan geli\u015fmi\u015f bir lazer tedavisi i\u00e7in, <strong>Mayfair&#039;de Endolift<\/strong> ideal bir \u00e7\u00f6z\u00fcmd\u00fcr.&nbsp;<\/p>\n\n\n\n<p>\u00c7o\u011fu hasta d\u00fc\u015f\u00fcnmeye ba\u015flar. <a href=\"https:\/\/dermaaestheticslondon.com\/tr\/treatments\/endolift\/\">Endolift<\/a> Ciltte gev\u015feme, ton kayb\u0131 ve \u00e7ene hatt\u0131 ile \u00e7ene \u00e7evresinde sarkma gibi ya\u015flanman\u0131n g\u00f6zle g\u00f6r\u00fcl\u00fcr belirtileri ortaya \u00e7\u0131kmaya ba\u015flad\u0131\u011f\u0131nda.&nbsp;<\/p>\n\n\n\n<p>Endolift tedavisi, lazer enerjisi kullanarak an\u0131nda cilt s\u0131k\u0131la\u015ft\u0131rma sa\u011flar ve bu etki \u00f6n\u00fcm\u00fczdeki haftalar ve aylarda iyile\u015fmeye devam eder.<\/p>\n\n\n\n<p>Bu cerrahi olmayan tedavi, diyet ve egzersizle tek ba\u015f\u0131na giderilmesi zor olan inat\u00e7\u0131 ya\u011f birikintilerini hedef al\u0131p azaltmaya da yard\u0131mc\u0131 olabilir.&nbsp;<\/p>\n\n\n\n<p>Sonu\u00e7 olarak daha din\u00e7, daha s\u0131k\u0131 ve daha gen\u00e7 bir g\u00f6r\u00fcn\u00fcm elde edilir.&nbsp;<\/p>\n\n\n\n<p>Derma Aesthetics London&#039;da, doktor liderli\u011findeki ekibimiz y\u00fcz esteti\u011fi ve v\u00fccut bak\u0131mlar\u0131 konusunda y\u0131llar\u0131n deneyimine sahiptir.&nbsp;<\/p>\n\n\n\n<p>Mayfair yak\u0131nlar\u0131ndaki klini\u011fimizde, cilt tipinize, cilt durumunuza ve estetik hedeflerinize g\u00f6re uyarlad\u0131\u011f\u0131m\u0131z ki\u015fiselle\u015ftirilmi\u015f tedavi planlar\u0131 sunuyoruz. Amac\u0131m\u0131z, kendinizi en iyi halinizde hissetmenize ve g\u00f6r\u00fcnmenize yard\u0131mc\u0131 olacak do\u011fal g\u00f6r\u00fcn\u00fcml\u00fc sonu\u00e7lar elde etmenizi sa\u011flamakt\u0131r.&nbsp;<\/p>\n\n\n\n<p>Daha s\u0131k\u0131 ve gen\u00e7 g\u00f6r\u00fcn\u00fcml\u00fc bir cilde do\u011fru ilk ad\u0131mlar\u0131n\u0131z\u0131 atmaya haz\u0131rsan\u0131z, ilk g\u00f6r\u00fc\u015fmeniz i\u00e7in ekibimizle ileti\u015fime ge\u00e7in.&nbsp;<\/p>\n\n\n\n<p><a href=\"https:\/\/dermaaestheticslondon.com\/tr\/contact\/\">DANI\u015eMA RANDEVUSU ALIN<\/a><\/p>\n\n\n\n<figure class=\"wp-block-image size-full\"><img decoding=\"async\" width=\"602\" height=\"602\" src=\"https:\/\/dermaaestheticslondon.com\/wordpress\/wp-content\/uploads\/2024\/04\/endolift-london-before-after.webp\" alt=\"Endolift Mayfair\" class=\"wp-image-2205\" srcset=\"https:\/\/dermaaestheticslondon.com\/wordpress\/wp-content\/uploads\/2024\/04\/endolift-london-before-after.webp 602w, https:\/\/dermaaestheticslondon.com\/wordpress\/wp-content\/uploads\/2024\/04\/endolift-london-before-after-300x300.webp 300w, https:\/\/dermaaestheticslondon.com\/wordpress\/wp-content\/uploads\/2024\/04\/endolift-london-before-after-150x150.webp 150w\" sizes=\"(max-width: 602px) 100vw, 602px\" \/><\/figure>\n\n\n\n<h2 class=\"wp-block-heading\" id=\"what-is-co2-laser-resurfacing-treatment\">Endolift tedavisi nedir?<\/h2>\n\n\n\n<p>Fazla ya\u011f h\u00fccrelerini, sarkm\u0131\u015f cildi ve e\u015fit olmayan cilt tonunu hedef alan ve tedavi eden kesin bir y\u00f6ntem bulmak zor olabilir. \u0130\u015fte tam bu noktada Endolift devreye giriyor.<\/p>\n\n\n\n<p>Endolift, sarkm\u0131\u015f cildi s\u0131k\u0131la\u015ft\u0131rmaya, cilt tonunu ve dokusunu iyile\u015ftirmeye ve cilt y\u00fczeyinin alt\u0131ndaki inat\u00e7\u0131 ya\u011f birikintilerini azaltmaya yard\u0131mc\u0131 olan minimal invaziv bir tedavi y\u00f6ntemidir.&nbsp;<\/p>\n\n\n\n<p>Bu cerrahi olmayan tedavi, kontroll\u00fc lazer enerjisini cildin daha derin katmanlar\u0131na g\u00f6nderen ince bir lazer lifi kullan\u0131r. Bu i\u015flem, cilt dokusunu \u0131s\u0131t\u0131r, ya\u011f birikintilerini eritir ve kolajen \u00fcretimini uyar\u0131r.&nbsp;<\/p>\n\n\n\n<p>Bu cilt s\u0131k\u0131la\u015ft\u0131rma ve ya\u011f azaltma tedavisini genellikle alt y\u00fcz, \u00e7ene hatt\u0131 ve \u00fcst boyun gibi b\u00f6lgelerde kullan\u0131yoruz. Ayr\u0131ca kollar, kar\u0131n ve uyluklar dahil olmak \u00fczere v\u00fccudun belirli b\u00f6lgelerine de uygulama yapabiliyoruz.&nbsp;<\/p>\n\n\n\n<p>\u00d6n\u00fcm\u00fczdeki birka\u00e7 ay i\u00e7inde, yeni kolajen olu\u015fumuyla birlikte, y\u00fcz hatlar\u0131n\u0131z\u0131n daha kalk\u0131k ve \u015fekilli hale geldi\u011fini ve genel cilt kalitenizin iyile\u015fti\u011fini g\u00f6receksiniz.&nbsp;<\/p>\n\n\n\n<h2 class=\"wp-block-heading\" id=\"the-benefits-of-endolift-treatment\">Endolift tedavisinin faydalar\u0131<\/h2>\n\n\n\n<p id=\"endolift-is-one-of-the-most-versatile-treatments-that-uses-the-advanced-laser-technology-to\">Endolift, geli\u015fmi\u015f lazer teknolojisini kullanarak a\u015fa\u011f\u0131daki ama\u00e7lara hizmet eden en \u00e7ok y\u00f6nl\u00fc tedavilerden biridir:<\/p>\n\n\n\n<p id=\"provide-immediate-tightening-effects\">\u2022 An\u0131nda s\u0131k\u0131la\u015ft\u0131r\u0131c\u0131 etki sa\u011flar<\/p>\n\n\n\n<p id=\"promotes-collagen-production-and-elastin-production\">\u2022 Kolajen ve elastin \u00fcretimini destekler<\/p>\n\n\n\n<p id=\"improve-skin-elasticity-and-tighten-loose-skin\">\u2022 Cilt elastikiyetini art\u0131r\u0131r ve sarkm\u0131\u015f cildi s\u0131k\u0131la\u015ft\u0131r\u0131r.<\/p>\n\n\n\n<p id=\"reduce-fat-including-a-double-chin-or-sagging-jowls\">\u2022 \u00c7ift \u00e7ene veya sark\u0131k yanaklar da dahil olmak \u00fczere ya\u011flar\u0131 azalt\u0131n.<\/p>\n\n\n\n<p>\u2022 Cilt tonunu, dokusunu ve genel cilt kalitesini iyile\u015ftirir.<\/p>\n\n\n\n<p id=\"we-also-recommend-endolift-because-it\">Endolift&#039;i ayr\u0131ca \u015fu nedenlerle de \u00f6neriyoruz:<\/p>\n\n\n\n<p id=\"comes-with-minimal-risk-and-is-generally-well-tolerated\">\u2022 \u015eunlarla birlikte gelir: <strong>minimum risk<\/strong> ve genellikle iyi tolere edilir.<\/p>\n\n\n\n<p id=\"minimal-downtime-most-patients-go-back-to-their-normal-activities-soon-after-treatment\">\u00b7 &nbsp; &nbsp; &nbsp; <strong>Minimum kesinti s\u00fcresi<\/strong> \u2013 Hastalar\u0131n \u00e7o\u011fu tedavi sonras\u0131nda k\u0131sa s\u00fcre i\u00e7inde normal aktivitelerine geri d\u00f6ner.&nbsp;<\/p>\n\n\n\n<p id=\"a-great-overall-skin-rejuvenation-treatment-that-is-suitable-for-different-skin-types\">\u00b7 Genel olarak harika<strong> cilt gen\u00e7le\u015ftirme <\/strong>farkl\u0131 cilt tiplerine uygun tedavi<\/p>\n\n\n\n<p id=\"you-see-natural-results-that-continue-to-get-better-over-the-next-few-weeks\">\u00b7    Anl\u0131yorsun <strong>do\u011fal sonu\u00e7lar<\/strong> \u00f6n\u00fcm\u00fczdeki birka\u00e7 hafta i\u00e7inde iyile\u015fmeye devam edecekler<\/p>\n\n\n\n<p id=\"offers-a-non-surgical-alternative-to-more-invasive-procedures\">\u2022 \u015eunlar\u0131 sunar: <strong>cerrahi olmayan alternatif<\/strong> daha invaziv prosed\u00fcrlere&nbsp;<\/p>\n\n\n\n<h2 class=\"wp-block-heading\" id=\"what-to-expect-during-an-endolift-procedure-in-mayfair\">Mayfair&#039;de Endolift prosed\u00fcr\u00fc s\u0131ras\u0131nda neler beklemelisiniz?<\/h2>\n\n\n\n<h3 class=\"wp-block-heading\" id=\"the-consultation\">Dan\u0131\u015fma<\/h3>\n\n\n\n<p>\u0130lk ad\u0131m\u0131n\u0131z Mayfair klini\u011fimizde detayl\u0131 bir g\u00f6r\u00fc\u015fme yapmakt\u0131r.&nbsp;<\/p>\n\n\n\n<p>Bu randevu s\u0131ras\u0131nda, cilt durumunuzu, cilt sorunlar\u0131n\u0131z\u0131 de\u011ferlendirecek ve istedi\u011finiz sonu\u00e7lar hakk\u0131nda konu\u015facak olan t\u0131p uzmanlar\u0131m\u0131zdan biriyle g\u00f6r\u00fc\u015feceksiniz.&nbsp;<\/p>\n\n\n\n<p>Bu bilgiler do\u011frultusunda, tedavi edilecek b\u00f6lgedeki ya\u015flanman\u0131n g\u00f6zle g\u00f6r\u00fcl\u00fcr belirtilerini gidermeyi ve size daha gen\u00e7 bir g\u00f6r\u00fcn\u00fcm kazand\u0131rmay\u0131 ama\u00e7layan, ki\u015fiye \u00f6zel bir tedavi plan\u0131 geli\u015ftirece\u011fiz.<\/p>\n\n\n\n<h3 class=\"wp-block-heading\" id=\"endolift-treatment\">Endolift tedavisi<\/h3>\n\n\n\n<p>Endolift i\u015fleminiz, b\u00f6lgeyi uyu\u015fturmak ve minimum d\u00fczeyde rahats\u0131zl\u0131k hissetmenizi sa\u011flamak i\u00e7in lokal anestezik uygulanarak ba\u015flayacakt\u0131r.&nbsp;<\/p>\n\n\n\n<p>Cilt y\u00fczeyinin alt\u0131na, sa\u00e7 teli kadar ince bir lazer lifi yerle\u015ftirece\u011fiz. Bu, cilt dokusuna kontroll\u00fc lazer enerjisi ileterek onu \u0131s\u0131t\u0131r, lokal ya\u011f birikintilerini eritir ve kolajen \u00fcretimini ba\u015flat\u0131r.&nbsp;<\/p>\n\n\n\n<p>Bu i\u015flem ayn\u0131 zamanda tedavi b\u00f6lgesine kan ak\u0131\u015f\u0131n\u0131 art\u0131rarak v\u00fccudunuzun iyile\u015fme s\u00fcrecini destekler ve cilt tonunu ve dokusunu iyile\u015ftirir.&nbsp;<\/p>\n\n\n\n<p>Eriyen ya\u011f, v\u00fccudunuz taraf\u0131ndan do\u011fal olarak i\u015flenecek ve lenfatik sistem yoluyla d\u0131\u015far\u0131 at\u0131lacakt\u0131r.&nbsp;<\/p>\n\n\n\n<h3 class=\"wp-block-heading\" id=\"after-your-endolift-procedure\">Endolift prosed\u00fcr\u00fcn\u00fczden sonra<\/h3>\n\n\n\n<p>Endolift tedavisi sonras\u0131 iyile\u015fme s\u00fcresi genellikle minimum d\u00fczeydedir. Tedavi edilen b\u00f6lgede hafif k\u0131zar\u0131kl\u0131k ve \u015fi\u015flik ya\u015fayabilirsiniz. Bu normaldir ve birka\u00e7 g\u00fcn i\u00e7inde ge\u00e7ecektir.<\/p>\n\n\n\n<p>Hastalar\u0131n \u00e7o\u011fu tedavi seans\u0131ndan k\u0131sa s\u00fcre sonra normal aktivitelerine geri d\u00f6ner.&nbsp;<\/p>\n\n\n\n<p>\u0130lk 24-48 saat boyunca, yorucu egzersizlerden, a\u015f\u0131r\u0131 s\u0131caktan (s\u0131cak du\u015flar ve saunalar) ka\u00e7\u0131nman\u0131z\u0131 ve do\u011frudan g\u00fcne\u015f \u0131\u015f\u0131\u011f\u0131na maruz kalmay\u0131 en aza indirmenizi tavsiye ederiz.&nbsp;<\/p>\n\n\n\n<h2 class=\"wp-block-heading\" id=\"endolift-results\">Endolift sonu\u00e7lar\u0131<\/h2>\n\n\n\n<p>Endolift sonu\u00e7lar\u0131 ki\u015fiden ki\u015fiye de\u011fi\u015febilir. Sonu\u00e7lar\u0131n\u0131z\u0131 etkileyebilecek fakt\u00f6rler \u015funlard\u0131r:<\/p>\n\n\n\n<p>\u2022 Tedavi alan\u0131<\/p>\n\n\n\n<p>\u2022 Cilt durumu ve cilt ya\u015f\u0131<\/p>\n\n\n\n<p>\u2022 Cilt gev\u015fekli\u011fi derecesi<\/p>\n\n\n\n<p>Bir\u00e7ok hasta tek bir tedavi seans\u0131nda bile ciltte an\u0131nda s\u0131k\u0131la\u015fma g\u00f6r\u00fcyor.&nbsp;<\/p>\n\n\n\n<p>Ciltteki kolajen \u00fcretimi artt\u0131k\u00e7a sonu\u00e7lar\u0131n\u0131z sonraki haftalar ve aylarda iyile\u015fmeye devam eder. Bu, cildin daha da s\u0131k\u0131la\u015fmas\u0131na, p\u00fcr\u00fczs\u00fczl\u00fc\u011f\u00fcn\u00fcn artmas\u0131na ve daha kalk\u0131k bir g\u00f6r\u00fcn\u00fcm kazanmas\u0131na yard\u0131mc\u0131 olur.<\/p>\n\n\n\n<p>Yeni kolajen ve elastin ayn\u0131 zamanda daha iyi cilt tonu ve cilt kalitesi anlam\u0131na gelir.&nbsp;<\/p>\n\n\n\n<p>E\u011fer daha hafif derecede sarkm\u0131\u015f veya gev\u015fek bir cildiniz varsa, sonu\u00e7lar\u0131n\u0131z\u0131 iyile\u015ftirmek i\u00e7in alt\u0131 ay sonra ikinci bir seansa ihtiyac\u0131n\u0131z olabilir.&nbsp;&nbsp;<\/p>\n\n\n\n<p>Sonu\u00e7lar\u0131n\u0131z\u0131n daha uzun s\u00fcre kal\u0131c\u0131 olmas\u0131 i\u00e7in, cilt tipinize uygun bir ya\u015flanma kar\u015f\u0131t\u0131 cilt bak\u0131m rutini de \u00f6nerece\u011fiz.&nbsp;<\/p>\n\n\n\n<h2 class=\"wp-block-heading\" id=\"what-other-treatments-can-you-have-with-endolift\">Endolift ile ba\u015fka hangi tedaviler uygulanabilir?<\/h2>\n\n\n\n<p id=\"at-derma-aesthetics-london-we-can-combine-endolift-treatment-with-some-of-the-following-facial-aesthetic-treatments-to-boost-your-results\">Derma Aesthetics London&#039;da, sonu\u00e7lar\u0131n\u0131z\u0131 iyile\u015ftirmek i\u00e7in Endolift tedavisini a\u015fa\u011f\u0131daki y\u00fcz esteti\u011fi uygulamalar\u0131ndan baz\u0131lar\u0131yla birle\u015ftirebiliriz:<\/p>\n\n\n\n<h3 class=\"wp-block-heading\" id=\"dermal-fillers\">Dermal dolgular<\/h3>\n\n\n\n<p><a href=\"https:\/\/dermaaestheticslondon.com\/tr\/treatment-category\/dermal-fillers\/\">Dermal dolgular<\/a> Enjeksiyon yoluyla uygulanan bu tedavilerde, cilde hacim kazand\u0131rmak veya geri kazand\u0131rmak, y\u00fcz hatlar\u0131 aras\u0131nda daha fazla denge olu\u015fturmak ve ince \u00e7izgileri ve k\u0131r\u0131\u015f\u0131kl\u0131klar\u0131 azaltmak i\u00e7in jel benzeri bir madde kullan\u0131l\u0131r.&nbsp;<\/p>\n\n\n\n<h3 class=\"wp-block-heading\" id=\"anti-wrinkle-injections\">K\u0131r\u0131\u015f\u0131kl\u0131k kar\u015f\u0131t\u0131 enjeksiyonlar<\/h3>\n\n\n\n<p><a href=\"https:\/\/dermaaestheticslondon.com\/tr\/treatments\/anti-wrinkle-treatment\/\">K\u0131r\u0131\u015f\u0131kl\u0131k kar\u015f\u0131t\u0131 enjeksiyonlar<\/a> Y\u00fczdeki baz\u0131 kaslar\u0131n kas\u0131lmas\u0131n\u0131 ge\u00e7ici olarak durdurur. Bunlar, g\u00fcl\u00fcmsedi\u011finizde, g\u00fcld\u00fc\u011f\u00fcn\u00fczde veya ka\u015flar\u0131n\u0131z\u0131 \u00e7att\u0131\u011f\u0131n\u0131zda ince \u00e7izgilerin olu\u015fmas\u0131na neden olan kaslard\u0131r.&nbsp;<\/p>\n\n\n\n<p>Endolift ile birlikte uygulanan bu tedavi, daha p\u00fcr\u00fczs\u00fcz ve gen\u00e7 bir g\u00f6r\u00fcn\u00fcm elde etmenizi sa\u011flayabilir.<\/p>\n\n\n\n<h3 class=\"wp-block-heading\" id=\"microneedling\">Mikroi\u011fneleme<\/h3>\n\n\n\n<p><a href=\"https:\/\/dermaaestheticslondon.com\/tr\/treatments\/microneedling\/\">Mikroi\u011fneleme tedavisi<\/a> Bu y\u00f6ntem, cilde mikro yaralanmalar olu\u015fturmak i\u00e7in minik u\u00e7lara sahip kalem benzeri bir cihaz kullanarak \u00e7al\u0131\u015f\u0131r.&nbsp;<\/p>\n\n\n\n<p>Bu s\u00fcre\u00e7, v\u00fccudunuzun do\u011fal iyile\u015fme tepkisini harekete ge\u00e7irir; bu da kolajen \u00fcretiminin artmas\u0131n\u0131, cilt dokusunun p\u00fcr\u00fczs\u00fczle\u015fmesini ve daha parlak bir g\u00f6r\u00fcn\u00fcm kazanman\u0131z\u0131 sa\u011flar.&nbsp;<\/p>\n\n\n\n<p>Hem Endolift hem de mikroi\u011fneleme, genel cilt tonunuzu ve dokunuzu iyile\u015ftirmek i\u00e7in cildin y\u00fczeyinin alt\u0131nda \u00e7al\u0131\u015f\u0131r.&nbsp;<\/p>\n\n\n\n<p>\u0130ki i\u015flemi tek seansta yapt\u0131ramazs\u0131n\u0131z. Genellikle Endolift tedavisinden 4-6 hafta sonra mikroi\u011fneleme yapt\u0131r\u0131rs\u0131n\u0131z.&nbsp;<\/p>\n\n\n\n<h2 class=\"wp-block-heading\" id=\"why-choose-derma-aesthetics-london-for-endolift-mayfair\">Endolift Mayfair i\u00e7in Derma Aesthetics London&#039;\u0131 neden tercih etmelisiniz?<\/h2>\n\n\n\n<p>Derma Aesthetics London, Mayfair yak\u0131nlar\u0131ndaki en g\u00fcvenilir ve sayg\u0131n y\u00fcz esteti\u011fi uzmanlar\u0131ndan biridir.&nbsp;<\/p>\n\n\n\n<p>Cilt bak\u0131m\u0131 uygulamalar\u0131m\u0131zda yaln\u0131zca t\u0131bbi standartlara uygun \u00fcr\u00fcnler ve teknoloji kullan\u0131yoruz, b\u00f6ylece siz de en iyi sonu\u00e7lar\u0131 g\u00f6receksiniz.&nbsp;<\/p>\n\n\n\n<p>Endolift ile Londra&#039;n\u0131n merkezinde ya\u015flanan ve sarkan cilt i\u00e7in en iyi cerrahi olmayan \u00e7\u00f6z\u00fcm\u00fc sunuyoruz.&nbsp;<\/p>\n\n\n\n<p>Ekibimiz ayr\u0131ca uzman bak\u0131m ve destek hizmeti de sunmaktad\u0131r, b\u00f6ylece tedaviniz bittikten sonra bile sa\u011fl\u0131\u011f\u0131n\u0131z\u0131n ve esenli\u011finizin en b\u00fcy\u00fck \u00f6nceli\u011fimiz oldu\u011fundan emin olabilirsiniz.&nbsp;&nbsp;<\/p>\n\n\n\n<p>Endolift&#039;in sizin i\u00e7in uygun olup olmad\u0131\u011f\u0131n\u0131 \u00f6\u011frenmek i\u00e7in l\u00fctfen bug\u00fcn ekibimizle ileti\u015fime ge\u00e7in. Cildiniz ve estetik hedefleriniz i\u00e7in ideal tedavi plan\u0131n\u0131 bulman\u0131za yard\u0131mc\u0131 olaca\u011f\u0131z.<\/p>\n\n\n\n<p><a href=\"https:\/\/dermaaestheticslondon.com\/tr\/contact\/\">B\u0130ZE ULA\u015eIN<\/a><\/p>\n\n\n\n<h2 class=\"wp-block-heading\" id=\"how-to-find-our-clinic-near-mayfair\">Mayfair yak\u0131nlar\u0131ndaki klini\u011fimizi nas\u0131l bulabilirsiniz?<\/h2>\n\n\n\n<p>Derma Aesthetics London klini\u011fi, \u00f6zel sa\u011fl\u0131k hizmetleri ve estetik t\u0131p alan\u0131nda en iyi yerlerden biri olan Harley Street&#039;te bulunmaktad\u0131r.&nbsp;<\/p>\n\n\n\n<p>Mayfair&#039;deki Bond Street&#039;e k\u0131sa bir y\u00fcr\u00fcy\u00fc\u015f mesafesindeyiz. Oxford&#039;a da k\u0131sa bir y\u00fcr\u00fcy\u00fc\u015f mesafesindeyiz.<\/p>\n\n\n\n<p>Bakerloo, Victoria ve Central metro hatlar\u0131na hizmet veren Circus metro istasyonu.&nbsp;<\/p>\n\n\n\n<p>E\u011fer arabayla seyahat ediyorsan\u0131z, Harley Caddesi&#039;nde bol miktarda \u00fccretli park yeri mevcuttur.&nbsp;<\/p>\n\n\n\n<h3 class=\"wp-block-heading\" id=\"address\">Adres<\/h3>\n\n\n\n<p>39 Harley Caddesi<br>Londra&nbsp;<br>W1G 8QH<\/p>\n\n\n<p><iframe src=\"https:\/\/www.google.com\/maps\/embed?pb=!1m14!1m8!1m3!1d9930.899153256332!2d-0.1468513!3d51.5182649!3m2!1i1024!2i768!4f13.1!3m3!1m2!1s0x487611e416322439%3A0xb84cf932b11cbe62!2sDerma%20Aesthetics%20London!5e0!3m2!1sen!2suk!4v1699790340707!5m2!1sen!2suk\" width=\"100%\" height=\"450\" style=\"border:0;\" allowfullscreen=\"\" loading=\"lazy\" referrerpolicy=\"no-referrer-when-downgrade\"><\/iframe><\/p>\n\n\n<h2 class=\"wp-block-heading\" id=\"about-mayfair-in-london\">Londra&#039;daki Mayfair hakk\u0131nda<\/h2>\n\n\n\n<p>Mayfair, Londra&#039;n\u0131n merkezinde yer alan prestijli bir semttir. Hyde Park, Green Park ve Soho ile \u00e7evrilidir.&nbsp;&nbsp;<\/p>\n\n\n\n<p>Bond Street, Green Park ve Oxford Circus metro istasyonlar\u0131 sayesinde Londra&#039;n\u0131n di\u011fer b\u00f6lgelerinden ula\u015f\u0131m\u0131 kolayd\u0131r.&nbsp;<\/p>\n\n\n\n<p>Bir\u00e7ok ki\u015fi Mayfair&#039;i l\u00fcks butikleri ve Berkeley Meydan\u0131, Mount Caddesi ve Grosvenor Meydan\u0131 gibi ikonik yerleri i\u00e7in ziyaret eder.<\/p>","protected":false},"excerpt":{"rendered":"<p>Daha s\u0131k\u0131 bir cilt, geli\u015fmi\u015f cilt kalitesi ve ya\u011f azalt\u0131m\u0131 i\u00e7in Mayfair&#039;de Endolift&#039;i tercih edin. Bu geli\u015fmi\u015f lazer tedavisi i\u00e7in dan\u0131\u015fmanl\u0131k randevunuzu al\u0131n. <\/p>","protected":false},"author":4,"featured_media":2205,"parent":0,"menu_order":70,"comment_status":"closed","ping_status":"closed","template":"","meta":{"_gspb_post_css":"","pgc_sgb_lightbox_settings":"","footnotes":""},"class_list":["post-4744","page","type-page","status-publish","has-post-thumbnail","hentry"],"blocksy_meta":{"page_structure_type":"type-1","styles_descriptor":{"styles":{"desktop":"","tablet":"","mobile":""},"google_fonts":[],"version":6}},"_links":{"self":[{"href":"https:\/\/dermaaestheticslondon.com\/tr\/wp-json\/wp\/v2\/pages\/4744","targetHints":{"allow":["GET"]}}],"collection":[{"href":"https:\/\/dermaaestheticslondon.com\/tr\/wp-json\/wp\/v2\/pages"}],"about":[{"href":"https:\/\/dermaaestheticslondon.com\/tr\/wp-json\/wp\/v2\/types\/page"}],"author":[{"embeddable":true,"href":"https:\/\/dermaaestheticslondon.com\/tr\/wp-json\/wp\/v2\/users\/4"}],"replies":[{"embeddable":true,"href":"https:\/\/dermaaestheticslondon.com\/tr\/wp-json\/wp\/v2\/comments?post=4744"}],"version-history":[{"count":1,"href":"https:\/\/dermaaestheticslondon.com\/tr\/wp-json\/wp\/v2\/pages\/4744\/revisions"}],"predecessor-version":[{"id":4745,"href":"https:\/\/dermaaestheticslondon.com\/tr\/wp-json\/wp\/v2\/pages\/4744\/revisions\/4745"}],"wp:featuredmedia":[{"embeddable":true,"href":"https:\/\/dermaaestheticslondon.com\/tr\/wp-json\/wp\/v2\/media\/2205"}],"wp:attachment":[{"href":"https:\/\/dermaaestheticslondon.com\/tr\/wp-json\/wp\/v2\/media?parent=4744"}],"curies":[{"name":"wp","href":"https:\/\/api.w.org\/{rel}","templated":true}]}}