{"id":4746,"date":"2026-03-16T13:41:05","date_gmt":"2026-03-16T13:41:05","guid":{"rendered":"https:\/\/dermaaestheticslondon.com\/?page_id=4746"},"modified":"2026-03-16T13:41:06","modified_gmt":"2026-03-16T13:41:06","slug":"anti-wrinkle-treatment-mayfair","status":"publish","type":"page","link":"https:\/\/dermaaestheticslondon.com\/tr\/anti-wrinkle-treatment-mayfair\/","title":{"rendered":"Mayfair K\u0131r\u0131\u015f\u0131kl\u0131k Kar\u015f\u0131t\u0131 Bak\u0131m"},"content":{"rendered":"<p><strong>Mayfair&#039;de k\u0131r\u0131\u015f\u0131kl\u0131k kar\u015f\u0131t\u0131 bak\u0131m<\/strong> \u0130nce \u00e7izgileri ve k\u0131r\u0131\u015f\u0131kl\u0131klar\u0131 azalt\u0131rken do\u011fal y\u00fcz ifadelerini korumak isteyenler i\u00e7in ideal bir cerrahi olmayan tedavi y\u00f6ntemidir.<\/p>\n\n\n\n<p>Ya\u015fland\u0131k\u00e7a, g\u00fcne\u015f \u0131\u015f\u0131\u011f\u0131na maruz kalma, stres ve tekrarlanan y\u00fcz hareketleri ka\u015f aras\u0131 \u00e7izgileri, al\u0131n \u00e7izgileri ve g\u00f6z \u00e7evresi k\u0131r\u0131\u015f\u0131kl\u0131klar\u0131n\u0131n olu\u015fmas\u0131na neden olabilir.&nbsp;<\/p>\n\n\n\n<p><a href=\"https:\/\/dermaaestheticslondon.com\/tr\/treatments\/anti-wrinkle-treatment\/\">K\u0131r\u0131\u015f\u0131kl\u0131k kar\u015f\u0131t\u0131 tedavi<\/a> Bu ince \u00e7izgileri yumu\u015fatmaya ve azaltmaya yard\u0131mc\u0131 olarak daha gen\u00e7 bir g\u00f6r\u00fcn\u00fcm kazanman\u0131z\u0131 sa\u011flar.<\/p>\n\n\n\n<p>Derma Aesthetics London&#039;da, uzman ekibimizin ellerinde olacaks\u0131n\u0131z. Bu ekipte estetik doktorlar\u0131 ve deneyimli uygulay\u0131c\u0131lar yer almaktad\u0131r.&nbsp;<\/p>\n\n\n\n<p>K\u0131r\u0131\u015f\u0131kl\u0131k kar\u015f\u0131t\u0131 tedavinizi, bireysel hedeflerinize g\u00f6re tasarl\u0131yoruz, b\u00f6ylece do\u011fal g\u00fczelli\u011finizi vurgulayan do\u011fal sonu\u00e7lar elde ediyorsunuz.&nbsp;<\/p>\n\n\n\n<p>K\u0131r\u0131\u015f\u0131kl\u0131k kar\u015f\u0131t\u0131 tedavilerin cildiniz konusunda kendinizi daha \u00f6zg\u00fcvenli hissetmenize nas\u0131l yard\u0131mc\u0131 olabilece\u011fi hakk\u0131nda daha fazla bilgi edinmek istiyorsan\u0131z, Mayfair yak\u0131nlar\u0131ndaki klini\u011fimizle ileti\u015fime ge\u00e7in.&nbsp;<\/p>\n\n\n\n<p><a href=\"https:\/\/dermaaestheticslondon.com\/tr\/contact\/\">DANI\u015eMA RANDEVUSU ALIN<\/a><\/p>\n\n\n\n<figure class=\"wp-block-image size-full\"><img decoding=\"async\" width=\"640\" height=\"640\" src=\"https:\/\/dermaaestheticslondon.com\/wordpress\/wp-content\/uploads\/2024\/01\/Vampire-Facial.jpeg\" alt=\"Anti-Wrinkle Treatment Mayfair\" class=\"wp-image-3721\" srcset=\"https:\/\/dermaaestheticslondon.com\/wordpress\/wp-content\/uploads\/2024\/01\/Vampire-Facial.jpeg 640w, https:\/\/dermaaestheticslondon.com\/wordpress\/wp-content\/uploads\/2024\/01\/Vampire-Facial-300x300.jpeg 300w, https:\/\/dermaaestheticslondon.com\/wordpress\/wp-content\/uploads\/2024\/01\/Vampire-Facial-150x150.jpeg 150w, https:\/\/dermaaestheticslondon.com\/wordpress\/wp-content\/uploads\/2024\/01\/Vampire-Facial-12x12.jpeg 12w\" sizes=\"(max-width: 640px) 100vw, 640px\" \/><\/figure>\n\n\n\n<h2 class=\"wp-block-heading\" id=\"about-chelsea\">K\u0131r\u0131\u015f\u0131kl\u0131k kar\u015f\u0131t\u0131 tedaviler nelerdir?<\/h2>\n\n\n\n<p>Ya\u015flanma hayat\u0131n olumlu bir par\u00e7as\u0131d\u0131r, ancak bazen \u00e7izgiler ve k\u0131r\u0131\u015f\u0131kl\u0131klar gibi ya\u015flanman\u0131n g\u00f6r\u00fcn\u00fcr belirtileri, istedi\u011fimizden \u00e7ok daha erken bir zamanda y\u00fcz\u00fcm\u00fczde ortaya \u00e7\u0131kar.&nbsp;<\/p>\n\n\n\n<p>E\u011fer bu durum sizin i\u00e7in de ge\u00e7erliyse, k\u0131r\u0131\u015f\u0131kl\u0131k kar\u015f\u0131t\u0131 tedavi veya k\u0131r\u0131\u015f\u0131kl\u0131k \u00f6nleyici enjeksiyonlar, y\u00fcz\u00fcn \u00e7e\u015fitli b\u00f6lgelerindeki ince \u00e7izgilerin g\u00f6r\u00fcn\u00fcm\u00fcn\u00fc azaltman\u0131n etkili bir yolunu sa\u011flayabilir.&nbsp;<\/p>\n\n\n\n<p>K\u0131r\u0131\u015f\u0131kl\u0131k \u00f6nleyici enjeksiyonlar, erkekler ve kad\u0131nlar i\u00e7in en pop\u00fcler ileri estetik uygulamalardan biridir.&nbsp;<\/p>\n\n\n\n<p>Bu i\u015flemde botulinum toksini ad\u0131 verilen bir madde kullan\u0131l\u0131r, bu nedenle bu tedaviye genellikle Botox denir.&nbsp;<\/p>\n\n\n\n<p>Y\u00fczdeki mimik \u00e7izgilerine neden olan belirli y\u00fcz kaslar\u0131n\u0131n kas\u0131lmas\u0131n\u0131 hedef alarak ge\u00e7ici olarak gev\u015fetmeye yard\u0131mc\u0131 olur.&nbsp;<\/p>\n\n\n\n<p>Do\u011fru \u015fekilde enjekte edildiklerinde y\u00fcz\u00fc dondurmazlar. Bunun yerine, \u00e7izgileri ve k\u0131r\u0131\u015f\u0131kl\u0131klar\u0131 yumu\u015fatarak p\u00fcr\u00fczs\u00fcz bir cilt ve do\u011fal g\u00f6r\u00fcn\u00fcml\u00fc sonu\u00e7lar sa\u011flarlar.&nbsp;<\/p>\n\n\n\n<h2 class=\"wp-block-heading\" id=\"how-do-anti-wrinkle-injections-work\">K\u0131r\u0131\u015f\u0131kl\u0131k \u00f6nleyici enjeksiyonlar nas\u0131l \u00e7al\u0131\u015f\u0131r?<\/h2>\n\n\n\n<h3 class=\"wp-block-heading\" id=\"initial-consultation\">\u0130lk g\u00f6r\u00fc\u015fme<\/h3>\n\n\n\n<p>K\u0131r\u0131\u015f\u0131kl\u0131k kar\u015f\u0131t\u0131 tedaviye ba\u015flamadan \u00f6nce, Mayfair yak\u0131nlar\u0131ndaki cilt klini\u011fimizde estetik doktorumuzla detayl\u0131 bir g\u00f6r\u00fc\u015fme yapacaks\u0131n\u0131z.&nbsp;<\/p>\n\n\n\n<p>Cilt tipinizi, cilt durumunuzu de\u011ferlendirecekler ve t\u0131bbi ge\u00e7mi\u015finize bakarak bu tedavi i\u00e7in uygun bir aday olman\u0131z\u0131 engelleyecek herhangi bir sa\u011fl\u0131k sorununuz olup olmad\u0131\u011f\u0131n\u0131 inceleyecekler.<\/p>\n\n\n\n<p>Tedavi i\u00e7in uygun oldu\u011funuz takdirde, cilt sorunlar\u0131n\u0131za y\u00f6nelik ve do\u011fal sonu\u00e7lar sa\u011flayacak \u00f6zel bir tedavi plan\u0131 geli\u015ftirece\u011fiz.&nbsp;<\/p>\n\n\n\n<h3 class=\"wp-block-heading\" id=\"your-anti-winkle-injections\">K\u0131r\u0131\u015f\u0131kl\u0131k \u00f6nleyici enjeksiyonlar\u0131n\u0131z<\/h3>\n\n\n\n<p>\u0130nce \u00e7izgilerin oldu\u011fu belirli tedavi alanlar\u0131na botulinum toksini enjekte etmek i\u00e7in \u00e7ok ince bir i\u011fne kullanaca\u011f\u0131z.<\/p>\n\n\n\n<p>\u00c7o\u011fu hasta k\u0131r\u0131\u015f\u0131kl\u0131k tedavisi i\u015fleminin olduk\u00e7a rahat oldu\u011funu s\u00f6yl\u00fcyor. \u0130\u011fne cilde girerken hafif bir batma ve bas\u0131n\u00e7 hissedebilirsiniz. Bu normaldir ve sadece birka\u00e7 saniye s\u00fcrer.<\/p>\n\n\n\n<p>\u0130\u011fnelere kar\u015f\u0131 hassasiyetiniz varsa, \u00f6ncelikle tedavi b\u00f6lgesine lokal uyu\u015fturucu krem uygulamay\u0131 g\u00f6r\u00fc\u015febiliriz. Bu, en az rahats\u0131zl\u0131k hissetmenizi sa\u011flayacakt\u0131r.&nbsp;<\/p>\n\n\n\n<h3 class=\"wp-block-heading\" id=\"after-your-anti-wrinkle-treatment\">K\u0131r\u0131\u015f\u0131kl\u0131k kar\u015f\u0131t\u0131 tedavinizden sonra&nbsp;<\/h3>\n\n\n\n<p>Tedavi seans\u0131 yakla\u015f\u0131k 30 dakika s\u00fcrer. \u0130yile\u015fme s\u00fcresi minimum d\u00fczeydedir ve \u00e7o\u011fu m\u00fc\u015fteri tedavilerinden sonra Londra merkezindeki i\u015flerine geri d\u00f6ner.&nbsp;<\/p>\n\n\n\n<p>Enjeksiyon b\u00f6lgeleri \u00f6n\u00fcm\u00fczdeki birka\u00e7 saat boyunca hafif k\u0131zarabilir veya \u015fi\u015febilir. Bu tamamen normaldir ve kendili\u011finden ge\u00e7ecektir.&nbsp;<\/p>\n\n\n\n<p>\u0130\u015flem yap\u0131lan b\u00f6lgede \u00f6n\u00fcm\u00fczdeki 24 saat i\u00e7inde hafif morarma da olu\u015fabilir, ancak doktorunuz bunun en aza indirilmesi i\u00e7in size bak\u0131m sonras\u0131 tavsiyelerde bulunacakt\u0131r.&nbsp;<\/p>\n\n\n\n<h2 class=\"wp-block-heading\" id=\"what-areas-can-you-have-anti-wrinkle-treatment-in\">K\u0131r\u0131\u015f\u0131kl\u0131k tedavisi hangi b\u00f6lgelere uygulanabilir?<\/h2>\n\n\n\n<p>Mayfair yak\u0131nlar\u0131ndaki klini\u011fimizde, k\u0131r\u0131\u015f\u0131kl\u0131k \u00f6nleyici enjeksiyonlar\u0131 en s\u0131k uygulad\u0131\u011f\u0131m\u0131z y\u00fcz b\u00f6lgeleri \u015funlard\u0131r:<\/p>\n\n\n\n<p>\u00b7 Al\u0131n \u00e7izgileri<\/p>\n\n\n\n<p>\u2022 Ka\u015f aras\u0131 \u00e7izgileri<\/p>\n\n\n\n<p>\u2022 G\u00f6z \u00e7evresindeki k\u0131r\u0131\u015f\u0131kl\u0131klar (kaz aya\u011f\u0131)<\/p>\n\n\n\n<p>\u2022 Burun kenar\u0131ndaki tav\u015fan \u00e7izgileri<\/p>\n\n\n\n<p>\u00b7 Kukla \u00e7izgileri<\/p>\n\n\n\n<p>K\u0131r\u0131\u015f\u0131kl\u0131k kar\u015f\u0131t\u0131 tedaviyi kullanarak da azaltabiliriz. <a href=\"https:\/\/dermaaestheticslondon.com\/tr\/gummy-smile\/\">di\u015f eti g\u00fcl\u00fcmsemesi<\/a>, <a href=\"https:\/\/dermaaestheticslondon.com\/tr\/eyebrow-lift\/\">ka\u015flar\u0131 kald\u0131rmak<\/a>, y\u00fcz\u00fcn\u00fcz\u00fc inceltin ve tedavi edin <a href=\"https:\/\/dermaaestheticslondon.com\/tr\/excessive-sweating\/\">a\u015f\u0131r\u0131 terleme<\/a> koltuk altlar\u0131nda.<\/p>\n\n\n\n<p>Cilt yenilenmesi ve ya\u015flanma kar\u015f\u0131t\u0131 faydalar i\u00e7in doktorlar\u0131m\u0131z, Botox&#039;u dermal dolgu maddeleri gibi di\u011fer tedavilerle birle\u015ftirmenizi \u00f6nerebilir.&nbsp;<\/p>\n\n\n\n<p>Bu konuyu g\u00f6r\u00fc\u015fmeniz s\u0131ras\u0131nda sizinle ele alaca\u011f\u0131z.&nbsp;<\/p>\n\n\n\n<h2 class=\"wp-block-heading\" id=\"anti-wrinkle-injection-results\">K\u0131r\u0131\u015f\u0131kl\u0131k \u00f6nleyici enjeksiyon sonu\u00e7lar\u0131<\/h2>\n\n\n\n<p>K\u0131r\u0131\u015f\u0131kl\u0131k \u00f6nleyici enjeksiyonlar\u0131n sonu\u00e7lar\u0131n\u0131n tamamen ortaya \u00e7\u0131kmas\u0131 iki haftaya kadar s\u00fcrebilir.&nbsp;<\/p>\n\n\n\n<p>\u00c7\u00fcnk\u00fc toksinin hedef al\u0131nan y\u00fcz kaslar\u0131n\u0131 gev\u015fetmesi ve ince \u00e7izgilerinizi ve k\u0131r\u0131\u015f\u0131kl\u0131klar\u0131n\u0131z\u0131 yumu\u015fatmas\u0131 zaman al\u0131r.&nbsp;<\/p>\n\n\n\n<p>\u0130ki haftan\u0131n ard\u0131ndan cildiniz daha p\u00fcr\u00fczs\u00fcz, daha canl\u0131 ve daha gen\u00e7 g\u00f6r\u00fcnecektir.&nbsp;<\/p>\n\n\n\n<p>Doktorlar\u0131m\u0131z ve uzmanlar\u0131m\u0131z enjeksiyonlu tedaviler konusunda ileri d\u00fczeyde e\u011fitim alm\u0131\u015flard\u0131r. Sonu\u00e7lar\u0131n y\u00fcz hatlar\u0131n\u0131zla uyumlu ve do\u011fal g\u00f6r\u00fcnmesini sa\u011flamak i\u00e7in hassas teknikler kullan\u0131rlar.<\/p>\n\n\n\n<p>Sonu\u00e7lar\u0131n\u0131z 3-4 ay s\u00fcrecektir. Baz\u0131 ki\u015filerde alt\u0131 aya kadar s\u00fcrebilir. Ancak bu, cilt durumunuza, kas g\u00fcc\u00fcn\u00fcze ve ya\u015fam tarz\u0131 se\u00e7imlerinize ba\u011fl\u0131 olacakt\u0131r.<\/p>\n\n\n\n<h2 class=\"wp-block-heading\" id=\"how-are-anti-wrinkle-injections-different-from-dermal-fillers\">K\u0131r\u0131\u015f\u0131kl\u0131k \u00f6nleyici enjeksiyonlar ile dermal dolgular aras\u0131ndaki fark nedir?<\/h2>\n\n\n\n<p>K\u0131r\u0131\u015f\u0131kl\u0131k \u00f6nleyici enjeksiyonlar ve dermal dolgular, ya\u015flanma kar\u015f\u0131t\u0131 faydalar\u0131 olan harika cilt tedavileridir. Ancak, her ikisi de farkl\u0131 \u015fekillerde \u00e7al\u0131\u015f\u0131r ve farkl\u0131 sonu\u00e7lar elde eder.&nbsp;<\/p>\n\n\n\n<h3 class=\"wp-block-heading\" id=\"dermal-fillers-vs-anti-wrinkle-injections\">Dermal dolgular ve k\u0131r\u0131\u015f\u0131kl\u0131k \u00f6nleyici enjeksiyonlar<\/h3>\n\n\n\n<p><a href=\"https:\/\/dermaaestheticslondon.com\/tr\/treatment-category\/dermal-fillers\/\">Dermal dolgular<\/a> Cilde hacim kazand\u0131rmak veya hacmi geri kazand\u0131rmak i\u00e7in hyaluronik asit i\u00e7eren jel benzeri bir madde kullan\u0131l\u0131r.&nbsp;<\/p>\n\n\n\n<p>Ayr\u0131ca y\u00fcz hatlar\u0131n\u0131 belirginle\u015ftirmeye, y\u00fcz konturlar\u0131n\u0131 iyile\u015ftirmeye ve derin \u00e7izgileri ve k\u0131r\u0131\u015f\u0131kl\u0131klar\u0131 yumu\u015fatmaya da yard\u0131mc\u0131 olabilirler.&nbsp;<\/p>\n\n\n\n<p>En yayg\u0131n dolgu t\u00fcrleri dudak dolgusu, yanak dolgusu, \u00e7ene dolgusu ve \u00e7ene hatt\u0131 dolgusudur.<\/p>\n\n\n\n<p>K\u0131r\u0131\u015f\u0131kl\u0131k kar\u015f\u0131t\u0131 tedaviler, g\u00fclerken, g\u00fcl\u00fcmserken veya ka\u015f \u00e7atarken olu\u015fan mimik \u00e7izgilerine neden olan y\u00fcz kaslar\u0131n\u0131 gev\u015fetmeye odaklan\u0131r. Hacim kazand\u0131rmaz veya derin k\u0131r\u0131\u015f\u0131kl\u0131klar\u0131 gidermez, bunun yerine ince \u00e7izgileri d\u00fczeltir.&nbsp;<\/p>\n\n\n\n<p>Bu iki geli\u015fmi\u015f y\u00f6ntem de \u00e7ok \u00e7e\u015fitli cilt tipleri i\u00e7in uygundur. Ayr\u0131ca di\u011fer tedavilerle birlikte de iyi sonu\u00e7 verebilirler.&nbsp;<\/p>\n\n\n\n<p>Derma Aesthetics London&#039;daki kons\u00fcltasyonunuz s\u0131ras\u0131nda, uzman ekibimiz istedi\u011finiz sonu\u00e7lara ula\u015fman\u0131za yard\u0131mc\u0131 olacak do\u011fru tedavi y\u00f6ntemini \u00f6nerecektir.&nbsp;<\/p>\n\n\n\n<h2 class=\"wp-block-heading\" id=\"why-choose-derma-aesthetics-london-for-anti-wrinkle-treatment-mayfair\">Mayfair&#039;de k\u0131r\u0131\u015f\u0131kl\u0131k tedavisi i\u00e7in neden Derma Aesthetics London&#039;\u0131 tercih etmelisiniz?<\/h2>\n\n\n\n<p>Derma Aesthetics London, Mayfair yak\u0131nlar\u0131nda doktorlar taraf\u0131ndan y\u00f6netilen bir estetik klini\u011fidir.&nbsp;<\/p>\n\n\n\n<p>Amac\u0131m\u0131z, en iyi sonu\u00e7lar\u0131 elde etmenizi sa\u011flamak i\u00e7in ki\u015fiselle\u015ftirilmi\u015f bak\u0131m ve en y\u00fcksek tedavi ve g\u00fcvenlik standartlar\u0131n\u0131 sunmakt\u0131r.&nbsp;<\/p>\n\n\n\n<p>Geli\u015fmi\u015f teknikler kullanarak k\u0131r\u0131\u015f\u0131kl\u0131k kar\u015f\u0131t\u0131 tedaviler uygulad\u0131\u011f\u0131m\u0131z ve do\u011fal y\u00fcz ifadelerinizi koruyarak gen\u00e7 bir g\u00f6r\u00fcn\u00fcm elde etmenizi sa\u011flad\u0131\u011f\u0131m\u0131z i\u00e7in hastalar\u0131m\u0131z bize g\u00fcveniyor.&nbsp;<\/p>\n\n\n\n<p>Ekibimiz her t\u00fcrl\u00fc cilt tipi ve cilt sorununa y\u00f6nelik tedaviler sunmaktad\u0131r. A\u015fa\u011f\u0131dakiler dahil olmak \u00fczere geni\u015f bir yelpazede cilt bak\u0131m\u0131 hizmeti sunuyoruz:<\/p>\n\n\n\n<p>\u00b7 &nbsp; &nbsp; &nbsp; <strong>Lazer tedavisi<\/strong> - i\u00e7ermek <a href=\"https:\/\/dermaaestheticslondon.com\/tr\/treatments\/co2-laser-treatment\/\">CO2 lazer<\/a><\/p>\n\n\n\n<p>\u00b7 &nbsp; &nbsp; &nbsp; <strong>Mikroi\u011fneleme <\/strong>- i\u00e7ermek <a href=\"https:\/\/dermaaestheticslondon.com\/tr\/treatments\/microneedling\/\">geleneksel mikroi\u011fneleme<\/a> Ve <a href=\"https:\/\/dermaaestheticslondon.com\/tr\/treatments\/vivace-radio-frequency-with-microneedling\/\">radyo frekansl\u0131 mikroi\u011fneleme<\/a><\/p>\n\n\n\n<p>\u00b7 &nbsp; &nbsp; &nbsp; <a href=\"https:\/\/dermaaestheticslondon.com\/tr\/treatment-category\/hair-treatments\/\"><strong>Sa\u00e7 bak\u0131m\u0131<\/strong><\/a> \u2013 Sa\u00e7 b\u00fcy\u00fcmesini te\u015fvik etmek ve sa\u00e7 d\u00f6k\u00fclmesini \u00f6nlemek i\u00e7in&nbsp;<\/p>\n\n\n\n<p>\u00b7 &nbsp; &nbsp; &nbsp; <strong>V\u00fccut ve y\u00fcz \u015fekillendirme tedavileri<\/strong> - \u00f6rne\u011fin <a href=\"https:\/\/dermaaestheticslondon.com\/tr\/treatment-category\/endolift\/\">Endolift<\/a><\/p>\n\n\n\n<p>Bug\u00fcn randevunuzu al\u0131n ve Mayfair&#039;deki uzman k\u0131r\u0131\u015f\u0131kl\u0131k kar\u015f\u0131t\u0131 tedavi hakk\u0131nda daha fazla bilgi edinin.&nbsp;<\/p>\n\n\n\n<p><a href=\"https:\/\/dermaaestheticslondon.com\/tr\/contact\/\">\u0130LET\u0130\u015e\u0130ME GE\u00c7\u0130N<\/a><\/p>\n\n\n\n<h2 class=\"wp-block-heading\" id=\"how-to-find-our-aesthetic-clinic-near-mayfair\">Mayfair yak\u0131nlar\u0131ndaki estetik klini\u011fimizi nas\u0131l bulabilirsiniz?<\/h2>\n\n\n\n<p>Derma Aesthetics London klini\u011fi, \u00f6zel sa\u011fl\u0131k hizmetleri ve estetik t\u0131p alan\u0131nda en iyi yerlerden biri olan Harley Street&#039;te bulunmaktad\u0131r.&nbsp;<\/p>\n\n\n\n<p>Londra merkezindeki klini\u011fimiz, Mayfair&#039;deki Bond Street&#039;e k\u0131sa bir y\u00fcr\u00fcy\u00fc\u015f mesafesindedir. Ayr\u0131ca Bakerloo, Victoria ve Central hatlar\u0131n\u0131n ge\u00e7ti\u011fi Oxford Circus metro istasyonuna da yak\u0131n\u0131z.&nbsp;<\/p>\n\n\n\n<p>E\u011fer arabayla seyahat ediyorsan\u0131z, Harley Caddesi&#039;nde bol miktarda \u00fccretli park yeri mevcuttur.&nbsp;<\/p>\n\n\n\n<h3 class=\"wp-block-heading\" id=\"address\">Adres<\/h3>\n\n\n\n<p>39 Harley Caddesi<br>Londra&nbsp;<br>W1G 8QH<\/p>\n\n\n<p><iframe src=\"https:\/\/www.google.com\/maps\/embed?pb=!1m14!1m8!1m3!1d9930.899153256332!2d-0.1468513!3d51.5182649!3m2!1i1024!2i768!4f13.1!3m3!1m2!1s0x487611e416322439%3A0xb84cf932b11cbe62!2sDerma%20Aesthetics%20London!5e0!3m2!1sen!2suk!4v1699790340707!5m2!1sen!2suk\" width=\"100%\" height=\"450\" style=\"border:0;\" allowfullscreen=\"\" loading=\"lazy\" referrerpolicy=\"no-referrer-when-downgrade\"><\/iframe><\/p>\n\n\n<h2 class=\"wp-block-heading\" id=\"about-mayfair-in-london\">Londra&#039;daki Mayfair hakk\u0131nda<\/h2>\n\n\n\n<p>Mayfair, Londra&#039;n\u0131n en se\u00e7kin semtlerinden biridir. Hyde Park, Green Park ve Grosvenor Square&#039;e yak\u0131nd\u0131r.&nbsp;<\/p>\n\n\n\n<p>B\u00f6lge ayn\u0131 zamanda, \u00fcst d\u00fczey moda butikleri ve l\u00fcks e\u015fya ma\u011fazalar\u0131yla bilinen \u00fcnl\u00fc Bond Caddesi&#039;ne de ev sahipli\u011fi yap\u0131yor.&nbsp;<\/p>\n\n\n\n<p>Mayfair&#039;de ayr\u0131ca Kraliyet Sanat Akademisi ve tarihi Berkeley Meydan\u0131 gibi \u00e7e\u015fitli k\u00fclt\u00fcrel simge yap\u0131lar da bulunmaktad\u0131r.<\/p>\n\n\n\n<p><\/p>","protected":false},"excerpt":{"rendered":"<p>Mayfair&#039;deki k\u0131r\u0131\u015f\u0131kl\u0131k kar\u015f\u0131t\u0131 tedavi, do\u011fal g\u00f6r\u00fcn\u00fcml\u00fc sonu\u00e7larla ince \u00e7izgilerin azalmas\u0131na yard\u0131mc\u0131 olabilir. Derma Aesthetics London&#039;da bug\u00fcn randevunuzu al\u0131n.<\/p>","protected":false},"author":4,"featured_media":3721,"parent":0,"menu_order":70,"comment_status":"closed","ping_status":"closed","template":"","meta":{"_gspb_post_css":"","pgc_sgb_lightbox_settings":"","footnotes":""},"class_list":["post-4746","page","type-page","status-publish","has-post-thumbnail","hentry"],"blocksy_meta":{"page_structure_type":"type-1","styles_descriptor":{"styles":{"desktop":"","tablet":"","mobile":""},"google_fonts":[],"version":6}},"_links":{"self":[{"href":"https:\/\/dermaaestheticslondon.com\/tr\/wp-json\/wp\/v2\/pages\/4746","targetHints":{"allow":["GET"]}}],"collection":[{"href":"https:\/\/dermaaestheticslondon.com\/tr\/wp-json\/wp\/v2\/pages"}],"about":[{"href":"https:\/\/dermaaestheticslondon.com\/tr\/wp-json\/wp\/v2\/types\/page"}],"author":[{"embeddable":true,"href":"https:\/\/dermaaestheticslondon.com\/tr\/wp-json\/wp\/v2\/users\/4"}],"replies":[{"embeddable":true,"href":"https:\/\/dermaaestheticslondon.com\/tr\/wp-json\/wp\/v2\/comments?post=4746"}],"version-history":[{"count":1,"href":"https:\/\/dermaaestheticslondon.com\/tr\/wp-json\/wp\/v2\/pages\/4746\/revisions"}],"predecessor-version":[{"id":4747,"href":"https:\/\/dermaaestheticslondon.com\/tr\/wp-json\/wp\/v2\/pages\/4746\/revisions\/4747"}],"wp:featuredmedia":[{"embeddable":true,"href":"https:\/\/dermaaestheticslondon.com\/tr\/wp-json\/wp\/v2\/media\/3721"}],"wp:attachment":[{"href":"https:\/\/dermaaestheticslondon.com\/tr\/wp-json\/wp\/v2\/media?parent=4746"}],"curies":[{"name":"wp","href":"https:\/\/api.w.org\/{rel}","templated":true}]}}