{"id":4876,"date":"2026-04-22T09:14:53","date_gmt":"2026-04-22T08:14:53","guid":{"rendered":"https:\/\/dermaaestheticslondon.com\/?page_id=4876"},"modified":"2026-04-22T09:14:54","modified_gmt":"2026-04-22T08:14:54","slug":"biofiller-london","status":"publish","type":"page","link":"https:\/\/dermaaestheticslondon.com\/tr\/biofiller-london\/","title":{"rendered":"BioFiller Londra"},"content":{"rendered":"<p>Y\u00fcz\u00fcn\u00fczdeki hacmi geri kazanmak ve cildinizi do\u011fal yollarla gen\u00e7le\u015ftirmek mi istiyorsunuz? Derma Aesthetics London&#039;daki cilt uzmanlar\u0131yla g\u00f6r\u00fc\u015f\u00fcn. <strong>Londra&#039;da BioFiller<\/strong>.<\/p>\n\n\n\n<p>Geleneksel dermal dolgu maddelerinin aksine,<a href=\"https:\/\/dermaaestheticslondon.com\/tr\/treatments\/biofiller\/\"> Biyodolgu maddesi tedavisi<\/a> Cilt kalitesini art\u0131rmak ve cilt dokusunu iyile\u015ftirmek i\u00e7in kendi kan plazman\u0131z\u0131 kullan\u0131r.<\/p>\n\n\n\n<p>Y\u00fcz hatlar\u0131n\u0131z\u0131 \u015fekillendirmek, ince \u00e7izgileri yumu\u015fatmak ve daha gen\u00e7 bir g\u00f6r\u00fcn\u00fcm elde etmek i\u00e7in do\u011fal bir alternatif sunar.<\/p>\n\n\n\n<p>Kendi kan\u0131n\u0131z, trombosit a\u00e7\u0131s\u0131ndan zengin plazma ve b\u00fcy\u00fcme fakt\u00f6rleri bak\u0131m\u0131ndan zengin do\u011fal bir dolgu maddesi olu\u015fturmaya yard\u0131mc\u0131 olur. Bu, zamanla kolajen \u00fcretimini uyar\u0131r, bu da cilt elastikiyetini art\u0131r\u0131r ve daha s\u0131k\u0131 ve daha parlak bir cilde yol a\u00e7ar.<\/p>\n\n\n\n<p>Derma Aesthetics London&#039;da, deneyimli t\u0131p doktorlar\u0131m\u0131z ve uzmanlar\u0131m\u0131zdan olu\u015fan ekibimiz, cilt sorunlar\u0131n\u0131za ve ihtiya\u00e7lar\u0131n\u0131za \u00f6zel olarak uyarlanm\u0131\u015f biyolojik dolgu uygulamalar\u0131 sunmaktad\u0131r.<\/p>\n\n\n\n<p>Londra&#039;daki klini\u011fimiz, ileri d\u00fczey y\u00fcz gen\u00e7le\u015ftirme tedavilerinde uzmanla\u015fm\u0131\u015ft\u0131r. Minimum iyile\u015fme s\u00fcresi gerektiren ve do\u011fal g\u00f6r\u00fcn\u00fcml\u00fc sonu\u00e7lar elde etmenize yard\u0131mc\u0131 olan g\u00fcvenli ve etkili cilt tedavileri sunmaya odaklan\u0131yoruz.&nbsp;<\/p>\n\n\n\n<p>Cilt kalitenizi iyile\u015ftirme yolculu\u011funuza bug\u00fcn ki\u015fiselle\u015ftirilmi\u015f bir kons\u00fcltasyon randevusu alarak ba\u015flay\u0131n.&nbsp;<\/p>\n\n\n\n<p>Uzmanlar\u0131m\u0131z, sizin ve estetik hedefleriniz i\u00e7in do\u011fru tedavi se\u00e7ene\u011fi konusunda size rehberlik edecektir.<\/p>\n\n\n\n<p><a href=\"https:\/\/dermaaestheticslondon.com\/tr\/contact\/\">DANI\u015eMA RANDEVUSU ALIN<\/a><\/p>\n\n\n\n<figure class=\"wp-block-image size-full\"><img decoding=\"async\" width=\"667\" height=\"667\" src=\"https:\/\/dermaaestheticslondon.com\/wordpress\/wp-content\/uploads\/2024\/01\/hifu-skin-tightening.webp\" alt=\"Non-Surgical Facelift Mayfair\" class=\"wp-image-1399\" srcset=\"https:\/\/dermaaestheticslondon.com\/wordpress\/wp-content\/uploads\/2024\/01\/hifu-skin-tightening.webp 667w, https:\/\/dermaaestheticslondon.com\/wordpress\/wp-content\/uploads\/2024\/01\/hifu-skin-tightening-300x300.webp 300w, https:\/\/dermaaestheticslondon.com\/wordpress\/wp-content\/uploads\/2024\/01\/hifu-skin-tightening-150x150.webp 150w\" sizes=\"(max-width: 667px) 100vw, 667px\" \/><\/figure>\n\n\n\n<h2 class=\"wp-block-heading\" id=\"about-mayfair-in-london\">Biyodolgu maddesi nedir?<\/h2>\n\n\n\n<p>Dudak dolgusu, \u00e7ene dolgusu ve yanak dolgusu gibi geleneksel dolgular hakk\u0131nda muhtemelen \u00e7ok \u015fey duymu\u015fsunuzdur, ancak biyolojik dolgu tedavisi hakk\u0131nda daha az \u015fey bilinmektedir.<\/p>\n\n\n\n<p>Plazma jeli olarak da bilinen biyodolgu maddesi, en h\u0131zl\u0131 b\u00fcy\u00fcyen cilt yenileme tedavilerinden biridir.<\/p>\n\n\n\n<p>Y\u00fczdeki hacmi geri kazand\u0131rmak ve cilt kalitesini iyile\u015ftirmek i\u00e7in kendi kan\u0131n\u0131zdan al\u0131nan k\u00fc\u00e7\u00fck bir \u00f6rnek kullan\u0131larak do\u011fal bir dolgu maddesi olu\u015fturulur.<\/p>\n\n\n\n<p>Sentetik dermal dolgu maddelerinin aksine, Bio Filler daha do\u011fal bir tedavi y\u00f6ntemidir. Kan\u0131n\u0131z\u0131 i\u015fleyerek trombosit a\u00e7\u0131s\u0131ndan zengin plazmay\u0131 ve b\u00fcy\u00fcme fakt\u00f6rlerini \u00e7\u0131kar\u0131yoruz ve do\u011fal bir dolgu jeli olu\u015fturmak i\u00e7in bunu hafif\u00e7e \u0131s\u0131t\u0131yoruz.<\/p>\n\n\n\n<p>Kendi kan plazman\u0131z\u0131 kulland\u0131\u011f\u0131 i\u00e7in alerjik reaksiyon veya olumsuz yan etki riski \u00e7ok daha d\u00fc\u015f\u00fckt\u00fcr.<\/p>\n\n\n\n<p>BioFiller tedavisi, hacmi geri kazand\u0131rmaya, cilt elastikiyetini art\u0131rmaya ve doku onar\u0131m\u0131n\u0131 ve kolajen \u00fcretimini desteklemeye yard\u0131mc\u0131 olur. Sonu\u00e7 olarak, uzun vadeli cilt gen\u00e7le\u015fmesi g\u00f6zlemlenir.<\/p>\n\n\n\n<h2 class=\"wp-block-heading\" id=\"what-does-biofiller-treat\">BioFiller ne t\u00fcr rahats\u0131zl\u0131klar\u0131 tedavi eder?<\/h2>\n\n\n\n<p>BioFiller tedavisi, cilt ya\u015flanmas\u0131yla ilgili bir\u00e7ok farkl\u0131 cilt sorununu hedefleyebilir, bunlar aras\u0131nda \u015funlar yer al\u0131r:<\/p>\n\n\n\n<p>\u2022 \u00c7ukur yanaklar ve nazolabial k\u0131vr\u0131mlar (burundan a\u011f\u0131za do\u011fru uzanan \u00e7izgiler)<\/p>\n\n\n\n<p>\u2022 G\u00f6z alt\u0131 morluklar\u0131 (g\u00f6z alt\u0131 \u00e7ukurlar\u0131)<\/p>\n\n\n\n<p>\u2022 Yanaklarda, \u015fakaklarda ve \u00e7ene hatt\u0131nda hacim kayb\u0131<\/p>\n\n\n\n<p>\u2022 \u0130nce \u00e7izgileri ve k\u0131r\u0131\u015f\u0131kl\u0131klar\u0131 azalt\u0131r<\/p>\n\n\n\n<p>\u2022 Cilt s\u0131k\u0131l\u0131\u011f\u0131n\u0131 art\u0131rmak ve cilt dokusunu iyile\u015ftirmek i\u00e7in kolajen \u00fcretimini uyar\u0131r.<\/p>\n\n\n\n<p>\u2022 El, boyun ve dekolte b\u00f6lgesindeki ince ve k\u0131r\u0131\u015f\u0131k cildi gen\u00e7le\u015ftirir.<\/p>\n\n\n\n<p>\u2022 Cilde nem verir ve do\u011fal bir \u0131\u015f\u0131lt\u0131 kazand\u0131r\u0131r.<\/p>\n\n\n\n<p>\u2022 G\u00fcne\u015f hasar\u0131ndan kaynaklanan koyu lekelerin tedavisi de dahil olmak \u00fczere cilt tonunu iyile\u015ftirebilir.<\/p>\n\n\n\n<p>Sentetik dolgu maddeleri kullanmadan p\u00fcr\u00fczs\u00fcz ve yenilenmi\u015f bir cilde sahip olmak isteyen hastalara Bio Filler&#039;\u0131 \u00f6neriyoruz.<\/p>\n\n\n\n<h2 class=\"wp-block-heading\" id=\"is-biofiller-an-alternative-to-dermal-fillers\">BioFiller, dermal dolgu maddelerine bir alternatif midir?<\/h2>\n\n\n\n<p>Evet, Bio Filler, dermal dolgu maddelerine do\u011fal bir alternatiftir. Cilt bak\u0131m\u0131 uygulamalar\u0131nda daha do\u011fal bir yakla\u015f\u0131m\u0131 tercih eden hastalar i\u00e7in en iyi sonucu verir.<\/p>\n\n\n\n<p>Geleneksel<a href=\"https:\/\/dermaaestheticslondon.com\/tr\/treatment-category\/dermal-fillers\/\"> dermal dolgu maddeleri<\/a> Genellikle hyaluronik asit veya cildi nemlendirmeye ve an\u0131nda hacim kazand\u0131rmaya yard\u0131mc\u0131 olan ba\u015fka bir madde i\u00e7erirler.<\/p>\n\n\n\n<p>Dermal dolgular cilde hafif bir dolgunluk ve s\u0131k\u0131la\u015ft\u0131rma etkisi sa\u011flar, ancak dolgu g\u00f6revi g\u00f6ren do\u011fal bir madde kullanmak istiyorsan\u0131z, Biyo Dolgular cildi p\u00fcr\u00fczs\u00fczle\u015ftirmek ve daha derin doku yenilenmesi sa\u011flamak i\u00e7in kendi kan\u0131n\u0131z\u0131 kullan\u0131r. Sentetik dolgular bu fayday\u0131 sunmaz.<\/p>\n\n\n\n<p>BioFiller tedavisi, alerjik reaksiyon ve v\u00fccut taraf\u0131ndan reddedilme riskinin minimum d\u00fczeyde olmas\u0131 nedeniyle hassas cilde sahip ki\u015filer i\u00e7in bile uygundur.<\/p>\n\n\n\n<p>Hacmi geri kazand\u0131ran, kolajen \u00fcretimini destekleyen ve zamanla cildinizi yenileyen bir gen\u00e7le\u015ftirme tedavisi istiyorsan\u0131z, Bio Filler tam size g\u00f6re.<\/p>\n\n\n\n<h2 class=\"wp-block-heading\" id=\"the-benefits-of-biofiller-treatment\">BioFiller uygulamas\u0131n\u0131n faydalar\u0131<\/h2>\n\n\n\n<p>BioFiller uygulamas\u0131n\u0131n ba\u015fl\u0131ca faydalar\u0131 \u015funlard\u0131r:<\/p>\n\n\n\n<p>\u2022 Az miktarda kan \u00f6rne\u011fi ve kendi plazmas\u0131 kullan\u0131larak elde edilen do\u011fal dolgu maddesi<\/p>\n\n\n\n<p>\u2022 Alerjik reaksiyon riski minimum d\u00fczeydedir.<\/p>\n\n\n\n<p>\u2022 Cildin derin katmanlar\u0131nda kolajen \u00fcretimini uyar\u0131r.<\/p>\n\n\n\n<p>\u2022 Cilt elastikiyetini art\u0131r\u0131r ve gen\u00e7 bir g\u00f6r\u00fcn\u00fcm kazand\u0131r\u0131r.<\/p>\n\n\n\n<p>\u2022 Cilt kalitesini ve dokusunu iyile\u015ftirir.<\/p>\n\n\n\n<p>\u2022 Uzun vadeli cilt yenilenmesini destekler<\/p>\n\n\n\n<p>\u2022 Minimum iyile\u015fme s\u00fcresi (hafif \u015fi\u015flik ve k\u0131zar\u0131kl\u0131k g\u00f6r\u00fclebilir)<\/p>\n\n\n\n<p>Bir\u00e7ok hasta baz\u0131 sonu\u00e7lar\u0131 hemen fark eder. Bunlar aras\u0131nda hacim art\u0131\u015f\u0131 ve y\u00fcz hatlar\u0131n\u0131n belirginle\u015fmesi yer al\u0131r.<\/p>\n\n\n\n<p>\u00d6n\u00fcm\u00fczdeki haftalar ve aylarda, erken d\u00f6nem kolajen \u00fcretimi ba\u015flad\u0131k\u00e7a, hastalar daha s\u0131k\u0131, p\u00fcr\u00fczs\u00fcz ve daha parlak bir cilde kavu\u015facaklar.<\/p>\n\n\n\n<h2 class=\"wp-block-heading\" id=\"how-does-biofiller-treatment-work\">BioFiller uygulamas\u0131 nas\u0131l \u00e7al\u0131\u015f\u0131r?<\/h2>\n\n\n\n<p>BioFiller tedaviniz, Londra klini\u011fimizde yap\u0131lacak ilk kons\u00fcltasyonla ba\u015flayacakt\u0131r.<\/p>\n\n\n\n<p>Bu randevu s\u0131ras\u0131nda, cilt tipinizi, cilt durumunuzu ve cilt sorunlar\u0131n\u0131z\u0131 de\u011ferlendirecek olan Dr. Raja ile g\u00f6r\u00fc\u015feceksiniz. Bu de\u011ferlendirme sonucunda, en iyi sonu\u00e7lar\u0131 alman\u0131z\u0131 sa\u011flamak i\u00e7in ki\u015fiselle\u015ftirilmi\u015f bir tedavi plan\u0131 geli\u015ftirecektir.<\/p>\n\n\n\n<p>BioFiller i\u015fleminiz \u015funlar\u0131 i\u00e7erecektir:<\/p>\n\n\n\n<p>1. Kolunuzdan k\u00fc\u00e7\u00fck bir kan \u00f6rne\u011fi al\u0131yoruz.<\/p>\n\n\n\n<p>2. Kan \u00f6rne\u011finiz, trombosit a\u00e7\u0131s\u0131ndan zengin plazma ve b\u00fcy\u00fcme fakt\u00f6rlerini ay\u0131rmak i\u00e7in santrif\u00fcje yerle\u015ftirilecektir.<\/p>\n\n\n\n<p>3. Kendi plazman\u0131z nazik\u00e7e \u0131s\u0131t\u0131l\u0131p so\u011futularak do\u011fal bir jel dolgu maddesi olu\u015fturulur.<\/p>\n\n\n\n<p>4. Dr. Raja, rahats\u0131zl\u0131\u011f\u0131 en aza indirmek i\u00e7in enjeksiyon b\u00f6lgelerine lokal uyu\u015fturucu krem uygulayacakt\u0131r.<\/p>\n\n\n\n<p>5. Biyolojik dolgu maddesini enjekte etmek i\u00e7in \u00e7ok ince bir i\u011fne kullanaca\u011f\u0131z.<\/p>\n\n\n\n<p>6. E\u015fit da\u011f\u0131l\u0131m\u0131 sa\u011flamak i\u00e7in i\u015flem uygulanan b\u00f6lgeye nazik\u00e7e masaj yapaca\u011f\u0131z.<\/p>\n\n\n\n<h3 class=\"wp-block-heading\" id=\"after-your-biofiller-treatment\">BioFiller uygulaman\u0131zdan sonra<\/h3>\n\n\n\n<p>Enjeksiyon b\u00f6lgelerinde hafif \u015fi\u015flik ve k\u0131zar\u0131kl\u0131k g\u00f6rebilirsiniz. Bu tamamen normaldir ve 24-48 saat i\u00e7inde ge\u00e7ecektir.<\/p>\n\n\n\n<p>En iyi sonu\u00e7lar\u0131 g\u00f6rmek i\u00e7in size \u015funlar\u0131 tavsiye ederiz:<\/p>\n\n\n\n<p>\u2022 \u0130\u015flem uygulanan b\u00f6lgeye 24 saat boyunca masaj yapmay\u0131n veya dokunmay\u0131n.<\/p>\n\n\n\n<p>\u2022 24-48 saat boyunca alkol t\u00fcketmeyin.<\/p>\n\n\n\n<p>\u2022 48 saat boyunca g\u00fcne\u015f \u0131\u015f\u0131\u011f\u0131na ve do\u011frudan \u0131s\u0131ya (sauna ve buhar odalar\u0131) maruz kalmaktan ka\u00e7\u0131n\u0131n.<\/p>\n\n\n\n<p>\u2022 24-48 saat boyunca a\u011f\u0131r egzersiz yapmay\u0131n.<\/p>\n\n\n\n<h2 class=\"wp-block-heading\" id=\"how-many-sessions-of-biofiller-do-i-need\">BioFiller tedavisi i\u00e7in ka\u00e7 seansa ihtiyac\u0131m var?<\/h2>\n\n\n\n<p>\u0130htiya\u00e7 duyaca\u011f\u0131n\u0131z seans say\u0131s\u0131, ya\u015fad\u0131\u011f\u0131n\u0131z hacim kayb\u0131n\u0131n miktar\u0131na ve estetik hedeflerinize ba\u011fl\u0131 olacakt\u0131r.<\/p>\n\n\n\n<p>\u00c7o\u011fu hasta tek bir tedavi seans\u0131ndan sonra ciltlerinde g\u00f6zle g\u00f6r\u00fcl\u00fcr iyile\u015fmeler g\u00f6rmeye ba\u015flar.<\/p>\n\n\n\n<p>Ancak en iyi sonu\u00e7lar\u0131 g\u00f6rmek i\u00e7in Dr. Raja, 4-6 hafta arayla 2-3 seansl\u0131k bir tedavi k\u00fcr\u00fc \u00f6nerebilir. Bu, cildinizin iyile\u015fmesi ve yeni kolajen olu\u015fmas\u0131 i\u00e7in zaman tan\u0131r.<\/p>\n\n\n\n<p>Baz\u0131 hastalar, ciltlerinin uzun s\u00fcre parlak ve sa\u011fl\u0131kl\u0131 kalmas\u0131n\u0131 sa\u011flamak i\u00e7in 6-12 ayda bir yap\u0131lan bak\u0131m tedavilerinden fayda g\u00f6rebilirler.<\/p>\n\n\n\n<h2 class=\"wp-block-heading\" id=\"biofiller-results\">BioFiller sonu\u00e7lar\u0131<\/h2>\n\n\n\n<p>\u0130\u015flemden hemen sonra y\u00fcz hatlar\u0131n\u0131zda an\u0131nda hacim ve \u015fekillenme g\u00f6receksiniz.<\/p>\n\n\n\n<p>\u00d6n\u00fcm\u00fczdeki birka\u00e7 hafta i\u00e7inde, kendi plazman\u0131zdaki b\u00fcy\u00fcme fakt\u00f6rleri kolajen \u00fcretimini ve doku onar\u0131m\u0131n\u0131 uyaracakt\u0131r. Bu, cilt dokunuzda ve genel cilt kalitenizde iyile\u015fmelere yol a\u00e7maya ba\u015flayacakt\u0131r.<\/p>\n\n\n\n<p>BioFiller tedavisinin sonu\u00e7lar\u0131n\u0131n 6-12 ay s\u00fcrmesini bekleyebilirsiniz. Bu s\u00fcre, tedavi uygulanan b\u00f6lgeye ve v\u00fccudunuzun dolgu maddesini ne kadar h\u0131zl\u0131 par\u00e7alad\u0131\u011f\u0131na ba\u011fl\u0131 olacakt\u0131r.<\/p>\n\n\n\n<h2 class=\"wp-block-heading\" id=\"book-your-consultation-for-biofiller-london-with-derma-aesthetics-london\">Londra&#039;da BioFiller uygulamas\u0131 i\u00e7in Derma Aesthetics London&#039;dan randevu al\u0131n.<\/h2>\n\n\n\n<p>Cilt gen\u00e7le\u015ftirme konusunda daha do\u011fal bir yakla\u015f\u0131m istiyorsan\u0131z, Londra&#039;daki Derma Aesthetics London&#039;da uygulanan BioFiller tedavisi harika bir se\u00e7enektir.<\/p>\n\n\n\n<p>Dr. Raja, y\u00fcz anatomisi ve yap\u0131s\u0131 konusunda geni\u015f bilgiye sahip deneyimli bir estetik doktorudur. Bu sayede, do\u011fal g\u00f6r\u00fcn\u00fcml\u00fc sonu\u00e7lar elde etmenize yard\u0131mc\u0131 olmak i\u00e7in BioFiller&#039;\u0131 do\u011fru noktalara ve derinliklere enjekte eder.<\/p>\n\n\n\n<p>Hedeflenen b\u00f6lgelerdeki hacim kayb\u0131n\u0131 gidermek ve cilt dokusunu ve tonunu iyile\u015ftirmek i\u00e7in size \u00f6zel bir tedavi plan\u0131 olu\u015fturmak \u00fczere sizinle birlikte \u00e7al\u0131\u015facakt\u0131r.<\/p>\n\n\n\n<p>Amac\u0131m\u0131z, daha din\u00e7 bir g\u00f6r\u00fcn\u00fcme kavu\u015fman\u0131za ve kendinizi en iyi \u015fekilde hissetmenize yard\u0131mc\u0131 olmakt\u0131r.<\/p>\n\n\n\n<p><a href=\"https:\/\/dermaaestheticslondon.com\/tr\/contact\/\">\u0130LET\u0130\u015e\u0130ME GE\u00c7\u0130N<\/a><\/p>\n\n\n\n<h2 class=\"wp-block-heading\" id=\"how-to-find-our-london-clinic\">Londra klini\u011fimizi nas\u0131l bulabilirsiniz?<\/h2>\n\n\n\n<p>Derma Aesthetics London klini\u011fi, \u00f6zel sa\u011fl\u0131k hizmetleri ve estetik t\u0131p alan\u0131nda en iyi yerlerden biri olan Harley Street&#039;te bulunmaktad\u0131r.&nbsp;<\/p>\n\n\n\n<p>Londra merkezindeki klini\u011fimiz, Mayfair&#039;deki Bond Street&#039;e k\u0131sa bir y\u00fcr\u00fcy\u00fc\u015f mesafesindedir. Ayr\u0131ca Bakerloo, Victoria ve Central hatlar\u0131n\u0131n ge\u00e7ti\u011fi Oxford Circus metro istasyonuna da yak\u0131n\u0131z.&nbsp;<\/p>\n\n\n\n<p>E\u011fer arabayla seyahat ediyorsan\u0131z, Harley Caddesi&#039;nde bol miktarda \u00fccretli park yeri mevcuttur.&nbsp;<\/p>\n\n\n\n<h3 class=\"wp-block-heading\" id=\"address\">Adres<\/h3>\n\n\n\n<p>39 Harley Caddesi<br>Londra&nbsp;<br>W1G 8QH<\/p>\n\n\n<p><iframe src=\"https:\/\/www.google.com\/maps\/embed?pb=!1m14!1m8!1m3!1d9930.899153256332!2d-0.1468513!3d51.5182649!3m2!1i1024!2i768!4f13.1!3m3!1m2!1s0x487611e416322439%3A0xb84cf932b11cbe62!2sDerma%20Aesthetics%20London!5e0!3m2!1sen!2suk!4v1699790340707!5m2!1sen!2suk\" width=\"100%\" height=\"450\" style=\"border:0;\" allowfullscreen=\"\" loading=\"lazy\" referrerpolicy=\"no-referrer-when-downgrade\"><\/iframe><\/p>","protected":false},"excerpt":{"rendered":"<p>Y\u00fcz\u00fcn\u00fczdeki hacmi geri kazanmak ve cildinizi do\u011fal yollarla gen\u00e7le\u015ftirmek mi istiyorsunuz? Londra&#039;daki Derma Aesthetics London&#039;daki cilt uzmanlar\u0131yla BioFiller hakk\u0131nda konu\u015fun.<\/p>","protected":false},"author":4,"featured_media":1399,"parent":0,"menu_order":70,"comment_status":"closed","ping_status":"closed","template":"","meta":{"_gspb_post_css":"","pgc_sgb_lightbox_settings":"","footnotes":""},"class_list":["post-4876","page","type-page","status-publish","has-post-thumbnail","hentry"],"blocksy_meta":{"page_structure_type":"type-1","styles_descriptor":{"styles":{"desktop":"","tablet":"","mobile":""},"google_fonts":[],"version":6}},"_links":{"self":[{"href":"https:\/\/dermaaestheticslondon.com\/tr\/wp-json\/wp\/v2\/pages\/4876","targetHints":{"allow":["GET"]}}],"collection":[{"href":"https:\/\/dermaaestheticslondon.com\/tr\/wp-json\/wp\/v2\/pages"}],"about":[{"href":"https:\/\/dermaaestheticslondon.com\/tr\/wp-json\/wp\/v2\/types\/page"}],"author":[{"embeddable":true,"href":"https:\/\/dermaaestheticslondon.com\/tr\/wp-json\/wp\/v2\/users\/4"}],"replies":[{"embeddable":true,"href":"https:\/\/dermaaestheticslondon.com\/tr\/wp-json\/wp\/v2\/comments?post=4876"}],"version-history":[{"count":1,"href":"https:\/\/dermaaestheticslondon.com\/tr\/wp-json\/wp\/v2\/pages\/4876\/revisions"}],"predecessor-version":[{"id":4877,"href":"https:\/\/dermaaestheticslondon.com\/tr\/wp-json\/wp\/v2\/pages\/4876\/revisions\/4877"}],"wp:featuredmedia":[{"embeddable":true,"href":"https:\/\/dermaaestheticslondon.com\/tr\/wp-json\/wp\/v2\/media\/1399"}],"wp:attachment":[{"href":"https:\/\/dermaaestheticslondon.com\/tr\/wp-json\/wp\/v2\/media?parent=4876"}],"curies":[{"name":"wp","href":"https:\/\/api.w.org\/{rel}","templated":true}]}}